{"id":15362,"date":"2018-05-14T00:00:00","date_gmt":"2018-05-13T22:00:00","guid":{"rendered":"https:\/\/www.fidealis.com\/industrial-property"},"modified":"2020-04-13T15:45:21","modified_gmt":"2020-04-13T13:45:21","slug":"industrial-property","status":"publish","type":"page","link":"https:\/\/beta.fidealis.com\/en\/intellectual-property\/industrial-property\/","title":{"rendered":"Industrial property law"},"content":{"rendered":"\n    <section class=\"cover imagebg text-center height-60 section--ken-burns\" data-overlay=\"4\">\n        <div class=\"background-image-holder\"><img alt=\"\" src=\"https:\/\/beta.fidealis.com\/wp-content\/uploads\/2018\/06\/prot\u00e9ger-cr\u00e9ations-industriels.jpg\"><\/div>\n        <div class=\"container pos-vertical-center\">\n            <div class=\"row\">\n                <div class=\"col-sm-8 col-md-9\">\n                    \n                        <h1>Industrial property rights<\/h1>\n                    \n                <\/div>\n            <\/div>\n            <!--end of row-->\n        <\/div>\n        <!--end of container-->\n    <\/section>\n    <section class=\"bg--secondary space--xxs\">\n        <div class=\"container\">\n            <div class=\"row\">\n                <div class=\"cta cta--horizontal text-center-xs\">\n                    <div class=\"col-sm-4\">\n                        <h4>Registration from 95\u20ac<\/h4>\n                    <\/div>\n                    <div class=\"col-sm-5\">\n                        <p class=\"lead\">The ideal solution for industrial property rights<\/p>\n                    <\/div>\n                    <div class=\"col-sm-3 text-right text-center-xs\">\n                        <a title=\"\" class=\"btn btn--primary type--uppercase\" href=\"https:\/\/beta.fidealis.com\/en\/qui-sommes-nous\/contactez-nous\/\" target=\"\" rel=\"\"> <span class=\"btn__text\">contact ME<\/span> <\/a>\n                    <\/div>\n                <\/div>\n            <\/div>\n            <!--end of row-->\n        <\/div>\n        <!--end of container-->\n    <\/section>\n    <section class=\"switchable feature-large  space--xxs text-justify\">\n        <div class=\"container\">\n            <div class=\"row\">\n                <div class=\"col-sm-6 col-md-6\">\n                    <div class=\"switchable__text\">\n                        <p class=\"lead\"><span style=\"color: #000000;\"><span style=\"font-weight: 400;\">Industrial property is one of the two branches of <a href=\"https:\/\/beta.fidealis.com\/en\/propriete-intellectuelle\/\">intellectual property<\/a>. The purpose of industrial property law is to protect inventions and industrial or commercial creative work. Industrial property has become a key economic and strategic tool for any economic player.<\/span><\/span>\n                        <\/p>\n                        <h2><span style=\"font-weight: 400;\">Industrial property: <span style=\"color: #e03a2b;\">Definition<\/span><\/span>\n                        <\/h2>\n                        <p class=\"lead\"><span style=\"color: #000000;\">In France, industrial property rights guarantee their holder a monopoly on exploitation. Patents are for technical inventions, designs for aesthetic creations and trademarks or geographical indications for distinctive signs.<\/span><\/p>\n                    <\/div>\n                <\/div>\n                <div class=\"col-sm-5\">\n                    <div class=\"boxed boxed--lg boxed--border\">\n                        <div class=\"feature feature-2\"> <i class=\"icon color--primary icon-Libra-2\"><\/i>\n                            <div class=\"feature__body\">\n                                <h5>Evidence recognized by courts<\/h5>\n                                <p>Recognized by the courts the world over.<\/p>\n                            <\/div>\n                        <\/div>\n                        <!--end feature-->\n                        <div class=\"feature feature-2\"> <i class=\"icon color--primary icon-Security-Check\"><\/i>\n                            <div class=\"feature__body\">\n                                <h5>Affidavit valid for life<\/h5>\n                                <p>You will have evidence for life.<\/p>\n                            <\/div>\n                        <\/div>\n                        <div class=\"feature feature-2\"> <i class=\"icon color--primary icon-Font-Window\"><\/i>\n                            <div class=\"feature__body\">\n                                <h5>Registration valid in 11 languages<\/h5>\n                                <p>Your registration is available in French, English, Italian, Chinese, German, Portuguese, Arabic, Spanish, Korean, Japanese, and Russian.<\/p>\n                            <\/div>\n                        <\/div>\n                        <!--end feature-->\n                        <div class=\"feature feature-2\"> <i class=\"icon color--primary icon-Windows-2\"><\/i>\n                            <div class=\"feature__body\">\n                                <h5>Affidavits available 24\/7<\/h5>\n                                <p>Receipt of registration available online 24\/7.<\/p>\n                            <\/div>\n                        <\/div>\n                        <!--end feature-->\n                    <\/div>\n                <\/div>\n            <\/div>\n            <!--end of row-->\n        <\/div>\n        <!--end of container-->\n    <\/section>\n    <section class=\"bg--secondary text-center space--xxs\">\n        <div class=\"container\">\n            <div class=\"row\">\n                <div class=\"col-sm-12\">\n                    <h2 class=\"addtoppad\">Fidealis, your partner in protecting your industrial property<\/h2>\n                <\/div>\n            <\/div>\n            <!--end of row-->\n        <\/div>\n        <!--end of container-->\n    <\/section>\n    <section class=\"bg--secondary space--xs\">\n        <div class=\"container\">\n            <div class=\"row\">\n                <div class=\"col-sm-4\">\n                    <div class=\"feature feature-2 boxed boxed--border\"> <i class=\"icon color--primary icon-Checked-User\"><\/i>\n                        <div class=\"feature__body\">\n                            <p style=\"text-align: center;\"><span class=\"h1 h1--medium\" style=\"color: #d93d3d;\">1.<\/span><\/p>\n                            <h4 style=\"text-align: center;\">Subscribe<\/h4>\n                            <p style=\"text-align: center;\">Register free of charge.&nbsp;<br>No payment is needed.<\/p>\n                        <\/div>\n                    <\/div>\n                    <!--end feature-->\n                <\/div>\n                <div class=\"col-sm-4\">\n                    <div class=\"feature feature-2 boxed boxed--border\"> <i class=\"icon color--primary icon-Security-Settings\"><\/i>\n                        <div class=\"feature__body\">\n                            <p style=\"text-align: center;\"><span class=\"h1 h1--medium\" style=\"color: #d93d3d;\">2.<\/span><\/p>\n                            <h4 style=\"text-align: center;\">Guidance provided<\/h4>\n                            <p style=\"text-align: center;\">I would like an offer tailored to my needs with an advisor.<\/p>\n                        <\/div>\n                    <\/div>\n                    <!--end feature-->\n                <\/div>\n                <div class=\"col-sm-4\">\n                    <div class=\"feature feature-2 boxed boxed--border\"> <i class=\"icon color--primary icon-Security-Check\"><\/i>\n                        <div class=\"feature__body\">\n                            <p style=\"text-align: center;\"><span class=\"h1 h1--medium\" style=\"color: #d93d3d;\">3.<\/span><\/p>\n                            <h4 style=\"text-align: center;\">We protect you<\/h4>\n                            <p style=\"text-align: center;\">I upload my creative work online.<br>I'm protected!<\/p>\n                        <\/div>\n                    <\/div>\n                    <!--end feature-->\n                <\/div>\n            <\/div>\n            <!--end of row-->\n        <\/div>\n        <!--end of container-->\n    <\/section>\n    <section class=\"text-center  bg--secondary space--xxs\">\n        <div class=\"container\">\n            <div class=\"row\">\n                <div class=\"col-sm-8 col-md-6\">\n                    <div class=\"cta\"> <a title=\"\" class=\"btn type--uppercase inner-link btn--primary\" href=\"https:\/\/beta.fidealis.com\/en\/inscription\" target=\"_blank\" rel=\"noopener\"><span class=\"btn__text\">SUBSCRIBE NOW<\/span>                    <\/a>\n                        \n                            <p class=\"type--fine-print\" style=\"margin-top: 0.03em; margin-bottom: 1.2em;\">No bank card details are required<\/p>\n                        \n                    <\/div>\n                <\/div>\n            <\/div>\n            <!--end of row-->\n        <\/div>\n        <!--end of container-->\n    <\/section>\n    <section class=\"text-justify space--xxs\">\n        <div class=\"container\">\n            <div class=\"row\">\n                <div class=\"col-sm-6\">\n                    <div class=\"col-left-custom\">\n                        <h2 style=\"text-align: left;\">Patents for <span style=\"color: #e03a2b;\">technical inventions<\/span><\/h2>\n                        <p class=\"lead\"><span style=\"font-weight: 400;\">Patents protect technical innovations. These rights cover two areas<\/span><span style=\"font-weight: 400;\">: <\/span><\/p>\n                        <ul class=\"bullets\">\n                            <li class=\"lead li-blocked\">The inventor by giving exclusive rights on commercial exploitation on an invention, but for a limited period of 20 years.<\/li>\n                            <li class=\"lead li-blocked\">The invention by permitting its disclosure, which will contribute to improving the technique.<\/li>\n                        <\/ul>\n                        <p class=\"lead\">To be&nbsp;<a href=\"https:\/\/beta.fidealis.com\/en\/propriete-intellectuelle\/propriete-industrielle\/depot-de-brevet\/\">protected by a patent<\/a>, however, the invention must meet the following three conditions:<\/p>\n                        <ul class=\"bullets\">\n                            <li class=\"lead li-blocked\">Be new:&nbsp;it must not have been made available to the general public before filing.<\/li>\n                            <li class=\"lead li-blocked\">Be capable of industrial application: it should be able to be manufactured or used.<\/li>\n                            <li class=\"lead li-blocked\">Be inventive: the technical step should not be obvious to people within the industry.<\/li>\n                        <\/ul>\n                    <\/div>\n                <\/div>\n                <div class=\"col-sm-6\">\n                    <div class=\"col-right-custom\">\n                        <h2 style=\"text-align: left;\">Protection of <span style=\"color: #e03a2b;\">aesthetic creations<\/span><\/h2>\n                        <p class=\"lead\"><span style=\"font-weight: 400;\"><a href=\"https:\/\/beta.fidealis.com\/en\/propriete-intellectuelle\/propriete-industrielle\/protection-dessins-et-modeles\/\">Design title for drawings and models<\/a> protect the appearance of an industrial product and not its functionality. Protection can apply to the whole product or just part of it and could be for example the design of a piece of furniture. It confers an <b>exclusive right to operate in French territory<\/b> for a minimum period of 5 years, which may be extended in five-year increments, up to a maximum of 25 years<\/span><span style=\"font-weight: 400;\">.<\/span><\/p>\n                        <h2><span style=\"color: #e03a2b;\">Trademark<\/span> as distinctive signs<\/h2>\n                        <p class=\"lead\"><span style=\"font-weight: 400;\">In industrial property law, a <\/span><span style=\"font-weight: 400;\"><b>trademark<\/b> is a distinctive sign and makes it possible to obtain a monopoly on exploitation in French territory for a period of 10 years, indefinitely renewable. Following are examples what may be <\/span><span style=\"font-weight: 400;\"><a href=\"https:\/\/beta.fidealis.com\/en\/propriete-intellectuelle\/propriete-industrielle\/proteger-nom-entreprise\/\">registered as a trademark<\/a>:<span style=\"font-weight: 400;\"> word, name, slogan, numbers, letters, drawing, logo, or audible signal provided that it can be represented graphically, for example by a musical stave<\/span>.<\/span>\n                        <\/p>\n                        <p class=\"lead\"><b>A geographical indication<\/b><span style=\"font-weight: 400;\"> is used to determine the origin and quality of products. It can be used by all producers whose products originate from the designated place.<\/span><\/p>\n                    <\/div>\n                <\/div>\n                <div class=\"col-sm-6\"> <\/div>\n            <\/div>\n            <!--end of row-->\n        <\/div>\n        <!--end of container-->\n    <\/section>\n    <section class=\"unpad--bottom switchable cta cta-3  bg--secondary text-center\">\n        <div class=\"container\">\n            <div class=\"row\">\n                <div class=\"col-sm-6 col-md-5\">\n                    <div class=\"switchable__text\">\n                        \n                            <h3><span style=\"color: #db3b29;\">Protect your industrial property with Fidealis by your side.<\/span><\/h3>\n                            <p class=\"lead\">A pioneering solution in the protection of designs and collections, combining electronic signature technologies, timestamping and blockchain. Your creative work is instantly officially certified and archived.<\/p>\n                        \n                        <a title=\"\" class=\"btn type--uppercase inner-link btn--primary\" href=\"https:\/\/beta.fidealis.com\/en\/inscription\" target=\"_blank\" rel=\"noopener\"> <span class=\"btn__text\">                            SUBSCRIBE FREE OF CHARGE<\/span><span class=\"label\">No credit card needed<\/span> <\/a>\n                    <\/div>\n                <\/div>\n                <div class=\"col-sm-6 col-md-5\"> <img class=\"block\" alt=\"D\u00e9p\u00f4t et copyright en propri\u00e9t\u00e9 intellectuelle\" src=\"https:\/\/beta.fidealis.com\/wp-content\/uploads\/2018\/08\/Le-droit-de-la-propri\u00e9t\u00e9-industrielle.png\"> <\/div>\n            <\/div>\n            <!--end of row-->\n        <\/div>\n        <!--end of container-->\n    <\/section>\n    \n","protected":false},"excerpt":{"rendered":"<p>Industrial property rights Registration from 95\u20ac The ideal solution for industrial property rights contact ME Industrial property is one of the two&#8230;<\/p>\n","protected":false},"author":1,"featured_media":0,"parent":15364,"menu_order":0,"comment_status":"closed","ping_status":"closed","template":"","meta":{"_joinchat":[]},"yoast_head":"<!-- This site is optimized with the Yoast SEO plugin v20.3 - https:\/\/yoast.com\/wordpress\/plugins\/seo\/ -->\n<title>Intellectual Property: What is industrial property?<\/title>\n<meta name=\"description\" content=\"Industrial property is one of the two branches of intellectual property. The purpose of industrial property law is to protect inventions and industrial or commercial creative works. Fidealis explains what it is.\" \/>\n<meta name=\"robots\" content=\"noindex, follow, max-snippet:-1, max-image-preview:large, max-video-preview:-1\" \/>\n<meta property=\"og:locale\" content=\"en_US\" \/>\n<meta property=\"og:type\" content=\"article\" \/>\n<meta property=\"og:title\" content=\"Intellectual Property: What is industrial property?\" \/>\n<meta property=\"og:description\" content=\"Industrial property is one of the two branches of intellectual property. The purpose of industrial property law is to protect inventions and industrial or commercial creative works. Fidealis explains what it is.\" \/>\n<meta property=\"og:url\" content=\"https:\/\/beta.fidealis.com\/en\/intellectual-property\/industrial-property\/\" \/>\n<meta property=\"og:site_name\" content=\"Fidealis\" \/>\n<meta property=\"article:publisher\" content=\"https:\/\/www.facebook.com\/Fidealis-573887362622849\/\" \/>\n<meta property=\"article:modified_time\" content=\"2020-04-13T13:45:21+00:00\" \/>\n<meta name=\"twitter:card\" content=\"summary_large_image\" \/>\n<script type=\"application\/ld+json\" class=\"yoast-schema-graph\">{\"@context\":\"https:\/\/schema.org\",\"@graph\":[{\"@type\":\"WebPage\",\"@id\":\"https:\/\/beta.fidealis.com\/en\/intellectual-property\/industrial-property\/\",\"url\":\"https:\/\/beta.fidealis.com\/en\/intellectual-property\/industrial-property\/\",\"name\":\"Intellectual Property: What is industrial property?\",\"isPartOf\":{\"@id\":\"https:\/\/beta.fidealis.com\/#website\"},\"datePublished\":\"2018-05-13T22:00:00+00:00\",\"dateModified\":\"2020-04-13T13:45:21+00:00\",\"description\":\"Industrial property is one of the two branches of intellectual property. The purpose of industrial property law is to protect inventions and industrial or commercial creative works. Fidealis explains what it is.\",\"breadcrumb\":{\"@id\":\"https:\/\/beta.fidealis.com\/en\/intellectual-property\/industrial-property\/#breadcrumb\"},\"inLanguage\":\"en-US\",\"potentialAction\":[{\"@type\":\"ReadAction\",\"target\":[\"https:\/\/beta.fidealis.com\/en\/intellectual-property\/industrial-property\/\"]}]},{\"@type\":\"BreadcrumbList\",\"@id\":\"https:\/\/beta.fidealis.com\/en\/intellectual-property\/industrial-property\/#breadcrumb\",\"itemListElement\":[{\"@type\":\"ListItem\",\"position\":1,\"name\":\"Accueil\",\"item\":\"https:\/\/beta.fidealis.com\/en\/\"},{\"@type\":\"ListItem\",\"position\":2,\"name\":\"Intellectual property\",\"item\":\"https:\/\/beta.fidealis.com\/en\/intellectual-property\/\"},{\"@type\":\"ListItem\",\"position\":3,\"name\":\"Industrial property law\"}]},{\"@type\":\"WebSite\",\"@id\":\"https:\/\/beta.fidealis.com\/#website\",\"url\":\"https:\/\/beta.fidealis.com\/\",\"name\":\"Fidealis\",\"description\":\"Fidealis: vous cr\u00e9ez, nous prot\u00e9geons.\",\"publisher\":{\"@id\":\"https:\/\/beta.fidealis.com\/#organization\"},\"potentialAction\":[{\"@type\":\"SearchAction\",\"target\":{\"@type\":\"EntryPoint\",\"urlTemplate\":\"https:\/\/beta.fidealis.com\/?s={search_term_string}\"},\"query-input\":\"required name=search_term_string\"}],\"inLanguage\":\"en-US\"},{\"@type\":\"Organization\",\"@id\":\"https:\/\/beta.fidealis.com\/#organization\",\"name\":\"Fidealis\",\"url\":\"https:\/\/beta.fidealis.com\/\",\"logo\":{\"@type\":\"ImageObject\",\"inLanguage\":\"en-US\",\"@id\":\"https:\/\/beta.fidealis.com\/#\/schema\/logo\/image\/\",\"url\":\"https:\/\/www.fidealis.com\/wp-content\/uploads\/2018\/04\/logo-fidealis.png\",\"contentUrl\":\"https:\/\/www.fidealis.com\/wp-content\/uploads\/2018\/04\/logo-fidealis.png\",\"width\":525,\"height\":205,\"caption\":\"Fidealis\"},\"image\":{\"@id\":\"https:\/\/beta.fidealis.com\/#\/schema\/logo\/image\/\"},\"sameAs\":[\"https:\/\/www.facebook.com\/Fidealis-573887362622849\/\"]}]}<\/script>\n<!-- \/ Yoast SEO plugin. -->","yoast_head_json":{"title":"Intellectual Property: What is industrial property?","description":"Industrial property is one of the two branches of intellectual property. The purpose of industrial property law is to protect inventions and industrial or commercial creative works. Fidealis explains what it is.","robots":{"index":"noindex","follow":"follow","max-snippet":"max-snippet:-1","max-image-preview":"max-image-preview:large","max-video-preview":"max-video-preview:-1"},"og_locale":"en_US","og_type":"article","og_title":"Intellectual Property: What is industrial property?","og_description":"Industrial property is one of the two branches of intellectual property. The purpose of industrial property law is to protect inventions and industrial or commercial creative works. Fidealis explains what it is.","og_url":"https:\/\/beta.fidealis.com\/en\/intellectual-property\/industrial-property\/","og_site_name":"Fidealis","article_publisher":"https:\/\/www.facebook.com\/Fidealis-573887362622849\/","article_modified_time":"2020-04-13T13:45:21+00:00","twitter_card":"summary_large_image","schema":{"@context":"https:\/\/schema.org","@graph":[{"@type":"WebPage","@id":"https:\/\/beta.fidealis.com\/en\/intellectual-property\/industrial-property\/","url":"https:\/\/beta.fidealis.com\/en\/intellectual-property\/industrial-property\/","name":"Intellectual Property: What is industrial property?","isPartOf":{"@id":"https:\/\/beta.fidealis.com\/#website"},"datePublished":"2018-05-13T22:00:00+00:00","dateModified":"2020-04-13T13:45:21+00:00","description":"Industrial property is one of the two branches of intellectual property. The purpose of industrial property law is to protect inventions and industrial or commercial creative works. Fidealis explains what it is.","breadcrumb":{"@id":"https:\/\/beta.fidealis.com\/en\/intellectual-property\/industrial-property\/#breadcrumb"},"inLanguage":"en-US","potentialAction":[{"@type":"ReadAction","target":["https:\/\/beta.fidealis.com\/en\/intellectual-property\/industrial-property\/"]}]},{"@type":"BreadcrumbList","@id":"https:\/\/beta.fidealis.com\/en\/intellectual-property\/industrial-property\/#breadcrumb","itemListElement":[{"@type":"ListItem","position":1,"name":"Accueil","item":"https:\/\/beta.fidealis.com\/en\/"},{"@type":"ListItem","position":2,"name":"Intellectual property","item":"https:\/\/beta.fidealis.com\/en\/intellectual-property\/"},{"@type":"ListItem","position":3,"name":"Industrial property law"}]},{"@type":"WebSite","@id":"https:\/\/beta.fidealis.com\/#website","url":"https:\/\/beta.fidealis.com\/","name":"Fidealis","description":"Fidealis: vous cr\u00e9ez, nous prot\u00e9geons.","publisher":{"@id":"https:\/\/beta.fidealis.com\/#organization"},"potentialAction":[{"@type":"SearchAction","target":{"@type":"EntryPoint","urlTemplate":"https:\/\/beta.fidealis.com\/?s={search_term_string}"},"query-input":"required name=search_term_string"}],"inLanguage":"en-US"},{"@type":"Organization","@id":"https:\/\/beta.fidealis.com\/#organization","name":"Fidealis","url":"https:\/\/beta.fidealis.com\/","logo":{"@type":"ImageObject","inLanguage":"en-US","@id":"https:\/\/beta.fidealis.com\/#\/schema\/logo\/image\/","url":"https:\/\/www.fidealis.com\/wp-content\/uploads\/2018\/04\/logo-fidealis.png","contentUrl":"https:\/\/www.fidealis.com\/wp-content\/uploads\/2018\/04\/logo-fidealis.png","width":525,"height":205,"caption":"Fidealis"},"image":{"@id":"https:\/\/beta.fidealis.com\/#\/schema\/logo\/image\/"},"sameAs":["https:\/\/www.facebook.com\/Fidealis-573887362622849\/"]}]}},"_links":{"self":[{"href":"https:\/\/beta.fidealis.com\/en\/wp-json\/wp\/v2\/pages\/15362"}],"collection":[{"href":"https:\/\/beta.fidealis.com\/en\/wp-json\/wp\/v2\/pages"}],"about":[{"href":"https:\/\/beta.fidealis.com\/en\/wp-json\/wp\/v2\/types\/page"}],"author":[{"embeddable":true,"href":"https:\/\/beta.fidealis.com\/en\/wp-json\/wp\/v2\/users\/1"}],"replies":[{"embeddable":true,"href":"https:\/\/beta.fidealis.com\/en\/wp-json\/wp\/v2\/comments?post=15362"}],"version-history":[{"count":4,"href":"https:\/\/beta.fidealis.com\/en\/wp-json\/wp\/v2\/pages\/15362\/revisions"}],"predecessor-version":[{"id":15904,"href":"https:\/\/beta.fidealis.com\/en\/wp-json\/wp\/v2\/pages\/15362\/revisions\/15904"}],"up":[{"embeddable":true,"href":"https:\/\/beta.fidealis.com\/en\/wp-json\/wp\/v2\/pages\/15364"}],"wp:attachment":[{"href":"https:\/\/beta.fidealis.com\/en\/wp-json\/wp\/v2\/media?parent=15362"}],"curies":[{"name":"wp","href":"https:\/\/api.w.org\/{rel}","templated":true}]}}