{"id":15367,"date":"2018-06-25T00:00:00","date_gmt":"2018-06-24T22:00:00","guid":{"rendered":"https:\/\/www.fidealis.com\/intellectual-property\/copyright-2\/who-should-file"},"modified":"2020-04-13T15:38:58","modified_gmt":"2020-04-13T13:38:58","slug":"who-should-file","status":"publish","type":"page","link":"https:\/\/beta.fidealis.com\/en\/intellectual-property\/who-should-file\/","title":{"rendered":"Who should file Copyright?"},"content":{"rendered":"\n    <section class=\"cover imagebg text-center section--ken-burns height-60\" data-overlay=\"4\">\n        <div class=\"background-image-holder\"><img alt=\"\" src=\"https:\/\/beta.fidealis.com\/wp-content\/uploads\/2018\/06\/929.jpg\"><\/div>\n        <div class=\"container pos-vertical-center\">\n            <div class=\"row\">\n                <div class=\"col-sm-8 col-md-8\">\n                    \n                        <h1>Who should register copyright?<\/h1>\n                    \n                <\/div>\n            <\/div>\n            <!--end of row-->\n        <\/div>\n        <!--end of container-->\n    <\/section>\n    <section class=\"space--xxs\">\n        <div class=\"container\">\n            <div class=\"row\">\n                <div class=\"cta cta--horizontal text-center-xs\">\n                    <div class=\"col-sm-4\">\n                        <h4>Registration from 95\u20ac<\/h4>\n                    <\/div>\n                    <div class=\"col-sm-5\">\n                        <p class=\"lead\"> The best online solution to protect your work<\/p>\n                    <\/div>\n                    <div class=\"col-sm-3 text-right text-center-xs\">\n                        <a title=\"\" class=\"btn btn--primary type--uppercase\" href=\"https:\/\/beta.fidealis.com\/en\/qui-sommes-nous\/contactez-nous\/\" target=\"\" rel=\"\"> <span class=\"btn__text\">contact me<\/span> <\/a>\n                    <\/div>\n                <\/div>\n            <\/div>\n            <!--end of row-->\n        <\/div>\n        <!--end of container-->\n    <\/section>\n    <section class=\"space--sm bg--secondary\">\n        <div class=\"container\">\n            <div class=\"row\">\n                <div class=\"col-sm-12\">\n                    <p class=\"lead\">All legal entities or individual people who produce creative work should have evidence of the time and date of creation, to prove copyright and therefore protect their Intellectual Property:<\/p>\n                <\/div>\n            <\/div>\n            <!--end of row-->\n        <\/div>\n        <!--end of container-->\n    <\/section>\n    <section class=\"text-center  bg--secondary\">\n        <div class=\"container\">\n            <div class=\"row\">\n                <div class=\"col-sm-6 col-md-3\">\n                    <div class=\"text-block\"> <i class=\"icon icon-Digital-Drawing icon--lg\"><\/i>\n                        \n                            <h4>Architects<\/h4>\n                            <p>Plans, projects, appeals<\/p>\n                        \n                    <\/div>\n                    <div class=\"text-block\"> <i class=\"icon icon-Folder-Network icon--lg\"><\/i>\n                        \n                            <h4>Auditors<\/h4>\n                            <p>Analyses, recommendations, presentations, reports<\/p>\n                        \n                    <\/div>\n                    <div class=\"text-block\"> <i class=\"icon icon-Calculator-2 icon--lg\"><\/i>\n                        \n                            <h4>Accountants<\/h4>\n                            <p>Electronically sealed accounts, sales books, audit or statutory auditor reports<\/p>\n                        \n                    <\/div>\n                    <div class=\"text-block\"> <i class=\"icon icon-Pen-6 icon--lg\"><\/i>\n                        \n                            <h4>Graphists<\/h4>\n                            <p>Logos, graphic charts<\/p>\n                        \n                    <\/div>\n                    <!--end feature-->\n                <\/div>\n                <div class=\"col-sm-6 col-md-3\">\n                    <div class=\"text-block\"> <i class=\"icon icon-Idea-4 icon--lg\"><\/i>\n                        \n                            <h4>Inventors<\/h4>\n                            <p>Inventions prior to filing a patent<\/p>\n                        \n                    <\/div>\n                    <div class=\"text-block\"> <i class=\"icon icon-Code-Window icon--lg\"><\/i>\n                        \n                            <h4>Programmers<\/h4>\n                            <p>Program sources, codes, scripts and software<\/p>\n                        \n                    <\/div>\n                    <div class=\"text-block\"> <i class=\"icon icon-File-Music icon--lg\"><\/i>\n                        \n                            <h4>Musicians<\/h4>\n                            <p>Melodies, chords, sequences, scores<\/p>\n                        \n                    <\/div>\n                    <!--end feature-->\n                <\/div>\n                <div class=\"col-sm-6 col-md-3\">\n                    <div class=\"text-block\"> <i class=\"icon icon-Pantheon icon--lg\"><\/i>\n                        \n                            <h4>Lawyers<\/h4>\n                            <p>Exchanges, pleadings, summary statements<\/p>\n                        \n                    <\/div>\n                    <div class=\"text-block\"> <i class=\"icon icon-Microscope icon--lg\"><\/i>\n                        \n                            <h4>Researchers<\/h4>\n                            <p>Laboratory notebooks, research and discoveries prior to publication<\/p>\n                        \n                    <\/div>\n                    <div class=\"text-block\"> <i class=\"icon icon-Notepad icon--lg\"><\/i>\n                        \n                            <h4>Publicists<\/h4>\n                            <p>Marketing plans, media strategies, slogans, brand projects<\/p>\n                        \n                    <\/div>\n                    <!--end feature-->\n                <\/div>\n                <div class=\"col-sm-6 col-md-3\">\n                    <div class=\"text-block\"> <i class=\"icon icon-Pencil-Ruler icon--lg\"><\/i>\n                        \n                            <h4>Designers<\/h4>\n                            <p>Drawings, DTP, CAD, Copyright<\/p>\n                        \n                    <\/div>\n                    <div class=\"text-block\"> <i class=\"icon icon-Clothing-Store icon--lg\"><\/i>\n                        \n                            <h4>Fashion designers<\/h4>\n                            <p>Drawings, designs, models, drafts, sketches, patterns<\/p>\n                        \n                    <\/div>\n                    <div class=\"text-block\"> <i class=\"icon icon-Camera-5 icon--lg\"><\/i>\n                        \n                            <h4>Photographers<\/h4>\n                            <p>Digitalized or digitized photographs, negatives, Copyright<\/p>\n                        \n                    <\/div>\n                    <!--end feature-->\n                <\/div>\n            <\/div>\n            <!--end of row-->\n        <\/div>\n        <!--end of container-->\n    <\/section>\n    <section>\n        <div class=\"container\">\n            <div class=\"row\">\n                <div class=\"col-md-4\">\n                    <div class=\"text-block\">\n                        <h4>Which file formats are accepted?<\/h4>\n                    <\/div>\n                <\/div>\n                <div class=\"col-md-4\">\n                    <div class=\"text-block\">\n                        <h5>Texts<\/h5>\n                        <p>.doc (<span style=\"font-size: 12.8px;\">Word\u00ae<\/span><span style=\"font-size: 1em;\">), .pdf (Adobe\u00ae) .rtf, .txt, .asc, .mcw (Mac\u00ae),.wps (Works\u00ae)<\/span><\/p>\n                    <\/div>\n                    <div class=\"text-block\">\n                        <h5>Executables<\/h5>\n                        <p>.exe, zip or rar<\/p>\n                    <\/div>\n                    <div class=\"text-block\">\n                        <h5>Web pages<\/h5>\n                        <p>PHP, HTML, zip or rar<\/p>\n                    <\/div>\n                <\/div>\n                <div class=\"col-md-4\">\n                    <div class=\"text-block\">\n                        <h5>Images<\/h5>\n                        <p>jpeg, jpg, gif, tiff, eps, dcx, pcx, wif, xif, bmp, png, art<\/p>\n                    <\/div>\n                    <div class=\"text-block\">\n                        <h5>Multimedia<\/h5>\n                        <p>All clips and videos and :sons wav. (QuickTime\u00ae ), mp3, midi, ra (real Player\u00ae), SWF ( Flash ), mpeg4<\/p>\n                    <\/div>\n                <\/div>\n            <\/div>\n            <!--end of row-->\n        <\/div>\n        <!--end of container-->\n    <\/section>\n    <section class=\"space--xs\">\n        <div class=\"container\">\n            <div class=\"row\">\n                <div class=\"col-sm-6\">\n                    <h4>What document sizes are accepted?<\/h4>\n                    <p>For online processing, we have found that files smaller than 1 Mb can be processed in a reasonable amount of time<\/p>\n                    <p>For larger files, our customers tend to send a CD by mail or via file transfer systems (WeTransfer) so it can be processed at our headquarters at no extra cost.<\/p>\n                <\/div>\n                <div class=\"col-sm-6\">\n                    <div class=\"boxed boxed--lg boxed--border bg--secondary\">\n                        <h5>Good to know<\/h5>\n                        <p>For large files, our customers tend to send us a CD par mail so it can be processed at our headquarters at no extra cost.<\/p>\n                    <\/div>\n                <\/div>\n            <\/div>\n            <!--end of row-->\n        <\/div>\n        <!--end of container-->\n    <\/section>\n    <section class=\"text-center unpad--bottom switchable cta cta-3  switchable--switch bg--secondary\">\n        <div class=\"container\">\n            <div class=\"row\">\n                <div class=\"col-sm-6 col-md-6\">\n                    <div class=\"switchable__text\">\n                        \n                            <h2>Have total confidence in the Fidealis solution<\/h2>\n                            <p class=\"lead\">A pioneering solution in the protection of designs and collections, combining electronic signature technologies, timestamping and blockchain. Your creative work is instantly officially certified and archived.<\/p>\n                        \n                        <a title=\"\" class=\"btn btn--primary type--uppercase inner-link\" href=\"https:\/\/beta.fidealis.com\/en\/inscription\" target=\"_blank\" rel=\"noopener\"> <span class=\"btn__text\">                            SUBSCRIBE FREE OF CHARGE<\/span><span class=\"label\">No credit card needed<\/span> <\/a>\n                    <\/div>\n                <\/div>\n                <div class=\"col-sm-6 col-md-5\"> <img class=\"block\" alt=\"solution de d\u00e9p\u00f4t et copyright qui doit d\u00e9poser ?\" src=\"https:\/\/beta.fidealis.com\/wp-content\/uploads\/2018\/08\/qui-doit-deposer-en-ligne.png\"> <\/div>\n            <\/div>\n            <!--end of row-->\n        <\/div>\n        <!--end of container-->\n    <\/section>\n    \n","protected":false},"excerpt":{"rendered":"<p>Who should register copyright? Registration from 95\u20ac The best online solution to protect your work contact me All legal entities or individual&#8230;<\/p>\n","protected":false},"author":1,"featured_media":0,"parent":15364,"menu_order":0,"comment_status":"closed","ping_status":"closed","template":"","meta":{"_joinchat":[]},"yoast_head":"<!-- This site is optimized with the Yoast SEO plugin v20.3 - https:\/\/yoast.com\/wordpress\/plugins\/seo\/ -->\n<title>Intellectual Property: Who should file Copyright?<\/title>\n<meta name=\"description\" content=\"Any legal entity or individual person who produces documents or creative works that need to certify the date of creation to prove copyright and thus protect their Intellectual Property.\" \/>\n<meta name=\"robots\" content=\"noindex, follow, max-snippet:-1, max-image-preview:large, max-video-preview:-1\" \/>\n<meta property=\"og:locale\" content=\"en_US\" \/>\n<meta property=\"og:type\" content=\"article\" \/>\n<meta property=\"og:title\" content=\"Intellectual Property: Who should file Copyright?\" \/>\n<meta property=\"og:description\" content=\"Any legal entity or individual person who produces documents or creative works that need to certify the date of creation to prove copyright and thus protect their Intellectual Property.\" \/>\n<meta property=\"og:url\" content=\"https:\/\/beta.fidealis.com\/en\/intellectual-property\/who-should-file\/\" \/>\n<meta property=\"og:site_name\" content=\"Fidealis\" \/>\n<meta property=\"article:publisher\" content=\"https:\/\/www.facebook.com\/Fidealis-573887362622849\/\" \/>\n<meta property=\"article:modified_time\" content=\"2020-04-13T13:38:58+00:00\" \/>\n<meta name=\"twitter:card\" content=\"summary_large_image\" \/>\n<script type=\"application\/ld+json\" class=\"yoast-schema-graph\">{\"@context\":\"https:\/\/schema.org\",\"@graph\":[{\"@type\":\"WebPage\",\"@id\":\"https:\/\/beta.fidealis.com\/en\/intellectual-property\/who-should-file\/\",\"url\":\"https:\/\/beta.fidealis.com\/en\/intellectual-property\/who-should-file\/\",\"name\":\"Intellectual Property: Who should file Copyright?\",\"isPartOf\":{\"@id\":\"https:\/\/beta.fidealis.com\/#website\"},\"datePublished\":\"2018-06-24T22:00:00+00:00\",\"dateModified\":\"2020-04-13T13:38:58+00:00\",\"description\":\"Any legal entity or individual person who produces documents or creative works that need to certify the date of creation to prove copyright and thus protect their Intellectual Property.\",\"breadcrumb\":{\"@id\":\"https:\/\/beta.fidealis.com\/en\/intellectual-property\/who-should-file\/#breadcrumb\"},\"inLanguage\":\"en-US\",\"potentialAction\":[{\"@type\":\"ReadAction\",\"target\":[\"https:\/\/beta.fidealis.com\/en\/intellectual-property\/who-should-file\/\"]}]},{\"@type\":\"BreadcrumbList\",\"@id\":\"https:\/\/beta.fidealis.com\/en\/intellectual-property\/who-should-file\/#breadcrumb\",\"itemListElement\":[{\"@type\":\"ListItem\",\"position\":1,\"name\":\"Accueil\",\"item\":\"https:\/\/beta.fidealis.com\/en\/\"},{\"@type\":\"ListItem\",\"position\":2,\"name\":\"Intellectual property\",\"item\":\"https:\/\/beta.fidealis.com\/en\/intellectual-property\/\"},{\"@type\":\"ListItem\",\"position\":3,\"name\":\"Who should file Copyright?\"}]},{\"@type\":\"WebSite\",\"@id\":\"https:\/\/beta.fidealis.com\/#website\",\"url\":\"https:\/\/beta.fidealis.com\/\",\"name\":\"Fidealis\",\"description\":\"Fidealis: vous cr\u00e9ez, nous prot\u00e9geons.\",\"publisher\":{\"@id\":\"https:\/\/beta.fidealis.com\/#organization\"},\"potentialAction\":[{\"@type\":\"SearchAction\",\"target\":{\"@type\":\"EntryPoint\",\"urlTemplate\":\"https:\/\/beta.fidealis.com\/?s={search_term_string}\"},\"query-input\":\"required name=search_term_string\"}],\"inLanguage\":\"en-US\"},{\"@type\":\"Organization\",\"@id\":\"https:\/\/beta.fidealis.com\/#organization\",\"name\":\"Fidealis\",\"url\":\"https:\/\/beta.fidealis.com\/\",\"logo\":{\"@type\":\"ImageObject\",\"inLanguage\":\"en-US\",\"@id\":\"https:\/\/beta.fidealis.com\/#\/schema\/logo\/image\/\",\"url\":\"https:\/\/www.fidealis.com\/wp-content\/uploads\/2018\/04\/logo-fidealis.png\",\"contentUrl\":\"https:\/\/www.fidealis.com\/wp-content\/uploads\/2018\/04\/logo-fidealis.png\",\"width\":525,\"height\":205,\"caption\":\"Fidealis\"},\"image\":{\"@id\":\"https:\/\/beta.fidealis.com\/#\/schema\/logo\/image\/\"},\"sameAs\":[\"https:\/\/www.facebook.com\/Fidealis-573887362622849\/\"]}]}<\/script>\n<!-- \/ Yoast SEO plugin. -->","yoast_head_json":{"title":"Intellectual Property: Who should file Copyright?","description":"Any legal entity or individual person who produces documents or creative works that need to certify the date of creation to prove copyright and thus protect their Intellectual Property.","robots":{"index":"noindex","follow":"follow","max-snippet":"max-snippet:-1","max-image-preview":"max-image-preview:large","max-video-preview":"max-video-preview:-1"},"og_locale":"en_US","og_type":"article","og_title":"Intellectual Property: Who should file Copyright?","og_description":"Any legal entity or individual person who produces documents or creative works that need to certify the date of creation to prove copyright and thus protect their Intellectual Property.","og_url":"https:\/\/beta.fidealis.com\/en\/intellectual-property\/who-should-file\/","og_site_name":"Fidealis","article_publisher":"https:\/\/www.facebook.com\/Fidealis-573887362622849\/","article_modified_time":"2020-04-13T13:38:58+00:00","twitter_card":"summary_large_image","schema":{"@context":"https:\/\/schema.org","@graph":[{"@type":"WebPage","@id":"https:\/\/beta.fidealis.com\/en\/intellectual-property\/who-should-file\/","url":"https:\/\/beta.fidealis.com\/en\/intellectual-property\/who-should-file\/","name":"Intellectual Property: Who should file Copyright?","isPartOf":{"@id":"https:\/\/beta.fidealis.com\/#website"},"datePublished":"2018-06-24T22:00:00+00:00","dateModified":"2020-04-13T13:38:58+00:00","description":"Any legal entity or individual person who produces documents or creative works that need to certify the date of creation to prove copyright and thus protect their Intellectual Property.","breadcrumb":{"@id":"https:\/\/beta.fidealis.com\/en\/intellectual-property\/who-should-file\/#breadcrumb"},"inLanguage":"en-US","potentialAction":[{"@type":"ReadAction","target":["https:\/\/beta.fidealis.com\/en\/intellectual-property\/who-should-file\/"]}]},{"@type":"BreadcrumbList","@id":"https:\/\/beta.fidealis.com\/en\/intellectual-property\/who-should-file\/#breadcrumb","itemListElement":[{"@type":"ListItem","position":1,"name":"Accueil","item":"https:\/\/beta.fidealis.com\/en\/"},{"@type":"ListItem","position":2,"name":"Intellectual property","item":"https:\/\/beta.fidealis.com\/en\/intellectual-property\/"},{"@type":"ListItem","position":3,"name":"Who should file Copyright?"}]},{"@type":"WebSite","@id":"https:\/\/beta.fidealis.com\/#website","url":"https:\/\/beta.fidealis.com\/","name":"Fidealis","description":"Fidealis: vous cr\u00e9ez, nous prot\u00e9geons.","publisher":{"@id":"https:\/\/beta.fidealis.com\/#organization"},"potentialAction":[{"@type":"SearchAction","target":{"@type":"EntryPoint","urlTemplate":"https:\/\/beta.fidealis.com\/?s={search_term_string}"},"query-input":"required name=search_term_string"}],"inLanguage":"en-US"},{"@type":"Organization","@id":"https:\/\/beta.fidealis.com\/#organization","name":"Fidealis","url":"https:\/\/beta.fidealis.com\/","logo":{"@type":"ImageObject","inLanguage":"en-US","@id":"https:\/\/beta.fidealis.com\/#\/schema\/logo\/image\/","url":"https:\/\/www.fidealis.com\/wp-content\/uploads\/2018\/04\/logo-fidealis.png","contentUrl":"https:\/\/www.fidealis.com\/wp-content\/uploads\/2018\/04\/logo-fidealis.png","width":525,"height":205,"caption":"Fidealis"},"image":{"@id":"https:\/\/beta.fidealis.com\/#\/schema\/logo\/image\/"},"sameAs":["https:\/\/www.facebook.com\/Fidealis-573887362622849\/"]}]}},"_links":{"self":[{"href":"https:\/\/beta.fidealis.com\/en\/wp-json\/wp\/v2\/pages\/15367"}],"collection":[{"href":"https:\/\/beta.fidealis.com\/en\/wp-json\/wp\/v2\/pages"}],"about":[{"href":"https:\/\/beta.fidealis.com\/en\/wp-json\/wp\/v2\/types\/page"}],"author":[{"embeddable":true,"href":"https:\/\/beta.fidealis.com\/en\/wp-json\/wp\/v2\/users\/1"}],"replies":[{"embeddable":true,"href":"https:\/\/beta.fidealis.com\/en\/wp-json\/wp\/v2\/comments?post=15367"}],"version-history":[{"count":2,"href":"https:\/\/beta.fidealis.com\/en\/wp-json\/wp\/v2\/pages\/15367\/revisions"}],"predecessor-version":[{"id":15897,"href":"https:\/\/beta.fidealis.com\/en\/wp-json\/wp\/v2\/pages\/15367\/revisions\/15897"}],"up":[{"embeddable":true,"href":"https:\/\/beta.fidealis.com\/en\/wp-json\/wp\/v2\/pages\/15364"}],"wp:attachment":[{"href":"https:\/\/beta.fidealis.com\/en\/wp-json\/wp\/v2\/media?parent=15367"}],"curies":[{"name":"wp","href":"https:\/\/api.w.org\/{rel}","templated":true}]}}