{"id":15372,"date":"2018-06-12T00:00:00","date_gmt":"2018-06-11T22:00:00","guid":{"rendered":"https:\/\/www.fidealis.com\/file-a-patent"},"modified":"2020-04-13T15:50:08","modified_gmt":"2020-04-13T13:50:08","slug":"file-a-patent","status":"publish","type":"page","link":"https:\/\/beta.fidealis.com\/en\/intellectual-property\/industrial-property\/file-a-patent\/","title":{"rendered":"Protect your invention : patent registration"},"content":{"rendered":"\n    <section class=\"cover imagebg text-center height-60 section--ken-burns\" data-overlay=\"4\">\n        <div class=\"background-image-holder\"><img alt=\"\" src=\"https:\/\/beta.fidealis.com\/wp-content\/uploads\/2018\/06\/prot\u00e9ger-son-invention-1.jpg\"><\/div>\n        <div class=\"container pos-vertical-center\">\n            <div class=\"row\">\n                <div class=\"col-sm-8 col-md-9\">\n                    \n                        <h1>Protect your invention: patent filing<\/h1>\n                    \n                <\/div>\n            <\/div>\n            <!--end of row-->\n        <\/div>\n        <!--end of container-->\n    <\/section>\n    <section class=\"bg--secondary space--xxs\">\n        <div class=\"container\">\n            <div class=\"row\">\n                <div class=\"cta cta--horizontal text-center-xs\">\n                    <div class=\"col-sm-4\">\n                        <h4>Registration from 95\u20ac<\/h4>\n                    <\/div>\n                    <div class=\"col-sm-5\">\n                        <p class=\"lead\">Fidealis, a solution for the protection of inventions<\/p>\n                    <\/div>\n                    <div class=\"col-sm-3 text-right text-center-xs\">\n                        <a title=\"\" class=\"btn btn--primary type--uppercase\" href=\"https:\/\/beta.fidealis.com\/en\/qui-sommes-nous\/contactez-nous\/\" target=\"\" rel=\"\"> <span class=\"btn__text\">contact me<\/span> <\/a>\n                    <\/div>\n                <\/div>\n            <\/div>\n            <!--end of row-->\n        <\/div>\n        <!--end of container-->\n    <\/section>\n    <section class=\"switchable feature-large  space--xxs text-justify\">\n        <div class=\"container\">\n            <div class=\"row\">\n                <div class=\"col-sm-6 col-md-5\">\n                    <div class=\"switchable__text\">\n                        <p class=\"lead\"><span><span style=\"font-weight: 400;\">A patent is&nbsp;<a href=\"https:\/\/beta.fidealis.com\/en\/propriete-intellectuelle\/propriete-industrielle\/\">an industrial property title<\/a>&nbsp;allowing its holder to prohibit third parties from exploiting their invention for a maximum period of 20 years in a given territory. <\/span><\/span>\n                        <\/p>\n                        <p class=\"lead\">In this article, we will discuss why a patent should be filed and the steps involved. We will also propose an alternative.<\/p>\n                        <div class=\"col-left-custom\">\n                            <h2 style=\"text-align: left;\"><span style=\"font-weight: 400;\">Why apply for a patent?<\/span><\/h2>\n                            <p class=\"lead\"><span style=\"font-weight: 400;\">Filing a patent confers on the holder exclusive and enforceable rights on the use of their patent. It is a&nbsp;<\/span><b>monopoly on exploitation<\/b><span style=\"font-weight: 400;\">. <\/span><\/p>\n                        <\/div>\n                    <\/div>\n                <\/div>\n                <div class=\"col-sm-6\">\n                    <div class=\"boxed boxed--lg boxed--border\">\n                        <div class=\"feature feature-2\"> <i class=\"icon color--primary icon-Libra-2\"><\/i>\n                            <div class=\"feature__body\">\n                                <h5>Evidence recognized by courts<\/h5>\n                                <p>Recognized by the courts the world over.<\/p>\n                            <\/div>\n                        <\/div>\n                        <!--end feature-->\n                        <div class=\"feature feature-2\"> <i class=\"icon color--primary icon-Security-Check\"><\/i>\n                            <div class=\"feature__body\">\n                                <h5>Affidavit valid for life<\/h5>\n                                <p>You will have evidence for life.<\/p>\n                            <\/div>\n                        <\/div>\n                        <div class=\"feature feature-2\"> <i class=\"icon color--primary icon-Font-Window\"><\/i>\n                            <div class=\"feature__body\">\n                                <h5>Registration valid in 11 languages<\/h5>\n                                <p style=\"text-align: left;\">Your registration is available in French, English, Italian, Chinese, German, Portuguese, Arabic, Spanish, Korean, Japanese, and Russian.<\/p>\n                            <\/div>\n                        <\/div>\n                        <!--end feature-->\n                        <div class=\"feature feature-2\"> <i class=\"icon color--primary icon-Windows-2\"><\/i>\n                            <div class=\"feature__body\">\n                                <h5>Affidavits available 24\/7<\/h5>\n                                <p>Receipt of registration available online 24\/7.<\/p>\u2003<\/div>\n                        <\/div>\n                        <!--end feature-->\n                    <\/div>\n                <\/div>\n            <\/div>\n            <!--end of row-->\n        <\/div>\n        <!--end of container-->\n    <\/section>\n    <section class=\"bg--secondary text-center space--xxs\">\n        <div class=\"container\">\n            <div class=\"row\">\n                <div class=\"col-sm-12\">\n                    <h2 class=\"addtoppad\">What can I do to protect my invention?<\/h2>\n                <\/div>\n            <\/div>\n            <!--end of row-->\n        <\/div>\n        <!--end of container-->\n    <\/section>\n    <section class=\"bg--secondary space--xs\">\n        <div class=\"container\">\n            <div class=\"row\">\n                <div class=\"col-sm-4\">\n                    <div class=\"feature feature-2 boxed boxed--border\"> <i class=\"icon color--primary icon-Checked-User\"><\/i>\n                        <div class=\"feature__body\">\n                            <p style=\"text-align: center;\"><span class=\"h1 h1--medium\" style=\"color: #d93d3d;\">1.<\/span><\/p>\n                            <h4 style=\"text-align: center;\">Subscribe<\/h4>\n                            <p style=\"text-align: center;\">Register free of charge. <br>No payment is needed.<\/p>\n                        <\/div>\n                    <\/div>\n                    <!--end feature-->\n                <\/div>\n                <div class=\"col-sm-4\">\n                    <div class=\"feature feature-2 boxed boxed--border\"> <i class=\"icon color--primary icon-Security-Settings\"><\/i>\n                        <div class=\"feature__body\">\n                            <p style=\"text-align: center;\"><span class=\"h1 h1--medium\" style=\"color: #d93d3d;\">2.<\/span><\/p>\n                            <h4 style=\"text-align: center;\">Guidance provided<\/h4>\n                            <p style=\"text-align: center;\">I would like an offer tailored to my needs with an advisor.<\/p>\n                        <\/div>\n                    <\/div>\n                    <!--end feature-->\n                <\/div>\n                <div class=\"col-sm-4\">\n                    <div class=\"feature feature-2 boxed boxed--border\"> <i class=\"icon color--primary icon-Security-Check\"><\/i>\n                        <div class=\"feature__body\">\n                            <p style=\"text-align: center;\"><span class=\"h1 h1--medium\" style=\"color: #d93d3d;\">3.<\/span><\/p>\n                            <h4 style=\"text-align: center;\">We protect you<\/h4>\n                            <p style=\"text-align: center;\">I upload my creative work online.<br>I'm protected!<\/p>\n                        <\/div>\n                    <\/div>\n                    <!--end feature-->\n                <\/div>\n            <\/div>\n            <!--end of row-->\n        <\/div>\n        <!--end of container-->\n    <\/section>\n    <section class=\"text-center  bg--secondary space--xxs\">\n        <div class=\"container\">\n            <div class=\"row\">\n                <div class=\"col-sm-8 col-md-6\">\n                    <div class=\"cta\"> <a title=\"\" class=\"btn type--uppercase inner-link btn--primary\" href=\"https:\/\/beta.fidealis.com\/en\/inscription\" target=\"_blank\" rel=\"noopener\"><span class=\"btn__text\">SUBSCRIBE NOW<\/span>                    <\/a>\n                        \n                            <p class=\"type--fine-print\" style=\"margin-top: 0.03em;margin-bottom:1.2em;\">No bank card details required<\/p>\n                        \n                    <\/div>\n                <\/div>\n            <\/div>\n            <!--end of row-->\n        <\/div>\n        <!--end of container-->\n    <\/section>\n    <section class=\"text-justify space--xs\">\n        <div class=\"container\">\n            <div class=\"row\">\n                <div class=\"col-sm-6\">\n                    <p class=\"lead\"><span style=\"color: #db3b29;\"><strong>The monopoly on exploitation makes it possible to:<\/strong><\/span><\/p>\n                    <ul class=\"bullets\">\n                        <li class=\"lead li-blocked\">Decide in which way to exploit the invention: directly by the owner or, by assigning or licencing the rights<span style=\"font-weight: 400;\">.<\/span><\/li>\n                        <li class=\"lead li-blocked\">Oppose any exploitation of the invention without consent<span style=\"font-weight: 400;\">.<\/span><\/li>\n                        <li class=\"lead li-blocked\"><span style=\"font-weight: 400;\">Prosecute any infringer of the invention.<\/span><\/li>\n                    <\/ul>\n                    <p class=\"lead\"><span style=\"font-weight: 400;\">Before applying for a patent, however, it is necessary to ensure that it meets 3 criteria: novelty, inventiveness and industrial applicability. <\/span><\/p>\n                    <h2 style=\"text-align: left;\"><span style=\"font-weight: 400;\">How do you file a patent?<\/span><\/h2>\n                    <p class=\"lead\"><span style=\"font-weight: 400;\">In France, patent applications are filed with a specialized office. Once the filing application has been published, the administrative and technical examination procedure begins. The Office will send you its research report and opinion on the patentability of the invention. If this result is positive, the patent is published in the BOPI (Official Bulletin of Intellectual Property).<\/span><\/p>\n                <\/div>\n                <div class=\"col-sm-6\">\n                    <div class=\"col-right-custom\">\n                        <p class=\"lead\">However, this procedure is long, 2 to 3 years, and expensive. It takes a minimum of 3000\u20ac to file a patent in France. This cost includes the filing application as well as the costs of maintaining the patent during the 20-year limit, the research report, granting the patent and above all the fees of the consulting firm, essential for drafting a patent.<\/p>\n                        <p class=\"lead\">We, therefore, propose an alternative solution.<\/p>\n                        <h2 style=\"text-align: left;\">What alternative is there to filing a patent?<\/h2>\n                        <p class=\"lead\"><span style=\"font-weight: 400;\">As shown, filing a patent takes time but above all is very expensive. Not all companies can afford to wait 3 years and spend 3000\u20ac to protect their invention. But there is an alternative, <a href=\"https:\/\/beta.fidealis.com\/en\/propriete-intellectuelle\/le-copyright\/\"><strong>copyright registration<\/strong><\/a>.<\/span><\/p>\n                        <p class=\"lead\"><span style=\"font-weight: 400;\">By registering your invention with Fidealis, real-time official registration gives it immediate protection. We carry out a prior art search which allows us to characterize the novelty of your invention. Finally, digital timestamping certifies the date of your registration protecting you in the event of an infringement of your rights.<\/span><\/p>\n                    <\/div>\n                <\/div>\n                <div class=\"col-sm-6\"> <\/div>\n            <\/div>\n            <!--end of row-->\n        <\/div>\n        <!--end of container-->\n    <\/section>\n    <section class=\"unpad--bottom switchable cta cta-3  bg--secondary text-center\">\n        <div class=\"container\">\n            <div class=\"row\">\n                <div class=\"col-sm-6 col-md-6\">\n                    <div class=\"switchable__text\">\n                        \n                            <h3><span style=\"color: #db3b29;\">Have total confidence in the protection of your inventions with Fidealis<\/span><\/h3>\n                            <p class=\"lead\">A pioneering solution in the protection of designs and collections, combining electronic signature technologies, timestamping and blockchain. Your creative work is instantly officially certified and archived.<\/p>\n                        \n                        <a title=\"\" class=\"btn type--uppercase inner-link btn--primary\" href=\"https:\/\/beta.fidealis.com\/en\/inscription\" target=\"_blank\" rel=\"noopener\"> <span class=\"btn__text\">                            sUBSCRIBE FREE OF CHARGE<\/span><span class=\"label\">No credit card needed<\/span> <\/a>\n                    <\/div>\n                <\/div>\n                <div class=\"col-sm-6 col-md-5\"> <img class=\"block\" alt=\"solution de d\u00e9p\u00f4t et copyright alternative au brevet\" src=\"https:\/\/beta.fidealis.com\/wp-content\/uploads\/2018\/08\/prot\u00e9ger-son-invention-le-d\u00e9p\u00f4t-de-brevet.png\"> <\/div>\n            <\/div>\n            <!--end of row-->\n        <\/div>\n        <!--end of container-->\n    <\/section>\n    \n","protected":false},"excerpt":{"rendered":"<p>Protect your invention: patent filing Registration from 95\u20ac Fidealis, a solution for the protection of inventions contact me A patent is&nbsp;an industrial&#8230;<\/p>\n","protected":false},"author":1,"featured_media":0,"parent":15362,"menu_order":0,"comment_status":"closed","ping_status":"closed","template":"","meta":{"_joinchat":[]},"yoast_head":"<!-- This site is optimized with the Yoast SEO plugin v20.3 - https:\/\/yoast.com\/wordpress\/plugins\/seo\/ -->\n<title>Industrial Property: Why file a Patent?<\/title>\n<meta name=\"description\" content=\"Filing a patent for an invention gives the owner an exclusive and enforceable right over the use of the invention. It confers a monopoly on exploitation. Fidealis offers a cheaper and faster alternative by registering copyright.\" \/>\n<meta name=\"robots\" content=\"noindex, follow, max-snippet:-1, max-image-preview:large, max-video-preview:-1\" \/>\n<meta property=\"og:locale\" content=\"en_US\" \/>\n<meta property=\"og:type\" content=\"article\" \/>\n<meta property=\"og:title\" content=\"Industrial Property: Why file a Patent?\" \/>\n<meta property=\"og:description\" content=\"Filing a patent for an invention gives the owner an exclusive and enforceable right over the use of the invention. It confers a monopoly on exploitation. Fidealis offers a cheaper and faster alternative by registering copyright.\" \/>\n<meta property=\"og:url\" content=\"https:\/\/beta.fidealis.com\/en\/intellectual-property\/industrial-property\/file-a-patent\/\" \/>\n<meta property=\"og:site_name\" content=\"Fidealis\" \/>\n<meta property=\"article:publisher\" content=\"https:\/\/www.facebook.com\/Fidealis-573887362622849\/\" \/>\n<meta property=\"article:modified_time\" content=\"2020-04-13T13:50:08+00:00\" \/>\n<meta name=\"twitter:card\" content=\"summary_large_image\" \/>\n<script type=\"application\/ld+json\" class=\"yoast-schema-graph\">{\"@context\":\"https:\/\/schema.org\",\"@graph\":[{\"@type\":\"WebPage\",\"@id\":\"https:\/\/beta.fidealis.com\/en\/intellectual-property\/industrial-property\/file-a-patent\/\",\"url\":\"https:\/\/beta.fidealis.com\/en\/intellectual-property\/industrial-property\/file-a-patent\/\",\"name\":\"Industrial Property: Why file a Patent?\",\"isPartOf\":{\"@id\":\"https:\/\/beta.fidealis.com\/#website\"},\"datePublished\":\"2018-06-11T22:00:00+00:00\",\"dateModified\":\"2020-04-13T13:50:08+00:00\",\"description\":\"Filing a patent for an invention gives the owner an exclusive and enforceable right over the use of the invention. It confers a monopoly on exploitation. Fidealis offers a cheaper and faster alternative by registering copyright.\",\"breadcrumb\":{\"@id\":\"https:\/\/beta.fidealis.com\/en\/intellectual-property\/industrial-property\/file-a-patent\/#breadcrumb\"},\"inLanguage\":\"en-US\",\"potentialAction\":[{\"@type\":\"ReadAction\",\"target\":[\"https:\/\/beta.fidealis.com\/en\/intellectual-property\/industrial-property\/file-a-patent\/\"]}]},{\"@type\":\"BreadcrumbList\",\"@id\":\"https:\/\/beta.fidealis.com\/en\/intellectual-property\/industrial-property\/file-a-patent\/#breadcrumb\",\"itemListElement\":[{\"@type\":\"ListItem\",\"position\":1,\"name\":\"Accueil\",\"item\":\"https:\/\/beta.fidealis.com\/en\/\"},{\"@type\":\"ListItem\",\"position\":2,\"name\":\"Intellectual property\",\"item\":\"https:\/\/beta.fidealis.com\/en\/intellectual-property\/\"},{\"@type\":\"ListItem\",\"position\":3,\"name\":\"Industrial property law\",\"item\":\"https:\/\/beta.fidealis.com\/en\/intellectual-property\/industrial-property\/\"},{\"@type\":\"ListItem\",\"position\":4,\"name\":\"Protect your invention : patent registration\"}]},{\"@type\":\"WebSite\",\"@id\":\"https:\/\/beta.fidealis.com\/#website\",\"url\":\"https:\/\/beta.fidealis.com\/\",\"name\":\"Fidealis\",\"description\":\"Fidealis: vous cr\u00e9ez, nous prot\u00e9geons.\",\"publisher\":{\"@id\":\"https:\/\/beta.fidealis.com\/#organization\"},\"potentialAction\":[{\"@type\":\"SearchAction\",\"target\":{\"@type\":\"EntryPoint\",\"urlTemplate\":\"https:\/\/beta.fidealis.com\/?s={search_term_string}\"},\"query-input\":\"required name=search_term_string\"}],\"inLanguage\":\"en-US\"},{\"@type\":\"Organization\",\"@id\":\"https:\/\/beta.fidealis.com\/#organization\",\"name\":\"Fidealis\",\"url\":\"https:\/\/beta.fidealis.com\/\",\"logo\":{\"@type\":\"ImageObject\",\"inLanguage\":\"en-US\",\"@id\":\"https:\/\/beta.fidealis.com\/#\/schema\/logo\/image\/\",\"url\":\"https:\/\/www.fidealis.com\/wp-content\/uploads\/2018\/04\/logo-fidealis.png\",\"contentUrl\":\"https:\/\/www.fidealis.com\/wp-content\/uploads\/2018\/04\/logo-fidealis.png\",\"width\":525,\"height\":205,\"caption\":\"Fidealis\"},\"image\":{\"@id\":\"https:\/\/beta.fidealis.com\/#\/schema\/logo\/image\/\"},\"sameAs\":[\"https:\/\/www.facebook.com\/Fidealis-573887362622849\/\"]}]}<\/script>\n<!-- \/ Yoast SEO plugin. -->","yoast_head_json":{"title":"Industrial Property: Why file a Patent?","description":"Filing a patent for an invention gives the owner an exclusive and enforceable right over the use of the invention. It confers a monopoly on exploitation. Fidealis offers a cheaper and faster alternative by registering copyright.","robots":{"index":"noindex","follow":"follow","max-snippet":"max-snippet:-1","max-image-preview":"max-image-preview:large","max-video-preview":"max-video-preview:-1"},"og_locale":"en_US","og_type":"article","og_title":"Industrial Property: Why file a Patent?","og_description":"Filing a patent for an invention gives the owner an exclusive and enforceable right over the use of the invention. It confers a monopoly on exploitation. Fidealis offers a cheaper and faster alternative by registering copyright.","og_url":"https:\/\/beta.fidealis.com\/en\/intellectual-property\/industrial-property\/file-a-patent\/","og_site_name":"Fidealis","article_publisher":"https:\/\/www.facebook.com\/Fidealis-573887362622849\/","article_modified_time":"2020-04-13T13:50:08+00:00","twitter_card":"summary_large_image","schema":{"@context":"https:\/\/schema.org","@graph":[{"@type":"WebPage","@id":"https:\/\/beta.fidealis.com\/en\/intellectual-property\/industrial-property\/file-a-patent\/","url":"https:\/\/beta.fidealis.com\/en\/intellectual-property\/industrial-property\/file-a-patent\/","name":"Industrial Property: Why file a Patent?","isPartOf":{"@id":"https:\/\/beta.fidealis.com\/#website"},"datePublished":"2018-06-11T22:00:00+00:00","dateModified":"2020-04-13T13:50:08+00:00","description":"Filing a patent for an invention gives the owner an exclusive and enforceable right over the use of the invention. It confers a monopoly on exploitation. Fidealis offers a cheaper and faster alternative by registering copyright.","breadcrumb":{"@id":"https:\/\/beta.fidealis.com\/en\/intellectual-property\/industrial-property\/file-a-patent\/#breadcrumb"},"inLanguage":"en-US","potentialAction":[{"@type":"ReadAction","target":["https:\/\/beta.fidealis.com\/en\/intellectual-property\/industrial-property\/file-a-patent\/"]}]},{"@type":"BreadcrumbList","@id":"https:\/\/beta.fidealis.com\/en\/intellectual-property\/industrial-property\/file-a-patent\/#breadcrumb","itemListElement":[{"@type":"ListItem","position":1,"name":"Accueil","item":"https:\/\/beta.fidealis.com\/en\/"},{"@type":"ListItem","position":2,"name":"Intellectual property","item":"https:\/\/beta.fidealis.com\/en\/intellectual-property\/"},{"@type":"ListItem","position":3,"name":"Industrial property law","item":"https:\/\/beta.fidealis.com\/en\/intellectual-property\/industrial-property\/"},{"@type":"ListItem","position":4,"name":"Protect your invention : patent registration"}]},{"@type":"WebSite","@id":"https:\/\/beta.fidealis.com\/#website","url":"https:\/\/beta.fidealis.com\/","name":"Fidealis","description":"Fidealis: vous cr\u00e9ez, nous prot\u00e9geons.","publisher":{"@id":"https:\/\/beta.fidealis.com\/#organization"},"potentialAction":[{"@type":"SearchAction","target":{"@type":"EntryPoint","urlTemplate":"https:\/\/beta.fidealis.com\/?s={search_term_string}"},"query-input":"required name=search_term_string"}],"inLanguage":"en-US"},{"@type":"Organization","@id":"https:\/\/beta.fidealis.com\/#organization","name":"Fidealis","url":"https:\/\/beta.fidealis.com\/","logo":{"@type":"ImageObject","inLanguage":"en-US","@id":"https:\/\/beta.fidealis.com\/#\/schema\/logo\/image\/","url":"https:\/\/www.fidealis.com\/wp-content\/uploads\/2018\/04\/logo-fidealis.png","contentUrl":"https:\/\/www.fidealis.com\/wp-content\/uploads\/2018\/04\/logo-fidealis.png","width":525,"height":205,"caption":"Fidealis"},"image":{"@id":"https:\/\/beta.fidealis.com\/#\/schema\/logo\/image\/"},"sameAs":["https:\/\/www.facebook.com\/Fidealis-573887362622849\/"]}]}},"_links":{"self":[{"href":"https:\/\/beta.fidealis.com\/en\/wp-json\/wp\/v2\/pages\/15372"}],"collection":[{"href":"https:\/\/beta.fidealis.com\/en\/wp-json\/wp\/v2\/pages"}],"about":[{"href":"https:\/\/beta.fidealis.com\/en\/wp-json\/wp\/v2\/types\/page"}],"author":[{"embeddable":true,"href":"https:\/\/beta.fidealis.com\/en\/wp-json\/wp\/v2\/users\/1"}],"replies":[{"embeddable":true,"href":"https:\/\/beta.fidealis.com\/en\/wp-json\/wp\/v2\/comments?post=15372"}],"version-history":[{"count":3,"href":"https:\/\/beta.fidealis.com\/en\/wp-json\/wp\/v2\/pages\/15372\/revisions"}],"predecessor-version":[{"id":15911,"href":"https:\/\/beta.fidealis.com\/en\/wp-json\/wp\/v2\/pages\/15372\/revisions\/15911"}],"up":[{"embeddable":true,"href":"https:\/\/beta.fidealis.com\/en\/wp-json\/wp\/v2\/pages\/15362"}],"wp:attachment":[{"href":"https:\/\/beta.fidealis.com\/en\/wp-json\/wp\/v2\/media?parent=15372"}],"curies":[{"name":"wp","href":"https:\/\/api.w.org\/{rel}","templated":true}]}}