{"id":15373,"date":"2018-06-07T00:00:00","date_gmt":"2018-06-06T22:00:00","guid":{"rendered":"https:\/\/www.fidealis.com\/intellectual-property\/literal-and-artistic-works"},"modified":"2020-04-13T15:31:35","modified_gmt":"2020-04-13T13:31:35","slug":"literal-and-artistic-works","status":"publish","type":"page","link":"https:\/\/beta.fidealis.com\/en\/intellectual-property\/literal-and-artistic-works\/","title":{"rendered":"Literary and Artistic property"},"content":{"rendered":"\n    <section class=\"cover imagebg text-center height-60 section--ken-burns\" data-overlay=\"4\">\n        <div class=\"background-image-holder\"><img alt=\"\" src=\"https:\/\/beta.fidealis.com\/wp-content\/uploads\/2018\/07\/copyrright-litteraire.jpg\"><\/div>\n        <div class=\"container pos-vertical-center\">\n            <div class=\"row\">\n                <div class=\"col-sm-8 col-md-9\">\n                    \n                        <h1>Literary and artistic property<\/h1>\n                    \n                <\/div>\n            <\/div>\n            <!--end of row-->\n        <\/div>\n        <!--end of container-->\n    <\/section>\n    <section class=\"bg--secondary space--xxs\">\n        <div class=\"container\">\n            <div class=\"row\">\n                <div class=\"cta cta--horizontal text-center-xs\">\n                    <div class=\"col-sm-4\">\n                        <h4>Registration from 95\u20ac<\/h4>\n                    <\/div>\n                    <div class=\"col-sm-5\">\n                        <p class=\"lead\"> Registering literary and artistic property<\/p>\n                    <\/div>\n                    <div class=\"col-sm-3 text-right text-center-xs\">\n                        <a title=\"\" class=\"btn btn--primary type--uppercase\" href=\"https:\/\/beta.fidealis.com\/en\/qui-sommes-nous\/contactez-nous\/\" target=\"\" rel=\"\"> <span class=\"btn__text\">contact ME<\/span> <\/a>\n                    <\/div>\n                <\/div>\n            <\/div>\n            <!--end of row-->\n        <\/div>\n        <!--end of container-->\n    <\/section>\n    <section class=\"switchable feature-large  space--xxs text-justify\">\n        <div class=\"container\">\n            <div class=\"row\">\n                <div class=\"col-sm-6 col-md-5\">\n                    <div class=\"switchable__text\">\n                        <p class=\"lead\"><span style=\"color: #000000;\"><span style=\"font-weight: 400;\">Literary and artistic property rights, along with industrial property, is one of the components covered by the framework of <a href=\"https:\/\/beta.fidealis.com\/en\/propriete-intellectuelle\/\">intellectual property<\/a>. <\/span><\/span>\n                        <\/p>\n                        <p class=\"lead\">It allows any work of the mind to be protected. We will look at the characteristics of literary and artistic property and the conditions of this protection.<\/p>\n                        <div class=\"col-left-custom\">\n                            <h2 style=\"text-align: left;\">Definition and characteristics of literary and artistic property<\/h2>\n                            <p class=\"lead\">In France, literary and artistic property includes both&nbsp;<strong>the rights of the author<\/strong>&nbsp;and&nbsp;<strong>neighboring rights<\/strong>.<\/p>\n                        <\/div>\n                    <\/div>\n                <\/div>\n                <div class=\"col-sm-6\">\n                    <div class=\"boxed boxed--lg boxed--border\">\n                        <div class=\"feature feature-2\"> <i class=\"icon color--primary icon-Libra-2\"><\/i>\n                            <div class=\"feature__body\">\n                                <h5>Evidence recognized by courts<\/h5>\n                                <p>Recognized by the courts the world over.<\/p>\n                            <\/div>\n                        <\/div>\n                        <!--end feature-->\n                        <div class=\"feature feature-2\"> <i class=\"icon color--primary icon-Security-Check\"><\/i>\n                            <div class=\"feature__body\">\n                                <h5>Affidavit valid for life<\/h5>\n                                <p>You will have evidence for life.<\/p>\n                            <\/div>\n                        <\/div>\n                        <div class=\"feature feature-2\"> <i class=\"icon color--primary icon-Font-Window\"><\/i>\n                            <div class=\"feature__body\">\n                                <h5>Registration valid in 11 languages<\/h5>\n                                <p style=\"text-align: left;\">Your registration is available in French, English, Italian, Chinese, German, Portuguese, Arabic, Spanish, Korean, Japanese, and Russian.<\/p>\n                            <\/div>\n                        <\/div>\n                        <!--end feature-->\n                        <div class=\"feature feature-2\"> <i class=\"icon color--primary icon-Windows-2\"><\/i>\n                            <div class=\"feature__body\">\n                                <h5>Affidavits available 24\/7<\/h5>\n                                <p>Receipt of registration available online 24\/7.<\/p>\u2003<\/div>\n                        <\/div>\n                        <!--end feature-->\n                    <\/div>\n                <\/div>\n            <\/div>\n            <!--end of row-->\n        <\/div>\n        <!--end of container-->\n    <\/section>\n    <section class=\"bg--secondary text-center space--xxs\">\n        <div class=\"container\">\n            <div class=\"row\">\n                <div class=\"col-sm-12\">\n                    <h2 class=\"addtoppad\">Fidealis, helps protect your literary and artistic property<\/h2>\n                <\/div>\n            <\/div>\n            <!--end of row-->\n        <\/div>\n        <!--end of container-->\n    <\/section>\n    <section class=\"bg--secondary space--xs\">\n        <div class=\"container\">\n            <div class=\"row\">\n                <div class=\"col-sm-4\">\n                    <div class=\"feature feature-2 boxed boxed--border\"> <i class=\"icon color--primary icon-Checked-User\"><\/i>\n                        <div class=\"feature__body\">\n                            <p style=\"text-align: center;\"><span class=\"h1 h1--medium\" style=\"color: #d93d3d;\">1.<\/span><\/p>\n                            <h4 style=\"text-align: center;\">Subscribe<\/h4>\n                            <p style=\"text-align: center;\">Register free of charge. <br>No payment is needed.<\/p>\n                        <\/div>\n                    <\/div>\n                    <!--end feature-->\n                <\/div>\n                <div class=\"col-sm-4\">\n                    <div class=\"feature feature-2 boxed boxed--border\"> <i class=\"icon color--primary icon-Security-Settings\"><\/i>\n                        <div class=\"feature__body\">\n                            <p style=\"text-align: center;\"><span class=\"h1 h1--medium\" style=\"color: #d93d3d;\">2.<\/span><\/p>\n                            <h4 style=\"text-align: center;\">Guidance provided<\/h4>\n                            <p style=\"text-align: center;\">I would like an offer tailored to my needs with an advisor.<\/p>\n                        <\/div>\n                    <\/div>\n                    <!--end feature-->\n                <\/div>\n                <div class=\"col-sm-4\">\n                    <div class=\"feature feature-2 boxed boxed--border\"> <i class=\"icon color--primary icon-Security-Check\"><\/i>\n                        <div class=\"feature__body\">\n                            <p style=\"text-align: center;\"><span class=\"h1 h1--medium\" style=\"color: #d93d3d;\">3.<\/span><\/p>\n                            <h4 style=\"text-align: center;\">We protect you<\/h4>\n                            <p style=\"text-align: center;\">I upload my creative work online.<br>I'm protected!<\/p>\n                        <\/div>\n                    <\/div>\n                    <!--end feature-->\n                <\/div>\n            <\/div>\n            <!--end of row-->\n        <\/div>\n        <!--end of container-->\n    <\/section>\n    <section class=\"text-center  bg--secondary space--xxs\">\n        <div class=\"container\">\n            <div class=\"row\">\n                <div class=\"col-sm-8 col-md-6\">\n                    <div class=\"cta\"> <a title=\"\" class=\"btn type--uppercase inner-link btn--primary\" href=\"https:\/\/beta.fidealis.com\/en\/inscription\" target=\"_blank\" rel=\"noopener\"><span class=\"btn__text\">SUBSCRIBE NOW<\/span>                    <\/a>\n                        \n                            <p class=\"type--fine-print\" style=\"margin-top: 0.03em;margin-bottom:1.2em;\">No bank card details required<\/p>\n                        \n                    <\/div>\n                <\/div>\n            <\/div>\n            <!--end of row-->\n        <\/div>\n        <!--end of container-->\n    <\/section>\n    <section class=\"text-justify space--xxs\">\n        <div class=\"container\">\n            <div class=\"row\">\n                <div class=\"col-sm-6\">\n                    <p class=\"lead\"><a href=\"https:\/\/beta.fidealis.com\/en\/propriete-intellectuelle\/le-droit-d-auteur\/\">Copyright<\/a>can be defined as the set of exclusive prerogatives that a creator has over their work and consists of:<\/p>\n                    <ul class=\"bullets\">\n                        <li class=\"lead li-blocked\"><strong>Economic rights <\/strong>that are linked to the work and allow the author to decide the conditions on the exploitation of their work.<\/li>\n                        <li class=\"lead li-blocked\">Non-patrimonial or&nbsp;<strong>moral rights<\/strong>&nbsp;that are linked to the author's personality and give them the right to disclose their work, to request its withdrawal or to claim authorship and the right of respect for the work itself.<\/li>\n                    <\/ul>\n                    <p class=\"lead\">While the author's economic rights over his work have a time limit which in France is up to 70 years after the author's death, the moral rights are perpetual, inalienable and imprescriptible.<\/p>\n                    <p class=\"lead\"><strong>Neighboring rights,&nbsp;<\/strong>however, refer to all the moral and economic rights granted to people who are not authors of the work but who are related to it.<\/p>\n                    <p class=\"lead\">These can be performers, phonogram or videogram producers or audiovisual communication companies.<\/p>\n                <\/div>\n                <div class=\"col-sm-6\">\n                    <p class=\"lead\">Beneficiaries of neighboring rights have an exclusive right to authorize or prohibit the exploitation of their service and to receive remuneration.<\/p>\n                    <h2 style=\"text-align: left;\">Protection of<span style=\"color: #e03a2b;\">aesthetic creations<\/span><\/h2>\n                    <p class=\"lead\"><span style=\"font-weight: 400;\">Not all work can be protected by copyright. For the literary and artistic property code to protect work, it must be original and express the personality of its author. Once proof of this originality has been provided, the work is protected from the moment of creation and by the mere fact of its creation, Article <a href=\"https:\/\/www.legifrance.gouv.fr\/affichCodeArticle.do?idArticle=LEGIARTI000020625532&amp;cidTexte=LEGITEXT000006069565\" target=\"_blank\" rel=\"noopener\">L 111-1<\/a> of the Intellectual Property Code.<\/span><\/p>\n                    <h2>How can literary and artistic works be protected?<\/h2>\n                    <p class=\"lead\"><span style=\"font-weight: 400;\">To protect work from third parties, the author must also be able to prove the date of the artistic creation. Which is why we recommend that you use our copyright registration system in order to&nbsp;<a href=\"https:\/\/beta.fidealis.com\/en\/propriete-intellectuelle\/eviter-la-contrefacon\/\">protect your work in the event of an infringement<\/a>, content&nbsp;plagiarism, parasitism or unfair competition.<\/span><\/p>\n                <\/div>\n                <div class=\"col-sm-6\"> <\/div>\n            <\/div>\n            <!--end of row-->\n        <\/div>\n        <!--end of container-->\n    <\/section>\n    <section class=\"unpad--bottom switchable cta cta-3  bg--secondary text-center\">\n        <div class=\"container\">\n            <div class=\"row\">\n                <div class=\"col-sm-6 col-md-6\">\n                    <div class=\"switchable__text\">\n                        \n                            <h3><span style=\"color: #db3b29;\">Have total confidence in the Fidealis solution<\/span><\/h3>\n                            <h4>A pioneering solution in the protection of designs and collections, combining electronic signature technologies, timestamping and blockchain. Your creative work is instantly officially certified and archived.<\/h4>\n                        \n                        <a title=\"\" class=\"btn type--uppercase inner-link btn--primary\" href=\"https:\/\/beta.fidealis.com\/en\/inscription\" target=\"_blank\" rel=\"noopener\"> <span class=\"btn__text\">                            sUBSCRIBE FREE OF CHARGE<\/span><span class=\"label\">No credit card needed<\/span> <\/a>\n                    <\/div>\n                <\/div>\n                <div class=\"col-sm-6 col-md-5\"> <img class=\"block\" alt=\"soyez rassur\u00e9 avec Fidealis\" src=\"https:\/\/beta.fidealis.com\/wp-content\/uploads\/2018\/08\/La-propri\u00e9t\u00e9-litt\u00e9raire-et-artistique.png\"> <\/div>\n            <\/div>\n            <!--end of row-->\n        <\/div>\n        <!--end of container-->\n    <\/section>\n    \n","protected":false},"excerpt":{"rendered":"<p>Literary and artistic property Registration from 95\u20ac Registering literary and artistic property contact ME Literary and artistic property rights, along with industrial&#8230;<\/p>\n","protected":false},"author":1,"featured_media":0,"parent":15364,"menu_order":0,"comment_status":"closed","ping_status":"closed","template":"","meta":{"_joinchat":[]},"yoast_head":"<!-- This site is optimized with the Yoast SEO plugin v20.3 - https:\/\/yoast.com\/wordpress\/plugins\/seo\/ -->\n<title>Intellectual Property: Literary and Artistic Works<\/title>\n<meta name=\"description\" content=\"Literary and artistic property rights, along with industrial property, is one of the components covered by the framework of intellectual property. Let Fidealis help protect your literary and artistic works\" \/>\n<meta name=\"robots\" content=\"noindex, follow, max-snippet:-1, max-image-preview:large, max-video-preview:-1\" \/>\n<meta property=\"og:locale\" content=\"en_US\" \/>\n<meta property=\"og:type\" content=\"article\" \/>\n<meta property=\"og:title\" content=\"Intellectual Property: Literary and Artistic Works\" \/>\n<meta property=\"og:description\" content=\"Literary and artistic property rights, along with industrial property, is one of the components covered by the framework of intellectual property. Let Fidealis help protect your literary and artistic works\" \/>\n<meta property=\"og:url\" content=\"https:\/\/beta.fidealis.com\/en\/intellectual-property\/literal-and-artistic-works\/\" \/>\n<meta property=\"og:site_name\" content=\"Fidealis\" \/>\n<meta property=\"article:publisher\" content=\"https:\/\/www.facebook.com\/Fidealis-573887362622849\/\" \/>\n<meta property=\"article:modified_time\" content=\"2020-04-13T13:31:35+00:00\" \/>\n<meta name=\"twitter:card\" content=\"summary_large_image\" \/>\n<script type=\"application\/ld+json\" class=\"yoast-schema-graph\">{\"@context\":\"https:\/\/schema.org\",\"@graph\":[{\"@type\":\"WebPage\",\"@id\":\"https:\/\/beta.fidealis.com\/en\/intellectual-property\/literal-and-artistic-works\/\",\"url\":\"https:\/\/beta.fidealis.com\/en\/intellectual-property\/literal-and-artistic-works\/\",\"name\":\"Intellectual Property: Literary and Artistic Works\",\"isPartOf\":{\"@id\":\"https:\/\/beta.fidealis.com\/#website\"},\"datePublished\":\"2018-06-06T22:00:00+00:00\",\"dateModified\":\"2020-04-13T13:31:35+00:00\",\"description\":\"Literary and artistic property rights, along with industrial property, is one of the components covered by the framework of intellectual property. Let Fidealis help protect your literary and artistic works\",\"breadcrumb\":{\"@id\":\"https:\/\/beta.fidealis.com\/en\/intellectual-property\/literal-and-artistic-works\/#breadcrumb\"},\"inLanguage\":\"en-US\",\"potentialAction\":[{\"@type\":\"ReadAction\",\"target\":[\"https:\/\/beta.fidealis.com\/en\/intellectual-property\/literal-and-artistic-works\/\"]}]},{\"@type\":\"BreadcrumbList\",\"@id\":\"https:\/\/beta.fidealis.com\/en\/intellectual-property\/literal-and-artistic-works\/#breadcrumb\",\"itemListElement\":[{\"@type\":\"ListItem\",\"position\":1,\"name\":\"Accueil\",\"item\":\"https:\/\/beta.fidealis.com\/en\/\"},{\"@type\":\"ListItem\",\"position\":2,\"name\":\"Intellectual property\",\"item\":\"https:\/\/beta.fidealis.com\/en\/intellectual-property\/\"},{\"@type\":\"ListItem\",\"position\":3,\"name\":\"Literary and Artistic property\"}]},{\"@type\":\"WebSite\",\"@id\":\"https:\/\/beta.fidealis.com\/#website\",\"url\":\"https:\/\/beta.fidealis.com\/\",\"name\":\"Fidealis\",\"description\":\"Fidealis: vous cr\u00e9ez, nous prot\u00e9geons.\",\"publisher\":{\"@id\":\"https:\/\/beta.fidealis.com\/#organization\"},\"potentialAction\":[{\"@type\":\"SearchAction\",\"target\":{\"@type\":\"EntryPoint\",\"urlTemplate\":\"https:\/\/beta.fidealis.com\/?s={search_term_string}\"},\"query-input\":\"required name=search_term_string\"}],\"inLanguage\":\"en-US\"},{\"@type\":\"Organization\",\"@id\":\"https:\/\/beta.fidealis.com\/#organization\",\"name\":\"Fidealis\",\"url\":\"https:\/\/beta.fidealis.com\/\",\"logo\":{\"@type\":\"ImageObject\",\"inLanguage\":\"en-US\",\"@id\":\"https:\/\/beta.fidealis.com\/#\/schema\/logo\/image\/\",\"url\":\"https:\/\/www.fidealis.com\/wp-content\/uploads\/2018\/04\/logo-fidealis.png\",\"contentUrl\":\"https:\/\/www.fidealis.com\/wp-content\/uploads\/2018\/04\/logo-fidealis.png\",\"width\":525,\"height\":205,\"caption\":\"Fidealis\"},\"image\":{\"@id\":\"https:\/\/beta.fidealis.com\/#\/schema\/logo\/image\/\"},\"sameAs\":[\"https:\/\/www.facebook.com\/Fidealis-573887362622849\/\"]}]}<\/script>\n<!-- \/ Yoast SEO plugin. -->","yoast_head_json":{"title":"Intellectual Property: Literary and Artistic Works","description":"Literary and artistic property rights, along with industrial property, is one of the components covered by the framework of intellectual property. Let Fidealis help protect your literary and artistic works","robots":{"index":"noindex","follow":"follow","max-snippet":"max-snippet:-1","max-image-preview":"max-image-preview:large","max-video-preview":"max-video-preview:-1"},"og_locale":"en_US","og_type":"article","og_title":"Intellectual Property: Literary and Artistic Works","og_description":"Literary and artistic property rights, along with industrial property, is one of the components covered by the framework of intellectual property. Let Fidealis help protect your literary and artistic works","og_url":"https:\/\/beta.fidealis.com\/en\/intellectual-property\/literal-and-artistic-works\/","og_site_name":"Fidealis","article_publisher":"https:\/\/www.facebook.com\/Fidealis-573887362622849\/","article_modified_time":"2020-04-13T13:31:35+00:00","twitter_card":"summary_large_image","schema":{"@context":"https:\/\/schema.org","@graph":[{"@type":"WebPage","@id":"https:\/\/beta.fidealis.com\/en\/intellectual-property\/literal-and-artistic-works\/","url":"https:\/\/beta.fidealis.com\/en\/intellectual-property\/literal-and-artistic-works\/","name":"Intellectual Property: Literary and Artistic Works","isPartOf":{"@id":"https:\/\/beta.fidealis.com\/#website"},"datePublished":"2018-06-06T22:00:00+00:00","dateModified":"2020-04-13T13:31:35+00:00","description":"Literary and artistic property rights, along with industrial property, is one of the components covered by the framework of intellectual property. Let Fidealis help protect your literary and artistic works","breadcrumb":{"@id":"https:\/\/beta.fidealis.com\/en\/intellectual-property\/literal-and-artistic-works\/#breadcrumb"},"inLanguage":"en-US","potentialAction":[{"@type":"ReadAction","target":["https:\/\/beta.fidealis.com\/en\/intellectual-property\/literal-and-artistic-works\/"]}]},{"@type":"BreadcrumbList","@id":"https:\/\/beta.fidealis.com\/en\/intellectual-property\/literal-and-artistic-works\/#breadcrumb","itemListElement":[{"@type":"ListItem","position":1,"name":"Accueil","item":"https:\/\/beta.fidealis.com\/en\/"},{"@type":"ListItem","position":2,"name":"Intellectual property","item":"https:\/\/beta.fidealis.com\/en\/intellectual-property\/"},{"@type":"ListItem","position":3,"name":"Literary and Artistic property"}]},{"@type":"WebSite","@id":"https:\/\/beta.fidealis.com\/#website","url":"https:\/\/beta.fidealis.com\/","name":"Fidealis","description":"Fidealis: vous cr\u00e9ez, nous prot\u00e9geons.","publisher":{"@id":"https:\/\/beta.fidealis.com\/#organization"},"potentialAction":[{"@type":"SearchAction","target":{"@type":"EntryPoint","urlTemplate":"https:\/\/beta.fidealis.com\/?s={search_term_string}"},"query-input":"required name=search_term_string"}],"inLanguage":"en-US"},{"@type":"Organization","@id":"https:\/\/beta.fidealis.com\/#organization","name":"Fidealis","url":"https:\/\/beta.fidealis.com\/","logo":{"@type":"ImageObject","inLanguage":"en-US","@id":"https:\/\/beta.fidealis.com\/#\/schema\/logo\/image\/","url":"https:\/\/www.fidealis.com\/wp-content\/uploads\/2018\/04\/logo-fidealis.png","contentUrl":"https:\/\/www.fidealis.com\/wp-content\/uploads\/2018\/04\/logo-fidealis.png","width":525,"height":205,"caption":"Fidealis"},"image":{"@id":"https:\/\/beta.fidealis.com\/#\/schema\/logo\/image\/"},"sameAs":["https:\/\/www.facebook.com\/Fidealis-573887362622849\/"]}]}},"_links":{"self":[{"href":"https:\/\/beta.fidealis.com\/en\/wp-json\/wp\/v2\/pages\/15373"}],"collection":[{"href":"https:\/\/beta.fidealis.com\/en\/wp-json\/wp\/v2\/pages"}],"about":[{"href":"https:\/\/beta.fidealis.com\/en\/wp-json\/wp\/v2\/types\/page"}],"author":[{"embeddable":true,"href":"https:\/\/beta.fidealis.com\/en\/wp-json\/wp\/v2\/users\/1"}],"replies":[{"embeddable":true,"href":"https:\/\/beta.fidealis.com\/en\/wp-json\/wp\/v2\/comments?post=15373"}],"version-history":[{"count":4,"href":"https:\/\/beta.fidealis.com\/en\/wp-json\/wp\/v2\/pages\/15373\/revisions"}],"predecessor-version":[{"id":15888,"href":"https:\/\/beta.fidealis.com\/en\/wp-json\/wp\/v2\/pages\/15373\/revisions\/15888"}],"up":[{"embeddable":true,"href":"https:\/\/beta.fidealis.com\/en\/wp-json\/wp\/v2\/pages\/15364"}],"wp:attachment":[{"href":"https:\/\/beta.fidealis.com\/en\/wp-json\/wp\/v2\/media?parent=15373"}],"curies":[{"name":"wp","href":"https:\/\/api.w.org\/{rel}","templated":true}]}}