{"id":15379,"date":"2018-07-23T00:00:00","date_gmt":"2018-07-22T22:00:00","guid":{"rendered":"https:\/\/www.fidealis.com\/register-copyright"},"modified":"2020-04-13T15:54:29","modified_gmt":"2020-04-13T13:54:29","slug":"register-copyright","status":"publish","type":"page","link":"https:\/\/beta.fidealis.com\/en\/register-copyright\/","title":{"rendered":"Registering design models online"},"content":{"rendered":"\n    <section class=\"cover imagebg text-center height-60 section--ken-burns\" data-overlay=\"4\">\n        <div class=\"background-image-holder\"><img alt=\"d\u00e9posez et prot\u00e9gez vos cr\u00e9ations avec le d\u00e9p\u00f4t de copyright en ligne fidealis\" src=\"https:\/\/beta.fidealis.com\/wp-content\/uploads\/2018\/07\/depot-de-cr\u00e9ation-pour-entreprise.jpg\"><\/div>\n        <div class=\"container pos-vertical-center\">\n            <div class=\"row\">\n                <div class=\"col-sm-8 col-md-9\">\n                    \n                        <h1>Online registration of patents or copyright<\/h1>\n                    \n                <\/div>\n            <\/div>\n            <!--end of row-->\n        <\/div>\n        <!--end of container-->\n    <\/section>\n    <section class=\"bg--secondary space--xxs\">\n        <div class=\"container\">\n            <div class=\"row\">\n                <div class=\"cta cta--horizontal text-center-xs\">\n                    <div class=\"col-sm-4\">\n                        <h4>Registration from 95\u20ac<\/h4>\n                    <\/div>\n                    <div class=\"col-sm-5\">\n                        <p class=\"lead\"> Solution for the online registration of patents and copyright<\/p>\n                    <\/div>\n                    <div class=\"col-sm-3 text-right text-center-xs\">\n                        <a title=\"\" class=\"btn btn--primary type--uppercase\" href=\"https:\/\/beta.fidealis.com\/en\/qui-sommes-nous\/contactez-nous\/\" target=\"\" rel=\"\"> <span class=\"btn__text\">contact me<\/span> <\/a>\n                    <\/div>\n                <\/div>\n            <\/div>\n            <!--end of row-->\n        <\/div>\n        <!--end of container-->\n    <\/section>\n    <section class=\"switchable feature-large  space--xxs text-justify\">\n        <div class=\"container\">\n            <div class=\"row\">\n                <div class=\"col-sm-6 col-md-6\">\n                    <div class=\"switchable__text\">\n                        <p>For creators or creative people who produce documents, designs or creations, protecting and registering their work has become essential, whether as a legal entity or individual person. Registering copyright or design models is critical for the protection of<a href=\"https:\/\/beta.fidealis.com\/en\/propriete-intellectuelle\/\">intellectual property<\/a>. Work should be marked when copyright is registered to prove authorship, and each new creative work should have the copyright symbol on it to protect any Intellectual Property.<\/p>\n                        <h2>What size document can I register for copyright?<\/h2>\n                        <p>For online processing, we have found that files smaller than 5 Mo can be processed in a reasonable amount of time and can also be sent directly to a mailbox without restriction from the ISP.<\/p>\n                        <p>For larger files, our customers tend to send a CD by mail or via file transfer systems (WeTransfer) so it can be processed at our headquarters at no extra cost.<\/p>\n                    <\/div>\n                <\/div>\n                <div class=\"col-sm-5\">\n                    <div class=\"boxed boxed--lg boxed--border\">\n                        <div class=\"feature feature-2\"> <i class=\"icon color--primary icon-Libra-2\"><\/i>\n                            <div class=\"feature__body\">\n                                <h5>Evidence recognized by courts<\/h5>\n                                <p>Recognized by the courts the world over.<\/p>\n                            <\/div>\n                        <\/div>\n                        <!--end feature-->\n                        <div class=\"feature feature-2\"> <i class=\"icon color--primary icon-Security-Check\"><\/i>\n                            <div class=\"feature__body\">\n                                <h5>Affidavit valid for life<\/h5>\n                                <p>You will have evidence for life.<\/p>\n                            <\/div>\n                        <\/div>\n                        <div class=\"feature feature-2\"> <i class=\"icon color--primary icon-Font-Window\"><\/i>\n                            <div class=\"feature__body\">\n                                <h5>Registration valid in 11 languages<\/h5>\n                                <p style=\"text-align: left;\">Your registration is available in French, English, Italian, Chinese, German, Portuguese, Arabic, Spanish, Korean, Japanese, and Russian.<\/p>\n                            <\/div>\n                        <\/div>\n                        <!--end feature-->\n                        <div class=\"feature feature-2\"> <i class=\"icon color--primary icon-Windows-2\"><\/i>\n                            <div class=\"feature__body\">\n                                <h5>Affidavits available 24\/7<\/h5>\n                                <p>Receipt of registration available online 24\/7.<\/p>\u2003<\/div>\n                        <\/div>\n                        <!--end feature-->\n                    <\/div>\n                <\/div>\n            <\/div>\n            <!--end of row-->\n        <\/div>\n        <!--end of container-->\n    <\/section>\n    <section class=\"bg--secondary text-center space--xxs\">\n        <div class=\"container\">\n            <div class=\"row\">\n                <div class=\"col-sm-12\">\n                    <h2 class=\"addtoppad\">How does the online patent registration work?<\/h2>\n                <\/div>\n            <\/div>\n            <!--end of row-->\n        <\/div>\n        <!--end of container-->\n    <\/section>\n    <section class=\"bg--secondary space--xs\">\n        <div class=\"container\">\n            <div class=\"row\">\n                <div class=\"col-sm-4\">\n                    <div class=\"feature feature-2 boxed boxed--border\"> <i class=\"icon color--primary icon-Checked-User\"><\/i>\n                        <div class=\"feature__body\">\n                            <p style=\"text-align: center;\"><span class=\"h1 h1--medium\" style=\"color: #d93d3d;\">1.<\/span><\/p>\n                            <h4 style=\"text-align: center;\">Subscribe<\/h4>\n                            <p style=\"text-align: center;\">I register free of charge. <br>No payment is needed.<\/p>\n                        <\/div>\n                    <\/div>\n                    <!--end feature-->\n                <\/div>\n                <div class=\"col-sm-4\">\n                    <div class=\"feature feature-2 boxed boxed--border\"> <i class=\"icon color--primary icon-Security-Settings\"><\/i>\n                        <div class=\"feature__body\">\n                            <p style=\"text-align: center;\"><span class=\"h1 h1--medium\" style=\"color: #d93d3d;\">2.<\/span><\/p>\n                            <h4 style=\"text-align: center;\">Guidance provided<\/h4>\n                            <p style=\"text-align: center;\">I would like an offer tailored to my needs with an advisor.<\/p>\n                        <\/div>\n                    <\/div>\n                    <!--end feature-->\n                <\/div>\n                <div class=\"col-sm-4\">\n                    <div class=\"feature feature-2 boxed boxed--border\"> <i class=\"icon color--primary icon-Security-Check\"><\/i>\n                        <div class=\"feature__body\">\n                            <p style=\"text-align: center;\"><span class=\"h1 h1--medium\" style=\"color: #d93d3d;\">3.<\/span><\/p>\n                            <h4 style=\"text-align: center;\">We protect you<\/h4>\n                            <p style=\"text-align: center;\">I upload my creative work online.<br>I'm protected!<\/p>\n                        <\/div>\n                    <\/div>\n                    <!--end feature-->\n                <\/div>\n            <\/div>\n            <!--end of row-->\n        <\/div>\n        <!--end of container-->\n    <\/section>\n    <section class=\"text-center  bg--secondary space--xxs\">\n        <div class=\"container\">\n            <div class=\"row\">\n                <div class=\"col-sm-8 col-md-6\">\n                    <div class=\"cta\"> <a title=\"\" class=\"btn type--uppercase inner-link btn--primary\" href=\"https:\/\/beta.fidealis.com\/en\/inscription\" target=\"_blank\" rel=\"noopener\"><span class=\"btn__text\">SUBSCRIBE NOW<\/span>                    <\/a>\n                        \n                            <p class=\"type--fine-print\" style=\"margin-top: 0.03em;margin-bottom:1.2em;\">No bank card details required<\/p>\n                        \n                    <\/div>\n                <\/div>\n            <\/div>\n            <!--end of row-->\n        <\/div>\n        <!--end of container-->\n    <\/section>\n    <section class=\"text-justify space--xxs\">\n        <div class=\"container\">\n            <div class=\"row\">\n                <div class=\"col-sm-6\">\n                    <div class=\"col-left-custom\">\n                        <h2 style=\"text-align: left;\">Protect an idea<\/h2>\n                        <p class=\"lead\"><span style=\"font-weight: 400;\"><a href=\"https:\/\/beta.fidealis.com\/en\/depot-copyright\/proteger-une-idee\/\">Protecting an idea<\/a> is not always a simple matter. But as soon as the elements of an idea become tangible, it becomes important to protect them from theft by a third party. Fidealis can help in this process thanks to its 100% online copyright registration solution.<\/span><\/p>\n                        <h2 style=\"text-align: left;\">Register a logo<\/h2>\n                        <p class=\"lead\"><a href=\"https:\/\/beta.fidealis.com\/en\/depot-copyright\/deposer-un-logo\/\">Protecting a logo<\/a> by using the Fidealis solution means ensuring proof of ownership and the ability to defend yourself in the event of an infringement. Time must have been spent on its creation or maybe even service provider was paid for this logo so, don't let it get stolen.<\/p>\n                        <h2 style=\"text-align: left;\">Register a trademark<\/h2>\n                        <p class=\"lead\"><a href=\"https:\/\/beta.fidealis.com\/en\/depot-copyright\/deposer-une-marque\/\"><span style=\"font-weight: 400;\">Trademark registration<\/span><\/a> is an important step in launching a business and ensures that only you can use your trademark in your field and\/or similar ones. Registering copyright of a trademark means it can be immediately published in different media without the risk of having it stolen.<\/p>\n                        <h2 style=\"text-align: left;\">Protect your music<\/h2>\n                        <p class=\"lead\"><span style=\"font-weight: 400;\">When you are a creator a large part of your time is spent thinking about and shaping your ideas. It would be a pity if the work were to benefit others. In the case of music (scores, lyrics, arrangements...) registering <a href=\"https:\/\/beta.fidealis.com\/en\/depot-copyright\/proteger-sa-musique\/\">music copyright<\/a><\/span>&nbsp;i<span style=\"font-weight: 400;\">s the ideal solution to this problem.<\/span><\/p>\n                        <h2 style=\"text-align: left;\">Copyright website<\/h2>\n                        <p class=\"lead\"><span style=\"font-weight: 400;\"><a href=\"https:\/\/beta.fidealis.com\/en\/depot-copyright\/deposer-site-internet\/\">Protecting a website<\/a>&nbsp;from plagiarism has become imperative in this ultra-connected world where access to information is immediate and extremely simple. Energy is devoted to making a site unique and appealing to visitors. Do not run the risk of plagiarism, think about protecting it by copyright registration of the website<\/span>.<\/p>\n                    <\/div>\n                <\/div>\n                <div class=\"col-sm-6\">\n                    <div class=\"col-right-custom\">\n                        <h2 style=\"text-align: left;\">Protect a design<\/h2>\n                        <p class=\"lead\"><span style=\"font-weight: 400;\"><a href=\"https:\/\/beta.fidealis.com\/en\/depot-copyright\/deposer-un-design\/\">Protect designs<\/a> from theft or fraudulent use by registering designs, models and sketches online immediately and easily to ensure ownership. Do not allow anyone to use your talent and design creations for free.<\/span><\/p>\n                        <h2 style=\"text-align: left;\">Intellectual protection of software<\/h2>\n                        <p class=\"lead\"><span style=\"font-weight: 400;\"><a href=\"https:\/\/beta.fidealis.com\/en\/depot-copyright\/deposer-un-logiciel\/\">Software should be protected<\/a> from the competition and unfortunately, there is only one other solution apart from secrecy and that is copyright registration for software and algorithms. Compile a complete file of all documentation and register it online with the Fidealis blockchain registration solution.<\/span><\/p>\n                        <h2 style=\"text-align: left;\">Protect your photos<\/h2>\n                        <p class=\"lead\"><span style=\"font-weight: 400;\"><a href=\"https:\/\/beta.fidealis.com\/en\/depot-copyright\/proteger-photos\/\">Pictures and photos can be protected<\/a>&nbsp;<\/span>from theft by a third party by officially registering them. Fidealis offers an easy and quick solution that also allows the distribution of your photos on the web&nbsp;<span style=\"font-size: 17.3714px;\">to be monitored and therefore prevent any unwanted use of them<\/span><span style=\"font-size: 1.35714em;\">.<\/span><\/p>\n                        <h2 style=\"text-align: left;\">Protect a film or video<\/h2>\n                        <p class=\"lead\"><span style=\"font-weight: 400;\">Registering&nbsp;<a href=\"https:\/\/beta.fidealis.com\/en\/depot-copyright\/deposer-videos-films\/\">your videos<\/a><\/span> on our officially certified copyright system is carried out in the same way as for photos. Today, broadcasting videos on the Internet can be very quick. Easily prove the paternity of your films and videos thanks to copyright registration.<\/p>\n                        <h2 style=\"text-align: left;\">Protect creative work<\/h2>\n                        <p class=\"lead\"><span><a href=\"https:\/\/beta.fidealis.com\/en\/depot-copyright\/proteger-une-oeuvre\/\">Protecting creative work<\/a>&nbsp;by registering it allows you to easily claim authorship over it. Whether it is artistic or not, in 2d or 3d, Fidealis copyright registration is the ideal solution to protect any creative work from theft or plagiarism.<\/span><\/p>\n                    <\/div>\n                <\/div>\n                <div class=\"col-sm-6\"> <\/div>\n            <\/div>\n            <!--end of row-->\n        <\/div>\n        <!--end of container-->\n    <\/section>\n    <section class=\"unpad--bottom switchable cta cta-3  bg--secondary text-center\">\n        <div class=\"container\">\n            <div class=\"row\">\n                <div class=\"col-sm-6 col-md-6\">\n                    <div class=\"switchable__text\">\n                        \n                            <h3><span style=\"color: #db3b29;\">Fidealis, the easy way to protect your creative work<\/span><\/h3>\n                            <p class=\"lead\">A pioneering solution in the protection of designs and collections, combining electronic signature technologies, timestamping and blockchain. Your creative work is instantly officially certified and archived.<\/p>\n                        \n                        <a title=\"\" class=\"btn type--uppercase inner-link btn--primary\" href=\"https:\/\/beta.fidealis.com\/en\/inscription\" target=\"_blank\" rel=\"noopener\"> <span class=\"btn__text\">                            SUBSCRIBE FREE OF CHARGE<\/span><span class=\"label\">No credit card needed<\/span> <\/a>\n                    <\/div>\n                <\/div>\n                <div class=\"col-sm-6 col-md-5\"> <img class=\"block\" alt=\"fidealis prot\u00e8ge toutes vos cr\u00e9ations\" src=\"https:\/\/beta.fidealis.com\/wp-content\/uploads\/2017\/04\/avatar-large-1.png\"> <\/div>\n            <\/div>\n            <!--end of row-->\n        <\/div>\n        <!--end of container-->\n    <\/section>\n    \n","protected":false},"excerpt":{"rendered":"<p>Online registration of patents or copyright Registration from 95\u20ac Solution for the online registration of patents and copyright contact me For creators&#8230;<\/p>\n","protected":false},"author":1,"featured_media":0,"parent":0,"menu_order":0,"comment_status":"closed","ping_status":"closed","template":"","meta":{"_joinchat":[]},"yoast_head":"<!-- This site is optimized with the Yoast SEO plugin v20.3 - https:\/\/yoast.com\/wordpress\/plugins\/seo\/ -->\n<title>Protect your creations with Patents or Copyright<\/title>\n<meta name=\"description\" content=\"Registering Copyright, or a Patent for creators and creative people is crucial for the protection of intellectual property. It should be marked when Copyright is registered to prove authorship and thus protect all their Intellectual Property\" \/>\n<meta name=\"robots\" content=\"noindex, follow, max-snippet:-1, max-image-preview:large, max-video-preview:-1\" \/>\n<meta property=\"og:locale\" content=\"en_US\" \/>\n<meta property=\"og:type\" content=\"article\" \/>\n<meta property=\"og:title\" content=\"Protect your creations with Patents or Copyright\" \/>\n<meta property=\"og:description\" content=\"Registering Copyright, or a Patent for creators and creative people is crucial for the protection of intellectual property. It should be marked when Copyright is registered to prove authorship and thus protect all their Intellectual Property\" \/>\n<meta property=\"og:url\" content=\"https:\/\/beta.fidealis.com\/en\/register-copyright\/\" \/>\n<meta property=\"og:site_name\" content=\"Fidealis\" \/>\n<meta property=\"article:publisher\" content=\"https:\/\/www.facebook.com\/Fidealis-573887362622849\/\" \/>\n<meta property=\"article:modified_time\" content=\"2020-04-13T13:54:29+00:00\" \/>\n<meta name=\"twitter:card\" content=\"summary_large_image\" \/>\n<script type=\"application\/ld+json\" class=\"yoast-schema-graph\">{\"@context\":\"https:\/\/schema.org\",\"@graph\":[{\"@type\":\"WebPage\",\"@id\":\"https:\/\/beta.fidealis.com\/en\/register-copyright\/\",\"url\":\"https:\/\/beta.fidealis.com\/en\/register-copyright\/\",\"name\":\"Protect your creations with Patents or Copyright\",\"isPartOf\":{\"@id\":\"https:\/\/beta.fidealis.com\/#website\"},\"datePublished\":\"2018-07-22T22:00:00+00:00\",\"dateModified\":\"2020-04-13T13:54:29+00:00\",\"description\":\"Registering Copyright, or a Patent for creators and creative people is crucial for the protection of intellectual property. It should be marked when Copyright is registered to prove authorship and thus protect all their Intellectual Property\",\"breadcrumb\":{\"@id\":\"https:\/\/beta.fidealis.com\/en\/register-copyright\/#breadcrumb\"},\"inLanguage\":\"en-US\",\"potentialAction\":[{\"@type\":\"ReadAction\",\"target\":[\"https:\/\/beta.fidealis.com\/en\/register-copyright\/\"]}]},{\"@type\":\"BreadcrumbList\",\"@id\":\"https:\/\/beta.fidealis.com\/en\/register-copyright\/#breadcrumb\",\"itemListElement\":[{\"@type\":\"ListItem\",\"position\":1,\"name\":\"Accueil\",\"item\":\"https:\/\/beta.fidealis.com\/en\/\"},{\"@type\":\"ListItem\",\"position\":2,\"name\":\"Registering design models online\"}]},{\"@type\":\"WebSite\",\"@id\":\"https:\/\/beta.fidealis.com\/#website\",\"url\":\"https:\/\/beta.fidealis.com\/\",\"name\":\"Fidealis\",\"description\":\"Fidealis: vous cr\u00e9ez, nous prot\u00e9geons.\",\"publisher\":{\"@id\":\"https:\/\/beta.fidealis.com\/#organization\"},\"potentialAction\":[{\"@type\":\"SearchAction\",\"target\":{\"@type\":\"EntryPoint\",\"urlTemplate\":\"https:\/\/beta.fidealis.com\/?s={search_term_string}\"},\"query-input\":\"required name=search_term_string\"}],\"inLanguage\":\"en-US\"},{\"@type\":\"Organization\",\"@id\":\"https:\/\/beta.fidealis.com\/#organization\",\"name\":\"Fidealis\",\"url\":\"https:\/\/beta.fidealis.com\/\",\"logo\":{\"@type\":\"ImageObject\",\"inLanguage\":\"en-US\",\"@id\":\"https:\/\/beta.fidealis.com\/#\/schema\/logo\/image\/\",\"url\":\"https:\/\/www.fidealis.com\/wp-content\/uploads\/2018\/04\/logo-fidealis.png\",\"contentUrl\":\"https:\/\/www.fidealis.com\/wp-content\/uploads\/2018\/04\/logo-fidealis.png\",\"width\":525,\"height\":205,\"caption\":\"Fidealis\"},\"image\":{\"@id\":\"https:\/\/beta.fidealis.com\/#\/schema\/logo\/image\/\"},\"sameAs\":[\"https:\/\/www.facebook.com\/Fidealis-573887362622849\/\"]}]}<\/script>\n<!-- \/ Yoast SEO plugin. -->","yoast_head_json":{"title":"Protect your creations with Patents or Copyright","description":"Registering Copyright, or a Patent for creators and creative people is crucial for the protection of intellectual property. It should be marked when Copyright is registered to prove authorship and thus protect all their Intellectual Property","robots":{"index":"noindex","follow":"follow","max-snippet":"max-snippet:-1","max-image-preview":"max-image-preview:large","max-video-preview":"max-video-preview:-1"},"og_locale":"en_US","og_type":"article","og_title":"Protect your creations with Patents or Copyright","og_description":"Registering Copyright, or a Patent for creators and creative people is crucial for the protection of intellectual property. It should be marked when Copyright is registered to prove authorship and thus protect all their Intellectual Property","og_url":"https:\/\/beta.fidealis.com\/en\/register-copyright\/","og_site_name":"Fidealis","article_publisher":"https:\/\/www.facebook.com\/Fidealis-573887362622849\/","article_modified_time":"2020-04-13T13:54:29+00:00","twitter_card":"summary_large_image","schema":{"@context":"https:\/\/schema.org","@graph":[{"@type":"WebPage","@id":"https:\/\/beta.fidealis.com\/en\/register-copyright\/","url":"https:\/\/beta.fidealis.com\/en\/register-copyright\/","name":"Protect your creations with Patents or Copyright","isPartOf":{"@id":"https:\/\/beta.fidealis.com\/#website"},"datePublished":"2018-07-22T22:00:00+00:00","dateModified":"2020-04-13T13:54:29+00:00","description":"Registering Copyright, or a Patent for creators and creative people is crucial for the protection of intellectual property. It should be marked when Copyright is registered to prove authorship and thus protect all their Intellectual Property","breadcrumb":{"@id":"https:\/\/beta.fidealis.com\/en\/register-copyright\/#breadcrumb"},"inLanguage":"en-US","potentialAction":[{"@type":"ReadAction","target":["https:\/\/beta.fidealis.com\/en\/register-copyright\/"]}]},{"@type":"BreadcrumbList","@id":"https:\/\/beta.fidealis.com\/en\/register-copyright\/#breadcrumb","itemListElement":[{"@type":"ListItem","position":1,"name":"Accueil","item":"https:\/\/beta.fidealis.com\/en\/"},{"@type":"ListItem","position":2,"name":"Registering design models online"}]},{"@type":"WebSite","@id":"https:\/\/beta.fidealis.com\/#website","url":"https:\/\/beta.fidealis.com\/","name":"Fidealis","description":"Fidealis: vous cr\u00e9ez, nous prot\u00e9geons.","publisher":{"@id":"https:\/\/beta.fidealis.com\/#organization"},"potentialAction":[{"@type":"SearchAction","target":{"@type":"EntryPoint","urlTemplate":"https:\/\/beta.fidealis.com\/?s={search_term_string}"},"query-input":"required name=search_term_string"}],"inLanguage":"en-US"},{"@type":"Organization","@id":"https:\/\/beta.fidealis.com\/#organization","name":"Fidealis","url":"https:\/\/beta.fidealis.com\/","logo":{"@type":"ImageObject","inLanguage":"en-US","@id":"https:\/\/beta.fidealis.com\/#\/schema\/logo\/image\/","url":"https:\/\/www.fidealis.com\/wp-content\/uploads\/2018\/04\/logo-fidealis.png","contentUrl":"https:\/\/www.fidealis.com\/wp-content\/uploads\/2018\/04\/logo-fidealis.png","width":525,"height":205,"caption":"Fidealis"},"image":{"@id":"https:\/\/beta.fidealis.com\/#\/schema\/logo\/image\/"},"sameAs":["https:\/\/www.facebook.com\/Fidealis-573887362622849\/"]}]}},"_links":{"self":[{"href":"https:\/\/beta.fidealis.com\/en\/wp-json\/wp\/v2\/pages\/15379"}],"collection":[{"href":"https:\/\/beta.fidealis.com\/en\/wp-json\/wp\/v2\/pages"}],"about":[{"href":"https:\/\/beta.fidealis.com\/en\/wp-json\/wp\/v2\/types\/page"}],"author":[{"embeddable":true,"href":"https:\/\/beta.fidealis.com\/en\/wp-json\/wp\/v2\/users\/1"}],"replies":[{"embeddable":true,"href":"https:\/\/beta.fidealis.com\/en\/wp-json\/wp\/v2\/comments?post=15379"}],"version-history":[{"count":2,"href":"https:\/\/beta.fidealis.com\/en\/wp-json\/wp\/v2\/pages\/15379\/revisions"}],"predecessor-version":[{"id":15915,"href":"https:\/\/beta.fidealis.com\/en\/wp-json\/wp\/v2\/pages\/15379\/revisions\/15915"}],"wp:attachment":[{"href":"https:\/\/beta.fidealis.com\/en\/wp-json\/wp\/v2\/media?parent=15379"}],"curies":[{"name":"wp","href":"https:\/\/api.w.org\/{rel}","templated":true}]}}