{"id":15385,"date":"2018-06-19T00:00:00","date_gmt":"2018-06-18T22:00:00","guid":{"rendered":"https:\/\/www.fidealis.com\/register-copyright\/register-a-trademark"},"modified":"2020-04-13T16:00:45","modified_gmt":"2020-04-13T14:00:45","slug":"register-a-trademark","status":"publish","type":"page","link":"https:\/\/beta.fidealis.com\/en\/register-copyright\/register-a-trademark\/","title":{"rendered":"Register a trademark"},"content":{"rendered":"\n    <section class=\"cover imagebg text-center height-60 section--ken-burns\" data-overlay=\"4\">\n        <div class=\"background-image-holder\"><img alt=\"\" src=\"https:\/\/beta.fidealis.com\/wp-content\/uploads\/2018\/06\/d\u00e9p\u00f4t-de-marque.jpg\"><\/div>\n        <div class=\"container pos-vertical-center\">\n            <div class=\"row\">\n                <div class=\"col-sm-8 col-md-9\">\n                    \n                        <h1>File and protect a trademark<\/h1>\n                    \n                <\/div>\n            <\/div>\n            <!--end of row-->\n        <\/div>\n        <!--end of container-->\n    <\/section>\n    <section class=\"bg--secondary space--xxs\">\n        <div class=\"container\">\n            <div class=\"row\">\n                <div class=\"cta cta--horizontal text-center-xs\">\n                    <div class=\"col-sm-4\">\n                        <h4>Registration from 95\u20ac<\/h4>\n                    <\/div>\n                    <div class=\"col-sm-5\">\n                        <p class=\"lead\">The best online solution for your protection<\/p>\n                    <\/div>\n                    <div class=\"col-sm-3 text-right text-center-xs\">\n                        <a title=\"\" class=\"btn btn--primary type--uppercase\" href=\"https:\/\/beta.fidealis.com\/en\/qui-sommes-nous\/contactez-nous\/\" target=\"\" rel=\"\"> <span class=\"btn__text\">contact ME<\/span> <\/a>\n                    <\/div>\n                <\/div>\n            <\/div>\n            <!--end of row-->\n        <\/div>\n        <!--end of container-->\n    <\/section>\n    <section class=\"switchable feature-large  space--xxs text-justify\">\n        <div class=\"container\">\n            <div class=\"row\">\n                <div class=\"col-sm-6 col-md-6\">\n                    <div class=\"switchable__text\">\n                        <p class=\"lead\"><span style=\"font-weight: 400;\">A trademark is one of the essential elements of a company's intangible assets. It is the distinctive sign that allows it to promote its products and services but also to distinguish itself from its competitors. This is why it is essential to protect it effectively by registering an <a href=\"https:\/\/beta.fidealis.com\/en\/depot-copyright\/\">online application<\/a>.<\/span><\/p>\n                        <h2 style=\"text-align: left;\">Definition of a registrable trademark<\/h2>\n                        <p class=\"lead\"><span style=\"font-weight: 400;\">Not all signs can be registered as trademarks. To be registered, a trademark must be: <\/span><\/p>\n                        <ul class=\"bullets\">\n                            <li class=\"lead li-blocked\"><b>Distinctive<\/b><span style=\"font-weight: 400;\">: the trademark should not be a generic word or expression used to describe your product or service.<\/span><\/li>\n                            <li class=\"lead li-blocked\"><span style=\"font-weight: 400;\"><b>Available<\/b><\/span><span style=\"font-weight: 400;\">: the trademark must not reproduce or imitate a sign that benefits from rights previously registered. Before any trademark application is filed, a search for prior applications should be carried out.<\/span><\/li>\n                        <\/ul>\n                    <\/div>\n                <\/div>\n                <div class=\"col-sm-5\">\n                    <div class=\"boxed boxed--lg boxed--border\">\n                        <div class=\"feature feature-2\"> <i class=\"icon color--primary icon-Libra-2\"><\/i>\n                            <div class=\"feature__body\">\n                                <h5>Evidence recognized by courts<\/h5>\n                                <p>Recognized by the courts the world over.<\/p>\n                            <\/div>\n                        <\/div>\n                        <!--end feature-->\n                        <div class=\"feature feature-2\"> <i class=\"icon color--primary icon-Security-Check\"><\/i>\n                            <div class=\"feature__body\">\n                                <h5>Affidavit valid for life<\/h5>\n                                <p>You will have evidence for life.<\/p>\n                            <\/div>\n                        <\/div>\n                        <div class=\"feature feature-2\"> <i class=\"icon color--primary icon-Font-Window\"><\/i>\n                            <div class=\"feature__body\">\n                                <h5>Registration valid in 11 languages<\/h5>\n                                <p style=\"text-align: left;\">Your registration is available in French, English, Italian, Chinese, German, Portuguese, Arabic, Spanish, Korean, Japanese, and Russian.<\/p>\n                            <\/div>\n                        <\/div>\n                        <!--end feature-->\n                        <div class=\"feature feature-2\"> <i class=\"icon color--primary icon-Windows-2\"><\/i>\n                            <div class=\"feature__body\">\n                                <h5>Affidavits available 24\/7<\/h5>\n                                <p>Receipt of registration available online 24\/7.<\/p>\u2003<\/div>\n                        <\/div>\n                        <!--end feature-->\n                    <\/div>\n                <\/div>\n            <\/div>\n            <!--end of row-->\n        <\/div>\n        <!--end of container-->\n    <\/section>\n    <section class=\"bg--secondary text-center space--xxs\">\n        <div class=\"container\">\n            <div class=\"row\">\n                <div class=\"col-sm-12\">\n                    <h2 class=\"addtoppad\">How can Fidealis help protect my trademark?<\/h2>\n                <\/div>\n            <\/div>\n            <!--end of row-->\n        <\/div>\n        <!--end of container-->\n    <\/section>\n    <section class=\"bg--secondary space--xs\">\n        <div class=\"container\">\n            <div class=\"row\">\n                <div class=\"col-sm-4\">\n                    <div class=\"feature feature-2 boxed boxed--border\"> <i class=\"icon color--primary icon-Checked-User\"><\/i>\n                        <div class=\"feature__body\">\n                            <p style=\"text-align: center;\"><span class=\"h1 h1--medium\" style=\"color: #d93d3d;\">1.<\/span><\/p>\n                            <h4 style=\"text-align: center;\">Subscribe<\/h4>\n                            <p style=\"text-align: center;\">Register free of charge. <br>No payment is needed.<\/p>\n                        <\/div>\n                    <\/div>\n                    <!--end feature-->\n                <\/div>\n                <div class=\"col-sm-4\">\n                    <div class=\"feature feature-2 boxed boxed--border\"> <i class=\"icon color--primary icon-Security-Settings\"><\/i>\n                        <div class=\"feature__body\">\n                            <p style=\"text-align: center;\"><span class=\"h1 h1--medium\" style=\"color: #d93d3d;\">2.<\/span><\/p>\n                            <h4 style=\"text-align: center;\">Guidance provided<\/h4>\n                            <p style=\"text-align: center;\">I would like an offer tailored to my needs with an advisor.<\/p>\n                        <\/div>\n                    <\/div>\n                    <!--end feature-->\n                <\/div>\n                <div class=\"col-sm-4\">\n                    <div class=\"feature feature-2 boxed boxed--border\"> <i class=\"icon color--primary icon-Security-Check\"><\/i>\n                        <div class=\"feature__body\">\n                            <p style=\"text-align: center;\"><span class=\"h1 h1--medium\" style=\"color: #d93d3d;\">3.<\/span><\/p>\n                            <h4 style=\"text-align: center;\">We protect you<\/h4>\n                            <p style=\"text-align: center;\">I upload my creative work online.<br>I'm protected!<\/p>\n                        <\/div>\n                    <\/div>\n                    <!--end feature-->\n                <\/div>\n            <\/div>\n            <!--end of row-->\n        <\/div>\n        <!--end of container-->\n    <\/section>\n    <section class=\"text-center  bg--secondary space--xxs\">\n        <div class=\"container\">\n            <div class=\"row\">\n                <div class=\"col-sm-8 col-md-6\">\n                    <div class=\"cta\"> <a title=\"\" class=\"btn type--uppercase inner-link btn--primary\" href=\"https:\/\/beta.fidealis.com\/en\/inscription\" target=\"_blank\" rel=\"noopener\"><span class=\"btn__text\">SUBSCRIBE NOW<\/span>                    <\/a>\n                        \n                            <p class=\"type--fine-print\" style=\"margin-top: 0.03em;margin-bottom:1.2em;\">No bank card details required<\/p>\n                        \n                    <\/div>\n                <\/div>\n            <\/div>\n            <!--end of row-->\n        <\/div>\n        <!--end of container-->\n    <\/section>\n    <section class=\"text-justify space--xs\">\n        <div class=\"container\">\n            <div class=\"row\">\n                <div class=\"col-sm-6\">\n                    <div class=\"col-left-custom\">\n                        <p class=\"lead\"><span style=\"font-weight: 400;\"><span style=\"font-weight: 400;\">The trademark should be different from the <\/span><b>domain name&nbsp;<\/b><span style=\"font-weight: 400;\">which is the name given to a website. Unlike a trademark, it is not an industrial property right. However, it has obvious commercial and strategic value. That is why it is necessary to protect it.<\/span><\/span>\n                        <\/p>\n                        <h2 style=\"text-align: left;\">Why should a trademark or domain name be protected?<\/h2>\n                        <p class=\"lead\">The trademark is an essential element of a company's business strategy. Not protecting it gives competitors the opportunity to take it over. To protect it a trademark needs to be registered.<\/p>\n                        <p class=\"lead\"><span style=\"font-weight: 400;\">In France, t<span style=\"font-weight: 400;\">he filing application confers a&nbsp;<\/span><\/span><b>monopoly on exploitation<\/b><span style=\"font-weight: 400;\"> <span style=\"font-weight: 400;\">in French territory for<\/span>&nbsp;<\/span><b>10 years<\/b><span style=\"font-weight: 400;\">, renewable indefinitely. This means that only the owner can use it and can sue any infringer.<\/span><\/p>\n                    <\/div>\n                <\/div>\n                <div class=\"col-sm-6\">\n                    <p class=\"lead\">When choosing a domain name, it must be registered with an approved domain registrar. However, this does not protect it from being copied so it is advisable to also register it as a trademark.<\/p>\n                    <p class=\"lead\"><span style=\"font-weight: 400;\">Fidealis offers you a simple, quick solution for the registration of your trademark<\/span><span style=\"font-size: 1.35714em;\">.<\/span><\/p>\n                    <h2 style=\"text-align: left;\">Copyright registration<\/h2>\n                    <p class=\"lead\">When copyright is registered, the trademark is protected from the moment it is conceived.<\/p>\n                    <p class=\"lead\">That is why at Fidealis, we offer Copyright registration that&nbsp;<b>immediately protects trademarks and domain names<\/b><strong>.<\/strong> If a competitor copies a trademark or domain name before the filing application is registered, legal action can still be pursued for unfair competition.<\/p>\n                <\/div>\n                <div class=\"col-sm-6\"> <\/div>\n            <\/div>\n            <!--end of row-->\n        <\/div>\n        <!--end of container-->\n    <\/section>\n    <section class=\"unpad--bottom switchable cta cta-3  bg--secondary text-center\">\n        <div class=\"container\">\n            <div class=\"row\">\n                <div class=\"col-sm-6 col-md-6\">\n                    <div class=\"switchable__text\">\n                        \n                            <h2>Fidealis, a reliable solution for the protection of your trademark<\/h2>\n                            <p class=\"lead\">A pioneering solution in the protection of designs and collections, combining electronic signature technologies, timestamping and blockchain. Your creative work is instantly officially certified and archived.<\/p>\n                        \n                        <a title=\"\" class=\"btn type--uppercase inner-link btn--primary\" href=\"https:\/\/beta.fidealis.com\/en\/inscription\" target=\"_blank\" rel=\"noopener\"> <span class=\"btn__text\">                            REGISTER FREE OF CHARGE<\/span><span class=\"label\">No credit card needed<\/span> <\/a>\n                    <\/div>\n                <\/div>\n                <div class=\"col-sm-6 col-md-5\"> <img class=\"block\" alt=\"propri\u00e9t\u00e9 intellectuelle le d\u00e9p\u00f4t de marque\" src=\"https:\/\/beta.fidealis.com\/wp-content\/uploads\/2018\/08\/le-depot-de-marque.png\"> <\/div>\n            <\/div>\n            <!--end of row-->\n        <\/div>\n        <!--end of container-->\n    <\/section>\n    \n","protected":false},"excerpt":{"rendered":"<p>File and protect a trademark Registration from 95\u20ac The best online solution for your protection contact ME A trademark is one of&#8230;<\/p>\n","protected":false},"author":1,"featured_media":0,"parent":15379,"menu_order":0,"comment_status":"closed","ping_status":"closed","template":"","meta":{"_joinchat":[]},"yoast_head":"<!-- This site is optimized with the Yoast SEO plugin v20.3 - https:\/\/yoast.com\/wordpress\/plugins\/seo\/ -->\n<title>Register and Protect Your Trademark by Copyright<\/title>\n<meta name=\"description\" content=\"A trademark is one of the essential elements of a company&#039;s intangible assets. It is the distinctive sign that allows it to promote its products and services but also to distinguish itself from its competitors. This is why it is essential to protect it effectively registering Copyright.\" \/>\n<meta name=\"robots\" content=\"noindex, follow, max-snippet:-1, max-image-preview:large, max-video-preview:-1\" \/>\n<meta property=\"og:locale\" content=\"en_US\" \/>\n<meta property=\"og:type\" content=\"article\" \/>\n<meta property=\"og:title\" content=\"Register and Protect Your Trademark by Copyright\" \/>\n<meta property=\"og:description\" content=\"A trademark is one of the essential elements of a company&#039;s intangible assets. It is the distinctive sign that allows it to promote its products and services but also to distinguish itself from its competitors. This is why it is essential to protect it effectively registering Copyright.\" \/>\n<meta property=\"og:url\" content=\"https:\/\/beta.fidealis.com\/en\/register-copyright\/register-a-trademark\/\" \/>\n<meta property=\"og:site_name\" content=\"Fidealis\" \/>\n<meta property=\"article:publisher\" content=\"https:\/\/www.facebook.com\/Fidealis-573887362622849\/\" \/>\n<meta property=\"article:modified_time\" content=\"2020-04-13T14:00:45+00:00\" \/>\n<meta name=\"twitter:card\" content=\"summary_large_image\" \/>\n<script type=\"application\/ld+json\" class=\"yoast-schema-graph\">{\"@context\":\"https:\/\/schema.org\",\"@graph\":[{\"@type\":\"WebPage\",\"@id\":\"https:\/\/beta.fidealis.com\/en\/register-copyright\/register-a-trademark\/\",\"url\":\"https:\/\/beta.fidealis.com\/en\/register-copyright\/register-a-trademark\/\",\"name\":\"Register and Protect Your Trademark by Copyright\",\"isPartOf\":{\"@id\":\"https:\/\/beta.fidealis.com\/#website\"},\"datePublished\":\"2018-06-18T22:00:00+00:00\",\"dateModified\":\"2020-04-13T14:00:45+00:00\",\"description\":\"A trademark is one of the essential elements of a company's intangible assets. It is the distinctive sign that allows it to promote its products and services but also to distinguish itself from its competitors. This is why it is essential to protect it effectively registering Copyright.\",\"breadcrumb\":{\"@id\":\"https:\/\/beta.fidealis.com\/en\/register-copyright\/register-a-trademark\/#breadcrumb\"},\"inLanguage\":\"en-US\",\"potentialAction\":[{\"@type\":\"ReadAction\",\"target\":[\"https:\/\/beta.fidealis.com\/en\/register-copyright\/register-a-trademark\/\"]}]},{\"@type\":\"BreadcrumbList\",\"@id\":\"https:\/\/beta.fidealis.com\/en\/register-copyright\/register-a-trademark\/#breadcrumb\",\"itemListElement\":[{\"@type\":\"ListItem\",\"position\":1,\"name\":\"Accueil\",\"item\":\"https:\/\/beta.fidealis.com\/en\/\"},{\"@type\":\"ListItem\",\"position\":2,\"name\":\"Registering design models online\",\"item\":\"https:\/\/beta.fidealis.com\/en\/register-copyright\/\"},{\"@type\":\"ListItem\",\"position\":3,\"name\":\"Register a trademark\"}]},{\"@type\":\"WebSite\",\"@id\":\"https:\/\/beta.fidealis.com\/#website\",\"url\":\"https:\/\/beta.fidealis.com\/\",\"name\":\"Fidealis\",\"description\":\"Fidealis: vous cr\u00e9ez, nous prot\u00e9geons.\",\"publisher\":{\"@id\":\"https:\/\/beta.fidealis.com\/#organization\"},\"potentialAction\":[{\"@type\":\"SearchAction\",\"target\":{\"@type\":\"EntryPoint\",\"urlTemplate\":\"https:\/\/beta.fidealis.com\/?s={search_term_string}\"},\"query-input\":\"required name=search_term_string\"}],\"inLanguage\":\"en-US\"},{\"@type\":\"Organization\",\"@id\":\"https:\/\/beta.fidealis.com\/#organization\",\"name\":\"Fidealis\",\"url\":\"https:\/\/beta.fidealis.com\/\",\"logo\":{\"@type\":\"ImageObject\",\"inLanguage\":\"en-US\",\"@id\":\"https:\/\/beta.fidealis.com\/#\/schema\/logo\/image\/\",\"url\":\"https:\/\/www.fidealis.com\/wp-content\/uploads\/2018\/04\/logo-fidealis.png\",\"contentUrl\":\"https:\/\/www.fidealis.com\/wp-content\/uploads\/2018\/04\/logo-fidealis.png\",\"width\":525,\"height\":205,\"caption\":\"Fidealis\"},\"image\":{\"@id\":\"https:\/\/beta.fidealis.com\/#\/schema\/logo\/image\/\"},\"sameAs\":[\"https:\/\/www.facebook.com\/Fidealis-573887362622849\/\"]}]}<\/script>\n<!-- \/ Yoast SEO plugin. -->","yoast_head_json":{"title":"Register and Protect Your Trademark by Copyright","description":"A trademark is one of the essential elements of a company's intangible assets. It is the distinctive sign that allows it to promote its products and services but also to distinguish itself from its competitors. This is why it is essential to protect it effectively registering Copyright.","robots":{"index":"noindex","follow":"follow","max-snippet":"max-snippet:-1","max-image-preview":"max-image-preview:large","max-video-preview":"max-video-preview:-1"},"og_locale":"en_US","og_type":"article","og_title":"Register and Protect Your Trademark by Copyright","og_description":"A trademark is one of the essential elements of a company's intangible assets. It is the distinctive sign that allows it to promote its products and services but also to distinguish itself from its competitors. This is why it is essential to protect it effectively registering Copyright.","og_url":"https:\/\/beta.fidealis.com\/en\/register-copyright\/register-a-trademark\/","og_site_name":"Fidealis","article_publisher":"https:\/\/www.facebook.com\/Fidealis-573887362622849\/","article_modified_time":"2020-04-13T14:00:45+00:00","twitter_card":"summary_large_image","schema":{"@context":"https:\/\/schema.org","@graph":[{"@type":"WebPage","@id":"https:\/\/beta.fidealis.com\/en\/register-copyright\/register-a-trademark\/","url":"https:\/\/beta.fidealis.com\/en\/register-copyright\/register-a-trademark\/","name":"Register and Protect Your Trademark by Copyright","isPartOf":{"@id":"https:\/\/beta.fidealis.com\/#website"},"datePublished":"2018-06-18T22:00:00+00:00","dateModified":"2020-04-13T14:00:45+00:00","description":"A trademark is one of the essential elements of a company's intangible assets. It is the distinctive sign that allows it to promote its products and services but also to distinguish itself from its competitors. This is why it is essential to protect it effectively registering Copyright.","breadcrumb":{"@id":"https:\/\/beta.fidealis.com\/en\/register-copyright\/register-a-trademark\/#breadcrumb"},"inLanguage":"en-US","potentialAction":[{"@type":"ReadAction","target":["https:\/\/beta.fidealis.com\/en\/register-copyright\/register-a-trademark\/"]}]},{"@type":"BreadcrumbList","@id":"https:\/\/beta.fidealis.com\/en\/register-copyright\/register-a-trademark\/#breadcrumb","itemListElement":[{"@type":"ListItem","position":1,"name":"Accueil","item":"https:\/\/beta.fidealis.com\/en\/"},{"@type":"ListItem","position":2,"name":"Registering design models online","item":"https:\/\/beta.fidealis.com\/en\/register-copyright\/"},{"@type":"ListItem","position":3,"name":"Register a trademark"}]},{"@type":"WebSite","@id":"https:\/\/beta.fidealis.com\/#website","url":"https:\/\/beta.fidealis.com\/","name":"Fidealis","description":"Fidealis: vous cr\u00e9ez, nous prot\u00e9geons.","publisher":{"@id":"https:\/\/beta.fidealis.com\/#organization"},"potentialAction":[{"@type":"SearchAction","target":{"@type":"EntryPoint","urlTemplate":"https:\/\/beta.fidealis.com\/?s={search_term_string}"},"query-input":"required name=search_term_string"}],"inLanguage":"en-US"},{"@type":"Organization","@id":"https:\/\/beta.fidealis.com\/#organization","name":"Fidealis","url":"https:\/\/beta.fidealis.com\/","logo":{"@type":"ImageObject","inLanguage":"en-US","@id":"https:\/\/beta.fidealis.com\/#\/schema\/logo\/image\/","url":"https:\/\/www.fidealis.com\/wp-content\/uploads\/2018\/04\/logo-fidealis.png","contentUrl":"https:\/\/www.fidealis.com\/wp-content\/uploads\/2018\/04\/logo-fidealis.png","width":525,"height":205,"caption":"Fidealis"},"image":{"@id":"https:\/\/beta.fidealis.com\/#\/schema\/logo\/image\/"},"sameAs":["https:\/\/www.facebook.com\/Fidealis-573887362622849\/"]}]}},"_links":{"self":[{"href":"https:\/\/beta.fidealis.com\/en\/wp-json\/wp\/v2\/pages\/15385"}],"collection":[{"href":"https:\/\/beta.fidealis.com\/en\/wp-json\/wp\/v2\/pages"}],"about":[{"href":"https:\/\/beta.fidealis.com\/en\/wp-json\/wp\/v2\/types\/page"}],"author":[{"embeddable":true,"href":"https:\/\/beta.fidealis.com\/en\/wp-json\/wp\/v2\/users\/1"}],"replies":[{"embeddable":true,"href":"https:\/\/beta.fidealis.com\/en\/wp-json\/wp\/v2\/comments?post=15385"}],"version-history":[{"count":3,"href":"https:\/\/beta.fidealis.com\/en\/wp-json\/wp\/v2\/pages\/15385\/revisions"}],"predecessor-version":[{"id":15999,"href":"https:\/\/beta.fidealis.com\/en\/wp-json\/wp\/v2\/pages\/15385\/revisions\/15999"}],"up":[{"embeddable":true,"href":"https:\/\/beta.fidealis.com\/en\/wp-json\/wp\/v2\/pages\/15379"}],"wp:attachment":[{"href":"https:\/\/beta.fidealis.com\/en\/wp-json\/wp\/v2\/media?parent=15385"}],"curies":[{"name":"wp","href":"https:\/\/api.w.org\/{rel}","templated":true}]}}