{"id":15388,"date":"2018-06-21T00:00:00","date_gmt":"2018-06-20T22:00:00","guid":{"rendered":"https:\/\/www.fidealis.com\/register-copyright\/protect-creative-works"},"modified":"2020-04-13T16:08:02","modified_gmt":"2020-04-13T14:08:02","slug":"protect-creative-works","status":"publish","type":"page","link":"https:\/\/beta.fidealis.com\/en\/register-copyright\/protect-creative-works\/","title":{"rendered":"Works protection"},"content":{"rendered":"\n    <section class=\"cover imagebg text-center height-60 section--ken-burns\" data-overlay=\"5\">\n        <div class=\"background-image-holder\"><img alt=\"\" src=\"https:\/\/beta.fidealis.com\/wp-content\/uploads\/2018\/06\/protection-oeuvre.jpg\"><\/div>\n        <div class=\"container pos-vertical-center\">\n            <div class=\"row\">\n                <div class=\"col-sm-8 col-md-9\">\n                    \n                        <h1>Register and protect creative work online<\/h1>\n                    \n                <\/div>\n            <\/div>\n            <!--end of row-->\n        <\/div>\n        <!--end of container-->\n    <\/section>\n    <section class=\"bg--secondary space--xxs\">\n        <div class=\"container\">\n            <div class=\"row\">\n                <div class=\"cta cta--horizontal text-center-xs\">\n                    <div class=\"col-sm-4\">\n                        <h4>Registration from 95\u20ac<\/h4>\n                    <\/div>\n                    <div class=\"col-sm-5\">\n                        <p class=\"lead\"> Protect your creative work by registering copyright<\/p>\n                    <\/div>\n                    <div class=\"col-sm-3 text-right text-center-xs\">\n                        <a title=\"\" class=\"btn btn--primary type--uppercase\" href=\"https:\/\/beta.fidealis.com\/en\/qui-sommes-nous\/contactez-nous\/\" target=\"\" rel=\"\"> <span class=\"btn__text\">contact me<\/span> <\/a>\n                    <\/div>\n                <\/div>\n            <\/div>\n            <!--end of row-->\n        <\/div>\n        <!--end of container-->\n    <\/section>\n    <section class=\"switchable feature-large  text-justify space--xxs\">\n        <div class=\"container\">\n            <div class=\"row\">\n                <div class=\"col-sm-6 col-md-6\">\n                    <div class=\"switchable__text\">\n                        <h2 class=\"left\">Protecting creative work is an ethical and economic issue for creators<\/h2>\n                        <div class=\"right\">&nbsp;<\/div>\n                        <p class=\"lead\">In the event of a dispute, an author who wants to claim ownership of a work of the mind or a literary or artistic work has to provide proof of the date of its creation. It is therefore essential, in order to protect against the different forms of plagiarism and infringements, to register and obtain copyright or patent this creative work as soon as it is created and before any disclosure.<\/p>\n                        <p class=\"lead\"><a href=\"https:\/\/beta.fidealis.com\/en\/depot-copyright\/\">Copyright<\/a> consists of establishing evidentiary proof of the link between the date of registration (by a third party, a probative \"witness\"), the identity of the person who registered and the actual creative work.<\/p>\n                        <p class=\"lead\">Established creative protection rights will permit the author to authorize or prohibit the use of their work, to oppose their distribution, if it has been made without consent, to demand compensation (royalty, copyright, license...) or to exercise their rights in court.<\/p>\n                    <\/div>\n                <\/div>\n                <div class=\"col-sm-5\">\n                    <div class=\"boxed boxed--lg boxed--border\">\n                        <div class=\"feature feature-2\"> <i class=\"icon color--primary icon-Libra-2\"><\/i>\n                            <div class=\"feature__body\">\n                                <h5>Evidence recognized by courts<\/h5>\n                                <p>Recognized by the courts the world over.<\/p>\n                            <\/div>\n                        <\/div>\n                        <!--end feature-->\n                        <div class=\"feature feature-2\"> <i class=\"icon color--primary icon-Security-Check\"><\/i>\n                            <div class=\"feature__body\">\n                                <h5>Affidavit valid for life<\/h5>\n                                <p>You will have evidence for life.<\/p>\n                            <\/div>\n                        <\/div>\n                        <div class=\"feature feature-2\"> <i class=\"icon color--primary icon-Font-Window\"><\/i>\n                            <div class=\"feature__body\">\n                                <h5>Registration valid in 11 languages<\/h5>\n                                <p style=\"text-align: left;\">Your registration is available in French, English, Italian, Chinese, German, Portuguese, Arabic, Spanish, Korean, Japanese, and Russian.<\/p>\n                            <\/div>\n                        <\/div>\n                        <!--end feature-->\n                        <div class=\"feature feature-2\"> <i class=\"icon color--primary icon-Windows-2\"><\/i>\n                            <div class=\"feature__body\">\n                                <h5>Affidavits available 24\/7<\/h5>\n                                <p>Receipt of registration available online 24\/7.<\/p>\u2003<\/div>\n                        <\/div>\n                        <!--end feature-->\n                    <\/div>\n                <\/div>\n            <\/div>\n            <!--end of row-->\n        <\/div>\n        <!--end of container-->\n    <\/section>\n    <section class=\"bg--secondary text-center space--xxs\">\n        <div class=\"container\">\n            <div class=\"row\">\n                <div class=\"col-sm-12\">\n                    <h2 class=\"addtoppad\">How can I protect my creative work?<\/h2>\n                <\/div>\n            <\/div>\n            <!--end of row-->\n        <\/div>\n        <!--end of container-->\n    <\/section>\n    <section class=\"bg--secondary space--xs\">\n        <div class=\"container\">\n            <div class=\"row\">\n                <div class=\"col-sm-4\">\n                    <div class=\"feature feature-2 boxed boxed--border\"> <i class=\"icon color--primary icon-Checked-User\"><\/i>\n                        <div class=\"feature__body\">\n                            <p style=\"text-align: center;\"><span class=\"h1 h1--medium\" style=\"color: #d93d3d;\">1.<\/span><\/p>\n                            <h4 style=\"text-align: center;\">Subscribe<\/h4>\n                            <p style=\"text-align: center;\">I&nbsp; register free of charge. <br>No payment is needed.<\/p>\n                        <\/div>\n                    <\/div>\n                    <!--end feature-->\n                <\/div>\n                <div class=\"col-sm-4\">\n                    <div class=\"feature feature-2 boxed boxed--border\"> <i class=\"icon color--primary icon-Security-Settings\"><\/i>\n                        <div class=\"feature__body\">\n                            <p style=\"text-align: center;\"><span class=\"h1 h1--medium\" style=\"color: #d93d3d;\">2.<\/span><\/p>\n                            <h4 style=\"text-align: center;\">Guidance provided<\/h4>\n                            <p style=\"text-align: center;\">I would like an offer tailored to my needs with an advisor.<\/p>\n                        <\/div>\n                    <\/div>\n                    <!--end feature-->\n                <\/div>\n                <div class=\"col-sm-4\">\n                    <div class=\"feature feature-2 boxed boxed--border\"> <i class=\"icon color--primary icon-Security-Check\"><\/i>\n                        <div class=\"feature__body\">\n                            <p style=\"text-align: center;\"><span class=\"h1 h1--medium\" style=\"color: #d93d3d;\">3.<\/span><\/p>\n                            <h4 style=\"text-align: center;\">We protect you<\/h4>\n                            <p style=\"text-align: center;\">I upload my creative work online.<br>I'm protected!<\/p>\n                        <\/div>\n                    <\/div>\n                    <!--end feature-->\n                <\/div>\n            <\/div>\n            <!--end of row-->\n        <\/div>\n        <!--end of container-->\n    <\/section>\n    <section class=\"text-center  bg--secondary space--xxs\">\n        <div class=\"container\">\n            <div class=\"row\">\n                <div class=\"col-sm-8 col-md-6\">\n                    <div class=\"cta\"> <a title=\"\" class=\"btn type--uppercase inner-link btn--primary\" href=\"https:\/\/beta.fidealis.com\/en\/inscription\" target=\"_blank\" rel=\"noopener\"><span class=\"btn__text\">SUBSCRIBE NOW<\/span>                    <\/a>\n                        \n                            <p class=\"type--fine-print\" style=\"margin-top: 0.03em;margin-bottom:1.2em;\">No bank card details required<\/p>\n                        \n                    <\/div>\n                <\/div>\n            <\/div>\n            <!--end of row-->\n        <\/div>\n        <!--end of container-->\n    <\/section>\n    <section class=\"feature-large switchable  text-justify space--xs\">\n        <div class=\"container\">\n            <div class=\"row\">\n                <div class=\"col-md-6 col-sm-6\"> <img class=\"border--round box-shadow-wide\" alt=\"\" src=\"https:\/\/beta.fidealis.com\/wp-content\/uploads\/2018\/06\/d\u00e9poser-en-ligne.jpg\"> <\/div>\n                <div class=\"col-sm-6 col-md-5\">\n                    <div class=\"heading-block\">\n                        <h2>Legislation and protection of creative work<\/h2>\n                        <div class=\"right\">&nbsp;<\/div>\n                        <p class=\"lead\">The protection of work is regulated:<\/p>\n                        <ul class=\"bullets\">\n                            <li class=\"lead li-blocked\">by the Intellectual Property Code (Book III) which defines the rules and sanctions relating to copyright (\"copyright invention of the mind\" and \"copyright literary\/artistic work\")<\/li>\n                            <li class=\"lead li-blocked\">by case law related to cultural developments and the emergence of new technologies (host's rights and responsibilities, formalization of Internet observations, trademark law on the Adwords network, etc.)<\/li>\n                            <li class=\"lead li-blocked\">by the Berne Convention and its related texts, with regard to the protection of creative work internationally.<\/li>\n                        <\/ul>\n                        <p class=\"lead\">Concerning the territorial status, protecting creative work abroad before its first disclosure is a matter of local law. This could make the recognition of copyright conditional on the completion of prior formalities which would then have to be respected (Berne Convention, as revised, &nbsp;Article 3).<\/p>\n                    <\/div>\n                <\/div>\n            <\/div>\n            <!--end of row-->\n        <\/div>\n        <!--end of container-->\n    <\/section>\n    <section class=\"imagebg\" data-overlay=\"6\">\n        <div class=\"background-image-holder\"> <img alt=\"prot\u00e9ger vos \u0153uvres et cr\u00e9ations par un copyright\" src=\"https:\/\/beta.fidealis.com\/wp-content\/uploads\/2018\/08\/prote\u0301ger-une-oeuvre-cre\u0301ation.jpg\"> <\/div>\n        <div class=\"container\">\n            <div class=\"row\">\n                <div class=\"col-sm-8 col-md-6\">\n                    <div class=\"cta\">\n                        \n                            <h2><span style=\"color: #ffffff;\"><strong>Where can a reliable and durable copyright solution be found?<\/strong><\/span><\/h2>\n                            <p class=\"lead\">With its experience in copyright invention and creative work, Fidealis secures online registration, provides authors with tamper-proof means of protecting their work in the event of counterfeiting, content plagiarism, parasitism or unfair competition, both in France and abroad.<\/p>\n                            <p class=\"lead\">A simple, fast and efficient procedure for authors concerned about having their rights respected and possible future disputes:<\/p>\n                            <ul class=\"bullets\">\n                                <li class=\"lead li-blocked\" style=\"color: #fff;\">Online and real-time official registration with immediate effect<\/li>\n                                <li class=\"lead li-blocked\" style=\"color: #fff;\">Timestamping, electronic signature and receipt of registration for proof of ownership and date of creation.<\/li>\n                            <\/ul>\n                        \n                    <\/div>\n                <\/div>\n            <\/div>\n            <!--end of row-->\n        <\/div>\n        <!--end of container-->\n    <\/section>\n    <section class=\"unpad--bottom switchable cta cta-3  bg--secondary switchable--switch text-center\">\n        <div class=\"container\">\n            <div class=\"row\">\n                <div class=\"col-sm-6 col-md-6\">\n                    <div class=\"switchable__text\">\n                        \n                            <h2>Have total confidence in Fidealis for the protection of creative work<\/h2>\n                            <p class=\"lead\">A pioneering solution in the protection of creative works, designs and plans combining electronic signature technologies, timestamping and blockchain. Your creative work is instantly officially certified and archived.<\/p>\n                        \n                        <a title=\"\" class=\"btn type--uppercase inner-link btn--primary\" href=\"https:\/\/beta.fidealis.com\/en\/inscription\" target=\"_blank\" rel=\"noopener\"> <span class=\"btn__text\">                            SUBSCRIBE FREE OF CHARGE<\/span><span class=\"label\">No credit card needed<\/span> <\/a>\n                    <\/div>\n                <\/div>\n                <div class=\"col-sm-6 col-md-5\"> <img class=\"block\" alt=\"d\u00e9p\u00f4t de copyright Fidealis\" src=\"https:\/\/beta.fidealis.com\/wp-content\/uploads\/2018\/08\/droit-dauteur-1.png\"> <\/div>\n            <\/div>\n            <!--end of row-->\n        <\/div>\n        <!--end of container-->\n    <\/section>\n    \n","protected":false},"excerpt":{"rendered":"<p>Register and protect creative work online Registration from 95\u20ac Protect your creative work by registering copyright contact me Protecting creative work is&#8230;<\/p>\n","protected":false},"author":1,"featured_media":0,"parent":15379,"menu_order":0,"comment_status":"closed","ping_status":"closed","template":"","meta":{"_joinchat":[]},"yoast_head":"<!-- This site is optimized with the Yoast SEO plugin v20.3 - https:\/\/yoast.com\/wordpress\/plugins\/seo\/ -->\n<title>Register and Protect Creative Works by Copyright<\/title>\n<meta name=\"description\" content=\"Protecting a creative work is an ethical and economic issue for creators. In the event of a dispute, an author, who wants to claim ownership has to provide proof of the date of its creation. Online registration is the best solution for this.\" \/>\n<meta name=\"robots\" content=\"noindex, follow, max-snippet:-1, max-image-preview:large, max-video-preview:-1\" \/>\n<meta property=\"og:locale\" content=\"en_US\" \/>\n<meta property=\"og:type\" content=\"article\" \/>\n<meta property=\"og:title\" content=\"Register and Protect Creative Works by Copyright\" \/>\n<meta property=\"og:description\" content=\"Protecting a creative work is an ethical and economic issue for creators. In the event of a dispute, an author, who wants to claim ownership has to provide proof of the date of its creation. Online registration is the best solution for this.\" \/>\n<meta property=\"og:url\" content=\"https:\/\/beta.fidealis.com\/en\/register-copyright\/protect-creative-works\/\" \/>\n<meta property=\"og:site_name\" content=\"Fidealis\" \/>\n<meta property=\"article:publisher\" content=\"https:\/\/www.facebook.com\/Fidealis-573887362622849\/\" \/>\n<meta property=\"article:modified_time\" content=\"2020-04-13T14:08:02+00:00\" \/>\n<meta name=\"twitter:card\" content=\"summary_large_image\" \/>\n<script type=\"application\/ld+json\" class=\"yoast-schema-graph\">{\"@context\":\"https:\/\/schema.org\",\"@graph\":[{\"@type\":\"WebPage\",\"@id\":\"https:\/\/beta.fidealis.com\/en\/register-copyright\/protect-creative-works\/\",\"url\":\"https:\/\/beta.fidealis.com\/en\/register-copyright\/protect-creative-works\/\",\"name\":\"Register and Protect Creative Works by Copyright\",\"isPartOf\":{\"@id\":\"https:\/\/beta.fidealis.com\/#website\"},\"datePublished\":\"2018-06-20T22:00:00+00:00\",\"dateModified\":\"2020-04-13T14:08:02+00:00\",\"description\":\"Protecting a creative work is an ethical and economic issue for creators. In the event of a dispute, an author, who wants to claim ownership has to provide proof of the date of its creation. Online registration is the best solution for this.\",\"breadcrumb\":{\"@id\":\"https:\/\/beta.fidealis.com\/en\/register-copyright\/protect-creative-works\/#breadcrumb\"},\"inLanguage\":\"en-US\",\"potentialAction\":[{\"@type\":\"ReadAction\",\"target\":[\"https:\/\/beta.fidealis.com\/en\/register-copyright\/protect-creative-works\/\"]}]},{\"@type\":\"BreadcrumbList\",\"@id\":\"https:\/\/beta.fidealis.com\/en\/register-copyright\/protect-creative-works\/#breadcrumb\",\"itemListElement\":[{\"@type\":\"ListItem\",\"position\":1,\"name\":\"Accueil\",\"item\":\"https:\/\/beta.fidealis.com\/en\/\"},{\"@type\":\"ListItem\",\"position\":2,\"name\":\"Registering design models online\",\"item\":\"https:\/\/beta.fidealis.com\/en\/register-copyright\/\"},{\"@type\":\"ListItem\",\"position\":3,\"name\":\"Works protection\"}]},{\"@type\":\"WebSite\",\"@id\":\"https:\/\/beta.fidealis.com\/#website\",\"url\":\"https:\/\/beta.fidealis.com\/\",\"name\":\"Fidealis\",\"description\":\"Fidealis: vous cr\u00e9ez, nous prot\u00e9geons.\",\"publisher\":{\"@id\":\"https:\/\/beta.fidealis.com\/#organization\"},\"potentialAction\":[{\"@type\":\"SearchAction\",\"target\":{\"@type\":\"EntryPoint\",\"urlTemplate\":\"https:\/\/beta.fidealis.com\/?s={search_term_string}\"},\"query-input\":\"required name=search_term_string\"}],\"inLanguage\":\"en-US\"},{\"@type\":\"Organization\",\"@id\":\"https:\/\/beta.fidealis.com\/#organization\",\"name\":\"Fidealis\",\"url\":\"https:\/\/beta.fidealis.com\/\",\"logo\":{\"@type\":\"ImageObject\",\"inLanguage\":\"en-US\",\"@id\":\"https:\/\/beta.fidealis.com\/#\/schema\/logo\/image\/\",\"url\":\"https:\/\/www.fidealis.com\/wp-content\/uploads\/2018\/04\/logo-fidealis.png\",\"contentUrl\":\"https:\/\/www.fidealis.com\/wp-content\/uploads\/2018\/04\/logo-fidealis.png\",\"width\":525,\"height\":205,\"caption\":\"Fidealis\"},\"image\":{\"@id\":\"https:\/\/beta.fidealis.com\/#\/schema\/logo\/image\/\"},\"sameAs\":[\"https:\/\/www.facebook.com\/Fidealis-573887362622849\/\"]}]}<\/script>\n<!-- \/ Yoast SEO plugin. -->","yoast_head_json":{"title":"Register and Protect Creative Works by Copyright","description":"Protecting a creative work is an ethical and economic issue for creators. In the event of a dispute, an author, who wants to claim ownership has to provide proof of the date of its creation. Online registration is the best solution for this.","robots":{"index":"noindex","follow":"follow","max-snippet":"max-snippet:-1","max-image-preview":"max-image-preview:large","max-video-preview":"max-video-preview:-1"},"og_locale":"en_US","og_type":"article","og_title":"Register and Protect Creative Works by Copyright","og_description":"Protecting a creative work is an ethical and economic issue for creators. In the event of a dispute, an author, who wants to claim ownership has to provide proof of the date of its creation. Online registration is the best solution for this.","og_url":"https:\/\/beta.fidealis.com\/en\/register-copyright\/protect-creative-works\/","og_site_name":"Fidealis","article_publisher":"https:\/\/www.facebook.com\/Fidealis-573887362622849\/","article_modified_time":"2020-04-13T14:08:02+00:00","twitter_card":"summary_large_image","schema":{"@context":"https:\/\/schema.org","@graph":[{"@type":"WebPage","@id":"https:\/\/beta.fidealis.com\/en\/register-copyright\/protect-creative-works\/","url":"https:\/\/beta.fidealis.com\/en\/register-copyright\/protect-creative-works\/","name":"Register and Protect Creative Works by Copyright","isPartOf":{"@id":"https:\/\/beta.fidealis.com\/#website"},"datePublished":"2018-06-20T22:00:00+00:00","dateModified":"2020-04-13T14:08:02+00:00","description":"Protecting a creative work is an ethical and economic issue for creators. In the event of a dispute, an author, who wants to claim ownership has to provide proof of the date of its creation. Online registration is the best solution for this.","breadcrumb":{"@id":"https:\/\/beta.fidealis.com\/en\/register-copyright\/protect-creative-works\/#breadcrumb"},"inLanguage":"en-US","potentialAction":[{"@type":"ReadAction","target":["https:\/\/beta.fidealis.com\/en\/register-copyright\/protect-creative-works\/"]}]},{"@type":"BreadcrumbList","@id":"https:\/\/beta.fidealis.com\/en\/register-copyright\/protect-creative-works\/#breadcrumb","itemListElement":[{"@type":"ListItem","position":1,"name":"Accueil","item":"https:\/\/beta.fidealis.com\/en\/"},{"@type":"ListItem","position":2,"name":"Registering design models online","item":"https:\/\/beta.fidealis.com\/en\/register-copyright\/"},{"@type":"ListItem","position":3,"name":"Works protection"}]},{"@type":"WebSite","@id":"https:\/\/beta.fidealis.com\/#website","url":"https:\/\/beta.fidealis.com\/","name":"Fidealis","description":"Fidealis: vous cr\u00e9ez, nous prot\u00e9geons.","publisher":{"@id":"https:\/\/beta.fidealis.com\/#organization"},"potentialAction":[{"@type":"SearchAction","target":{"@type":"EntryPoint","urlTemplate":"https:\/\/beta.fidealis.com\/?s={search_term_string}"},"query-input":"required name=search_term_string"}],"inLanguage":"en-US"},{"@type":"Organization","@id":"https:\/\/beta.fidealis.com\/#organization","name":"Fidealis","url":"https:\/\/beta.fidealis.com\/","logo":{"@type":"ImageObject","inLanguage":"en-US","@id":"https:\/\/beta.fidealis.com\/#\/schema\/logo\/image\/","url":"https:\/\/www.fidealis.com\/wp-content\/uploads\/2018\/04\/logo-fidealis.png","contentUrl":"https:\/\/www.fidealis.com\/wp-content\/uploads\/2018\/04\/logo-fidealis.png","width":525,"height":205,"caption":"Fidealis"},"image":{"@id":"https:\/\/beta.fidealis.com\/#\/schema\/logo\/image\/"},"sameAs":["https:\/\/www.facebook.com\/Fidealis-573887362622849\/"]}]}},"_links":{"self":[{"href":"https:\/\/beta.fidealis.com\/en\/wp-json\/wp\/v2\/pages\/15388"}],"collection":[{"href":"https:\/\/beta.fidealis.com\/en\/wp-json\/wp\/v2\/pages"}],"about":[{"href":"https:\/\/beta.fidealis.com\/en\/wp-json\/wp\/v2\/types\/page"}],"author":[{"embeddable":true,"href":"https:\/\/beta.fidealis.com\/en\/wp-json\/wp\/v2\/users\/1"}],"replies":[{"embeddable":true,"href":"https:\/\/beta.fidealis.com\/en\/wp-json\/wp\/v2\/comments?post=15388"}],"version-history":[{"count":2,"href":"https:\/\/beta.fidealis.com\/en\/wp-json\/wp\/v2\/pages\/15388\/revisions"}],"predecessor-version":[{"id":15930,"href":"https:\/\/beta.fidealis.com\/en\/wp-json\/wp\/v2\/pages\/15388\/revisions\/15930"}],"up":[{"embeddable":true,"href":"https:\/\/beta.fidealis.com\/en\/wp-json\/wp\/v2\/pages\/15379"}],"wp:attachment":[{"href":"https:\/\/beta.fidealis.com\/en\/wp-json\/wp\/v2\/media?parent=15388"}],"curies":[{"name":"wp","href":"https:\/\/api.w.org\/{rel}","templated":true}]}}