{"id":15465,"date":"2018-05-08T00:00:00","date_gmt":"2018-05-07T22:00:00","guid":{"rendered":"https:\/\/www.fidealis.com\/qui-sommes-nous\/nos-services"},"modified":"2021-08-12T15:45:21","modified_gmt":"2021-08-12T13:45:21","slug":"nuestros-servicios","status":"publish","type":"page","link":"https:\/\/beta.fidealis.com\/es\/quienes-somos\/nuestros-servicios\/","title":{"rendered":"Nuestros servicios"},"content":{"rendered":"\n    <section class=\"cover imagebg section--ken-burns height-60\" data-overlay=\"3\">\n        <div class=\"background-image-holder\"><img alt=\"FIDEALIS propose une large gamme de services\" src=\"https:\/\/beta.fidealis.com\/wp-content\/uploads\/2018\/05\/Services-copyright-Fidealis-2.jpeg\"><\/div>\n        <div class=\"container pos-vertical-center\">\n            <div class=\"row\">\n                <div class=\"col-sm-9\">\n                    \n                        <h1>El Grupo FIDEALIS ofrece una gama de servicios empresariales innovadores<\/h1>\n                    \n                <\/div>\n            <\/div>\n            <!--end of row-->\n        <\/div>\n        <!--end of container-->\n    <\/section>\n    <section class=\"bg--secondary space--xxs\">\n        <div class=\"container\">\n            <div class=\"row\">\n                <div class=\"cta cta--horizontal text-center-xs\">\n                    <div class=\"col-sm-4\">\n                        <h4>Su dep\u00f3sito a partir de 95\u20ac<\/h4>\n                    <\/div>\n                    <div class=\"col-sm-5\">\n                        <p class=\"lead\">La mejor soluci\u00f3n en l\u00ednea para su protecci\u00f3n&nbsp;<\/p>\n                    <\/div>\n                    <div class=\"col-sm-3 text-right text-center-xs\">\n                        <a title=\"\" class=\"btn btn--primary type--uppercase\" href=\"https:\/\/beta.fidealis.com\/es\/registro\/\" target=\"\" rel=\"\"> <span class=\"btn__text\">                            inscripci\u00f3n gratuita<\/span> <\/a>\n                    <\/div>\n                <\/div>\n            <\/div>\n            <!--end of row-->\n        <\/div>\n        <!--end of container-->\n    <\/section>\n    <section class=\"space--xxs text-center\">\n        <div class=\"tabs-container\" data-content-align=\"left\">\n            <ul class=\"tabs tabs--spaced\">\n                <li class=\"active\">\n                    <div class=\"tab__title text-center\"> <i class=\"icon block icon-Copyright icon--sm\"><\/i> <span class=\"h5\"><p>Servicio de copyright<\/p><\/span> <\/div>\n                    <div class=\"tab__content\">\n                        <div class=\"container\">\n                            <div class=\"row\">\n                                <div class=\"col-sm-5\"> <img class=\"box-shadow-wide border--round\" alt=\"\" src=\"https:\/\/beta.fidealis.com\/wp-content\/uploads\/2018\/08\/copyrights2.jpg\"> <\/div>\n                                <div class=\"col-sm-5 col-md-6\">\n                                    <div class=\"mt--1\">\n                                        <h2><span style=\"color: #db3b29;\"><span>Services de copyright Fidealis<\/span><\/span>\n                                        <\/h2>\n                                        <p>FIDEALIS Group, inventeur du d\u00e9p\u00f4t en temps r\u00e9el enregistr\u00e9 chez huissier de justice depuis 2001, propose la solution FIDEALIS\u00ae pour la protection de cr\u00e9ations.Pour chaque cr\u00e9ation, l\u2019exigence est :<\/p>\n                                        <ul>\n                                            <li>Protection imm\u00e9diate<\/li>\n                                            <li>Re\u00e7u de d\u00e9p\u00f4t disponible en permanence<\/li>\n                                            <li>Traitement rapide des enregistrements<\/li>\n                                            <li>Reconnaissance par les tribunaux<\/li>\n                                            <li>Utilisation de proc\u00e9d\u00e9s internationaux ( signature \u00e9lectronique, horodatage num\u00e9rique)<\/li>\n                                            <li>Traduction des d\u00e9p\u00f4ts dans plusieurs langues<\/li>\n                                            <li>Ma\u00eetrise des co\u00fbts<\/li>\n                                        <\/ul>\n                                        <p>FIDEALIS\u00ae est \u00e0 ce jour la solution la plus utilis\u00e9e en France et en Europe, et permet de faire valoir ses droits en cas de copie, de preuve d\u2019ant\u00e9riorit\u00e9, pour agir en contrefa\u00e7on, plagiat, concurrence d\u00e9loyale, parasitisme..<\/p>\n                                        <p>Gr\u00e2ce \u00e0 des co\u00fbts ma\u00eetris\u00e9s, vous pouvez d\u00e9poser toutes vos cr\u00e9ations, sans perdre de temps \u00e0 optimiser sans cesse laquelle de vos r\u00e9f\u00e9rences sortira, conna\u00eetra le succ\u00e8s, sera mise en avant.FIDEALIS est au service des cr\u00e9ateurs, de la Mode, du Home design, des entreprises innovantes, des soci\u00e9t\u00e9s informatiques, des industries, des portails web, et vous permet de prot\u00e9ger chaque nouvelle cr\u00e9ation.<\/p>\n                                    <\/div>\n                                <\/div>\n                            <\/div>\n                            <!--end of row-->\n                        <\/div>\n                        <!--end of container-->\n                    <\/div>\n                <\/li>\n                <li>\n                    <div class=\"tab__title text-center\"> <i class=\"icon block icon-Computer-Secure icon--sm\"><\/i> <span class=\"h5\"><p>Captura en l\u00ednea<\/p><\/span> <\/div>\n                    <div class=\"tab__content\">\n                        <div class=\"container\">\n                            <div class=\"row\">\n                                <div class=\"col-sm-5\"> <img class=\"box-shadow-wide border--round\" alt=\"plateforme vente createurs\" src=\"https:\/\/beta.fidealis.com\/wp-content\/uploads\/2018\/04\/blog-6.jpg\"> <\/div>\n                                <div class=\"col-sm-5 col-md-6\">\n                                    <div class=\"mt--1\">\n                                        <h2><span style=\"color: #db3b29;\">Constatation informatique : capture certifi\u00e9e sur le web<\/span><\/h2>\n                                        <p>Fidealis groupe a d\u00e9velopp\u00e9 un service de capture certifi\u00e9e de contenus web, permettant de sceller num\u00e9riquement et prouver l\u00e9galement la pr\u00e9sence- ou l\u2019absence- de contenus portant atteinte \u00e0 vos droits.<\/p>\n                                        <p>Ces atteintes nombreuses, parfois cumul\u00e9es, peuvent se traduire par une copie de projet, de conditions g\u00e9n\u00e9rales de vente ou de graphisme, du plagiat de contenus, de concurrence d\u00e9loyale, de parasitisme, d\u2019injure, de diffamation, de non respect de certaines contraintes l\u00e9gales, de mentions l\u00e9gales trompeuses, et surtout d\u2019atteinte \u00e0 votre e-r\u00e9putation personnelle ou professionnelle sur le web\u2026<\/p>\n                                        <p>Fidealis est capable de r\u00e9cup\u00e9rer ces contenus de page portant atteinte \u00e0 vos droits, les capturer l\u00e9galement par un service de constatation informatique certifi\u00e9 et labellis\u00e9, pour vous permettre de prouver votre droit. Un droit non prouvable \u00e9quivaut \u00e0 une absence de droit. Fidealis permet d\u2019apporter la preuve dont vous aurez besoin.Accessible par abonnement mensuel ou \u00e0 l\u2019acte.<\/p>\n                                    <\/div>\n                                <\/div>\n                            <\/div>\n                            <!--end of row-->\n                        <\/div>\n                        <!--end of container-->\n                    <\/div>\n                <\/li>\n                <li>\n                    <div class=\"tab__title text-center\"> <i class=\"icon block icon-Administrator icon--sm\"><\/i> <span class=\"h5\"><p>Captura E-reputaci\u00f3n<\/p><\/span> <\/div>\n                    <div class=\"tab__content\">\n                        <div class=\"container\">\n                            <div class=\"row\">\n                                <div class=\"col-sm-5\"> <img class=\"box-shadow-wide border--round\" alt=\"guide facebook pour entrepreneurs\" src=\"https:\/\/beta.fidealis.com\/wp-content\/uploads\/2018\/07\/guide-createur-facebook.jpg\"> <\/div>\n                                <div class=\"col-sm-5 col-md-6\">\n                                    <div class=\"mt--1\">\n                                        <h2>Capture resultados de Google \/ Bing \/ Yahoo para sus derechos de autor en l\u00ednea<\/h2>\n                                        <p>\u00daltima innovaci\u00f3n del Grupo FIDEALIS, capturando resultados de motores de b\u00fasqueda<\/p>\n                                        <p>Demuestre el uso de su marca por un tercero en palabras clave<br>Demuestre el posicionamiento (SEO) de su sitio en una buena (o mala) posici\u00f3n<br>Tomar nota de la ausencia de competencia (t\u00e9cnica anterior) en un mercado de acuerdo con ciertas expresiones.<br>Probar en motores las acciones de parasitismo o competencia desleal.<br>Validez en Francia y en el extranjero en materia de derechos de autor.<\/p>\n                                    <\/div>\n                                <\/div>\n                            <\/div>\n                            <!--end of row-->\n                        <\/div>\n                        <!--end of container-->\n                    <\/div>\n                <\/li>\n                <li>\n                    <div class=\"tab__title text-center\"> <i class=\"icon block icon-Dice-2 icon--sm\"><\/i> <span class=\"h5\"><p>Reglas de competencia<\/p><\/span> <\/div>\n                    <div class=\"tab__content\">\n                        <div class=\"container\">\n                            <div class=\"row\">\n                                <div class=\"col-sm-5\"> <img class=\"box-shadow-wide border--round\" alt=\"\" src=\"https:\/\/beta.fidealis.com\/wp-content\/uploads\/2018\/06\/copyrights1.jpg\"> <\/div>\n                                <div class=\"col-sm-5 col-md-6\">\n                                    <div class=\"mt--1\">\n                                        <h2 class=\"h3-300-24 no-margin uppercase\"><span style=\"color: #db3b29;\">D\u00e9p\u00f4t de r\u00e8glement de jeu concours sur internet<\/span><\/h2>\n                                        <p>Faire connaitre ses produits ou services est indispensable. Le Web pullule d\u2019opportunit\u00e9s de communiquer. Facebook est devenu incontournable en ce domaine par exemple pour les offres grand public.Avant le lancement de votre campagne reste une \u00e9tape importante : D\u00e9poser son r\u00e8glement de jeu. Le d\u00e9p\u00f4t valid\u00e9 par huissier d\u2019un r\u00e8glement de jeu est une obligation l\u00e9gale.<\/p>\n                                        <p>Avant chaque campagne, avant chaque lancement de jeu, de concours, ou de jeu-concours, il faut d\u00e9poser et faire certifier par huissier de justice que le r\u00e8glement est licite et conforme \u00e0 la loi ( Code de la consommation).<\/p>\n                                        <p>&nbsp;<\/p>\n                                    <\/div>\n                                <\/div>\n                            <\/div>\n                            <!--end of row-->\n                        <\/div>\n                        <!--end of container-->\n                    <\/div>\n                <\/li>\n            <\/ul>\n        <\/div>\n        <!--end of tabs container-->\n    <\/section>\n    <section class=\"bg--secondary text-center space--xxs\">\n        <div class=\"container\">\n            <div class=\"row\">\n                <div class=\"col-sm-12\">\n                    <h2 class=\"addtoppad\">\u00bfC\u00f3mo funciona?<\/h2>\n                <\/div>\n            <\/div>\n            <!--end of row-->\n        <\/div>\n        <!--end of container-->\n    <\/section>\n    <section class=\"bg--secondary space--xs\">\n        <div class=\"container\">\n            <div class=\"row\">\n                <div class=\"col-sm-4\">\n                    <div class=\"feature feature-2 boxed boxed--border\"> <i class=\"icon color--primary icon-Checked-User\"><\/i>\n                        <div class=\"feature__body\">\n                            <p style=\"text-align: center;\"><span class=\"h1 h1--medium\" style=\"color: #d93d3d;\">1.<\/span><\/p>\n                            <h4 style=\"text-align: center;\">Se inscribe<\/h4>\n                            <p style=\"text-align: center;\">Se inscribe gratuitamente&nbsp;<br>Ning\u00fan pago requerido&nbsp;<\/p>\n                        <\/div>\n                    <\/div>\n                    <!--end feature-->\n                <\/div>\n                <div class=\"col-sm-4\">\n                    <div class=\"feature feature-2 boxed boxed--border\"> <i class=\"icon color--primary icon-Security-Settings\"><\/i>\n                        <div class=\"feature__body\">\n                            <p style=\"text-align: center;\"><span class=\"h1 h1--medium\" style=\"color: #d93d3d;\">2.<\/span><\/p>\n                            <h4 style=\"text-align: center;\">Le guiamos<\/h4>\n                            <p style=\"text-align: center;\">Elija una oferta adaptada a sus necesidades con un consultor.<\/p>\n                        <\/div>\n                    <\/div>\n                    <!--end feature-->\n                <\/div>\n                <div class=\"col-sm-4\">\n                    <div class=\"feature feature-2 boxed boxed--border\"> <i class=\"icon color--primary icon-Security-Check\"><\/i>\n                        <div class=\"feature__body\">\n                            <p style=\"text-align: center;\"><span class=\"h1 h1--medium\" style=\"color: #d93d3d;\">3.<\/span><\/p>\n                            <h4 style=\"text-align: center;\">Le protegemos<\/h4>\n                            <p style=\"text-align: center;\">Descargue sus creaciones en l\u00ednea. <br>\u00a1Est\u00e1 protegido!<\/p>\n                        <\/div>\n                    <\/div>\n                    <!--end feature-->\n                <\/div>\n            <\/div>\n            <!--end of row-->\n        <\/div>\n        <!--end of container-->\n    <\/section>\n    <section class=\"text-center bg--secondary space--xxs\">\n        <div class=\"container\">\n            <div class=\"row\">\n                <div class=\"col-sm-8 col-md-6\">\n                    <div class=\"cta\"> <a title=\"\" class=\"btn type--uppercase inner-link btn--primary\" href=\"https:\/\/beta.fidealis.com\/es\/inscription\" target=\"_blank\" rel=\"noopener\"><span class=\"btn__text\">inscribirse ahora<\/span>                    <\/a>\n                        \n                            <p class=\"type--fine-print\" style=\"margin-top: 0.03em; margin-bottom: 1.2em;\">No se requiere tarjeta de cr\u00e9dito<\/p>\n                        \n                    <\/div>\n                <\/div>\n            <\/div>\n            <!--end of row-->\n        <\/div>\n        <!--end of container-->\n    <\/section>\n    <section class=\"unpad--bottom switchable cta cta-3 text-center switchable--switch\">\n        <div class=\"container\">\n            <div class=\"row\">\n                <div class=\"col-sm-6 col-md-6\">\n                    <div class=\"switchable__text\">\n                        \n                            <h2 style=\"text-align: center;\">Est\u00e9 tranquilo con la soluci\u00f3n de Fidealis<\/h2>\n                            <p class=\"lead\" style=\"text-align: center;\">La soluci\u00f3n pionera en la protecci\u00f3n de dise\u00f1os y colecciones, que re\u00fane las tecnolog\u00edas de la firma electr\u00f3nica, la marca de tiempo y blockchain. Sus creaciones se certifican instant\u00e1neamente y se archivan en paralelo con el agente judicial.<\/p>\n                        \n                        <a title=\"\" class=\"btn btn--primary type--uppercase inner-link\" href=\"https:\/\/beta.fidealis.com\/es\/inscription\" target=\"_blank\" rel=\"noopener\"> <span class=\"btn__text\">                            inscribirse gratuitamente<\/span><span class=\"label\">sin tc<\/span> <\/a>\n                    <\/div>\n                <\/div>\n                <div class=\"col-sm-6 col-md-5\"> <img class=\"block\" alt=\"tous les services de fidealis\" src=\"https:\/\/beta.fidealis.com\/wp-content\/uploads\/2018\/08\/pourquoi-d\u00e9poser.png\"> <\/div>\n            <\/div>\n            <!--end of row-->\n        <\/div>\n        <!--end of container-->\n    <\/section>\n","protected":false},"excerpt":{"rendered":"<p>El Grupo FIDEALIS ofrece una gama de servicios empresariales innovadores Su dep\u00f3sito a partir de 95\u20ac La mejor soluci\u00f3n en l\u00ednea para&#8230;<\/p>\n","protected":false},"author":1,"featured_media":0,"parent":15467,"menu_order":0,"comment_status":"closed","ping_status":"closed","template":"","meta":{"_joinchat":[]},"yoast_head":"<!-- This site is optimized with the Yoast SEO plugin v20.3 - https:\/\/yoast.com\/wordpress\/plugins\/seo\/ -->\n<title>Fidealis - Qui\u00e9nes somos: nuestros diferentes servicios<\/title>\n<meta name=\"description\" content=\"La soluci\u00f3n pionera en la protecci\u00f3n de dise\u00f1os y colecciones, que re\u00fane tecnolog\u00edas de firma electr\u00f3nica, sellado de tiempo y blockchain. Sus creaciones se certifican y archivan instant\u00e1neamente al mismo tiempo en un agente judicial.\" \/>\n<meta name=\"robots\" content=\"noindex, follow, max-snippet:-1, max-image-preview:large, max-video-preview:-1\" \/>\n<meta property=\"og:locale\" content=\"es_ES\" \/>\n<meta property=\"og:type\" content=\"article\" \/>\n<meta property=\"og:title\" content=\"Fidealis - Qui\u00e9nes somos: nuestros diferentes servicios\" \/>\n<meta property=\"og:description\" content=\"La soluci\u00f3n pionera en la protecci\u00f3n de dise\u00f1os y colecciones, que re\u00fane tecnolog\u00edas de firma electr\u00f3nica, sellado de tiempo y blockchain. Sus creaciones se certifican y archivan instant\u00e1neamente al mismo tiempo en un agente judicial.\" \/>\n<meta property=\"og:url\" content=\"https:\/\/beta.fidealis.com\/es\/quienes-somos\/nuestros-servicios\/\" \/>\n<meta property=\"og:site_name\" content=\"Fidealis\" \/>\n<meta property=\"article:publisher\" content=\"https:\/\/www.facebook.com\/Fidealis-573887362622849\/\" \/>\n<meta property=\"article:modified_time\" content=\"2021-08-12T13:45:21+00:00\" \/>\n<meta name=\"twitter:card\" content=\"summary_large_image\" \/>\n<script type=\"application\/ld+json\" class=\"yoast-schema-graph\">{\"@context\":\"https:\/\/schema.org\",\"@graph\":[{\"@type\":\"WebPage\",\"@id\":\"https:\/\/beta.fidealis.com\/es\/quienes-somos\/nuestros-servicios\/\",\"url\":\"https:\/\/beta.fidealis.com\/es\/quienes-somos\/nuestros-servicios\/\",\"name\":\"Fidealis - Qui\u00e9nes somos: nuestros diferentes servicios\",\"isPartOf\":{\"@id\":\"https:\/\/beta.fidealis.com\/#website\"},\"datePublished\":\"2018-05-07T22:00:00+00:00\",\"dateModified\":\"2021-08-12T13:45:21+00:00\",\"description\":\"La soluci\u00f3n pionera en la protecci\u00f3n de dise\u00f1os y colecciones, que re\u00fane tecnolog\u00edas de firma electr\u00f3nica, sellado de tiempo y blockchain. Sus creaciones se certifican y archivan instant\u00e1neamente al mismo tiempo en un agente judicial.\",\"breadcrumb\":{\"@id\":\"https:\/\/beta.fidealis.com\/es\/quienes-somos\/nuestros-servicios\/#breadcrumb\"},\"inLanguage\":\"es\",\"potentialAction\":[{\"@type\":\"ReadAction\",\"target\":[\"https:\/\/beta.fidealis.com\/es\/quienes-somos\/nuestros-servicios\/\"]}]},{\"@type\":\"BreadcrumbList\",\"@id\":\"https:\/\/beta.fidealis.com\/es\/quienes-somos\/nuestros-servicios\/#breadcrumb\",\"itemListElement\":[{\"@type\":\"ListItem\",\"position\":1,\"name\":\"Accueil\",\"item\":\"https:\/\/beta.fidealis.com\/es\/\"},{\"@type\":\"ListItem\",\"position\":2,\"name\":\"\u00bfQui\u00e9nes somos?\",\"item\":\"https:\/\/beta.fidealis.com\/es\/quienes-somos\/\"},{\"@type\":\"ListItem\",\"position\":3,\"name\":\"Nuestros servicios\"}]},{\"@type\":\"WebSite\",\"@id\":\"https:\/\/beta.fidealis.com\/#website\",\"url\":\"https:\/\/beta.fidealis.com\/\",\"name\":\"Fidealis\",\"description\":\"Fidealis: vous cr\u00e9ez, nous prot\u00e9geons.\",\"publisher\":{\"@id\":\"https:\/\/beta.fidealis.com\/#organization\"},\"potentialAction\":[{\"@type\":\"SearchAction\",\"target\":{\"@type\":\"EntryPoint\",\"urlTemplate\":\"https:\/\/beta.fidealis.com\/?s={search_term_string}\"},\"query-input\":\"required name=search_term_string\"}],\"inLanguage\":\"es\"},{\"@type\":\"Organization\",\"@id\":\"https:\/\/beta.fidealis.com\/#organization\",\"name\":\"Fidealis\",\"url\":\"https:\/\/beta.fidealis.com\/\",\"logo\":{\"@type\":\"ImageObject\",\"inLanguage\":\"es\",\"@id\":\"https:\/\/beta.fidealis.com\/#\/schema\/logo\/image\/\",\"url\":\"https:\/\/www.fidealis.com\/wp-content\/uploads\/2018\/04\/logo-fidealis.png\",\"contentUrl\":\"https:\/\/www.fidealis.com\/wp-content\/uploads\/2018\/04\/logo-fidealis.png\",\"width\":525,\"height\":205,\"caption\":\"Fidealis\"},\"image\":{\"@id\":\"https:\/\/beta.fidealis.com\/#\/schema\/logo\/image\/\"},\"sameAs\":[\"https:\/\/www.facebook.com\/Fidealis-573887362622849\/\"]}]}<\/script>\n<!-- \/ Yoast SEO plugin. -->","yoast_head_json":{"title":"Fidealis - Qui\u00e9nes somos: nuestros diferentes servicios","description":"La soluci\u00f3n pionera en la protecci\u00f3n de dise\u00f1os y colecciones, que re\u00fane tecnolog\u00edas de firma electr\u00f3nica, sellado de tiempo y blockchain. Sus creaciones se certifican y archivan instant\u00e1neamente al mismo tiempo en un agente judicial.","robots":{"index":"noindex","follow":"follow","max-snippet":"max-snippet:-1","max-image-preview":"max-image-preview:large","max-video-preview":"max-video-preview:-1"},"og_locale":"es_ES","og_type":"article","og_title":"Fidealis - Qui\u00e9nes somos: nuestros diferentes servicios","og_description":"La soluci\u00f3n pionera en la protecci\u00f3n de dise\u00f1os y colecciones, que re\u00fane tecnolog\u00edas de firma electr\u00f3nica, sellado de tiempo y blockchain. Sus creaciones se certifican y archivan instant\u00e1neamente al mismo tiempo en un agente judicial.","og_url":"https:\/\/beta.fidealis.com\/es\/quienes-somos\/nuestros-servicios\/","og_site_name":"Fidealis","article_publisher":"https:\/\/www.facebook.com\/Fidealis-573887362622849\/","article_modified_time":"2021-08-12T13:45:21+00:00","twitter_card":"summary_large_image","schema":{"@context":"https:\/\/schema.org","@graph":[{"@type":"WebPage","@id":"https:\/\/beta.fidealis.com\/es\/quienes-somos\/nuestros-servicios\/","url":"https:\/\/beta.fidealis.com\/es\/quienes-somos\/nuestros-servicios\/","name":"Fidealis - Qui\u00e9nes somos: nuestros diferentes servicios","isPartOf":{"@id":"https:\/\/beta.fidealis.com\/#website"},"datePublished":"2018-05-07T22:00:00+00:00","dateModified":"2021-08-12T13:45:21+00:00","description":"La soluci\u00f3n pionera en la protecci\u00f3n de dise\u00f1os y colecciones, que re\u00fane tecnolog\u00edas de firma electr\u00f3nica, sellado de tiempo y blockchain. Sus creaciones se certifican y archivan instant\u00e1neamente al mismo tiempo en un agente judicial.","breadcrumb":{"@id":"https:\/\/beta.fidealis.com\/es\/quienes-somos\/nuestros-servicios\/#breadcrumb"},"inLanguage":"es","potentialAction":[{"@type":"ReadAction","target":["https:\/\/beta.fidealis.com\/es\/quienes-somos\/nuestros-servicios\/"]}]},{"@type":"BreadcrumbList","@id":"https:\/\/beta.fidealis.com\/es\/quienes-somos\/nuestros-servicios\/#breadcrumb","itemListElement":[{"@type":"ListItem","position":1,"name":"Accueil","item":"https:\/\/beta.fidealis.com\/es\/"},{"@type":"ListItem","position":2,"name":"\u00bfQui\u00e9nes somos?","item":"https:\/\/beta.fidealis.com\/es\/quienes-somos\/"},{"@type":"ListItem","position":3,"name":"Nuestros servicios"}]},{"@type":"WebSite","@id":"https:\/\/beta.fidealis.com\/#website","url":"https:\/\/beta.fidealis.com\/","name":"Fidealis","description":"Fidealis: vous cr\u00e9ez, nous prot\u00e9geons.","publisher":{"@id":"https:\/\/beta.fidealis.com\/#organization"},"potentialAction":[{"@type":"SearchAction","target":{"@type":"EntryPoint","urlTemplate":"https:\/\/beta.fidealis.com\/?s={search_term_string}"},"query-input":"required name=search_term_string"}],"inLanguage":"es"},{"@type":"Organization","@id":"https:\/\/beta.fidealis.com\/#organization","name":"Fidealis","url":"https:\/\/beta.fidealis.com\/","logo":{"@type":"ImageObject","inLanguage":"es","@id":"https:\/\/beta.fidealis.com\/#\/schema\/logo\/image\/","url":"https:\/\/www.fidealis.com\/wp-content\/uploads\/2018\/04\/logo-fidealis.png","contentUrl":"https:\/\/www.fidealis.com\/wp-content\/uploads\/2018\/04\/logo-fidealis.png","width":525,"height":205,"caption":"Fidealis"},"image":{"@id":"https:\/\/beta.fidealis.com\/#\/schema\/logo\/image\/"},"sameAs":["https:\/\/www.facebook.com\/Fidealis-573887362622849\/"]}]}},"_links":{"self":[{"href":"https:\/\/beta.fidealis.com\/es\/wp-json\/wp\/v2\/pages\/15465"}],"collection":[{"href":"https:\/\/beta.fidealis.com\/es\/wp-json\/wp\/v2\/pages"}],"about":[{"href":"https:\/\/beta.fidealis.com\/es\/wp-json\/wp\/v2\/types\/page"}],"author":[{"embeddable":true,"href":"https:\/\/beta.fidealis.com\/es\/wp-json\/wp\/v2\/users\/1"}],"replies":[{"embeddable":true,"href":"https:\/\/beta.fidealis.com\/es\/wp-json\/wp\/v2\/comments?post=15465"}],"version-history":[{"count":4,"href":"https:\/\/beta.fidealis.com\/es\/wp-json\/wp\/v2\/pages\/15465\/revisions"}],"predecessor-version":[{"id":16993,"href":"https:\/\/beta.fidealis.com\/es\/wp-json\/wp\/v2\/pages\/15465\/revisions\/16993"}],"up":[{"embeddable":true,"href":"https:\/\/beta.fidealis.com\/es\/wp-json\/wp\/v2\/pages\/15467"}],"wp:attachment":[{"href":"https:\/\/beta.fidealis.com\/es\/wp-json\/wp\/v2\/media?parent=15465"}],"curies":[{"name":"wp","href":"https:\/\/api.w.org\/{rel}","templated":true}]}}