{"id":15467,"date":"2018-05-09T00:00:00","date_gmt":"2018-05-08T22:00:00","guid":{"rendered":"https:\/\/www.fidealis.com\/qui-sommes-nous"},"modified":"2020-04-13T17:42:32","modified_gmt":"2020-04-13T15:42:32","slug":"quienes-somos","status":"publish","type":"page","link":"https:\/\/beta.fidealis.com\/es\/quienes-somos\/","title":{"rendered":"\u00bfQui\u00e9nes somos?"},"content":{"rendered":"<section class=\"cover imagebg text-center section--ken-burns height-60\" data-overlay=\"4\">\n        <div class=\"background-image-holder\"><img alt=\"\" src=\"https:\/\/beta.fidealis.com\/wp-content\/uploads\/2018\/05\/fidealis-blog-des-createurs-3.jpeg\"><\/div>\n        <div class=\"container pos-vertical-center\">\n            <div class=\"row\">\n                <div class=\"col-sm-8 col-md-8\">\n                    \n                        <h1>\u00bfQuienes somos?<\/h1>\n                    \n                <\/div>\n            <\/div>\n            <!--end of row-->\n        <\/div>\n        <!--end of container-->\n    <\/section>\n    <section class=\"space--xxs bg--secondary\">\n        <div class=\"container\">\n            <div class=\"row\">\n                <div class=\"cta cta--horizontal text-center-xs\">\n                    <div class=\"col-sm-4\">\n                        <h4>Su dep\u00f3sito a&nbsp; partir de 95\u20ac<\/h4>\n                    <\/div>\n                    <div class=\"col-sm-5\">\n                        <p class=\"lead\">La mejor soluci\u00f3n en l\u00ednea para su protecci\u00f3n&nbsp;<\/p>\n                    <\/div>\n                    <div class=\"col-sm-3 text-right text-center-xs\">\n                        <a title=\"\" class=\"btn btn--primary type--uppercase\" href=\"https:\/\/beta.fidealis.com\/es\/qui-sommes-nous\/contactez-nous\/\" target=\"\" rel=\"\"> <span class=\"btn__text\">solicitud de contacto<\/span> <\/a>\n                    <\/div>\n                <\/div>\n            <\/div>\n            <!--end of row-->\n        <\/div>\n        <!--end of container-->\n    <\/section>\n    <section class=\"text-justify space--xs\">\n        <div class=\"container\">\n            <div class=\"row\">\n                <div class=\"col-sm-12\">\n                    <h2>\u00bfDe d\u00f3nde viene nuestro nombre?<\/h2>\n                    <p class=\"lead\">La empresa tiene un nombre que consiste en ideas de confianza (FIDES en lat\u00edn), creaci\u00f3n (IDEA en ingl\u00e9s) e intercambios (DEAL en ingl\u00e9s). Y un poco IDEAL tambi\u00e9n.<\/p>\n                    <p>FIDEALIS.COM re\u00fane a profesionales y expertos de la vida de la empresa: abogados, contadores, inform\u00e1ticos, consultores de negocios, empresarios, que han reunido conocimientos y experiencias para ofrecer un servicio seguro, simple y econ\u00f3mico a todos aquellos que deben para probar y proteger su comercio y \/ o derechos de autor.<br>Nuestro servicio ha sido auditado por varios equipos de expertos en derecho de propiedad intelectual y art\u00edstica, derecho comercial y expertos t\u00e9cnicos.<br>FIDEALIS.COM tiene como objetivo ayudar, en todo momento, a sus clientes para quienes el capital intelectual es vital.<\/p>\n                <\/div>\n            <\/div>\n            <!--end of row-->\n        <\/div>\n        <!--end of container-->\n    <\/section>\n    <section class=\"feature-large switchable  text-justify\">\n        <div class=\"container\">\n            <div class=\"row\">\n                <div class=\"col-md-6 col-sm-6\"> <img class=\"border--round box-shadow-wide\" alt=\"\" src=\"https:\/\/beta.fidealis.com\/wp-content\/uploads\/2018\/05\/fidealis-depot-de-creation.jpg\"> <\/div>\n                <div class=\"col-sm-6 col-md-5\">\n                    <div class=\"heading-block\"> <\/div>\n                    <div class=\"text-block\">\n                        <h3><span style=\"color: #db3b29;\">Nuestro mercado<\/span><\/h3>\n                        <p>FIDEALIS.COM, impulsado por las noticias legales que favorecen la comercializaci\u00f3n de todas las aplicaciones basadas en la firma electr\u00f3nica. Fidealis est\u00e1 presente en los mercados franc\u00e9s, belga y suizo, y ofrece a trav\u00e9s de su sitio web la posibilidad de acceder a sus servicios en cualquier lugar.<\/p>\n                    <\/div>\n                    <div class=\"text-block\">\n                        <h3><span style=\"color: #db3b29;\">Nuestras intervenciones&nbsp;<\/span><\/h3>\n                        <p>Los clientes de FIDEALIS.COM son esencialmente profesionales que han adoptado nuestro servicio en el coraz\u00f3n de su cadena de creaci\u00f3n o intercambio con sus terceros. Los servicios de FIDEALIS.COM ya se utilizan en Francia, B\u00e9lgica, Suiza, Alemania, Canad\u00e1, Estados Unidos, Seychelles, Italia y Espa\u00f1a.<\/p>\n                    <\/div>\n                <\/div>\n            <\/div>\n            <!--end of row-->\n        <\/div>\n        <!--end of container-->\n    <\/section>\n    <section class=\"text-center unpad--bottom switchable cta cta-3  bg--secondary switchable--switch\">\n        <div class=\"container\">\n            <div class=\"row\">\n                <div class=\"col-sm-6 col-md-5\">\n                    <div class=\"switchable__text\">\n                        \n                            <h2 style=\"text-align: center;\">Est\u00e9 tranquilo con la soluci\u00f3n de Fidealis<\/h2>\n                            <p class=\"lead\" style=\"text-align: center;\">La soluci\u00f3n pionera en la protecci\u00f3n de dise\u00f1os y colecciones, que re\u00fane las tecnolog\u00edas de la firma electr\u00f3nica, la marca de tiempo y blockchain. Sus creaciones se certifican instant\u00e1neamente y se archivan en paralelo con el agente judicial.<\/p>\n                        \n                        <a title=\"\" class=\"btn btn--primary type--uppercase inner-link\" href=\"https:\/\/beta.fidealis.com\/es\/inscription\" target=\"_blank\" rel=\"noopener\"> <span class=\"btn__text\">                            inscribirse gratuitamente<\/span><span class=\"label\">sin tc<\/span> <\/a>\n                    <\/div>\n                <\/div>\n                <div class=\"col-sm-6 col-md-5\"> <img class=\"block\" alt=\"fidealis qui sommes nous\" src=\"https:\/\/beta.fidealis.com\/wp-content\/uploads\/2018\/08\/la-soci\u00e9t\u00e9-fidealis.png\"> <\/div>\n            <\/div>\n            <!--end of row-->\n        <\/div>\n        <!--end of container-->\n    <\/section>","protected":false},"excerpt":{"rendered":"<p>\u00bfQuienes somos? Su dep\u00f3sito a&nbsp; partir de 95\u20ac La mejor soluci\u00f3n en l\u00ednea para su protecci\u00f3n&nbsp; solicitud de contacto \u00bfDe d\u00f3nde viene&#8230;<\/p>\n","protected":false},"author":1,"featured_media":0,"parent":0,"menu_order":0,"comment_status":"closed","ping_status":"closed","template":"","meta":{"_joinchat":[]},"yoast_head":"<!-- This site is optimized with the Yoast SEO plugin v20.3 - https:\/\/yoast.com\/wordpress\/plugins\/seo\/ -->\n<title>Qui\u00e9nes somos ? Todo sobre fidealis<\/title>\n<meta name=\"description\" content=\"La empresa tiene un nombre compuesto por ideas de confianza (FIDES en lat\u00edn), creaci\u00f3n (IDEA en ingl\u00e9s) e intercambios (DEAL en ingl\u00e9s). Y un poco IDEAL tambi\u00e9n. Aprende m\u00e1s sobre nosotros.\" \/>\n<meta name=\"robots\" content=\"noindex, follow, max-snippet:-1, max-image-preview:large, max-video-preview:-1\" \/>\n<meta property=\"og:locale\" content=\"es_ES\" \/>\n<meta property=\"og:type\" content=\"article\" \/>\n<meta property=\"og:title\" content=\"Qui\u00e9nes somos ? Todo sobre fidealis\" \/>\n<meta property=\"og:description\" content=\"La empresa tiene un nombre compuesto por ideas de confianza (FIDES en lat\u00edn), creaci\u00f3n (IDEA en ingl\u00e9s) e intercambios (DEAL en ingl\u00e9s). Y un poco IDEAL tambi\u00e9n. Aprende m\u00e1s sobre nosotros.\" \/>\n<meta property=\"og:url\" content=\"https:\/\/beta.fidealis.com\/es\/quienes-somos\/\" \/>\n<meta property=\"og:site_name\" content=\"Fidealis\" \/>\n<meta property=\"article:publisher\" content=\"https:\/\/www.facebook.com\/Fidealis-573887362622849\/\" \/>\n<meta property=\"article:modified_time\" content=\"2020-04-13T15:42:32+00:00\" \/>\n<meta name=\"twitter:card\" content=\"summary_large_image\" \/>\n<script type=\"application\/ld+json\" class=\"yoast-schema-graph\">{\"@context\":\"https:\/\/schema.org\",\"@graph\":[{\"@type\":\"WebPage\",\"@id\":\"https:\/\/beta.fidealis.com\/es\/quienes-somos\/\",\"url\":\"https:\/\/beta.fidealis.com\/es\/quienes-somos\/\",\"name\":\"Qui\u00e9nes somos ? Todo sobre fidealis\",\"isPartOf\":{\"@id\":\"https:\/\/beta.fidealis.com\/#website\"},\"datePublished\":\"2018-05-08T22:00:00+00:00\",\"dateModified\":\"2020-04-13T15:42:32+00:00\",\"description\":\"La empresa tiene un nombre compuesto por ideas de confianza (FIDES en lat\u00edn), creaci\u00f3n (IDEA en ingl\u00e9s) e intercambios (DEAL en ingl\u00e9s). Y un poco IDEAL tambi\u00e9n. Aprende m\u00e1s sobre nosotros.\",\"breadcrumb\":{\"@id\":\"https:\/\/beta.fidealis.com\/es\/quienes-somos\/#breadcrumb\"},\"inLanguage\":\"es\",\"potentialAction\":[{\"@type\":\"ReadAction\",\"target\":[\"https:\/\/beta.fidealis.com\/es\/quienes-somos\/\"]}]},{\"@type\":\"BreadcrumbList\",\"@id\":\"https:\/\/beta.fidealis.com\/es\/quienes-somos\/#breadcrumb\",\"itemListElement\":[{\"@type\":\"ListItem\",\"position\":1,\"name\":\"Accueil\",\"item\":\"https:\/\/beta.fidealis.com\/es\/\"},{\"@type\":\"ListItem\",\"position\":2,\"name\":\"\u00bfQui\u00e9nes somos?\"}]},{\"@type\":\"WebSite\",\"@id\":\"https:\/\/beta.fidealis.com\/#website\",\"url\":\"https:\/\/beta.fidealis.com\/\",\"name\":\"Fidealis\",\"description\":\"Fidealis: vous cr\u00e9ez, nous prot\u00e9geons.\",\"publisher\":{\"@id\":\"https:\/\/beta.fidealis.com\/#organization\"},\"potentialAction\":[{\"@type\":\"SearchAction\",\"target\":{\"@type\":\"EntryPoint\",\"urlTemplate\":\"https:\/\/beta.fidealis.com\/?s={search_term_string}\"},\"query-input\":\"required name=search_term_string\"}],\"inLanguage\":\"es\"},{\"@type\":\"Organization\",\"@id\":\"https:\/\/beta.fidealis.com\/#organization\",\"name\":\"Fidealis\",\"url\":\"https:\/\/beta.fidealis.com\/\",\"logo\":{\"@type\":\"ImageObject\",\"inLanguage\":\"es\",\"@id\":\"https:\/\/beta.fidealis.com\/#\/schema\/logo\/image\/\",\"url\":\"https:\/\/www.fidealis.com\/wp-content\/uploads\/2018\/04\/logo-fidealis.png\",\"contentUrl\":\"https:\/\/www.fidealis.com\/wp-content\/uploads\/2018\/04\/logo-fidealis.png\",\"width\":525,\"height\":205,\"caption\":\"Fidealis\"},\"image\":{\"@id\":\"https:\/\/beta.fidealis.com\/#\/schema\/logo\/image\/\"},\"sameAs\":[\"https:\/\/www.facebook.com\/Fidealis-573887362622849\/\"]}]}<\/script>\n<!-- \/ Yoast SEO plugin. -->","yoast_head_json":{"title":"Qui\u00e9nes somos ? Todo sobre fidealis","description":"La empresa tiene un nombre compuesto por ideas de confianza (FIDES en lat\u00edn), creaci\u00f3n (IDEA en ingl\u00e9s) e intercambios (DEAL en ingl\u00e9s). Y un poco IDEAL tambi\u00e9n. Aprende m\u00e1s sobre nosotros.","robots":{"index":"noindex","follow":"follow","max-snippet":"max-snippet:-1","max-image-preview":"max-image-preview:large","max-video-preview":"max-video-preview:-1"},"og_locale":"es_ES","og_type":"article","og_title":"Qui\u00e9nes somos ? Todo sobre fidealis","og_description":"La empresa tiene un nombre compuesto por ideas de confianza (FIDES en lat\u00edn), creaci\u00f3n (IDEA en ingl\u00e9s) e intercambios (DEAL en ingl\u00e9s). Y un poco IDEAL tambi\u00e9n. Aprende m\u00e1s sobre nosotros.","og_url":"https:\/\/beta.fidealis.com\/es\/quienes-somos\/","og_site_name":"Fidealis","article_publisher":"https:\/\/www.facebook.com\/Fidealis-573887362622849\/","article_modified_time":"2020-04-13T15:42:32+00:00","twitter_card":"summary_large_image","schema":{"@context":"https:\/\/schema.org","@graph":[{"@type":"WebPage","@id":"https:\/\/beta.fidealis.com\/es\/quienes-somos\/","url":"https:\/\/beta.fidealis.com\/es\/quienes-somos\/","name":"Qui\u00e9nes somos ? Todo sobre fidealis","isPartOf":{"@id":"https:\/\/beta.fidealis.com\/#website"},"datePublished":"2018-05-08T22:00:00+00:00","dateModified":"2020-04-13T15:42:32+00:00","description":"La empresa tiene un nombre compuesto por ideas de confianza (FIDES en lat\u00edn), creaci\u00f3n (IDEA en ingl\u00e9s) e intercambios (DEAL en ingl\u00e9s). Y un poco IDEAL tambi\u00e9n. Aprende m\u00e1s sobre nosotros.","breadcrumb":{"@id":"https:\/\/beta.fidealis.com\/es\/quienes-somos\/#breadcrumb"},"inLanguage":"es","potentialAction":[{"@type":"ReadAction","target":["https:\/\/beta.fidealis.com\/es\/quienes-somos\/"]}]},{"@type":"BreadcrumbList","@id":"https:\/\/beta.fidealis.com\/es\/quienes-somos\/#breadcrumb","itemListElement":[{"@type":"ListItem","position":1,"name":"Accueil","item":"https:\/\/beta.fidealis.com\/es\/"},{"@type":"ListItem","position":2,"name":"\u00bfQui\u00e9nes somos?"}]},{"@type":"WebSite","@id":"https:\/\/beta.fidealis.com\/#website","url":"https:\/\/beta.fidealis.com\/","name":"Fidealis","description":"Fidealis: vous cr\u00e9ez, nous prot\u00e9geons.","publisher":{"@id":"https:\/\/beta.fidealis.com\/#organization"},"potentialAction":[{"@type":"SearchAction","target":{"@type":"EntryPoint","urlTemplate":"https:\/\/beta.fidealis.com\/?s={search_term_string}"},"query-input":"required name=search_term_string"}],"inLanguage":"es"},{"@type":"Organization","@id":"https:\/\/beta.fidealis.com\/#organization","name":"Fidealis","url":"https:\/\/beta.fidealis.com\/","logo":{"@type":"ImageObject","inLanguage":"es","@id":"https:\/\/beta.fidealis.com\/#\/schema\/logo\/image\/","url":"https:\/\/www.fidealis.com\/wp-content\/uploads\/2018\/04\/logo-fidealis.png","contentUrl":"https:\/\/www.fidealis.com\/wp-content\/uploads\/2018\/04\/logo-fidealis.png","width":525,"height":205,"caption":"Fidealis"},"image":{"@id":"https:\/\/beta.fidealis.com\/#\/schema\/logo\/image\/"},"sameAs":["https:\/\/www.facebook.com\/Fidealis-573887362622849\/"]}]}},"_links":{"self":[{"href":"https:\/\/beta.fidealis.com\/es\/wp-json\/wp\/v2\/pages\/15467"}],"collection":[{"href":"https:\/\/beta.fidealis.com\/es\/wp-json\/wp\/v2\/pages"}],"about":[{"href":"https:\/\/beta.fidealis.com\/es\/wp-json\/wp\/v2\/types\/page"}],"author":[{"embeddable":true,"href":"https:\/\/beta.fidealis.com\/es\/wp-json\/wp\/v2\/users\/1"}],"replies":[{"embeddable":true,"href":"https:\/\/beta.fidealis.com\/es\/wp-json\/wp\/v2\/comments?post=15467"}],"version-history":[{"count":2,"href":"https:\/\/beta.fidealis.com\/es\/wp-json\/wp\/v2\/pages\/15467\/revisions"}],"predecessor-version":[{"id":16023,"href":"https:\/\/beta.fidealis.com\/es\/wp-json\/wp\/v2\/pages\/15467\/revisions\/16023"}],"wp:attachment":[{"href":"https:\/\/beta.fidealis.com\/es\/wp-json\/wp\/v2\/media?parent=15467"}],"curies":[{"name":"wp","href":"https:\/\/api.w.org\/{rel}","templated":true}]}}