{"id":15469,"date":"2018-05-14T00:00:00","date_gmt":"2018-05-13T22:00:00","guid":{"rendered":"https:\/\/www.fidealis.com\/propriete-intellectuelle\/propriete-industrielle"},"modified":"2020-04-13T17:01:16","modified_gmt":"2020-04-13T15:01:16","slug":"propiedad-industrial","status":"publish","type":"page","link":"https:\/\/beta.fidealis.com\/es\/propiedad-intelectual\/propiedad-industrial\/","title":{"rendered":"Ley de propiedad industrial"},"content":{"rendered":"<section class=\"cover imagebg text-center height-60 section--ken-burns\" data-overlay=\"4\">\n        <div class=\"background-image-holder\"><img alt=\"\" src=\"https:\/\/beta.fidealis.com\/wp-content\/uploads\/2018\/06\/prot\u00e9ger-cr\u00e9ations-industriels.jpg\"><\/div>\n        <div class=\"container pos-vertical-center\">\n            <div class=\"row\">\n                <div class=\"col-sm-8 col-md-9\">\n                    \n                        <h1>El derecho de la propiedad industrial<\/h1>\n                    \n                <\/div>\n            <\/div>\n            <!--end of row-->\n        <\/div>\n        <!--end of container-->\n    <\/section>\n    <section class=\"bg--secondary space--xxs\">\n        <div class=\"container\">\n            <div class=\"row\">\n                <div class=\"cta cta--horizontal text-center-xs\">\n                    <div class=\"col-sm-4\">\n                        <h4>Su dep\u00f3sito a partir de 95\u20ac<\/h4>\n                    <\/div>\n                    <div class=\"col-sm-5\">\n                        <p class=\"lead\">La soluci\u00f3n ideal en derecho de propiedad industrial<\/p>\n                    <\/div>\n                    <div class=\"col-sm-3 text-right text-center-xs\">\n                        <a title=\"\" class=\"btn btn--primary type--uppercase\" href=\"https:\/\/beta.fidealis.com\/es\/qui-sommes-nous\/contactez-nous\/\" target=\"\" rel=\"\"> <span class=\"btn__text\">SOLIcitud de contacto<\/span> <\/a>\n                    <\/div>\n                <\/div>\n            <\/div>\n            <!--end of row-->\n        <\/div>\n        <!--end of container-->\n    <\/section>\n    <section class=\"switchable feature-large  space--xxs text-justify\">\n        <div class=\"container\">\n            <div class=\"row\">\n                <div class=\"col-sm-6 col-md-6\">\n                    <div class=\"switchable__text\">\n                        <p class=\"lead\"><span style=\"color: #000000;\"><span style=\"font-weight: 400;\">La propiedad industrial es una de las dos ramas del derecho de <a href=\"https:\/\/beta.fidealis.com\/es\/propriete-intellectuelle\/\">propiedad intelectual<\/a>. El objeto de la ley de propiedad industrial es la protecci\u00f3n de invenciones y creaciones industriales o comerciales. La propiedad industrial se ha convertido en una herramienta econ\u00f3mica y estrat\u00e9gica de primer orden para cualquier actor econ\u00f3mico.<\/span><\/span>\n                        <\/p>\n                        <h2><span style=\"font-weight: 400;\">Propiedad industrial: <span style=\"color: #e03a2b;\">Definici\u00f3n&nbsp;<\/span><\/span>\n                        <\/h2>\n                        <p class=\"lead\">En Francia, la propiedad industrial representa un conjunto de derechos que garantiza a sus propietarios el monopolio de la explotaci\u00f3n. Son invenciones t\u00e9cnicas a trav\u00e9s de patentes, creaciones est\u00e9ticas con dise\u00f1os y finalmente signos distintivos: marcas o indicaciones geogr\u00e1ficas.<\/p>\n                    <\/div>\n                <\/div>\n                <div class=\"col-sm-5\">\n                    <div class=\"boxed boxed--lg boxed--border\">\n                        <div class=\"feature feature-2\"> <i class=\"icon color--primary icon-Libra-2\"><\/i>\n                            <div class=\"feature__body\">\n                                <h5>Pruebas reconocidas de los tribunales<\/h5>\n                                <p>Reconocimiento por tribunales de todo el mundo<\/p>\n                            <\/div>\n                        <\/div>\n                        <!--end feature-->\n                        <div class=\"feature feature-2\"> <i class=\"icon color--primary icon-Security-Check\"><\/i>\n                            <div class=\"feature__body\">\n                                <h5>Certificados de agente judicial v\u00e1lidos de por vida<\/h5>\n                                <p>Construya pruebas v\u00e1lidas para toda la vida.<\/p>\n                            <\/div>\n                        <\/div>\n                        <div class=\"feature feature-2\"> <i class=\"icon color--primary icon-Font-Window\"><\/i>\n                            <div class=\"feature__body\">\n                                <h5>Sus dep\u00f3sitos son v\u00e1lidos en 11 idiomas.<\/h5>\n                                <p style=\"text-align: left;\">Dispone de sus dep\u00f3sitos en franc\u00e9s, ingl\u00e9s, italiano, chino, alem\u00e1n, portugu\u00e9s, \u00e1rabe, espa\u00f1ol, coreano, japon\u00e9s y ruso.<\/p>\n                            <\/div>\n                        <\/div>\n                        <!--end feature-->\n                        <div class=\"feature feature-2\"> <i class=\"icon color--primary icon-Windows-2\"><\/i>\n                            <div class=\"feature__body\">\n                                <h5>Su evidencia disponible 24\/7<\/h5>\n                                <p>Recibo de dep\u00f3sito disponible en l\u00ednea 24\/7.<\/p>\n                            <\/div>\n                        <\/div>\n                        <!--end feature-->\n                    <\/div>\n                <\/div>\n            <\/div>\n            <!--end of row-->\n        <\/div>\n        <!--end of container-->\n    <\/section>\n    <section class=\"bg--secondary text-center space--xxs\">\n        <div class=\"container\">\n            <div class=\"row\">\n                <div class=\"col-sm-12\">\n                    <h2 class=\"addtoppad\">Fidealis es su socio para la protecci\u00f3n de su propiedad industrial<\/h2>\n                <\/div>\n            <\/div>\n            <!--end of row-->\n        <\/div>\n        <!--end of container-->\n    <\/section>\n    <section class=\"bg--secondary space--xs\">\n        <div class=\"container\">\n            <div class=\"row\">\n                <div class=\"col-sm-4\">\n                    <div class=\"feature feature-2 boxed boxed--border\"> <i class=\"icon color--primary icon-Checked-User\"><\/i>\n                        <div class=\"feature__body\">\n                            <p style=\"text-align: center;\"><span class=\"h1 h1--medium\" style=\"color: #d93d3d;\">1.<\/span><\/p>\n                            <h4 style=\"text-align: center;\">Se inscribe<\/h4>\n                            <p style=\"text-align: center;\">Se inscribe gratuitamente&nbsp;<br>Ning\u00fan pago requerido&nbsp;<\/p>\n                        <\/div>\n                    <\/div>\n                    <!--end feature-->\n                <\/div>\n                <div class=\"col-sm-4\">\n                    <div class=\"feature feature-2 boxed boxed--border\"> <i class=\"icon color--primary icon-Security-Settings\"><\/i>\n                        <div class=\"feature__body\">\n                            <p style=\"text-align: center;\"><span class=\"h1 h1--medium\" style=\"color: #d93d3d;\">2.<\/span><\/p>\n                            <h4 style=\"text-align: center;\">Le guiamos<\/h4>\n                            <p style=\"text-align: center;\">Elija una oferta adaptada a sus necesidades con un consultor.<\/p>\n                        <\/div>\n                    <\/div>\n                    <!--end feature-->\n                <\/div>\n                <div class=\"col-sm-4\">\n                    <div class=\"feature feature-2 boxed boxed--border\"> <i class=\"icon color--primary icon-Security-Check\"><\/i>\n                        <div class=\"feature__body\">\n                            <p style=\"text-align: center;\"><span class=\"h1 h1--medium\" style=\"color: #d93d3d;\">3.<\/span><\/p>\n                            <h4 style=\"text-align: center;\">Le protegemos<\/h4>\n                            <p style=\"text-align: center;\">Descargue sus creaciones en l\u00ednea. <br>\u00a1Est\u00e1 protegido!<\/p>\n                        <\/div>\n                    <\/div>\n                    <!--end feature-->\n                <\/div>\n            <\/div>\n            <!--end of row-->\n        <\/div>\n        <!--end of container-->\n    <\/section>\n    <section class=\"text-center  bg--secondary space--xxs\">\n        <div class=\"container\">\n            <div class=\"row\">\n                <div class=\"col-sm-8 col-md-6\">\n                    <div class=\"cta\"> <a title=\"\" class=\"btn type--uppercase inner-link btn--primary\" href=\"https:\/\/beta.fidealis.com\/es\/inscription\" target=\"_blank\" rel=\"noopener\"><span class=\"btn__text\">INSCRIBIRSE AHORA<\/span>                    <\/a>\n                        \n                            <p class=\"type--fine-print\" style=\"margin-top: 0.03em; margin-bottom: 1.2em;\">No se requiere tarjeta de cr\u00e9dito<\/p>\n                        \n                    <\/div>\n                <\/div>\n            <\/div>\n            <!--end of row-->\n        <\/div>\n        <!--end of container-->\n    <\/section>\n    <section class=\"text-justify space--xxs\">\n        <div class=\"container\">\n            <div class=\"row\">\n                <div class=\"col-sm-6\">\n                    <div class=\"col-left-custom\">\n                        <h2 style=\"text-align: left;\">Patente para inventos t\u00e9cnicos<\/h2>\n                        <p class=\"lead\">La patente protege una innovaci\u00f3n t\u00e9cnica. Este derecho conciliar\u00e1 dos intereses:<\/p>\n                        <ul class=\"bullets\">\n                            <li class=\"lead li-blocked\">El inter\u00e9s particular del inventor le confiere un derecho exclusivo de explotaci\u00f3n comercial sobre su invenci\u00f3n, pero por un per\u00edodo limitado de 20 a\u00f1os.<\/li>\n                            <li class=\"lead li-blocked\">El inter\u00e9s general en permitir la divulgaci\u00f3n de la invenci\u00f3n que contribuir\u00e1 a la mejora de la t\u00e9cnica.<\/li>\n                        <\/ul>\n                        <p class=\"lead\">Sin embargo, para estar <a href=\"https:\/\/beta.fidealis.com\/es\/propriete-intellectuelle\/propriete-industrielle\/depot-de-brevet\/\">protegida por una patente<\/a>, la invenci\u00f3n debe respetar tres condiciones:<\/p>\n                        <ul class=\"bullets\">\n                            <li class=\"lead li-blocked\">La invenci\u00f3n debe ser nueva: no debe haber sido puesta a disposici\u00f3n del p\u00fablico antes de ser presentada.<\/li>\n                            <li class=\"lead li-blocked\">La invenci\u00f3n debe ser industrialmente aplicable: debe poder fabricarse o usarse.<\/li>\n                            <li class=\"lead li-blocked\">La invenci\u00f3n debe ser el resultado de un paso inventivo: no debe ser obvio a partir del estado actual de la t\u00e9cnica.<\/li>\n                        <\/ul>\n                    <\/div>\n                <\/div>\n                <div class=\"col-sm-6\">\n                    <div class=\"col-right-custom\">\n                        <h2 style=\"text-align: left;\">La protecci\u00f3n de las creaciones est\u00e9ticas.<\/h2>\n                        <p class=\"lead\"><span style=\"font-weight: 400;\">La<a href=\"https:\/\/beta.fidealis.com\/es\/propriete-intellectuelle\/propriete-industrielle\/protection-dessins-et-modeles\/\"> protecci\u00f3n de dise\u00f1os y modelos<\/a> protege la apariencia de los productos industriales, no su funcionalidad. La protecci\u00f3n se aplica a un producto completo o parte de \u00e9l. Este es, por ejemplo, el dise\u00f1o de un mueble. Confiere un <strong>derecho exclusivo de explotaci\u00f3n en el territorio franc\u00e9s<\/strong> por una duraci\u00f3n m\u00ednima de 5 a\u00f1os que puede extenderse por 5 a\u00f1os, hasta un per\u00edodo m\u00e1ximo de 25 a\u00f1os.<\/span><\/p>\n                        <h2>La marca como signo distintivo<\/h2>\n                        <p class=\"lead\"><span style=\"font-weight: 400;\">En la ley de propiedad industrial, la <strong>marca<\/strong> es un signo distintivo que permite obtener el monopolio de la explotaci\u00f3n en territorio franc\u00e9s por un per\u00edodo de 10 a\u00f1os, renovable indefinidamente. Pueden ser&nbsp;<a href=\"https:\/\/beta.fidealis.com\/es\/propriete-intellectuelle\/propriete-industrielle\/proteger-nom-entreprise\/\">depositados como marcas comerciales<\/a>: una palabra, un nombre, un eslogan, n\u00fameros, letras, un dibujo, un logotipo o un signo de sonido, siempre que se pueda representar gr\u00e1ficamente, por ejemplo, un \u00e1mbito musical.<\/span><\/p>\n                        <p class=\"lead\"><strong>La indicaci\u00f3n geogr\u00e1fica<\/strong> es utilizada por los consumidores para determinar el origen y la calidad de los productos. Puede ser utilizado por todos los productores cuyos productos se originen en el lugar designado.<\/p>\n                    <\/div>\n                <\/div>\n                <div class=\"col-sm-6\"> <\/div>\n            <\/div>\n            <!--end of row-->\n        <\/div>\n        <!--end of container-->\n    <\/section>\n    <section class=\"unpad--bottom switchable cta cta-3  bg--secondary text-center\">\n        <div class=\"container\">\n            <div class=\"row\">\n                <div class=\"col-sm-6 col-md-5\">\n                    <div class=\"switchable__text\">\n                        \n                            <h3 style=\"text-align: center;\">Proteja sus propiedades industriales, Fidealis le acompa\u00f1a.<\/h3>\n                            <p class=\"lead\" style=\"text-align: center;\">La soluci\u00f3n pionera en la protecci\u00f3n de dise\u00f1os y colecciones, que re\u00fane las tecnolog\u00edas de la firma electr\u00f3nica, la marca de tiempo y blockchain. Sus creaciones se certifican instant\u00e1neamente y se archivan en paralelo con el agente judicial.<\/p>\n                        \n                        <a title=\"\" class=\"btn type--uppercase inner-link btn--primary\" href=\"https:\/\/beta.fidealis.com\/es\/inscription\" target=\"_blank\" rel=\"noopener\"> <span class=\"btn__text\">                            inscribirse gratuitamente<\/span><span class=\"label\">sin tc<\/span> <\/a>\n                    <\/div>\n                <\/div>\n                <div class=\"col-sm-6 col-md-5\"> <img class=\"block\" alt=\"D\u00e9p\u00f4t et copyright en propri\u00e9t\u00e9 intellectuelle\" src=\"https:\/\/beta.fidealis.com\/wp-content\/uploads\/2018\/08\/Le-droit-de-la-propri\u00e9t\u00e9-industrielle.png\"> <\/div>\n            <\/div>\n            <!--end of row-->\n        <\/div>\n        <!--end of container-->\n    <\/section>","protected":false},"excerpt":{"rendered":"<p>El derecho de la propiedad industrial Su dep\u00f3sito a partir de 95\u20ac La soluci\u00f3n ideal en derecho de propiedad industrial SOLIcitud de&#8230;<\/p>\n","protected":false},"author":1,"featured_media":0,"parent":15485,"menu_order":0,"comment_status":"closed","ping_status":"closed","template":"","meta":{"_joinchat":[]},"yoast_head":"<!-- This site is optimized with the Yoast SEO plugin v20.3 - https:\/\/yoast.com\/wordpress\/plugins\/seo\/ -->\n<title>Propiedad intelectual: \u00bfQu\u00e9 es la propiedad industrial?<\/title>\n<meta name=\"description\" content=\"La propiedad industrial es una de las dos ramas del derecho de propiedad intelectual. El objeto de la ley de propiedad industrial es la protecci\u00f3n de invenciones y creaciones industriales o comerciales. Fidealis te lo explica todo.\" \/>\n<meta name=\"robots\" content=\"noindex, follow, max-snippet:-1, max-image-preview:large, max-video-preview:-1\" \/>\n<meta property=\"og:locale\" content=\"es_ES\" \/>\n<meta property=\"og:type\" content=\"article\" \/>\n<meta property=\"og:title\" content=\"Propiedad intelectual: \u00bfQu\u00e9 es la propiedad industrial?\" \/>\n<meta property=\"og:description\" content=\"La propiedad industrial es una de las dos ramas del derecho de propiedad intelectual. El objeto de la ley de propiedad industrial es la protecci\u00f3n de invenciones y creaciones industriales o comerciales. Fidealis te lo explica todo.\" \/>\n<meta property=\"og:url\" content=\"https:\/\/beta.fidealis.com\/es\/propiedad-intelectual\/propiedad-industrial\/\" \/>\n<meta property=\"og:site_name\" content=\"Fidealis\" \/>\n<meta property=\"article:publisher\" content=\"https:\/\/www.facebook.com\/Fidealis-573887362622849\/\" \/>\n<meta property=\"article:modified_time\" content=\"2020-04-13T15:01:16+00:00\" \/>\n<meta name=\"twitter:card\" content=\"summary_large_image\" \/>\n<script type=\"application\/ld+json\" class=\"yoast-schema-graph\">{\"@context\":\"https:\/\/schema.org\",\"@graph\":[{\"@type\":\"WebPage\",\"@id\":\"https:\/\/beta.fidealis.com\/es\/propiedad-intelectual\/propiedad-industrial\/\",\"url\":\"https:\/\/beta.fidealis.com\/es\/propiedad-intelectual\/propiedad-industrial\/\",\"name\":\"Propiedad intelectual: \u00bfQu\u00e9 es la propiedad industrial?\",\"isPartOf\":{\"@id\":\"https:\/\/beta.fidealis.com\/#website\"},\"datePublished\":\"2018-05-13T22:00:00+00:00\",\"dateModified\":\"2020-04-13T15:01:16+00:00\",\"description\":\"La propiedad industrial es una de las dos ramas del derecho de propiedad intelectual. El objeto de la ley de propiedad industrial es la protecci\u00f3n de invenciones y creaciones industriales o comerciales. Fidealis te lo explica todo.\",\"breadcrumb\":{\"@id\":\"https:\/\/beta.fidealis.com\/es\/propiedad-intelectual\/propiedad-industrial\/#breadcrumb\"},\"inLanguage\":\"es\",\"potentialAction\":[{\"@type\":\"ReadAction\",\"target\":[\"https:\/\/beta.fidealis.com\/es\/propiedad-intelectual\/propiedad-industrial\/\"]}]},{\"@type\":\"BreadcrumbList\",\"@id\":\"https:\/\/beta.fidealis.com\/es\/propiedad-intelectual\/propiedad-industrial\/#breadcrumb\",\"itemListElement\":[{\"@type\":\"ListItem\",\"position\":1,\"name\":\"Accueil\",\"item\":\"https:\/\/beta.fidealis.com\/es\/\"},{\"@type\":\"ListItem\",\"position\":2,\"name\":\"Propiedad intelectual\",\"item\":\"https:\/\/beta.fidealis.com\/es\/propiedad-intelectual\/\"},{\"@type\":\"ListItem\",\"position\":3,\"name\":\"Ley de propiedad industrial\"}]},{\"@type\":\"WebSite\",\"@id\":\"https:\/\/beta.fidealis.com\/#website\",\"url\":\"https:\/\/beta.fidealis.com\/\",\"name\":\"Fidealis\",\"description\":\"Fidealis: vous cr\u00e9ez, nous prot\u00e9geons.\",\"publisher\":{\"@id\":\"https:\/\/beta.fidealis.com\/#organization\"},\"potentialAction\":[{\"@type\":\"SearchAction\",\"target\":{\"@type\":\"EntryPoint\",\"urlTemplate\":\"https:\/\/beta.fidealis.com\/?s={search_term_string}\"},\"query-input\":\"required name=search_term_string\"}],\"inLanguage\":\"es\"},{\"@type\":\"Organization\",\"@id\":\"https:\/\/beta.fidealis.com\/#organization\",\"name\":\"Fidealis\",\"url\":\"https:\/\/beta.fidealis.com\/\",\"logo\":{\"@type\":\"ImageObject\",\"inLanguage\":\"es\",\"@id\":\"https:\/\/beta.fidealis.com\/#\/schema\/logo\/image\/\",\"url\":\"https:\/\/www.fidealis.com\/wp-content\/uploads\/2018\/04\/logo-fidealis.png\",\"contentUrl\":\"https:\/\/www.fidealis.com\/wp-content\/uploads\/2018\/04\/logo-fidealis.png\",\"width\":525,\"height\":205,\"caption\":\"Fidealis\"},\"image\":{\"@id\":\"https:\/\/beta.fidealis.com\/#\/schema\/logo\/image\/\"},\"sameAs\":[\"https:\/\/www.facebook.com\/Fidealis-573887362622849\/\"]}]}<\/script>\n<!-- \/ Yoast SEO plugin. -->","yoast_head_json":{"title":"Propiedad intelectual: \u00bfQu\u00e9 es la propiedad industrial?","description":"La propiedad industrial es una de las dos ramas del derecho de propiedad intelectual. El objeto de la ley de propiedad industrial es la protecci\u00f3n de invenciones y creaciones industriales o comerciales. Fidealis te lo explica todo.","robots":{"index":"noindex","follow":"follow","max-snippet":"max-snippet:-1","max-image-preview":"max-image-preview:large","max-video-preview":"max-video-preview:-1"},"og_locale":"es_ES","og_type":"article","og_title":"Propiedad intelectual: \u00bfQu\u00e9 es la propiedad industrial?","og_description":"La propiedad industrial es una de las dos ramas del derecho de propiedad intelectual. El objeto de la ley de propiedad industrial es la protecci\u00f3n de invenciones y creaciones industriales o comerciales. Fidealis te lo explica todo.","og_url":"https:\/\/beta.fidealis.com\/es\/propiedad-intelectual\/propiedad-industrial\/","og_site_name":"Fidealis","article_publisher":"https:\/\/www.facebook.com\/Fidealis-573887362622849\/","article_modified_time":"2020-04-13T15:01:16+00:00","twitter_card":"summary_large_image","schema":{"@context":"https:\/\/schema.org","@graph":[{"@type":"WebPage","@id":"https:\/\/beta.fidealis.com\/es\/propiedad-intelectual\/propiedad-industrial\/","url":"https:\/\/beta.fidealis.com\/es\/propiedad-intelectual\/propiedad-industrial\/","name":"Propiedad intelectual: \u00bfQu\u00e9 es la propiedad industrial?","isPartOf":{"@id":"https:\/\/beta.fidealis.com\/#website"},"datePublished":"2018-05-13T22:00:00+00:00","dateModified":"2020-04-13T15:01:16+00:00","description":"La propiedad industrial es una de las dos ramas del derecho de propiedad intelectual. El objeto de la ley de propiedad industrial es la protecci\u00f3n de invenciones y creaciones industriales o comerciales. Fidealis te lo explica todo.","breadcrumb":{"@id":"https:\/\/beta.fidealis.com\/es\/propiedad-intelectual\/propiedad-industrial\/#breadcrumb"},"inLanguage":"es","potentialAction":[{"@type":"ReadAction","target":["https:\/\/beta.fidealis.com\/es\/propiedad-intelectual\/propiedad-industrial\/"]}]},{"@type":"BreadcrumbList","@id":"https:\/\/beta.fidealis.com\/es\/propiedad-intelectual\/propiedad-industrial\/#breadcrumb","itemListElement":[{"@type":"ListItem","position":1,"name":"Accueil","item":"https:\/\/beta.fidealis.com\/es\/"},{"@type":"ListItem","position":2,"name":"Propiedad intelectual","item":"https:\/\/beta.fidealis.com\/es\/propiedad-intelectual\/"},{"@type":"ListItem","position":3,"name":"Ley de propiedad industrial"}]},{"@type":"WebSite","@id":"https:\/\/beta.fidealis.com\/#website","url":"https:\/\/beta.fidealis.com\/","name":"Fidealis","description":"Fidealis: vous cr\u00e9ez, nous prot\u00e9geons.","publisher":{"@id":"https:\/\/beta.fidealis.com\/#organization"},"potentialAction":[{"@type":"SearchAction","target":{"@type":"EntryPoint","urlTemplate":"https:\/\/beta.fidealis.com\/?s={search_term_string}"},"query-input":"required name=search_term_string"}],"inLanguage":"es"},{"@type":"Organization","@id":"https:\/\/beta.fidealis.com\/#organization","name":"Fidealis","url":"https:\/\/beta.fidealis.com\/","logo":{"@type":"ImageObject","inLanguage":"es","@id":"https:\/\/beta.fidealis.com\/#\/schema\/logo\/image\/","url":"https:\/\/www.fidealis.com\/wp-content\/uploads\/2018\/04\/logo-fidealis.png","contentUrl":"https:\/\/www.fidealis.com\/wp-content\/uploads\/2018\/04\/logo-fidealis.png","width":525,"height":205,"caption":"Fidealis"},"image":{"@id":"https:\/\/beta.fidealis.com\/#\/schema\/logo\/image\/"},"sameAs":["https:\/\/www.facebook.com\/Fidealis-573887362622849\/"]}]}},"_links":{"self":[{"href":"https:\/\/beta.fidealis.com\/es\/wp-json\/wp\/v2\/pages\/15469"}],"collection":[{"href":"https:\/\/beta.fidealis.com\/es\/wp-json\/wp\/v2\/pages"}],"about":[{"href":"https:\/\/beta.fidealis.com\/es\/wp-json\/wp\/v2\/types\/page"}],"author":[{"embeddable":true,"href":"https:\/\/beta.fidealis.com\/es\/wp-json\/wp\/v2\/users\/1"}],"replies":[{"embeddable":true,"href":"https:\/\/beta.fidealis.com\/es\/wp-json\/wp\/v2\/comments?post=15469"}],"version-history":[{"count":2,"href":"https:\/\/beta.fidealis.com\/es\/wp-json\/wp\/v2\/pages\/15469\/revisions"}],"predecessor-version":[{"id":15990,"href":"https:\/\/beta.fidealis.com\/es\/wp-json\/wp\/v2\/pages\/15469\/revisions\/15990"}],"up":[{"embeddable":true,"href":"https:\/\/beta.fidealis.com\/es\/wp-json\/wp\/v2\/pages\/15485"}],"wp:attachment":[{"href":"https:\/\/beta.fidealis.com\/es\/wp-json\/wp\/v2\/media?parent=15469"}],"curies":[{"name":"wp","href":"https:\/\/api.w.org\/{rel}","templated":true}]}}