{"id":15471,"date":"2018-05-23T00:00:00","date_gmt":"2018-05-22T22:00:00","guid":{"rendered":"https:\/\/www.fidealis.com\/solutions-depot-pour-entreprises\/salons-professionnels"},"modified":"2020-04-13T17:40:21","modified_gmt":"2020-04-13T15:40:21","slug":"ferias-comerciales","status":"publish","type":"page","link":"https:\/\/beta.fidealis.com\/es\/nuestras-soluciones\/ferias-comerciales\/","title":{"rendered":"Ferias comerciales"},"content":{"rendered":"<section class=\"cover imagebg text-center height-60 section--ken-burns\" data-overlay=\"6\">\n        <div class=\"background-image-holder\"><img alt=\"\" src=\"https:\/\/beta.fidealis.com\/wp-content\/uploads\/2018\/07\/protection-copyright-salons-conventions.jpg\"><\/div>\n        <div class=\"container pos-vertical-center\">\n            <div class=\"row\">\n                <div class=\"col-sm-8 col-md-9\">\n                    \n                        <h1>Fidealis, su aliado en propiedad intelectual tambi\u00e9n en <strong>las Ferias<\/strong><\/h1>\n                    \n                <\/div>\n            <\/div>\n            <!--end of row-->\n        <\/div>\n        <!--end of container-->\n    <\/section>\n    <section class=\"bg--secondary space--xxs\">\n        <div class=\"container\">\n            <div class=\"row\">\n                <div class=\"cta cta--horizontal text-center-xs\">\n                    <div class=\"col-sm-4\">\n                        <h4>Su dep\u00f3sito a partir de 95\u20ac<\/h4>\n                    <\/div>\n                    <div class=\"col-sm-5\">\n                        <p class=\"lead\"> La mejor soluci\u00f3n en l\u00ednea para su protecci\u00f3n&nbsp;<\/p>\n                    <\/div>\n                    <div class=\"col-sm-3 text-right text-center-xs\">\n                        <a title=\"\" class=\"btn btn--primary type--uppercase\" href=\"https:\/\/beta.fidealis.com\/es\/qui-sommes-nous\/contactez-nous\/\" target=\"\" rel=\"\"> <span class=\"btn__text\">SOLICITUD de contactO<\/span> <\/a>\n                    <\/div>\n                <\/div>\n            <\/div>\n            <!--end of row-->\n        <\/div>\n        <!--end of container-->\n    <\/section>\n    <section class=\"switchable feature-large  space--xxs text-justify\">\n        <div class=\"container\">\n            <div class=\"row\">\n                <div class=\"col-sm-6 col-md-6\">\n                    <div class=\"switchable__text\">\n                        <p class=\"lead\">El servicio de Salones est\u00e1 dirigido a los organizadores de Ferias. FIDEALIS puede, seg\u00fan la f\u00f3rmula elegida:<\/p>\n                        <ul class=\"bullets\">\n                            <li class=\"lead li-blocked\">Ayudar a los expositores en una feria comercial a proteger sus creaciones antes o durante el per\u00edodo de la feria.<\/li>\n                            <li class=\"lead li-blocked\">instalar un stand \"protecci\u00f3n de las creaciones\" en el acto<\/li>\n                            <li class=\"lead li-blocked\">desplegar, gracias a nuestro socio legal especializado en Propiedad<\/li>\n                        <\/ul>\n                        <p class=\"lead\">Desde 2001, Fidealis ha asistido a casi 200 ferias comerciales en Europa y ha permitido que miles de expositores demuestren su arte previo al registrar sus productos, utilizando un servicio de verificaci\u00f3n de copias dentro de la feria (disputas entre expositores).<\/p>\n                        <p class=\"lead\">Desde 2001, Fidealis ha ayudado a <a href=\"https:\/\/beta.fidealis.com\/es\/solutions-depot-pour-entreprises\/\">miles de empresas<\/a> a depositar y proteger sus derechos de propiedad intelectual y defenderse en caso de una copia. Tener una evidencia certificada, fechada y a prueba de manipulaciones.<\/p>\n                    <\/div>\n                <\/div>\n                <div class=\"col-sm-5\">\n                    <div class=\"boxed boxed--lg boxed--border\">\n                        <div class=\"feature feature-2\"> <i class=\"icon color--primary icon-Libra-2\"><\/i>\n                            <div class=\"feature__body\">\n                                <h5>Pruebas reconocidas de los tribunales<\/h5>\n                                <p>Reconocimiento por tribunales de todo el mundo<\/p>\n                            <\/div>\n                        <\/div>\n                        <!--end feature-->\n                        <div class=\"feature feature-2\"> <i class=\"icon color--primary icon-Security-Check\"><\/i>\n                            <div class=\"feature__body\">\n                                <h5>Certificados de agente judicial v\u00e1lidos de por vida<\/h5>\n                                <p>Construya pruebas v\u00e1lidas para toda la vida.<\/p>\n                            <\/div>\n                        <\/div>\n                        <div class=\"feature feature-2\"> <i class=\"icon color--primary icon-Font-Window\"><\/i>\n                            <div class=\"feature__body\">\n                                <h5>Sus dep\u00f3sitos son v\u00e1lidos en 11 idiomas.<\/h5>\n                                <p style=\"text-align: left;\">Dispone de sus dep\u00f3sitos en franc\u00e9s, ingl\u00e9s, italiano, chino, alem\u00e1n, portugu\u00e9s, \u00e1rabe, espa\u00f1ol, coreano, japon\u00e9s y ruso.<\/p>\n                            <\/div>\n                        <\/div>\n                        <!--end feature-->\n                        <div class=\"feature feature-2\"> <i class=\"icon color--primary icon-Windows-2\"><\/i>\n                            <div class=\"feature__body\">\n                                <h5>Su evidencia disponible 24\/7<\/h5>\n                                <p>Recibo de dep\u00f3sito disponible en l\u00ednea 24\/7.<\/p>\n                            <\/div>\n                        <\/div>\n                        <!--end feature-->\n                    <\/div>\n                <\/div>\n            <\/div>\n            <!--end of row-->\n        <\/div>\n        <!--end of container-->\n    <\/section>\n    <section class=\"bg--secondary text-center space--xxs\">\n        <div class=\"container\">\n            <div class=\"row\">\n                <div class=\"col-sm-12\">\n                    <h2 class=\"addtoppad\">\u00bfC\u00f3mo me acompa\u00f1a Fidealis en las Ferias?&nbsp;<\/h2>\n                <\/div>\n            <\/div>\n            <!--end of row-->\n        <\/div>\n        <!--end of container-->\n    <\/section>\n    <section class=\"bg--secondary space--xs\">\n        <div class=\"container\">\n            <div class=\"row\">\n                <div class=\"col-sm-4\">\n                    <div class=\"feature feature-2 boxed boxed--border\"> <i class=\"icon color--primary icon-Checked-User\"><\/i>\n                        <div class=\"feature__body\">\n                            <p style=\"text-align: center;\"><span class=\"h1 h1--medium\" style=\"color: #d93d3d;\">1.<\/span><\/p>\n                            <h4 style=\"text-align: center;\">Se inscribe<\/h4>\n                            <p style=\"text-align: center;\">Se inscribe gratuitamente&nbsp;<br>Ning\u00fan pago requerido&nbsp;<\/p>\n                        <\/div>\n                    <\/div>\n                    <!--end feature-->\n                <\/div>\n                <div class=\"col-sm-4\">\n                    <div class=\"feature feature-2 boxed boxed--border\"> <i class=\"icon color--primary icon-Security-Settings\"><\/i>\n                        <div class=\"feature__body\">\n                            <p style=\"text-align: center;\"><span class=\"h1 h1--medium\" style=\"color: #d93d3d;\">2.<\/span><\/p>\n                            <h4 style=\"text-align: center;\">Le guiamos<\/h4>\n                            <p style=\"text-align: center;\">Elija una oferta adaptada a sus necesidades con un consultor.<\/p>\n                        <\/div>\n                    <\/div>\n                    <!--end feature-->\n                <\/div>\n                <div class=\"col-sm-4\">\n                    <div class=\"feature feature-2 boxed boxed--border\"> <i class=\"icon color--primary icon-Security-Check\"><\/i>\n                        <div class=\"feature__body\">\n                            <p style=\"text-align: center;\"><span class=\"h1 h1--medium\" style=\"color: #d93d3d;\">3.<\/span><\/p>\n                            <h4 style=\"text-align: center;\">Le protegemos<\/h4>\n                            <p style=\"text-align: center;\">Descargue sus creaciones en l\u00ednea. <br>\u00a1Est\u00e1 protegido!<\/p>\n                        <\/div>\n                    <\/div>\n                    <!--end feature-->\n                <\/div>\n            <\/div>\n            <!--end of row-->\n        <\/div>\n        <!--end of container-->\n    <\/section>\n    <section class=\"text-center  bg--secondary space--xxs\">\n        <div class=\"container\">\n            <div class=\"row\">\n                <div class=\"col-sm-8 col-md-6\">\n                    <div class=\"cta\"> <a title=\"\" class=\"btn type--uppercase inner-link btn--primary\" href=\"https:\/\/beta.fidealis.com\/es\/inscription\" target=\"_blank\" rel=\"noopener\"><span class=\"btn__text\">INSCRIBIRSE AHORA<\/span>                    <\/a>\n                        \n                            <p class=\"type--fine-print\" style=\"margin-top: 0.03em; margin-bottom: 1.2em;\">No se requiere tarjeta de cr\u00e9dito<\/p>\n                        \n                    <\/div>\n                <\/div>\n            <\/div>\n            <!--end of row-->\n        <\/div>\n        <!--end of container-->\n    <\/section>\n    <section class=\"feature-large switchable  text-justify space--xs\">\n        <div class=\"container\">\n            <div class=\"row\">\n                <div class=\"col-md-6 col-sm-6\"> <img class=\"border--round box-shadow-wide\" alt=\"Des preuves incontestables\" src=\"https:\/\/beta.fidealis.com\/wp-content\/uploads\/2018\/08\/Des-preuves-incontestables-.jpg\"> <\/div>\n                <div class=\"col-sm-6 col-md-5\">\n                    <div class=\"heading-block\">\n                        <h2>Pruebas innegables<\/h2>\n                        <p class=\"lead\" style=\"color: #000000; padding-top: 0.78787878787879em;\">Fidealis proporciona un enlace probatorio entre el creador, la creaci\u00f3n y la fecha de registro. La t\u00e9cnica anterior comprobada establece una prueba de sus derechos de autor que puede hacer valer en los tribunales.<\/p>\n                        <p>Gracias a una t\u00e9cnica y medios de prueba reconocidos por el Estado franc\u00e9s (firma electr\u00f3nica, registro con agente judicial) pero tambi\u00e9n a nivel internacional (marca de tiempo electr\u00f3nica, hash y cifrado de datos, certificados digitales, dataci\u00f3n de reloj at\u00f3mico y GPS ).<\/p>\n                    <\/div>\n                <\/div>\n            <\/div>\n            <!--end of row-->\n        <\/div>\n        <!--end of container-->\n    <\/section>\n    <section class=\"unpad--bottom switchable cta cta-3  bg--secondary text-center\">\n        <div class=\"container\">\n            <div class=\"row\">\n                <div class=\"col-sm-6 col-md-6\">\n                    <div class=\"switchable__text\">\n                        \n                            <h2>Fidealis, la protecci\u00f3n en total seguridad<\/h2>\n                            <p class=\"lead\">La soluci\u00f3n pionera en la protecci\u00f3n de dise\u00f1os y colecciones, que re\u00fane las tecnolog\u00edas de la firma electr\u00f3nica, la marca de tiempo y blockchain. Sus creaciones se certifican instant\u00e1neamente y se archivan en paralelo con el agente judicial.<\/p>\n                        \n                        <a title=\"\" class=\"btn type--uppercase inner-link btn--primary\" href=\"https:\/\/beta.fidealis.com\/es\/inscription\" target=\"_blank\" rel=\"noopener\"> <span class=\"btn__text\">                            inscribirse gratuitamente<\/span><span class=\"label\">sin tc<\/span> <\/a>\n                    <\/div>\n                <\/div>\n                <div class=\"col-sm-6 col-md-5\"> <img class=\"block\" alt=\"solution de d\u00e9p\u00f4t et copyright dans les salons et conventions\" src=\"https:\/\/beta.fidealis.com\/wp-content\/uploads\/2018\/08\/salonsconventions.png\"> <\/div>\n            <\/div>\n            <!--end of row-->\n        <\/div>\n        <!--end of container-->\n    <\/section>","protected":false},"excerpt":{"rendered":"<p>Fidealis, su aliado en propiedad intelectual tambi\u00e9n en las Ferias Su dep\u00f3sito a partir de 95\u20ac La mejor soluci\u00f3n en l\u00ednea para&#8230;<\/p>\n","protected":false},"author":1,"featured_media":0,"parent":15491,"menu_order":0,"comment_status":"closed","ping_status":"closed","template":"","meta":{"_joinchat":[]},"yoast_head":"<!-- This site is optimized with the Yoast SEO plugin v20.3 - https:\/\/yoast.com\/wordpress\/plugins\/seo\/ -->\n<title>Fidealis Entreprises Solutions: Ferias comerciales<\/title>\n<meta name=\"description\" content=\"El Servicio de ferias comerciales est\u00e1 dirigido a los organizadores de ferias comerciales. De acuerdo con la f\u00f3rmula elegida, FIDEALIS puede: Ayudar a los expositores en una feria - organizar un stand de &quot;protecci\u00f3n de creaciones&quot; - socio legal especializado en Propiedad\" \/>\n<meta name=\"robots\" content=\"noindex, follow, max-snippet:-1, max-image-preview:large, max-video-preview:-1\" \/>\n<meta property=\"og:locale\" content=\"es_ES\" \/>\n<meta property=\"og:type\" content=\"article\" \/>\n<meta property=\"og:title\" content=\"Fidealis Entreprises Solutions: Ferias comerciales\" \/>\n<meta property=\"og:description\" content=\"El Servicio de ferias comerciales est\u00e1 dirigido a los organizadores de ferias comerciales. De acuerdo con la f\u00f3rmula elegida, FIDEALIS puede: Ayudar a los expositores en una feria - organizar un stand de &quot;protecci\u00f3n de creaciones&quot; - socio legal especializado en Propiedad\" \/>\n<meta property=\"og:url\" content=\"https:\/\/beta.fidealis.com\/es\/nuestras-soluciones\/ferias-comerciales\/\" \/>\n<meta property=\"og:site_name\" content=\"Fidealis\" \/>\n<meta property=\"article:publisher\" content=\"https:\/\/www.facebook.com\/Fidealis-573887362622849\/\" \/>\n<meta property=\"article:modified_time\" content=\"2020-04-13T15:40:21+00:00\" \/>\n<meta name=\"twitter:card\" content=\"summary_large_image\" \/>\n<script type=\"application\/ld+json\" class=\"yoast-schema-graph\">{\"@context\":\"https:\/\/schema.org\",\"@graph\":[{\"@type\":\"WebPage\",\"@id\":\"https:\/\/beta.fidealis.com\/es\/nuestras-soluciones\/ferias-comerciales\/\",\"url\":\"https:\/\/beta.fidealis.com\/es\/nuestras-soluciones\/ferias-comerciales\/\",\"name\":\"Fidealis Entreprises Solutions: Ferias comerciales\",\"isPartOf\":{\"@id\":\"https:\/\/beta.fidealis.com\/#website\"},\"datePublished\":\"2018-05-22T22:00:00+00:00\",\"dateModified\":\"2020-04-13T15:40:21+00:00\",\"description\":\"El Servicio de ferias comerciales est\u00e1 dirigido a los organizadores de ferias comerciales. De acuerdo con la f\u00f3rmula elegida, FIDEALIS puede: Ayudar a los expositores en una feria - organizar un stand de \\\"protecci\u00f3n de creaciones\\\" - socio legal especializado en Propiedad\",\"breadcrumb\":{\"@id\":\"https:\/\/beta.fidealis.com\/es\/nuestras-soluciones\/ferias-comerciales\/#breadcrumb\"},\"inLanguage\":\"es\",\"potentialAction\":[{\"@type\":\"ReadAction\",\"target\":[\"https:\/\/beta.fidealis.com\/es\/nuestras-soluciones\/ferias-comerciales\/\"]}]},{\"@type\":\"BreadcrumbList\",\"@id\":\"https:\/\/beta.fidealis.com\/es\/nuestras-soluciones\/ferias-comerciales\/#breadcrumb\",\"itemListElement\":[{\"@type\":\"ListItem\",\"position\":1,\"name\":\"Accueil\",\"item\":\"https:\/\/beta.fidealis.com\/es\/\"},{\"@type\":\"ListItem\",\"position\":2,\"name\":\"Nuestras soluciones de archivo para empresas\",\"item\":\"https:\/\/beta.fidealis.com\/es\/nuestras-soluciones\/\"},{\"@type\":\"ListItem\",\"position\":3,\"name\":\"Ferias comerciales\"}]},{\"@type\":\"WebSite\",\"@id\":\"https:\/\/beta.fidealis.com\/#website\",\"url\":\"https:\/\/beta.fidealis.com\/\",\"name\":\"Fidealis\",\"description\":\"Fidealis: vous cr\u00e9ez, nous prot\u00e9geons.\",\"publisher\":{\"@id\":\"https:\/\/beta.fidealis.com\/#organization\"},\"potentialAction\":[{\"@type\":\"SearchAction\",\"target\":{\"@type\":\"EntryPoint\",\"urlTemplate\":\"https:\/\/beta.fidealis.com\/?s={search_term_string}\"},\"query-input\":\"required name=search_term_string\"}],\"inLanguage\":\"es\"},{\"@type\":\"Organization\",\"@id\":\"https:\/\/beta.fidealis.com\/#organization\",\"name\":\"Fidealis\",\"url\":\"https:\/\/beta.fidealis.com\/\",\"logo\":{\"@type\":\"ImageObject\",\"inLanguage\":\"es\",\"@id\":\"https:\/\/beta.fidealis.com\/#\/schema\/logo\/image\/\",\"url\":\"https:\/\/www.fidealis.com\/wp-content\/uploads\/2018\/04\/logo-fidealis.png\",\"contentUrl\":\"https:\/\/www.fidealis.com\/wp-content\/uploads\/2018\/04\/logo-fidealis.png\",\"width\":525,\"height\":205,\"caption\":\"Fidealis\"},\"image\":{\"@id\":\"https:\/\/beta.fidealis.com\/#\/schema\/logo\/image\/\"},\"sameAs\":[\"https:\/\/www.facebook.com\/Fidealis-573887362622849\/\"]}]}<\/script>\n<!-- \/ Yoast SEO plugin. -->","yoast_head_json":{"title":"Fidealis Entreprises Solutions: Ferias comerciales","description":"El Servicio de ferias comerciales est\u00e1 dirigido a los organizadores de ferias comerciales. De acuerdo con la f\u00f3rmula elegida, FIDEALIS puede: Ayudar a los expositores en una feria - organizar un stand de \"protecci\u00f3n de creaciones\" - socio legal especializado en Propiedad","robots":{"index":"noindex","follow":"follow","max-snippet":"max-snippet:-1","max-image-preview":"max-image-preview:large","max-video-preview":"max-video-preview:-1"},"og_locale":"es_ES","og_type":"article","og_title":"Fidealis Entreprises Solutions: Ferias comerciales","og_description":"El Servicio de ferias comerciales est\u00e1 dirigido a los organizadores de ferias comerciales. De acuerdo con la f\u00f3rmula elegida, FIDEALIS puede: Ayudar a los expositores en una feria - organizar un stand de \"protecci\u00f3n de creaciones\" - socio legal especializado en Propiedad","og_url":"https:\/\/beta.fidealis.com\/es\/nuestras-soluciones\/ferias-comerciales\/","og_site_name":"Fidealis","article_publisher":"https:\/\/www.facebook.com\/Fidealis-573887362622849\/","article_modified_time":"2020-04-13T15:40:21+00:00","twitter_card":"summary_large_image","schema":{"@context":"https:\/\/schema.org","@graph":[{"@type":"WebPage","@id":"https:\/\/beta.fidealis.com\/es\/nuestras-soluciones\/ferias-comerciales\/","url":"https:\/\/beta.fidealis.com\/es\/nuestras-soluciones\/ferias-comerciales\/","name":"Fidealis Entreprises Solutions: Ferias comerciales","isPartOf":{"@id":"https:\/\/beta.fidealis.com\/#website"},"datePublished":"2018-05-22T22:00:00+00:00","dateModified":"2020-04-13T15:40:21+00:00","description":"El Servicio de ferias comerciales est\u00e1 dirigido a los organizadores de ferias comerciales. De acuerdo con la f\u00f3rmula elegida, FIDEALIS puede: Ayudar a los expositores en una feria - organizar un stand de \"protecci\u00f3n de creaciones\" - socio legal especializado en Propiedad","breadcrumb":{"@id":"https:\/\/beta.fidealis.com\/es\/nuestras-soluciones\/ferias-comerciales\/#breadcrumb"},"inLanguage":"es","potentialAction":[{"@type":"ReadAction","target":["https:\/\/beta.fidealis.com\/es\/nuestras-soluciones\/ferias-comerciales\/"]}]},{"@type":"BreadcrumbList","@id":"https:\/\/beta.fidealis.com\/es\/nuestras-soluciones\/ferias-comerciales\/#breadcrumb","itemListElement":[{"@type":"ListItem","position":1,"name":"Accueil","item":"https:\/\/beta.fidealis.com\/es\/"},{"@type":"ListItem","position":2,"name":"Nuestras soluciones de archivo para empresas","item":"https:\/\/beta.fidealis.com\/es\/nuestras-soluciones\/"},{"@type":"ListItem","position":3,"name":"Ferias comerciales"}]},{"@type":"WebSite","@id":"https:\/\/beta.fidealis.com\/#website","url":"https:\/\/beta.fidealis.com\/","name":"Fidealis","description":"Fidealis: vous cr\u00e9ez, nous prot\u00e9geons.","publisher":{"@id":"https:\/\/beta.fidealis.com\/#organization"},"potentialAction":[{"@type":"SearchAction","target":{"@type":"EntryPoint","urlTemplate":"https:\/\/beta.fidealis.com\/?s={search_term_string}"},"query-input":"required name=search_term_string"}],"inLanguage":"es"},{"@type":"Organization","@id":"https:\/\/beta.fidealis.com\/#organization","name":"Fidealis","url":"https:\/\/beta.fidealis.com\/","logo":{"@type":"ImageObject","inLanguage":"es","@id":"https:\/\/beta.fidealis.com\/#\/schema\/logo\/image\/","url":"https:\/\/www.fidealis.com\/wp-content\/uploads\/2018\/04\/logo-fidealis.png","contentUrl":"https:\/\/www.fidealis.com\/wp-content\/uploads\/2018\/04\/logo-fidealis.png","width":525,"height":205,"caption":"Fidealis"},"image":{"@id":"https:\/\/beta.fidealis.com\/#\/schema\/logo\/image\/"},"sameAs":["https:\/\/www.facebook.com\/Fidealis-573887362622849\/"]}]}},"_links":{"self":[{"href":"https:\/\/beta.fidealis.com\/es\/wp-json\/wp\/v2\/pages\/15471"}],"collection":[{"href":"https:\/\/beta.fidealis.com\/es\/wp-json\/wp\/v2\/pages"}],"about":[{"href":"https:\/\/beta.fidealis.com\/es\/wp-json\/wp\/v2\/types\/page"}],"author":[{"embeddable":true,"href":"https:\/\/beta.fidealis.com\/es\/wp-json\/wp\/v2\/users\/1"}],"replies":[{"embeddable":true,"href":"https:\/\/beta.fidealis.com\/es\/wp-json\/wp\/v2\/comments?post=15471"}],"version-history":[{"count":3,"href":"https:\/\/beta.fidealis.com\/es\/wp-json\/wp\/v2\/pages\/15471\/revisions"}],"predecessor-version":[{"id":16018,"href":"https:\/\/beta.fidealis.com\/es\/wp-json\/wp\/v2\/pages\/15471\/revisions\/16018"}],"up":[{"embeddable":true,"href":"https:\/\/beta.fidealis.com\/es\/wp-json\/wp\/v2\/pages\/15491"}],"wp:attachment":[{"href":"https:\/\/beta.fidealis.com\/es\/wp-json\/wp\/v2\/media?parent=15471"}],"curies":[{"name":"wp","href":"https:\/\/api.w.org\/{rel}","templated":true}]}}