{"id":15473,"date":"2018-05-23T00:00:00","date_gmt":"2018-05-22T22:00:00","guid":{"rendered":"https:\/\/www.fidealis.com\/qui-sommes-nous\/notre-systeme-de-depot-par-copyright"},"modified":"2020-04-13T17:43:48","modified_gmt":"2020-04-13T15:43:48","slug":"nuestro-sistema-de-archivo","status":"publish","type":"page","link":"https:\/\/beta.fidealis.com\/es\/quienes-somos\/nuestro-sistema-de-archivo\/","title":{"rendered":"Nuestro sistema de archivo de derechos de autor"},"content":{"rendered":"<section class=\"cover imagebg text-center height-60 section--ken-burns\" data-overlay=\"4\">\n        <div class=\"background-image-holder\"><img alt=\"\" src=\"https:\/\/beta.fidealis.com\/wp-content\/uploads\/2018\/06\/31591.jpg\"><\/div>\n        <div class=\"container pos-vertical-center\">\n            <div class=\"row\">\n                <div class=\"col-sm-8 col-md-9\">\n                    \n                        <h1>Nuestro sistema de dep\u00f3sito de copyright<\/h1>\n                    \n                <\/div>\n            <\/div>\n            <!--end of row-->\n        <\/div>\n        <!--end of container-->\n    <\/section>\n    <section class=\"text-center  space--xs\">\n        <div class=\"container\">\n            <div class=\"row\">\n                <div class=\"col-sm-10 col-md-8\">\n                    <h2>Nuestro sistema de dep\u00f3sito<\/h2>\n                    <p class=\"lead\">Nuestro sistema de registro y dep\u00f3sito de sus creaciones combina 3 elementos no falsificables:<\/p>\n                <\/div>\n            <\/div>\n            <!--end of row-->\n        <\/div>\n        <!--end of container-->\n    <\/section>\n    <section class=\"switchable feature-large  text-justify switchable--switch space--xs\">\n        <div class=\"container\">\n            <div class=\"row\">\n                <div class=\"col-sm-6 col-md-5\">\n                    <div class=\"switchable__text\">\n                        <p class=\"lead\">Despu\u00e9s de la presentaci\u00f3n de cada documento, recibir\u00e1 un recibo de sello de tiempo que contiene la fecha y el contenido de este documento. El uso de m\u00e9todos de firmas, cifrado y sellado de tiempo, asociado con un dep\u00f3sito con agente judicial, le da a sus documentos, creaciones, modelos, un medio de prueba indiscutible.<\/p>\n                        <p class=\"lead\">Para nuestros clientes fuera de Francia, dependiendo de los pa\u00edses desde los cuales se realizan los dep\u00f3sitos, es posible recurrir a los servicios de funcionarios ministeriales locales (pronto en Italia y B\u00e9lgica).<\/p>\n                    <\/div>\n                <\/div>\n                <div class=\"col-sm-6\">\n                    <div class=\"boxed boxed--lg boxed--border\">\n                        <div class=\"feature feature-2\"> <i class=\"icon icon-Clock-Back color--primary\"><\/i>\n                            <div class=\"feature__body\">\n                                <h5>La firma num\u00e9rica de sus creaciones&nbsp;<\/h5>\n                            <\/div>\n                        <\/div>\n                        <!--end feature-->\n                        <div class=\"feature feature-2\"> <i class=\"icon icon-Duplicate-Window color--primary\"><\/i>\n                            <div class=\"feature__body\">\n                                <h5>Sellado de tiempo electr\u00f3nico<\/h5>\n                            <\/div>\n                        <\/div>\n                        <!--end feature-->\n                        <div class=\"feature feature-2\"> <i class=\"icon icon-Life-Jacket color--primary\"><\/i>\n                            <div class=\"feature__body\">\n                                <h5>El dep\u00f3sito autom\u00e1tico por correo electr\u00f3nico en un agente judicial<\/h5>\n                            <\/div>\n                        <\/div>\n                        <!--end feature-->\n                    <\/div>\n                <\/div>\n            <\/div>\n            <!--end of row-->\n        <\/div>\n        <!--end of container-->\n    <\/section>\n    <section class=\"text-center space--xxs bg--secondary\">\n        <div class=\"container\">\n            <div class=\"row\">\n                <div class=\"col-sm-12\">\n                    <h2>La tecnolog\u00eda empleada&nbsp;<\/h2>\n                <\/div>\n            <\/div>\n            <!--end of row-->\n        <\/div>\n        <!--end of container-->\n    <\/section>\n    <section class=\"text-justify space--xxs bg--secondary\">\n        <div class=\"container\">\n            <div class=\"row\">\n                <div class=\"col-md-6 col-sm-12\">\n                    <p class=\"lead\" style=\"color: #000000; padding-top: 0.78787878787879em;\">El servicio FIDEALIS es una soluci\u00f3n que combina varias herramientas:<\/p>\n                    <ul>\n                        <li>Marca de tiempo cierta y precisa (sincronizaci\u00f3n en relojes at\u00f3micos y en GPS)<br>Firma digital (Ley de 13 de marzo de 2000).<br>Rastreo autom\u00e1tico por agente judicial.<br>Acceso seguro y encriptado a su cuenta (no es posible interceptar esta informaci\u00f3n personal)<\/li>\n                    <\/ul>\n                <\/div>\n                <div class=\"col-md-6 col-sm-12\">\n                    <p class=\"lead\" style=\"color: #000000; padding-top: 0.78787878787879em;\">Para obtener m\u00e1s informaci\u00f3n, aqu\u00ed hay algunas explicaciones sobre las tecnolog\u00edas de firma y marca de tiempo:<\/p>\n                    <ul>\n                        <li>FIDEALIS ha cumplido con los est\u00e1ndares definidos por el Internet Engineering Task Force (IETF) para controlar y crear el servicio electr\u00f3nico de sellado de tiempo. La marca de tiempo es una extensi\u00f3n de la Infraestructura de clave p\u00fablica (PKI) utilizada para firmas electr\u00f3nicas.<br>Esta estructura, comunidad internacional de investigadores e industriales, se re\u00fane regularmente para avanzar en los protocolos y usos de Internet.<\/li>\n                    <\/ul>\n                <\/div>\n            <\/div>\n            <!--end of row-->\n        <\/div>\n        <!--end of container-->\n    <\/section>\n    <section class=\"imagebg text-justify section--ken-burns\" data-overlay=\"8\">\n        <div class=\"background-image-holder\"> <img alt=\"\" src=\"https:\/\/beta.fidealis.com\/wp-content\/uploads\/2018\/09\/blockchain.jpg\"> <\/div>\n        <div class=\"container\">\n            <div class=\"row\">\n                <div class=\"col-sm-10\">\n                    <h3><span style=\"color: #ffffff;\">Fidealis lanza su propia blockchain para servir sus creaciones<\/span><\/h3>\n                    <h4>Para garantizar una seguridad \u00f3ptima y un valor probatorio para sus creaciones, FIDEALIS ha desarrollado su propia BLOCKCHAIN basada en la TECNOLOG\u00cdA BITCOIN.<\/h4>\n                    <p><span>Al combinar la tecnolog\u00eda de marca de tiempo \u00fanica de fidealis con Blockchain, el repositorio de Fidealis le brinda acceso a un nivel de evidencia para sus creaciones \u00fanicas. Todos los dep\u00f3sitos de Fidealis ahora pueden beneficiarse de los beneficios de blockchain, adem\u00e1s de las herramientas utilizadas anteriormente para proteger sus activos creativos.<\/span><\/p>\n                    <p><span>Como recordatorio, una blockchain es una tecnolog\u00eda de almacenamiento y transmisi\u00f3n descentralizada de informaci\u00f3n. T\u00e9cnicamente, es una base de datos distribuida cuya informaci\u00f3n enviada por los usuarios y enlaces internos a la base de datos se verifican y agrupan a intervalos de tiempo regulares en bloques, todo ello asegurado por criptograf\u00eda y, por lo tanto, formando una cadena a prueba de manipulaciones.<\/span><\/p>\n                    <p><span>Por extensi\u00f3n, una blockchain es una base de datos distribuida que mantiene una lista de registros protegidos contra la falsificaci\u00f3n o modificaci\u00f3n por nodos de almacenamiento. Por lo tanto, blockchain es un registro distribuido y seguro de todas las transacciones realizadas desde el inicio del sistema distribuido.<\/span><\/p>\n                <\/div>\n            <\/div>\n            <!--end of row-->\n        <\/div>\n        <!--end of container-->\n    <\/section>\n    <section class=\"text-center unpad--bottom switchable cta cta-3\">\n        <div class=\"container\">\n            <div class=\"row\">\n                <div class=\"col-sm-6 col-md-6\">\n                    <div class=\"switchable__text\">\n                        \n                            <h2 style=\"text-align: center;\">Fidealis, la protecci\u00f3n en total serenidad<\/h2>\n                            <p class=\"lead\" style=\"text-align: center;\">La soluci\u00f3n pionera en la protecci\u00f3n de dise\u00f1os y colecciones, que re\u00fane las tecnolog\u00edas de la firma electr\u00f3nica, la marca de tiempo y blockchain. Sus creaciones se certifican instant\u00e1neamente y se archivan en paralelo con el agente judicial.<\/p>\n                         <a class=\"btn btn--primary type--uppercase inner-link\" href=\"https:\/\/beta.fidealis.com\/inscription\" target=\"\" title=\"\" rel=\"\"><span class=\"btn__text\">INSCRIBIRSE GRATUITAMENTE<\/span>                        <span class=\"label\">sIN tc<\/span>                    <\/a> <\/div>\n                <\/div>\n                <div class=\"col-sm-6 col-md-5\"> <img alt=\"D\u00e9p\u00f4t et copyright, le droit d'auteur\" class=\"block\" src=\"https:\/\/beta.fidealis.com\/wp-content\/uploads\/2018\/08\/le-droit-d_auteur.png\"> <\/div>\n            <\/div>\n            <!--end of row-->\n        <\/div>\n        <!--end of container-->\n    <\/section>","protected":false},"excerpt":{"rendered":"<p>Nuestro sistema de dep\u00f3sito de copyright Nuestro sistema de dep\u00f3sito Nuestro sistema de registro y dep\u00f3sito de sus creaciones combina 3 elementos&#8230;<\/p>\n","protected":false},"author":1,"featured_media":0,"parent":15467,"menu_order":0,"comment_status":"closed","ping_status":"closed","template":"","meta":{"_joinchat":[]},"yoast_head":"<!-- This site is optimized with the Yoast SEO plugin v20.3 - https:\/\/yoast.com\/wordpress\/plugins\/seo\/ -->\n<title>Fidealis - Qui\u00e9nes somos: nuestras tecnolog\u00edas<\/title>\n<meta name=\"description\" content=\"Nuestro sistema para registrar y depositar sus creaciones combina 3 elementos a prueba de manipulaciones: la firma digital de sus creaciones - Sellado de tiempo electr\u00f3nico - Archivado autom\u00e1tico por correo electr\u00f3nico con AR en el agente judicial\" \/>\n<meta name=\"robots\" content=\"noindex, follow, max-snippet:-1, max-image-preview:large, max-video-preview:-1\" \/>\n<meta property=\"og:locale\" content=\"es_ES\" \/>\n<meta property=\"og:type\" content=\"article\" \/>\n<meta property=\"og:title\" content=\"Fidealis - Qui\u00e9nes somos: nuestras tecnolog\u00edas\" \/>\n<meta property=\"og:description\" content=\"Nuestro sistema para registrar y depositar sus creaciones combina 3 elementos a prueba de manipulaciones: la firma digital de sus creaciones - Sellado de tiempo electr\u00f3nico - Archivado autom\u00e1tico por correo electr\u00f3nico con AR en el agente judicial\" \/>\n<meta property=\"og:url\" content=\"https:\/\/beta.fidealis.com\/es\/quienes-somos\/nuestro-sistema-de-archivo\/\" \/>\n<meta property=\"og:site_name\" content=\"Fidealis\" \/>\n<meta property=\"article:publisher\" content=\"https:\/\/www.facebook.com\/Fidealis-573887362622849\/\" \/>\n<meta property=\"article:modified_time\" content=\"2020-04-13T15:43:48+00:00\" \/>\n<meta name=\"twitter:card\" content=\"summary_large_image\" \/>\n<script type=\"application\/ld+json\" class=\"yoast-schema-graph\">{\"@context\":\"https:\/\/schema.org\",\"@graph\":[{\"@type\":\"WebPage\",\"@id\":\"https:\/\/beta.fidealis.com\/es\/quienes-somos\/nuestro-sistema-de-archivo\/\",\"url\":\"https:\/\/beta.fidealis.com\/es\/quienes-somos\/nuestro-sistema-de-archivo\/\",\"name\":\"Fidealis - Qui\u00e9nes somos: nuestras tecnolog\u00edas\",\"isPartOf\":{\"@id\":\"https:\/\/beta.fidealis.com\/#website\"},\"datePublished\":\"2018-05-22T22:00:00+00:00\",\"dateModified\":\"2020-04-13T15:43:48+00:00\",\"description\":\"Nuestro sistema para registrar y depositar sus creaciones combina 3 elementos a prueba de manipulaciones: la firma digital de sus creaciones - Sellado de tiempo electr\u00f3nico - Archivado autom\u00e1tico por correo electr\u00f3nico con AR en el agente judicial\",\"breadcrumb\":{\"@id\":\"https:\/\/beta.fidealis.com\/es\/quienes-somos\/nuestro-sistema-de-archivo\/#breadcrumb\"},\"inLanguage\":\"es\",\"potentialAction\":[{\"@type\":\"ReadAction\",\"target\":[\"https:\/\/beta.fidealis.com\/es\/quienes-somos\/nuestro-sistema-de-archivo\/\"]}]},{\"@type\":\"BreadcrumbList\",\"@id\":\"https:\/\/beta.fidealis.com\/es\/quienes-somos\/nuestro-sistema-de-archivo\/#breadcrumb\",\"itemListElement\":[{\"@type\":\"ListItem\",\"position\":1,\"name\":\"Accueil\",\"item\":\"https:\/\/beta.fidealis.com\/es\/\"},{\"@type\":\"ListItem\",\"position\":2,\"name\":\"\u00bfQui\u00e9nes somos?\",\"item\":\"https:\/\/beta.fidealis.com\/es\/quienes-somos\/\"},{\"@type\":\"ListItem\",\"position\":3,\"name\":\"Nuestro sistema de archivo de derechos de autor\"}]},{\"@type\":\"WebSite\",\"@id\":\"https:\/\/beta.fidealis.com\/#website\",\"url\":\"https:\/\/beta.fidealis.com\/\",\"name\":\"Fidealis\",\"description\":\"Fidealis: vous cr\u00e9ez, nous prot\u00e9geons.\",\"publisher\":{\"@id\":\"https:\/\/beta.fidealis.com\/#organization\"},\"potentialAction\":[{\"@type\":\"SearchAction\",\"target\":{\"@type\":\"EntryPoint\",\"urlTemplate\":\"https:\/\/beta.fidealis.com\/?s={search_term_string}\"},\"query-input\":\"required name=search_term_string\"}],\"inLanguage\":\"es\"},{\"@type\":\"Organization\",\"@id\":\"https:\/\/beta.fidealis.com\/#organization\",\"name\":\"Fidealis\",\"url\":\"https:\/\/beta.fidealis.com\/\",\"logo\":{\"@type\":\"ImageObject\",\"inLanguage\":\"es\",\"@id\":\"https:\/\/beta.fidealis.com\/#\/schema\/logo\/image\/\",\"url\":\"https:\/\/www.fidealis.com\/wp-content\/uploads\/2018\/04\/logo-fidealis.png\",\"contentUrl\":\"https:\/\/www.fidealis.com\/wp-content\/uploads\/2018\/04\/logo-fidealis.png\",\"width\":525,\"height\":205,\"caption\":\"Fidealis\"},\"image\":{\"@id\":\"https:\/\/beta.fidealis.com\/#\/schema\/logo\/image\/\"},\"sameAs\":[\"https:\/\/www.facebook.com\/Fidealis-573887362622849\/\"]}]}<\/script>\n<!-- \/ Yoast SEO plugin. -->","yoast_head_json":{"title":"Fidealis - Qui\u00e9nes somos: nuestras tecnolog\u00edas","description":"Nuestro sistema para registrar y depositar sus creaciones combina 3 elementos a prueba de manipulaciones: la firma digital de sus creaciones - Sellado de tiempo electr\u00f3nico - Archivado autom\u00e1tico por correo electr\u00f3nico con AR en el agente judicial","robots":{"index":"noindex","follow":"follow","max-snippet":"max-snippet:-1","max-image-preview":"max-image-preview:large","max-video-preview":"max-video-preview:-1"},"og_locale":"es_ES","og_type":"article","og_title":"Fidealis - Qui\u00e9nes somos: nuestras tecnolog\u00edas","og_description":"Nuestro sistema para registrar y depositar sus creaciones combina 3 elementos a prueba de manipulaciones: la firma digital de sus creaciones - Sellado de tiempo electr\u00f3nico - Archivado autom\u00e1tico por correo electr\u00f3nico con AR en el agente judicial","og_url":"https:\/\/beta.fidealis.com\/es\/quienes-somos\/nuestro-sistema-de-archivo\/","og_site_name":"Fidealis","article_publisher":"https:\/\/www.facebook.com\/Fidealis-573887362622849\/","article_modified_time":"2020-04-13T15:43:48+00:00","twitter_card":"summary_large_image","schema":{"@context":"https:\/\/schema.org","@graph":[{"@type":"WebPage","@id":"https:\/\/beta.fidealis.com\/es\/quienes-somos\/nuestro-sistema-de-archivo\/","url":"https:\/\/beta.fidealis.com\/es\/quienes-somos\/nuestro-sistema-de-archivo\/","name":"Fidealis - Qui\u00e9nes somos: nuestras tecnolog\u00edas","isPartOf":{"@id":"https:\/\/beta.fidealis.com\/#website"},"datePublished":"2018-05-22T22:00:00+00:00","dateModified":"2020-04-13T15:43:48+00:00","description":"Nuestro sistema para registrar y depositar sus creaciones combina 3 elementos a prueba de manipulaciones: la firma digital de sus creaciones - Sellado de tiempo electr\u00f3nico - Archivado autom\u00e1tico por correo electr\u00f3nico con AR en el agente judicial","breadcrumb":{"@id":"https:\/\/beta.fidealis.com\/es\/quienes-somos\/nuestro-sistema-de-archivo\/#breadcrumb"},"inLanguage":"es","potentialAction":[{"@type":"ReadAction","target":["https:\/\/beta.fidealis.com\/es\/quienes-somos\/nuestro-sistema-de-archivo\/"]}]},{"@type":"BreadcrumbList","@id":"https:\/\/beta.fidealis.com\/es\/quienes-somos\/nuestro-sistema-de-archivo\/#breadcrumb","itemListElement":[{"@type":"ListItem","position":1,"name":"Accueil","item":"https:\/\/beta.fidealis.com\/es\/"},{"@type":"ListItem","position":2,"name":"\u00bfQui\u00e9nes somos?","item":"https:\/\/beta.fidealis.com\/es\/quienes-somos\/"},{"@type":"ListItem","position":3,"name":"Nuestro sistema de archivo de derechos de autor"}]},{"@type":"WebSite","@id":"https:\/\/beta.fidealis.com\/#website","url":"https:\/\/beta.fidealis.com\/","name":"Fidealis","description":"Fidealis: vous cr\u00e9ez, nous prot\u00e9geons.","publisher":{"@id":"https:\/\/beta.fidealis.com\/#organization"},"potentialAction":[{"@type":"SearchAction","target":{"@type":"EntryPoint","urlTemplate":"https:\/\/beta.fidealis.com\/?s={search_term_string}"},"query-input":"required name=search_term_string"}],"inLanguage":"es"},{"@type":"Organization","@id":"https:\/\/beta.fidealis.com\/#organization","name":"Fidealis","url":"https:\/\/beta.fidealis.com\/","logo":{"@type":"ImageObject","inLanguage":"es","@id":"https:\/\/beta.fidealis.com\/#\/schema\/logo\/image\/","url":"https:\/\/www.fidealis.com\/wp-content\/uploads\/2018\/04\/logo-fidealis.png","contentUrl":"https:\/\/www.fidealis.com\/wp-content\/uploads\/2018\/04\/logo-fidealis.png","width":525,"height":205,"caption":"Fidealis"},"image":{"@id":"https:\/\/beta.fidealis.com\/#\/schema\/logo\/image\/"},"sameAs":["https:\/\/www.facebook.com\/Fidealis-573887362622849\/"]}]}},"_links":{"self":[{"href":"https:\/\/beta.fidealis.com\/es\/wp-json\/wp\/v2\/pages\/15473"}],"collection":[{"href":"https:\/\/beta.fidealis.com\/es\/wp-json\/wp\/v2\/pages"}],"about":[{"href":"https:\/\/beta.fidealis.com\/es\/wp-json\/wp\/v2\/types\/page"}],"author":[{"embeddable":true,"href":"https:\/\/beta.fidealis.com\/es\/wp-json\/wp\/v2\/users\/1"}],"replies":[{"embeddable":true,"href":"https:\/\/beta.fidealis.com\/es\/wp-json\/wp\/v2\/comments?post=15473"}],"version-history":[{"count":2,"href":"https:\/\/beta.fidealis.com\/es\/wp-json\/wp\/v2\/pages\/15473\/revisions"}],"predecessor-version":[{"id":16026,"href":"https:\/\/beta.fidealis.com\/es\/wp-json\/wp\/v2\/pages\/15473\/revisions\/16026"}],"up":[{"embeddable":true,"href":"https:\/\/beta.fidealis.com\/es\/wp-json\/wp\/v2\/pages\/15467"}],"wp:attachment":[{"href":"https:\/\/beta.fidealis.com\/es\/wp-json\/wp\/v2\/media?parent=15473"}],"curies":[{"name":"wp","href":"https:\/\/api.w.org\/{rel}","templated":true}]}}