{"id":15474,"date":"2018-05-23T00:00:00","date_gmt":"2018-05-22T22:00:00","guid":{"rendered":"https:\/\/www.fidealis.com\/depot-copyright\/deposer-un-design"},"modified":"2021-07-26T11:29:41","modified_gmt":"2021-07-26T09:29:41","slug":"diseno-de-copyright","status":"publish","type":"page","link":"https:\/\/beta.fidealis.com\/es\/presentacion-de-modelos\/diseno-de-copyright\/","title":{"rendered":"Dise\u00f1o de copyright"},"content":{"rendered":"<section class=\"cover imagebg text-center height-60 section--ken-burns\" data-overlay=\"4\">\r\n        <div class=\"background-image-holder\"><img alt=\"\" src=\"https:\/\/beta.fidealis.com\/wp-content\/uploads\/2018\/05\/O68BJM0.jpg\"><\/div>\r\n        <div class=\"container pos-vertical-center\">\r\n            <div class=\"row\">\r\n                <div class=\"col-sm-8 col-md-9\">\r\n                    \r\n                        <h1>Protegerse en el universo del dise\u00f1o<\/h1>\r\n                    \r\n                <\/div>\r\n            <\/div>\r\n            <!--end of row-->\r\n        <\/div>\r\n        <!--end of container-->\r\n    <\/section>\r\n    <section class=\"bg--secondary space--xxs\">\r\n        <div class=\"container\">\r\n            <div class=\"row\">\r\n                <div class=\"cta cta--horizontal text-center-xs\">\r\n                    <div class=\"col-sm-4\">\r\n                        <h4>Su dep\u00f3sito a partir de 95\u20ac<\/h4>\r\n                    <\/div>\r\n                    <div class=\"col-sm-5\">\r\n                        <p class=\"lead\">La mejor soluci\u00f3n para la protecci\u00f3n de sus dise\u00f1os<\/p>\r\n                    <\/div>\r\n                    <div class=\"col-sm-3 text-right text-center-xs\">\r\n                        <a title=\"\" class=\"btn btn--primary type--uppercase\" href=\"https:\/\/beta.fidealis.com\/es\/qui-sommes-nous\/contactez-nous\/\" target=\"\" rel=\"\"> <span class=\"btn__text\">SOLICITUD de contactO<\/span> <\/a>\r\n                    <\/div>\r\n                <\/div>\r\n            <\/div>\r\n            <!--end of row-->\r\n        <\/div>\r\n        <!--end of container-->\r\n    <\/section>\r\n    <section class=\"switchable feature-large  text-justify space--xxs\">\r\n        <div class=\"container\">\r\n            <div class=\"row\">\r\n                <div class=\"col-sm-6 col-md-6\">\r\n                    <div class=\"switchable__text\">\r\n                        <h2 class=\"left\">\u00bfQu\u00e9 es el copyright de un dise\u00f1o?<\/h2>\r\n                        <div class=\"right\">\u00a0<\/div>\r\n                        <p class=\"lead\">El dise\u00f1o, como cualquier producci\u00f3n escrita, pintada o fotografiada, se considera una obra intelectual que puede protegerse bajo los derechos de autor, llamados derechos de autor fuera de los Estados Unidos.<\/p>\r\n                        <p class=\"lead\">El dise\u00f1o tiene como objetivo combinar la est\u00e9tica y la funcionalidad y se refiere a todos los objetos cotidianos, ya sea por su forma o apariencia.<\/p>\r\n                        <p class=\"lead\">El <a href=\"https:\/\/beta.fidealis.com\/es\/depot-copyright\/\">copyright<\/a> de dise\u00f1o sirve para proteger tanto al creador del objeto, el modelo y el dise\u00f1o. La protecci\u00f3n del dise\u00f1o se realiza a trav\u00e9s del C\u00f3digo de Propiedad Intelectual y el C\u00f3digo de Propiedad Industrial.<\/p>\r\n                    <\/div>\r\n                <\/div>\r\n                <div class=\"col-sm-5\">\r\n                    <div class=\"boxed boxed--lg boxed--border\">\r\n                        <div class=\"feature feature-2\"> <i class=\"icon color--primary icon-Libra-2\"><\/i>\r\n                            <div class=\"feature__body\">\r\n                                <h5>Pruebas reconocidas de los tribunales<\/h5>\r\n                                <p>Reconocimiento por tribunales de todo el mundo<\/p>\r\n                            <\/div>\r\n                        <\/div>\r\n                        <!--end feature-->\r\n                        <div class=\"feature feature-2\"> <i class=\"icon color--primary icon-Security-Check\"><\/i>\r\n                            <div class=\"feature__body\">\r\n                                <h5>Certificados de agente judicial v\u00e1lidos de por vida<\/h5>\r\n                                <p>Construya pruebas v\u00e1lidas para toda la vida.<\/p>\r\n                            <\/div>\r\n                        <\/div>\r\n                        <div class=\"feature feature-2\"> <i class=\"icon color--primary icon-Font-Window\"><\/i>\r\n                            <div class=\"feature__body\">\r\n                                <h5>Sus dep\u00f3sitos son v\u00e1lidos en 11 idiomas.<\/h5>\r\n                                <p style=\"text-align: left;\">Dispone de sus dep\u00f3sitos en franc\u00e9s, ingl\u00e9s, italiano, chino, alem\u00e1n, portugu\u00e9s, \u00e1rabe, espa\u00f1ol, coreano, japon\u00e9s y ruso.<\/p>\r\n                            <\/div>\r\n                        <\/div>\r\n                        <!--end feature-->\r\n                        <div class=\"feature feature-2\"> <i class=\"icon color--primary icon-Windows-2\"><\/i>\r\n                            <div class=\"feature__body\">\r\n                                <h5>Su evidencia disponible 24\/7<\/h5>\r\n                                <p>Recibo de dep\u00f3sito disponible en l\u00ednea 24\/7.<\/p>\r\n                            <\/div>\r\n                        <\/div>\r\n                        <!--end feature-->\r\n                    <\/div>\r\n                <\/div>\r\n            <\/div>\r\n            <!--end of row-->\r\n        <\/div>\r\n        <!--end of container-->\r\n    <\/section>\r\n    <section class=\"bg--secondary text-center space--xxs\">\r\n        <div class=\"container\">\r\n            <div class=\"row\">\r\n                <div class=\"col-sm-12\">\r\n                    <h2 class=\"addtoppad\">\u00bfC\u00f3mo proteger mis dise\u00f1os con Fidealis?<\/h2>\r\n                <\/div>\r\n            <\/div>\r\n            <!--end of row-->\r\n        <\/div>\r\n        <!--end of container-->\r\n    <\/section>\r\n    <section class=\"bg--secondary space--xs\">\r\n        <div class=\"container\">\r\n            <div class=\"row\">\r\n                <div class=\"col-sm-4\">\r\n                    <div class=\"feature feature-2 boxed boxed--border\"> <i class=\"icon color--primary icon-Checked-User\"><\/i>\r\n                        <div class=\"feature__body\">\r\n                            <p style=\"text-align: center;\"><span class=\"h1 h1--medium\" style=\"color: #d93d3d;\">1.<\/span><\/p>\r\n                            <h4 style=\"text-align: center;\">Se inscribe<\/h4>\r\n                            <p style=\"text-align: center;\">Se inscribe gratuitamente\u00a0<br>Ning\u00fan pago requerido\u00a0<\/p>\r\n                        <\/div>\r\n                    <\/div>\r\n                    <!--end feature-->\r\n                <\/div>\r\n                <div class=\"col-sm-4\">\r\n                    <div class=\"feature feature-2 boxed boxed--border\"> <i class=\"icon color--primary icon-Security-Settings\"><\/i>\r\n                        <div class=\"feature__body\">\r\n                            <p style=\"text-align: center;\"><span class=\"h1 h1--medium\" style=\"color: #d93d3d;\">2.<\/span><\/p>\r\n                            <h4 style=\"text-align: center;\">Le guiamos<\/h4>\r\n                            <p style=\"text-align: center;\">Elija una oferta adaptada a sus necesidades con un consultor.<\/p>\r\n                        <\/div>\r\n                    <\/div>\r\n                    <!--end feature-->\r\n                <\/div>\r\n                <div class=\"col-sm-4\">\r\n                    <div class=\"feature feature-2 boxed boxed--border\"> <i class=\"icon color--primary icon-Security-Check\"><\/i>\r\n                        <div class=\"feature__body\">\r\n                            <p style=\"text-align: center;\"><span class=\"h1 h1--medium\" style=\"color: #d93d3d;\">3.<\/span><\/p>\r\n                            <h4 style=\"text-align: center;\">Le protegemos<\/h4>\r\n                            <p style=\"text-align: center;\">Descargue sus creaciones en l\u00ednea. <br>\u00a1Est\u00e1 protegido!<\/p>\r\n                        <\/div>\r\n                    <\/div>\r\n                    <!--end feature-->\r\n                <\/div>\r\n            <\/div>\r\n            <!--end of row-->\r\n        <\/div>\r\n        <!--end of container-->\r\n    <\/section>\r\n    <section class=\"text-center  bg--secondary space--xxs\">\r\n        <div class=\"container\">\r\n            <div class=\"row\">\r\n                <div class=\"col-sm-8 col-md-6\">\r\n                    <div class=\"cta\"> <a title=\"\" class=\"btn type--uppercase inner-link btn--primary\" href=\"https:\/\/beta.fidealis.com\/es\/inscription\" target=\"_blank\" rel=\"noopener\"><span class=\"btn__text\">INSCRIBIRSE AHORA<\/span>                    <\/a>\r\n                        \r\n                            <p class=\"type--fine-print\" style=\"margin-top: 0.03em; margin-bottom: 1.2em;\">No se requiere tarjeta de cr\u00e9dito<\/p>\r\n                        \r\n                    <\/div>\r\n                <\/div>\r\n            <\/div>\r\n            <!--end of row-->\r\n        <\/div>\r\n        <!--end of container-->\r\n    <\/section>\r\n    <section class=\"feature-large switchable  text-justify space--xs\">\r\n        <div class=\"container\">\r\n            <div class=\"row\">\r\n                <div class=\"col-md-6 col-sm-6\"> <img class=\"border--round box-shadow-wide\" alt=\"\" src=\"https:\/\/beta.fidealis.com\/wp-content\/uploads\/2018\/06\/copyright-design.jpg\"> <\/div>\r\n                <div class=\"col-sm-6 col-md-5\">\r\n                    <div class=\"heading-block\">\r\n                        <h2>Protecci\u00f3n de dise\u00f1o, \u00bfc\u00f3mo se hace?\u00a0<\/h2>\r\n                        <p class=\"lead\"><br>Existen diferentes formas de dise\u00f1o de protecci\u00f3n. Esta protecci\u00f3n concierne al dibujo y al modelo. El t\u00e9rmino dibujo abarca todas las producciones en 2 dimensiones. Para presentar un modelo o un dibujo, es necesario solicitarlo a empresas privadas como FIDEALIS, por ejemplo.<\/p>\r\n                        <p class=\"lead\">La condici\u00f3n para garantizar la protecci\u00f3n del dise\u00f1o es la originalidad y singularidad del dise\u00f1o o patr\u00f3n. Cabe se\u00f1alar que a la dimensi\u00f3n est\u00e9tica del objeto se agrega su dimensi\u00f3n funcional e industrial. Todos estos aspectos entran en juego en la protecci\u00f3n del dise\u00f1o.<\/p>\r\n                        <p class=\"lead\">La duraci\u00f3n de esta protecci\u00f3n es de 25 a\u00f1os. Adem\u00e1s, la creaci\u00f3n del dise\u00f1o de un objeto confiere a sus creadores los derechos de autor por el mero hecho de la creaci\u00f3n. Por lo tanto, enviar una plantilla es esencial porque el dise\u00f1o de los derechos de autor servir\u00e1 para proteger la creaci\u00f3n del autor.<\/p>\r\n                    <\/div>\r\n                <\/div>\r\n            <\/div>\r\n            <!--end of row-->\r\n        <\/div>\r\n        <!--end of container-->\r\n    <\/section>\r\n    <section class=\"imagebg space--md\" data-overlay=\"6\">\r\n        <div class=\"background-image-holder\"> <img alt=\"plagiat dessins et mod\u00e8les\" src=\"https:\/\/beta.fidealis.com\/wp-content\/uploads\/2018\/08\/plagiat-dessins-modeles.jpg\"> <\/div>\r\n        <div class=\"container\">\r\n            <div class=\"row\">\r\n                <div class=\"col-sm-8 col-md-6\">\r\n                    <div class=\"cta\">\r\n                        \r\n                            <h2><span style=\"color: #ffffff;\"><strong>\u00bfQu\u00e9 remedios hay en caso de plagio de dise\u00f1o o modelo?<\/strong><\/span><\/h2>\r\n                            <p class=\"lead\">La protecci\u00f3n del dise\u00f1o permite defenderse contra copias llamadas falsificaciones. Tambi\u00e9n ayuda a lidiar con la competencia desleal.<\/p>\r\n                            <p class=\"lead\">Por lo tanto, presentar un modelo es indispensable y permite enjuiciar a un falsificador penal y civil. La falsificaci\u00f3n se castiga con 150.000 euros con dos a\u00f1os de prisi\u00f3n.<\/p>\r\n                        \r\n                    <\/div>\r\n                <\/div>\r\n            <\/div>\r\n            <!--end of row-->\r\n        <\/div>\r\n        <!--end of container-->\r\n    <\/section>\r\n    <section class=\"unpad--bottom switchable cta cta-3  bg--secondary switchable--switch text-center\">\r\n        <div class=\"container\">\r\n            <div class=\"row\">\r\n                <div class=\"col-sm-6 col-md-6\">\r\n                    <div class=\"switchable__text\">\r\n                        \r\n                            <h2 style=\"text-align: center;\">Fidealis, proteja todas sus creaciones<\/h2>\r\n                            <p class=\"lead\" style=\"text-align: center;\">La soluci\u00f3n pionera en la protecci\u00f3n de dise\u00f1os y colecciones, que re\u00fane las tecnolog\u00edas de la firma electr\u00f3nica, la marca de tiempo y blockchain. Sus creaciones se certifican instant\u00e1neamente y se archivan en paralelo con el agente judicial.<\/p>\r\n                        \r\n                        <a title=\"\" class=\"btn type--uppercase inner-link btn--primary\" href=\"https:\/\/beta.fidealis.com\/es\/inscription\" target=\"_blank\" rel=\"noopener\"> <span class=\"btn__text\">INSCRIBIRSE GRATUITAMENTE<\/span><span class=\"label\">sIN tc<\/span> <\/a>\r\n                    <\/div>\r\n                <\/div>\r\n                <div class=\"col-sm-6 col-md-5\"> <img class=\"block\" alt=\"d\u00e9pot copyright design\" src=\"https:\/\/beta.fidealis.com\/wp-content\/uploads\/2018\/08\/copyright-design.png\"> <\/div>\r\n            <\/div>\r\n            <!--end of row-->\r\n        <\/div>\r\n        <!--end of container-->\r\n    <\/section>","protected":false},"excerpt":{"rendered":"<p>Protegerse en el universo del dise\u00f1o Su dep\u00f3sito a partir de 95\u20ac La mejor soluci\u00f3n para la protecci\u00f3n de sus dise\u00f1os SOLICITUD&#8230;<\/p>\n","protected":false},"author":1,"featured_media":0,"parent":15501,"menu_order":0,"comment_status":"closed","ping_status":"closed","template":"","meta":{"_joinchat":[]},"yoast_head":"<!-- This site is optimized with the Yoast SEO plugin v20.3 - https:\/\/yoast.com\/wordpress\/plugins\/seo\/ -->\n<title>Deposite y proteja un dise\u00f1o con Copyright Deposit<\/title>\n<meta name=\"description\" content=\"El dise\u00f1o, como cualquier producci\u00f3n escrita, pintada o fotografiada, se considera un trabajo intelectual. Con Fidealis proteja sus obras depositando Copyright\" \/>\n<meta name=\"robots\" content=\"noindex, follow, max-snippet:-1, max-image-preview:large, max-video-preview:-1\" \/>\n<meta property=\"og:locale\" content=\"es_ES\" \/>\n<meta property=\"og:type\" content=\"article\" \/>\n<meta property=\"og:title\" content=\"Deposite y proteja un dise\u00f1o con Copyright Deposit\" \/>\n<meta property=\"og:description\" content=\"El dise\u00f1o, como cualquier producci\u00f3n escrita, pintada o fotografiada, se considera un trabajo intelectual. Con Fidealis proteja sus obras depositando Copyright\" \/>\n<meta property=\"og:url\" content=\"https:\/\/beta.fidealis.com\/es\/presentacion-de-modelos\/diseno-de-copyright\/\" \/>\n<meta property=\"og:site_name\" content=\"Fidealis\" \/>\n<meta property=\"article:publisher\" content=\"https:\/\/www.facebook.com\/Fidealis-573887362622849\/\" \/>\n<meta property=\"article:modified_time\" content=\"2021-07-26T09:29:41+00:00\" \/>\n<meta name=\"twitter:card\" content=\"summary_large_image\" \/>\n<script type=\"application\/ld+json\" class=\"yoast-schema-graph\">{\"@context\":\"https:\/\/schema.org\",\"@graph\":[{\"@type\":\"WebPage\",\"@id\":\"https:\/\/beta.fidealis.com\/es\/presentacion-de-modelos\/diseno-de-copyright\/\",\"url\":\"https:\/\/beta.fidealis.com\/es\/presentacion-de-modelos\/diseno-de-copyright\/\",\"name\":\"Deposite y proteja un dise\u00f1o con Copyright Deposit\",\"isPartOf\":{\"@id\":\"https:\/\/beta.fidealis.com\/#website\"},\"datePublished\":\"2018-05-22T22:00:00+00:00\",\"dateModified\":\"2021-07-26T09:29:41+00:00\",\"description\":\"El dise\u00f1o, como cualquier producci\u00f3n escrita, pintada o fotografiada, se considera un trabajo intelectual. Con Fidealis proteja sus obras depositando Copyright\",\"breadcrumb\":{\"@id\":\"https:\/\/beta.fidealis.com\/es\/presentacion-de-modelos\/diseno-de-copyright\/#breadcrumb\"},\"inLanguage\":\"es\",\"potentialAction\":[{\"@type\":\"ReadAction\",\"target\":[\"https:\/\/beta.fidealis.com\/es\/presentacion-de-modelos\/diseno-de-copyright\/\"]}]},{\"@type\":\"BreadcrumbList\",\"@id\":\"https:\/\/beta.fidealis.com\/es\/presentacion-de-modelos\/diseno-de-copyright\/#breadcrumb\",\"itemListElement\":[{\"@type\":\"ListItem\",\"position\":1,\"name\":\"Accueil\",\"item\":\"https:\/\/beta.fidealis.com\/es\/\"},{\"@type\":\"ListItem\",\"position\":2,\"name\":\"Presentaci\u00f3n de modelos en l\u00ednea\",\"item\":\"https:\/\/beta.fidealis.com\/es\/presentacion-de-modelos\/\"},{\"@type\":\"ListItem\",\"position\":3,\"name\":\"Dise\u00f1o de copyright\"}]},{\"@type\":\"WebSite\",\"@id\":\"https:\/\/beta.fidealis.com\/#website\",\"url\":\"https:\/\/beta.fidealis.com\/\",\"name\":\"Fidealis\",\"description\":\"Fidealis: vous cr\u00e9ez, nous prot\u00e9geons.\",\"publisher\":{\"@id\":\"https:\/\/beta.fidealis.com\/#organization\"},\"potentialAction\":[{\"@type\":\"SearchAction\",\"target\":{\"@type\":\"EntryPoint\",\"urlTemplate\":\"https:\/\/beta.fidealis.com\/?s={search_term_string}\"},\"query-input\":\"required name=search_term_string\"}],\"inLanguage\":\"es\"},{\"@type\":\"Organization\",\"@id\":\"https:\/\/beta.fidealis.com\/#organization\",\"name\":\"Fidealis\",\"url\":\"https:\/\/beta.fidealis.com\/\",\"logo\":{\"@type\":\"ImageObject\",\"inLanguage\":\"es\",\"@id\":\"https:\/\/beta.fidealis.com\/#\/schema\/logo\/image\/\",\"url\":\"https:\/\/www.fidealis.com\/wp-content\/uploads\/2018\/04\/logo-fidealis.png\",\"contentUrl\":\"https:\/\/www.fidealis.com\/wp-content\/uploads\/2018\/04\/logo-fidealis.png\",\"width\":525,\"height\":205,\"caption\":\"Fidealis\"},\"image\":{\"@id\":\"https:\/\/beta.fidealis.com\/#\/schema\/logo\/image\/\"},\"sameAs\":[\"https:\/\/www.facebook.com\/Fidealis-573887362622849\/\"]}]}<\/script>\n<!-- \/ Yoast SEO plugin. -->","yoast_head_json":{"title":"Deposite y proteja un dise\u00f1o con Copyright Deposit","description":"El dise\u00f1o, como cualquier producci\u00f3n escrita, pintada o fotografiada, se considera un trabajo intelectual. Con Fidealis proteja sus obras depositando Copyright","robots":{"index":"noindex","follow":"follow","max-snippet":"max-snippet:-1","max-image-preview":"max-image-preview:large","max-video-preview":"max-video-preview:-1"},"og_locale":"es_ES","og_type":"article","og_title":"Deposite y proteja un dise\u00f1o con Copyright Deposit","og_description":"El dise\u00f1o, como cualquier producci\u00f3n escrita, pintada o fotografiada, se considera un trabajo intelectual. Con Fidealis proteja sus obras depositando Copyright","og_url":"https:\/\/beta.fidealis.com\/es\/presentacion-de-modelos\/diseno-de-copyright\/","og_site_name":"Fidealis","article_publisher":"https:\/\/www.facebook.com\/Fidealis-573887362622849\/","article_modified_time":"2021-07-26T09:29:41+00:00","twitter_card":"summary_large_image","schema":{"@context":"https:\/\/schema.org","@graph":[{"@type":"WebPage","@id":"https:\/\/beta.fidealis.com\/es\/presentacion-de-modelos\/diseno-de-copyright\/","url":"https:\/\/beta.fidealis.com\/es\/presentacion-de-modelos\/diseno-de-copyright\/","name":"Deposite y proteja un dise\u00f1o con Copyright Deposit","isPartOf":{"@id":"https:\/\/beta.fidealis.com\/#website"},"datePublished":"2018-05-22T22:00:00+00:00","dateModified":"2021-07-26T09:29:41+00:00","description":"El dise\u00f1o, como cualquier producci\u00f3n escrita, pintada o fotografiada, se considera un trabajo intelectual. Con Fidealis proteja sus obras depositando Copyright","breadcrumb":{"@id":"https:\/\/beta.fidealis.com\/es\/presentacion-de-modelos\/diseno-de-copyright\/#breadcrumb"},"inLanguage":"es","potentialAction":[{"@type":"ReadAction","target":["https:\/\/beta.fidealis.com\/es\/presentacion-de-modelos\/diseno-de-copyright\/"]}]},{"@type":"BreadcrumbList","@id":"https:\/\/beta.fidealis.com\/es\/presentacion-de-modelos\/diseno-de-copyright\/#breadcrumb","itemListElement":[{"@type":"ListItem","position":1,"name":"Accueil","item":"https:\/\/beta.fidealis.com\/es\/"},{"@type":"ListItem","position":2,"name":"Presentaci\u00f3n de modelos en l\u00ednea","item":"https:\/\/beta.fidealis.com\/es\/presentacion-de-modelos\/"},{"@type":"ListItem","position":3,"name":"Dise\u00f1o de copyright"}]},{"@type":"WebSite","@id":"https:\/\/beta.fidealis.com\/#website","url":"https:\/\/beta.fidealis.com\/","name":"Fidealis","description":"Fidealis: vous cr\u00e9ez, nous prot\u00e9geons.","publisher":{"@id":"https:\/\/beta.fidealis.com\/#organization"},"potentialAction":[{"@type":"SearchAction","target":{"@type":"EntryPoint","urlTemplate":"https:\/\/beta.fidealis.com\/?s={search_term_string}"},"query-input":"required name=search_term_string"}],"inLanguage":"es"},{"@type":"Organization","@id":"https:\/\/beta.fidealis.com\/#organization","name":"Fidealis","url":"https:\/\/beta.fidealis.com\/","logo":{"@type":"ImageObject","inLanguage":"es","@id":"https:\/\/beta.fidealis.com\/#\/schema\/logo\/image\/","url":"https:\/\/www.fidealis.com\/wp-content\/uploads\/2018\/04\/logo-fidealis.png","contentUrl":"https:\/\/www.fidealis.com\/wp-content\/uploads\/2018\/04\/logo-fidealis.png","width":525,"height":205,"caption":"Fidealis"},"image":{"@id":"https:\/\/beta.fidealis.com\/#\/schema\/logo\/image\/"},"sameAs":["https:\/\/www.facebook.com\/Fidealis-573887362622849\/"]}]}},"_links":{"self":[{"href":"https:\/\/beta.fidealis.com\/es\/wp-json\/wp\/v2\/pages\/15474"}],"collection":[{"href":"https:\/\/beta.fidealis.com\/es\/wp-json\/wp\/v2\/pages"}],"about":[{"href":"https:\/\/beta.fidealis.com\/es\/wp-json\/wp\/v2\/types\/page"}],"author":[{"embeddable":true,"href":"https:\/\/beta.fidealis.com\/es\/wp-json\/wp\/v2\/users\/1"}],"replies":[{"embeddable":true,"href":"https:\/\/beta.fidealis.com\/es\/wp-json\/wp\/v2\/comments?post=15474"}],"version-history":[{"count":3,"href":"https:\/\/beta.fidealis.com\/es\/wp-json\/wp\/v2\/pages\/15474\/revisions"}],"predecessor-version":[{"id":16779,"href":"https:\/\/beta.fidealis.com\/es\/wp-json\/wp\/v2\/pages\/15474\/revisions\/16779"}],"up":[{"embeddable":true,"href":"https:\/\/beta.fidealis.com\/es\/wp-json\/wp\/v2\/pages\/15501"}],"wp:attachment":[{"href":"https:\/\/beta.fidealis.com\/es\/wp-json\/wp\/v2\/media?parent=15474"}],"curies":[{"name":"wp","href":"https:\/\/api.w.org\/{rel}","templated":true}]}}