{"id":15476,"date":"2018-06-07T00:00:00","date_gmt":"2018-06-06T22:00:00","guid":{"rendered":"https:\/\/www.fidealis.com\/propriete-intellectuelle\/propriete-litteraire-et-artistique"},"modified":"2020-04-13T16:55:51","modified_gmt":"2020-04-13T14:55:51","slug":"propiedad-literaria-y-artistica","status":"publish","type":"page","link":"https:\/\/beta.fidealis.com\/es\/propiedad-intelectual\/propiedad-literaria-y-artistica\/","title":{"rendered":"Propiedad literaria y art\u00edstica"},"content":{"rendered":"<section class=\"cover imagebg text-center height-60 section--ken-burns\" data-overlay=\"4\">\n        <div class=\"background-image-holder\"><img alt=\"\" src=\"https:\/\/beta.fidealis.com\/wp-content\/uploads\/2018\/07\/copyrright-litteraire.jpg\"><\/div>\n        <div class=\"container pos-vertical-center\">\n            <div class=\"row\">\n                <div class=\"col-sm-8 col-md-9\">\n                    \n                        <h1>La propiedad literaria y art\u00edstica&nbsp;<\/h1>\n                    \n                <\/div>\n            <\/div>\n            <!--end of row-->\n        <\/div>\n        <!--end of container-->\n    <\/section>\n    <section class=\"bg--secondary space--xxs\">\n        <div class=\"container\">\n            <div class=\"row\">\n                <div class=\"cta cta--horizontal text-center-xs\">\n                    <div class=\"col-sm-4\">\n                        <h4>Su dep\u00f3sito a partir de 95\u20ac<\/h4>\n                    <\/div>\n                    <div class=\"col-sm-5\">\n                        <p class=\"lead\">Dep\u00f3sito de propiedad literaria y art\u00edstica&nbsp;<\/p>\n                    <\/div>\n                    <div class=\"col-sm-3 text-right text-center-xs\">\n                        <a title=\"\" class=\"btn btn--primary type--uppercase\" href=\"https:\/\/beta.fidealis.com\/es\/qui-sommes-nous\/contactez-nous\/\" target=\"\" rel=\"\"> <span class=\"btn__text\">SOLICITUD de contactO<\/span> <\/a>\n                    <\/div>\n                <\/div>\n            <\/div>\n            <!--end of row-->\n        <\/div>\n        <!--end of container-->\n    <\/section>\n    <section class=\"switchable feature-large  space--xxs text-justify\">\n        <div class=\"container\">\n            <div class=\"row\">\n                <div class=\"col-sm-6 col-md-5\">\n                    <div class=\"switchable__text\">\n                        <p class=\"lead\"><span style=\"color: #000000;\"><span style=\"font-weight: 400;\">El derecho de propiedad literaria y art\u00edstica es con la propiedad industrial, uno de los <a href=\"https:\/\/beta.fidealis.com\/es\/propriete-intellectuelle\/\">componentes de la propiedad intelectual.<\/a><\/span><\/span>\n                        <\/p>\n                        <p class=\"lead\">Ayuda a proteger el trabajo de la mente. Volveremos a las caracter\u00edsticas de la propiedad literaria y art\u00edstica, as\u00ed como a las condiciones de esta protecci\u00f3n.<\/p>\n                        <div class=\"col-left-custom\">\n                            <h2 style=\"text-align: left;\">Definici\u00f3n y caracter\u00edsticas de la propiedad literaria y art\u00edstica&nbsp;<\/h2>\n                            <p class=\"lead\">En Francia, la propiedad literaria y art\u00edstica abarca los <strong>derechos de autor<\/strong> y los <strong>derechos conexos<\/strong> a los derechos de autor.<\/p>\n                        <\/div>\n                    <\/div>\n                <\/div>\n                <div class=\"col-sm-6\">\n                    <div class=\"boxed boxed--lg boxed--border\">\n                        <div class=\"feature feature-2\"> <i class=\"icon color--primary icon-Libra-2\"><\/i>\n                            <div class=\"feature__body\">\n                                <h5>Pruebas reconocidas de los tribunales<\/h5>\n                                <p>Reconocimiento por tribunales de todo el mundo<\/p>\n                            <\/div>\n                        <\/div>\n                        <!--end feature-->\n                        <div class=\"feature feature-2\"> <i class=\"icon color--primary icon-Security-Check\"><\/i>\n                            <div class=\"feature__body\">\n                                <h5>Certificados de agente judicial v\u00e1lidos de por vida<\/h5>\n                                <p>Construya pruebas v\u00e1lidas para toda la vida.<\/p>\n                            <\/div>\n                        <\/div>\n                        <div class=\"feature feature-2\"> <i class=\"icon color--primary icon-Font-Window\"><\/i>\n                            <div class=\"feature__body\">\n                                <h5>Sus dep\u00f3sitos son v\u00e1lidos en 11 idiomas.<\/h5>\n                                <p style=\"text-align: left;\">Dispone de sus dep\u00f3sitos en franc\u00e9s, ingl\u00e9s, italiano, chino, alem\u00e1n, portugu\u00e9s, \u00e1rabe, espa\u00f1ol, coreano, japon\u00e9s y ruso.<\/p>\n                            <\/div>\n                        <\/div>\n                        <!--end feature-->\n                        <div class=\"feature feature-2\"> <i class=\"icon color--primary icon-Windows-2\"><\/i>\n                            <div class=\"feature__body\">\n                                <h5>Su evidencia disponible 24\/7<\/h5>\n                                <p>Recibo de dep\u00f3sito disponible en l\u00ednea 24\/7.<\/p>\n                            <\/div>\n                        <\/div>\n                        <!--end feature-->\n                    <\/div>\n                <\/div>\n            <\/div>\n            <!--end of row-->\n        <\/div>\n        <!--end of container-->\n    <\/section>\n    <section class=\"bg--secondary text-center space--xxs\">\n        <div class=\"container\">\n            <div class=\"row\">\n                <div class=\"col-sm-12\">\n                    <h2 class=\"addtoppad\">Fidealis, protegemos sus obras literarias y art\u00edsticas&nbsp;<\/h2>\n                <\/div>\n            <\/div>\n            <!--end of row-->\n        <\/div>\n        <!--end of container-->\n    <\/section>\n    <section class=\"bg--secondary space--xs\">\n        <div class=\"container\">\n            <div class=\"row\">\n                <div class=\"col-sm-4\">\n                    <div class=\"feature feature-2 boxed boxed--border\"> <i class=\"icon color--primary icon-Checked-User\"><\/i>\n                        <div class=\"feature__body\">\n                            <p style=\"text-align: center;\"><span class=\"h1 h1--medium\" style=\"color: #d93d3d;\">1.<\/span><\/p>\n                            <h4 style=\"text-align: center;\">Se inscribe<\/h4>\n                            <p style=\"text-align: center;\">Se inscribe gratuitamente&nbsp;<br>Ning\u00fan pago requerido&nbsp;<\/p>\n                        <\/div>\n                    <\/div>\n                    <!--end feature-->\n                <\/div>\n                <div class=\"col-sm-4\">\n                    <div class=\"feature feature-2 boxed boxed--border\"> <i class=\"icon color--primary icon-Security-Settings\"><\/i>\n                        <div class=\"feature__body\">\n                            <p style=\"text-align: center;\"><span class=\"h1 h1--medium\" style=\"color: #d93d3d;\">2.<\/span><\/p>\n                            <h4 style=\"text-align: center;\">Le guiamos<\/h4>\n                            <p style=\"text-align: center;\">Elija una oferta adaptada a sus necesidades con un consultor.<\/p>\n                        <\/div>\n                    <\/div>\n                    <!--end feature-->\n                <\/div>\n                <div class=\"col-sm-4\">\n                    <div class=\"feature feature-2 boxed boxed--border\"> <i class=\"icon color--primary icon-Security-Check\"><\/i>\n                        <div class=\"feature__body\">\n                            <p style=\"text-align: center;\"><span class=\"h1 h1--medium\" style=\"color: #d93d3d;\">3.<\/span><\/p>\n                            <h4 style=\"text-align: center;\">Le protegemos<\/h4>\n                            <p style=\"text-align: center;\">Descargue sus creaciones en l\u00ednea. <br>\u00a1Est\u00e1 protegido!<\/p>\n                        <\/div>\n                    <\/div>\n                    <!--end feature-->\n                <\/div>\n            <\/div>\n            <!--end of row-->\n        <\/div>\n        <!--end of container-->\n    <\/section>\n    <section class=\"text-center  bg--secondary space--xxs\">\n        <div class=\"container\">\n            <div class=\"row\">\n                <div class=\"col-sm-8 col-md-6\">\n                    <div class=\"cta\"> <a title=\"\" class=\"btn type--uppercase inner-link btn--primary\" href=\"https:\/\/beta.fidealis.com\/es\/inscription\" target=\"_blank\" rel=\"noopener\"><span class=\"btn__text\">INSCRIBIRSE AHORA<\/span>                    <\/a>\n                        \n                            <p class=\"type--fine-print\" style=\"margin-top: 0.03em; margin-bottom: 1.2em;\">No se requiere tarjeta de cr\u00e9dito<\/p>\n                        \n                    <\/div>\n                <\/div>\n            <\/div>\n            <!--end of row-->\n        <\/div>\n        <!--end of container-->\n    <\/section>\n    <section class=\"text-justify space--xxs\">\n        <div class=\"container\">\n            <div class=\"row\">\n                <div class=\"col-sm-6\">\n                    <p class=\"lead\"><a href=\"https:\/\/beta.fidealis.com\/es\/propriete-intellectuelle\/le-droit-d-auteur\/\">Los derechos de autor<\/a> pueden definirse como el conjunto de prerrogativas exclusivas disponibles para un creador en su trabajo. Los derechos de autor consisten en:<\/p>\n                    <ul class=\"bullets\">\n                        <li class=\"lead li-blocked\"><strong>Derechos patrimoniales<\/strong> vinculados a la obra y que permiten al autor decidir las condiciones de explotaci\u00f3n de su obra.<\/li>\n                        <li class=\"lead li-blocked\">Derechos extra-patrimoniales o <strong>derechos morales<\/strong> relacionados con la personalidad del autor y que le otorgan el derecho de revelar su trabajo, solicitar su retiro, reclamar la paternidad y finalmente el derecho al respeto por su trabajo.<\/li>\n                    <\/ul>\n                    <p class=\"lead\">Si bien los derechos econ\u00f3micos del autor sobre su obra son limitados en el tiempo, en Francia 70 a\u00f1os despu\u00e9s de la muerte del autor, sus derechos morales son perpetuos, inalienables e imprescriptibles.<\/p>\n                    <p class=\"lead\">Los <strong>derechos conexos<\/strong> se refieren a todos los derechos morales y patrimoniales otorgados a personas que no son autores del trabajo pero que tienen un v\u00ednculo con \u00e9l.<\/p>\n                    <p class=\"lead\">Son los artistas int\u00e9rpretes o ejecutantes, los productores de fonogramas o v\u00eddeos, as\u00ed como las empresas de comunicaci\u00f3n audiovisual.<\/p>\n                <\/div>\n                <div class=\"col-sm-6\">\n                    <p class=\"lead\">Los beneficiarios de los derechos conexos disfrutan del derecho exclusivo de autorizar o prohibir la explotaci\u00f3n de sus servicios y recibir una remuneraci\u00f3n.<\/p>\n                    <h2 style=\"text-align: left;\">La protecci\u00f3n de&nbsp;<span style=\"color: #e03a2b;\">creaciones est\u00e9ticas<\/span><\/h2>\n                    <p class=\"lead\"><span style=\"font-weight: 400;\">Todas las obras no tienen derechos de autor. Para que el c\u00f3digo de propiedad literaria y art\u00edstica proteja una obra, debe ser original, es decir, expresar la personalidad de su autor. Una vez que se realiza la prueba de esta originalidad, el trabajo est\u00e1 protegido desde su creaci\u00f3n y el \u00fanico hecho de ello, el art\u00edculo <a href=\"https:\/\/www.legifrance.gouv.fr\/affichCodeArticle.do?idArticle=LEGIARTI000020625532&amp;cidTexte=LEGITEXT000006069565\">L 111-1<\/a> del c\u00f3digo de la propiedad intelectual.<\/span><\/p>\n                    <h2>\u00bfC\u00f3mo proteger sus obras literarias y art\u00edsticas?<\/h2>\n                    <p class=\"lead\"><span style=\"font-weight: 400;\">Para proteger su trabajo de terceros tambi\u00e9n es necesario que, como autor, pueda probar la fecha de esta creaci\u00f3n art\u00edstica. Es por eso que le aconsejamos que deposite su trabajo en particular con nuestro sistema de registro, para <a href=\"https:\/\/beta.fidealis.com\/es\/propriete-intellectuelle\/eviter-la-contrefacon\/\">proteger su trabajo en caso de falsificaci\u00f3n<\/a>, plagio de contenidos, parasitismo o competencia desleal.<\/span><\/p>\n                <\/div>\n                <div class=\"col-sm-6\"> <\/div>\n            <\/div>\n            <!--end of row-->\n        <\/div>\n        <!--end of container-->\n    <\/section>\n    <section class=\"unpad--bottom switchable cta cta-3  bg--secondary text-center\">\n        <div class=\"container\">\n            <div class=\"row\">\n                <div class=\"col-sm-6 col-md-6\">\n                    <div class=\"switchable__text\">\n                        \n                            <h3 style=\"text-align: center;\"><span style=\"color: #db3b29;\">Fidealis, proteja sus obras con total seguridad<\/span><\/h3>\n                            <p class=\"lead\" style=\"text-align: center;\">La soluci\u00f3n pionera en la protecci\u00f3n de dise\u00f1os y colecciones, que re\u00fane las tecnolog\u00edas de la firma electr\u00f3nica, la marca de tiempo y blockchain. Sus creaciones se certifican instant\u00e1neamente y se archivan en paralelo con el agente judicial.<\/p>\n                        \n                        <a title=\"\" class=\"btn type--uppercase inner-link btn--primary\" href=\"https:\/\/beta.fidealis.com\/es\/inscription\" target=\"_blank\" rel=\"noopener\"> <span class=\"btn__text\">INSCRIBIRSE GRATUITAMENTE<\/span><span class=\"label\">sIN tc<\/span> <\/a>\n                    <\/div>\n                <\/div>\n                <div class=\"col-sm-6 col-md-5\"> <img class=\"block\" alt=\"soyez rassur\u00e9 avec Fidealis\" src=\"https:\/\/beta.fidealis.com\/wp-content\/uploads\/2018\/08\/La-propri\u00e9t\u00e9-litt\u00e9raire-et-artistique.png\"> <\/div>\n            <\/div>\n            <!--end of row-->\n        <\/div>\n        <!--end of container-->\n    <\/section>","protected":false},"excerpt":{"rendered":"<p>La propiedad literaria y art\u00edstica&nbsp; Su dep\u00f3sito a partir de 95\u20ac Dep\u00f3sito de propiedad literaria y art\u00edstica&nbsp; SOLICITUD de contactO El derecho&#8230;<\/p>\n","protected":false},"author":1,"featured_media":0,"parent":15485,"menu_order":0,"comment_status":"closed","ping_status":"closed","template":"","meta":{"_joinchat":[]},"yoast_head":"<!-- This site is optimized with the Yoast SEO plugin v20.3 - https:\/\/yoast.com\/wordpress\/plugins\/seo\/ -->\n<title>Propiedad intelectual: propiedad literaria y art\u00edstica.<\/title>\n<meta name=\"description\" content=\"La ley de propiedad literaria y art\u00edstica es con la propiedad industrial, uno de los componentes de la propiedad intelectual. Fidealis, protege tus obras literarias y art\u00edsticas\" \/>\n<meta name=\"robots\" content=\"noindex, follow, max-snippet:-1, max-image-preview:large, max-video-preview:-1\" \/>\n<meta property=\"og:locale\" content=\"es_ES\" \/>\n<meta property=\"og:type\" content=\"article\" \/>\n<meta property=\"og:title\" content=\"Propiedad intelectual: propiedad literaria y art\u00edstica.\" \/>\n<meta property=\"og:description\" content=\"La ley de propiedad literaria y art\u00edstica es con la propiedad industrial, uno de los componentes de la propiedad intelectual. Fidealis, protege tus obras literarias y art\u00edsticas\" \/>\n<meta property=\"og:url\" content=\"https:\/\/beta.fidealis.com\/es\/propiedad-intelectual\/propiedad-literaria-y-artistica\/\" \/>\n<meta property=\"og:site_name\" content=\"Fidealis\" \/>\n<meta property=\"article:publisher\" content=\"https:\/\/www.facebook.com\/Fidealis-573887362622849\/\" \/>\n<meta property=\"article:modified_time\" content=\"2020-04-13T14:55:51+00:00\" \/>\n<meta name=\"twitter:card\" content=\"summary_large_image\" \/>\n<script type=\"application\/ld+json\" class=\"yoast-schema-graph\">{\"@context\":\"https:\/\/schema.org\",\"@graph\":[{\"@type\":\"WebPage\",\"@id\":\"https:\/\/beta.fidealis.com\/es\/propiedad-intelectual\/propiedad-literaria-y-artistica\/\",\"url\":\"https:\/\/beta.fidealis.com\/es\/propiedad-intelectual\/propiedad-literaria-y-artistica\/\",\"name\":\"Propiedad intelectual: propiedad literaria y art\u00edstica.\",\"isPartOf\":{\"@id\":\"https:\/\/beta.fidealis.com\/#website\"},\"datePublished\":\"2018-06-06T22:00:00+00:00\",\"dateModified\":\"2020-04-13T14:55:51+00:00\",\"description\":\"La ley de propiedad literaria y art\u00edstica es con la propiedad industrial, uno de los componentes de la propiedad intelectual. Fidealis, protege tus obras literarias y art\u00edsticas\",\"breadcrumb\":{\"@id\":\"https:\/\/beta.fidealis.com\/es\/propiedad-intelectual\/propiedad-literaria-y-artistica\/#breadcrumb\"},\"inLanguage\":\"es\",\"potentialAction\":[{\"@type\":\"ReadAction\",\"target\":[\"https:\/\/beta.fidealis.com\/es\/propiedad-intelectual\/propiedad-literaria-y-artistica\/\"]}]},{\"@type\":\"BreadcrumbList\",\"@id\":\"https:\/\/beta.fidealis.com\/es\/propiedad-intelectual\/propiedad-literaria-y-artistica\/#breadcrumb\",\"itemListElement\":[{\"@type\":\"ListItem\",\"position\":1,\"name\":\"Accueil\",\"item\":\"https:\/\/beta.fidealis.com\/es\/\"},{\"@type\":\"ListItem\",\"position\":2,\"name\":\"Propiedad intelectual\",\"item\":\"https:\/\/beta.fidealis.com\/es\/propiedad-intelectual\/\"},{\"@type\":\"ListItem\",\"position\":3,\"name\":\"Propiedad literaria y art\u00edstica\"}]},{\"@type\":\"WebSite\",\"@id\":\"https:\/\/beta.fidealis.com\/#website\",\"url\":\"https:\/\/beta.fidealis.com\/\",\"name\":\"Fidealis\",\"description\":\"Fidealis: vous cr\u00e9ez, nous prot\u00e9geons.\",\"publisher\":{\"@id\":\"https:\/\/beta.fidealis.com\/#organization\"},\"potentialAction\":[{\"@type\":\"SearchAction\",\"target\":{\"@type\":\"EntryPoint\",\"urlTemplate\":\"https:\/\/beta.fidealis.com\/?s={search_term_string}\"},\"query-input\":\"required name=search_term_string\"}],\"inLanguage\":\"es\"},{\"@type\":\"Organization\",\"@id\":\"https:\/\/beta.fidealis.com\/#organization\",\"name\":\"Fidealis\",\"url\":\"https:\/\/beta.fidealis.com\/\",\"logo\":{\"@type\":\"ImageObject\",\"inLanguage\":\"es\",\"@id\":\"https:\/\/beta.fidealis.com\/#\/schema\/logo\/image\/\",\"url\":\"https:\/\/www.fidealis.com\/wp-content\/uploads\/2018\/04\/logo-fidealis.png\",\"contentUrl\":\"https:\/\/www.fidealis.com\/wp-content\/uploads\/2018\/04\/logo-fidealis.png\",\"width\":525,\"height\":205,\"caption\":\"Fidealis\"},\"image\":{\"@id\":\"https:\/\/beta.fidealis.com\/#\/schema\/logo\/image\/\"},\"sameAs\":[\"https:\/\/www.facebook.com\/Fidealis-573887362622849\/\"]}]}<\/script>\n<!-- \/ Yoast SEO plugin. -->","yoast_head_json":{"title":"Propiedad intelectual: propiedad literaria y art\u00edstica.","description":"La ley de propiedad literaria y art\u00edstica es con la propiedad industrial, uno de los componentes de la propiedad intelectual. Fidealis, protege tus obras literarias y art\u00edsticas","robots":{"index":"noindex","follow":"follow","max-snippet":"max-snippet:-1","max-image-preview":"max-image-preview:large","max-video-preview":"max-video-preview:-1"},"og_locale":"es_ES","og_type":"article","og_title":"Propiedad intelectual: propiedad literaria y art\u00edstica.","og_description":"La ley de propiedad literaria y art\u00edstica es con la propiedad industrial, uno de los componentes de la propiedad intelectual. Fidealis, protege tus obras literarias y art\u00edsticas","og_url":"https:\/\/beta.fidealis.com\/es\/propiedad-intelectual\/propiedad-literaria-y-artistica\/","og_site_name":"Fidealis","article_publisher":"https:\/\/www.facebook.com\/Fidealis-573887362622849\/","article_modified_time":"2020-04-13T14:55:51+00:00","twitter_card":"summary_large_image","schema":{"@context":"https:\/\/schema.org","@graph":[{"@type":"WebPage","@id":"https:\/\/beta.fidealis.com\/es\/propiedad-intelectual\/propiedad-literaria-y-artistica\/","url":"https:\/\/beta.fidealis.com\/es\/propiedad-intelectual\/propiedad-literaria-y-artistica\/","name":"Propiedad intelectual: propiedad literaria y art\u00edstica.","isPartOf":{"@id":"https:\/\/beta.fidealis.com\/#website"},"datePublished":"2018-06-06T22:00:00+00:00","dateModified":"2020-04-13T14:55:51+00:00","description":"La ley de propiedad literaria y art\u00edstica es con la propiedad industrial, uno de los componentes de la propiedad intelectual. Fidealis, protege tus obras literarias y art\u00edsticas","breadcrumb":{"@id":"https:\/\/beta.fidealis.com\/es\/propiedad-intelectual\/propiedad-literaria-y-artistica\/#breadcrumb"},"inLanguage":"es","potentialAction":[{"@type":"ReadAction","target":["https:\/\/beta.fidealis.com\/es\/propiedad-intelectual\/propiedad-literaria-y-artistica\/"]}]},{"@type":"BreadcrumbList","@id":"https:\/\/beta.fidealis.com\/es\/propiedad-intelectual\/propiedad-literaria-y-artistica\/#breadcrumb","itemListElement":[{"@type":"ListItem","position":1,"name":"Accueil","item":"https:\/\/beta.fidealis.com\/es\/"},{"@type":"ListItem","position":2,"name":"Propiedad intelectual","item":"https:\/\/beta.fidealis.com\/es\/propiedad-intelectual\/"},{"@type":"ListItem","position":3,"name":"Propiedad literaria y art\u00edstica"}]},{"@type":"WebSite","@id":"https:\/\/beta.fidealis.com\/#website","url":"https:\/\/beta.fidealis.com\/","name":"Fidealis","description":"Fidealis: vous cr\u00e9ez, nous prot\u00e9geons.","publisher":{"@id":"https:\/\/beta.fidealis.com\/#organization"},"potentialAction":[{"@type":"SearchAction","target":{"@type":"EntryPoint","urlTemplate":"https:\/\/beta.fidealis.com\/?s={search_term_string}"},"query-input":"required name=search_term_string"}],"inLanguage":"es"},{"@type":"Organization","@id":"https:\/\/beta.fidealis.com\/#organization","name":"Fidealis","url":"https:\/\/beta.fidealis.com\/","logo":{"@type":"ImageObject","inLanguage":"es","@id":"https:\/\/beta.fidealis.com\/#\/schema\/logo\/image\/","url":"https:\/\/www.fidealis.com\/wp-content\/uploads\/2018\/04\/logo-fidealis.png","contentUrl":"https:\/\/www.fidealis.com\/wp-content\/uploads\/2018\/04\/logo-fidealis.png","width":525,"height":205,"caption":"Fidealis"},"image":{"@id":"https:\/\/beta.fidealis.com\/#\/schema\/logo\/image\/"},"sameAs":["https:\/\/www.facebook.com\/Fidealis-573887362622849\/"]}]}},"_links":{"self":[{"href":"https:\/\/beta.fidealis.com\/es\/wp-json\/wp\/v2\/pages\/15476"}],"collection":[{"href":"https:\/\/beta.fidealis.com\/es\/wp-json\/wp\/v2\/pages"}],"about":[{"href":"https:\/\/beta.fidealis.com\/es\/wp-json\/wp\/v2\/types\/page"}],"author":[{"embeddable":true,"href":"https:\/\/beta.fidealis.com\/es\/wp-json\/wp\/v2\/users\/1"}],"replies":[{"embeddable":true,"href":"https:\/\/beta.fidealis.com\/es\/wp-json\/wp\/v2\/comments?post=15476"}],"version-history":[{"count":2,"href":"https:\/\/beta.fidealis.com\/es\/wp-json\/wp\/v2\/pages\/15476\/revisions"}],"predecessor-version":[{"id":15979,"href":"https:\/\/beta.fidealis.com\/es\/wp-json\/wp\/v2\/pages\/15476\/revisions\/15979"}],"up":[{"embeddable":true,"href":"https:\/\/beta.fidealis.com\/es\/wp-json\/wp\/v2\/pages\/15485"}],"wp:attachment":[{"href":"https:\/\/beta.fidealis.com\/es\/wp-json\/wp\/v2\/media?parent=15476"}],"curies":[{"name":"wp","href":"https:\/\/api.w.org\/{rel}","templated":true}]}}