{"id":15477,"date":"2018-06-12T00:00:00","date_gmt":"2018-06-11T22:00:00","guid":{"rendered":"https:\/\/www.fidealis.com\/propriete-intellectuelle\/propriete-industrielle\/depot-de-brevet"},"modified":"2020-04-13T17:30:04","modified_gmt":"2020-04-13T15:30:04","slug":"presentar-una-patente","status":"publish","type":"page","link":"https:\/\/beta.fidealis.com\/es\/propiedad-intelectual\/propiedad-industrial\/presentar-una-patente\/","title":{"rendered":"Proteger su invenci\u00f3n: presentar una patente"},"content":{"rendered":"<section class=\"cover imagebg text-center height-60 section--ken-burns\" data-overlay=\"4\">\n        <div class=\"background-image-holder\"><img alt=\"\" src=\"https:\/\/beta.fidealis.com\/wp-content\/uploads\/2018\/06\/prot\u00e9ger-son-invention-1.jpg\"><\/div>\n        <div class=\"container pos-vertical-center\">\n            <div class=\"row\">\n                <div class=\"col-sm-8 col-md-9\">\n                    \n                        <h1>Protegiendo su invenci\u00f3n: el dep\u00f3sito de una patente&nbsp;<\/h1>\n                    \n                <\/div>\n            <\/div>\n            <!--end of row-->\n        <\/div>\n        <!--end of container-->\n    <\/section>\n    <section class=\"bg--secondary space--xxs\">\n        <div class=\"container\">\n            <div class=\"row\">\n                <div class=\"cta cta--horizontal text-center-xs\">\n                    <div class=\"col-sm-4\">\n                        <h4>Su dep\u00f3sito a partir de 95\u20ac<\/h4>\n                    <\/div>\n                    <div class=\"col-sm-5\">\n                        <p class=\"lead\">Fidealis, la soluci\u00f3n de protecci\u00f3n de invenciones&nbsp;<\/p>\n                    <\/div>\n                    <div class=\"col-sm-3 text-right text-center-xs\">\n                        <a title=\"\" class=\"btn btn--primary type--uppercase\" href=\"https:\/\/beta.fidealis.com\/es\/qui-sommes-nous\/contactez-nous\/\" target=\"\" rel=\"\"> <span class=\"btn__text\">SOLICITUD de contactO<\/span> <\/a>\n                    <\/div>\n                <\/div>\n            <\/div>\n            <!--end of row-->\n        <\/div>\n        <!--end of container-->\n    <\/section>\n    <section class=\"switchable feature-large  space--xxs text-justify\">\n        <div class=\"container\">\n            <div class=\"row\">\n                <div class=\"col-sm-6 col-md-5\">\n                    <div class=\"switchable__text\">\n                        <p class=\"lead\"><span><span style=\"font-weight: 400;\">Una patente es un t\u00edtulo de <a href=\"https:\/\/beta.fidealis.com\/es\/propriete-intellectuelle\/propriete-industrielle\/\">propiedad industrial<\/a> que permite a su propietario prohibir a terceros que exploten su invenci\u00f3n durante un m\u00e1ximo de 20 a\u00f1os en un territorio determinado.<\/span><\/span>\n                        <\/p>\n                        <p class=\"lead\">Discutiremos en este art\u00edculo el inter\u00e9s de la solicitud de patente, as\u00ed como las etapas de la misma. Tambi\u00e9n le ofreceremos una alternativa a este dep\u00f3sito.<\/p>\n                        <div class=\"col-left-custom\">\n                            <h2 style=\"text-align: left;\">\u00bfPor qu\u00e9 depositar una patente?<\/h2>\n                            <p class=\"lead\">La presentaci\u00f3n de una patente confiere al beneficiario un derecho exclusivo y oponible a todo el uso de su patente. Es el <strong>monopolio de la explotaci\u00f3n.<\/strong><\/p>\n                        <\/div>\n                    <\/div>\n                <\/div>\n                <div class=\"col-sm-6\">\n                    <div class=\"boxed boxed--lg boxed--border\">\n                        <div class=\"feature feature-2\"> <i class=\"icon color--primary icon-Libra-2\"><\/i>\n                            <div class=\"feature__body\">\n                                <h5>Pruebas reconocidas de los tribunales<\/h5>\n                                <p>Reconocimiento por tribunales de todo el mundo<\/p>\n                            <\/div>\n                        <\/div>\n                        <!--end feature-->\n                        <div class=\"feature feature-2\"> <i class=\"icon color--primary icon-Security-Check\"><\/i>\n                            <div class=\"feature__body\">\n                                <h5>Certificados de agente judicial v\u00e1lidos de por vida<\/h5>\n                                <p>Construya pruebas v\u00e1lidas para toda la vida.<\/p>\n                            <\/div>\n                        <\/div>\n                        <div class=\"feature feature-2\"> <i class=\"icon color--primary icon-Font-Window\"><\/i>\n                            <div class=\"feature__body\">\n                                <h5>Sus dep\u00f3sitos son v\u00e1lidos en 11 idiomas.<\/h5>\n                                <p style=\"text-align: left;\">Dispone de sus dep\u00f3sitos en franc\u00e9s, ingl\u00e9s, italiano, chino, alem\u00e1n, portugu\u00e9s, \u00e1rabe, espa\u00f1ol, coreano, japon\u00e9s y ruso.<\/p>\n                            <\/div>\n                        <\/div>\n                        <!--end feature-->\n                        <div class=\"feature feature-2\"> <i class=\"icon color--primary icon-Windows-2\"><\/i>\n                            <div class=\"feature__body\">\n                                <h5>Su evidencia disponible 24\/7<\/h5>\n                                <p>Recibo de dep\u00f3sito disponible en l\u00ednea 24\/7.<\/p>\n                            <\/div>\n                        <\/div>\n                        <!--end feature-->\n                    <\/div>\n                <\/div>\n            <\/div>\n            <!--end of row-->\n        <\/div>\n        <!--end of container-->\n    <\/section>\n    <section class=\"bg--secondary text-center space--xxs\">\n        <div class=\"container\">\n            <div class=\"row\">\n                <div class=\"col-sm-12\">\n                    <h2 class=\"addtoppad\">\u00bfC\u00f3mo puedo proteger mi invento?&nbsp;<\/h2>\n                <\/div>\n            <\/div>\n            <!--end of row-->\n        <\/div>\n        <!--end of container-->\n    <\/section>\n    <section class=\"bg--secondary space--xs\">\n        <div class=\"container\">\n            <div class=\"row\">\n                <div class=\"col-sm-4\">\n                    <div class=\"feature feature-2 boxed boxed--border\"> <i class=\"icon color--primary icon-Checked-User\"><\/i>\n                        <div class=\"feature__body\">\n                            <p style=\"text-align: center;\"><span class=\"h1 h1--medium\" style=\"color: #d93d3d;\">1.<\/span><\/p>\n                            <h4 style=\"text-align: center;\">Se inscribe<\/h4>\n                            <p style=\"text-align: center;\">Se inscribe gratuitamente&nbsp;<br>Ning\u00fan pago requerido&nbsp;<\/p>\n                        <\/div>\n                    <\/div>\n                    <!--end feature-->\n                <\/div>\n                <div class=\"col-sm-4\">\n                    <div class=\"feature feature-2 boxed boxed--border\"> <i class=\"icon color--primary icon-Security-Settings\"><\/i>\n                        <div class=\"feature__body\">\n                            <p style=\"text-align: center;\"><span class=\"h1 h1--medium\" style=\"color: #d93d3d;\">2.<\/span><\/p>\n                            <h4 style=\"text-align: center;\">Le guiamos<\/h4>\n                            <p style=\"text-align: center;\">Elija una oferta adaptada a sus necesidades con un consultor.<\/p>\n                        <\/div>\n                    <\/div>\n                    <!--end feature-->\n                <\/div>\n                <div class=\"col-sm-4\">\n                    <div class=\"feature feature-2 boxed boxed--border\"> <i class=\"icon color--primary icon-Security-Check\"><\/i>\n                        <div class=\"feature__body\">\n                            <p style=\"text-align: center;\"><span class=\"h1 h1--medium\" style=\"color: #d93d3d;\">3.<\/span><\/p>\n                            <h4 style=\"text-align: center;\">Le protegemos<\/h4>\n                            <p style=\"text-align: center;\">Descargue sus creaciones en l\u00ednea. <br>\u00a1Est\u00e1 protegido!<\/p>\n                        <\/div>\n                    <\/div>\n                    <!--end feature-->\n                <\/div>\n            <\/div>\n            <!--end of row-->\n        <\/div>\n        <!--end of container-->\n    <\/section>\n    <section class=\"text-center  bg--secondary space--xxs\">\n        <div class=\"container\">\n            <div class=\"row\">\n                <div class=\"col-sm-8 col-md-6\">\n                    <div class=\"cta\"> <a title=\"\" class=\"btn type--uppercase inner-link btn--primary\" href=\"https:\/\/beta.fidealis.com\/es\/inscription\" target=\"_blank\" rel=\"noopener\"><span class=\"btn__text\">INSCRIBIRSE AHORA<\/span>                    <\/a>\n                        \n                            <p class=\"type--fine-print\" style=\"margin-top: 0.03em; margin-bottom: 1.2em;\">No se requiere tarjeta de cr\u00e9dito<\/p>\n                        \n                    <\/div>\n                <\/div>\n            <\/div>\n            <!--end of row-->\n        <\/div>\n        <!--end of container-->\n    <\/section>\n    <section class=\"text-justify space--xs\">\n        <div class=\"container\">\n            <div class=\"row\">\n                <div class=\"col-sm-6\">\n                    <p class=\"lead\"><strong>El monopolio de explotaci\u00f3n permite:<\/strong><\/p>\n                    <ul class=\"bullets\">\n                        <li class=\"lead li-blocked\">Decidir en qu\u00e9 forma quiere explotar su invenci\u00f3n: explotaci\u00f3n directa, asignaci\u00f3n de patentes o licencia.<\/li>\n                        <li class=\"lead li-blocked\">Oponerse a cualquier explotaci\u00f3n de su invenci\u00f3n realizada sin su autorizaci\u00f3n.<\/li>\n                        <li class=\"lead li-blocked\">Enjuiciar a cualquier infractor de su invenci\u00f3n.<\/li>\n                    <\/ul>\n                    <p class=\"lead\">Sin embargo, antes de solicitar una patente, debe asegurarse de que respeta tres criterios: novedad, creatividad y aplicabilidad industrial.<\/p>\n                    <h2 style=\"text-align: left;\"><span style=\"font-weight: 400;\">\u00bfC\u00f3mo depositar una patente?<\/span><\/h2>\n                    <p class=\"lead\">En Francia, la solicitud de patente la realiza una oficina especializada. Una vez que se publica la solicitud de presentaci\u00f3n, comienza el procedimiento de examen administrativo y t\u00e9cnico. La Oficina le env\u00eda su informe de b\u00fasqueda y una opini\u00f3n sobre la patentabilidad de la invenci\u00f3n. Si esta opini\u00f3n es positiva, su patente se publica en el BOPI (Bolet\u00edn Oficial de Propiedad Industrial).<\/p>\n                <\/div>\n                <div class=\"col-sm-6\">\n                    <div class=\"col-right-custom\">\n                        <p class=\"lead\">Sin embargo, este procedimiento es largo, de 2 a 3 a\u00f1os y costoso. Se requiere un m\u00ednimo de \u20ac 3000 para solicitar una patente en Francia. Este costo tiene en cuenta la presentaci\u00f3n, as\u00ed como los costos de mantener la patente dentro del l\u00edmite de 20 a\u00f1os, el informe de b\u00fasqueda, la concesi\u00f3n de la patente y especialmente los honorarios de la firma consultora, esenciales para la redacci\u00f3n de una patente.<\/p>\n                        <p class=\"lead\">Para esto te ofrecemos una alternativa.<\/p>\n                        <h2 style=\"text-align: left;\">\u00bfQu\u00e9 alternativa hay al dep\u00f3sito de una patente?<\/h2>\n                        <p class=\"lead\">Como hemos visto, la presentaci\u00f3n de una patente lleva tiempo, pero, sobre todo, es muy costoso. Todas las empresas no pueden darse el lujo de esperar 3 a\u00f1os y gastar 3000 \u20ac para proteger su invenci\u00f3n. Por lo tanto, existe una alternativa, la del dep\u00f3sito de <strong>derechos de autor.<\/strong><\/p>\n                        <p class=\"lead\">Al depositar su invenci\u00f3n en Fidealis, el registro en tiempo real con un agente judicial le brinda protecci\u00f3n inmediata. Realizamos una b\u00fasqueda de anterioridad que permite caracterizar la novedad de su invenci\u00f3n. Finalmente, la marca de tiempo digital certifica la fecha de su dep\u00f3sito, protegi\u00e9ndolo as\u00ed en caso de violaci\u00f3n de sus derechos sobre la invenci\u00f3n.<\/p>\n                    <\/div>\n                <\/div>\n                <div class=\"col-sm-6\"> <\/div>\n            <\/div>\n            <!--end of row-->\n        <\/div>\n        <!--end of container-->\n    <\/section>\n    <section class=\"unpad--bottom switchable cta cta-3  bg--secondary text-center\">\n        <div class=\"container\">\n            <div class=\"row\">\n                <div class=\"col-sm-6 col-md-6\">\n                    <div class=\"switchable__text\">\n                        \n                            <h3 style=\"text-align: center;\"><span style=\"color: #db3b29;\">Fidealis, la protecci\u00f3n de inventos con total seguridad<\/span><\/h3>\n                            <p class=\"lead\" style=\"text-align: center;\">La soluci\u00f3n pionera en la protecci\u00f3n de dise\u00f1os y colecciones, que re\u00fane las tecnolog\u00edas de la firma electr\u00f3nica, la marca de tiempo y blockchain. Sus creaciones se certifican instant\u00e1neamente y se archivan en paralelo con el agente judicial.<\/p>\n                        \n                        <a title=\"\" class=\"btn type--uppercase inner-link btn--primary\" href=\"https:\/\/beta.fidealis.com\/es\/inscription\" target=\"_blank\" rel=\"noopener\"> <span class=\"btn__text\">                            INSCRIBIRSE GRATUITAMENTE<\/span><span class=\"label\">SIN tc<\/span> <\/a>\n                    <\/div>\n                <\/div>\n                <div class=\"col-sm-6 col-md-5\"> <img class=\"block\" alt=\"solution de d\u00e9p\u00f4t et copyright alternative au brevet\" src=\"https:\/\/beta.fidealis.com\/wp-content\/uploads\/2018\/08\/prot\u00e9ger-son-invention-le-d\u00e9p\u00f4t-de-brevet.png\"> <\/div>\n            <\/div>\n            <!--end of row-->\n        <\/div>\n        <!--end of container-->\n    <\/section>","protected":false},"excerpt":{"rendered":"<p>Protegiendo su invenci\u00f3n: el dep\u00f3sito de una patente&nbsp; Su dep\u00f3sito a partir de 95\u20ac Fidealis, la soluci\u00f3n de protecci\u00f3n de invenciones&nbsp; SOLICITUD&#8230;<\/p>\n","protected":false},"author":1,"featured_media":0,"parent":15469,"menu_order":0,"comment_status":"closed","ping_status":"closed","template":"","meta":{"_joinchat":[]},"yoast_head":"<!-- This site is optimized with the Yoast SEO plugin v20.3 - https:\/\/yoast.com\/wordpress\/plugins\/seo\/ -->\n<title>Propiedad industrial: \u00bfpor qu\u00e9 presentar una patente?<\/title>\n<meta name=\"description\" content=\"La presentaci\u00f3n de una patente de invenci\u00f3n le otorga a su beneficiario un derecho exclusivo y exigible para usar su patente. Es el monopolio operativo. Fidealis ofrece una alternativa m\u00e1s barata y r\u00e1pida a la presentaci\u00f3n de derechos de autor.\" \/>\n<meta name=\"robots\" content=\"noindex, follow, max-snippet:-1, max-image-preview:large, max-video-preview:-1\" \/>\n<meta property=\"og:locale\" content=\"es_ES\" \/>\n<meta property=\"og:type\" content=\"article\" \/>\n<meta property=\"og:title\" content=\"Propiedad industrial: \u00bfpor qu\u00e9 presentar una patente?\" \/>\n<meta property=\"og:description\" content=\"La presentaci\u00f3n de una patente de invenci\u00f3n le otorga a su beneficiario un derecho exclusivo y exigible para usar su patente. Es el monopolio operativo. Fidealis ofrece una alternativa m\u00e1s barata y r\u00e1pida a la presentaci\u00f3n de derechos de autor.\" \/>\n<meta property=\"og:url\" content=\"https:\/\/beta.fidealis.com\/es\/propiedad-intelectual\/propiedad-industrial\/presentar-una-patente\/\" \/>\n<meta property=\"og:site_name\" content=\"Fidealis\" \/>\n<meta property=\"article:publisher\" content=\"https:\/\/www.facebook.com\/Fidealis-573887362622849\/\" \/>\n<meta property=\"article:modified_time\" content=\"2020-04-13T15:30:04+00:00\" \/>\n<meta name=\"twitter:card\" content=\"summary_large_image\" \/>\n<script type=\"application\/ld+json\" class=\"yoast-schema-graph\">{\"@context\":\"https:\/\/schema.org\",\"@graph\":[{\"@type\":\"WebPage\",\"@id\":\"https:\/\/beta.fidealis.com\/es\/propiedad-intelectual\/propiedad-industrial\/presentar-una-patente\/\",\"url\":\"https:\/\/beta.fidealis.com\/es\/propiedad-intelectual\/propiedad-industrial\/presentar-una-patente\/\",\"name\":\"Propiedad industrial: \u00bfpor qu\u00e9 presentar una patente?\",\"isPartOf\":{\"@id\":\"https:\/\/beta.fidealis.com\/#website\"},\"datePublished\":\"2018-06-11T22:00:00+00:00\",\"dateModified\":\"2020-04-13T15:30:04+00:00\",\"description\":\"La presentaci\u00f3n de una patente de invenci\u00f3n le otorga a su beneficiario un derecho exclusivo y exigible para usar su patente. Es el monopolio operativo. Fidealis ofrece una alternativa m\u00e1s barata y r\u00e1pida a la presentaci\u00f3n de derechos de autor.\",\"breadcrumb\":{\"@id\":\"https:\/\/beta.fidealis.com\/es\/propiedad-intelectual\/propiedad-industrial\/presentar-una-patente\/#breadcrumb\"},\"inLanguage\":\"es\",\"potentialAction\":[{\"@type\":\"ReadAction\",\"target\":[\"https:\/\/beta.fidealis.com\/es\/propiedad-intelectual\/propiedad-industrial\/presentar-una-patente\/\"]}]},{\"@type\":\"BreadcrumbList\",\"@id\":\"https:\/\/beta.fidealis.com\/es\/propiedad-intelectual\/propiedad-industrial\/presentar-una-patente\/#breadcrumb\",\"itemListElement\":[{\"@type\":\"ListItem\",\"position\":1,\"name\":\"Accueil\",\"item\":\"https:\/\/beta.fidealis.com\/es\/\"},{\"@type\":\"ListItem\",\"position\":2,\"name\":\"Propiedad intelectual\",\"item\":\"https:\/\/beta.fidealis.com\/es\/propiedad-intelectual\/\"},{\"@type\":\"ListItem\",\"position\":3,\"name\":\"Ley de propiedad industrial\",\"item\":\"https:\/\/beta.fidealis.com\/es\/propiedad-intelectual\/propiedad-industrial\/\"},{\"@type\":\"ListItem\",\"position\":4,\"name\":\"Proteger su invenci\u00f3n: presentar una patente\"}]},{\"@type\":\"WebSite\",\"@id\":\"https:\/\/beta.fidealis.com\/#website\",\"url\":\"https:\/\/beta.fidealis.com\/\",\"name\":\"Fidealis\",\"description\":\"Fidealis: vous cr\u00e9ez, nous prot\u00e9geons.\",\"publisher\":{\"@id\":\"https:\/\/beta.fidealis.com\/#organization\"},\"potentialAction\":[{\"@type\":\"SearchAction\",\"target\":{\"@type\":\"EntryPoint\",\"urlTemplate\":\"https:\/\/beta.fidealis.com\/?s={search_term_string}\"},\"query-input\":\"required name=search_term_string\"}],\"inLanguage\":\"es\"},{\"@type\":\"Organization\",\"@id\":\"https:\/\/beta.fidealis.com\/#organization\",\"name\":\"Fidealis\",\"url\":\"https:\/\/beta.fidealis.com\/\",\"logo\":{\"@type\":\"ImageObject\",\"inLanguage\":\"es\",\"@id\":\"https:\/\/beta.fidealis.com\/#\/schema\/logo\/image\/\",\"url\":\"https:\/\/www.fidealis.com\/wp-content\/uploads\/2018\/04\/logo-fidealis.png\",\"contentUrl\":\"https:\/\/www.fidealis.com\/wp-content\/uploads\/2018\/04\/logo-fidealis.png\",\"width\":525,\"height\":205,\"caption\":\"Fidealis\"},\"image\":{\"@id\":\"https:\/\/beta.fidealis.com\/#\/schema\/logo\/image\/\"},\"sameAs\":[\"https:\/\/www.facebook.com\/Fidealis-573887362622849\/\"]}]}<\/script>\n<!-- \/ Yoast SEO plugin. -->","yoast_head_json":{"title":"Propiedad industrial: \u00bfpor qu\u00e9 presentar una patente?","description":"La presentaci\u00f3n de una patente de invenci\u00f3n le otorga a su beneficiario un derecho exclusivo y exigible para usar su patente. Es el monopolio operativo. Fidealis ofrece una alternativa m\u00e1s barata y r\u00e1pida a la presentaci\u00f3n de derechos de autor.","robots":{"index":"noindex","follow":"follow","max-snippet":"max-snippet:-1","max-image-preview":"max-image-preview:large","max-video-preview":"max-video-preview:-1"},"og_locale":"es_ES","og_type":"article","og_title":"Propiedad industrial: \u00bfpor qu\u00e9 presentar una patente?","og_description":"La presentaci\u00f3n de una patente de invenci\u00f3n le otorga a su beneficiario un derecho exclusivo y exigible para usar su patente. Es el monopolio operativo. Fidealis ofrece una alternativa m\u00e1s barata y r\u00e1pida a la presentaci\u00f3n de derechos de autor.","og_url":"https:\/\/beta.fidealis.com\/es\/propiedad-intelectual\/propiedad-industrial\/presentar-una-patente\/","og_site_name":"Fidealis","article_publisher":"https:\/\/www.facebook.com\/Fidealis-573887362622849\/","article_modified_time":"2020-04-13T15:30:04+00:00","twitter_card":"summary_large_image","schema":{"@context":"https:\/\/schema.org","@graph":[{"@type":"WebPage","@id":"https:\/\/beta.fidealis.com\/es\/propiedad-intelectual\/propiedad-industrial\/presentar-una-patente\/","url":"https:\/\/beta.fidealis.com\/es\/propiedad-intelectual\/propiedad-industrial\/presentar-una-patente\/","name":"Propiedad industrial: \u00bfpor qu\u00e9 presentar una patente?","isPartOf":{"@id":"https:\/\/beta.fidealis.com\/#website"},"datePublished":"2018-06-11T22:00:00+00:00","dateModified":"2020-04-13T15:30:04+00:00","description":"La presentaci\u00f3n de una patente de invenci\u00f3n le otorga a su beneficiario un derecho exclusivo y exigible para usar su patente. Es el monopolio operativo. Fidealis ofrece una alternativa m\u00e1s barata y r\u00e1pida a la presentaci\u00f3n de derechos de autor.","breadcrumb":{"@id":"https:\/\/beta.fidealis.com\/es\/propiedad-intelectual\/propiedad-industrial\/presentar-una-patente\/#breadcrumb"},"inLanguage":"es","potentialAction":[{"@type":"ReadAction","target":["https:\/\/beta.fidealis.com\/es\/propiedad-intelectual\/propiedad-industrial\/presentar-una-patente\/"]}]},{"@type":"BreadcrumbList","@id":"https:\/\/beta.fidealis.com\/es\/propiedad-intelectual\/propiedad-industrial\/presentar-una-patente\/#breadcrumb","itemListElement":[{"@type":"ListItem","position":1,"name":"Accueil","item":"https:\/\/beta.fidealis.com\/es\/"},{"@type":"ListItem","position":2,"name":"Propiedad intelectual","item":"https:\/\/beta.fidealis.com\/es\/propiedad-intelectual\/"},{"@type":"ListItem","position":3,"name":"Ley de propiedad industrial","item":"https:\/\/beta.fidealis.com\/es\/propiedad-intelectual\/propiedad-industrial\/"},{"@type":"ListItem","position":4,"name":"Proteger su invenci\u00f3n: presentar una patente"}]},{"@type":"WebSite","@id":"https:\/\/beta.fidealis.com\/#website","url":"https:\/\/beta.fidealis.com\/","name":"Fidealis","description":"Fidealis: vous cr\u00e9ez, nous prot\u00e9geons.","publisher":{"@id":"https:\/\/beta.fidealis.com\/#organization"},"potentialAction":[{"@type":"SearchAction","target":{"@type":"EntryPoint","urlTemplate":"https:\/\/beta.fidealis.com\/?s={search_term_string}"},"query-input":"required name=search_term_string"}],"inLanguage":"es"},{"@type":"Organization","@id":"https:\/\/beta.fidealis.com\/#organization","name":"Fidealis","url":"https:\/\/beta.fidealis.com\/","logo":{"@type":"ImageObject","inLanguage":"es","@id":"https:\/\/beta.fidealis.com\/#\/schema\/logo\/image\/","url":"https:\/\/www.fidealis.com\/wp-content\/uploads\/2018\/04\/logo-fidealis.png","contentUrl":"https:\/\/www.fidealis.com\/wp-content\/uploads\/2018\/04\/logo-fidealis.png","width":525,"height":205,"caption":"Fidealis"},"image":{"@id":"https:\/\/beta.fidealis.com\/#\/schema\/logo\/image\/"},"sameAs":["https:\/\/www.facebook.com\/Fidealis-573887362622849\/"]}]}},"_links":{"self":[{"href":"https:\/\/beta.fidealis.com\/es\/wp-json\/wp\/v2\/pages\/15477"}],"collection":[{"href":"https:\/\/beta.fidealis.com\/es\/wp-json\/wp\/v2\/pages"}],"about":[{"href":"https:\/\/beta.fidealis.com\/es\/wp-json\/wp\/v2\/types\/page"}],"author":[{"embeddable":true,"href":"https:\/\/beta.fidealis.com\/es\/wp-json\/wp\/v2\/users\/1"}],"replies":[{"embeddable":true,"href":"https:\/\/beta.fidealis.com\/es\/wp-json\/wp\/v2\/comments?post=15477"}],"version-history":[{"count":2,"href":"https:\/\/beta.fidealis.com\/es\/wp-json\/wp\/v2\/pages\/15477\/revisions"}],"predecessor-version":[{"id":15994,"href":"https:\/\/beta.fidealis.com\/es\/wp-json\/wp\/v2\/pages\/15477\/revisions\/15994"}],"up":[{"embeddable":true,"href":"https:\/\/beta.fidealis.com\/es\/wp-json\/wp\/v2\/pages\/15469"}],"wp:attachment":[{"href":"https:\/\/beta.fidealis.com\/es\/wp-json\/wp\/v2\/media?parent=15477"}],"curies":[{"name":"wp","href":"https:\/\/api.w.org\/{rel}","templated":true}]}}