{"id":15479,"date":"2018-06-12T00:00:00","date_gmt":"2018-06-11T22:00:00","guid":{"rendered":"https:\/\/www.fidealis.com\/propriete-intellectuelle\/propriete-industrielle\/protection-dessins-et-modeles"},"modified":"2020-04-13T17:03:36","modified_gmt":"2020-04-13T15:03:36","slug":"proteccion-de-disenos","status":"publish","type":"page","link":"https:\/\/beta.fidealis.com\/es\/propiedad-intelectual\/propiedad-industrial\/proteccion-de-disenos\/","title":{"rendered":"Protecci\u00f3n de dise\u00f1os."},"content":{"rendered":"<section class=\"cover imagebg text-center height-60 section--ken-burns\" data-overlay=\"4\">\n        <div class=\"background-image-holder\"><img alt=\"\" src=\"https:\/\/beta.fidealis.com\/wp-content\/uploads\/2018\/07\/La-protection-des-dessins-et-mod\u00e8les.jpg\"><\/div>\n        <div class=\"container pos-vertical-center\">\n            <div class=\"row\">\n                <div class=\"col-sm-8 col-md-9\">\n                    \n                        <h1>La protecci\u00f3n de dise\u00f1os y modelos&nbsp;<\/h1>\n                    \n                <\/div>\n            <\/div>\n            <!--end of row-->\n        <\/div>\n        <!--end of container-->\n    <\/section>\n    <section class=\"bg--secondary space--xxs\">\n        <div class=\"container\">\n            <div class=\"row\">\n                <div class=\"cta cta--horizontal text-center-xs\">\n                    <div class=\"col-sm-4\">\n                        <h4>Su dep\u00f3sito a partir de 95\u20ac<\/h4>\n                    <\/div>\n                    <div class=\"col-sm-5\">\n                        <p class=\"lead\">Soluci\u00f3n de protecci\u00f3n de dise\u00f1os y modelos<\/p>\n                    <\/div>\n                    <div class=\"col-sm-3 text-right text-center-xs\">\n                        <a title=\"\" class=\"btn btn--primary type--uppercase\" href=\"https:\/\/beta.fidealis.com\/es\/qui-sommes-nous\/contactez-nous\/\" target=\"\" rel=\"\"> <span class=\"btn__text\">SOLICITUD de contactO<\/span> <\/a>\n                    <\/div>\n                <\/div>\n            <\/div>\n            <!--end of row-->\n        <\/div>\n        <!--end of container-->\n    <\/section>\n    <section class=\"switchable feature-large  space--xxs text-justify\">\n        <div class=\"container\">\n            <div class=\"row\">\n                <div class=\"col-sm-6 col-md-6\">\n                    <div class=\"switchable__text\">\n                        <p class=\"lead\">Crear un producto que sea utilitario y atractivo es de importancia estrat\u00e9gica para las empresas. La apariencia de este producto le permite distinguirse de la competencia pero tambi\u00e9n seducir al consumidor. La apariencia de este producto debe estar protegida. Es por eso que el legislador introdujo la protecci\u00f3n de los dise\u00f1os en el campo de <a href=\"https:\/\/beta.fidealis.com\/es\/propriete-intellectuelle\/propriete-industrielle\/\">la propiedad industrial.<\/a><\/p>\n                        <h2>Definici\u00f3n del derecho de dise\u00f1os y modelos&nbsp;<\/h2>\n                        <p class=\"lead\">El c\u00f3digo de propiedad intelectual en su <a href=\"https:\/\/www.legifrance.gouv.fr\/affichCodeArticle.do?cidTexte=LEGITEXT000006069414&amp;idArticle=LEGIARTI000006279305&amp;dateTexte=&amp;categorieLien=cid\">art\u00edculo L 511-1<\/a> define los dise\u00f1os como <i>\"la apariencia de un producto, o parte de un producto, caracterizado en particular por sus l\u00edneas, contornos, colores, su forma, textura o materiales. Estas caracter\u00edsticas pueden ser las del producto en s\u00ed o de su ornamentaci\u00f3n \".<\/i><\/p>\n                        <p class=\"lead\">Cuando la apariencia de estos productos se materializa mediante elementos gr\u00e1ficos bidimensionales, hablamos de dibujos. Cuando estos elementos gr\u00e1ficos est\u00e1n en tres dimensiones, hablamos de modelos.<\/p>\n                    <\/div>\n                <\/div>\n                <div class=\"col-sm-5\">\n                    <div class=\"boxed boxed--lg boxed--border\">\n                        <div class=\"feature feature-2\"> <i class=\"icon color--primary icon-Libra-2\"><\/i>\n                            <div class=\"feature__body\">\n                                <h5>Pruebas reconocidas de los tribunales<\/h5>\n                                <p>Reconocimiento por tribunales de todo el mundo<\/p>\n                            <\/div>\n                        <\/div>\n                        <!--end feature-->\n                        <div class=\"feature feature-2\"> <i class=\"icon color--primary icon-Security-Check\"><\/i>\n                            <div class=\"feature__body\">\n                                <h5>Certificados de agente judicial v\u00e1lidos de por vida<\/h5>\n                                <p>Construya pruebas v\u00e1lidas para toda la vida.<\/p>\n                            <\/div>\n                        <\/div>\n                        <div class=\"feature feature-2\"> <i class=\"icon color--primary icon-Font-Window\"><\/i>\n                            <div class=\"feature__body\">\n                                <h5>Sus dep\u00f3sitos son v\u00e1lidos en 11 idiomas.<\/h5>\n                                <p style=\"text-align: left;\">Dispone de sus dep\u00f3sitos en franc\u00e9s, ingl\u00e9s, italiano, chino, alem\u00e1n, portugu\u00e9s, \u00e1rabe, espa\u00f1ol, coreano, japon\u00e9s y ruso.<\/p>\n                            <\/div>\n                        <\/div>\n                        <!--end feature-->\n                        <div class=\"feature feature-2\"> <i class=\"icon color--primary icon-Windows-2\"><\/i>\n                            <div class=\"feature__body\">\n                                <h5>Su evidencia disponible 24\/7<\/h5>\n                                <p>Recibo de dep\u00f3sito disponible en l\u00ednea 24\/7.<\/p>\n                            <\/div>\n                        <\/div>\n                        <!--end feature-->\n                    <\/div>\n                <\/div>\n            <\/div>\n            <!--end of row-->\n        <\/div>\n        <!--end of container-->\n    <\/section>\n    <section class=\"bg--secondary text-center space--xxs\">\n        <div class=\"container\">\n            <div class=\"row\">\n                <div class=\"col-sm-12\">\n                    <h2 class=\"addtoppad\">\u00bfC\u00f3mo proteger mis dise\u00f1os y modelos?<\/h2>\n                <\/div>\n            <\/div>\n            <!--end of row-->\n        <\/div>\n        <!--end of container-->\n    <\/section>\n    <section class=\"bg--secondary space--xs\">\n        <div class=\"container\">\n            <div class=\"row\">\n                <div class=\"col-sm-4\">\n                    <div class=\"feature feature-2 boxed boxed--border\"> <i class=\"icon color--primary icon-Checked-User\"><\/i>\n                        <div class=\"feature__body\">\n                            <p style=\"text-align: center;\"><span class=\"h1 h1--medium\" style=\"color: #d93d3d;\">1.<\/span><\/p>\n                            <h4 style=\"text-align: center;\">Se inscribe<\/h4>\n                            <p style=\"text-align: center;\">Se inscribe gratuitamente&nbsp;<br>Ning\u00fan pago requerido&nbsp;<\/p>\n                        <\/div>\n                    <\/div>\n                    <!--end feature-->\n                <\/div>\n                <div class=\"col-sm-4\">\n                    <div class=\"feature feature-2 boxed boxed--border\"> <i class=\"icon color--primary icon-Security-Settings\"><\/i>\n                        <div class=\"feature__body\">\n                            <p style=\"text-align: center;\"><span class=\"h1 h1--medium\" style=\"color: #d93d3d;\">2.<\/span><\/p>\n                            <h4 style=\"text-align: center;\">Le guiamos<\/h4>\n                            <p style=\"text-align: center;\">Elija una oferta adaptada a sus necesidades con un consultor.<\/p>\n                        <\/div>\n                    <\/div>\n                    <!--end feature-->\n                <\/div>\n                <div class=\"col-sm-4\">\n                    <div class=\"feature feature-2 boxed boxed--border\"> <i class=\"icon color--primary icon-Security-Check\"><\/i>\n                        <div class=\"feature__body\">\n                            <p style=\"text-align: center;\"><span class=\"h1 h1--medium\" style=\"color: #d93d3d;\">3.<\/span><\/p>\n                            <h4 style=\"text-align: center;\">Le protegemos<\/h4>\n                            <p style=\"text-align: center;\">Descargue sus creaciones en l\u00ednea. <br>\u00a1Est\u00e1 protegido!<\/p>\n                        <\/div>\n                    <\/div>\n                    <!--end feature-->\n                <\/div>\n            <\/div>\n            <!--end of row-->\n        <\/div>\n        <!--end of container-->\n    <\/section>\n    <section class=\"text-center  bg--secondary space--xxs\">\n        <div class=\"container\">\n            <div class=\"row\">\n                <div class=\"col-sm-8 col-md-6\">\n                    <div class=\"cta\"> <a title=\"\" class=\"btn type--uppercase inner-link btn--primary\" href=\"https:\/\/beta.fidealis.com\/es\/inscription\" target=\"_blank\" rel=\"noopener\"><span class=\"btn__text\">INSCRIBIRSE AHORA<\/span>                    <\/a>\n                        \n                            <p class=\"type--fine-print\" style=\"margin-top: 0.03em; margin-bottom: 1.2em;\">No se requiere tarjeta de cr\u00e9dito<\/p>\n                        \n                    <\/div>\n                <\/div>\n            <\/div>\n            <!--end of row-->\n        <\/div>\n        <!--end of container-->\n    <\/section>\n    <section class=\"text-justify space--xs\">\n        <div class=\"container\">\n            <div class=\"row\">\n                <div class=\"col-sm-6\">\n                    <div class=\"col-left-custom\">\n                        <h2 style=\"text-align: left;\">Las condiciones de la protecci\u00f3n de dise\u00f1os y modelos:<\/h2>\n                        <p class=\"lead\"><span style=\"font-weight: 400;\">Seg\u00fan el art\u00edculo L 511-2 del c\u00f3digo de la propiedad intelectual <i>\"solo se puede proteger el dise\u00f1o que es nuevo y tiene un car\u00e1cter propio\".<\/i><\/span><\/p>\n                        <ul class=\"bullets\">\n                            <li class=\"lead li-blocked\">La <strong>novedad<\/strong> supone que no se ha revelado un dise\u00f1o id\u00e9ntico o casi id\u00e9ntico antes de la fecha de protecci\u00f3n otorgada a su dep\u00f3sito.<\/li>\n                            <li class=\"lead li-blocked\">El <strong>car\u00e1cter inherente<\/strong> implica que el dise\u00f1o no debe dar lugar a una impresi\u00f3n de d\u00e9j\u00e0-vu en su conjunto, en comparaci\u00f3n con un dise\u00f1o o modelo divulgado antes de la fecha de protecci\u00f3n otorgada a su dep\u00f3sito.<\/li>\n                        <\/ul>\n                        <p class=\"lead\">Los dise\u00f1os contrarios al orden p\u00fablico o la moral no pueden protegerse. Lo mismo se aplica a los dise\u00f1os que involucran un programa de computadora o cuyas caracter\u00edsticas son impuestas exclusivamente por la funci\u00f3n t\u00e9cnica del producto.<\/p>\n                        <p class=\"lead\">Esta protecci\u00f3n de dise\u00f1os pasa por su archivo.<\/p>\n                    <\/div>\n                <\/div>\n                <div class=\"col-sm-6\">\n                    <div class=\"col-right-custom\">\n                        <h2>El dep\u00f3sito en l\u00ednea de dise\u00f1os y modelos<\/h2>\n                        <p class=\"lead\">Cualquier persona f\u00edsica o jur\u00eddica puede presentar un dise\u00f1o. Tambi\u00e9n puede elegir ser representado por un agente profesional.<\/p>\n                        <p class=\"lead\"><span style=\"font-weight: 400;\">El <a href=\"https:\/\/beta.fidealis.com\/es\/qui-sommes-nous\/notre-systeme-de-depot-par-copyright\/\">dep\u00f3sito se realiza en l\u00ednea<\/a> en una plataforma especializada. Como resultado de la presentaci\u00f3n, se abre un per\u00edodo de revisi\u00f3n de su solicitud.<\/span><\/p>\n                        <p class=\"lead\">Si se acepta, su dep\u00f3sito se publica en el BOPI (Bolet\u00edn Oficial de Propiedad Intelectual).<\/p>\n                        <p class=\"lead\">Tambi\u00e9n puede hacer un <strong>dep\u00f3sito de copyright<\/strong> en sus dise\u00f1os en nuestra plataforma de registro.<\/p>\n                        <p class=\"lead\"><a href=\"https:\/\/beta.fidealis.com\/es\/propriete-intellectuelle\/le-copyright\/\">Este copyright<\/a> le permite proteger sus derechos y actuar contra cualquier competidor que haya infringido una de sus creaciones.<\/p>\n                    <\/div>\n                <\/div>\n                <div class=\"col-sm-6\"> <\/div>\n            <\/div>\n            <!--end of row-->\n        <\/div>\n        <!--end of container-->\n    <\/section>\n    <section class=\"unpad--bottom switchable cta cta-3  bg--secondary text-center\">\n        <div class=\"container\">\n            <div class=\"row\">\n                <div class=\"col-sm-6 col-md-5\">\n                    <div class=\"switchable__text\">\n                        \n                            <h3 style=\"text-align: center;\"><span style=\"color: #db3b29;\">Fidealis, proteja ahora sus dise\u00f1os y modelos en unos clic de rat\u00f3n<\/span><\/h3>\n                            <p class=\"lead\" style=\"text-align: center;\">La soluci\u00f3n pionera en la protecci\u00f3n de dise\u00f1os y colecciones, que re\u00fane las tecnolog\u00edas de la firma electr\u00f3nica, la marca de tiempo y blockchain. Sus creaciones se certifican instant\u00e1neamente y se archivan en paralelo con el agente judicial.<\/p>\n                        \n                        <a title=\"\" class=\"btn type--uppercase inner-link btn--primary\" href=\"https:\/\/beta.fidealis.com\/es\/inscription\" target=\"_blank\" rel=\"noopener\"> <span class=\"btn__text\">INSCRIBIRSE GRATUITAMENTE<\/span><span class=\"label\">sIN tc<\/span> <\/a>\n                    <\/div>\n                <\/div>\n                <div class=\"col-sm-6 col-md-5\"> <img class=\"block\" alt=\"\" src=\"https:\/\/beta.fidealis.com\/wp-content\/uploads\/2018\/08\/copyright-modeles-dessin-peintures.png\"> <\/div>\n            <\/div>\n            <!--end of row-->\n        <\/div>\n        <!--end of container-->\n    <\/section>","protected":false},"excerpt":{"rendered":"<p>La protecci\u00f3n de dise\u00f1os y modelos&nbsp; Su dep\u00f3sito a partir de 95\u20ac Soluci\u00f3n de protecci\u00f3n de dise\u00f1os y modelos SOLICITUD de contactO&#8230;<\/p>\n","protected":false},"author":1,"featured_media":0,"parent":15469,"menu_order":0,"comment_status":"closed","ping_status":"closed","template":"","meta":{"_joinchat":[]},"yoast_head":"<!-- This site is optimized with the Yoast SEO plugin v20.3 - https:\/\/yoast.com\/wordpress\/plugins\/seo\/ -->\n<title>Propiedad industrial: protecci\u00f3n de dise\u00f1os<\/title>\n<meta name=\"description\" content=\"La creaci\u00f3n de un producto que sea \u00fatil y atractivo es de importancia estrat\u00e9gica para las empresas. La apariencia de este producto le permite destacarse de la competencia pero tambi\u00e9n seducir al consumidor. Recuerda proteger tus dise\u00f1os.\" \/>\n<meta name=\"robots\" content=\"noindex, follow, max-snippet:-1, max-image-preview:large, max-video-preview:-1\" \/>\n<meta property=\"og:locale\" content=\"es_ES\" \/>\n<meta property=\"og:type\" content=\"article\" \/>\n<meta property=\"og:title\" content=\"Propiedad industrial: protecci\u00f3n de dise\u00f1os\" \/>\n<meta property=\"og:description\" content=\"La creaci\u00f3n de un producto que sea \u00fatil y atractivo es de importancia estrat\u00e9gica para las empresas. La apariencia de este producto le permite destacarse de la competencia pero tambi\u00e9n seducir al consumidor. Recuerda proteger tus dise\u00f1os.\" \/>\n<meta property=\"og:url\" content=\"https:\/\/beta.fidealis.com\/es\/propiedad-intelectual\/propiedad-industrial\/proteccion-de-disenos\/\" \/>\n<meta property=\"og:site_name\" content=\"Fidealis\" \/>\n<meta property=\"article:publisher\" content=\"https:\/\/www.facebook.com\/Fidealis-573887362622849\/\" \/>\n<meta property=\"article:modified_time\" content=\"2020-04-13T15:03:36+00:00\" \/>\n<meta name=\"twitter:card\" content=\"summary_large_image\" \/>\n<script type=\"application\/ld+json\" class=\"yoast-schema-graph\">{\"@context\":\"https:\/\/schema.org\",\"@graph\":[{\"@type\":\"WebPage\",\"@id\":\"https:\/\/beta.fidealis.com\/es\/propiedad-intelectual\/propiedad-industrial\/proteccion-de-disenos\/\",\"url\":\"https:\/\/beta.fidealis.com\/es\/propiedad-intelectual\/propiedad-industrial\/proteccion-de-disenos\/\",\"name\":\"Propiedad industrial: protecci\u00f3n de dise\u00f1os\",\"isPartOf\":{\"@id\":\"https:\/\/beta.fidealis.com\/#website\"},\"datePublished\":\"2018-06-11T22:00:00+00:00\",\"dateModified\":\"2020-04-13T15:03:36+00:00\",\"description\":\"La creaci\u00f3n de un producto que sea \u00fatil y atractivo es de importancia estrat\u00e9gica para las empresas. La apariencia de este producto le permite destacarse de la competencia pero tambi\u00e9n seducir al consumidor. Recuerda proteger tus dise\u00f1os.\",\"breadcrumb\":{\"@id\":\"https:\/\/beta.fidealis.com\/es\/propiedad-intelectual\/propiedad-industrial\/proteccion-de-disenos\/#breadcrumb\"},\"inLanguage\":\"es\",\"potentialAction\":[{\"@type\":\"ReadAction\",\"target\":[\"https:\/\/beta.fidealis.com\/es\/propiedad-intelectual\/propiedad-industrial\/proteccion-de-disenos\/\"]}]},{\"@type\":\"BreadcrumbList\",\"@id\":\"https:\/\/beta.fidealis.com\/es\/propiedad-intelectual\/propiedad-industrial\/proteccion-de-disenos\/#breadcrumb\",\"itemListElement\":[{\"@type\":\"ListItem\",\"position\":1,\"name\":\"Accueil\",\"item\":\"https:\/\/beta.fidealis.com\/es\/\"},{\"@type\":\"ListItem\",\"position\":2,\"name\":\"Propiedad intelectual\",\"item\":\"https:\/\/beta.fidealis.com\/es\/propiedad-intelectual\/\"},{\"@type\":\"ListItem\",\"position\":3,\"name\":\"Ley de propiedad industrial\",\"item\":\"https:\/\/beta.fidealis.com\/es\/propiedad-intelectual\/propiedad-industrial\/\"},{\"@type\":\"ListItem\",\"position\":4,\"name\":\"Protecci\u00f3n de dise\u00f1os.\"}]},{\"@type\":\"WebSite\",\"@id\":\"https:\/\/beta.fidealis.com\/#website\",\"url\":\"https:\/\/beta.fidealis.com\/\",\"name\":\"Fidealis\",\"description\":\"Fidealis: vous cr\u00e9ez, nous prot\u00e9geons.\",\"publisher\":{\"@id\":\"https:\/\/beta.fidealis.com\/#organization\"},\"potentialAction\":[{\"@type\":\"SearchAction\",\"target\":{\"@type\":\"EntryPoint\",\"urlTemplate\":\"https:\/\/beta.fidealis.com\/?s={search_term_string}\"},\"query-input\":\"required name=search_term_string\"}],\"inLanguage\":\"es\"},{\"@type\":\"Organization\",\"@id\":\"https:\/\/beta.fidealis.com\/#organization\",\"name\":\"Fidealis\",\"url\":\"https:\/\/beta.fidealis.com\/\",\"logo\":{\"@type\":\"ImageObject\",\"inLanguage\":\"es\",\"@id\":\"https:\/\/beta.fidealis.com\/#\/schema\/logo\/image\/\",\"url\":\"https:\/\/www.fidealis.com\/wp-content\/uploads\/2018\/04\/logo-fidealis.png\",\"contentUrl\":\"https:\/\/www.fidealis.com\/wp-content\/uploads\/2018\/04\/logo-fidealis.png\",\"width\":525,\"height\":205,\"caption\":\"Fidealis\"},\"image\":{\"@id\":\"https:\/\/beta.fidealis.com\/#\/schema\/logo\/image\/\"},\"sameAs\":[\"https:\/\/www.facebook.com\/Fidealis-573887362622849\/\"]}]}<\/script>\n<!-- \/ Yoast SEO plugin. -->","yoast_head_json":{"title":"Propiedad industrial: protecci\u00f3n de dise\u00f1os","description":"La creaci\u00f3n de un producto que sea \u00fatil y atractivo es de importancia estrat\u00e9gica para las empresas. La apariencia de este producto le permite destacarse de la competencia pero tambi\u00e9n seducir al consumidor. Recuerda proteger tus dise\u00f1os.","robots":{"index":"noindex","follow":"follow","max-snippet":"max-snippet:-1","max-image-preview":"max-image-preview:large","max-video-preview":"max-video-preview:-1"},"og_locale":"es_ES","og_type":"article","og_title":"Propiedad industrial: protecci\u00f3n de dise\u00f1os","og_description":"La creaci\u00f3n de un producto que sea \u00fatil y atractivo es de importancia estrat\u00e9gica para las empresas. La apariencia de este producto le permite destacarse de la competencia pero tambi\u00e9n seducir al consumidor. Recuerda proteger tus dise\u00f1os.","og_url":"https:\/\/beta.fidealis.com\/es\/propiedad-intelectual\/propiedad-industrial\/proteccion-de-disenos\/","og_site_name":"Fidealis","article_publisher":"https:\/\/www.facebook.com\/Fidealis-573887362622849\/","article_modified_time":"2020-04-13T15:03:36+00:00","twitter_card":"summary_large_image","schema":{"@context":"https:\/\/schema.org","@graph":[{"@type":"WebPage","@id":"https:\/\/beta.fidealis.com\/es\/propiedad-intelectual\/propiedad-industrial\/proteccion-de-disenos\/","url":"https:\/\/beta.fidealis.com\/es\/propiedad-intelectual\/propiedad-industrial\/proteccion-de-disenos\/","name":"Propiedad industrial: protecci\u00f3n de dise\u00f1os","isPartOf":{"@id":"https:\/\/beta.fidealis.com\/#website"},"datePublished":"2018-06-11T22:00:00+00:00","dateModified":"2020-04-13T15:03:36+00:00","description":"La creaci\u00f3n de un producto que sea \u00fatil y atractivo es de importancia estrat\u00e9gica para las empresas. La apariencia de este producto le permite destacarse de la competencia pero tambi\u00e9n seducir al consumidor. Recuerda proteger tus dise\u00f1os.","breadcrumb":{"@id":"https:\/\/beta.fidealis.com\/es\/propiedad-intelectual\/propiedad-industrial\/proteccion-de-disenos\/#breadcrumb"},"inLanguage":"es","potentialAction":[{"@type":"ReadAction","target":["https:\/\/beta.fidealis.com\/es\/propiedad-intelectual\/propiedad-industrial\/proteccion-de-disenos\/"]}]},{"@type":"BreadcrumbList","@id":"https:\/\/beta.fidealis.com\/es\/propiedad-intelectual\/propiedad-industrial\/proteccion-de-disenos\/#breadcrumb","itemListElement":[{"@type":"ListItem","position":1,"name":"Accueil","item":"https:\/\/beta.fidealis.com\/es\/"},{"@type":"ListItem","position":2,"name":"Propiedad intelectual","item":"https:\/\/beta.fidealis.com\/es\/propiedad-intelectual\/"},{"@type":"ListItem","position":3,"name":"Ley de propiedad industrial","item":"https:\/\/beta.fidealis.com\/es\/propiedad-intelectual\/propiedad-industrial\/"},{"@type":"ListItem","position":4,"name":"Protecci\u00f3n de dise\u00f1os."}]},{"@type":"WebSite","@id":"https:\/\/beta.fidealis.com\/#website","url":"https:\/\/beta.fidealis.com\/","name":"Fidealis","description":"Fidealis: vous cr\u00e9ez, nous prot\u00e9geons.","publisher":{"@id":"https:\/\/beta.fidealis.com\/#organization"},"potentialAction":[{"@type":"SearchAction","target":{"@type":"EntryPoint","urlTemplate":"https:\/\/beta.fidealis.com\/?s={search_term_string}"},"query-input":"required name=search_term_string"}],"inLanguage":"es"},{"@type":"Organization","@id":"https:\/\/beta.fidealis.com\/#organization","name":"Fidealis","url":"https:\/\/beta.fidealis.com\/","logo":{"@type":"ImageObject","inLanguage":"es","@id":"https:\/\/beta.fidealis.com\/#\/schema\/logo\/image\/","url":"https:\/\/www.fidealis.com\/wp-content\/uploads\/2018\/04\/logo-fidealis.png","contentUrl":"https:\/\/www.fidealis.com\/wp-content\/uploads\/2018\/04\/logo-fidealis.png","width":525,"height":205,"caption":"Fidealis"},"image":{"@id":"https:\/\/beta.fidealis.com\/#\/schema\/logo\/image\/"},"sameAs":["https:\/\/www.facebook.com\/Fidealis-573887362622849\/"]}]}},"_links":{"self":[{"href":"https:\/\/beta.fidealis.com\/es\/wp-json\/wp\/v2\/pages\/15479"}],"collection":[{"href":"https:\/\/beta.fidealis.com\/es\/wp-json\/wp\/v2\/pages"}],"about":[{"href":"https:\/\/beta.fidealis.com\/es\/wp-json\/wp\/v2\/types\/page"}],"author":[{"embeddable":true,"href":"https:\/\/beta.fidealis.com\/es\/wp-json\/wp\/v2\/users\/1"}],"replies":[{"embeddable":true,"href":"https:\/\/beta.fidealis.com\/es\/wp-json\/wp\/v2\/comments?post=15479"}],"version-history":[{"count":2,"href":"https:\/\/beta.fidealis.com\/es\/wp-json\/wp\/v2\/pages\/15479\/revisions"}],"predecessor-version":[{"id":15991,"href":"https:\/\/beta.fidealis.com\/es\/wp-json\/wp\/v2\/pages\/15479\/revisions\/15991"}],"up":[{"embeddable":true,"href":"https:\/\/beta.fidealis.com\/es\/wp-json\/wp\/v2\/pages\/15469"}],"wp:attachment":[{"href":"https:\/\/beta.fidealis.com\/es\/wp-json\/wp\/v2\/media?parent=15479"}],"curies":[{"name":"wp","href":"https:\/\/api.w.org\/{rel}","templated":true}]}}