{"id":15480,"date":"2018-06-12T00:00:00","date_gmt":"2018-06-11T22:00:00","guid":{"rendered":"https:\/\/www.fidealis.com\/propriete-intellectuelle\/eviter-la-contrefacon"},"modified":"2020-04-13T16:53:18","modified_gmt":"2020-04-13T14:53:18","slug":"evitar-la-falsificacion","status":"publish","type":"page","link":"https:\/\/beta.fidealis.com\/es\/propiedad-intelectual\/evitar-la-falsificacion\/","title":{"rendered":"\u00bfC\u00f3mo evitar la falsificaci\u00f3n?"},"content":{"rendered":"<section class=\"cover imagebg text-center height-60 section--ken-burns\" data-overlay=\"4\">\n        <div class=\"background-image-holder\"><img alt=\"\" src=\"https:\/\/beta.fidealis.com\/wp-content\/uploads\/2018\/06\/\u00e9viter-la-contrefa\u00e7on.jpg\"><\/div>\n        <div class=\"container pos-vertical-center\">\n            <div class=\"row\">\n                <div class=\"col-sm-8 col-md-9\">\n                    \n                        <h1>\u00bfC\u00f3mo evitar la falsificaci\u00f3n?<\/h1>\n                    \n                <\/div>\n            <\/div>\n            <!--end of row-->\n        <\/div>\n        <!--end of container-->\n    <\/section>\n    <section class=\"bg--secondary space--xxs\">\n        <div class=\"container\">\n            <div class=\"row\">\n                <div class=\"cta cta--horizontal text-center-xs\">\n                    <div class=\"col-sm-4\">\n                        <h4>Su dep\u00f3sito a partir de 95\u20ac<\/h4>\n                    <\/div>\n                    <div class=\"col-sm-5\">\n                        <p class=\"lead\"> Soluci\u00f3n de protecci\u00f3n antirrobo y falsificaci\u00f3n&nbsp;<\/p>\n                    <\/div>\n                    <div class=\"col-sm-3 text-right text-center-xs\">\n                        <a title=\"\" class=\"btn btn--primary type--uppercase\" href=\"https:\/\/beta.fidealis.com\/es\/qui-sommes-nous\/contactez-nous\/\" target=\"\" rel=\"\"> <span class=\"btn__text\">SOLICITUD de contactO<\/span> <\/a>\n                    <\/div>\n                <\/div>\n            <\/div>\n            <!--end of row-->\n        <\/div>\n        <!--end of container-->\n    <\/section>\n    <section class=\"switchable feature-large  space--xxs text-justify\">\n        <div class=\"container\">\n            <div class=\"row\">\n                <div class=\"col-sm-6 col-md-5\">\n                    <div class=\"switchable__text\">\n                        <p class=\"lead\"><span style=\"font-weight: 400;\">La falsificaci\u00f3n se define como la reproducci\u00f3n, imitaci\u00f3n o uso total o parcial de un <a href=\"https:\/\/beta.fidealis.com\/es\/propriete-intellectuelle\/\">derecho de propiedad intelectual<\/a> sin la autorizaci\u00f3n de su propietario.<\/span><\/p>\n                        <p class=\"lead\"><strong>La falsificaci\u00f3n<\/strong> representa del 5 al 10% del comercio mundial. Amenaza tanto al creador al violar su monopolio de explotaci\u00f3n, como al consumidor al crear confusi\u00f3n entre el producto original y el producto falsificado.<\/p>\n                        <p class=\"lead\">Por lo tanto, en el contexto de la propiedad intelectual y como creador, es importante actuar en la falsificaci\u00f3n.<\/p>\n                    <\/div>\n                <\/div>\n                <div class=\"col-sm-6\">\n                    <div class=\"boxed boxed--lg boxed--border\">\n                        <div class=\"feature feature-2\"> <i class=\"icon color--primary icon-Libra-2\"><\/i>\n                            <div class=\"feature__body\">\n                                <h5>Pruebas reconocidas de los tribunales<\/h5>\n                                <p>Reconocimiento por tribunales de todo el mundo<\/p>\n                            <\/div>\n                        <\/div>\n                        <!--end feature-->\n                        <div class=\"feature feature-2\"> <i class=\"icon color--primary icon-Security-Check\"><\/i>\n                            <div class=\"feature__body\">\n                                <h5>Certificados de agente judicial v\u00e1lidos de por vida<\/h5>\n                                <p>Construya pruebas v\u00e1lidas para toda la vida.<\/p>\n                            <\/div>\n                        <\/div>\n                        <div class=\"feature feature-2\"> <i class=\"icon color--primary icon-Font-Window\"><\/i>\n                            <div class=\"feature__body\">\n                                <h5>Sus dep\u00f3sitos son v\u00e1lidos en 11 idiomas.<\/h5>\n                                <p style=\"text-align: left;\">Dispone de sus dep\u00f3sitos en franc\u00e9s, ingl\u00e9s, italiano, chino, alem\u00e1n, portugu\u00e9s, \u00e1rabe, espa\u00f1ol, coreano, japon\u00e9s y ruso.<\/p>\n                            <\/div>\n                        <\/div>\n                        <!--end feature-->\n                        <div class=\"feature feature-2\"> <i class=\"icon color--primary icon-Windows-2\"><\/i>\n                            <div class=\"feature__body\">\n                                <h5>Su evidencia disponible 24\/7<\/h5>\n                                <p>Recibo de dep\u00f3sito disponible en l\u00ednea 24\/7.<\/p>\n                            <\/div>\n                        <\/div>\n                        <!--end feature-->\n                    <\/div>\n                <\/div>\n            <\/div>\n            <!--end of row-->\n        <\/div>\n        <!--end of container-->\n    <\/section>\n    <section class=\"bg--secondary text-center space--xxs\">\n        <div class=\"container\">\n            <div class=\"row\">\n                <div class=\"col-sm-12\">\n                    <h2 class=\"addtoppad\">\u00a1Fidealis le protege de la falsificaci\u00f3n!<\/h2>\n                <\/div>\n            <\/div>\n            <!--end of row-->\n        <\/div>\n        <!--end of container-->\n    <\/section>\n    <section class=\"bg--secondary space--xs\">\n        <div class=\"container\">\n            <div class=\"row\">\n                <div class=\"col-sm-4\">\n                    <div class=\"feature feature-2 boxed boxed--border\"> <i class=\"icon color--primary icon-Checked-User\"><\/i>\n                        <div class=\"feature__body\">\n                            <p style=\"text-align: center;\"><span class=\"h1 h1--medium\" style=\"color: #d93d3d;\">1.<\/span><\/p>\n                            <h4 style=\"text-align: center;\">Se inscribe<\/h4>\n                            <p style=\"text-align: center;\">Se inscribe gratuitamente&nbsp;<br>Ning\u00fan pago requerido&nbsp;<\/p>\n                        <\/div>\n                    <\/div>\n                    <!--end feature-->\n                <\/div>\n                <div class=\"col-sm-4\">\n                    <div class=\"feature feature-2 boxed boxed--border\"> <i class=\"icon color--primary icon-Security-Settings\"><\/i>\n                        <div class=\"feature__body\">\n                            <p style=\"text-align: center;\"><span class=\"h1 h1--medium\" style=\"color: #d93d3d;\">2.<\/span><\/p>\n                            <h4 style=\"text-align: center;\">Le guiamos<\/h4>\n                            <p style=\"text-align: center;\">Elija una oferta adaptada a sus necesidades con un consultor.<\/p>\n                        <\/div>\n                    <\/div>\n                    <!--end feature-->\n                <\/div>\n                <div class=\"col-sm-4\">\n                    <div class=\"feature feature-2 boxed boxed--border\"> <i class=\"icon color--primary icon-Security-Check\"><\/i>\n                        <div class=\"feature__body\">\n                            <p style=\"text-align: center;\"><span class=\"h1 h1--medium\" style=\"color: #d93d3d;\">3.<\/span><\/p>\n                            <h4 style=\"text-align: center;\">Le protegemos<\/h4>\n                            <p style=\"text-align: center;\">Descargue sus creaciones en l\u00ednea. <br>\u00a1Est\u00e1 protegido!<\/p>\n                        <\/div>\n                    <\/div>\n                    <!--end feature-->\n                <\/div>\n            <\/div>\n            <!--end of row-->\n        <\/div>\n        <!--end of container-->\n    <\/section>\n    <section class=\"text-center  bg--secondary space--xxs\">\n        <div class=\"container\">\n            <div class=\"row\">\n                <div class=\"col-sm-8 col-md-6\">\n                    <div class=\"cta\"> <a title=\"\" class=\"btn type--uppercase inner-link btn--primary\" href=\"https:\/\/beta.fidealis.com\/es\/inscription\" target=\"_blank\" rel=\"noopener\"><span class=\"btn__text\">INSCRIBIRSE AHORA<\/span>                    <\/a>\n                        \n                            <p class=\"type--fine-print\" style=\"margin-top: 0.03em; margin-bottom: 1.2em;\">No se requiere tarjeta de cr\u00e9dito&nbsp;<\/p>\n                        \n                    <\/div>\n                <\/div>\n            <\/div>\n            <!--end of row-->\n        <\/div>\n        <!--end of container-->\n    <\/section>\n    <section class=\"text-justify space--xxs\">\n        <div class=\"container\">\n            <div class=\"row\">\n                <div class=\"col-sm-6\">\n                    <div class=\"col-left-custom\">\n                        <h2 style=\"text-align: left;\">Las condiciones para actuar contra la falsificaci\u00f3n<\/h2>\n                        <p class=\"lead\">\u00bfCree que es v\u00edctima de la falsificaci\u00f3n? Antes de tomar cualquier medida, aseg\u00farese de que sus derechos sean:<\/p>\n                        <ul class=\"bullets\">\n                            <li class=\"lead li-blocked\"><strong>Anteriores<\/strong>: El dep\u00f3sito o la creaci\u00f3n de su trabajo debe ser anterior al del presunto infractor.<\/li>\n                            <li class=\"lead li-blocked\"><strong>Efectivos<\/strong>: aseg\u00farese de que sus derechos sobre su trabajo, marca comercial o patente a\u00fan est\u00e9n vigentes.<\/li>\n                            <li class=\"lead li-blocked\"><strong>Protegidos en el territorio en cuesti\u00f3n<\/strong>: por ejemplo, no puede actuar en caso de infracci\u00f3n en Espa\u00f1a si sus derechos son v\u00e1lidos solo en Francia.<\/li>\n                            <li class=\"lead li-blocked\"><strong>Regulares<\/strong>: si sus derechos son el resultado de una asignaci\u00f3n, aseg\u00farese de que sea regular.<\/li>\n                            <li class=\"lead li-blocked\"><strong>Tangibles<\/strong>: Se debe proporcionar prueba de dep\u00f3sito, registro o creaci\u00f3n.<\/li>\n                        <\/ul>\n                        <h2 style=\"text-align: left;\">\u00bfC\u00f3mo actuar ante la falsificaci\u00f3n?<\/h2>\n                        <p class=\"lead\">Puedes actuar en lo penal o civil. Para hacer esto, debe estar representado por un abogado. El procedimiento civil es simple de implementar y dura de 2 a 3 a\u00f1os. El procedimiento penal es m\u00e1s pesado y, a menudo, muy largo.<\/p>\n                    <\/div>\n                <\/div>\n                <div class=\"col-sm-6\">\n                    <p class=\"lead\">Se recomienda m\u00e1s bien para falsificar grandes vol\u00famenes.<\/p>\n                    <div class=\"col-right-custom\">\n                        <p class=\"lead\">En lo civil como en lo criminal, el falsificador puede ser condenado:<\/p>\n                        <ul class=\"bullets\">\n                            <li class=\"lead li-blocked\">Al pago de <strong>da\u00f1os calculados<\/strong> de acuerdo a la lesi\u00f3n sufrida por la v\u00edctima.<\/li>\n                            <li class=\"lead li-blocked\">A <strong>detener y eliminar<\/strong> las falsificaciones de todos los canales.<\/li>\n                        <\/ul>\n                        <p class=\"lead\">En el contexto de una sanci\u00f3n penal, el falsificador incurre en una pena de 7 a\u00f1os de prisi\u00f3n y 750 000 \u20ac de multa.<\/p>\n                        <h2 style=\"text-align: left;\">Protegerse contra la falsificaci\u00f3n&nbsp;<\/h2>\n                        <p class=\"lead\"><span style=\"font-weight: 400;\">Para luchar contra la falsificaci\u00f3n, debe demostrar que es el propietario de los derechos de las creaciones presuntamente infractoras. Esta prueba puede formarse grabando o depositando sus creaciones intelectuales. En Fidealis le ofrecemos la posibilidad de <a href=\"https:\/\/beta.fidealis.com\/es\/propriete-intellectuelle\/le-copyright\/\">depositar un copyright en sus creaciones.<\/a> Sus creaciones se depositan con un agente judicial, se firman y se sellan.<\/span><\/p>\n                        <p class=\"lead\">Este dep\u00f3sito le permite hacer valer sus derechos de inmediato en caso de infracci\u00f3n.<\/p>\n                    <\/div>\n                <\/div>\n                <div class=\"col-sm-6\"> <\/div>\n            <\/div>\n            <!--end of row-->\n        <\/div>\n        <!--end of container-->\n    <\/section>\n    <section class=\"unpad--bottom switchable cta cta-3  bg--secondary text-center\">\n        <div class=\"container\">\n            <div class=\"row\">\n                <div class=\"col-sm-6 col-md-5\">\n                    <div class=\"switchable__text\">\n                        \n                            <h3 style=\"text-align: center;\"><span style=\"color: #db3b29;\">Gracias a Fidealis prot\u00e9jase de la falsificaci\u00f3n<\/span><\/h3>\n                            <p class=\"lead\" style=\"text-align: center;\">La soluci\u00f3n pionera en la protecci\u00f3n de dise\u00f1os y colecciones, que re\u00fane las tecnolog\u00edas de la firma electr\u00f3nica, la marca de tiempo y blockchain. Sus creaciones se certifican instant\u00e1neamente y se archivan en paralelo con el agente judicial.<\/p>\n                        \n                        <a title=\"\" class=\"btn type--uppercase inner-link btn--primary\" href=\"https:\/\/beta.fidealis.com\/es\/inscription\" target=\"_blank\" rel=\"noopener\"> <span class=\"btn__text\">INSCRIBIRSE GRATUITAMENTE<\/span><span class=\"label\">sIN tc<\/span> <\/a>\n                    <\/div>\n                <\/div>\n                <div class=\"col-sm-6 col-md-5\"> <img class=\"block\" alt=\"soyez rassur\u00e9 avec le d\u00e9p\u00f4t Fidealis\" src=\"https:\/\/beta.fidealis.com\/wp-content\/uploads\/2018\/08\/Eviter-la-contrefa\u00e7on.png\"> <\/div>\n            <\/div>\n            <!--end of row-->\n        <\/div>\n        <!--end of container-->\n    <\/section>","protected":false},"excerpt":{"rendered":"<p>\u00bfC\u00f3mo evitar la falsificaci\u00f3n? Su dep\u00f3sito a partir de 95\u20ac Soluci\u00f3n de protecci\u00f3n antirrobo y falsificaci\u00f3n&nbsp; SOLICITUD de contactO La falsificaci\u00f3n se&#8230;<\/p>\n","protected":false},"author":1,"featured_media":0,"parent":15485,"menu_order":0,"comment_status":"closed","ping_status":"closed","template":"","meta":{"_joinchat":[]},"yoast_head":"<!-- This site is optimized with the Yoast SEO plugin v20.3 - https:\/\/yoast.com\/wordpress\/plugins\/seo\/ -->\n<title>Propiedad intelectual: c\u00f3mo evitar la falsificaci\u00f3n<\/title>\n<meta name=\"description\" content=\"La falsificaci\u00f3n representa del 5 al 10% del comercio mundial. Amenaza tanto al creador al violar su monopolio operativo, como al consumidor al crear confusi\u00f3n. Descubre c\u00f3mo luchar contra la falsificaci\u00f3n.\" \/>\n<meta name=\"robots\" content=\"noindex, follow, max-snippet:-1, max-image-preview:large, max-video-preview:-1\" \/>\n<meta property=\"og:locale\" content=\"es_ES\" \/>\n<meta property=\"og:type\" content=\"article\" \/>\n<meta property=\"og:title\" content=\"Propiedad intelectual: c\u00f3mo evitar la falsificaci\u00f3n\" \/>\n<meta property=\"og:description\" content=\"La falsificaci\u00f3n representa del 5 al 10% del comercio mundial. Amenaza tanto al creador al violar su monopolio operativo, como al consumidor al crear confusi\u00f3n. Descubre c\u00f3mo luchar contra la falsificaci\u00f3n.\" \/>\n<meta property=\"og:url\" content=\"https:\/\/beta.fidealis.com\/es\/propiedad-intelectual\/evitar-la-falsificacion\/\" \/>\n<meta property=\"og:site_name\" content=\"Fidealis\" \/>\n<meta property=\"article:publisher\" content=\"https:\/\/www.facebook.com\/Fidealis-573887362622849\/\" \/>\n<meta property=\"article:modified_time\" content=\"2020-04-13T14:53:18+00:00\" \/>\n<meta name=\"twitter:card\" content=\"summary_large_image\" \/>\n<script type=\"application\/ld+json\" class=\"yoast-schema-graph\">{\"@context\":\"https:\/\/schema.org\",\"@graph\":[{\"@type\":\"WebPage\",\"@id\":\"https:\/\/beta.fidealis.com\/es\/propiedad-intelectual\/evitar-la-falsificacion\/\",\"url\":\"https:\/\/beta.fidealis.com\/es\/propiedad-intelectual\/evitar-la-falsificacion\/\",\"name\":\"Propiedad intelectual: c\u00f3mo evitar la falsificaci\u00f3n\",\"isPartOf\":{\"@id\":\"https:\/\/beta.fidealis.com\/#website\"},\"datePublished\":\"2018-06-11T22:00:00+00:00\",\"dateModified\":\"2020-04-13T14:53:18+00:00\",\"description\":\"La falsificaci\u00f3n representa del 5 al 10% del comercio mundial. Amenaza tanto al creador al violar su monopolio operativo, como al consumidor al crear confusi\u00f3n. Descubre c\u00f3mo luchar contra la falsificaci\u00f3n.\",\"breadcrumb\":{\"@id\":\"https:\/\/beta.fidealis.com\/es\/propiedad-intelectual\/evitar-la-falsificacion\/#breadcrumb\"},\"inLanguage\":\"es\",\"potentialAction\":[{\"@type\":\"ReadAction\",\"target\":[\"https:\/\/beta.fidealis.com\/es\/propiedad-intelectual\/evitar-la-falsificacion\/\"]}]},{\"@type\":\"BreadcrumbList\",\"@id\":\"https:\/\/beta.fidealis.com\/es\/propiedad-intelectual\/evitar-la-falsificacion\/#breadcrumb\",\"itemListElement\":[{\"@type\":\"ListItem\",\"position\":1,\"name\":\"Accueil\",\"item\":\"https:\/\/beta.fidealis.com\/es\/\"},{\"@type\":\"ListItem\",\"position\":2,\"name\":\"Propiedad intelectual\",\"item\":\"https:\/\/beta.fidealis.com\/es\/propiedad-intelectual\/\"},{\"@type\":\"ListItem\",\"position\":3,\"name\":\"\u00bfC\u00f3mo evitar la falsificaci\u00f3n?\"}]},{\"@type\":\"WebSite\",\"@id\":\"https:\/\/beta.fidealis.com\/#website\",\"url\":\"https:\/\/beta.fidealis.com\/\",\"name\":\"Fidealis\",\"description\":\"Fidealis: vous cr\u00e9ez, nous prot\u00e9geons.\",\"publisher\":{\"@id\":\"https:\/\/beta.fidealis.com\/#organization\"},\"potentialAction\":[{\"@type\":\"SearchAction\",\"target\":{\"@type\":\"EntryPoint\",\"urlTemplate\":\"https:\/\/beta.fidealis.com\/?s={search_term_string}\"},\"query-input\":\"required name=search_term_string\"}],\"inLanguage\":\"es\"},{\"@type\":\"Organization\",\"@id\":\"https:\/\/beta.fidealis.com\/#organization\",\"name\":\"Fidealis\",\"url\":\"https:\/\/beta.fidealis.com\/\",\"logo\":{\"@type\":\"ImageObject\",\"inLanguage\":\"es\",\"@id\":\"https:\/\/beta.fidealis.com\/#\/schema\/logo\/image\/\",\"url\":\"https:\/\/www.fidealis.com\/wp-content\/uploads\/2018\/04\/logo-fidealis.png\",\"contentUrl\":\"https:\/\/www.fidealis.com\/wp-content\/uploads\/2018\/04\/logo-fidealis.png\",\"width\":525,\"height\":205,\"caption\":\"Fidealis\"},\"image\":{\"@id\":\"https:\/\/beta.fidealis.com\/#\/schema\/logo\/image\/\"},\"sameAs\":[\"https:\/\/www.facebook.com\/Fidealis-573887362622849\/\"]}]}<\/script>\n<!-- \/ Yoast SEO plugin. -->","yoast_head_json":{"title":"Propiedad intelectual: c\u00f3mo evitar la falsificaci\u00f3n","description":"La falsificaci\u00f3n representa del 5 al 10% del comercio mundial. Amenaza tanto al creador al violar su monopolio operativo, como al consumidor al crear confusi\u00f3n. Descubre c\u00f3mo luchar contra la falsificaci\u00f3n.","robots":{"index":"noindex","follow":"follow","max-snippet":"max-snippet:-1","max-image-preview":"max-image-preview:large","max-video-preview":"max-video-preview:-1"},"og_locale":"es_ES","og_type":"article","og_title":"Propiedad intelectual: c\u00f3mo evitar la falsificaci\u00f3n","og_description":"La falsificaci\u00f3n representa del 5 al 10% del comercio mundial. Amenaza tanto al creador al violar su monopolio operativo, como al consumidor al crear confusi\u00f3n. Descubre c\u00f3mo luchar contra la falsificaci\u00f3n.","og_url":"https:\/\/beta.fidealis.com\/es\/propiedad-intelectual\/evitar-la-falsificacion\/","og_site_name":"Fidealis","article_publisher":"https:\/\/www.facebook.com\/Fidealis-573887362622849\/","article_modified_time":"2020-04-13T14:53:18+00:00","twitter_card":"summary_large_image","schema":{"@context":"https:\/\/schema.org","@graph":[{"@type":"WebPage","@id":"https:\/\/beta.fidealis.com\/es\/propiedad-intelectual\/evitar-la-falsificacion\/","url":"https:\/\/beta.fidealis.com\/es\/propiedad-intelectual\/evitar-la-falsificacion\/","name":"Propiedad intelectual: c\u00f3mo evitar la falsificaci\u00f3n","isPartOf":{"@id":"https:\/\/beta.fidealis.com\/#website"},"datePublished":"2018-06-11T22:00:00+00:00","dateModified":"2020-04-13T14:53:18+00:00","description":"La falsificaci\u00f3n representa del 5 al 10% del comercio mundial. Amenaza tanto al creador al violar su monopolio operativo, como al consumidor al crear confusi\u00f3n. Descubre c\u00f3mo luchar contra la falsificaci\u00f3n.","breadcrumb":{"@id":"https:\/\/beta.fidealis.com\/es\/propiedad-intelectual\/evitar-la-falsificacion\/#breadcrumb"},"inLanguage":"es","potentialAction":[{"@type":"ReadAction","target":["https:\/\/beta.fidealis.com\/es\/propiedad-intelectual\/evitar-la-falsificacion\/"]}]},{"@type":"BreadcrumbList","@id":"https:\/\/beta.fidealis.com\/es\/propiedad-intelectual\/evitar-la-falsificacion\/#breadcrumb","itemListElement":[{"@type":"ListItem","position":1,"name":"Accueil","item":"https:\/\/beta.fidealis.com\/es\/"},{"@type":"ListItem","position":2,"name":"Propiedad intelectual","item":"https:\/\/beta.fidealis.com\/es\/propiedad-intelectual\/"},{"@type":"ListItem","position":3,"name":"\u00bfC\u00f3mo evitar la falsificaci\u00f3n?"}]},{"@type":"WebSite","@id":"https:\/\/beta.fidealis.com\/#website","url":"https:\/\/beta.fidealis.com\/","name":"Fidealis","description":"Fidealis: vous cr\u00e9ez, nous prot\u00e9geons.","publisher":{"@id":"https:\/\/beta.fidealis.com\/#organization"},"potentialAction":[{"@type":"SearchAction","target":{"@type":"EntryPoint","urlTemplate":"https:\/\/beta.fidealis.com\/?s={search_term_string}"},"query-input":"required name=search_term_string"}],"inLanguage":"es"},{"@type":"Organization","@id":"https:\/\/beta.fidealis.com\/#organization","name":"Fidealis","url":"https:\/\/beta.fidealis.com\/","logo":{"@type":"ImageObject","inLanguage":"es","@id":"https:\/\/beta.fidealis.com\/#\/schema\/logo\/image\/","url":"https:\/\/www.fidealis.com\/wp-content\/uploads\/2018\/04\/logo-fidealis.png","contentUrl":"https:\/\/www.fidealis.com\/wp-content\/uploads\/2018\/04\/logo-fidealis.png","width":525,"height":205,"caption":"Fidealis"},"image":{"@id":"https:\/\/beta.fidealis.com\/#\/schema\/logo\/image\/"},"sameAs":["https:\/\/www.facebook.com\/Fidealis-573887362622849\/"]}]}},"_links":{"self":[{"href":"https:\/\/beta.fidealis.com\/es\/wp-json\/wp\/v2\/pages\/15480"}],"collection":[{"href":"https:\/\/beta.fidealis.com\/es\/wp-json\/wp\/v2\/pages"}],"about":[{"href":"https:\/\/beta.fidealis.com\/es\/wp-json\/wp\/v2\/types\/page"}],"author":[{"embeddable":true,"href":"https:\/\/beta.fidealis.com\/es\/wp-json\/wp\/v2\/users\/1"}],"replies":[{"embeddable":true,"href":"https:\/\/beta.fidealis.com\/es\/wp-json\/wp\/v2\/comments?post=15480"}],"version-history":[{"count":2,"href":"https:\/\/beta.fidealis.com\/es\/wp-json\/wp\/v2\/pages\/15480\/revisions"}],"predecessor-version":[{"id":15978,"href":"https:\/\/beta.fidealis.com\/es\/wp-json\/wp\/v2\/pages\/15480\/revisions\/15978"}],"up":[{"embeddable":true,"href":"https:\/\/beta.fidealis.com\/es\/wp-json\/wp\/v2\/pages\/15485"}],"wp:attachment":[{"href":"https:\/\/beta.fidealis.com\/es\/wp-json\/wp\/v2\/media?parent=15480"}],"curies":[{"name":"wp","href":"https:\/\/api.w.org\/{rel}","templated":true}]}}