{"id":15481,"date":"2018-06-12T00:00:00","date_gmt":"2018-06-11T22:00:00","guid":{"rendered":"https:\/\/www.fidealis.com\/propriete-intellectuelle\/le-copyright"},"modified":"2020-04-13T16:57:45","modified_gmt":"2020-04-13T14:57:45","slug":"copyright-en-francia","status":"publish","type":"page","link":"https:\/\/beta.fidealis.com\/es\/propiedad-intelectual\/copyright-en-francia\/","title":{"rendered":"Copyright en Francia y en todo el mundo"},"content":{"rendered":"<section class=\"cover imagebg text-center height-60 section--ken-burns\" data-overlay=\"4\">\n        <div class=\"background-image-holder\"><img alt=\"\" src=\"https:\/\/beta.fidealis.com\/wp-content\/uploads\/2018\/07\/le-copyright-dans-le-monde.jpg\"><\/div>\n        <div class=\"container pos-vertical-center\">\n            <div class=\"row\">\n                <div class=\"col-sm-8 col-md-9\">\n                    \n                        <h1>El copyright en Francia y en el resto del mundo<\/h1>\n                    \n                <\/div>\n            <\/div>\n            <!--end of row-->\n        <\/div>\n        <!--end of container-->\n    <\/section>\n    <section class=\"bg--secondary space--xxs\">\n        <div class=\"container\">\n            <div class=\"row\">\n                <div class=\"cta cta--horizontal text-center-xs\">\n                    <div class=\"col-sm-4\">\n                        <h4>Su dep\u00f3sito a partir de 95\u20ac<\/h4>\n                    <\/div>\n                    <div class=\"col-sm-5\">\n                        <p class=\"lead\">La mejor soluci\u00f3n en l\u00ednea para su protecci\u00f3n<\/p>\n                    <\/div>\n                    <div class=\"col-sm-3 text-right text-center-xs\">\n                        <a title=\"\" class=\"btn btn--primary type--uppercase\" href=\"https:\/\/beta.fidealis.com\/es\/qui-sommes-nous\/contactez-nous\/\" target=\"\" rel=\"\"> <span class=\"btn__text\">SOLICITUD de contactO<\/span> <\/a>\n                    <\/div>\n                <\/div>\n            <\/div>\n            <!--end of row-->\n        <\/div>\n        <!--end of container-->\n    <\/section>\n    <section class=\"switchable feature-large  space--xxs text-justify\">\n        <div class=\"container\">\n            <div class=\"row\">\n                <div class=\"col-sm-6 col-md-5\">\n                    <div class=\"switchable__text\">\n                        <p class=\"lead\"><span style=\"font-weight: 400;\">El Convenio de Berna para la Protecci\u00f3n de las Obras Literarias y Art\u00edsticas, que cuenta con 176 pa\u00edses signatarios, incluida Francia, establece el principio seg\u00fan el cual una creaci\u00f3n intelectual est\u00e1 protegida por el mero hecho de su existencia.<\/span><\/p>\n                        <p class=\"lead\">Sin embargo, en caso de disputa, es esencial poder demostrar que uno es el titular de los derechos sobre el trabajo.<\/p>\n                        <p class=\"lead\">Una de las formas de establecer esta prueba es el Copyright.<\/p>\n                        <p class=\"lead\">Con Fidealis, puede generar evidencia respaldada por los tribunales de todo el mundo.<\/p>\n                    <\/div>\n                <\/div>\n                <div class=\"col-sm-6\">\n                    <div class=\"boxed boxed--lg boxed--border\">\n                        <div class=\"feature feature-2\"> <i class=\"icon color--primary icon-Libra-2\"><\/i>\n                            <div class=\"feature__body\">\n                                <h5>Pruebas reconocidas de los tribunales<\/h5>\n                                <p>Reconocimiento por tribunales de todo el mundo<\/p>\n                            <\/div>\n                        <\/div>\n                        <!--end feature-->\n                        <div class=\"feature feature-2\"> <i class=\"icon color--primary icon-Security-Check\"><\/i>\n                            <div class=\"feature__body\">\n                                <h5>Certificados de agente judicial v\u00e1lidos de por vida<\/h5>\n                                <p>Construya pruebas v\u00e1lidas para toda la vida.<\/p>\n                            <\/div>\n                        <\/div>\n                        <div class=\"feature feature-2\"> <i class=\"icon color--primary icon-Font-Window\"><\/i>\n                            <div class=\"feature__body\">\n                                <h5>Sus dep\u00f3sitos son v\u00e1lidos en 11 idiomas.<\/h5>\n                                <p style=\"text-align: left;\">Dispone de sus dep\u00f3sitos en franc\u00e9s, ingl\u00e9s, italiano, chino, alem\u00e1n, portugu\u00e9s, \u00e1rabe, espa\u00f1ol, coreano, japon\u00e9s y ruso.<\/p>\n                            <\/div>\n                        <\/div>\n                        <!--end feature-->\n                        <div class=\"feature feature-2\"> <i class=\"icon color--primary icon-Windows-2\"><\/i>\n                            <div class=\"feature__body\">\n                                <h5>Su evidencia disponible 24\/7<\/h5>\n                                <p>Recibo de dep\u00f3sito disponible en l\u00ednea 24\/7.<\/p>\n                            <\/div>\n                        <\/div>\n                        <!--end feature-->\n                    <\/div>\n                <\/div>\n            <\/div>\n            <!--end of row-->\n        <\/div>\n        <!--end of container-->\n    <\/section>\n    <section class=\"bg--secondary text-center space--xxs\">\n        <div class=\"container\">\n            <div class=\"row\">\n                <div class=\"col-sm-12\">\n                    <h2 class=\"addtoppad\">\u00bfC\u00f3mo funciona?<\/h2>\n                <\/div>\n            <\/div>\n            <!--end of row-->\n        <\/div>\n        <!--end of container-->\n    <\/section>\n    <section class=\"bg--secondary space--xs\">\n        <div class=\"container\">\n            <div class=\"row\">\n                <div class=\"col-sm-4\">\n                    <div class=\"feature feature-2 boxed boxed--border\"> <i class=\"icon color--primary icon-Checked-User\"><\/i>\n                        <div class=\"feature__body\">\n                            <p style=\"text-align: center;\"><span class=\"h1 h1--medium\" style=\"color: #d93d3d;\">1.<\/span><\/p>\n                            <h4 style=\"text-align: center;\">Se inscribe<\/h4>\n                            <p style=\"text-align: center;\">Se inscribe gratuitamente&nbsp;<br>Ning\u00fan pago requerido&nbsp;<\/p>\n                        <\/div>\n                    <\/div>\n                    <!--end feature-->\n                <\/div>\n                <div class=\"col-sm-4\">\n                    <div class=\"feature feature-2 boxed boxed--border\"> <i class=\"icon color--primary icon-Security-Settings\"><\/i>\n                        <div class=\"feature__body\">\n                            <p style=\"text-align: center;\"><span class=\"h1 h1--medium\" style=\"color: #d93d3d;\">2.<\/span><\/p>\n                            <h4 style=\"text-align: center;\">Le guiamos<\/h4>\n                            <p style=\"text-align: center;\">Elija una oferta adaptada a sus necesidades con un consultor.<\/p>\n                        <\/div>\n                    <\/div>\n                    <!--end feature-->\n                <\/div>\n                <div class=\"col-sm-4\">\n                    <div class=\"feature feature-2 boxed boxed--border\"> <i class=\"icon color--primary icon-Security-Check\"><\/i>\n                        <div class=\"feature__body\">\n                            <p style=\"text-align: center;\"><span class=\"h1 h1--medium\" style=\"color: #d93d3d;\">3.<\/span><\/p>\n                            <h4 style=\"text-align: center;\">Le protegemos<\/h4>\n                            <p style=\"text-align: center;\">Descargue sus creaciones en l\u00ednea. <br>\u00a1Est\u00e1 protegido!<\/p>\n                        <\/div>\n                    <\/div>\n                    <!--end feature-->\n                <\/div>\n            <\/div>\n            <!--end of row-->\n        <\/div>\n        <!--end of container-->\n    <\/section>\n    <section class=\"text-center  bg--secondary space--xxs\">\n        <div class=\"container\">\n            <div class=\"row\">\n                <div class=\"col-sm-8 col-md-6\">\n                    <div class=\"cta\"> <a title=\"\" class=\"btn type--uppercase inner-link btn--primary\" href=\"https:\/\/beta.fidealis.com\/es\/inscription\" target=\"_blank\" rel=\"noopener\"><span class=\"btn__text\">INSCRIBIRSE AHORA<\/span>                    <\/a>\n                        \n                            <p class=\"type--fine-print\" style=\"margin-top: 0.03em; margin-bottom: 1.2em;\">No se requiere tarjeta de cr\u00e9dito<\/p>\n                        \n                    <\/div>\n                <\/div>\n            <\/div>\n            <!--end of row-->\n        <\/div>\n        <!--end of container-->\n    <\/section>\n    <section class=\"text-justify space--xxs\">\n        <div class=\"container\">\n            <div class=\"row\">\n                <div class=\"col-sm-6\">\n                    <div class=\"col-left-custom\">\n                        <h2 style=\"text-align: left;\">Definici\u00f3n de copyright<\/h2>\n                        <p class=\"lead\"><span style=\"font-weight: 400;\">Copyright significa el<strong> monopolio operativo<\/strong> disponible para una persona f\u00edsica o jur\u00eddica en una obra. Los derechos de autor se indican con mayor frecuencia con este <a href=\"https:\/\/beta.fidealis.com\/es\/propriete-intellectuelle\/le-copyright\/symbole-image-copyright\">s\u00edmbolo<\/a> \u00a9. Este logotipo de copyright tambi\u00e9n puede ir acompa\u00f1ado de informaci\u00f3n adicional, como <em>Todos los derechos reservados<\/em> donde se proh\u00edbe la reproducci\u00f3n. Estas menciones permiten al autor informar a terceros que se ha realizado un dep\u00f3sito y que su trabajo est\u00e1 protegido por un copyright.<\/span><\/p>\n                        <p class=\"lead\">Aunque el Convenio de Berna ha armonizado la protecci\u00f3n de las obras literarias y art\u00edsticas entre sus estados miembros, se pueden distinguir los derechos de autor.&nbsp;<\/p>\n                        <p class=\"lead\"><span style=\"font-weight: 400;\">El copyright, como su nombre lo indica, se aplica principalmente en los pa\u00edses anglosajones conocidos como Common Law, pero su uso en Francia tiene m\u00faltiples intereses en el campo de la <a href=\"https:\/\/beta.fidealis.com\/es\/propriete-intellectuelle\/propriete-litteraire-et-artistique\/\">propiedad literaria y art\u00edstica<\/a> en cuanto a la <a href=\"https:\/\/beta.fidealis.com\/es\/propriete-intellectuelle\/propriete-industrielle\/\">propiedad industrial<\/a> (dise\u00f1os, modelos, marcas , patente). El derecho de autor se aplica en los pa\u00edses de derecho civil, principalmente en Francia.<\/span><\/p>\n                        <p class=\"lead\"><span style=\"font-weight: 400;\">La diferencia no reside tanto en la protecci\u00f3n como en la filosof\u00eda de estas dos herramientas legales. <strong>El derecho de autor protege la inversi\u00f3n econ\u00f3mica del autor<\/strong> m\u00e1s que su apego a la obra, es decir, su derecho moral. Es por eso que tiene que<a href=\"https:\/\/beta.fidealis.com\/es\/propriete-intellectuelle\/le-copyright\/pourquoi-deposer\/\"> depositar un copyright.<\/a><\/span><\/p>\n                    <\/div>\n                <\/div>\n                <div class=\"col-sm-6\">\n                    <div class=\"col-right-custom\">\n                        <h2 style=\"text-align: left;\">\u00bfC\u00f3mo depositar un copyright?<\/h2>\n                        <p class=\"lead\"><span style=\"font-weight: 400;\">Para depositar un derecho de autor en una de sus obras, solo tiene que <strong>depositarlo en un sistema de registro certificado.<\/strong><\/span><\/p>\n                        <p class=\"lead\"><span style=\"font-weight: 400;\">En Fidealis, lo apoyamos desde 2001 en <strong>el dep\u00f3sito de Copyright<\/strong>. Inventor del <strong>dep\u00f3sito en tiempo real<\/strong>, desde el registro de su trabajo en nuestra plataforma, procedemos a su dep\u00f3sito con un agente judicial. Este dep\u00f3sito va acompa\u00f1ado de una <strong>marca de tiempo<\/strong> de sus documentos, as\u00ed como una firma electr\u00f3nica.<\/span><\/p>\n                        <h2 style=\"text-align: left;\">\u00bfC\u00f3mo de protege el copyright de Fidealis?&nbsp;<\/h2>\n                        <p class=\"lead\"><span style=\"font-weight: 400;\">Para que una obra est\u00e9 protegida en caso de litigio, <a href=\"https:\/\/beta.fidealis.com\/es\/propriete-intellectuelle\/le-droit-d-auteur\/\">el derecho de autor a menudo no es suficiente<\/a>, debe ser capaz de demostrar su paternidad, pero tambi\u00e9n la prioridad de sus derechos en la creaci\u00f3n de litigios.<\/span><\/p>\n                        <p class=\"lead\"><span style=\"font-weight: 400;\">El dep\u00f3sito que ha realizado con nuestros servicios le proporciona una <strong>prueba irrefutable de la anterioridad<\/strong> en caso de disputa a trav\u00e9s de la marca de tiempo. Durante el dep\u00f3sito, recibir\u00e1 un <strong>certificado de agente judicial reconocido en el tribunal<\/strong>, v\u00e1lido de por vida en 176 pa\u00edses, y que lo protege contra cualquier desaf\u00edo a sus derechos sobre sus creaciones. A la pregunta \"<a href=\"https:\/\/beta.fidealis.com\/es\/propriete-intellectuelle\/le-copyright\/qui-doit-deposer\/\">Qui\u00e9n debe depositar un derecho de autor<\/a>\", podemos responder que est\u00e1 abierto a todos los creadores y a cualquier persona que tenga una idea, un concepto o una realizaci\u00f3n original.<\/span><\/p>\n                    <\/div>\n                <\/div>\n                <div class=\"col-sm-6\"> <\/div>\n            <\/div>\n            <!--end of row-->\n        <\/div>\n        <!--end of container-->\n    <\/section>\n    <section class=\"unpad--bottom switchable cta cta-3  bg--secondary text-center\">\n        <div class=\"container\">\n            <div class=\"row\">\n                <div class=\"col-sm-6 col-md-6\">\n                    <div class=\"switchable__text\">\n                        \n                            <h3 style=\"text-align: center;\"><span style=\"color: #db3b29;\">Fidealis, su protecci\u00f3n con total serenidad<\/span><\/h3>\n                            <p class=\"lead\" style=\"text-align: center;\">La soluci\u00f3n pionera en la protecci\u00f3n de dise\u00f1os y colecciones, que re\u00fane las tecnolog\u00edas de la firma electr\u00f3nica, la marca de tiempo y blockchain. Sus creaciones se certifican instant\u00e1neamente y se archivan en paralelo con el agente judicial.<\/p>\n                        \n                        <a title=\"\" class=\"btn type--uppercase inner-link btn--primary\" href=\"https:\/\/beta.fidealis.com\/es\/inscription\" target=\"_blank\" rel=\"noopener\"> <span class=\"btn__text\">INSCRIBIRSE GRATUITAMENTE<\/span><span class=\"label\">sIN tc<\/span> <\/a>\n                    <\/div>\n                <\/div>\n                <div class=\"col-sm-6 col-md-5\"> <img class=\"block\" alt=\"le copyright en France et le monde\" src=\"https:\/\/beta.fidealis.com\/wp-content\/uploads\/2018\/08\/le-copyright-en-France-et-le-monde.png\"> <\/div>\n            <\/div>\n            <!--end of row-->\n        <\/div>\n        <!--end of container-->\n    <\/section>","protected":false},"excerpt":{"rendered":"<p>El copyright en Francia y en el resto del mundo Su dep\u00f3sito a partir de 95\u20ac La mejor soluci\u00f3n en l\u00ednea para&#8230;<\/p>\n","protected":false},"author":1,"featured_media":0,"parent":15485,"menu_order":0,"comment_status":"closed","ping_status":"closed","template":"","meta":{"_joinchat":[]},"yoast_head":"<!-- This site is optimized with the Yoast SEO plugin v20.3 - https:\/\/yoast.com\/wordpress\/plugins\/seo\/ -->\n<title>Copyright en Francia y en todo el mundo<\/title>\n<meta name=\"description\" content=\"Los derechos de autor lo protegen y le permiten defenderse. En caso de litigio, es esencial poder demostrar que usted es el titular de los derechos de una obra.\" \/>\n<meta name=\"robots\" content=\"noindex, follow, max-snippet:-1, max-image-preview:large, max-video-preview:-1\" \/>\n<meta property=\"og:locale\" content=\"es_ES\" \/>\n<meta property=\"og:type\" content=\"article\" \/>\n<meta property=\"og:title\" content=\"Copyright en Francia y en todo el mundo\" \/>\n<meta property=\"og:description\" content=\"Los derechos de autor lo protegen y le permiten defenderse. En caso de litigio, es esencial poder demostrar que usted es el titular de los derechos de una obra.\" \/>\n<meta property=\"og:url\" content=\"https:\/\/beta.fidealis.com\/es\/propiedad-intelectual\/copyright-en-francia\/\" \/>\n<meta property=\"og:site_name\" content=\"Fidealis\" \/>\n<meta property=\"article:publisher\" content=\"https:\/\/www.facebook.com\/Fidealis-573887362622849\/\" \/>\n<meta property=\"article:modified_time\" content=\"2020-04-13T14:57:45+00:00\" \/>\n<meta name=\"twitter:card\" content=\"summary_large_image\" \/>\n<script type=\"application\/ld+json\" class=\"yoast-schema-graph\">{\"@context\":\"https:\/\/schema.org\",\"@graph\":[{\"@type\":\"WebPage\",\"@id\":\"https:\/\/beta.fidealis.com\/es\/propiedad-intelectual\/copyright-en-francia\/\",\"url\":\"https:\/\/beta.fidealis.com\/es\/propiedad-intelectual\/copyright-en-francia\/\",\"name\":\"Copyright en Francia y en todo el mundo\",\"isPartOf\":{\"@id\":\"https:\/\/beta.fidealis.com\/#website\"},\"datePublished\":\"2018-06-11T22:00:00+00:00\",\"dateModified\":\"2020-04-13T14:57:45+00:00\",\"description\":\"Los derechos de autor lo protegen y le permiten defenderse. En caso de litigio, es esencial poder demostrar que usted es el titular de los derechos de una obra.\",\"breadcrumb\":{\"@id\":\"https:\/\/beta.fidealis.com\/es\/propiedad-intelectual\/copyright-en-francia\/#breadcrumb\"},\"inLanguage\":\"es\",\"potentialAction\":[{\"@type\":\"ReadAction\",\"target\":[\"https:\/\/beta.fidealis.com\/es\/propiedad-intelectual\/copyright-en-francia\/\"]}]},{\"@type\":\"BreadcrumbList\",\"@id\":\"https:\/\/beta.fidealis.com\/es\/propiedad-intelectual\/copyright-en-francia\/#breadcrumb\",\"itemListElement\":[{\"@type\":\"ListItem\",\"position\":1,\"name\":\"Accueil\",\"item\":\"https:\/\/beta.fidealis.com\/es\/\"},{\"@type\":\"ListItem\",\"position\":2,\"name\":\"Propiedad intelectual\",\"item\":\"https:\/\/beta.fidealis.com\/es\/propiedad-intelectual\/\"},{\"@type\":\"ListItem\",\"position\":3,\"name\":\"Copyright en Francia y en todo el mundo\"}]},{\"@type\":\"WebSite\",\"@id\":\"https:\/\/beta.fidealis.com\/#website\",\"url\":\"https:\/\/beta.fidealis.com\/\",\"name\":\"Fidealis\",\"description\":\"Fidealis: vous cr\u00e9ez, nous prot\u00e9geons.\",\"publisher\":{\"@id\":\"https:\/\/beta.fidealis.com\/#organization\"},\"potentialAction\":[{\"@type\":\"SearchAction\",\"target\":{\"@type\":\"EntryPoint\",\"urlTemplate\":\"https:\/\/beta.fidealis.com\/?s={search_term_string}\"},\"query-input\":\"required name=search_term_string\"}],\"inLanguage\":\"es\"},{\"@type\":\"Organization\",\"@id\":\"https:\/\/beta.fidealis.com\/#organization\",\"name\":\"Fidealis\",\"url\":\"https:\/\/beta.fidealis.com\/\",\"logo\":{\"@type\":\"ImageObject\",\"inLanguage\":\"es\",\"@id\":\"https:\/\/beta.fidealis.com\/#\/schema\/logo\/image\/\",\"url\":\"https:\/\/www.fidealis.com\/wp-content\/uploads\/2018\/04\/logo-fidealis.png\",\"contentUrl\":\"https:\/\/www.fidealis.com\/wp-content\/uploads\/2018\/04\/logo-fidealis.png\",\"width\":525,\"height\":205,\"caption\":\"Fidealis\"},\"image\":{\"@id\":\"https:\/\/beta.fidealis.com\/#\/schema\/logo\/image\/\"},\"sameAs\":[\"https:\/\/www.facebook.com\/Fidealis-573887362622849\/\"]}]}<\/script>\n<!-- \/ Yoast SEO plugin. -->","yoast_head_json":{"title":"Copyright en Francia y en todo el mundo","description":"Los derechos de autor lo protegen y le permiten defenderse. En caso de litigio, es esencial poder demostrar que usted es el titular de los derechos de una obra.","robots":{"index":"noindex","follow":"follow","max-snippet":"max-snippet:-1","max-image-preview":"max-image-preview:large","max-video-preview":"max-video-preview:-1"},"og_locale":"es_ES","og_type":"article","og_title":"Copyright en Francia y en todo el mundo","og_description":"Los derechos de autor lo protegen y le permiten defenderse. En caso de litigio, es esencial poder demostrar que usted es el titular de los derechos de una obra.","og_url":"https:\/\/beta.fidealis.com\/es\/propiedad-intelectual\/copyright-en-francia\/","og_site_name":"Fidealis","article_publisher":"https:\/\/www.facebook.com\/Fidealis-573887362622849\/","article_modified_time":"2020-04-13T14:57:45+00:00","twitter_card":"summary_large_image","schema":{"@context":"https:\/\/schema.org","@graph":[{"@type":"WebPage","@id":"https:\/\/beta.fidealis.com\/es\/propiedad-intelectual\/copyright-en-francia\/","url":"https:\/\/beta.fidealis.com\/es\/propiedad-intelectual\/copyright-en-francia\/","name":"Copyright en Francia y en todo el mundo","isPartOf":{"@id":"https:\/\/beta.fidealis.com\/#website"},"datePublished":"2018-06-11T22:00:00+00:00","dateModified":"2020-04-13T14:57:45+00:00","description":"Los derechos de autor lo protegen y le permiten defenderse. En caso de litigio, es esencial poder demostrar que usted es el titular de los derechos de una obra.","breadcrumb":{"@id":"https:\/\/beta.fidealis.com\/es\/propiedad-intelectual\/copyright-en-francia\/#breadcrumb"},"inLanguage":"es","potentialAction":[{"@type":"ReadAction","target":["https:\/\/beta.fidealis.com\/es\/propiedad-intelectual\/copyright-en-francia\/"]}]},{"@type":"BreadcrumbList","@id":"https:\/\/beta.fidealis.com\/es\/propiedad-intelectual\/copyright-en-francia\/#breadcrumb","itemListElement":[{"@type":"ListItem","position":1,"name":"Accueil","item":"https:\/\/beta.fidealis.com\/es\/"},{"@type":"ListItem","position":2,"name":"Propiedad intelectual","item":"https:\/\/beta.fidealis.com\/es\/propiedad-intelectual\/"},{"@type":"ListItem","position":3,"name":"Copyright en Francia y en todo el mundo"}]},{"@type":"WebSite","@id":"https:\/\/beta.fidealis.com\/#website","url":"https:\/\/beta.fidealis.com\/","name":"Fidealis","description":"Fidealis: vous cr\u00e9ez, nous prot\u00e9geons.","publisher":{"@id":"https:\/\/beta.fidealis.com\/#organization"},"potentialAction":[{"@type":"SearchAction","target":{"@type":"EntryPoint","urlTemplate":"https:\/\/beta.fidealis.com\/?s={search_term_string}"},"query-input":"required name=search_term_string"}],"inLanguage":"es"},{"@type":"Organization","@id":"https:\/\/beta.fidealis.com\/#organization","name":"Fidealis","url":"https:\/\/beta.fidealis.com\/","logo":{"@type":"ImageObject","inLanguage":"es","@id":"https:\/\/beta.fidealis.com\/#\/schema\/logo\/image\/","url":"https:\/\/www.fidealis.com\/wp-content\/uploads\/2018\/04\/logo-fidealis.png","contentUrl":"https:\/\/www.fidealis.com\/wp-content\/uploads\/2018\/04\/logo-fidealis.png","width":525,"height":205,"caption":"Fidealis"},"image":{"@id":"https:\/\/beta.fidealis.com\/#\/schema\/logo\/image\/"},"sameAs":["https:\/\/www.facebook.com\/Fidealis-573887362622849\/"]}]}},"_links":{"self":[{"href":"https:\/\/beta.fidealis.com\/es\/wp-json\/wp\/v2\/pages\/15481"}],"collection":[{"href":"https:\/\/beta.fidealis.com\/es\/wp-json\/wp\/v2\/pages"}],"about":[{"href":"https:\/\/beta.fidealis.com\/es\/wp-json\/wp\/v2\/types\/page"}],"author":[{"embeddable":true,"href":"https:\/\/beta.fidealis.com\/es\/wp-json\/wp\/v2\/users\/1"}],"replies":[{"embeddable":true,"href":"https:\/\/beta.fidealis.com\/es\/wp-json\/wp\/v2\/comments?post=15481"}],"version-history":[{"count":2,"href":"https:\/\/beta.fidealis.com\/es\/wp-json\/wp\/v2\/pages\/15481\/revisions"}],"predecessor-version":[{"id":15982,"href":"https:\/\/beta.fidealis.com\/es\/wp-json\/wp\/v2\/pages\/15481\/revisions\/15982"}],"up":[{"embeddable":true,"href":"https:\/\/beta.fidealis.com\/es\/wp-json\/wp\/v2\/pages\/15485"}],"wp:attachment":[{"href":"https:\/\/beta.fidealis.com\/es\/wp-json\/wp\/v2\/media?parent=15481"}],"curies":[{"name":"wp","href":"https:\/\/api.w.org\/{rel}","templated":true}]}}