{"id":15482,"date":"2018-06-12T00:00:00","date_gmt":"2018-06-11T22:00:00","guid":{"rendered":"https:\/\/www.fidealis.com\/propriete-intellectuelle\/propriete-industrielle\/proteger-nom-entreprise"},"modified":"2020-04-13T17:29:30","modified_gmt":"2020-04-13T15:29:30","slug":"proteja-el-nombre","status":"publish","type":"page","link":"https:\/\/beta.fidealis.com\/es\/propiedad-intelectual\/propiedad-industrial\/proteja-el-nombre\/","title":{"rendered":"Proteja el nombre de su empresa: nombre corporativo, nombre comercial y marca"},"content":{"rendered":"<section class=\"cover imagebg text-center height-60 section--ken-burns\" data-overlay=\"4\">\n        <div class=\"background-image-holder\"><img alt=\"\" src=\"https:\/\/beta.fidealis.com\/wp-content\/uploads\/2018\/06\/prot\u00e9ger-id\u00e9e-sur-internet.jpg\"><\/div>\n        <div class=\"container pos-vertical-center\">\n            <div class=\"row\">\n                <div class=\"col-sm-8 col-md-9\">\n                    \n                        <h1>Proteja el nombre de su empresa: el nombre comercial y su signo<\/h1>\n                    \n                <\/div>\n            <\/div>\n            <!--end of row-->\n        <\/div>\n        <!--end of container-->\n    <\/section>\n    <section class=\"bg--secondary space--xxs\">\n        <div class=\"container\">\n            <div class=\"row\">\n                <div class=\"cta cta--horizontal text-center-xs\">\n                    <div class=\"col-sm-4\">\n                        <h4>Su dep\u00f3sito a partir de 95\u20ac<\/h4>\n                    <\/div>\n                    <div class=\"col-sm-5\">\n                        <p class=\"lead\"> Soluci\u00f3n en l\u00ednea para proteger sus ideas&nbsp;<\/p>\n                    <\/div>\n                    <div class=\"col-sm-3 text-right text-center-xs\">\n                        <a title=\"\" class=\"btn btn--primary type--uppercase\" href=\"https:\/\/beta.fidealis.com\/es\/qui-sommes-nous\/contactez-nous\/\" target=\"\" rel=\"\"> <span class=\"btn__text\">SOLICITUD de contactO<\/span> <\/a>\n                    <\/div>\n                <\/div>\n            <\/div>\n            <!--end of row-->\n        <\/div>\n        <!--end of container-->\n    <\/section>\n    <section class=\"switchable feature-large  space--xxs text-justify\">\n        <div class=\"container\">\n            <div class=\"row\">\n                <div class=\"col-sm-6 col-md-5\">\n                    <div class=\"switchable__text\">\n                        <p class=\"lead\"><span style=\"font-weight: 400;\">En el contexto de <a href=\"https:\/\/beta.fidealis.com\/es\/propriete-intellectuelle\/propriete-industrielle\/\">la propiedad industrial<\/a>, una empresa puede tener varios nombres: un nombre corporativo, un nombre comercial y un signo comercial.<\/span><\/p>\n                        <p class=\"lead\">Estos nombres diferentes son signos distintivos que, a diferencia de la marca, no significan un producto o servicio, sino una actividad.<\/p>\n                        <p class=\"lead\">Despu\u00e9s de haber distinguido estas tres nociones, trataremos la elecci\u00f3n del nombre de su empresa, as\u00ed como su protecci\u00f3n.<\/p>\n                    <\/div>\n                <\/div>\n                <div class=\"col-sm-6\">\n                    <div class=\"boxed boxed--lg boxed--border\">\n                        <div class=\"feature feature-2\"> <i class=\"icon color--primary icon-Libra-2\"><\/i>\n                            <div class=\"feature__body\">\n                                <h5>Pruebas reconocidas de los tribunales.<\/h5>\n                                <p>Reconocimiento por tribunales de todo el mundo.<\/p>\n                            <\/div>\n                        <\/div>\n                        <!--end feature-->\n                        <div class=\"feature feature-2\"> <i class=\"icon color--primary icon-Security-Check\"><\/i>\n                            <div class=\"feature__body\">\n                                <h5>Certificados de agente judicial v\u00e1lidos de por vida<\/h5>\n                                <p>Construya pruebas v\u00e1lidas para toda la vida.<\/p>\n                            <\/div>\n                        <\/div>\n                        <div class=\"feature feature-2\"> <i class=\"icon color--primary icon-Font-Window\"><\/i>\n                            <div class=\"feature__body\">\n                                <h5>Sus dep\u00f3sitos son v\u00e1lidos en 11 idiomas.<\/h5>\n                                <p style=\"text-align: left;\">Dispone de sus dep\u00f3sitos en franc\u00e9s, ingl\u00e9s, italiano, chino, alem\u00e1n, portugu\u00e9s, \u00e1rabe, espa\u00f1ol, coreano, japon\u00e9s y ruso.<\/p>\n                            <\/div>\n                        <\/div>\n                        <!--end feature-->\n                        <div class=\"feature feature-2\"> <i class=\"icon color--primary icon-Windows-2\"><\/i>\n                            <div class=\"feature__body\">\n                                <h5>Su evidencia disponible 24\/7<\/h5>\n                                <p>Recibo de dep\u00f3sito disponible en l\u00ednea 24\/7.<\/p>\n                            <\/div>\n                        <\/div>\n                        <!--end feature-->\n                    <\/div>\n                <\/div>\n            <\/div>\n            <!--end of row-->\n        <\/div>\n        <!--end of container-->\n    <\/section>\n    <section class=\"bg--secondary text-center space--xxs\">\n        <div class=\"container\">\n            <div class=\"row\">\n                <div class=\"col-sm-12\">\n                    <h2 class=\"addtoppad\">\u00bfC\u00f3mo puede Fidealis ayudarme a proteger mi nombre de empresa?<\/h2>\n                <\/div>\n            <\/div>\n            <!--end of row-->\n        <\/div>\n        <!--end of container-->\n    <\/section>\n    <section class=\"bg--secondary space--xs\">\n        <div class=\"container\">\n            <div class=\"row\">\n                <div class=\"col-sm-4\">\n                    <div class=\"feature feature-2 boxed boxed--border\"> <i class=\"icon color--primary icon-Checked-User\"><\/i>\n                        <div class=\"feature__body\">\n                            <p style=\"text-align: center;\"><span class=\"h1 h1--medium\" style=\"color: #d93d3d;\">1.<\/span><\/p>\n                            <h4 style=\"text-align: center;\">Se inscribe<\/h4>\n                            <p style=\"text-align: center;\">Se inscribe gratuitamente&nbsp;<br>Ning\u00fan pago requerido&nbsp;<\/p>\n                        <\/div>\n                    <\/div>\n                    <!--end feature-->\n                <\/div>\n                <div class=\"col-sm-4\">\n                    <div class=\"feature feature-2 boxed boxed--border\"> <i class=\"icon color--primary icon-Security-Settings\"><\/i>\n                        <div class=\"feature__body\">\n                            <p style=\"text-align: center;\"><span class=\"h1 h1--medium\" style=\"color: #d93d3d;\">2.<\/span><\/p>\n                            <h4 style=\"text-align: center;\">Le guiamos<\/h4>\n                            <p style=\"text-align: center;\">Elija una oferta adaptada a sus necesidades con un consultor.<\/p>\n                        <\/div>\n                    <\/div>\n                    <!--end feature-->\n                <\/div>\n                <div class=\"col-sm-4\">\n                    <div class=\"feature feature-2 boxed boxed--border\"> <i class=\"icon color--primary icon-Security-Check\"><\/i>\n                        <div class=\"feature__body\">\n                            <p style=\"text-align: center;\"><span class=\"h1 h1--medium\" style=\"color: #d93d3d;\">3.<\/span><\/p>\n                            <h4 style=\"text-align: center;\">Le protegemos<\/h4>\n                            <p style=\"text-align: center;\">Descargue sus creaciones en l\u00ednea. <br>\u00a1Est\u00e1 protegido!<\/p>\n                        <\/div>\n                    <\/div>\n                    <!--end feature-->\n                <\/div>\n            <\/div>\n            <!--end of row-->\n        <\/div>\n        <!--end of container-->\n    <\/section>\n    <section class=\"text-center  bg--secondary space--xxs\">\n        <div class=\"container\">\n            <div class=\"row\">\n                <div class=\"col-sm-8 col-md-6\">\n                    <div class=\"cta\"> <a title=\"\" class=\"btn type--uppercase inner-link btn--primary\" href=\"https:\/\/beta.fidealis.com\/es\/inscription\" target=\"_blank\" rel=\"noopener\"><span class=\"btn__text\">INSCRIBIRSE AHORA<\/span>                    <\/a>\n                        \n                            <p class=\"type--fine-print\" style=\"margin-top: 0.03em; margin-bottom: 1.2em;\">No se requiere tarjeta de cr\u00e9dito<\/p>\n                        \n                    <\/div>\n                <\/div>\n            <\/div>\n            <!--end of row-->\n        <\/div>\n        <!--end of container-->\n    <\/section>\n    <section class=\"text-justify space--xs\">\n        <div class=\"container\">\n            <div class=\"row\">\n                <div class=\"col-sm-6\">\n                    <div class=\"col-left-custom\">\n                        <h2 style=\"text-align: left;\">Definici\u00f3n<\/h2>\n                        <p class=\"lead\"><span style=\"font-weight: 400;\"><strong>El nombre corporativo<\/strong> identifica a la compa\u00f1\u00eda como una corporaci\u00f3n. Este es el nombre que se usa en los estatutos. Se adquiere tan pronto como la empresa se registra en el RCS (Registro Nacional de Comercio y Empresas).<\/span><\/p>\n                        <p class=\"lead\"><strong>El nombre comercial<\/strong> es el nombre bajo el cual la actividad de su empresa ser\u00e1 conocida por el p\u00fablico y se encontrar\u00e1 en los diversos documentos comerciales. Puede ser el mismo que tu nombre. Se utiliza para registrar la empresa con el RCS.<\/p>\n                        <p class=\"lead\"><strong>El signo comercial<\/strong> se refiere tanto al punto de venta como al medio f\u00edsico que permite su identificaci\u00f3n por parte de los clientes. Se puede mencionar en el RCS.<\/p>\n                        <p class=\"lead\">Si el nombre comercial y el nombre corporativo son obligatorios y \u00fanicos, este no es el caso para el signo comercial.<\/p>\n                        <h2 style=\"text-align: left;\">\u00bfC\u00f3mo elegir el nombre de su empresa?<\/h2>\n                        <p class=\"lead\">El principio es la libertad de elegir el nombre de su empresa. Sin embargo, el nombre corporativo, el nombre comercial y el signo est\u00e1n <strong>protegidos por la ley de propiedad intelectual.<\/strong><\/p>\n                    <\/div>\n                <\/div>\n                <div class=\"col-sm-6\">\n                    <div class=\"col-right-custom\">\n                        <p class=\"lead\">Antes de registrar el nombre de su empresa, debe asegurarse de que el nombre que ha elegido est\u00e9 disponible haciendo una <strong>b\u00fasqueda de anterioridad<\/strong>. El nombre que ha elegido no debe duplicar ni imitar un nombre ya registrado para actividades que sean iguales o similares a las suyas.<\/p>\n                        <h2 style=\"text-align: left;\">La protecci\u00f3n del nombre de su empresa<\/h2>\n                        <p class=\"lead\">Cuando el nombre de su empresa est\u00e1 disponible, se convierte en el <strong>propietario de ese nombre<\/strong>. La protecci\u00f3n del nombre corporativo se adquiere al registrarse en el RCS. La protecci\u00f3n del nombre comercial y el signo comienza con su primer uso p\u00fablico.<\/p>\n                        <p class=\"lead\"><span style=\"font-weight: 400;\">Si un competidor usa el mismo nombre que usted, puede demandarlo por <strong>competencia desleal o parasitismo econ\u00f3mico<\/strong>. Luego deber\u00e1 demostrar el riesgo de confusi\u00f3n en la mente del cliente. Para esto, es necesario que su competidor act\u00fae en el mismo sector econ\u00f3mico que usted, as\u00ed como en la misma \u00e1rea geogr\u00e1fica con respecto al signo y el nombre comercial. Entonces ser\u00e1 \u00fatil probar la precedencia del uso de su signo comercial. Para esto, <a href=\"https:\/\/beta.fidealis.com\/es\/propriete-intellectuelle\/le-copyright\/\">un simple repositorio de Copyright en Fidealis<\/a> lo cubre.<\/span><\/p>\n                    <\/div>\n                <\/div>\n                <div class=\"col-sm-6\"> <\/div>\n            <\/div>\n            <!--end of row-->\n        <\/div>\n        <!--end of container-->\n    <\/section>\n    <section class=\"unpad--bottom switchable cta cta-3  bg--secondary text-center\">\n        <div class=\"container\">\n            <div class=\"row\">\n                <div class=\"col-sm-6 col-md-6\">\n                    <div class=\"switchable__text\">\n                        \n                            <h3 style=\"text-align: center;\"><span style=\"color: #db3b29;\">Fidealis, la protecci\u00f3n del nombre de su empresa<\/span><\/h3>\n                            <p class=\"lead\" style=\"text-align: center;\">La soluci\u00f3n pionera en la protecci\u00f3n de dise\u00f1os y colecciones, que re\u00fane las tecnolog\u00edas de la firma electr\u00f3nica, la marca de tiempo y blockchain. Sus creaciones se certifican instant\u00e1neamente y se archivan en paralelo con el agente judicial.<\/p>\n                        \n                        <a title=\"\" class=\"btn type--uppercase inner-link btn--primary\" href=\"https:\/\/beta.fidealis.com\/es\/inscription\" target=\"_blank\" rel=\"noopener\"> <span class=\"btn__text\">INSCRIBIRSE GRATUITAMENTE<\/span><span class=\"label\">sIN tc<\/span> <\/a>\n                    <\/div>\n                <\/div>\n                <div class=\"col-sm-6 col-md-5\"> <img class=\"block\" alt=\"propri\u00e9t\u00e9 intellectuelle le d\u00e9p\u00f4t de marque\" src=\"https:\/\/beta.fidealis.com\/wp-content\/uploads\/2018\/08\/le-depot-de-marque.png\"> <\/div>\n            <\/div>\n            <!--end of row-->\n        <\/div>\n        <!--end of container-->\n    <\/section>","protected":false},"excerpt":{"rendered":"<p>Proteja el nombre de su empresa: el nombre comercial y su signo Su dep\u00f3sito a partir de 95\u20ac Soluci\u00f3n en l\u00ednea para&#8230;<\/p>\n","protected":false},"author":1,"featured_media":0,"parent":15469,"menu_order":0,"comment_status":"closed","ping_status":"closed","template":"","meta":{"_joinchat":[]},"yoast_head":"<!-- This site is optimized with the Yoast SEO plugin v20.3 - https:\/\/yoast.com\/wordpress\/plugins\/seo\/ -->\n<title>Propiedad industrial: proteja el nombre de su empresa<\/title>\n<meta name=\"description\" content=\"Proteja el nombre de su empresa: nombre corporativo, nombre comercial y marca con las soluciones de archivo en l\u00ednea de Fidealis.\" \/>\n<meta name=\"robots\" content=\"noindex, follow, max-snippet:-1, max-image-preview:large, max-video-preview:-1\" \/>\n<meta property=\"og:locale\" content=\"es_ES\" \/>\n<meta property=\"og:type\" content=\"article\" \/>\n<meta property=\"og:title\" content=\"Propiedad industrial: proteja el nombre de su empresa\" \/>\n<meta property=\"og:description\" content=\"Proteja el nombre de su empresa: nombre corporativo, nombre comercial y marca con las soluciones de archivo en l\u00ednea de Fidealis.\" \/>\n<meta property=\"og:url\" content=\"https:\/\/beta.fidealis.com\/es\/propiedad-intelectual\/propiedad-industrial\/proteja-el-nombre\/\" \/>\n<meta property=\"og:site_name\" content=\"Fidealis\" \/>\n<meta property=\"article:publisher\" content=\"https:\/\/www.facebook.com\/Fidealis-573887362622849\/\" \/>\n<meta property=\"article:modified_time\" content=\"2020-04-13T15:29:30+00:00\" \/>\n<meta name=\"twitter:card\" content=\"summary_large_image\" \/>\n<script type=\"application\/ld+json\" class=\"yoast-schema-graph\">{\"@context\":\"https:\/\/schema.org\",\"@graph\":[{\"@type\":\"WebPage\",\"@id\":\"https:\/\/beta.fidealis.com\/es\/propiedad-intelectual\/propiedad-industrial\/proteja-el-nombre\/\",\"url\":\"https:\/\/beta.fidealis.com\/es\/propiedad-intelectual\/propiedad-industrial\/proteja-el-nombre\/\",\"name\":\"Propiedad industrial: proteja el nombre de su empresa\",\"isPartOf\":{\"@id\":\"https:\/\/beta.fidealis.com\/#website\"},\"datePublished\":\"2018-06-11T22:00:00+00:00\",\"dateModified\":\"2020-04-13T15:29:30+00:00\",\"description\":\"Proteja el nombre de su empresa: nombre corporativo, nombre comercial y marca con las soluciones de archivo en l\u00ednea de Fidealis.\",\"breadcrumb\":{\"@id\":\"https:\/\/beta.fidealis.com\/es\/propiedad-intelectual\/propiedad-industrial\/proteja-el-nombre\/#breadcrumb\"},\"inLanguage\":\"es\",\"potentialAction\":[{\"@type\":\"ReadAction\",\"target\":[\"https:\/\/beta.fidealis.com\/es\/propiedad-intelectual\/propiedad-industrial\/proteja-el-nombre\/\"]}]},{\"@type\":\"BreadcrumbList\",\"@id\":\"https:\/\/beta.fidealis.com\/es\/propiedad-intelectual\/propiedad-industrial\/proteja-el-nombre\/#breadcrumb\",\"itemListElement\":[{\"@type\":\"ListItem\",\"position\":1,\"name\":\"Accueil\",\"item\":\"https:\/\/beta.fidealis.com\/es\/\"},{\"@type\":\"ListItem\",\"position\":2,\"name\":\"Propiedad intelectual\",\"item\":\"https:\/\/beta.fidealis.com\/es\/propiedad-intelectual\/\"},{\"@type\":\"ListItem\",\"position\":3,\"name\":\"Ley de propiedad industrial\",\"item\":\"https:\/\/beta.fidealis.com\/es\/propiedad-intelectual\/propiedad-industrial\/\"},{\"@type\":\"ListItem\",\"position\":4,\"name\":\"Proteja el nombre de su empresa: nombre corporativo, nombre comercial y marca\"}]},{\"@type\":\"WebSite\",\"@id\":\"https:\/\/beta.fidealis.com\/#website\",\"url\":\"https:\/\/beta.fidealis.com\/\",\"name\":\"Fidealis\",\"description\":\"Fidealis: vous cr\u00e9ez, nous prot\u00e9geons.\",\"publisher\":{\"@id\":\"https:\/\/beta.fidealis.com\/#organization\"},\"potentialAction\":[{\"@type\":\"SearchAction\",\"target\":{\"@type\":\"EntryPoint\",\"urlTemplate\":\"https:\/\/beta.fidealis.com\/?s={search_term_string}\"},\"query-input\":\"required name=search_term_string\"}],\"inLanguage\":\"es\"},{\"@type\":\"Organization\",\"@id\":\"https:\/\/beta.fidealis.com\/#organization\",\"name\":\"Fidealis\",\"url\":\"https:\/\/beta.fidealis.com\/\",\"logo\":{\"@type\":\"ImageObject\",\"inLanguage\":\"es\",\"@id\":\"https:\/\/beta.fidealis.com\/#\/schema\/logo\/image\/\",\"url\":\"https:\/\/www.fidealis.com\/wp-content\/uploads\/2018\/04\/logo-fidealis.png\",\"contentUrl\":\"https:\/\/www.fidealis.com\/wp-content\/uploads\/2018\/04\/logo-fidealis.png\",\"width\":525,\"height\":205,\"caption\":\"Fidealis\"},\"image\":{\"@id\":\"https:\/\/beta.fidealis.com\/#\/schema\/logo\/image\/\"},\"sameAs\":[\"https:\/\/www.facebook.com\/Fidealis-573887362622849\/\"]}]}<\/script>\n<!-- \/ Yoast SEO plugin. -->","yoast_head_json":{"title":"Propiedad industrial: proteja el nombre de su empresa","description":"Proteja el nombre de su empresa: nombre corporativo, nombre comercial y marca con las soluciones de archivo en l\u00ednea de Fidealis.","robots":{"index":"noindex","follow":"follow","max-snippet":"max-snippet:-1","max-image-preview":"max-image-preview:large","max-video-preview":"max-video-preview:-1"},"og_locale":"es_ES","og_type":"article","og_title":"Propiedad industrial: proteja el nombre de su empresa","og_description":"Proteja el nombre de su empresa: nombre corporativo, nombre comercial y marca con las soluciones de archivo en l\u00ednea de Fidealis.","og_url":"https:\/\/beta.fidealis.com\/es\/propiedad-intelectual\/propiedad-industrial\/proteja-el-nombre\/","og_site_name":"Fidealis","article_publisher":"https:\/\/www.facebook.com\/Fidealis-573887362622849\/","article_modified_time":"2020-04-13T15:29:30+00:00","twitter_card":"summary_large_image","schema":{"@context":"https:\/\/schema.org","@graph":[{"@type":"WebPage","@id":"https:\/\/beta.fidealis.com\/es\/propiedad-intelectual\/propiedad-industrial\/proteja-el-nombre\/","url":"https:\/\/beta.fidealis.com\/es\/propiedad-intelectual\/propiedad-industrial\/proteja-el-nombre\/","name":"Propiedad industrial: proteja el nombre de su empresa","isPartOf":{"@id":"https:\/\/beta.fidealis.com\/#website"},"datePublished":"2018-06-11T22:00:00+00:00","dateModified":"2020-04-13T15:29:30+00:00","description":"Proteja el nombre de su empresa: nombre corporativo, nombre comercial y marca con las soluciones de archivo en l\u00ednea de Fidealis.","breadcrumb":{"@id":"https:\/\/beta.fidealis.com\/es\/propiedad-intelectual\/propiedad-industrial\/proteja-el-nombre\/#breadcrumb"},"inLanguage":"es","potentialAction":[{"@type":"ReadAction","target":["https:\/\/beta.fidealis.com\/es\/propiedad-intelectual\/propiedad-industrial\/proteja-el-nombre\/"]}]},{"@type":"BreadcrumbList","@id":"https:\/\/beta.fidealis.com\/es\/propiedad-intelectual\/propiedad-industrial\/proteja-el-nombre\/#breadcrumb","itemListElement":[{"@type":"ListItem","position":1,"name":"Accueil","item":"https:\/\/beta.fidealis.com\/es\/"},{"@type":"ListItem","position":2,"name":"Propiedad intelectual","item":"https:\/\/beta.fidealis.com\/es\/propiedad-intelectual\/"},{"@type":"ListItem","position":3,"name":"Ley de propiedad industrial","item":"https:\/\/beta.fidealis.com\/es\/propiedad-intelectual\/propiedad-industrial\/"},{"@type":"ListItem","position":4,"name":"Proteja el nombre de su empresa: nombre corporativo, nombre comercial y marca"}]},{"@type":"WebSite","@id":"https:\/\/beta.fidealis.com\/#website","url":"https:\/\/beta.fidealis.com\/","name":"Fidealis","description":"Fidealis: vous cr\u00e9ez, nous prot\u00e9geons.","publisher":{"@id":"https:\/\/beta.fidealis.com\/#organization"},"potentialAction":[{"@type":"SearchAction","target":{"@type":"EntryPoint","urlTemplate":"https:\/\/beta.fidealis.com\/?s={search_term_string}"},"query-input":"required name=search_term_string"}],"inLanguage":"es"},{"@type":"Organization","@id":"https:\/\/beta.fidealis.com\/#organization","name":"Fidealis","url":"https:\/\/beta.fidealis.com\/","logo":{"@type":"ImageObject","inLanguage":"es","@id":"https:\/\/beta.fidealis.com\/#\/schema\/logo\/image\/","url":"https:\/\/www.fidealis.com\/wp-content\/uploads\/2018\/04\/logo-fidealis.png","contentUrl":"https:\/\/www.fidealis.com\/wp-content\/uploads\/2018\/04\/logo-fidealis.png","width":525,"height":205,"caption":"Fidealis"},"image":{"@id":"https:\/\/beta.fidealis.com\/#\/schema\/logo\/image\/"},"sameAs":["https:\/\/www.facebook.com\/Fidealis-573887362622849\/"]}]}},"_links":{"self":[{"href":"https:\/\/beta.fidealis.com\/es\/wp-json\/wp\/v2\/pages\/15482"}],"collection":[{"href":"https:\/\/beta.fidealis.com\/es\/wp-json\/wp\/v2\/pages"}],"about":[{"href":"https:\/\/beta.fidealis.com\/es\/wp-json\/wp\/v2\/types\/page"}],"author":[{"embeddable":true,"href":"https:\/\/beta.fidealis.com\/es\/wp-json\/wp\/v2\/users\/1"}],"replies":[{"embeddable":true,"href":"https:\/\/beta.fidealis.com\/es\/wp-json\/wp\/v2\/comments?post=15482"}],"version-history":[{"count":2,"href":"https:\/\/beta.fidealis.com\/es\/wp-json\/wp\/v2\/pages\/15482\/revisions"}],"predecessor-version":[{"id":15992,"href":"https:\/\/beta.fidealis.com\/es\/wp-json\/wp\/v2\/pages\/15482\/revisions\/15992"}],"up":[{"embeddable":true,"href":"https:\/\/beta.fidealis.com\/es\/wp-json\/wp\/v2\/pages\/15469"}],"wp:attachment":[{"href":"https:\/\/beta.fidealis.com\/es\/wp-json\/wp\/v2\/media?parent=15482"}],"curies":[{"name":"wp","href":"https:\/\/api.w.org\/{rel}","templated":true}]}}