{"id":15483,"date":"2018-06-12T00:00:00","date_gmt":"2018-06-11T22:00:00","guid":{"rendered":"https:\/\/www.fidealis.com\/propriete-intellectuelle\/le-droit-d-auteur"},"modified":"2020-04-13T17:00:36","modified_gmt":"2020-04-13T15:00:36","slug":"derechos-de-autor","status":"publish","type":"page","link":"https:\/\/beta.fidealis.com\/es\/propiedad-intelectual\/derechos-de-autor\/","title":{"rendered":"Derechos de autor"},"content":{"rendered":"<section class=\"cover imagebg text-center height-60 section--ken-burns\" data-overlay=\"4\">\n        <div class=\"background-image-holder\"><img alt=\"\" src=\"https:\/\/beta.fidealis.com\/wp-content\/uploads\/2018\/06\/OCD8BX0.jpg\"><\/div>\n        <div class=\"container pos-vertical-center\">\n            <div class=\"row\">\n                <div class=\"col-sm-8 col-md-9\">\n                    \n                        <h1 style=\"text-align: center;\">El derecho de autor<\/h1>\n                    \n                <\/div>\n            <\/div>\n            <!--end of row-->\n        <\/div>\n        <!--end of container-->\n    <\/section>\n    <section class=\"bg--secondary space--xxs\">\n        <div class=\"container\">\n            <div class=\"row\">\n                <div class=\"cta cta--horizontal text-center-xs\">\n                    <div class=\"col-sm-4\">\n                        <h4>Su dep\u00f3sito a partir de 95\u20ac<\/h4>\n                    <\/div>\n                    <div class=\"col-sm-5\">\n                        <p class=\"lead\"> La mejor soluci\u00f3n en l\u00ednea para sus derechos de autor<\/p>\n                    <\/div>\n                    <div class=\"col-sm-3 text-right text-center-xs\">\n                        <a title=\"\" class=\"btn btn--primary type--uppercase\" href=\"https:\/\/beta.fidealis.com\/es\/qui-sommes-nous\/contactez-nous\/\" target=\"\" rel=\"\"> <span class=\"btn__text\">SOLICITUD de contactO<\/span> <\/a>\n                    <\/div>\n                <\/div>\n            <\/div>\n            <!--end of row-->\n        <\/div>\n        <!--end of container-->\n    <\/section>\n    <section class=\"switchable feature-large  space--xxs text-justify\">\n        <div class=\"container\">\n            <div class=\"row\">\n                <div class=\"col-sm-6 col-md-5\">\n                    <div class=\"switchable__text\">\n                        <p class=\"lead\"><span style=\"font-weight: 400;\">El derecho de autor es uno de los elementos esenciales de <a href=\"https:\/\/beta.fidealis.com\/es\/propriete-intellectuelle\/\">la ley francesa de propiedad intelectual.<\/a><\/span><\/p>\n                        <p class=\"lead\"><span style=\"font-weight: 400;\">Confiere un monopolio de explotaci\u00f3n al autor o sus sucesores en una obra del esp\u00edritu original. Despu\u00e9s de haber estudiado las prerrogativas conferidas por los derechos de autor, estudiaremos la protecci\u00f3n que otorga al autor, as\u00ed como sus l\u00edmites.<\/span><\/p>\n                        <p>&nbsp;<\/p>\n                        <p>&nbsp;<\/p>\n                    <\/div>\n                <\/div>\n                <div class=\"col-sm-6\">\n                    <div class=\"boxed boxed--lg boxed--border\">\n                        <div class=\"feature feature-2\"> <i class=\"icon color--primary icon-Libra-2\"><\/i>\n                            <div class=\"feature__body\">\n                                <h5>Pruebas reconocidas de los tribunales.<\/h5>\n                                <p>Reconocimiento por tribunales de todo el mundo.<\/p>\n                            <\/div>\n                        <\/div>\n                        <!--end feature-->\n                        <div class=\"feature feature-2\"> <i class=\"icon color--primary icon-Security-Check\"><\/i>\n                            <div class=\"feature__body\">\n                                <h5>Certificados de agente judicial v\u00e1lidos de por vida<\/h5>\n                                <p>Construya pruebas v\u00e1lidas para toda la vida.<\/p>\n                            <\/div>\n                        <\/div>\n                        <div class=\"feature feature-2\"> <i class=\"icon color--primary icon-Font-Window\"><\/i>\n                            <div class=\"feature__body\">\n                                <h5>Sus dep\u00f3sitos son v\u00e1lidos en 11 idiomas.<\/h5>\n                                <p style=\"text-align: left;\">Dispone de sus dep\u00f3sitos en franc\u00e9s, ingl\u00e9s, italiano, chino, alem\u00e1n, portugu\u00e9s, \u00e1rabe, espa\u00f1ol, coreano, japon\u00e9s y ruso.<\/p>\n                            <\/div>\n                        <\/div>\n                        <!--end feature-->\n                        <div class=\"feature feature-2\"> <i class=\"icon color--primary icon-Windows-2\"><\/i>\n                            <div class=\"feature__body\">\n                                <h5>Su evidencia disponible 24\/7<\/h5>\n                                <p>Recibo de dep\u00f3sito disponible en l\u00ednea 24\/7.<\/p>\n                            <\/div>\n                        <\/div>\n                        <!--end feature-->\n                    <\/div>\n                <\/div>\n            <\/div>\n            <!--end of row-->\n        <\/div>\n        <!--end of container-->\n    <\/section>\n    <section class=\"bg--secondary text-center space--xxs\">\n        <div class=\"container\">\n            <div class=\"row\">\n                <div class=\"col-sm-12\">\n                    <h2 class=\"addtoppad\">Fidealis, una protecci\u00f3n adiciona al derecho de autor&nbsp;<\/h2>\n                <\/div>\n            <\/div>\n            <!--end of row-->\n        <\/div>\n        <!--end of container-->\n    <\/section>\n    <section class=\"bg--secondary space--xs\">\n        <div class=\"container\">\n            <div class=\"row\">\n                <div class=\"col-sm-4\">\n                    <div class=\"feature feature-2 boxed boxed--border\"> <i class=\"icon color--primary icon-Checked-User\"><\/i>\n                        <div class=\"feature__body\">\n                            <p style=\"text-align: center;\"><span class=\"h1 h1--medium\" style=\"color: #d93d3d;\">1.<\/span><\/p>\n                            <h4 style=\"text-align: center;\">Se inscribe<\/h4>\n                            <p style=\"text-align: center;\">Se inscribe gratuitamente&nbsp;<br>Ning\u00fan pago requerido&nbsp;<\/p>\n                        <\/div>\n                    <\/div>\n                    <!--end feature-->\n                <\/div>\n                <div class=\"col-sm-4\">\n                    <div class=\"feature feature-2 boxed boxed--border\"> <i class=\"icon color--primary icon-Security-Settings\"><\/i>\n                        <div class=\"feature__body\">\n                            <p style=\"text-align: center;\"><span class=\"h1 h1--medium\" style=\"color: #d93d3d;\">2.<\/span><\/p>\n                            <h4 style=\"text-align: center;\">Le guiamos<\/h4>\n                            <p style=\"text-align: center;\">Elija una oferta adaptada a sus necesidades con un consultor.<\/p>\n                        <\/div>\n                    <\/div>\n                    <!--end feature-->\n                <\/div>\n                <div class=\"col-sm-4\">\n                    <div class=\"feature feature-2 boxed boxed--border\"> <i class=\"icon color--primary icon-Security-Check\"><\/i>\n                        <div class=\"feature__body\">\n                            <p style=\"text-align: center;\"><span class=\"h1 h1--medium\" style=\"color: #d93d3d;\">3.<\/span><\/p>\n                            <h4 style=\"text-align: center;\">Le protegemos<\/h4>\n                            <p style=\"text-align: center;\">Descargue sus creaciones en l\u00ednea. <br>\u00a1Est\u00e1 protegido!<\/p>\n                        <\/div>\n                    <\/div>\n                    <!--end feature-->\n                <\/div>\n            <\/div>\n            <!--end of row-->\n        <\/div>\n        <!--end of container-->\n    <\/section>\n    <section class=\"text-center  bg--secondary space--xxs\">\n        <div class=\"container\">\n            <div class=\"row\">\n                <div class=\"col-sm-8 col-md-6\">\n                    <div class=\"cta\"> <a title=\"\" class=\"btn type--uppercase inner-link btn--primary\" href=\"https:\/\/beta.fidealis.com\/es\/inscription\" target=\"_blank\" rel=\"noopener\"><span class=\"btn__text\">INSCRIBIRSE AHORA<\/span>                    <\/a>\n                        \n                            <p class=\"type--fine-print\" style=\"margin-top: 0.03em; margin-bottom: 1.2em;\">No se requiere tarjeta de cr\u00e9dito&nbsp;<\/p>\n                        \n                    <\/div>\n                <\/div>\n            <\/div>\n            <!--end of row-->\n        <\/div>\n        <!--end of container-->\n    <\/section>\n    <section class=\"text-justify space--xxs\">\n        <div class=\"container\">\n            <div class=\"row\">\n                <div class=\"col-sm-6\">\n                    <div class=\"col-left-custom\">\n                        <h2 style=\"text-align: left;\">Las prerrogativas conferidas por el derecho de autor<\/h2>\n                        <p class=\"lead\">Los derechos de autor confieren al creador de una obra dos tipos de prerrogativas:<\/p>\n                        <ul class=\"bullets\">\n                            <li class=\"lead li-blocked\"><strong>Derechos de propiedad<\/strong> relacionados con el trabajo que le permiten al autor decidir sobre las condiciones operativas del trabajo y recibir una compensaci\u00f3n a cambio. En Francia, su duraci\u00f3n es de <strong>70 a\u00f1os despu\u00e9s de la muerte del autor.<\/strong><\/li>\n                            <li class=\"lead li-blocked\"><strong>Un derecho moral<\/strong> relacionado con la personalidad del autor y que le otorga el derecho de oponerse a la divulgaci\u00f3n de su trabajo sin su consentimiento, solicitar su retiro, reclamar la paternidad y, en general, el derecho respeto por su trabajo.<\/li>\n                        <\/ul>\n                        <h2 style=\"text-align: left;\">La protecci\u00f3n otorgada por los derechos de autor.<\/h2>\n                        <p class=\"lead\">Los derechos de autor franceses protegen las obras originales de la mente de su creaci\u00f3n. No se requiere formalidad de dep\u00f3sito ni fijaci\u00f3n material de la obra. Su creaci\u00f3n est\u00e1 as\u00ed protegida desde el d\u00eda de su realizaci\u00f3n y esto sea cual sea su forma de expresi\u00f3n, su tipo, el m\u00e9rito de su autor o su destino.<\/p>\n                    <\/div>\n                <\/div>\n                <div class=\"col-sm-6\">\n                    <div class=\"col-right-custom\">\n                        <p class=\"lead\">Si no se requiere que las formalidades de presentaci\u00f3n est\u00e9n protegidas por derechos de autor, <strong>en caso de disputa, debe ser capaz de proporcionar prueba de la fecha en que cre\u00f3 su trabajo<\/strong>. Por eso es m\u00e1s prudente proceder con el dep\u00f3sito de su creaci\u00f3n.<\/p>\n                        <h2 style=\"text-align: left;\">Las limitaciones del derecho de autor&nbsp;<\/h2>\n                        <p class=\"lead\">La \u00fanica protecci\u00f3n de los derechos de autor no es efectiva en caso de litigio porque no permite probar la anterioridad del trabajo. Por eso es mejor combinarlo con otras protecciones: el derecho de los dise\u00f1os, la marca o el Copyright.<\/p>\n                        <p class=\"lead\">Con el dep\u00f3sito de Copyright en Fidealis, garantizamos el registro inmediato de su trabajo con un agente judicial y<strong> su marca de tiempo que le da una fecha determinada.<\/strong><\/p>\n                        <p class=\"lead\">Adem\u00e1s de la prueba de la t\u00e9cnica anterior necesaria para la protecci\u00f3n de sus creaciones, la protecci\u00f3n otorgada por los derechos de autor franceses no es autom\u00e1tica en el extranjero.<\/p>\n                        <p class=\"lead\">Al depositar un copyright en su trabajo, garantiza una <strong>protecci\u00f3n de por vida en 168 pa\u00edses.<\/strong><\/p>\n                    <\/div>\n                <\/div>\n                <div class=\"col-sm-6\"> <\/div>\n            <\/div>\n            <!--end of row-->\n        <\/div>\n        <!--end of container-->\n    <\/section>\n    <section class=\"unpad--bottom switchable cta cta-3  bg--secondary text-center\">\n        <div class=\"container\">\n            <div class=\"row\">\n                <div class=\"col-sm-6 col-md-6\">\n                    <div class=\"switchable__text\">\n                        \n                            <h3><span style=\"color: #db3b29;\">Los derechos de autor no son suficientes, Fidealis protege sus creaciones<\/span><\/h3>\n                            <p class=\"lead\">La soluci\u00f3n pionera en la protecci\u00f3n de dise\u00f1os y colecciones, que re\u00fane las tecnolog\u00edas de la firma electr\u00f3nica, la marca de tiempo y blockchain. Sus creaciones se certifican instant\u00e1neamente y se archivan en paralelo con el agente judicial.<\/p>\n                        \n                        <a title=\"\" class=\"btn type--uppercase inner-link btn--primary\" href=\"https:\/\/beta.fidealis.com\/es\/inscription\" target=\"_blank\" rel=\"noopener\"> <span class=\"btn__text\">INSCRIBIRSE AHORA<\/span><span class=\"label\">sIN tc<\/span> <\/a>\n                    <\/div>\n                <\/div>\n                <div class=\"col-sm-6 col-md-5\"> <img class=\"block\" alt=\"\" src=\"https:\/\/beta.fidealis.com\/wp-content\/uploads\/2017\/04\/avatar-large-1.png\"> <\/div>\n            <\/div>\n            <!--end of row-->\n        <\/div>\n        <!--end of container-->\n    <\/section>","protected":false},"excerpt":{"rendered":"<p>El derecho de autor Su dep\u00f3sito a partir de 95\u20ac La mejor soluci\u00f3n en l\u00ednea para sus derechos de autor SOLICITUD de&#8230;<\/p>\n","protected":false},"author":1,"featured_media":0,"parent":15485,"menu_order":0,"comment_status":"closed","ping_status":"closed","template":"","meta":{"_joinchat":[]},"yoast_head":"<!-- This site is optimized with the Yoast SEO plugin v20.3 - https:\/\/yoast.com\/wordpress\/plugins\/seo\/ -->\n<title>Propiedad intelectual: \u00bfQu\u00e9 es el derecho de autor?<\/title>\n<meta name=\"description\" content=\"Confiere un monopolio de explotaci\u00f3n al autor o sus cesionarios en una obra del esp\u00edritu original. Despu\u00e9s de estudiar las prerrogativas conferidas por los derechos de autor, estudiaremos la protecci\u00f3n que otorga al autor, as\u00ed como sus l\u00edmites.\" \/>\n<meta name=\"robots\" content=\"noindex, follow, max-snippet:-1, max-image-preview:large, max-video-preview:-1\" \/>\n<meta property=\"og:locale\" content=\"es_ES\" \/>\n<meta property=\"og:type\" content=\"article\" \/>\n<meta property=\"og:title\" content=\"Propiedad intelectual: \u00bfQu\u00e9 es el derecho de autor?\" \/>\n<meta property=\"og:description\" content=\"Confiere un monopolio de explotaci\u00f3n al autor o sus cesionarios en una obra del esp\u00edritu original. Despu\u00e9s de estudiar las prerrogativas conferidas por los derechos de autor, estudiaremos la protecci\u00f3n que otorga al autor, as\u00ed como sus l\u00edmites.\" \/>\n<meta property=\"og:url\" content=\"https:\/\/beta.fidealis.com\/es\/propiedad-intelectual\/derechos-de-autor\/\" \/>\n<meta property=\"og:site_name\" content=\"Fidealis\" \/>\n<meta property=\"article:publisher\" content=\"https:\/\/www.facebook.com\/Fidealis-573887362622849\/\" \/>\n<meta property=\"article:modified_time\" content=\"2020-04-13T15:00:36+00:00\" \/>\n<meta name=\"twitter:card\" content=\"summary_large_image\" \/>\n<script type=\"application\/ld+json\" class=\"yoast-schema-graph\">{\"@context\":\"https:\/\/schema.org\",\"@graph\":[{\"@type\":\"WebPage\",\"@id\":\"https:\/\/beta.fidealis.com\/es\/propiedad-intelectual\/derechos-de-autor\/\",\"url\":\"https:\/\/beta.fidealis.com\/es\/propiedad-intelectual\/derechos-de-autor\/\",\"name\":\"Propiedad intelectual: \u00bfQu\u00e9 es el derecho de autor?\",\"isPartOf\":{\"@id\":\"https:\/\/beta.fidealis.com\/#website\"},\"datePublished\":\"2018-06-11T22:00:00+00:00\",\"dateModified\":\"2020-04-13T15:00:36+00:00\",\"description\":\"Confiere un monopolio de explotaci\u00f3n al autor o sus cesionarios en una obra del esp\u00edritu original. Despu\u00e9s de estudiar las prerrogativas conferidas por los derechos de autor, estudiaremos la protecci\u00f3n que otorga al autor, as\u00ed como sus l\u00edmites.\",\"breadcrumb\":{\"@id\":\"https:\/\/beta.fidealis.com\/es\/propiedad-intelectual\/derechos-de-autor\/#breadcrumb\"},\"inLanguage\":\"es\",\"potentialAction\":[{\"@type\":\"ReadAction\",\"target\":[\"https:\/\/beta.fidealis.com\/es\/propiedad-intelectual\/derechos-de-autor\/\"]}]},{\"@type\":\"BreadcrumbList\",\"@id\":\"https:\/\/beta.fidealis.com\/es\/propiedad-intelectual\/derechos-de-autor\/#breadcrumb\",\"itemListElement\":[{\"@type\":\"ListItem\",\"position\":1,\"name\":\"Accueil\",\"item\":\"https:\/\/beta.fidealis.com\/es\/\"},{\"@type\":\"ListItem\",\"position\":2,\"name\":\"Propiedad intelectual\",\"item\":\"https:\/\/beta.fidealis.com\/es\/propiedad-intelectual\/\"},{\"@type\":\"ListItem\",\"position\":3,\"name\":\"Derechos de autor\"}]},{\"@type\":\"WebSite\",\"@id\":\"https:\/\/beta.fidealis.com\/#website\",\"url\":\"https:\/\/beta.fidealis.com\/\",\"name\":\"Fidealis\",\"description\":\"Fidealis: vous cr\u00e9ez, nous prot\u00e9geons.\",\"publisher\":{\"@id\":\"https:\/\/beta.fidealis.com\/#organization\"},\"potentialAction\":[{\"@type\":\"SearchAction\",\"target\":{\"@type\":\"EntryPoint\",\"urlTemplate\":\"https:\/\/beta.fidealis.com\/?s={search_term_string}\"},\"query-input\":\"required name=search_term_string\"}],\"inLanguage\":\"es\"},{\"@type\":\"Organization\",\"@id\":\"https:\/\/beta.fidealis.com\/#organization\",\"name\":\"Fidealis\",\"url\":\"https:\/\/beta.fidealis.com\/\",\"logo\":{\"@type\":\"ImageObject\",\"inLanguage\":\"es\",\"@id\":\"https:\/\/beta.fidealis.com\/#\/schema\/logo\/image\/\",\"url\":\"https:\/\/www.fidealis.com\/wp-content\/uploads\/2018\/04\/logo-fidealis.png\",\"contentUrl\":\"https:\/\/www.fidealis.com\/wp-content\/uploads\/2018\/04\/logo-fidealis.png\",\"width\":525,\"height\":205,\"caption\":\"Fidealis\"},\"image\":{\"@id\":\"https:\/\/beta.fidealis.com\/#\/schema\/logo\/image\/\"},\"sameAs\":[\"https:\/\/www.facebook.com\/Fidealis-573887362622849\/\"]}]}<\/script>\n<!-- \/ Yoast SEO plugin. -->","yoast_head_json":{"title":"Propiedad intelectual: \u00bfQu\u00e9 es el derecho de autor?","description":"Confiere un monopolio de explotaci\u00f3n al autor o sus cesionarios en una obra del esp\u00edritu original. Despu\u00e9s de estudiar las prerrogativas conferidas por los derechos de autor, estudiaremos la protecci\u00f3n que otorga al autor, as\u00ed como sus l\u00edmites.","robots":{"index":"noindex","follow":"follow","max-snippet":"max-snippet:-1","max-image-preview":"max-image-preview:large","max-video-preview":"max-video-preview:-1"},"og_locale":"es_ES","og_type":"article","og_title":"Propiedad intelectual: \u00bfQu\u00e9 es el derecho de autor?","og_description":"Confiere un monopolio de explotaci\u00f3n al autor o sus cesionarios en una obra del esp\u00edritu original. Despu\u00e9s de estudiar las prerrogativas conferidas por los derechos de autor, estudiaremos la protecci\u00f3n que otorga al autor, as\u00ed como sus l\u00edmites.","og_url":"https:\/\/beta.fidealis.com\/es\/propiedad-intelectual\/derechos-de-autor\/","og_site_name":"Fidealis","article_publisher":"https:\/\/www.facebook.com\/Fidealis-573887362622849\/","article_modified_time":"2020-04-13T15:00:36+00:00","twitter_card":"summary_large_image","schema":{"@context":"https:\/\/schema.org","@graph":[{"@type":"WebPage","@id":"https:\/\/beta.fidealis.com\/es\/propiedad-intelectual\/derechos-de-autor\/","url":"https:\/\/beta.fidealis.com\/es\/propiedad-intelectual\/derechos-de-autor\/","name":"Propiedad intelectual: \u00bfQu\u00e9 es el derecho de autor?","isPartOf":{"@id":"https:\/\/beta.fidealis.com\/#website"},"datePublished":"2018-06-11T22:00:00+00:00","dateModified":"2020-04-13T15:00:36+00:00","description":"Confiere un monopolio de explotaci\u00f3n al autor o sus cesionarios en una obra del esp\u00edritu original. Despu\u00e9s de estudiar las prerrogativas conferidas por los derechos de autor, estudiaremos la protecci\u00f3n que otorga al autor, as\u00ed como sus l\u00edmites.","breadcrumb":{"@id":"https:\/\/beta.fidealis.com\/es\/propiedad-intelectual\/derechos-de-autor\/#breadcrumb"},"inLanguage":"es","potentialAction":[{"@type":"ReadAction","target":["https:\/\/beta.fidealis.com\/es\/propiedad-intelectual\/derechos-de-autor\/"]}]},{"@type":"BreadcrumbList","@id":"https:\/\/beta.fidealis.com\/es\/propiedad-intelectual\/derechos-de-autor\/#breadcrumb","itemListElement":[{"@type":"ListItem","position":1,"name":"Accueil","item":"https:\/\/beta.fidealis.com\/es\/"},{"@type":"ListItem","position":2,"name":"Propiedad intelectual","item":"https:\/\/beta.fidealis.com\/es\/propiedad-intelectual\/"},{"@type":"ListItem","position":3,"name":"Derechos de autor"}]},{"@type":"WebSite","@id":"https:\/\/beta.fidealis.com\/#website","url":"https:\/\/beta.fidealis.com\/","name":"Fidealis","description":"Fidealis: vous cr\u00e9ez, nous prot\u00e9geons.","publisher":{"@id":"https:\/\/beta.fidealis.com\/#organization"},"potentialAction":[{"@type":"SearchAction","target":{"@type":"EntryPoint","urlTemplate":"https:\/\/beta.fidealis.com\/?s={search_term_string}"},"query-input":"required name=search_term_string"}],"inLanguage":"es"},{"@type":"Organization","@id":"https:\/\/beta.fidealis.com\/#organization","name":"Fidealis","url":"https:\/\/beta.fidealis.com\/","logo":{"@type":"ImageObject","inLanguage":"es","@id":"https:\/\/beta.fidealis.com\/#\/schema\/logo\/image\/","url":"https:\/\/www.fidealis.com\/wp-content\/uploads\/2018\/04\/logo-fidealis.png","contentUrl":"https:\/\/www.fidealis.com\/wp-content\/uploads\/2018\/04\/logo-fidealis.png","width":525,"height":205,"caption":"Fidealis"},"image":{"@id":"https:\/\/beta.fidealis.com\/#\/schema\/logo\/image\/"},"sameAs":["https:\/\/www.facebook.com\/Fidealis-573887362622849\/"]}]}},"_links":{"self":[{"href":"https:\/\/beta.fidealis.com\/es\/wp-json\/wp\/v2\/pages\/15483"}],"collection":[{"href":"https:\/\/beta.fidealis.com\/es\/wp-json\/wp\/v2\/pages"}],"about":[{"href":"https:\/\/beta.fidealis.com\/es\/wp-json\/wp\/v2\/types\/page"}],"author":[{"embeddable":true,"href":"https:\/\/beta.fidealis.com\/es\/wp-json\/wp\/v2\/users\/1"}],"replies":[{"embeddable":true,"href":"https:\/\/beta.fidealis.com\/es\/wp-json\/wp\/v2\/comments?post=15483"}],"version-history":[{"count":3,"href":"https:\/\/beta.fidealis.com\/es\/wp-json\/wp\/v2\/pages\/15483\/revisions"}],"predecessor-version":[{"id":15989,"href":"https:\/\/beta.fidealis.com\/es\/wp-json\/wp\/v2\/pages\/15483\/revisions\/15989"}],"up":[{"embeddable":true,"href":"https:\/\/beta.fidealis.com\/es\/wp-json\/wp\/v2\/pages\/15485"}],"wp:attachment":[{"href":"https:\/\/beta.fidealis.com\/es\/wp-json\/wp\/v2\/media?parent=15483"}],"curies":[{"name":"wp","href":"https:\/\/api.w.org\/{rel}","templated":true}]}}