{"id":15484,"date":"2018-06-12T00:00:00","date_gmt":"2018-06-11T22:00:00","guid":{"rendered":"https:\/\/www.fidealis.com\/propriete-intellectuelle\/le-secret"},"modified":"2020-04-13T16:56:42","modified_gmt":"2020-04-13T14:56:42","slug":"de-decreto-comercial","status":"publish","type":"page","link":"https:\/\/beta.fidealis.com\/es\/propiedad-intelectual\/de-decreto-comercial\/","title":{"rendered":"Protecci\u00f3n de secreto comercial"},"content":{"rendered":"<section class=\"cover imagebg text-center height-60 section--ken-burns\" data-overlay=\"4\">\n        <div class=\"background-image-holder\"><img alt=\"\" src=\"https:\/\/beta.fidealis.com\/wp-content\/uploads\/2018\/06\/536.jpg\"><\/div>\n        <div class=\"container pos-vertical-center\">\n            <div class=\"row\">\n                <div class=\"col-sm-8 col-md-9\">\n                    \n                        <h1 style=\"text-align: center;\">La protecci\u00f3n del secreto comercial<\/h1>\n                    \n                <\/div>\n            <\/div>\n            <!--end of row-->\n        <\/div>\n        <!--end of container-->\n    <\/section>\n    <section class=\"bg--secondary space--xxs\">\n        <div class=\"container\">\n            <div class=\"row\">\n                <div class=\"cta cta--horizontal text-center-xs\">\n                    <div class=\"col-sm-4\">\n                        <h4>Su dep\u00f3sito a partir de 95\u20ac<\/h4>\n                    <\/div>\n                    <div class=\"col-sm-5\">\n                        <p class=\"lead\"> Soluci\u00f3n para proteger sus secretos comerciales.<\/p>\n                    <\/div>\n                    <div class=\"col-sm-3 text-right text-center-xs\">\n                        <a title=\"\" class=\"btn btn--primary type--uppercase\" href=\"https:\/\/beta.fidealis.com\/es\/qui-sommes-nous\/contactez-nous\/\" target=\"\" rel=\"\"> <span class=\"btn__text\">solicitud de contacto<\/span> <\/a>\n                    <\/div>\n                <\/div>\n            <\/div>\n            <!--end of row-->\n        <\/div>\n        <!--end of container-->\n    <\/section>\n    <section class=\"switchable feature-large  space--xxs text-justify\">\n        <div class=\"container\">\n            <div class=\"row\">\n                <div class=\"col-sm-6 col-md-6\">\n                    <div class=\"switchable__text\">\n                        <p class=\"lead\">En un mercado competitivo, las empresas necesitan proteger cierta informaci\u00f3n.<\/p>\n                        <p class=\"lead\">Para ello, no recurren a los instrumentos convencionales de protecci\u00f3n de la <a href=\"https:\/\/beta.fidealis.com\/es\/propriete-intellectuelle\">propiedad intelectual<\/a>, sino al secreto comercial. Sin embargo, aunque el uso del secreto comercial parece ofrecer ciertas ventajas, la protecci\u00f3n que ofrece sigue siendo limitada.<\/p>\n                        <div class=\"col-left-custom\">\n                            <h2 style=\"text-align: left;\">Definici\u00f3n del secreto comercial.<\/h2>\n                            <p class=\"lead\">El secreto comercial no tiene una definici\u00f3n legal en Francia. Sin embargo, podemos definirlo como un <strong>conjunto de informaci\u00f3n que una empresa no desea divulgar a sus competidores.<\/strong> Esta informaci\u00f3n puede ser procesos, f\u00f3rmulas de fabricaci\u00f3n u otros elementos t\u00e9cnicos no patentados.<\/p>\n                        <\/div>\n                    <\/div>\n                <\/div>\n                <div class=\"col-sm-5\">\n                    <div class=\"boxed boxed--lg boxed--border\">\n                        <div class=\"feature feature-2\"> <i class=\"icon color--primary icon-Libra-2\"><\/i>\n                            <div class=\"feature__body\">\n                                <h5>Pruebas reconocidas de los tribunales.<\/h5>\n                                <p>Reconocimiento por tribunales de todo el mundo.<\/p>\n                            <\/div>\n                        <\/div>\n                        <!--end feature-->\n                        <div class=\"feature feature-2\"> <i class=\"icon color--primary icon-Security-Check\"><\/i>\n                            <div class=\"feature__body\">\n                                <h5>Certificados de agente judicial v\u00e1lidos de por vida<\/h5>\n                                <p>Construya pruebas v\u00e1lidas para toda la vida.<\/p>\n                            <\/div>\n                        <\/div>\n                        <div class=\"feature feature-2\"> <i class=\"icon color--primary icon-Font-Window\"><\/i>\n                            <div class=\"feature__body\">\n                                <h5>Sus dep\u00f3sitos son v\u00e1lidos en 11 idiomas.<\/h5>\n                                <p style=\"text-align: left;\">Dispone de sus dep\u00f3sitos en franc\u00e9s, ingl\u00e9s, italiano, chino, alem\u00e1n, portugu\u00e9s, \u00e1rabe, espa\u00f1ol, coreano, japon\u00e9s y ruso.<\/p>\n                            <\/div>\n                        <\/div>\n                        <!--end feature-->\n                        <div class=\"feature feature-2\"> <i class=\"icon color--primary icon-Windows-2\"><\/i>\n                            <div class=\"feature__body\">\n                                <h5>Su evidencia disponible 24\/7<\/h5>\n                                <p>Recibo de dep\u00f3sito disponible en l\u00ednea 24\/7.<\/p>\n                            <\/div>\n                        <\/div>\n                        <!--end feature-->\n                    <\/div>\n                <\/div>\n            <\/div>\n            <!--end of row-->\n        <\/div>\n        <!--end of container-->\n    <\/section>\n    <section class=\"bg--secondary text-center space--xxs\">\n        <div class=\"container\">\n            <div class=\"row\">\n                <div class=\"col-sm-12\">\n                    <h2 class=\"addtoppad\">Con Fidealis asegure sus secretos comerciales<\/h2>\n                <\/div>\n            <\/div>\n            <!--end of row-->\n        <\/div>\n        <!--end of container-->\n    <\/section>\n    <section class=\"bg--secondary space--xs\">\n        <div class=\"container\">\n            <div class=\"row\">\n                <div class=\"col-sm-4\">\n                    <div class=\"feature feature-2 boxed boxed--border\"> <i class=\"icon color--primary icon-Checked-User\"><\/i>\n                        <div class=\"feature__body\">\n                            <p style=\"text-align: center;\"><span class=\"h1 h1--medium\" style=\"color: #d93d3d;\">1.<\/span><\/p>\n                            <h4 style=\"text-align: center;\">Se inscribe<\/h4>\n                            <p style=\"text-align: center;\">Se inscribe gratuitamente&nbsp;<br>Ning\u00fan pago requerido&nbsp;<\/p>\n                        <\/div>\n                    <\/div>\n                    <!--end feature-->\n                <\/div>\n                <div class=\"col-sm-4\">\n                    <div class=\"feature feature-2 boxed boxed--border\"> <i class=\"icon color--primary icon-Security-Settings\"><\/i>\n                        <div class=\"feature__body\">\n                            <p style=\"text-align: center;\"><span class=\"h1 h1--medium\" style=\"color: #d93d3d;\">2.<\/span><\/p>\n                            <h4 style=\"text-align: center;\">Le guiamos<\/h4>\n                            <p style=\"text-align: center;\">Elija una oferta adaptada a sus necesidades con un consultor.<\/p>\n                        <\/div>\n                    <\/div>\n                    <!--end feature-->\n                <\/div>\n                <div class=\"col-sm-4\">\n                    <div class=\"feature feature-2 boxed boxed--border\"> <i class=\"icon color--primary icon-Security-Check\"><\/i>\n                        <div class=\"feature__body\">\n                            <p style=\"text-align: center;\"><span class=\"h1 h1--medium\" style=\"color: #d93d3d;\">3.<\/span><\/p>\n                            <h4 style=\"text-align: center;\">Le protegemos<\/h4>\n                            <p style=\"text-align: center;\">Descargue sus creaciones en l\u00ednea. <br>\u00a1Est\u00e1 protegido!<\/p>\n                        <\/div>\n                    <\/div>\n                    <!--end feature-->\n                <\/div>\n            <\/div>\n            <!--end of row-->\n        <\/div>\n        <!--end of container-->\n    <\/section>\n    <section class=\"text-center  bg--secondary space--xxs\">\n        <div class=\"container\">\n            <div class=\"row\">\n                <div class=\"col-sm-8 col-md-6\">\n                    <div class=\"cta\"> <a title=\"\" class=\"btn type--uppercase inner-link btn--primary\" href=\"https:\/\/beta.fidealis.com\/es\/inscription\" target=\"_blank\" rel=\"noopener\"><span class=\"btn__text\">inscribirse ahora<\/span>                    <\/a>\n                        \n                            <p class=\"type--fine-print\" style=\"margin-top: 0.03em; margin-bottom: 1.2em;\">No se requiere tarjeta de cr\u00e9dito<\/p>\n                        \n                    <\/div>\n                <\/div>\n            <\/div>\n            <!--end of row-->\n        <\/div>\n        <!--end of container-->\n    <\/section>\n    <section class=\"text-justify space--xxs\">\n        <div class=\"container\">\n            <div class=\"row\">\n                <div class=\"col-sm-6\">\n                    <p class=\"lead\">Para una empresa, el secreto comercial generalmente se materializa mediante <strong>acuerdos de confidencialidad<\/strong> con proveedores y con sus propios empleados.<\/p>\n                    <p class=\"lead\">El uso de secretos comerciales tiene ciertas ventajas:<\/p>\n                    <ul class=\"bullets\">\n                        <li class=\"lead li-blocked\"><strong>Puede complementar o extender una invenci\u00f3n patentada:<\/strong> la duraci\u00f3n de la protecci\u00f3n es ilimitada mientras dure el secreto y permite proteger un volumen de informaci\u00f3n m\u00e1s importante que la patente.<\/li>\n                        <li class=\"lead li-blocked\">El secreto comercial <strong>no requiere un procedimiento de registro<\/strong>, por lo que es menos costoso que otros procesos.<br><br>\n                            <h3>La protecci\u00f3n conferida por el secreto comercial.<\/h3>\n                        <\/li>\n                    <\/ul>\n                    <p class=\"lead\"><span style=\"font-weight: 400;\"><a href=\"https:\/\/fr.wikipedia.org\/wiki\/Aspects_des_droits_de_propri%C3%A9t%C3%A9_intellectuelle_qui_touchent_au_commerce\">El Acuerdo sobre los ADPIC <\/a>(Aspectos de los derechos de propiedad intelectual relacionados con el comercio), que integra los derechos de propiedad intelectual en la OMC, protege en su Art\u00edculo 39<\/span><\/p>\n                    <p class=\"lead\"><em>\"informaci\u00f3n no divulgada\"<\/em> contra el uso no autorizado<em> \"de manera contraria a la pr\u00e1ctica comercial honesta\".<\/em> Sin embargo, esta protecci\u00f3n es un asunto de los tribunales nacionales.<\/p>\n                <\/div>\n                <div class=\"col-sm-6\">\n                    <p class=\"lead\">En ausencia de una ley espec\u00edfica en Francia que proteja los secretos comerciales, la protecci\u00f3n otorgada depende de la forma en que el tercero obtuvo la informaci\u00f3n en cuesti\u00f3n.<\/p>\n                    <p class=\"lead\">Por ejemplo, la divulgaci\u00f3n o el intento de divulgaci\u00f3n de informaci\u00f3n secreta puede ser punible como <strong>violaci\u00f3n de confianza, robo de datos inmateriales o violaci\u00f3n de sistemas inform\u00e1ticos.<\/strong><\/p>\n                    <h2 style=\"text-align: left;\">Los l\u00edmites a la protecci\u00f3n otorgada por el secreto comercial<\/h2>\n                    <p class=\"lead\"><span style=\"font-weight: 400;\">La protecci\u00f3n del secreto comercial sigue siendo limitada porque <strong>no confiere ning\u00fan derecho exclusivo.<\/strong> Si un tercero descubre su secreto sin fraude, puede explotarlo e incluso depositarlo sin que sea posible recurrir. Para las innovaciones t\u00e9cnicas, parece arriesgado estar satisfecho con la protecci\u00f3n otorgada por el secreto de las empresas porque nada impide que un competidor <a href=\"https:\/\/beta.fidealis.com\/es\/propriete-intellectuelle\/propriete-industrielle\/depot-de-brevet\/\">patente su invenci\u00f3n.<\/a><\/span><\/p>\n                    <p class=\"lead\"><span style=\"font-weight: 400;\">Es por eso que es necesario evitar cualquier disputa, para constituir una prueba para<a href=\"https:\/\/beta.fidealis.com\/es\/propriete-intellectuelle\/le-copyright\/\"> probar la anterioridad<\/a> de su invenci\u00f3n gracias a un dep\u00f3sito de Copyright.<\/span><\/p>\n                <\/div>\n                <div class=\"col-sm-6\"> <\/div>\n            <\/div>\n            <!--end of row-->\n        <\/div>\n        <!--end of container-->\n    <\/section>\n    <section class=\"unpad--bottom switchable cta cta-3  bg--secondary text-center\">\n        <div class=\"container\">\n            <div class=\"row\">\n                <div class=\"col-sm-6 col-md-6\">\n                    <div class=\"switchable__text\">\n                        \n                            <h3><span style=\"color: #db3b29;\">Fidealis, la protecci\u00f3n m\u00e1s segura<\/span><\/h3>\n                            <p class=\"lead\">La soluci\u00f3n pionera en la protecci\u00f3n de dise\u00f1os y colecciones, que re\u00fane las tecnolog\u00edas de la firma electr\u00f3nica, la marca de tiempo y blockchain. Sus creaciones se certifican instant\u00e1neamente y se archivan en paralelo con el agente judicial.<\/p>\n                        \n                        <a title=\"\" class=\"btn type--uppercase inner-link btn--primary\" href=\"https:\/\/beta.fidealis.com\/es\/inscription\" target=\"_blank\" rel=\"noopener\"> <span class=\"btn__text\">inscribirse gratuitamente<\/span><span class=\"label\">sin tc<\/span> <\/a>\n                    <\/div>\n                <\/div>\n                <div class=\"col-sm-6 col-md-5\"> <img class=\"block\" alt=\"D\u00e9p\u00f4t et copyright mieux que le secret d'affaire\" src=\"https:\/\/beta.fidealis.com\/wp-content\/uploads\/2018\/08\/le-secret-d_afaires.png\"> <\/div>\n            <\/div>\n            <!--end of row-->\n        <\/div>\n        <!--end of container-->\n    <\/section>","protected":false},"excerpt":{"rendered":"<p>La protecci\u00f3n del secreto comercial Su dep\u00f3sito a partir de 95\u20ac Soluci\u00f3n para proteger sus secretos comerciales. solicitud de contacto En un&#8230;<\/p>\n","protected":false},"author":1,"featured_media":0,"parent":15485,"menu_order":0,"comment_status":"closed","ping_status":"closed","template":"","meta":{"_joinchat":[]},"yoast_head":"<!-- This site is optimized with the Yoast SEO plugin v20.3 - https:\/\/yoast.com\/wordpress\/plugins\/seo\/ -->\n<title>Propiedad intelectual: \u00bfes suficiente el secreto comercial?<\/title>\n<meta name=\"description\" content=\"En un mercado competitivo, las empresas necesitan proteger cierta informaci\u00f3n. Para ello, no recurren a instrumentos convencionales de protecci\u00f3n de la propiedad intelectual, sino a secretos comerciales.\" \/>\n<meta name=\"robots\" content=\"noindex, follow, max-snippet:-1, max-image-preview:large, max-video-preview:-1\" \/>\n<meta property=\"og:locale\" content=\"es_ES\" \/>\n<meta property=\"og:type\" content=\"article\" \/>\n<meta property=\"og:title\" content=\"Propiedad intelectual: \u00bfes suficiente el secreto comercial?\" \/>\n<meta property=\"og:description\" content=\"En un mercado competitivo, las empresas necesitan proteger cierta informaci\u00f3n. Para ello, no recurren a instrumentos convencionales de protecci\u00f3n de la propiedad intelectual, sino a secretos comerciales.\" \/>\n<meta property=\"og:url\" content=\"https:\/\/beta.fidealis.com\/es\/propiedad-intelectual\/de-decreto-comercial\/\" \/>\n<meta property=\"og:site_name\" content=\"Fidealis\" \/>\n<meta property=\"article:publisher\" content=\"https:\/\/www.facebook.com\/Fidealis-573887362622849\/\" \/>\n<meta property=\"article:modified_time\" content=\"2020-04-13T14:56:42+00:00\" \/>\n<meta name=\"twitter:card\" content=\"summary_large_image\" \/>\n<script type=\"application\/ld+json\" class=\"yoast-schema-graph\">{\"@context\":\"https:\/\/schema.org\",\"@graph\":[{\"@type\":\"WebPage\",\"@id\":\"https:\/\/beta.fidealis.com\/es\/propiedad-intelectual\/de-decreto-comercial\/\",\"url\":\"https:\/\/beta.fidealis.com\/es\/propiedad-intelectual\/de-decreto-comercial\/\",\"name\":\"Propiedad intelectual: \u00bfes suficiente el secreto comercial?\",\"isPartOf\":{\"@id\":\"https:\/\/beta.fidealis.com\/#website\"},\"datePublished\":\"2018-06-11T22:00:00+00:00\",\"dateModified\":\"2020-04-13T14:56:42+00:00\",\"description\":\"En un mercado competitivo, las empresas necesitan proteger cierta informaci\u00f3n. Para ello, no recurren a instrumentos convencionales de protecci\u00f3n de la propiedad intelectual, sino a secretos comerciales.\",\"breadcrumb\":{\"@id\":\"https:\/\/beta.fidealis.com\/es\/propiedad-intelectual\/de-decreto-comercial\/#breadcrumb\"},\"inLanguage\":\"es\",\"potentialAction\":[{\"@type\":\"ReadAction\",\"target\":[\"https:\/\/beta.fidealis.com\/es\/propiedad-intelectual\/de-decreto-comercial\/\"]}]},{\"@type\":\"BreadcrumbList\",\"@id\":\"https:\/\/beta.fidealis.com\/es\/propiedad-intelectual\/de-decreto-comercial\/#breadcrumb\",\"itemListElement\":[{\"@type\":\"ListItem\",\"position\":1,\"name\":\"Accueil\",\"item\":\"https:\/\/beta.fidealis.com\/es\/\"},{\"@type\":\"ListItem\",\"position\":2,\"name\":\"Propiedad intelectual\",\"item\":\"https:\/\/beta.fidealis.com\/es\/propiedad-intelectual\/\"},{\"@type\":\"ListItem\",\"position\":3,\"name\":\"Protecci\u00f3n de secreto comercial\"}]},{\"@type\":\"WebSite\",\"@id\":\"https:\/\/beta.fidealis.com\/#website\",\"url\":\"https:\/\/beta.fidealis.com\/\",\"name\":\"Fidealis\",\"description\":\"Fidealis: vous cr\u00e9ez, nous prot\u00e9geons.\",\"publisher\":{\"@id\":\"https:\/\/beta.fidealis.com\/#organization\"},\"potentialAction\":[{\"@type\":\"SearchAction\",\"target\":{\"@type\":\"EntryPoint\",\"urlTemplate\":\"https:\/\/beta.fidealis.com\/?s={search_term_string}\"},\"query-input\":\"required name=search_term_string\"}],\"inLanguage\":\"es\"},{\"@type\":\"Organization\",\"@id\":\"https:\/\/beta.fidealis.com\/#organization\",\"name\":\"Fidealis\",\"url\":\"https:\/\/beta.fidealis.com\/\",\"logo\":{\"@type\":\"ImageObject\",\"inLanguage\":\"es\",\"@id\":\"https:\/\/beta.fidealis.com\/#\/schema\/logo\/image\/\",\"url\":\"https:\/\/www.fidealis.com\/wp-content\/uploads\/2018\/04\/logo-fidealis.png\",\"contentUrl\":\"https:\/\/www.fidealis.com\/wp-content\/uploads\/2018\/04\/logo-fidealis.png\",\"width\":525,\"height\":205,\"caption\":\"Fidealis\"},\"image\":{\"@id\":\"https:\/\/beta.fidealis.com\/#\/schema\/logo\/image\/\"},\"sameAs\":[\"https:\/\/www.facebook.com\/Fidealis-573887362622849\/\"]}]}<\/script>\n<!-- \/ Yoast SEO plugin. -->","yoast_head_json":{"title":"Propiedad intelectual: \u00bfes suficiente el secreto comercial?","description":"En un mercado competitivo, las empresas necesitan proteger cierta informaci\u00f3n. Para ello, no recurren a instrumentos convencionales de protecci\u00f3n de la propiedad intelectual, sino a secretos comerciales.","robots":{"index":"noindex","follow":"follow","max-snippet":"max-snippet:-1","max-image-preview":"max-image-preview:large","max-video-preview":"max-video-preview:-1"},"og_locale":"es_ES","og_type":"article","og_title":"Propiedad intelectual: \u00bfes suficiente el secreto comercial?","og_description":"En un mercado competitivo, las empresas necesitan proteger cierta informaci\u00f3n. Para ello, no recurren a instrumentos convencionales de protecci\u00f3n de la propiedad intelectual, sino a secretos comerciales.","og_url":"https:\/\/beta.fidealis.com\/es\/propiedad-intelectual\/de-decreto-comercial\/","og_site_name":"Fidealis","article_publisher":"https:\/\/www.facebook.com\/Fidealis-573887362622849\/","article_modified_time":"2020-04-13T14:56:42+00:00","twitter_card":"summary_large_image","schema":{"@context":"https:\/\/schema.org","@graph":[{"@type":"WebPage","@id":"https:\/\/beta.fidealis.com\/es\/propiedad-intelectual\/de-decreto-comercial\/","url":"https:\/\/beta.fidealis.com\/es\/propiedad-intelectual\/de-decreto-comercial\/","name":"Propiedad intelectual: \u00bfes suficiente el secreto comercial?","isPartOf":{"@id":"https:\/\/beta.fidealis.com\/#website"},"datePublished":"2018-06-11T22:00:00+00:00","dateModified":"2020-04-13T14:56:42+00:00","description":"En un mercado competitivo, las empresas necesitan proteger cierta informaci\u00f3n. Para ello, no recurren a instrumentos convencionales de protecci\u00f3n de la propiedad intelectual, sino a secretos comerciales.","breadcrumb":{"@id":"https:\/\/beta.fidealis.com\/es\/propiedad-intelectual\/de-decreto-comercial\/#breadcrumb"},"inLanguage":"es","potentialAction":[{"@type":"ReadAction","target":["https:\/\/beta.fidealis.com\/es\/propiedad-intelectual\/de-decreto-comercial\/"]}]},{"@type":"BreadcrumbList","@id":"https:\/\/beta.fidealis.com\/es\/propiedad-intelectual\/de-decreto-comercial\/#breadcrumb","itemListElement":[{"@type":"ListItem","position":1,"name":"Accueil","item":"https:\/\/beta.fidealis.com\/es\/"},{"@type":"ListItem","position":2,"name":"Propiedad intelectual","item":"https:\/\/beta.fidealis.com\/es\/propiedad-intelectual\/"},{"@type":"ListItem","position":3,"name":"Protecci\u00f3n de secreto comercial"}]},{"@type":"WebSite","@id":"https:\/\/beta.fidealis.com\/#website","url":"https:\/\/beta.fidealis.com\/","name":"Fidealis","description":"Fidealis: vous cr\u00e9ez, nous prot\u00e9geons.","publisher":{"@id":"https:\/\/beta.fidealis.com\/#organization"},"potentialAction":[{"@type":"SearchAction","target":{"@type":"EntryPoint","urlTemplate":"https:\/\/beta.fidealis.com\/?s={search_term_string}"},"query-input":"required name=search_term_string"}],"inLanguage":"es"},{"@type":"Organization","@id":"https:\/\/beta.fidealis.com\/#organization","name":"Fidealis","url":"https:\/\/beta.fidealis.com\/","logo":{"@type":"ImageObject","inLanguage":"es","@id":"https:\/\/beta.fidealis.com\/#\/schema\/logo\/image\/","url":"https:\/\/www.fidealis.com\/wp-content\/uploads\/2018\/04\/logo-fidealis.png","contentUrl":"https:\/\/www.fidealis.com\/wp-content\/uploads\/2018\/04\/logo-fidealis.png","width":525,"height":205,"caption":"Fidealis"},"image":{"@id":"https:\/\/beta.fidealis.com\/#\/schema\/logo\/image\/"},"sameAs":["https:\/\/www.facebook.com\/Fidealis-573887362622849\/"]}]}},"_links":{"self":[{"href":"https:\/\/beta.fidealis.com\/es\/wp-json\/wp\/v2\/pages\/15484"}],"collection":[{"href":"https:\/\/beta.fidealis.com\/es\/wp-json\/wp\/v2\/pages"}],"about":[{"href":"https:\/\/beta.fidealis.com\/es\/wp-json\/wp\/v2\/types\/page"}],"author":[{"embeddable":true,"href":"https:\/\/beta.fidealis.com\/es\/wp-json\/wp\/v2\/users\/1"}],"replies":[{"embeddable":true,"href":"https:\/\/beta.fidealis.com\/es\/wp-json\/wp\/v2\/comments?post=15484"}],"version-history":[{"count":4,"href":"https:\/\/beta.fidealis.com\/es\/wp-json\/wp\/v2\/pages\/15484\/revisions"}],"predecessor-version":[{"id":15980,"href":"https:\/\/beta.fidealis.com\/es\/wp-json\/wp\/v2\/pages\/15484\/revisions\/15980"}],"up":[{"embeddable":true,"href":"https:\/\/beta.fidealis.com\/es\/wp-json\/wp\/v2\/pages\/15485"}],"wp:attachment":[{"href":"https:\/\/beta.fidealis.com\/es\/wp-json\/wp\/v2\/media?parent=15484"}],"curies":[{"name":"wp","href":"https:\/\/api.w.org\/{rel}","templated":true}]}}