{"id":15485,"date":"2018-06-12T00:00:00","date_gmt":"2018-06-11T22:00:00","guid":{"rendered":"https:\/\/www.fidealis.com\/propriete-intellectuelle"},"modified":"2020-04-13T16:52:27","modified_gmt":"2020-04-13T14:52:27","slug":"propiedad-intelectual","status":"publish","type":"page","link":"https:\/\/beta.fidealis.com\/es\/propiedad-intelectual\/","title":{"rendered":"Propiedad intelectual"},"content":{"rendered":"<section class=\"cover imagebg text-center height-60 section--ken-burns\" data-overlay=\"4\">\n        <div class=\"background-image-holder\"><img alt=\"\" src=\"https:\/\/beta.fidealis.com\/wp-content\/uploads\/2018\/06\/OCD8BX0.jpg\"><\/div>\n        <div class=\"container pos-vertical-center\">\n            <div class=\"row\">\n                <div class=\"col-sm-8 col-md-9\">\n                    \n                        <h1>La propiedad intelectual<\/h1>\n                    \n                <\/div>\n            <\/div>\n            <!--end of row-->\n        <\/div>\n        <!--end of container-->\n    <\/section>\n    <section class=\"bg--secondary space--xxs\">\n        <div class=\"container\">\n            <div class=\"row\">\n                <div class=\"cta cta--horizontal text-center-xs\">\n                    <div class=\"col-sm-4\">\n                        <h4>Su dep\u00f3sito a partir de 95\u20ac<\/h4>\n                    <\/div>\n                    <div class=\"col-sm-5\">\n                        <p class=\"lead\">Soluci\u00f3n para la protecci\u00f3n de la propiedad intelectual. <\/p>\n                    <\/div>\n                    <div class=\"col-sm-3 text-right text-center-xs\">\n                        <a title=\"\" class=\"btn btn--primary type--uppercase\" href=\"https:\/\/beta.fidealis.com\/es\/qui-sommes-nous\/contactez-nous\/\" target=\"\" rel=\"\"> <span class=\"btn__text\">solicitud de contacto<\/span> <\/a>\n                    <\/div>\n                <\/div>\n            <\/div>\n            <!--end of row-->\n        <\/div>\n        <!--end of container-->\n    <\/section>\n    <section class=\"switchable feature-large  space--xxs text-justify\">\n        <div class=\"container\">\n            <div class=\"row\">\n                <div class=\"col-sm-6 col-md-6\">\n                    <div class=\"switchable__text\">\n                        <p class=\"lead\">La propiedad intelectual es un dominio legal que otorga a los creadores derechos exclusivos sobre sus creaciones intelectuales. El t\u00e9rmino propiedad intelectual parec\u00eda aparecer en la ley solo en 1967 con la creaci\u00f3n de la Organizaci\u00f3n Mundial de la Propiedad Intelectual (OMPI). La concepci\u00f3n de la propiedad intelectual francesa consiste entonces en un arbitraje entre, por un lado, medidas de protecci\u00f3n destinadas a fomentar la creaci\u00f3n y, por otro lado, medidas que permitan la divulgaci\u00f3n de obras.<\/p>\n                        <h2 style=\"text-align: left;\">La propiedad industrial<\/h2>\n                        <p class=\"lead\"><span style=\"font-weight: 400;\">La ley de <a href=\"https:\/\/beta.fidealis.com\/es\/propriete-intellectuelle\/propriete-industrielle\/\">propiedad industrial<\/a> protege los inventos y las creaciones industriales o comerciales al otorgar a su creador el monopolio de la explotaci\u00f3n. La propiedad industrial protege as\u00ed los inventos t\u00e9cnicos con la presentaci\u00f3n de patentes, creaciones est\u00e9ticas con el r\u00e9gimen de dise\u00f1o y, finalmente, los signos distintivos con la presentaci\u00f3n de marcas e indicaciones geogr\u00e1ficas.<\/span><\/p>\n                    <\/div>\n                <\/div>\n                <div class=\"col-sm-5\">\n                    <div class=\"boxed boxed--lg boxed--border\">\n                        <div class=\"feature feature-2\"> <i class=\"icon color--primary icon-Libra-2\"><\/i>\n                            <div class=\"feature__body\">\n                                <h5>Pruebas reconocidas de los tribunales.<\/h5>\n                                <p>Reconocimiento por tribunales de todo el mundo.<\/p>\n                            <\/div>\n                        <\/div>\n                        <!--end feature-->\n                        <div class=\"feature feature-2\"> <i class=\"icon color--primary icon-Security-Check\"><\/i>\n                            <div class=\"feature__body\">\n                                <h5>Certificados de agente judicial v\u00e1lidos de por vida<\/h5>\n                                <p>Construya pruebas v\u00e1lidas para toda la vida.<\/p>\n                            <\/div>\n                        <\/div>\n                        <div class=\"feature feature-2\"> <i class=\"icon color--primary icon-Font-Window\"><\/i>\n                            <div class=\"feature__body\">\n                                <h5>Sus dep\u00f3sitos son v\u00e1lidos en 11 idiomas.<\/h5>\n                                <p style=\"text-align: left;\">Dispone de sus dep\u00f3sitos en franc\u00e9s, ingl\u00e9s, italiano, chino, alem\u00e1n, portugu\u00e9s, \u00e1rabe, espa\u00f1ol, coreano, japon\u00e9s y ruso.<\/p>\n                            <\/div>\n                        <\/div>\n                        <!--end feature-->\n                        <div class=\"feature feature-2\"> <i class=\"icon color--primary icon-Windows-2\"><\/i>\n                            <div class=\"feature__body\">\n                                <h5>Su evidencia disponible 24\/7<\/h5>\n                                <p>Recibo de dep\u00f3sito disponible en l\u00ednea 24\/7.<\/p>\n                            <\/div>\n                        <\/div>\n                        <!--end feature-->\n                    <\/div>\n                <\/div>\n            <\/div>\n            <!--end of row-->\n        <\/div>\n        <!--end of container-->\n    <\/section>\n    <section class=\"bg--secondary text-center space--xxs\">\n        <div class=\"container\">\n            <div class=\"row\">\n                <div class=\"col-sm-12\">\n                    <h2 class=\"addtoppad\">\u00bfC\u00f3mo depositar y proteger mis modelos con Fidealis?<\/h2>\n                <\/div>\n            <\/div>\n            <!--end of row-->\n        <\/div>\n        <!--end of container-->\n    <\/section>\n    <section class=\"bg--secondary space--xs\">\n        <div class=\"container\">\n            <div class=\"row\">\n                <div class=\"col-sm-4\">\n                    <div class=\"feature feature-2 boxed boxed--border\"> <i class=\"icon color--primary icon-Checked-User\"><\/i>\n                        <div class=\"feature__body\">\n                            <p style=\"text-align: center;\"><span class=\"h1 h1--medium\" style=\"color: #d93d3d;\">1.<\/span><\/p>\n                            <h4 style=\"text-align: center;\">Se inscribe<\/h4>\n                            <p style=\"text-align: center;\">Se inscribe gratuitamente&nbsp;<br>Ning\u00fan pago requerido&nbsp;<\/p>\n                        <\/div>\n                    <\/div>\n                    <!--end feature-->\n                <\/div>\n                <div class=\"col-sm-4\">\n                    <div class=\"feature feature-2 boxed boxed--border\"> <i class=\"icon color--primary icon-Security-Settings\"><\/i>\n                        <div class=\"feature__body\">\n                            <p style=\"text-align: center;\"><span class=\"h1 h1--medium\" style=\"color: #d93d3d;\">2.<\/span><\/p>\n                            <h4 style=\"text-align: center;\">Le guiamos<\/h4>\n                            <p style=\"text-align: center;\">Elija una oferta adaptada a sus necesidades con un consultor.<\/p>\n                        <\/div>\n                    <\/div>\n                    <!--end feature-->\n                <\/div>\n                <div class=\"col-sm-4\">\n                    <div class=\"feature feature-2 boxed boxed--border\"> <i class=\"icon color--primary icon-Security-Check\"><\/i>\n                        <div class=\"feature__body\">\n                            <p style=\"text-align: center;\"><span class=\"h1 h1--medium\" style=\"color: #d93d3d;\">3.<\/span><\/p>\n                            <h4 style=\"text-align: center;\">Le protegemos<\/h4>\n                            <p style=\"text-align: center;\">Descargue sus creaciones en l\u00ednea. <br>\u00a1Est\u00e1 protegido!<\/p>\n                        <\/div>\n                    <\/div>\n                    <!--end feature-->\n                <\/div>\n            <\/div>\n            <!--end of row-->\n        <\/div>\n        <!--end of container-->\n    <\/section>\n    <section class=\"text-center  bg--secondary space--xxs\">\n        <div class=\"container\">\n            <div class=\"row\">\n                <div class=\"col-sm-8 col-md-6\">\n                    <div class=\"cta\"> <a title=\"\" class=\"btn type--uppercase inner-link btn--primary\" href=\"https:\/\/beta.fidealis.com\/es\/inscription\" target=\"_blank\" rel=\"noopener\"><span class=\"btn__text\">inscribirse ahora<\/span>                    <\/a>\n                        \n                            <p class=\"type--fine-print\" style=\"margin-top: 0.03em; margin-bottom: 1.2em;\">No se requiere tarjeta de cr\u00e9dito<\/p>\n                        \n                    <\/div>\n                <\/div>\n            <\/div>\n            <!--end of row-->\n        <\/div>\n        <!--end of container-->\n    <\/section>\n    <section class=\"text-justify space--xxs\">\n        <div class=\"container\">\n            <div class=\"row\">\n                <div class=\"col-sm-6\">\n                    <div class=\"col-left-custom\">\n                        <h2 style=\"text-align: left;\">La propiedad literaria y art\u00edstica<\/h2>\n                        <p class=\"lead\"><span style=\"font-weight: 400;\">La<a href=\"https:\/\/beta.fidealis.com\/es\/propriete-intellectuelle\/propriete-litteraire-et-artistique\/\"> propiedad literaria y art\u00edstica<\/a> protege las obras de la mente. En Francia, la propiedad literaria y art\u00edstica se refiere al derecho de autor pero tambi\u00e9n a los derechos conexos. Estos derechos conexos protegen a las personas que, aunque no son autores, tienen una conexi\u00f3n particular con una obra.<\/span><\/p>\n                        <h2 style=\"text-align: left;\">El derecho de autor<\/h2>\n                        <p class=\"lead\"><span style=\"font-weight: 400;\">En Francia, al crear una obra de la mente, los <a href=\"http:\/\/En Francia, al crear una obra de la mente, los derechos de autor confieren un monopolio de explotaci\u00f3n al autor o sus sucesores en una obra del esp\u00edritu original. Esta protecci\u00f3n se otorga en la creaci\u00f3n de la obra sin que se requieran formalidades de registro. Sin embargo, esta protecci\u00f3n es limitada en caso de disputa y debe completarse.\" data-wplink-url-error=\"true\">derechos de autor<\/a> confieren un monopolio de explotaci\u00f3n al autor o sus sucesores en una obra del esp\u00edritu original. Esta protecci\u00f3n se otorga en la creaci\u00f3n de la obra sin que se requieran formalidades de registro. Sin embargo, esta protecci\u00f3n es limitada en caso de disputa y debe completarse.<\/span><\/p>\n                        <h2 style=\"text-align: left;\">El Copyright<\/h2>\n                        <p class=\"lead\"><span style=\"font-weight: 400;\">Como se mencion\u00f3 anteriormente, cuando se crea una obra original de la mente, se le da el monopolio de la explotaci\u00f3n. Por otro lado, esta protecci\u00f3n es limitada en caso de litigio porque entonces tendr\u00e1 que traer prueba de su anterioridad. Por lo tanto, es necesario completar los derechos de autor por medio de un <a href=\"https:\/\/beta.fidealis.com\/es\/propriete-intellectuelle\/le-copyright\/\">dep\u00f3sito o Copyright.<\/a><\/span><\/p>\n                    <\/div>\n                <\/div>\n                <div class=\"col-sm-6\">\n                    <div class=\"col-right-custom\">\n                        <h2 style=\"text-align: left;\">La falsificaci\u00f3n<\/h2>\n                        <p class=\"lead\"><span style=\"font-weight: 400;\">Esta <a href=\"https:\/\/beta.fidealis.com\/es\/propriete-intellectuelle\/eviter-la-contrefacon\/\">falsificaci\u00f3n<\/a> puede ser una reproducci\u00f3n, una imitaci\u00f3n o el uso total o parcial de su derecho de propiedad intelectual. La ley francesa protege a los creadores contra la falsificaci\u00f3n. Sin embargo, es necesario poder demostrar sus derechos sobre la creaci\u00f3n en cuesti\u00f3n.<\/span><\/p>\n                        <h2 style=\"text-align: left;\">El secreto<\/h2>\n                        <p class=\"lead\"><span style=\"font-weight: 400;\">Las empresas utilizan el secreto para proteger cierta informaci\u00f3n que no desean divulgar a la competencia. A menudo resulta en acuerdos de confidencialidad. En ausencia de una ley espec\u00edfica en Francia que proteja esta informaci\u00f3n confidencial, la protecci\u00f3n otorgada por el <a href=\"https:\/\/beta.fidealis.com\/es\/propriete-intellectuelle\/le-secret\/\">secreto<\/a> sigue siendo limitada en caso de litigio.<\/span><\/p>\n                        <h2 style=\"text-align: left;\">Propiedad intelectual en el exterior<\/h2>\n                        <p class=\"lead\"><span style=\"font-weight: 400;\">El comercio internacional obliga a unificar los diversos reg\u00edmenes nacionales de protecci\u00f3n. Por eso se cre\u00f3 la <a href=\"http:\/\/www.wipo.int\/portal\/fr\/\">OMPI<\/a> en 1967. Esta organizaci\u00f3n cuenta con 191 miembros y promueve el desarrollo de un sistema internacional de propiedad intelectual que sea equilibrado y efectivo. Este sistema promueve la innovaci\u00f3n y la creatividad en una sociedad globalizada.<\/span><\/p>\n                    <\/div>\n                <\/div>\n                <div class=\"col-sm-6\"> <\/div>\n            <\/div>\n            <!--end of row-->\n        <\/div>\n        <!--end of container-->\n    <\/section>\n    <section class=\"unpad--bottom switchable cta cta-3  bg--secondary text-center\">\n        <div class=\"container\">\n            <div class=\"row\">\n                <div class=\"col-sm-6 col-md-6\">\n                    <div class=\"switchable__text\">\n                        \n                            <h2>Fidealis, proteja su propiedad intelectual<\/h2>\n                            <p class=\"lead\">La soluci\u00f3n pionera en la protecci\u00f3n de dise\u00f1os y colecciones, que re\u00fane las tecnolog\u00edas de la firma electr\u00f3nica, la marca de tiempo y blockchain. Sus creaciones se certifican instant\u00e1neamente y se archivan en paralelo con el agente judicial.<\/p>\n                        \n                        <a title=\"\" class=\"btn type--uppercase inner-link btn--primary\" href=\"https:\/\/beta.fidealis.com\/es\/inscription\" target=\"_blank\" rel=\"noopener\"> <span class=\"btn__text\">inscribirse gratuitamente<\/span><span class=\"label\">sin tc<\/span> <\/a>\n                    <\/div>\n                <\/div>\n                <div class=\"col-sm-6 col-md-5\"> <img class=\"block\" alt=\"\" src=\"https:\/\/beta.fidealis.com\/wp-content\/uploads\/2017\/04\/avatar-large-1.png\"> <\/div>\n            <\/div>\n            <!--end of row-->\n        <\/div>\n        <!--end of container-->\n    <\/section>","protected":false},"excerpt":{"rendered":"<p>La propiedad intelectual Su dep\u00f3sito a partir de 95\u20ac Soluci\u00f3n para la protecci\u00f3n de la propiedad intelectual. solicitud de contacto La propiedad&#8230;<\/p>\n","protected":false},"author":1,"featured_media":0,"parent":0,"menu_order":0,"comment_status":"closed","ping_status":"closed","template":"","meta":{"_joinchat":[]},"yoast_head":"<!-- This site is optimized with the Yoast SEO plugin v20.3 - https:\/\/yoast.com\/wordpress\/plugins\/seo\/ -->\n<title>Fidealis descifra el mundo de la propiedad intelectual para usted<\/title>\n<meta name=\"description\" content=\"La propiedad intelectual es un \u00e1rea legal que otorga a los creadores derechos exclusivos sobre sus creaciones intelectuales. Fidealis explica todo sobre la propiedad intelectual y sus l\u00edmites.\" \/>\n<meta name=\"robots\" content=\"noindex, follow, max-snippet:-1, max-image-preview:large, max-video-preview:-1\" \/>\n<meta property=\"og:locale\" content=\"es_ES\" \/>\n<meta property=\"og:type\" content=\"article\" \/>\n<meta property=\"og:title\" content=\"Fidealis descifra el mundo de la propiedad intelectual para usted\" \/>\n<meta property=\"og:description\" content=\"La propiedad intelectual es un \u00e1rea legal que otorga a los creadores derechos exclusivos sobre sus creaciones intelectuales. Fidealis explica todo sobre la propiedad intelectual y sus l\u00edmites.\" \/>\n<meta property=\"og:url\" content=\"https:\/\/beta.fidealis.com\/es\/propiedad-intelectual\/\" \/>\n<meta property=\"og:site_name\" content=\"Fidealis\" \/>\n<meta property=\"article:publisher\" content=\"https:\/\/www.facebook.com\/Fidealis-573887362622849\/\" \/>\n<meta property=\"article:modified_time\" content=\"2020-04-13T14:52:27+00:00\" \/>\n<meta name=\"twitter:card\" content=\"summary_large_image\" \/>\n<script type=\"application\/ld+json\" class=\"yoast-schema-graph\">{\"@context\":\"https:\/\/schema.org\",\"@graph\":[{\"@type\":\"WebPage\",\"@id\":\"https:\/\/beta.fidealis.com\/es\/propiedad-intelectual\/\",\"url\":\"https:\/\/beta.fidealis.com\/es\/propiedad-intelectual\/\",\"name\":\"Fidealis descifra el mundo de la propiedad intelectual para usted\",\"isPartOf\":{\"@id\":\"https:\/\/beta.fidealis.com\/#website\"},\"datePublished\":\"2018-06-11T22:00:00+00:00\",\"dateModified\":\"2020-04-13T14:52:27+00:00\",\"description\":\"La propiedad intelectual es un \u00e1rea legal que otorga a los creadores derechos exclusivos sobre sus creaciones intelectuales. Fidealis explica todo sobre la propiedad intelectual y sus l\u00edmites.\",\"breadcrumb\":{\"@id\":\"https:\/\/beta.fidealis.com\/es\/propiedad-intelectual\/#breadcrumb\"},\"inLanguage\":\"es\",\"potentialAction\":[{\"@type\":\"ReadAction\",\"target\":[\"https:\/\/beta.fidealis.com\/es\/propiedad-intelectual\/\"]}]},{\"@type\":\"BreadcrumbList\",\"@id\":\"https:\/\/beta.fidealis.com\/es\/propiedad-intelectual\/#breadcrumb\",\"itemListElement\":[{\"@type\":\"ListItem\",\"position\":1,\"name\":\"Accueil\",\"item\":\"https:\/\/beta.fidealis.com\/es\/\"},{\"@type\":\"ListItem\",\"position\":2,\"name\":\"Propiedad intelectual\"}]},{\"@type\":\"WebSite\",\"@id\":\"https:\/\/beta.fidealis.com\/#website\",\"url\":\"https:\/\/beta.fidealis.com\/\",\"name\":\"Fidealis\",\"description\":\"Fidealis: vous cr\u00e9ez, nous prot\u00e9geons.\",\"publisher\":{\"@id\":\"https:\/\/beta.fidealis.com\/#organization\"},\"potentialAction\":[{\"@type\":\"SearchAction\",\"target\":{\"@type\":\"EntryPoint\",\"urlTemplate\":\"https:\/\/beta.fidealis.com\/?s={search_term_string}\"},\"query-input\":\"required name=search_term_string\"}],\"inLanguage\":\"es\"},{\"@type\":\"Organization\",\"@id\":\"https:\/\/beta.fidealis.com\/#organization\",\"name\":\"Fidealis\",\"url\":\"https:\/\/beta.fidealis.com\/\",\"logo\":{\"@type\":\"ImageObject\",\"inLanguage\":\"es\",\"@id\":\"https:\/\/beta.fidealis.com\/#\/schema\/logo\/image\/\",\"url\":\"https:\/\/www.fidealis.com\/wp-content\/uploads\/2018\/04\/logo-fidealis.png\",\"contentUrl\":\"https:\/\/www.fidealis.com\/wp-content\/uploads\/2018\/04\/logo-fidealis.png\",\"width\":525,\"height\":205,\"caption\":\"Fidealis\"},\"image\":{\"@id\":\"https:\/\/beta.fidealis.com\/#\/schema\/logo\/image\/\"},\"sameAs\":[\"https:\/\/www.facebook.com\/Fidealis-573887362622849\/\"]}]}<\/script>\n<!-- \/ Yoast SEO plugin. -->","yoast_head_json":{"title":"Fidealis descifra el mundo de la propiedad intelectual para usted","description":"La propiedad intelectual es un \u00e1rea legal que otorga a los creadores derechos exclusivos sobre sus creaciones intelectuales. Fidealis explica todo sobre la propiedad intelectual y sus l\u00edmites.","robots":{"index":"noindex","follow":"follow","max-snippet":"max-snippet:-1","max-image-preview":"max-image-preview:large","max-video-preview":"max-video-preview:-1"},"og_locale":"es_ES","og_type":"article","og_title":"Fidealis descifra el mundo de la propiedad intelectual para usted","og_description":"La propiedad intelectual es un \u00e1rea legal que otorga a los creadores derechos exclusivos sobre sus creaciones intelectuales. Fidealis explica todo sobre la propiedad intelectual y sus l\u00edmites.","og_url":"https:\/\/beta.fidealis.com\/es\/propiedad-intelectual\/","og_site_name":"Fidealis","article_publisher":"https:\/\/www.facebook.com\/Fidealis-573887362622849\/","article_modified_time":"2020-04-13T14:52:27+00:00","twitter_card":"summary_large_image","schema":{"@context":"https:\/\/schema.org","@graph":[{"@type":"WebPage","@id":"https:\/\/beta.fidealis.com\/es\/propiedad-intelectual\/","url":"https:\/\/beta.fidealis.com\/es\/propiedad-intelectual\/","name":"Fidealis descifra el mundo de la propiedad intelectual para usted","isPartOf":{"@id":"https:\/\/beta.fidealis.com\/#website"},"datePublished":"2018-06-11T22:00:00+00:00","dateModified":"2020-04-13T14:52:27+00:00","description":"La propiedad intelectual es un \u00e1rea legal que otorga a los creadores derechos exclusivos sobre sus creaciones intelectuales. Fidealis explica todo sobre la propiedad intelectual y sus l\u00edmites.","breadcrumb":{"@id":"https:\/\/beta.fidealis.com\/es\/propiedad-intelectual\/#breadcrumb"},"inLanguage":"es","potentialAction":[{"@type":"ReadAction","target":["https:\/\/beta.fidealis.com\/es\/propiedad-intelectual\/"]}]},{"@type":"BreadcrumbList","@id":"https:\/\/beta.fidealis.com\/es\/propiedad-intelectual\/#breadcrumb","itemListElement":[{"@type":"ListItem","position":1,"name":"Accueil","item":"https:\/\/beta.fidealis.com\/es\/"},{"@type":"ListItem","position":2,"name":"Propiedad intelectual"}]},{"@type":"WebSite","@id":"https:\/\/beta.fidealis.com\/#website","url":"https:\/\/beta.fidealis.com\/","name":"Fidealis","description":"Fidealis: vous cr\u00e9ez, nous prot\u00e9geons.","publisher":{"@id":"https:\/\/beta.fidealis.com\/#organization"},"potentialAction":[{"@type":"SearchAction","target":{"@type":"EntryPoint","urlTemplate":"https:\/\/beta.fidealis.com\/?s={search_term_string}"},"query-input":"required name=search_term_string"}],"inLanguage":"es"},{"@type":"Organization","@id":"https:\/\/beta.fidealis.com\/#organization","name":"Fidealis","url":"https:\/\/beta.fidealis.com\/","logo":{"@type":"ImageObject","inLanguage":"es","@id":"https:\/\/beta.fidealis.com\/#\/schema\/logo\/image\/","url":"https:\/\/www.fidealis.com\/wp-content\/uploads\/2018\/04\/logo-fidealis.png","contentUrl":"https:\/\/www.fidealis.com\/wp-content\/uploads\/2018\/04\/logo-fidealis.png","width":525,"height":205,"caption":"Fidealis"},"image":{"@id":"https:\/\/beta.fidealis.com\/#\/schema\/logo\/image\/"},"sameAs":["https:\/\/www.facebook.com\/Fidealis-573887362622849\/"]}]}},"_links":{"self":[{"href":"https:\/\/beta.fidealis.com\/es\/wp-json\/wp\/v2\/pages\/15485"}],"collection":[{"href":"https:\/\/beta.fidealis.com\/es\/wp-json\/wp\/v2\/pages"}],"about":[{"href":"https:\/\/beta.fidealis.com\/es\/wp-json\/wp\/v2\/types\/page"}],"author":[{"embeddable":true,"href":"https:\/\/beta.fidealis.com\/es\/wp-json\/wp\/v2\/users\/1"}],"replies":[{"embeddable":true,"href":"https:\/\/beta.fidealis.com\/es\/wp-json\/wp\/v2\/comments?post=15485"}],"version-history":[{"count":2,"href":"https:\/\/beta.fidealis.com\/es\/wp-json\/wp\/v2\/pages\/15485\/revisions"}],"predecessor-version":[{"id":15977,"href":"https:\/\/beta.fidealis.com\/es\/wp-json\/wp\/v2\/pages\/15485\/revisions\/15977"}],"wp:attachment":[{"href":"https:\/\/beta.fidealis.com\/es\/wp-json\/wp\/v2\/media?parent=15485"}],"curies":[{"name":"wp","href":"https:\/\/api.w.org\/{rel}","templated":true}]}}