{"id":15486,"date":"2018-06-19T00:00:00","date_gmt":"2018-06-18T22:00:00","guid":{"rendered":"https:\/\/www.fidealis.com\/solutions-depot-pour-entreprises\/protection-agroalimentaire"},"modified":"2020-04-13T17:39:31","modified_gmt":"2020-04-13T15:39:31","slug":"proteccion-agroalimentaria","status":"publish","type":"page","link":"https:\/\/beta.fidealis.com\/es\/nuestras-soluciones\/proteccion-agroalimentaria\/","title":{"rendered":"La protecci\u00f3n de una innovaci\u00f3n agroalimentaria."},"content":{"rendered":"<section class=\"cover imagebg text-center height-60 section--ken-burns\" data-overlay=\"4\">\n        <div class=\"background-image-holder\"><img alt=\"\" src=\"https:\/\/beta.fidealis.com\/wp-content\/uploads\/2018\/07\/protection-agroalimentaire.jpg\"><\/div>\n        <div class=\"container pos-vertical-center\">\n            <div class=\"row\">\n                <div class=\"col-sm-8 col-md-9\">\n                    \n                        <h1 style=\"text-align: center;\">La protecci\u00f3n de las innovaciones agroalimentarias.<\/h1>\n                    \n                <\/div>\n            <\/div>\n            <!--end of row-->\n        <\/div>\n        <!--end of container-->\n    <\/section>\n    <section class=\"bg--secondary space--xxs\">\n        <div class=\"container\">\n            <div class=\"row\">\n                <div class=\"cta cta--horizontal text-center-xs\">\n                    <div class=\"col-sm-4\">\n                        <h4>Su dep\u00f3sito a partir de 95\u20ac<\/h4>\n                    <\/div>\n                    <div class=\"col-sm-5\">\n                        <p class=\"lead\"> Soluci\u00f3n para proteger las innovaciones agroalimentarias.<\/p>\n                    <\/div>\n                    <div class=\"col-sm-3 text-right text-center-xs\">\n                        <a title=\"\" class=\"btn btn--primary type--uppercase\" href=\"https:\/\/beta.fidealis.com\/es\/qui-sommes-nous\/contactez-nous\/\" target=\"\" rel=\"\"> <span class=\"btn__text\">solicitud de contacto<\/span> <\/a>\n                    <\/div>\n                <\/div>\n            <\/div>\n            <!--end of row-->\n        <\/div>\n        <!--end of container-->\n    <\/section>\n    <section class=\"switchable feature-large  space--xxs text-justify\">\n        <div class=\"container\">\n            <div class=\"row\">\n                <div class=\"col-sm-6 col-md-6\">\n                    <div class=\"switchable__text\">\n                        <p class=\"lead\"><span style=\"font-weight: 400;\">La protecci\u00f3n de una innovaci\u00f3n agroalimentaria representa un <strong>gran desaf\u00edo<\/strong> para la <a href=\"https:\/\/beta.fidealis.com\/es\/solutions-depot-pour-entreprises\/\">competitividad de las empresas<\/a> de este sector. Sin embargo, los agronegocios tienen poco uso para presentar sus innovaciones.<\/span><\/p>\n                        <p class=\"lead\">Sin embargo, poner sus innovaciones como una empresa de agro-negocios es esencial. Estas innovaciones pueden ser recetas, c\u00f3cteles, procesos de cocci\u00f3n o diversos elementos visuales. El dep\u00f3sito ayuda a <strong>proteger sus innovaciones y evitar cualquier falsificaci\u00f3n.<\/strong><\/p>\n                        <p class=\"lead\">La presentaci\u00f3n de patentes no siempre es adecuada para la protecci\u00f3n de las innovaciones en el sector agroalimentario. Para que una innovaci\u00f3n sea patentable, debe ser una nueva innovaci\u00f3n t\u00e9cnica. Sin embargo, una receta es esencialmente un saber hacer. La presentaci\u00f3n de patentes tambi\u00e9n es una empresa comercial larga y costosa.<\/p>\n                    <\/div>\n                <\/div>\n                <div class=\"col-sm-5\">\n                    <div class=\"boxed boxed--lg boxed--border\">\n                        <div class=\"feature feature-2\"> <i class=\"icon color--primary icon-Libra-2\"><\/i>\n                            <div class=\"feature__body\">\n                                <h5>Pruebas reconocidas de los tribunales.<\/h5>\n                                <p>Reconocimiento por tribunales de todo el mundo.<\/p>\n                            <\/div>\n                        <\/div>\n                        <!--end feature-->\n                        <div class=\"feature feature-2\"> <i class=\"icon color--primary icon-Security-Check\"><\/i>\n                            <div class=\"feature__body\">\n                                <h5>Certificados de agente judicial v\u00e1lidos de por vida<\/h5>\n                                <p>Construya pruebas v\u00e1lidas para toda la vida.<\/p>\n                            <\/div>\n                        <\/div>\n                        <div class=\"feature feature-2\"> <i class=\"icon color--primary icon-Font-Window\"><\/i>\n                            <div class=\"feature__body\">\n                                <h5>Sus dep\u00f3sitos son v\u00e1lidos en 11 idiomas.<\/h5>\n                                <p style=\"text-align: left;\">Dispone de sus dep\u00f3sitos en franc\u00e9s, ingl\u00e9s, italiano, chino, alem\u00e1n, portugu\u00e9s, \u00e1rabe, espa\u00f1ol, coreano, japon\u00e9s y ruso.<\/p>\n                            <\/div>\n                        <\/div>\n                        <!--end feature-->\n                        <div class=\"feature feature-2\"> <i class=\"icon color--primary icon-Windows-2\"><\/i>\n                            <div class=\"feature__body\">\n                                <h5>Su evidencia disponible 24\/7<\/h5>\n                                <p>Recibo de dep\u00f3sito disponible en l\u00ednea 24\/7.<\/p>\n                            <\/div>\n                        <\/div>\n                        <!--end feature-->\n                    <\/div>\n                <\/div>\n            <\/div>\n            <!--end of row-->\n        <\/div>\n        <!--end of container-->\n    <\/section>\n    <section class=\"bg--secondary text-center space--xxs\">\n        <div class=\"container\">\n            <div class=\"row\">\n                <div class=\"col-sm-12\">\n                    <h2 class=\"addtoppad\">Fidealis me acompa\u00f1a en la protecci\u00f3n de mis inventos.<\/h2>\n                <\/div>\n            <\/div>\n            <!--end of row-->\n        <\/div>\n        <!--end of container-->\n    <\/section>\n    <section class=\"bg--secondary space--xs\">\n        <div class=\"container\">\n            <div class=\"row\">\n                <div class=\"col-sm-4\">\n                    <div class=\"feature feature-2 boxed boxed--border\"> <i class=\"icon color--primary icon-Checked-User\"><\/i>\n                        <div class=\"feature__body\">\n                            <p style=\"text-align: center;\"><span class=\"h1 h1--medium\" style=\"color: #d93d3d;\">1.<\/span><\/p>\n                            <h4 style=\"text-align: center;\">Se inscribe<\/h4>\n                            <p style=\"text-align: center;\">Se inscribe gratuitamente&nbsp;<br>Ning\u00fan pago requerido&nbsp;<\/p>\n                        <\/div>\n                    <\/div>\n                    <!--end feature-->\n                <\/div>\n                <div class=\"col-sm-4\">\n                    <div class=\"feature feature-2 boxed boxed--border\"> <i class=\"icon color--primary icon-Security-Settings\"><\/i>\n                        <div class=\"feature__body\">\n                            <p style=\"text-align: center;\"><span class=\"h1 h1--medium\" style=\"color: #d93d3d;\">2.<\/span><\/p>\n                            <h4 style=\"text-align: center;\">Le guiamos<\/h4>\n                            <p style=\"text-align: center;\">Elija una oferta adaptada a sus necesidades con un consultor.<\/p>\n                        <\/div>\n                    <\/div>\n                    <!--end feature-->\n                <\/div>\n                <div class=\"col-sm-4\">\n                    <div class=\"feature feature-2 boxed boxed--border\"> <i class=\"icon color--primary icon-Security-Check\"><\/i>\n                        <div class=\"feature__body\">\n                            <p style=\"text-align: center;\"><span class=\"h1 h1--medium\" style=\"color: #d93d3d;\">3.<\/span><\/p>\n                            <h4 style=\"text-align: center;\">Le protegemos<\/h4>\n                            <p style=\"text-align: center;\">Descargue sus creaciones en l\u00ednea. <br>\u00a1Est\u00e1 protegido!<\/p>\n                        <\/div>\n                    <\/div>\n                    <!--end feature-->\n                <\/div>\n            <\/div>\n            <!--end of row-->\n        <\/div>\n        <!--end of container-->\n    <\/section>\n    <section class=\"text-center  bg--secondary space--xxs\">\n        <div class=\"container\">\n            <div class=\"row\">\n                <div class=\"col-sm-8 col-md-6\">\n                    <div class=\"cta\"> <a title=\"\" class=\"btn type--uppercase inner-link btn--primary\" href=\"https:\/\/beta.fidealis.com\/es\/inscription\" target=\"_blank\" rel=\"noopener\"><span class=\"btn__text\">inscribirse ahora<\/span>                    <\/a>\n                        \n                            <p class=\"type--fine-print\" style=\"margin-top: 0.03em; margin-bottom: 1.2em;\">No se requiere tarjeta de cr\u00e9dito<\/p>\n                        \n                    <\/div>\n                <\/div>\n            <\/div>\n            <!--end of row-->\n        <\/div>\n        <!--end of container-->\n    <\/section>\n    <section class=\"text-justify space--xxs\">\n        <div class=\"container\">\n            <div class=\"row\">\n                <div class=\"col-sm-6\">\n                    <div class=\"col-left-custom\">\n                        <p class=\"lead\">Para presentar una patente, debe haber un per\u00edodo de 36 meses desde la fecha de dep\u00f3sito hasta su emisi\u00f3n, y un m\u00ednimo de 4000 \u20ac para un dep\u00f3sito simple en territorio franc\u00e9s.<\/p>\n                        <p class=\"lead\">Por eso, en <strong>Fidealis<\/strong>, ayudamos a las empresas de alimentos a proteger sus diferentes creaciones. El dep\u00f3sito de Copyright o modelo en Fidealis es una <strong>alternativa m\u00e1s barata y m\u00e1s accesible que la presentaci\u00f3n de la patente.<\/strong><\/p>\n                        <p class=\"lead\">Tambi\u00e9n le permite proteger recetas que no ser\u00edan patentables.<\/p>\n                    <\/div>\n                <\/div>\n                <div class=\"col-sm-6\">\n                    <div class=\"col-right-custom\">\n                        <p class=\"lead\">Presentar sus innovaciones alimentarias en Fidealis es una prueba de su creaci\u00f3n. Sus innovaciones son de su dep\u00f3sito, firmadas electr\u00f3nicamente y registradas con un agente judicial que les da una fecha determinada. La <strong>prueba de sus derechos de autor es infalificable<\/strong> y le permite protegerse contra cualquier infracci\u00f3n contra sus creaciones y defenderlo en el tribunal en caso de falsificaci\u00f3n.<\/p>\n                        <p class=\"lead\">Fidealis est\u00e1 al servicio de proteger sus innovaciones agroalimentarias.<\/p>\n                    <\/div>\n                <\/div>\n                <div class=\"col-sm-6\"> <\/div>\n            <\/div>\n            <!--end of row-->\n        <\/div>\n        <!--end of container-->\n    <\/section>\n    <section class=\"unpad--bottom switchable cta cta-3  bg--secondary text-center\">\n        <div class=\"container\">\n            <div class=\"row\">\n                <div class=\"col-sm-6 col-md-6\">\n                    <div class=\"switchable__text\">\n                        \n                            <h2 style=\"text-align: center;\">Fidealis,el dep\u00f3sito de creaciones agroalimentaria con total serenidad.<\/h2>\n                            <p class=\"lead\" style=\"text-align: center;\">La soluci\u00f3n pionera en la protecci\u00f3n de dise\u00f1os y colecciones, que re\u00fane las tecnolog\u00edas de la firma electr\u00f3nica, la marca de tiempo y blockchain. Sus creaciones se certifican instant\u00e1neamente y se archivan en paralelo con el agente judicial.<\/p>\n                        \n                        <a title=\"\" class=\"btn type--uppercase inner-link btn--primary\" href=\"https:\/\/beta.fidealis.com\/es\/inscription\" target=\"_blank\" rel=\"noopener\"> <span class=\"btn__text\">inscribirse gratuitamente<\/span><span class=\"label\">sin tc<\/span> <\/a>\n                    <\/div>\n                <\/div>\n                <div class=\"col-sm-6 col-md-5\"> <img class=\"block\" alt=\"solution de d\u00e9p\u00f4t et copyright dans l'agroalimentaire\" src=\"https:\/\/beta.fidealis.com\/wp-content\/uploads\/2018\/08\/protection-agroalimentaire.png\"> <\/div>\n            <\/div>\n            <!--end of row-->\n        <\/div>\n        <!--end of container-->\n    <\/section>","protected":false},"excerpt":{"rendered":"<p>La protecci\u00f3n de las innovaciones agroalimentarias. Su dep\u00f3sito a partir de 95\u20ac Soluci\u00f3n para proteger las innovaciones agroalimentarias. solicitud de contacto La&#8230;<\/p>\n","protected":false},"author":1,"featured_media":0,"parent":15491,"menu_order":0,"comment_status":"closed","ping_status":"closed","template":"","meta":{"_joinchat":[]},"yoast_head":"<!-- This site is optimized with the Yoast SEO plugin v20.3 - https:\/\/yoast.com\/wordpress\/plugins\/seo\/ -->\n<title>Fidealis Entreprises Solutions: innovaciones agroalimentarias<\/title>\n<meta name=\"description\" content=\"La protecci\u00f3n de una innovaci\u00f3n agroalimentaria representa un gran desaf\u00edo para la competitividad de las empresas de este sector. Sin embargo, las empresas agroalimentarias rara vez utilizan el dep\u00f3sito de sus innovaciones. Sin embargo, presentar sus innovaciones como empresa agroalimentaria es esencial. Fidealis te apoya\" \/>\n<meta name=\"robots\" content=\"noindex, follow, max-snippet:-1, max-image-preview:large, max-video-preview:-1\" \/>\n<meta property=\"og:locale\" content=\"es_ES\" \/>\n<meta property=\"og:type\" content=\"article\" \/>\n<meta property=\"og:title\" content=\"Fidealis Entreprises Solutions: innovaciones agroalimentarias\" \/>\n<meta property=\"og:description\" content=\"La protecci\u00f3n de una innovaci\u00f3n agroalimentaria representa un gran desaf\u00edo para la competitividad de las empresas de este sector. Sin embargo, las empresas agroalimentarias rara vez utilizan el dep\u00f3sito de sus innovaciones. Sin embargo, presentar sus innovaciones como empresa agroalimentaria es esencial. Fidealis te apoya\" \/>\n<meta property=\"og:url\" content=\"https:\/\/beta.fidealis.com\/es\/nuestras-soluciones\/proteccion-agroalimentaria\/\" \/>\n<meta property=\"og:site_name\" content=\"Fidealis\" \/>\n<meta property=\"article:publisher\" content=\"https:\/\/www.facebook.com\/Fidealis-573887362622849\/\" \/>\n<meta property=\"article:modified_time\" content=\"2020-04-13T15:39:31+00:00\" \/>\n<meta name=\"twitter:card\" content=\"summary_large_image\" \/>\n<script type=\"application\/ld+json\" class=\"yoast-schema-graph\">{\"@context\":\"https:\/\/schema.org\",\"@graph\":[{\"@type\":\"WebPage\",\"@id\":\"https:\/\/beta.fidealis.com\/es\/nuestras-soluciones\/proteccion-agroalimentaria\/\",\"url\":\"https:\/\/beta.fidealis.com\/es\/nuestras-soluciones\/proteccion-agroalimentaria\/\",\"name\":\"Fidealis Entreprises Solutions: innovaciones agroalimentarias\",\"isPartOf\":{\"@id\":\"https:\/\/beta.fidealis.com\/#website\"},\"datePublished\":\"2018-06-18T22:00:00+00:00\",\"dateModified\":\"2020-04-13T15:39:31+00:00\",\"description\":\"La protecci\u00f3n de una innovaci\u00f3n agroalimentaria representa un gran desaf\u00edo para la competitividad de las empresas de este sector. Sin embargo, las empresas agroalimentarias rara vez utilizan el dep\u00f3sito de sus innovaciones. Sin embargo, presentar sus innovaciones como empresa agroalimentaria es esencial. Fidealis te apoya\",\"breadcrumb\":{\"@id\":\"https:\/\/beta.fidealis.com\/es\/nuestras-soluciones\/proteccion-agroalimentaria\/#breadcrumb\"},\"inLanguage\":\"es\",\"potentialAction\":[{\"@type\":\"ReadAction\",\"target\":[\"https:\/\/beta.fidealis.com\/es\/nuestras-soluciones\/proteccion-agroalimentaria\/\"]}]},{\"@type\":\"BreadcrumbList\",\"@id\":\"https:\/\/beta.fidealis.com\/es\/nuestras-soluciones\/proteccion-agroalimentaria\/#breadcrumb\",\"itemListElement\":[{\"@type\":\"ListItem\",\"position\":1,\"name\":\"Accueil\",\"item\":\"https:\/\/beta.fidealis.com\/es\/\"},{\"@type\":\"ListItem\",\"position\":2,\"name\":\"Nuestras soluciones de archivo para empresas\",\"item\":\"https:\/\/beta.fidealis.com\/es\/nuestras-soluciones\/\"},{\"@type\":\"ListItem\",\"position\":3,\"name\":\"La protecci\u00f3n de una innovaci\u00f3n agroalimentaria.\"}]},{\"@type\":\"WebSite\",\"@id\":\"https:\/\/beta.fidealis.com\/#website\",\"url\":\"https:\/\/beta.fidealis.com\/\",\"name\":\"Fidealis\",\"description\":\"Fidealis: vous cr\u00e9ez, nous prot\u00e9geons.\",\"publisher\":{\"@id\":\"https:\/\/beta.fidealis.com\/#organization\"},\"potentialAction\":[{\"@type\":\"SearchAction\",\"target\":{\"@type\":\"EntryPoint\",\"urlTemplate\":\"https:\/\/beta.fidealis.com\/?s={search_term_string}\"},\"query-input\":\"required name=search_term_string\"}],\"inLanguage\":\"es\"},{\"@type\":\"Organization\",\"@id\":\"https:\/\/beta.fidealis.com\/#organization\",\"name\":\"Fidealis\",\"url\":\"https:\/\/beta.fidealis.com\/\",\"logo\":{\"@type\":\"ImageObject\",\"inLanguage\":\"es\",\"@id\":\"https:\/\/beta.fidealis.com\/#\/schema\/logo\/image\/\",\"url\":\"https:\/\/www.fidealis.com\/wp-content\/uploads\/2018\/04\/logo-fidealis.png\",\"contentUrl\":\"https:\/\/www.fidealis.com\/wp-content\/uploads\/2018\/04\/logo-fidealis.png\",\"width\":525,\"height\":205,\"caption\":\"Fidealis\"},\"image\":{\"@id\":\"https:\/\/beta.fidealis.com\/#\/schema\/logo\/image\/\"},\"sameAs\":[\"https:\/\/www.facebook.com\/Fidealis-573887362622849\/\"]}]}<\/script>\n<!-- \/ Yoast SEO plugin. -->","yoast_head_json":{"title":"Fidealis Entreprises Solutions: innovaciones agroalimentarias","description":"La protecci\u00f3n de una innovaci\u00f3n agroalimentaria representa un gran desaf\u00edo para la competitividad de las empresas de este sector. Sin embargo, las empresas agroalimentarias rara vez utilizan el dep\u00f3sito de sus innovaciones. Sin embargo, presentar sus innovaciones como empresa agroalimentaria es esencial. Fidealis te apoya","robots":{"index":"noindex","follow":"follow","max-snippet":"max-snippet:-1","max-image-preview":"max-image-preview:large","max-video-preview":"max-video-preview:-1"},"og_locale":"es_ES","og_type":"article","og_title":"Fidealis Entreprises Solutions: innovaciones agroalimentarias","og_description":"La protecci\u00f3n de una innovaci\u00f3n agroalimentaria representa un gran desaf\u00edo para la competitividad de las empresas de este sector. Sin embargo, las empresas agroalimentarias rara vez utilizan el dep\u00f3sito de sus innovaciones. Sin embargo, presentar sus innovaciones como empresa agroalimentaria es esencial. Fidealis te apoya","og_url":"https:\/\/beta.fidealis.com\/es\/nuestras-soluciones\/proteccion-agroalimentaria\/","og_site_name":"Fidealis","article_publisher":"https:\/\/www.facebook.com\/Fidealis-573887362622849\/","article_modified_time":"2020-04-13T15:39:31+00:00","twitter_card":"summary_large_image","schema":{"@context":"https:\/\/schema.org","@graph":[{"@type":"WebPage","@id":"https:\/\/beta.fidealis.com\/es\/nuestras-soluciones\/proteccion-agroalimentaria\/","url":"https:\/\/beta.fidealis.com\/es\/nuestras-soluciones\/proteccion-agroalimentaria\/","name":"Fidealis Entreprises Solutions: innovaciones agroalimentarias","isPartOf":{"@id":"https:\/\/beta.fidealis.com\/#website"},"datePublished":"2018-06-18T22:00:00+00:00","dateModified":"2020-04-13T15:39:31+00:00","description":"La protecci\u00f3n de una innovaci\u00f3n agroalimentaria representa un gran desaf\u00edo para la competitividad de las empresas de este sector. Sin embargo, las empresas agroalimentarias rara vez utilizan el dep\u00f3sito de sus innovaciones. Sin embargo, presentar sus innovaciones como empresa agroalimentaria es esencial. Fidealis te apoya","breadcrumb":{"@id":"https:\/\/beta.fidealis.com\/es\/nuestras-soluciones\/proteccion-agroalimentaria\/#breadcrumb"},"inLanguage":"es","potentialAction":[{"@type":"ReadAction","target":["https:\/\/beta.fidealis.com\/es\/nuestras-soluciones\/proteccion-agroalimentaria\/"]}]},{"@type":"BreadcrumbList","@id":"https:\/\/beta.fidealis.com\/es\/nuestras-soluciones\/proteccion-agroalimentaria\/#breadcrumb","itemListElement":[{"@type":"ListItem","position":1,"name":"Accueil","item":"https:\/\/beta.fidealis.com\/es\/"},{"@type":"ListItem","position":2,"name":"Nuestras soluciones de archivo para empresas","item":"https:\/\/beta.fidealis.com\/es\/nuestras-soluciones\/"},{"@type":"ListItem","position":3,"name":"La protecci\u00f3n de una innovaci\u00f3n agroalimentaria."}]},{"@type":"WebSite","@id":"https:\/\/beta.fidealis.com\/#website","url":"https:\/\/beta.fidealis.com\/","name":"Fidealis","description":"Fidealis: vous cr\u00e9ez, nous prot\u00e9geons.","publisher":{"@id":"https:\/\/beta.fidealis.com\/#organization"},"potentialAction":[{"@type":"SearchAction","target":{"@type":"EntryPoint","urlTemplate":"https:\/\/beta.fidealis.com\/?s={search_term_string}"},"query-input":"required name=search_term_string"}],"inLanguage":"es"},{"@type":"Organization","@id":"https:\/\/beta.fidealis.com\/#organization","name":"Fidealis","url":"https:\/\/beta.fidealis.com\/","logo":{"@type":"ImageObject","inLanguage":"es","@id":"https:\/\/beta.fidealis.com\/#\/schema\/logo\/image\/","url":"https:\/\/www.fidealis.com\/wp-content\/uploads\/2018\/04\/logo-fidealis.png","contentUrl":"https:\/\/www.fidealis.com\/wp-content\/uploads\/2018\/04\/logo-fidealis.png","width":525,"height":205,"caption":"Fidealis"},"image":{"@id":"https:\/\/beta.fidealis.com\/#\/schema\/logo\/image\/"},"sameAs":["https:\/\/www.facebook.com\/Fidealis-573887362622849\/"]}]}},"_links":{"self":[{"href":"https:\/\/beta.fidealis.com\/es\/wp-json\/wp\/v2\/pages\/15486"}],"collection":[{"href":"https:\/\/beta.fidealis.com\/es\/wp-json\/wp\/v2\/pages"}],"about":[{"href":"https:\/\/beta.fidealis.com\/es\/wp-json\/wp\/v2\/types\/page"}],"author":[{"embeddable":true,"href":"https:\/\/beta.fidealis.com\/es\/wp-json\/wp\/v2\/users\/1"}],"replies":[{"embeddable":true,"href":"https:\/\/beta.fidealis.com\/es\/wp-json\/wp\/v2\/comments?post=15486"}],"version-history":[{"count":2,"href":"https:\/\/beta.fidealis.com\/es\/wp-json\/wp\/v2\/pages\/15486\/revisions"}],"predecessor-version":[{"id":16016,"href":"https:\/\/beta.fidealis.com\/es\/wp-json\/wp\/v2\/pages\/15486\/revisions\/16016"}],"up":[{"embeddable":true,"href":"https:\/\/beta.fidealis.com\/es\/wp-json\/wp\/v2\/pages\/15491"}],"wp:attachment":[{"href":"https:\/\/beta.fidealis.com\/es\/wp-json\/wp\/v2\/media?parent=15486"}],"curies":[{"name":"wp","href":"https:\/\/api.w.org\/{rel}","templated":true}]}}