{"id":15489,"date":"2018-06-19T00:00:00","date_gmt":"2018-06-18T22:00:00","guid":{"rendered":"https:\/\/www.fidealis.com\/depot-copyright\/deposer-un-logo"},"modified":"2020-04-13T17:32:11","modified_gmt":"2020-04-13T15:32:11","slug":"deposito-de-un-logo","status":"publish","type":"page","link":"https:\/\/beta.fidealis.com\/es\/presentacion-de-modelos\/deposito-de-un-logo\/","title":{"rendered":"El deposito de un logo"},"content":{"rendered":"<section class=\"cover imagebg text-center height-60 section--ken-burns\" data-overlay=\"4\">\n        <div class=\"background-image-holder\"><img alt=\"\" src=\"https:\/\/beta.fidealis.com\/wp-content\/uploads\/2018\/06\/copyright-de-logo-charte.jpg\"><\/div>\n        <div class=\"container pos-vertical-center\">\n            <div class=\"row\">\n                <div class=\"col-sm-8 col-md-9\">\n                    \n                        <h1>Depositar y proteger un logotipo<\/h1>\n                    \n                <\/div>\n            <\/div>\n            <!--end of row-->\n        <\/div>\n        <!--end of container-->\n    <\/section>\n    <section class=\"bg--secondary space--xxs\">\n        <div class=\"container\">\n            <div class=\"row\">\n                <div class=\"cta cta--horizontal text-center-xs\">\n                    <div class=\"col-sm-4\">\n                        <h4>Su dep\u00f3sito a partir de 95\u20ac<\/h4>\n                    <\/div>\n                    <div class=\"col-sm-5\">\n                        <p class=\"lead\">La mejor soluci\u00f3n en l\u00ednea para proteger su logotipo<\/p>\n                    <\/div>\n                    <div class=\"col-sm-3 text-right text-center-xs\">\n                        <a title=\"\" class=\"btn btn--primary type--uppercase\" href=\"https:\/\/beta.fidealis.com\/es\/qui-sommes-nous\/contactez-nous\/\" target=\"\" rel=\"\"> <span class=\"btn__text\">solicitud de contacto<\/span> <\/a>\n                    <\/div>\n                <\/div>\n            <\/div>\n            <!--end of row-->\n        <\/div>\n        <!--end of container-->\n    <\/section>\n    <section class=\"switchable feature-large  space--xxs text-justify\">\n        <div class=\"container\">\n            <div class=\"row\">\n                <div class=\"col-sm-6 col-md-6\">\n                    <div class=\"switchable__text\">\n                        <p class=\"lead\"><span style=\"font-weight: 400;\">Un elemento clave en la identidad visual de una marca o empresa, el logotipo es parte del patrimonio inmaterial de la empresa. Es por eso que es necesario que el creador de un logotipo lo proteja legalmente, para evitar que los competidores se apropien de su creaci\u00f3n. Recomendamos que env\u00ede <a href=\"https:\/\/beta.fidealis.com\/es\/depot-copyright\/\">modelos en l\u00ednea<\/a>.<\/span><\/p>\n                        <h2 style=\"text-align: left;\">Definir de forma correcta un logotipo<\/h2>\n                        <p class=\"lead\">Un logotipo es un signo distintivo que consiste en un conjunto de elementos gr\u00e1ficos, que permite a cualquier usuario identificar un producto, servicio o marca.<\/p>\n                        <p class=\"lead\">En los trabajos de dibujo con derechos de autor, las obras gr\u00e1ficas y tipogr\u00e1ficas se consideran obras de la mente. Sin embargo, para estar protegido por derechos de autor, el logotipo debe ser original.<\/p>\n                        <p class=\"lead\">Cuando el logotipo es original, est\u00e1 protegido de su creaci\u00f3n por los derechos de autor que le dan a su creador el monopolio de la explotaci\u00f3n de su trabajo. Esta protecci\u00f3n no siempre es suficiente.<\/p>\n                    <\/div>\n                <\/div>\n                <div class=\"col-sm-5\">\n                    <div class=\"boxed boxed--lg boxed--border\">\n                        <div class=\"feature feature-2\"> <i class=\"icon color--primary icon-Libra-2\"><\/i>\n                            <div class=\"feature__body\">\n                                <h5>Pruebas reconocidas de los tribunales.<\/h5>\n                                <p>Reconocimiento por tribunales de todo el mundo.<\/p>\n                            <\/div>\n                        <\/div>\n                        <!--end feature-->\n                        <div class=\"feature feature-2\"> <i class=\"icon color--primary icon-Security-Check\"><\/i>\n                            <div class=\"feature__body\">\n                                <h5>Certificados de agente judicial v\u00e1lidos de por vida<\/h5>\n                                <p>Construya pruebas v\u00e1lidas para toda la vida.<\/p>\n                            <\/div>\n                        <\/div>\n                        <div class=\"feature feature-2\"> <i class=\"icon color--primary icon-Font-Window\"><\/i>\n                            <div class=\"feature__body\">\n                                <h5>Sus dep\u00f3sitos son v\u00e1lidos en 11 idiomas.<\/h5>\n                                <p style=\"text-align: left;\">Dispone de sus dep\u00f3sitos en franc\u00e9s, ingl\u00e9s, italiano, chino, alem\u00e1n, portugu\u00e9s, \u00e1rabe, espa\u00f1ol, coreano, japon\u00e9s y ruso.<\/p>\n                            <\/div>\n                        <\/div>\n                        <!--end feature-->\n                        <div class=\"feature feature-2\"> <i class=\"icon color--primary icon-Windows-2\"><\/i>\n                            <div class=\"feature__body\">\n                                <h5>Su evidencia disponible 24\/7<\/h5>\n                                <p>Recibo de dep\u00f3sito disponible en l\u00ednea 24\/7.<\/p>\n                            <\/div>\n                        <\/div>\n                        <!--end feature-->\n                    <\/div>\n                <\/div>\n            <\/div>\n            <!--end of row-->\n        <\/div>\n        <!--end of container-->\n    <\/section>\n    <section class=\"bg--secondary text-center space--xxs\">\n        <div class=\"container\">\n            <div class=\"row\">\n                <div class=\"col-sm-12\">\n                    <h2 class=\"addtoppad\" style=\"text-align: center;\">\u00bfC\u00f3mo puedo proteger mi logotipo con Fidealis?<\/h2>\n                <\/div>\n            <\/div>\n            <!--end of row-->\n        <\/div>\n        <!--end of container-->\n    <\/section>\n    <section class=\"bg--secondary space--xs\">\n        <div class=\"container\">\n            <div class=\"row\">\n                <div class=\"col-sm-4\">\n                    <div class=\"feature feature-2 boxed boxed--border\"> <i class=\"icon color--primary icon-Checked-User\"><\/i>\n                        <div class=\"feature__body\">\n                            <p style=\"text-align: center;\"><span class=\"h1 h1--medium\" style=\"color: #d93d3d;\">1.<\/span><\/p>\n                            <h4 style=\"text-align: center;\">Se inscribe<\/h4>\n                            <p style=\"text-align: center;\">Se inscribe gratuitamente&nbsp;<br>Ning\u00fan pago requerido&nbsp;<\/p>\n                        <\/div>\n                    <\/div>\n                    <!--end feature-->\n                <\/div>\n                <div class=\"col-sm-4\">\n                    <div class=\"feature feature-2 boxed boxed--border\"> <i class=\"icon color--primary icon-Security-Settings\"><\/i>\n                        <div class=\"feature__body\">\n                            <p style=\"text-align: center;\"><span class=\"h1 h1--medium\" style=\"color: #d93d3d;\">2.<\/span><\/p>\n                            <h4 style=\"text-align: center;\">Le guiamos<\/h4>\n                            <p style=\"text-align: center;\">Elija una oferta adaptada a sus necesidades con un consultor.<\/p>\n                        <\/div>\n                    <\/div>\n                    <!--end feature-->\n                <\/div>\n                <div class=\"col-sm-4\">\n                    <div class=\"feature feature-2 boxed boxed--border\"> <i class=\"icon color--primary icon-Security-Check\"><\/i>\n                        <div class=\"feature__body\">\n                            <p style=\"text-align: center;\"><span class=\"h1 h1--medium\" style=\"color: #d93d3d;\">3.<\/span><\/p>\n                            <h4 style=\"text-align: center;\">Le protegemos<\/h4>\n                            <p style=\"text-align: center;\">Descargue sus creaciones en l\u00ednea. <br>\u00a1Est\u00e1 protegido!<\/p>\n                        <\/div>\n                    <\/div>\n                    <!--end feature-->\n                <\/div>\n            <\/div>\n            <!--end of row-->\n        <\/div>\n        <!--end of container-->\n    <\/section>\n    <section class=\"text-center  bg--secondary space--xxs\">\n        <div class=\"container\">\n            <div class=\"row\">\n                <div class=\"col-sm-8 col-md-6\">\n                    <div class=\"cta\"> <a title=\"\" class=\"btn type--uppercase inner-link btn--primary\" href=\"https:\/\/beta.fidealis.com\/es\/inscription\" target=\"_blank\" rel=\"noopener\"><span class=\"btn__text\">inscribirse ahora<\/span>                    <\/a>\n                        \n                            <p class=\"type--fine-print\" style=\"margin-top: 0.03em; margin-bottom: 1.2em;\">No se requiere tarjeta de cr\u00e9dito&nbsp;<\/p>\n                        \n                    <\/div>\n                <\/div>\n            <\/div>\n            <!--end of row-->\n        <\/div>\n        <!--end of container-->\n    <\/section>\n    <section class=\"text-justify space--xs\">\n        <div class=\"container\">\n            <div class=\"row\">\n                <div class=\"col-sm-6\">\n                    <div class=\"col-left-custom\">\n                        <h2 style=\"text-align: left;\">\u00bfPor qu\u00e9 proteger su logotipo?<\/h2>\n                        <p class=\"lead\">La protecci\u00f3n otorgada por los derechos de autor no le permite probar sus derechos en caso de litigio. Es por eso que es m\u00e1s prudente anticipar cualquier disputa depositando su logotipo.<\/p>\n                        <p class=\"lead\">Hay varias posibilidades disponibles para usted:<\/p>\n                        <ul class=\"bullets\">\n                            <li class=\"lead li-blocked\">Como trabajo gr\u00e1fico, es posible presentar su logotipo como un <strong>dise\u00f1o o un dibujo<\/strong> que le permitir\u00e1 obtener un t\u00edtulo de propiedad industrial.<\/li>\n                            <li class=\"lead li-blocked\">Tambi\u00e9n es posible proteger su logotipo a trav\u00e9s de un dep\u00f3sito como <strong>marca registrada.<\/strong><\/li>\n                        <\/ul>\n                        <p class=\"lead\">Sin embargo, antes de presentar una marca comercial es interesante proteger su logotipo mediante un <strong>dep\u00f3sito de copyright.<\/strong> Los derechos de autor tienen dos ventajas: puede evitar cualquier conflicto al indicar a sus competidores que su logotipo est\u00e1 protegido al incluir este signo \u00a9. En caso de conflicto, se registran sus derechos y se establece p\u00fablicamente la paternidad de su trabajo. Su defensa es por lo tanto m\u00e1s f\u00e1cil.<\/p>\n                    <\/div>\n                <\/div>\n                <div class=\"col-sm-6\">\n                    <div class=\"col-right-custom\">\n                        <h2 style=\"text-align: left;\">El dep\u00f3sito de un Copyright en su logotipo<\/h2>\n                        <p class=\"lead\">Fidealis le permite publicar un copyright en su logotipo.<\/p>\n                        <p class=\"lead\">La soluci\u00f3n propuesta por Fidealis le permite <strong>proteger su logotipo tan pronto como se deposite<\/strong> en nuestra plataforma de registro. Su logotipo se firma y se sella. Esta marca de tiempo le proporciona la prueba de la anterioridad de su creaci\u00f3n en caso de conflicto. Luego procedemos con los tr\u00e1mites de presentaci\u00f3n depositando su logotipo en un agente judicial.<\/p>\n                        <p class=\"lead\">Gracias a este Copyright que colocamos en su logotipo, en caso de copia de \u00e9l, su paternidad en el trabajo ya no se demostrar\u00e1.<\/p>\n                        <p class=\"lead\">Por lo tanto, no permita que uno de sus competidores tome su logotipo:&nbsp;<strong>arch\u00edvelo.<\/strong><\/p>\n                    <\/div>\n                <\/div>\n                <div class=\"col-sm-6\"> <\/div>\n            <\/div>\n            <!--end of row-->\n        <\/div>\n        <!--end of container-->\n    <\/section>\n    <section class=\"unpad--bottom switchable cta cta-3  bg--secondary text-center\">\n        <div class=\"container\">\n            <div class=\"row\">\n                <div class=\"col-sm-6 col-md-6\">\n                    <div class=\"switchable__text\">\n                        \n                            <h2>Fidealis, proteja su logotipo y su slogan<\/h2>\n                            <p class=\"lead\">La soluci\u00f3n pionera en la protecci\u00f3n de dise\u00f1os y colecciones, que re\u00fane las tecnolog\u00edas de la firma electr\u00f3nica, la marca de tiempo y blockchain. Sus creaciones se certifican instant\u00e1neamente y se archivan en paralelo con el agente judicial.<\/p>\n                        \n                        <a title=\"\" class=\"btn type--uppercase inner-link btn--primary\" href=\"https:\/\/beta.fidealis.com\/es\/inscription\" target=\"_blank\" rel=\"noopener\"> <span class=\"btn__text\">inscribirse gratuitamente<\/span><span class=\"label\">sin tc<\/span> <\/a>\n                    <\/div>\n                <\/div>\n                <div class=\"col-sm-6 col-md-5\"> <img class=\"block\" alt=\"copyright d\u00e9p\u00f4t de logo\" src=\"https:\/\/beta.fidealis.com\/wp-content\/uploads\/2018\/08\/copyright-logo.png\"> <\/div>\n            <\/div>\n            <!--end of row-->\n        <\/div>\n        <!--end of container-->\n    <\/section>","protected":false},"excerpt":{"rendered":"<p>Depositar y proteger un logotipo Su dep\u00f3sito a partir de 95\u20ac La mejor soluci\u00f3n en l\u00ednea para proteger su logotipo solicitud de&#8230;<\/p>\n","protected":false},"author":1,"featured_media":0,"parent":15501,"menu_order":0,"comment_status":"closed","ping_status":"closed","template":"","meta":{"_joinchat":[]},"yoast_head":"<!-- This site is optimized with the Yoast SEO plugin v20.3 - https:\/\/yoast.com\/wordpress\/plugins\/seo\/ -->\n<title>Deposite y proteja su logotipo con el dep\u00f3sito de Copyright<\/title>\n<meta name=\"description\" content=\"Un elemento clave de la identidad visual de una marca o empresa, el logotipo forma parte del patrimonio inmaterial de la empresa. Es por eso que es necesario que el creador de un logotipo lo proteja legalmente para evitar que los competidores se apropien de su creaci\u00f3n. Para esto, le recomendamos que deposite su logotipo en l\u00ednea.\" \/>\n<meta name=\"robots\" content=\"noindex, follow, max-snippet:-1, max-image-preview:large, max-video-preview:-1\" \/>\n<meta property=\"og:locale\" content=\"es_ES\" \/>\n<meta property=\"og:type\" content=\"article\" \/>\n<meta property=\"og:title\" content=\"Deposite y proteja su logotipo con el dep\u00f3sito de Copyright\" \/>\n<meta property=\"og:description\" content=\"Un elemento clave de la identidad visual de una marca o empresa, el logotipo forma parte del patrimonio inmaterial de la empresa. Es por eso que es necesario que el creador de un logotipo lo proteja legalmente para evitar que los competidores se apropien de su creaci\u00f3n. Para esto, le recomendamos que deposite su logotipo en l\u00ednea.\" \/>\n<meta property=\"og:url\" content=\"https:\/\/beta.fidealis.com\/es\/presentacion-de-modelos\/deposito-de-un-logo\/\" \/>\n<meta property=\"og:site_name\" content=\"Fidealis\" \/>\n<meta property=\"article:publisher\" content=\"https:\/\/www.facebook.com\/Fidealis-573887362622849\/\" \/>\n<meta property=\"article:modified_time\" content=\"2020-04-13T15:32:11+00:00\" \/>\n<meta name=\"twitter:card\" content=\"summary_large_image\" \/>\n<script type=\"application\/ld+json\" class=\"yoast-schema-graph\">{\"@context\":\"https:\/\/schema.org\",\"@graph\":[{\"@type\":\"WebPage\",\"@id\":\"https:\/\/beta.fidealis.com\/es\/presentacion-de-modelos\/deposito-de-un-logo\/\",\"url\":\"https:\/\/beta.fidealis.com\/es\/presentacion-de-modelos\/deposito-de-un-logo\/\",\"name\":\"Deposite y proteja su logotipo con el dep\u00f3sito de Copyright\",\"isPartOf\":{\"@id\":\"https:\/\/beta.fidealis.com\/#website\"},\"datePublished\":\"2018-06-18T22:00:00+00:00\",\"dateModified\":\"2020-04-13T15:32:11+00:00\",\"description\":\"Un elemento clave de la identidad visual de una marca o empresa, el logotipo forma parte del patrimonio inmaterial de la empresa. Es por eso que es necesario que el creador de un logotipo lo proteja legalmente para evitar que los competidores se apropien de su creaci\u00f3n. Para esto, le recomendamos que deposite su logotipo en l\u00ednea.\",\"breadcrumb\":{\"@id\":\"https:\/\/beta.fidealis.com\/es\/presentacion-de-modelos\/deposito-de-un-logo\/#breadcrumb\"},\"inLanguage\":\"es\",\"potentialAction\":[{\"@type\":\"ReadAction\",\"target\":[\"https:\/\/beta.fidealis.com\/es\/presentacion-de-modelos\/deposito-de-un-logo\/\"]}]},{\"@type\":\"BreadcrumbList\",\"@id\":\"https:\/\/beta.fidealis.com\/es\/presentacion-de-modelos\/deposito-de-un-logo\/#breadcrumb\",\"itemListElement\":[{\"@type\":\"ListItem\",\"position\":1,\"name\":\"Accueil\",\"item\":\"https:\/\/beta.fidealis.com\/es\/\"},{\"@type\":\"ListItem\",\"position\":2,\"name\":\"Presentaci\u00f3n de modelos en l\u00ednea\",\"item\":\"https:\/\/beta.fidealis.com\/es\/presentacion-de-modelos\/\"},{\"@type\":\"ListItem\",\"position\":3,\"name\":\"El deposito de un logo\"}]},{\"@type\":\"WebSite\",\"@id\":\"https:\/\/beta.fidealis.com\/#website\",\"url\":\"https:\/\/beta.fidealis.com\/\",\"name\":\"Fidealis\",\"description\":\"Fidealis: vous cr\u00e9ez, nous prot\u00e9geons.\",\"publisher\":{\"@id\":\"https:\/\/beta.fidealis.com\/#organization\"},\"potentialAction\":[{\"@type\":\"SearchAction\",\"target\":{\"@type\":\"EntryPoint\",\"urlTemplate\":\"https:\/\/beta.fidealis.com\/?s={search_term_string}\"},\"query-input\":\"required name=search_term_string\"}],\"inLanguage\":\"es\"},{\"@type\":\"Organization\",\"@id\":\"https:\/\/beta.fidealis.com\/#organization\",\"name\":\"Fidealis\",\"url\":\"https:\/\/beta.fidealis.com\/\",\"logo\":{\"@type\":\"ImageObject\",\"inLanguage\":\"es\",\"@id\":\"https:\/\/beta.fidealis.com\/#\/schema\/logo\/image\/\",\"url\":\"https:\/\/www.fidealis.com\/wp-content\/uploads\/2018\/04\/logo-fidealis.png\",\"contentUrl\":\"https:\/\/www.fidealis.com\/wp-content\/uploads\/2018\/04\/logo-fidealis.png\",\"width\":525,\"height\":205,\"caption\":\"Fidealis\"},\"image\":{\"@id\":\"https:\/\/beta.fidealis.com\/#\/schema\/logo\/image\/\"},\"sameAs\":[\"https:\/\/www.facebook.com\/Fidealis-573887362622849\/\"]}]}<\/script>\n<!-- \/ Yoast SEO plugin. -->","yoast_head_json":{"title":"Deposite y proteja su logotipo con el dep\u00f3sito de Copyright","description":"Un elemento clave de la identidad visual de una marca o empresa, el logotipo forma parte del patrimonio inmaterial de la empresa. Es por eso que es necesario que el creador de un logotipo lo proteja legalmente para evitar que los competidores se apropien de su creaci\u00f3n. Para esto, le recomendamos que deposite su logotipo en l\u00ednea.","robots":{"index":"noindex","follow":"follow","max-snippet":"max-snippet:-1","max-image-preview":"max-image-preview:large","max-video-preview":"max-video-preview:-1"},"og_locale":"es_ES","og_type":"article","og_title":"Deposite y proteja su logotipo con el dep\u00f3sito de Copyright","og_description":"Un elemento clave de la identidad visual de una marca o empresa, el logotipo forma parte del patrimonio inmaterial de la empresa. Es por eso que es necesario que el creador de un logotipo lo proteja legalmente para evitar que los competidores se apropien de su creaci\u00f3n. Para esto, le recomendamos que deposite su logotipo en l\u00ednea.","og_url":"https:\/\/beta.fidealis.com\/es\/presentacion-de-modelos\/deposito-de-un-logo\/","og_site_name":"Fidealis","article_publisher":"https:\/\/www.facebook.com\/Fidealis-573887362622849\/","article_modified_time":"2020-04-13T15:32:11+00:00","twitter_card":"summary_large_image","schema":{"@context":"https:\/\/schema.org","@graph":[{"@type":"WebPage","@id":"https:\/\/beta.fidealis.com\/es\/presentacion-de-modelos\/deposito-de-un-logo\/","url":"https:\/\/beta.fidealis.com\/es\/presentacion-de-modelos\/deposito-de-un-logo\/","name":"Deposite y proteja su logotipo con el dep\u00f3sito de Copyright","isPartOf":{"@id":"https:\/\/beta.fidealis.com\/#website"},"datePublished":"2018-06-18T22:00:00+00:00","dateModified":"2020-04-13T15:32:11+00:00","description":"Un elemento clave de la identidad visual de una marca o empresa, el logotipo forma parte del patrimonio inmaterial de la empresa. Es por eso que es necesario que el creador de un logotipo lo proteja legalmente para evitar que los competidores se apropien de su creaci\u00f3n. Para esto, le recomendamos que deposite su logotipo en l\u00ednea.","breadcrumb":{"@id":"https:\/\/beta.fidealis.com\/es\/presentacion-de-modelos\/deposito-de-un-logo\/#breadcrumb"},"inLanguage":"es","potentialAction":[{"@type":"ReadAction","target":["https:\/\/beta.fidealis.com\/es\/presentacion-de-modelos\/deposito-de-un-logo\/"]}]},{"@type":"BreadcrumbList","@id":"https:\/\/beta.fidealis.com\/es\/presentacion-de-modelos\/deposito-de-un-logo\/#breadcrumb","itemListElement":[{"@type":"ListItem","position":1,"name":"Accueil","item":"https:\/\/beta.fidealis.com\/es\/"},{"@type":"ListItem","position":2,"name":"Presentaci\u00f3n de modelos en l\u00ednea","item":"https:\/\/beta.fidealis.com\/es\/presentacion-de-modelos\/"},{"@type":"ListItem","position":3,"name":"El deposito de un logo"}]},{"@type":"WebSite","@id":"https:\/\/beta.fidealis.com\/#website","url":"https:\/\/beta.fidealis.com\/","name":"Fidealis","description":"Fidealis: vous cr\u00e9ez, nous prot\u00e9geons.","publisher":{"@id":"https:\/\/beta.fidealis.com\/#organization"},"potentialAction":[{"@type":"SearchAction","target":{"@type":"EntryPoint","urlTemplate":"https:\/\/beta.fidealis.com\/?s={search_term_string}"},"query-input":"required name=search_term_string"}],"inLanguage":"es"},{"@type":"Organization","@id":"https:\/\/beta.fidealis.com\/#organization","name":"Fidealis","url":"https:\/\/beta.fidealis.com\/","logo":{"@type":"ImageObject","inLanguage":"es","@id":"https:\/\/beta.fidealis.com\/#\/schema\/logo\/image\/","url":"https:\/\/www.fidealis.com\/wp-content\/uploads\/2018\/04\/logo-fidealis.png","contentUrl":"https:\/\/www.fidealis.com\/wp-content\/uploads\/2018\/04\/logo-fidealis.png","width":525,"height":205,"caption":"Fidealis"},"image":{"@id":"https:\/\/beta.fidealis.com\/#\/schema\/logo\/image\/"},"sameAs":["https:\/\/www.facebook.com\/Fidealis-573887362622849\/"]}]}},"_links":{"self":[{"href":"https:\/\/beta.fidealis.com\/es\/wp-json\/wp\/v2\/pages\/15489"}],"collection":[{"href":"https:\/\/beta.fidealis.com\/es\/wp-json\/wp\/v2\/pages"}],"about":[{"href":"https:\/\/beta.fidealis.com\/es\/wp-json\/wp\/v2\/types\/page"}],"author":[{"embeddable":true,"href":"https:\/\/beta.fidealis.com\/es\/wp-json\/wp\/v2\/users\/1"}],"replies":[{"embeddable":true,"href":"https:\/\/beta.fidealis.com\/es\/wp-json\/wp\/v2\/comments?post=15489"}],"version-history":[{"count":2,"href":"https:\/\/beta.fidealis.com\/es\/wp-json\/wp\/v2\/pages\/15489\/revisions"}],"predecessor-version":[{"id":15998,"href":"https:\/\/beta.fidealis.com\/es\/wp-json\/wp\/v2\/pages\/15489\/revisions\/15998"}],"up":[{"embeddable":true,"href":"https:\/\/beta.fidealis.com\/es\/wp-json\/wp\/v2\/pages\/15501"}],"wp:attachment":[{"href":"https:\/\/beta.fidealis.com\/es\/wp-json\/wp\/v2\/media?parent=15489"}],"curies":[{"name":"wp","href":"https:\/\/api.w.org\/{rel}","templated":true}]}}