{"id":15490,"date":"2018-06-19T00:00:00","date_gmt":"2018-06-18T22:00:00","guid":{"rendered":"https:\/\/www.fidealis.com\/depot-copyright\/deposer-une-marque"},"modified":"2020-04-13T17:32:45","modified_gmt":"2020-04-13T15:32:45","slug":"la-presentacion","status":"publish","type":"page","link":"https:\/\/beta.fidealis.com\/es\/presentacion-de-modelos\/la-presentacion\/","title":{"rendered":"La presentaci\u00f3n de una marca registrada"},"content":{"rendered":"<section class=\"cover imagebg text-center height-60 section--ken-burns\" data-overlay=\"4\">\n        <div class=\"background-image-holder\"><img alt=\"\" src=\"https:\/\/beta.fidealis.com\/wp-content\/uploads\/2018\/06\/d\u00e9p\u00f4t-de-marque.jpg\"><\/div>\n        <div class=\"container pos-vertical-center\">\n            <div class=\"row\">\n                <div class=\"col-sm-8 col-md-9\">\n                    \n                        <h1 style=\"text-align: center;\"><span style=\"font-weight: 400;\">El dep\u00f3sito y la protecci\u00f3n de una marca&nbsp;<\/span><\/h1>\n                    \n                <\/div>\n            <\/div>\n            <!--end of row-->\n        <\/div>\n        <!--end of container-->\n    <\/section>\n    <section class=\"bg--secondary space--xxs\">\n        <div class=\"container\">\n            <div class=\"row\">\n                <div class=\"cta cta--horizontal text-center-xs\">\n                    <div class=\"col-sm-4\">\n                        <h4>Su dep\u00f3sito a partir de 95\u20ac<\/h4>\n                    <\/div>\n                    <div class=\"col-sm-5\">\n                        <p class=\"lead\">La mejor soluci\u00f3n en l\u00ednea para su protecci\u00f3n<\/p>\n                    <\/div>\n                    <div class=\"col-sm-3 text-right text-center-xs\">\n                        <a title=\"\" class=\"btn btn--primary type--uppercase\" href=\"https:\/\/beta.fidealis.com\/es\/qui-sommes-nous\/contactez-nous\/\" target=\"\" rel=\"\"> <span class=\"btn__text\">solicitud de contacto<\/span> <\/a>\n                    <\/div>\n                <\/div>\n            <\/div>\n            <!--end of row-->\n        <\/div>\n        <!--end of container-->\n    <\/section>\n    <section class=\"switchable feature-large  space--xxs text-justify\">\n        <div class=\"container\">\n            <div class=\"row\">\n                <div class=\"col-sm-6 col-md-6\">\n                    <div class=\"switchable__text\">\n                        <p class=\"lead\"><span style=\"font-weight: 400;\">La marca es uno de los elementos esenciales del patrimonio inmaterial de una empresa. Este es el signo distintivo que le permite dar a conocer sus productos y servicios, pero tambi\u00e9n distinguirse de sus competidores. Por eso es importante protegerlo de manera efectiva al <a href=\"https:\/\/beta.fidealis.com\/es\/depot-copyright\/\">archivarlo en l\u00ednea<\/a>.<\/span><\/p>\n                        <h2 style=\"text-align: left;\">Definici\u00f3n de una marca depositable<\/h2>\n                        <p class=\"lead\">Todos los signos no pueden registrarse como marca registrada. Para ser archivado, una marca debe ser:<\/p>\n                        <ul class=\"bullets\">\n                            <li class=\"lead li-blocked\"><span style=\"font-weight: 400;\"><strong>Distintivo<\/strong>: la marca no debe ser una palabra o expresi\u00f3n gen\u00e9rica utilizada para designar su producto o servicio.<\/span><\/li>\n                            <li class=\"lead li-blocked\"><b>Disponible<\/b><span style=\"font-weight: 400;\"> :la marca no debe reproducir o imitar un signo que tenga un derecho anterior. Antes de cualquier registro de marca, es necesario realizar una b\u00fasqueda de anterioridad.<\/span><\/li>\n                        <\/ul>\n                    <\/div>\n                <\/div>\n                <div class=\"col-sm-5\">\n                    <div class=\"boxed boxed--lg boxed--border\">\n                        <div class=\"feature feature-2\"> <i class=\"icon color--primary icon-Libra-2\"><\/i>\n                            <div class=\"feature__body\">\n                                <h5>Pruebas reconocidas de los tribunales.<\/h5>\n                                <p>Reconocimiento por tribunales de todo el mundo.<\/p>\n                            <\/div>\n                        <\/div>\n                        <!--end feature-->\n                        <div class=\"feature feature-2\"> <i class=\"icon color--primary icon-Security-Check\"><\/i>\n                            <div class=\"feature__body\">\n                                <h5>Certificados de agente judicial v\u00e1lidos de por vida<\/h5>\n                                <p>Construya pruebas v\u00e1lidas para toda la vida.<\/p>\n                            <\/div>\n                        <\/div>\n                        <div class=\"feature feature-2\"> <i class=\"icon color--primary icon-Font-Window\"><\/i>\n                            <div class=\"feature__body\">\n                                <h5>Sus dep\u00f3sitos son v\u00e1lidos en 11 idiomas.<\/h5>\n                                <p style=\"text-align: left;\">Dispone de sus dep\u00f3sitos en franc\u00e9s, ingl\u00e9s, italiano, chino, alem\u00e1n, portugu\u00e9s, \u00e1rabe, espa\u00f1ol, coreano, japon\u00e9s y ruso.<\/p>\n                            <\/div>\n                        <\/div>\n                        <!--end feature-->\n                        <div class=\"feature feature-2\"> <i class=\"icon color--primary icon-Windows-2\"><\/i>\n                            <div class=\"feature__body\">\n                                <h5>Su evidencia disponible 24\/7<\/h5>\n                                <p>Recibo de dep\u00f3sito disponible en l\u00ednea 24\/7.<\/p>\n                            <\/div>\n                        <\/div>\n                        <!--end feature-->\n                    <\/div>\n                <\/div>\n            <\/div>\n            <!--end of row-->\n        <\/div>\n        <!--end of container-->\n    <\/section>\n    <section class=\"bg--secondary text-center space--xxs\">\n        <div class=\"container\">\n            <div class=\"row\">\n                <div class=\"col-sm-12\">\n                    <h2 class=\"addtoppad\" style=\"text-align: center;\">\u00bfC\u00f3mo me ayuda Fidealis a proteger mi marca?<\/h2>\n                <\/div>\n            <\/div>\n            <!--end of row-->\n        <\/div>\n        <!--end of container-->\n    <\/section>\n    <section class=\"bg--secondary space--xs\">\n        <div class=\"container\">\n            <div class=\"row\">\n                <div class=\"col-sm-4\">\n                    <div class=\"feature feature-2 boxed boxed--border\"> <i class=\"icon color--primary icon-Checked-User\"><\/i>\n                        <div class=\"feature__body\">\n                            <p style=\"text-align: center;\"><span class=\"h1 h1--medium\" style=\"color: #d93d3d;\">1.<\/span><\/p>\n                            <h4 style=\"text-align: center;\">Se inscribe<\/h4>\n                            <p style=\"text-align: center;\">Se inscribe gratuitamente&nbsp;<br>Ning\u00fan pago requerido&nbsp;<\/p>\n                        <\/div>\n                    <\/div>\n                    <!--end feature-->\n                <\/div>\n                <div class=\"col-sm-4\">\n                    <div class=\"feature feature-2 boxed boxed--border\"> <i class=\"icon color--primary icon-Security-Settings\"><\/i>\n                        <div class=\"feature__body\">\n                            <p style=\"text-align: center;\"><span class=\"h1 h1--medium\" style=\"color: #d93d3d;\">2.<\/span><\/p>\n                            <h4 style=\"text-align: center;\">Le guiamos<\/h4>\n                            <p style=\"text-align: center;\">Elija una oferta adaptada a sus necesidades con un consultor.<\/p>\n                        <\/div>\n                    <\/div>\n                    <!--end feature-->\n                <\/div>\n                <div class=\"col-sm-4\">\n                    <div class=\"feature feature-2 boxed boxed--border\"> <i class=\"icon color--primary icon-Security-Check\"><\/i>\n                        <div class=\"feature__body\">\n                            <p style=\"text-align: center;\"><span class=\"h1 h1--medium\" style=\"color: #d93d3d;\">3.<\/span><\/p>\n                            <h4 style=\"text-align: center;\">Le protegemos<\/h4>\n                            <p style=\"text-align: center;\">Descargue sus creaciones en l\u00ednea. <br>\u00a1Est\u00e1 protegido!<\/p>\n                        <\/div>\n                    <\/div>\n                    <!--end feature-->\n                <\/div>\n            <\/div>\n            <!--end of row-->\n        <\/div>\n        <!--end of container-->\n    <\/section>\n    <section class=\"text-center  bg--secondary space--xxs\">\n        <div class=\"container\">\n            <div class=\"row\">\n                <div class=\"col-sm-8 col-md-6\">\n                    <div class=\"cta\"> <a title=\"\" class=\"btn type--uppercase inner-link btn--primary\" href=\"https:\/\/beta.fidealis.com\/es\/inscription\" target=\"_blank\" rel=\"noopener\"><span class=\"btn__text\">inscribirse ahora<\/span>                    <\/a>\n                        \n                            <p class=\"type--fine-print\" style=\"margin-top: 0.03em; margin-bottom: 1.2em;\">No se requiere tarjeta de cr\u00e9dito<\/p>\n                        \n                    <\/div>\n                <\/div>\n            <\/div>\n            <!--end of row-->\n        <\/div>\n        <!--end of container-->\n    <\/section>\n    <section class=\"text-justify space--xs\">\n        <div class=\"container\">\n            <div class=\"row\">\n                <div class=\"col-sm-6\">\n                    <div class=\"col-left-custom\">\n                        <p class=\"lead\">La marca se distingue del <strong>nombre de dominio<\/strong> que es el nombre dado a su sitio web. A diferencia de la marca registrada, no es un t\u00edtulo de propiedad industrial. Sin embargo, tiene un valor comercial y estrat\u00e9gico obvio. Por eso es necesario protegerlo.<\/p>\n                        <h2 style=\"text-align: left;\">\u00bfPor qu\u00e9 proteger su marca o nombre de dominio?<\/h2>\n                        <p class=\"lead\">La marca es una parte indispensable de la estrategia comercial de una empresa. No protegerlo ofrece la oportunidad a sus competidores de aprovecharlo. Esta protecci\u00f3n implica la presentaci\u00f3n de su marca registrada.<\/p>\n                        <p class=\"lead\">En Francia, el dep\u00f3sito le otorga el monopolio de la explotaci\u00f3n en el territorio franc\u00e9s durante 10 a\u00f1os, renovable indefinidamente. Eres el \u00fanico que puede usarlo y puedes defenderte demandando a cualquiera que lo use.<\/p>\n                    <\/div>\n                <\/div>\n                <div class=\"col-sm-6\">\n                    <div class=\"col-right-custom\">\n                        <p class=\"lead\">Al elegir un nombre de dominio, debe reservarlo con un proveedor de servicios autorizado. Sin embargo, esto no lo protege contra su copia. Es recomendable registrarlo como marca registrada.<\/p>\n                        <p class=\"lead\">Fidealis le ofrece una soluci\u00f3n r\u00e1pida y f\u00e1cil para presentar su marca registrada.<\/p>\n                        <h2 style=\"text-align: left;\">El dep\u00f3sito de Copyright<\/h2>\n                        <p class=\"lead\">Cuando publica Copyright, protege su marca desde el momento en que est\u00e1 dise\u00f1ada.<\/p>\n                        <p class=\"lead\">Es por eso que en Fidealis le ofrecemos el dep\u00f3sito de Copyright que <strong>protege su marca y su nombre de dominio de inmediato<\/strong>. Si uno de sus competidores copia su marca comercial o nombre de dominio antes de que se presente, a\u00fan puede actuar en su contra en competencia desleal.<\/p>\n                    <\/div>\n                <\/div>\n                <div class=\"col-sm-6\"> <\/div>\n            <\/div>\n            <!--end of row-->\n        <\/div>\n        <!--end of container-->\n    <\/section>\n    <section class=\"unpad--bottom switchable cta cta-3  bg--secondary text-center\">\n        <div class=\"container\">\n            <div class=\"row\">\n                <div class=\"col-sm-6 col-md-6\">\n                    <div class=\"switchable__text\">\n                        \n                            <h2>Fidealis, la soluci\u00f3n fiable para la protecci\u00f3n de su marca<\/h2>\n                            <p class=\"lead\">La soluci\u00f3n pionera en la protecci\u00f3n de dise\u00f1os y colecciones, que re\u00fane las tecnolog\u00edas de la firma electr\u00f3nica, la marca de tiempo y blockchain. Sus creaciones se certifican instant\u00e1neamente y se archivan en paralelo con el agente judicial.<\/p>\n                        \n                        <a title=\"\" class=\"btn type--uppercase inner-link btn--primary\" href=\"https:\/\/beta.fidealis.com\/es\/inscription\" target=\"_blank\" rel=\"noopener\"> <span class=\"btn__text\">inscribirse gratuitamente<\/span><span class=\"label\">sin tc<\/span> <\/a>\n                    <\/div>\n                <\/div>\n                <div class=\"col-sm-6 col-md-5\"> <img class=\"block\" alt=\"propri\u00e9t\u00e9 intellectuelle le d\u00e9p\u00f4t de marque\" src=\"https:\/\/beta.fidealis.com\/wp-content\/uploads\/2018\/08\/le-depot-de-marque.png\"> <\/div>\n            <\/div>\n            <!--end of row-->\n        <\/div>\n        <!--end of container-->\n    <\/section>","protected":false},"excerpt":{"rendered":"<p>El dep\u00f3sito y la protecci\u00f3n de una marca&nbsp; Su dep\u00f3sito a partir de 95\u20ac La mejor soluci\u00f3n en l\u00ednea para su protecci\u00f3n&#8230;<\/p>\n","protected":false},"author":1,"featured_media":0,"parent":15501,"menu_order":0,"comment_status":"closed","ping_status":"closed","template":"","meta":{"_joinchat":[]},"yoast_head":"<!-- This site is optimized with the Yoast SEO plugin v20.3 - https:\/\/yoast.com\/wordpress\/plugins\/seo\/ -->\n<title>Reg\u00edstrese y proteja su marca con dep\u00f3sito de derechos de autor<\/title>\n<meta name=\"description\" content=\"El registro de marcas es uno de los elementos esenciales del patrimonio inmaterial de una empresa. Es el signo distintivo que le permite publicitar sus productos y servicios, pero tambi\u00e9n distinguirse de sus competidores. Es esencial protegerlo de manera efectiva mediante la presentaci\u00f3n de un derecho de autor.\" \/>\n<meta name=\"robots\" content=\"noindex, follow, max-snippet:-1, max-image-preview:large, max-video-preview:-1\" \/>\n<meta property=\"og:locale\" content=\"es_ES\" \/>\n<meta property=\"og:type\" content=\"article\" \/>\n<meta property=\"og:title\" content=\"Reg\u00edstrese y proteja su marca con dep\u00f3sito de derechos de autor\" \/>\n<meta property=\"og:description\" content=\"El registro de marcas es uno de los elementos esenciales del patrimonio inmaterial de una empresa. Es el signo distintivo que le permite publicitar sus productos y servicios, pero tambi\u00e9n distinguirse de sus competidores. Es esencial protegerlo de manera efectiva mediante la presentaci\u00f3n de un derecho de autor.\" \/>\n<meta property=\"og:url\" content=\"https:\/\/beta.fidealis.com\/es\/presentacion-de-modelos\/la-presentacion\/\" \/>\n<meta property=\"og:site_name\" content=\"Fidealis\" \/>\n<meta property=\"article:publisher\" content=\"https:\/\/www.facebook.com\/Fidealis-573887362622849\/\" \/>\n<meta property=\"article:modified_time\" content=\"2020-04-13T15:32:45+00:00\" \/>\n<meta name=\"twitter:card\" content=\"summary_large_image\" \/>\n<script type=\"application\/ld+json\" class=\"yoast-schema-graph\">{\"@context\":\"https:\/\/schema.org\",\"@graph\":[{\"@type\":\"WebPage\",\"@id\":\"https:\/\/beta.fidealis.com\/es\/presentacion-de-modelos\/la-presentacion\/\",\"url\":\"https:\/\/beta.fidealis.com\/es\/presentacion-de-modelos\/la-presentacion\/\",\"name\":\"Reg\u00edstrese y proteja su marca con dep\u00f3sito de derechos de autor\",\"isPartOf\":{\"@id\":\"https:\/\/beta.fidealis.com\/#website\"},\"datePublished\":\"2018-06-18T22:00:00+00:00\",\"dateModified\":\"2020-04-13T15:32:45+00:00\",\"description\":\"El registro de marcas es uno de los elementos esenciales del patrimonio inmaterial de una empresa. Es el signo distintivo que le permite publicitar sus productos y servicios, pero tambi\u00e9n distinguirse de sus competidores. Es esencial protegerlo de manera efectiva mediante la presentaci\u00f3n de un derecho de autor.\",\"breadcrumb\":{\"@id\":\"https:\/\/beta.fidealis.com\/es\/presentacion-de-modelos\/la-presentacion\/#breadcrumb\"},\"inLanguage\":\"es\",\"potentialAction\":[{\"@type\":\"ReadAction\",\"target\":[\"https:\/\/beta.fidealis.com\/es\/presentacion-de-modelos\/la-presentacion\/\"]}]},{\"@type\":\"BreadcrumbList\",\"@id\":\"https:\/\/beta.fidealis.com\/es\/presentacion-de-modelos\/la-presentacion\/#breadcrumb\",\"itemListElement\":[{\"@type\":\"ListItem\",\"position\":1,\"name\":\"Accueil\",\"item\":\"https:\/\/beta.fidealis.com\/es\/\"},{\"@type\":\"ListItem\",\"position\":2,\"name\":\"Presentaci\u00f3n de modelos en l\u00ednea\",\"item\":\"https:\/\/beta.fidealis.com\/es\/presentacion-de-modelos\/\"},{\"@type\":\"ListItem\",\"position\":3,\"name\":\"La presentaci\u00f3n de una marca registrada\"}]},{\"@type\":\"WebSite\",\"@id\":\"https:\/\/beta.fidealis.com\/#website\",\"url\":\"https:\/\/beta.fidealis.com\/\",\"name\":\"Fidealis\",\"description\":\"Fidealis: vous cr\u00e9ez, nous prot\u00e9geons.\",\"publisher\":{\"@id\":\"https:\/\/beta.fidealis.com\/#organization\"},\"potentialAction\":[{\"@type\":\"SearchAction\",\"target\":{\"@type\":\"EntryPoint\",\"urlTemplate\":\"https:\/\/beta.fidealis.com\/?s={search_term_string}\"},\"query-input\":\"required name=search_term_string\"}],\"inLanguage\":\"es\"},{\"@type\":\"Organization\",\"@id\":\"https:\/\/beta.fidealis.com\/#organization\",\"name\":\"Fidealis\",\"url\":\"https:\/\/beta.fidealis.com\/\",\"logo\":{\"@type\":\"ImageObject\",\"inLanguage\":\"es\",\"@id\":\"https:\/\/beta.fidealis.com\/#\/schema\/logo\/image\/\",\"url\":\"https:\/\/www.fidealis.com\/wp-content\/uploads\/2018\/04\/logo-fidealis.png\",\"contentUrl\":\"https:\/\/www.fidealis.com\/wp-content\/uploads\/2018\/04\/logo-fidealis.png\",\"width\":525,\"height\":205,\"caption\":\"Fidealis\"},\"image\":{\"@id\":\"https:\/\/beta.fidealis.com\/#\/schema\/logo\/image\/\"},\"sameAs\":[\"https:\/\/www.facebook.com\/Fidealis-573887362622849\/\"]}]}<\/script>\n<!-- \/ Yoast SEO plugin. -->","yoast_head_json":{"title":"Reg\u00edstrese y proteja su marca con dep\u00f3sito de derechos de autor","description":"El registro de marcas es uno de los elementos esenciales del patrimonio inmaterial de una empresa. Es el signo distintivo que le permite publicitar sus productos y servicios, pero tambi\u00e9n distinguirse de sus competidores. Es esencial protegerlo de manera efectiva mediante la presentaci\u00f3n de un derecho de autor.","robots":{"index":"noindex","follow":"follow","max-snippet":"max-snippet:-1","max-image-preview":"max-image-preview:large","max-video-preview":"max-video-preview:-1"},"og_locale":"es_ES","og_type":"article","og_title":"Reg\u00edstrese y proteja su marca con dep\u00f3sito de derechos de autor","og_description":"El registro de marcas es uno de los elementos esenciales del patrimonio inmaterial de una empresa. Es el signo distintivo que le permite publicitar sus productos y servicios, pero tambi\u00e9n distinguirse de sus competidores. Es esencial protegerlo de manera efectiva mediante la presentaci\u00f3n de un derecho de autor.","og_url":"https:\/\/beta.fidealis.com\/es\/presentacion-de-modelos\/la-presentacion\/","og_site_name":"Fidealis","article_publisher":"https:\/\/www.facebook.com\/Fidealis-573887362622849\/","article_modified_time":"2020-04-13T15:32:45+00:00","twitter_card":"summary_large_image","schema":{"@context":"https:\/\/schema.org","@graph":[{"@type":"WebPage","@id":"https:\/\/beta.fidealis.com\/es\/presentacion-de-modelos\/la-presentacion\/","url":"https:\/\/beta.fidealis.com\/es\/presentacion-de-modelos\/la-presentacion\/","name":"Reg\u00edstrese y proteja su marca con dep\u00f3sito de derechos de autor","isPartOf":{"@id":"https:\/\/beta.fidealis.com\/#website"},"datePublished":"2018-06-18T22:00:00+00:00","dateModified":"2020-04-13T15:32:45+00:00","description":"El registro de marcas es uno de los elementos esenciales del patrimonio inmaterial de una empresa. Es el signo distintivo que le permite publicitar sus productos y servicios, pero tambi\u00e9n distinguirse de sus competidores. Es esencial protegerlo de manera efectiva mediante la presentaci\u00f3n de un derecho de autor.","breadcrumb":{"@id":"https:\/\/beta.fidealis.com\/es\/presentacion-de-modelos\/la-presentacion\/#breadcrumb"},"inLanguage":"es","potentialAction":[{"@type":"ReadAction","target":["https:\/\/beta.fidealis.com\/es\/presentacion-de-modelos\/la-presentacion\/"]}]},{"@type":"BreadcrumbList","@id":"https:\/\/beta.fidealis.com\/es\/presentacion-de-modelos\/la-presentacion\/#breadcrumb","itemListElement":[{"@type":"ListItem","position":1,"name":"Accueil","item":"https:\/\/beta.fidealis.com\/es\/"},{"@type":"ListItem","position":2,"name":"Presentaci\u00f3n de modelos en l\u00ednea","item":"https:\/\/beta.fidealis.com\/es\/presentacion-de-modelos\/"},{"@type":"ListItem","position":3,"name":"La presentaci\u00f3n de una marca registrada"}]},{"@type":"WebSite","@id":"https:\/\/beta.fidealis.com\/#website","url":"https:\/\/beta.fidealis.com\/","name":"Fidealis","description":"Fidealis: vous cr\u00e9ez, nous prot\u00e9geons.","publisher":{"@id":"https:\/\/beta.fidealis.com\/#organization"},"potentialAction":[{"@type":"SearchAction","target":{"@type":"EntryPoint","urlTemplate":"https:\/\/beta.fidealis.com\/?s={search_term_string}"},"query-input":"required name=search_term_string"}],"inLanguage":"es"},{"@type":"Organization","@id":"https:\/\/beta.fidealis.com\/#organization","name":"Fidealis","url":"https:\/\/beta.fidealis.com\/","logo":{"@type":"ImageObject","inLanguage":"es","@id":"https:\/\/beta.fidealis.com\/#\/schema\/logo\/image\/","url":"https:\/\/www.fidealis.com\/wp-content\/uploads\/2018\/04\/logo-fidealis.png","contentUrl":"https:\/\/www.fidealis.com\/wp-content\/uploads\/2018\/04\/logo-fidealis.png","width":525,"height":205,"caption":"Fidealis"},"image":{"@id":"https:\/\/beta.fidealis.com\/#\/schema\/logo\/image\/"},"sameAs":["https:\/\/www.facebook.com\/Fidealis-573887362622849\/"]}]}},"_links":{"self":[{"href":"https:\/\/beta.fidealis.com\/es\/wp-json\/wp\/v2\/pages\/15490"}],"collection":[{"href":"https:\/\/beta.fidealis.com\/es\/wp-json\/wp\/v2\/pages"}],"about":[{"href":"https:\/\/beta.fidealis.com\/es\/wp-json\/wp\/v2\/types\/page"}],"author":[{"embeddable":true,"href":"https:\/\/beta.fidealis.com\/es\/wp-json\/wp\/v2\/users\/1"}],"replies":[{"embeddable":true,"href":"https:\/\/beta.fidealis.com\/es\/wp-json\/wp\/v2\/comments?post=15490"}],"version-history":[{"count":2,"href":"https:\/\/beta.fidealis.com\/es\/wp-json\/wp\/v2\/pages\/15490\/revisions"}],"predecessor-version":[{"id":16000,"href":"https:\/\/beta.fidealis.com\/es\/wp-json\/wp\/v2\/pages\/15490\/revisions\/16000"}],"up":[{"embeddable":true,"href":"https:\/\/beta.fidealis.com\/es\/wp-json\/wp\/v2\/pages\/15501"}],"wp:attachment":[{"href":"https:\/\/beta.fidealis.com\/es\/wp-json\/wp\/v2\/media?parent=15490"}],"curies":[{"name":"wp","href":"https:\/\/api.w.org\/{rel}","templated":true}]}}