{"id":15491,"date":"2018-06-19T00:00:00","date_gmt":"2018-06-18T22:00:00","guid":{"rendered":"https:\/\/www.fidealis.com\/solutions-depot-pour-entreprises"},"modified":"2020-04-13T17:37:38","modified_gmt":"2020-04-13T15:37:38","slug":"nuestras-soluciones","status":"publish","type":"page","link":"https:\/\/beta.fidealis.com\/es\/nuestras-soluciones\/","title":{"rendered":"Nuestras soluciones de archivo para empresas"},"content":{"rendered":"<section class=\"cover imagebg text-center height-60 section--ken-burns\" data-overlay=\"4\">\n        <div class=\"background-image-holder\"><img alt=\"\" src=\"https:\/\/beta.fidealis.com\/wp-content\/uploads\/2018\/07\/copyright-entreprise-soci\u00e9t\u00e9.jpg\"><\/div>\n        <div class=\"container pos-vertical-center\">\n            <div class=\"row\">\n                <div class=\"col-sm-8 col-md-9\">\n                    \n                        <h1 style=\"text-align: center;\">Nuestras soluciones de dep\u00f3sito para empresas<\/h1>\n                    \n                <\/div>\n            <\/div>\n            <!--end of row-->\n        <\/div>\n        <!--end of container-->\n    <\/section>\n    <section class=\"bg--secondary space--xxs\">\n        <div class=\"container\">\n            <div class=\"row\">\n                <div class=\"cta cta--horizontal text-center-xs\">\n                    <div class=\"col-sm-4\">\n                        <h4>Su dep\u00f3sito a partir de 95\u20ac<\/h4>\n                    <\/div>\n                    <div class=\"col-sm-5\">\n                        <p class=\"lead\">Soluci\u00f3n de dep\u00f3sito y protecci\u00f3n en l\u00ednea para todas las empresas<\/p>\n                    <\/div>\n                    <div class=\"col-sm-3 text-right text-center-xs\">\n                        <a title=\"\" class=\"btn btn--primary type--uppercase\" href=\"https:\/\/beta.fidealis.com\/es\/qui-sommes-nous\/contactez-nous\/\" target=\"\" rel=\"\"> <span class=\"btn__text\">solicitud de contacto<\/span> <\/a>\n                    <\/div>\n                <\/div>\n            <\/div>\n            <!--end of row-->\n        <\/div>\n        <!--end of container-->\n    <\/section>\n    <section class=\"switchable feature-large  space--xxs text-justify\">\n        <div class=\"container\">\n            <div class=\"row\">\n                <div class=\"col-sm-6 col-md-6\">\n                    <div class=\"switchable__text\">\n                        <p class=\"lead\">Las creaciones intelectuales constituyen el patrimonio inmaterial de las empresas. Esto les permite innovar y destacarse en un entorno competitivo. Para evitar copiar sus innovaciones, las empresas deben recurrir al dep\u00f3sito. La presentaci\u00f3n de modelos o Copyright es la soluci\u00f3n correcta porque permite a las compa\u00f1\u00edas protegerse contra el riesgo de falsificaci\u00f3n. Este dep\u00f3sito es un servicio que Fidealis ofrece a empresas de cualquier sector.<\/p>\n                        <h2 style=\"text-align: left;\">La protecci\u00f3n de creaciones inform\u00e1ticas&nbsp;<\/h2>\n                        <p class=\"lead\"><span style=\"font-weight: 400;\">Es necesario que cualquier empresa innovadora <a href=\"https:\/\/beta.fidealis.com\/es\/solutions-depot-pour-entreprises\/protection-creations-informatiques\/\">proteja sus creaciones inform\u00e1ticas<\/a> que son software, algoritmos y sitios web. De estas creaciones inform\u00e1ticas, solo el software est\u00e1 protegido por derechos de autor. Por lo tanto, es \u00fatil hacer un dep\u00f3sito de derechos de autor en las creaciones de su computadora para protegerlo del plagio y protegerlo en caso de infracci\u00f3n.<\/span><\/p>\n                    <\/div>\n                <\/div>\n                <div class=\"col-sm-5\">\n                    <div class=\"boxed boxed--lg boxed--border\">\n                        <div class=\"feature feature-2\"> <i class=\"icon color--primary icon-Libra-2\"><\/i>\n                            <div class=\"feature__body\">\n                                <h5>Pruebas reconocidas de los tribunales.<\/h5>\n                                <p>Reconocimiento por tribunales de todo el mundo.<\/p>\n                            <\/div>\n                        <\/div>\n                        <!--end feature-->\n                        <div class=\"feature feature-2\"> <i class=\"icon color--primary icon-Security-Check\"><\/i>\n                            <div class=\"feature__body\">\n                                <h5>Certificados de agente judicial v\u00e1lidos de por vida<\/h5>\n                                <p>Construya pruebas v\u00e1lidas para toda la vida.<\/p>\n                            <\/div>\n                        <\/div>\n                        <div class=\"feature feature-2\"> <i class=\"icon color--primary icon-Font-Window\"><\/i>\n                            <div class=\"feature__body\">\n                                <h5>Sus dep\u00f3sitos son v\u00e1lidos en 11 idiomas.<\/h5>\n                                <p style=\"text-align: left;\">Dispone de sus dep\u00f3sitos en franc\u00e9s, ingl\u00e9s, italiano, chino, alem\u00e1n, portugu\u00e9s, \u00e1rabe, espa\u00f1ol, coreano, japon\u00e9s y ruso.<\/p>\n                            <\/div>\n                        <\/div>\n                        <!--end feature-->\n                        <div class=\"feature feature-2\"> <i class=\"icon color--primary icon-Windows-2\"><\/i>\n                            <div class=\"feature__body\">\n                                <h5>Su evidencia disponible 24\/7<\/h5>\n                                <p>Recibo de dep\u00f3sito disponible en l\u00ednea 24\/7.<\/p>\n                            <\/div>\n                        <\/div>\n                        <!--end feature-->\n                    <\/div>\n                <\/div>\n            <\/div>\n            <!--end of row-->\n        <\/div>\n        <!--end of container-->\n    <\/section>\n    <section class=\"bg--secondary text-center space--xxs\">\n        <div class=\"container\">\n            <div class=\"row\">\n                <div class=\"col-sm-12\">\n                    <h2 class=\"addtoppad\">\u00bfC\u00f3mo beneficiarse de la protecci\u00f3n de copyright de Fidealis?<\/h2>\n                <\/div>\n            <\/div>\n            <!--end of row-->\n        <\/div>\n        <!--end of container-->\n    <\/section>\n    <section class=\"bg--secondary space--xs\">\n        <div class=\"container\">\n            <div class=\"row\">\n                <div class=\"col-sm-4\">\n                    <div class=\"feature feature-2 boxed boxed--border\"> <i class=\"icon color--primary icon-Checked-User\"><\/i>\n                        <div class=\"feature__body\">\n                            <p style=\"text-align: center;\"><span class=\"h1 h1--medium\" style=\"color: #d93d3d;\">1.<\/span><\/p>\n                            <h4 style=\"text-align: center;\">Se inscribe<\/h4>\n                            <p style=\"text-align: center;\">Se inscribe gratuitamente&nbsp;<br>Ning\u00fan pago requerido&nbsp;<\/p>\n                        <\/div>\n                    <\/div>\n                    <!--end feature-->\n                <\/div>\n                <div class=\"col-sm-4\">\n                    <div class=\"feature feature-2 boxed boxed--border\"> <i class=\"icon color--primary icon-Security-Settings\"><\/i>\n                        <div class=\"feature__body\">\n                            <p style=\"text-align: center;\"><span class=\"h1 h1--medium\" style=\"color: #d93d3d;\">2.<\/span><\/p>\n                            <h4 style=\"text-align: center;\">Le guiamos<\/h4>\n                            <p style=\"text-align: center;\">Elija una oferta adaptada a sus necesidades con un consultor.<\/p>\n                        <\/div>\n                    <\/div>\n                    <!--end feature-->\n                <\/div>\n                <div class=\"col-sm-4\">\n                    <div class=\"feature feature-2 boxed boxed--border\"> <i class=\"icon color--primary icon-Security-Check\"><\/i>\n                        <div class=\"feature__body\">\n                            <p style=\"text-align: center;\"><span class=\"h1 h1--medium\" style=\"color: #d93d3d;\">3.<\/span><\/p>\n                            <h4 style=\"text-align: center;\">Le protegemos<\/h4>\n                            <p style=\"text-align: center;\">Descargue sus creaciones en l\u00ednea. <br>\u00a1Est\u00e1 protegido!<\/p>\n                        <\/div>\n                    <\/div>\n                    <!--end feature-->\n                <\/div>\n            <\/div>\n            <!--end of row-->\n        <\/div>\n        <!--end of container-->\n    <\/section>\n    <section class=\"text-center  bg--secondary space--xxs\">\n        <div class=\"container\">\n            <div class=\"row\">\n                <div class=\"col-sm-8 col-md-6\">\n                    <div class=\"cta\"> <a title=\"\" class=\"btn type--uppercase inner-link btn--primary\" href=\"https:\/\/beta.fidealis.com\/es\/inscription\" target=\"_blank\" rel=\"noopener\"><span class=\"btn__text\">inscribirse ahora<\/span>                    <\/a>\n                        \n                            <p class=\"type--fine-print\" style=\"margin-top: 0.03em; margin-bottom: 1.2em;\">No se requiere tarjeta de cr\u00e9dito<\/p>\n                        \n                    <\/div>\n                <\/div>\n            <\/div>\n            <!--end of row-->\n        <\/div>\n        <!--end of container-->\n    <\/section>\n    <section class=\"text-justify space--xxs\">\n        <div class=\"container\">\n            <div class=\"row\">\n                <div class=\"col-sm-6\">\n                    <div class=\"col-left-custom\">\n                        <h2 style=\"text-align: left;\">El mundo de la moda&nbsp;<\/h2>\n                        <p class=\"lead\"><span style=\"font-weight: 400;\">El sector de la moda es competitivo y propicio para la falsificaci\u00f3n. Por eso, como profesional en la industria de la moda, es necesario <a href=\"https:\/\/beta.fidealis.com\/es\/solutions-depot-pour-entreprises\/univers-mode\/\">proteger sus modelos, prototipos, dise\u00f1o y colecciones<\/a>. Esta protecci\u00f3n implica la presentaci\u00f3n de modelos y los derechos de autor.<\/span><\/p>\n                        <p class=\"lead\">Fidealis acompa\u00f1a a los creadores en el proceso de dep\u00f3sito de sus dise\u00f1os.&nbsp;<\/p>\n                        <h2 style=\"text-align: left;\">La agencias de comunicaci\u00f3n<\/h2>\n                        <p class=\"lead\"><span style=\"font-weight: 400;\">Como<a href=\"https:\/\/beta.fidealis.com\/es\/solutions-depot-pour-entreprises\/agence-communication\/\"> profesionales de la comunicaci\u00f3n<\/a> o la web, est\u00e1n invitados a ofrecer creaciones intelectuales a sus clientes. Estas creaciones pueden ser dise\u00f1os, sistemas SEO o software.<\/span><\/p>\n                        <p class=\"lead\">Para seguir siendo competitivas, las agencias de comunicaci\u00f3n deben proteger sus creaciones desde la etapa de redacci\u00f3n. Fidealis te ofrece las herramientas para proteger tus creaciones.<\/p>\n                        <h2 style=\"text-align: left;\">Abogados y API<\/h2>\n                        <p class=\"lead\"><span style=\"font-weight: 400;\">\u00bfEs usted un abogado o un <a href=\"https:\/\/beta.fidealis.com\/es\/solutions-depot-pour-entreprises\/avocats-cpi\/\">abogado de propiedad industrial<\/a>? Fidealis lo acompa\u00f1a para permitir que sus clientes protejan sus creaciones intelectuales. Esta protecci\u00f3n se realiza mediante la presentaci\u00f3n de plantillas o derechos de autor en nuestra plataforma.<\/span><\/p>\n                        <p class=\"lead\">Gracias a nuestro sistema de dep\u00f3sito, tiene los medios de prueba y gestionar\u00e1 m\u00e1s f\u00e1cilmente un posible litigio.<\/p>\n                    <\/div>\n                <\/div>\n                <div class=\"col-sm-6\">\n                    <div class=\"col-right-custom\">\n                        <h2 style=\"text-align: left;\">La protecci\u00f3n industrial<\/h2>\n                        <p class=\"lead\"><span style=\"font-weight: 400;\">La innovaci\u00f3n industrial requiere entonces medidas de protecci\u00f3n. Fidealis lo acompa\u00f1a en la presentaci\u00f3n y <a href=\"https:\/\/beta.fidealis.com\/es\/solutions-depot-pour-entreprises\/protection-industrielle\/\">protecci\u00f3n de su investigaci\u00f3n industrial<\/a>, cuadernos de laboratorio, proyectos t\u00e9cnicos, as\u00ed como en sus estrategias industriales. Este dep\u00f3sito le permite proteger sus innovaciones incluso cuando no se dotan de una patente.&nbsp;<\/span><\/p>\n                        <h2 style=\"text-align: left;\">Las ferias comerciales<\/h2>\n                        <p class=\"lead\"><span style=\"font-weight: 400;\">El servicio Fidealis Salons lo ayuda a organizar sus ferias comerciales. Varios acompa\u00f1amientos son posibles de acuerdo con la f\u00f3rmula elegida. Proponemos ayudar a los <a href=\"https:\/\/beta.fidealis.com\/es\/solutions-depot-pour-entreprises\/salons-professionnels\/\">expositores de su sal\u00f3n en la protecci\u00f3n de sus creaciones intelectuales<\/a>. Tambi\u00e9n podemos instalar un stand dedicado a la protecci\u00f3n de creaciones para proporcionar un servicio de asesoramiento y asistencia jur\u00eddica.<\/span><\/p>\n                        <h2 style=\"text-align: left;\">La agroindustria<\/h2>\n                        <p class=\"lead\"><span style=\"font-weight: 400;\">La innovaci\u00f3n en el sector agroalimentario es lo que permite a las empresas seguir siendo competitivas y destacarse de la competencia. Estas innovaciones agroalimentarias pueden ser recetas, c\u00f3cteles, procesos culinarios o elementos visuales. <a href=\"https:\/\/beta.fidealis.com\/es\/solutions-depot-pour-entreprises\/protection-agroalimentaire\/\">Las empresas agroalimentarias<\/a> rara vez recurren a la presentaci\u00f3n de sus innovaciones, lo cual es esencial.<\/span><\/p>\n                        <p class=\"lead\">Fidealis te acompa\u00f1a en la protecci\u00f3n de tus diversas creaciones agroalimentarias.<\/p>\n                    <\/div>\n                <\/div>\n                <div class=\"col-sm-6\"> <\/div>\n            <\/div>\n            <!--end of row-->\n        <\/div>\n        <!--end of container-->\n    <\/section>\n    <section class=\"unpad--bottom switchable cta cta-3  bg--secondary text-center\">\n        <div class=\"container\">\n            <div class=\"row\">\n                <div class=\"col-sm-6 col-md-6\">\n                    <div class=\"switchable__text\">\n                        \n                            <h2 style=\"text-align: center;\">Fidealis, soluciones antirrobo o anti plagio para todas las empresas.<\/h2>\n                            <p class=\"lead\" style=\"text-align: center;\">La soluci\u00f3n pionera en la protecci\u00f3n de dise\u00f1os y colecciones, que re\u00fane las tecnolog\u00edas de la firma electr\u00f3nica, la marca de tiempo y blockchain. Sus creaciones se certifican instant\u00e1neamente y se archivan en paralelo con el agente judicial.<\/p>\n                        \n                        <a title=\"\" class=\"btn type--uppercase inner-link btn--primary\" href=\"https:\/\/beta.fidealis.com\/es\/inscription\" target=\"_blank\" rel=\"noopener\"> <span class=\"btn__text\">inscribirse gratuitamente<\/span><span class=\"label\">sin tc<\/span> <\/a>\n                    <\/div>\n                <\/div>\n                <div class=\"col-sm-6 col-md-5\"> <img class=\"block\" alt=\"solution de d\u00e9p\u00f4t et copyright pour entreprises\" src=\"https:\/\/beta.fidealis.com\/wp-content\/uploads\/2018\/08\/solutions-copyright-entreprises.png\"> <\/div>\n            <\/div>\n            <!--end of row-->\n        <\/div>\n        <!--end of container-->\n    <\/section>","protected":false},"excerpt":{"rendered":"<p>Nuestras soluciones de dep\u00f3sito para empresas Su dep\u00f3sito a partir de 95\u20ac Soluci\u00f3n de dep\u00f3sito y protecci\u00f3n en l\u00ednea para todas las&#8230;<\/p>\n","protected":false},"author":1,"featured_media":0,"parent":0,"menu_order":0,"comment_status":"closed","ping_status":"closed","template":"","meta":{"_joinchat":[]},"yoast_head":"<!-- This site is optimized with the Yoast SEO plugin v20.3 - https:\/\/yoast.com\/wordpress\/plugins\/seo\/ -->\n<title>Nuestras soluciones de dep\u00f3sito para empresas - Fidealis<\/title>\n<meta name=\"description\" content=\"Las creaciones intelectuales constituyen el patrimonio inmaterial de las empresas. Esto es lo que les permite innovar y destacarse en un entorno competitivo. Para evitar copiar sus innovaciones, las empresas deben utilizar el dep\u00f3sito de sus creaciones.\" \/>\n<meta name=\"robots\" content=\"noindex, follow, max-snippet:-1, max-image-preview:large, max-video-preview:-1\" \/>\n<meta property=\"og:locale\" content=\"es_ES\" \/>\n<meta property=\"og:type\" content=\"article\" \/>\n<meta property=\"og:title\" content=\"Nuestras soluciones de dep\u00f3sito para empresas - Fidealis\" \/>\n<meta property=\"og:description\" content=\"Las creaciones intelectuales constituyen el patrimonio inmaterial de las empresas. Esto es lo que les permite innovar y destacarse en un entorno competitivo. Para evitar copiar sus innovaciones, las empresas deben utilizar el dep\u00f3sito de sus creaciones.\" \/>\n<meta property=\"og:url\" content=\"https:\/\/beta.fidealis.com\/es\/nuestras-soluciones\/\" \/>\n<meta property=\"og:site_name\" content=\"Fidealis\" \/>\n<meta property=\"article:publisher\" content=\"https:\/\/www.facebook.com\/Fidealis-573887362622849\/\" \/>\n<meta property=\"article:modified_time\" content=\"2020-04-13T15:37:38+00:00\" \/>\n<meta name=\"twitter:card\" content=\"summary_large_image\" \/>\n<script type=\"application\/ld+json\" class=\"yoast-schema-graph\">{\"@context\":\"https:\/\/schema.org\",\"@graph\":[{\"@type\":\"WebPage\",\"@id\":\"https:\/\/beta.fidealis.com\/es\/nuestras-soluciones\/\",\"url\":\"https:\/\/beta.fidealis.com\/es\/nuestras-soluciones\/\",\"name\":\"Nuestras soluciones de dep\u00f3sito para empresas - Fidealis\",\"isPartOf\":{\"@id\":\"https:\/\/beta.fidealis.com\/#website\"},\"datePublished\":\"2018-06-18T22:00:00+00:00\",\"dateModified\":\"2020-04-13T15:37:38+00:00\",\"description\":\"Las creaciones intelectuales constituyen el patrimonio inmaterial de las empresas. Esto es lo que les permite innovar y destacarse en un entorno competitivo. Para evitar copiar sus innovaciones, las empresas deben utilizar el dep\u00f3sito de sus creaciones.\",\"breadcrumb\":{\"@id\":\"https:\/\/beta.fidealis.com\/es\/nuestras-soluciones\/#breadcrumb\"},\"inLanguage\":\"es\",\"potentialAction\":[{\"@type\":\"ReadAction\",\"target\":[\"https:\/\/beta.fidealis.com\/es\/nuestras-soluciones\/\"]}]},{\"@type\":\"BreadcrumbList\",\"@id\":\"https:\/\/beta.fidealis.com\/es\/nuestras-soluciones\/#breadcrumb\",\"itemListElement\":[{\"@type\":\"ListItem\",\"position\":1,\"name\":\"Accueil\",\"item\":\"https:\/\/beta.fidealis.com\/es\/\"},{\"@type\":\"ListItem\",\"position\":2,\"name\":\"Nuestras soluciones de archivo para empresas\"}]},{\"@type\":\"WebSite\",\"@id\":\"https:\/\/beta.fidealis.com\/#website\",\"url\":\"https:\/\/beta.fidealis.com\/\",\"name\":\"Fidealis\",\"description\":\"Fidealis: vous cr\u00e9ez, nous prot\u00e9geons.\",\"publisher\":{\"@id\":\"https:\/\/beta.fidealis.com\/#organization\"},\"potentialAction\":[{\"@type\":\"SearchAction\",\"target\":{\"@type\":\"EntryPoint\",\"urlTemplate\":\"https:\/\/beta.fidealis.com\/?s={search_term_string}\"},\"query-input\":\"required name=search_term_string\"}],\"inLanguage\":\"es\"},{\"@type\":\"Organization\",\"@id\":\"https:\/\/beta.fidealis.com\/#organization\",\"name\":\"Fidealis\",\"url\":\"https:\/\/beta.fidealis.com\/\",\"logo\":{\"@type\":\"ImageObject\",\"inLanguage\":\"es\",\"@id\":\"https:\/\/beta.fidealis.com\/#\/schema\/logo\/image\/\",\"url\":\"https:\/\/www.fidealis.com\/wp-content\/uploads\/2018\/04\/logo-fidealis.png\",\"contentUrl\":\"https:\/\/www.fidealis.com\/wp-content\/uploads\/2018\/04\/logo-fidealis.png\",\"width\":525,\"height\":205,\"caption\":\"Fidealis\"},\"image\":{\"@id\":\"https:\/\/beta.fidealis.com\/#\/schema\/logo\/image\/\"},\"sameAs\":[\"https:\/\/www.facebook.com\/Fidealis-573887362622849\/\"]}]}<\/script>\n<!-- \/ Yoast SEO plugin. -->","yoast_head_json":{"title":"Nuestras soluciones de dep\u00f3sito para empresas - Fidealis","description":"Las creaciones intelectuales constituyen el patrimonio inmaterial de las empresas. Esto es lo que les permite innovar y destacarse en un entorno competitivo. Para evitar copiar sus innovaciones, las empresas deben utilizar el dep\u00f3sito de sus creaciones.","robots":{"index":"noindex","follow":"follow","max-snippet":"max-snippet:-1","max-image-preview":"max-image-preview:large","max-video-preview":"max-video-preview:-1"},"og_locale":"es_ES","og_type":"article","og_title":"Nuestras soluciones de dep\u00f3sito para empresas - Fidealis","og_description":"Las creaciones intelectuales constituyen el patrimonio inmaterial de las empresas. Esto es lo que les permite innovar y destacarse en un entorno competitivo. Para evitar copiar sus innovaciones, las empresas deben utilizar el dep\u00f3sito de sus creaciones.","og_url":"https:\/\/beta.fidealis.com\/es\/nuestras-soluciones\/","og_site_name":"Fidealis","article_publisher":"https:\/\/www.facebook.com\/Fidealis-573887362622849\/","article_modified_time":"2020-04-13T15:37:38+00:00","twitter_card":"summary_large_image","schema":{"@context":"https:\/\/schema.org","@graph":[{"@type":"WebPage","@id":"https:\/\/beta.fidealis.com\/es\/nuestras-soluciones\/","url":"https:\/\/beta.fidealis.com\/es\/nuestras-soluciones\/","name":"Nuestras soluciones de dep\u00f3sito para empresas - Fidealis","isPartOf":{"@id":"https:\/\/beta.fidealis.com\/#website"},"datePublished":"2018-06-18T22:00:00+00:00","dateModified":"2020-04-13T15:37:38+00:00","description":"Las creaciones intelectuales constituyen el patrimonio inmaterial de las empresas. Esto es lo que les permite innovar y destacarse en un entorno competitivo. Para evitar copiar sus innovaciones, las empresas deben utilizar el dep\u00f3sito de sus creaciones.","breadcrumb":{"@id":"https:\/\/beta.fidealis.com\/es\/nuestras-soluciones\/#breadcrumb"},"inLanguage":"es","potentialAction":[{"@type":"ReadAction","target":["https:\/\/beta.fidealis.com\/es\/nuestras-soluciones\/"]}]},{"@type":"BreadcrumbList","@id":"https:\/\/beta.fidealis.com\/es\/nuestras-soluciones\/#breadcrumb","itemListElement":[{"@type":"ListItem","position":1,"name":"Accueil","item":"https:\/\/beta.fidealis.com\/es\/"},{"@type":"ListItem","position":2,"name":"Nuestras soluciones de archivo para empresas"}]},{"@type":"WebSite","@id":"https:\/\/beta.fidealis.com\/#website","url":"https:\/\/beta.fidealis.com\/","name":"Fidealis","description":"Fidealis: vous cr\u00e9ez, nous prot\u00e9geons.","publisher":{"@id":"https:\/\/beta.fidealis.com\/#organization"},"potentialAction":[{"@type":"SearchAction","target":{"@type":"EntryPoint","urlTemplate":"https:\/\/beta.fidealis.com\/?s={search_term_string}"},"query-input":"required name=search_term_string"}],"inLanguage":"es"},{"@type":"Organization","@id":"https:\/\/beta.fidealis.com\/#organization","name":"Fidealis","url":"https:\/\/beta.fidealis.com\/","logo":{"@type":"ImageObject","inLanguage":"es","@id":"https:\/\/beta.fidealis.com\/#\/schema\/logo\/image\/","url":"https:\/\/www.fidealis.com\/wp-content\/uploads\/2018\/04\/logo-fidealis.png","contentUrl":"https:\/\/www.fidealis.com\/wp-content\/uploads\/2018\/04\/logo-fidealis.png","width":525,"height":205,"caption":"Fidealis"},"image":{"@id":"https:\/\/beta.fidealis.com\/#\/schema\/logo\/image\/"},"sameAs":["https:\/\/www.facebook.com\/Fidealis-573887362622849\/"]}]}},"_links":{"self":[{"href":"https:\/\/beta.fidealis.com\/es\/wp-json\/wp\/v2\/pages\/15491"}],"collection":[{"href":"https:\/\/beta.fidealis.com\/es\/wp-json\/wp\/v2\/pages"}],"about":[{"href":"https:\/\/beta.fidealis.com\/es\/wp-json\/wp\/v2\/types\/page"}],"author":[{"embeddable":true,"href":"https:\/\/beta.fidealis.com\/es\/wp-json\/wp\/v2\/users\/1"}],"replies":[{"embeddable":true,"href":"https:\/\/beta.fidealis.com\/es\/wp-json\/wp\/v2\/comments?post=15491"}],"version-history":[{"count":2,"href":"https:\/\/beta.fidealis.com\/es\/wp-json\/wp\/v2\/pages\/15491\/revisions"}],"predecessor-version":[{"id":16012,"href":"https:\/\/beta.fidealis.com\/es\/wp-json\/wp\/v2\/pages\/15491\/revisions\/16012"}],"wp:attachment":[{"href":"https:\/\/beta.fidealis.com\/es\/wp-json\/wp\/v2\/media?parent=15491"}],"curies":[{"name":"wp","href":"https:\/\/api.w.org\/{rel}","templated":true}]}}