{"id":15493,"date":"2018-06-21T00:00:00","date_gmt":"2018-06-20T22:00:00","guid":{"rendered":"https:\/\/www.fidealis.com\/depot-copyright\/deposer-un-logiciel"},"modified":"2020-04-13T17:33:44","modified_gmt":"2020-04-13T15:33:44","slug":"proteccion-de-software","status":"publish","type":"page","link":"https:\/\/beta.fidealis.com\/es\/presentacion-de-modelos\/proteccion-de-software\/","title":{"rendered":"Protecci\u00f3n de software"},"content":{"rendered":"<section class=\"cover imagebg text-center height-60 section--ken-burns\" data-overlay=\"4\">\n        <div class=\"background-image-holder\"><img alt=\"\" src=\"https:\/\/beta.fidealis.com\/wp-content\/uploads\/2018\/06\/copyright-logiciel.jpg\"><\/div>\n        <div class=\"container pos-vertical-center\">\n            <div class=\"row\">\n                <div class=\"col-sm-8 col-md-9\">\n                    \n                        <h1>Proteja su software gracias al dep\u00f3sito de copyright<\/h1>\n                    \n                <\/div>\n            <\/div>\n            <!--end of row-->\n        <\/div>\n        <!--end of container-->\n    <\/section>\n    <section class=\"bg--secondary space--xxs\">\n        <div class=\"container\">\n            <div class=\"row\">\n                <div class=\"cta cta--horizontal text-center-xs\">\n                    <div class=\"col-sm-4\">\n                        <h4>Su dep\u00f3sito a partir de 95\u20ac<\/h4>\n                    <\/div>\n                    <div class=\"col-sm-5\">\n                        <p class=\"lead\">La mejor soluci\u00f3n para la protecci\u00f3n de software<\/p>\n                    <\/div>\n                    <div class=\"col-sm-3 text-right text-center-xs\">\n                        <a title=\"\" class=\"btn btn--primary type--uppercase\" href=\"https:\/\/beta.fidealis.com\/es\/qui-sommes-nous\/contactez-nous\/\" target=\"\" rel=\"\"> <span class=\"btn__text\">solicitud de contacto<\/span> <\/a>\n                    <\/div>\n                <\/div>\n            <\/div>\n            <!--end of row-->\n        <\/div>\n        <!--end of container-->\n    <\/section>\n    <section class=\"switchable feature-large  text-justify space--xxs\">\n        <div class=\"container\">\n            <div class=\"row\">\n                <div class=\"col-sm-6 col-md-4\">\n                    <div class=\"switchable__text\">\n                        <h2 class=\"left\">La propiedad intelectual de software<\/h2>\n                        <div class=\"right\">&nbsp;<\/div>\n                        <p class=\"lead\">Cada obra original est\u00e1 protegida por un derecho de autor que le otorga a su creador derechos exclusivos sobre su producci\u00f3n.<\/p>\n                        <p class=\"lead\">El software se considera un trabajo mental desde la votaci\u00f3n de la ley del 3 de julio de 1985, que naturalmente confiere derechos de autor a cualquier desarrollador de software.<\/p>\n                        <p class=\"lead\">Por lo tanto, es importante considerar un dep\u00f3sito de <a href=\"https:\/\/beta.fidealis.com\/es\/depot-copyright\/\">copyright<\/a> para facilitar la demostraci\u00f3n de la t\u00e9cnica anterior en caso de robo o plagio. Fidealis ofrece una soluci\u00f3n 100% en l\u00ednea.<\/p>\n                    <\/div>\n                <\/div>\n                <div class=\"col-sm-6\">\n                    <div class=\"boxed boxed--lg boxed--border\">\n                        <div class=\"feature feature-2\"> <i class=\"icon color--primary icon-Libra-2\"><\/i>\n                            <div class=\"feature__body\">\n                                <h5>Pruebas reconocidas de los tribunales.<\/h5>\n                                <p>Reconocimiento por tribunales de todo el mundo.<\/p>\n                            <\/div>\n                        <\/div>\n                        <!--end feature-->\n                        <div class=\"feature feature-2\"> <i class=\"icon color--primary icon-Security-Check\"><\/i>\n                            <div class=\"feature__body\">\n                                <h5>Certificados de agente judicial v\u00e1lidos de por vida<\/h5>\n                                <p>Construya pruebas v\u00e1lidas para toda la vida.<\/p>\n                            <\/div>\n                        <\/div>\n                        <div class=\"feature feature-2\"> <i class=\"icon color--primary icon-Font-Window\"><\/i>\n                            <div class=\"feature__body\">\n                                <h5>Sus dep\u00f3sitos son v\u00e1lidos en 11 idiomas.<\/h5>\n                                <p style=\"text-align: left;\">Dispone de sus dep\u00f3sitos en franc\u00e9s, ingl\u00e9s, italiano, chino, alem\u00e1n, portugu\u00e9s, \u00e1rabe, espa\u00f1ol, coreano, japon\u00e9s y ruso.<\/p>\n                            <\/div>\n                        <\/div>\n                        <!--end feature-->\n                        <div class=\"feature feature-2\"> <i class=\"icon color--primary icon-Windows-2\"><\/i>\n                            <div class=\"feature__body\">\n                                <h5>Su evidencia disponible 24\/7<\/h5>\n                                <p>Recibo de dep\u00f3sito disponible en l\u00ednea 24\/7.<\/p>\n                            <\/div>\n                        <\/div>\n                        <!--end feature-->\n                    <\/div>\n                <\/div>\n            <\/div>\n            <!--end of row-->\n        <\/div>\n        <!--end of container-->\n    <\/section>\n    <section class=\"bg--secondary text-center space--xxs\">\n        <div class=\"container\">\n            <div class=\"row\">\n                <div class=\"col-sm-12\">\n                    <h2 class=\"addtoppad\">\u00bfC\u00f3mo funciona el dep\u00f3sito de copyright de software?<\/h2>\n                <\/div>\n            <\/div>\n            <!--end of row-->\n        <\/div>\n        <!--end of container-->\n    <\/section>\n    <section class=\"bg--secondary space--xs\">\n        <div class=\"container\">\n            <div class=\"row\">\n                <div class=\"col-sm-4\">\n                    <div class=\"feature feature-2 boxed boxed--border\"> <i class=\"icon color--primary icon-Checked-User\"><\/i>\n                        <div class=\"feature__body\">\n                            <p style=\"text-align: center;\"><span class=\"h1 h1--medium\" style=\"color: #d93d3d;\">1.<\/span><\/p>\n                            <h4 style=\"text-align: center;\">Se inscribe<\/h4>\n                            <p style=\"text-align: center;\">Se inscribe gratuitamente&nbsp;<br>Ning\u00fan pago requerido<\/p>\n                        <\/div>\n                    <\/div>\n                    <!--end feature-->\n                <\/div>\n                <div class=\"col-sm-4\">\n                    <div class=\"feature feature-2 boxed boxed--border\"> <i class=\"icon color--primary icon-Security-Settings\"><\/i>\n                        <div class=\"feature__body\">\n                            <p style=\"text-align: center;\"><span class=\"h1 h1--medium\" style=\"color: #d93d3d;\">2.<\/span><\/p>\n                            <h4 style=\"text-align: center;\">Le guiamos<\/h4>\n                            <p style=\"text-align: center;\">Elija una oferta adaptada a sus necesidades con un consultor.<\/p>\n                        <\/div>\n                    <\/div>\n                    <!--end feature-->\n                <\/div>\n                <div class=\"col-sm-4\">\n                    <div class=\"feature feature-2 boxed boxed--border\"> <i class=\"icon color--primary icon-Security-Check\"><\/i>\n                        <div class=\"feature__body\">\n                            <p style=\"text-align: center;\"><span class=\"h1 h1--medium\" style=\"color: #d93d3d;\">3.<\/span><\/p>\n                            <h4 style=\"text-align: center;\">Le protegemos<\/h4>\n                            <p style=\"text-align: center;\">Descargue sus creaciones en l\u00ednea. <br>\u00a1Est\u00e1 protegido!<\/p>\n                        <\/div>\n                    <\/div>\n                    <!--end feature-->\n                <\/div>\n            <\/div>\n            <!--end of row-->\n        <\/div>\n        <!--end of container-->\n    <\/section>\n    <section class=\"text-center  bg--secondary space--xxs\">\n        <div class=\"container\">\n            <div class=\"row\">\n                <div class=\"col-sm-8 col-md-6\">\n                    <div class=\"cta\"> <a title=\"\" class=\"btn type--uppercase inner-link btn--primary\" href=\"https:\/\/beta.fidealis.com\/es\/inscription\" target=\"_blank\" rel=\"noopener\"><span class=\"btn__text\">inscribirse ahora<\/span>                    <\/a>\n                        \n                            <p class=\"type--fine-print\" style=\"margin-top: 0.03em; margin-bottom: 1.2em;\">No se requiere tarjeta de cr\u00e9dito<\/p>\n                        \n                    <\/div>\n                <\/div>\n            <\/div>\n            <!--end of row-->\n        <\/div>\n        <!--end of container-->\n    <\/section>\n    <section class=\"feature-large switchable  text-justify space--xs\">\n        <div class=\"container\">\n            <div class=\"row\">\n                <div class=\"col-sm-6 col-md-6\"> <img class=\"border--round box-shadow-wide\" alt=\"pas d'alternative au copyright pour proteger un logiciel\" src=\"https:\/\/beta.fidealis.com\/wp-content\/uploads\/2018\/08\/pas-alternative-logiciel.jpg\"> <\/div>\n                <div class=\"col-sm-6 col-md-5\">\n                    <div class=\"heading-block\">\n                        <h2 style=\"text-align: left;\">No hay alternativa para la protecci\u00f3n de software<\/h2>\n                        <div class=\"right\">&nbsp;<\/div>\n                        <p class=\"lead\"><br>El software se compone de muchas l\u00edneas de c\u00f3digo que permiten realizar tareas.<\/p>\n                        <p class=\"lead\">Un software generalmente funciona en el modo:<\/p>\n                        <ul class=\"bullets\">\n                            <li class=\"lead li-blocked\">informaci\u00f3n entrante (input)<\/li>\n                            <li class=\"lead li-blocked\">procesamiento de software<\/li>\n                            <li class=\"lead li-blocked\">informaci\u00f3n de salida (output)<\/li>\n                        <\/ul>\n                        <p class=\"lead\">Es extremadamente f\u00e1cil acortar, alargar, eludir ciertas tareas en el software, sin modificar el tratamiento sufrido por la informaci\u00f3n. Esta es una de las razones por las cuales el software no est\u00e1 patentado en Francia. Porque el resultado de una tarea realizada por el software proviene de un c\u00f3digo X o Y, o Z.<\/p>\n                        <p class=\"lead\">Los debates sobre la patente de software en Francia se fijan en un software sin patente.&nbsp;<\/p>\n                    <\/div>\n                <\/div>\n            <\/div>\n            <!--end of row-->\n        <\/div>\n        <!--end of container-->\n    <\/section>\n    <section class=\"imagebg text-justify\" data-overlay=\"8\">\n        <div class=\"background-image-holder\"> <img alt=\"Les principes du droit d'auteur d'un logiciel?\" src=\"https:\/\/beta.fidealis.com\/wp-content\/uploads\/2018\/06\/blockchain-fidealis.jpg\"> <\/div>\n        <div class=\"container\">\n            <div class=\"row\">\n                <div class=\"col-sm-12 col-md-6\">\n                    <h2><span style=\"color: #ffffff;\"><strong>Los principios del derecho de autor de software<\/strong><\/span><\/h2>\n                    <p class=\"lead\">Los derechos de autor del software permiten que el creador, el equipo de autores o la persona f\u00edsica o jur\u00eddica a iniciativa de la creaci\u00f3n disfruten de derechos morales y patrimoniales. Los autores se benefician as\u00ed del reconocimiento de su autor\u00eda, el derecho a publicar la obra, el poder de autorizar o prohibir su reproducci\u00f3n y el derecho a comercializar y adaptar la creaci\u00f3n.<\/p>\n                    <p class=\"lead\">Para garantizar una mejor protecci\u00f3n del software y formalizar los derechos de autor, la presentaci\u00f3n de los derechos de autor del software es una soluci\u00f3n segura. Es ofrecido por organismos p\u00fablicos, empresas especializadas y firmas notariales y judiciales.<\/p>\n                <\/div>\n                <div class=\"col-md-6 col-sm-12\">\n                    <h2><span style=\"color: #ffffff;\"><strong>Dep\u00f3sito de derechos de autor para cualquier desarrollador de software<\/strong><\/span><\/h2>\n                    <p class=\"lead\">Para proteger un programa, es necesario reunir todas las piezas que demuestren su propiedad. El software est\u00e1 depositado pero no solo. El archivo de estudio y dise\u00f1o del proyecto, la documentaci\u00f3n t\u00e9cnica, los c\u00f3digos (fuentes) utilizados para el dise\u00f1o del software y los manuales de usuario completan la solicitud de presentaci\u00f3n. Por razones pr\u00e1cticas, el software se deposita en general con funcionarios departamentales o empresas especializadas en protecci\u00f3n de derechos de autor de software.<\/p>\n                <\/div>\n            <\/div>\n            <!--end of row-->\n        <\/div>\n        <!--end of container-->\n    <\/section>\n    <section class=\"unpad--bottom switchable cta cta-3  bg--secondary switchable--switch text-center\">\n        <div class=\"container\">\n            <div class=\"row\">\n                <div class=\"col-sm-6 col-md-6\">\n                    <div class=\"switchable__text\">\n                        \n                            <h2 style=\"text-align: center;\">Fidealis, proteja sus creaciones inform\u00e1ticas<\/h2>\n                            <p class=\"lead\" style=\"text-align: center;\">La soluci\u00f3n pionera en la protecci\u00f3n de dise\u00f1os y colecciones, que re\u00fane las tecnolog\u00edas de la firma electr\u00f3nica, la marca de tiempo y blockchain. Sus creaciones se certifican instant\u00e1neamente y se archivan en paralelo con el agente judicial.<\/p>\n                        \n                        <a title=\"\" class=\"btn type--uppercase inner-link btn--primary\" href=\"https:\/\/beta.fidealis.com\/es\/inscription\" target=\"_blank\" rel=\"noopener\"> <span class=\"btn__text\">inscribirse gratuitamente<\/span><span class=\"label\">sin tc<\/span> <\/a>\n                    <\/div>\n                <\/div>\n                <div class=\"col-sm-6 col-md-5\"> <img class=\"block\" alt=\"D\u00e9p\u00f4t et copyright logiciel ou algorithme\" src=\"https:\/\/beta.fidealis.com\/wp-content\/uploads\/2018\/08\/protection-logiciel.png\"> <\/div>\n            <\/div>\n            <!--end of row-->\n        <\/div>\n        <!--end of container-->\n    <\/section>","protected":false},"excerpt":{"rendered":"<p>Proteja su software gracias al dep\u00f3sito de copyright Su dep\u00f3sito a partir de 95\u20ac La mejor soluci\u00f3n para la protecci\u00f3n de software&#8230;<\/p>\n","protected":false},"author":1,"featured_media":0,"parent":15501,"menu_order":0,"comment_status":"closed","ping_status":"closed","template":"","meta":{"_joinchat":[]},"yoast_head":"<!-- This site is optimized with the Yoast SEO plugin v20.3 - https:\/\/yoast.com\/wordpress\/plugins\/seo\/ -->\n<title>Deposite y proteja el software con dep\u00f3sito de derechos de autor<\/title>\n<meta name=\"description\" content=\"El software ha sido considerado un trabajo mental desde la votaci\u00f3n de la ley del 3 de julio de 1985, que naturalmente otorga derechos de autor a cualquier dise\u00f1ador de software. Por lo tanto, es importante considerar un dep\u00f3sito de derechos de autor para facilitar la demostraci\u00f3n de la prueba de la t\u00e9cnica anterior\" \/>\n<meta name=\"robots\" content=\"noindex, follow, max-snippet:-1, max-image-preview:large, max-video-preview:-1\" \/>\n<meta property=\"og:locale\" content=\"es_ES\" \/>\n<meta property=\"og:type\" content=\"article\" \/>\n<meta property=\"og:title\" content=\"Deposite y proteja el software con dep\u00f3sito de derechos de autor\" \/>\n<meta property=\"og:description\" content=\"El software ha sido considerado un trabajo mental desde la votaci\u00f3n de la ley del 3 de julio de 1985, que naturalmente otorga derechos de autor a cualquier dise\u00f1ador de software. Por lo tanto, es importante considerar un dep\u00f3sito de derechos de autor para facilitar la demostraci\u00f3n de la prueba de la t\u00e9cnica anterior\" \/>\n<meta property=\"og:url\" content=\"https:\/\/beta.fidealis.com\/es\/presentacion-de-modelos\/proteccion-de-software\/\" \/>\n<meta property=\"og:site_name\" content=\"Fidealis\" \/>\n<meta property=\"article:publisher\" content=\"https:\/\/www.facebook.com\/Fidealis-573887362622849\/\" \/>\n<meta property=\"article:modified_time\" content=\"2020-04-13T15:33:44+00:00\" \/>\n<meta name=\"twitter:card\" content=\"summary_large_image\" \/>\n<script type=\"application\/ld+json\" class=\"yoast-schema-graph\">{\"@context\":\"https:\/\/schema.org\",\"@graph\":[{\"@type\":\"WebPage\",\"@id\":\"https:\/\/beta.fidealis.com\/es\/presentacion-de-modelos\/proteccion-de-software\/\",\"url\":\"https:\/\/beta.fidealis.com\/es\/presentacion-de-modelos\/proteccion-de-software\/\",\"name\":\"Deposite y proteja el software con dep\u00f3sito de derechos de autor\",\"isPartOf\":{\"@id\":\"https:\/\/beta.fidealis.com\/#website\"},\"datePublished\":\"2018-06-20T22:00:00+00:00\",\"dateModified\":\"2020-04-13T15:33:44+00:00\",\"description\":\"El software ha sido considerado un trabajo mental desde la votaci\u00f3n de la ley del 3 de julio de 1985, que naturalmente otorga derechos de autor a cualquier dise\u00f1ador de software. Por lo tanto, es importante considerar un dep\u00f3sito de derechos de autor para facilitar la demostraci\u00f3n de la prueba de la t\u00e9cnica anterior\",\"breadcrumb\":{\"@id\":\"https:\/\/beta.fidealis.com\/es\/presentacion-de-modelos\/proteccion-de-software\/#breadcrumb\"},\"inLanguage\":\"es\",\"potentialAction\":[{\"@type\":\"ReadAction\",\"target\":[\"https:\/\/beta.fidealis.com\/es\/presentacion-de-modelos\/proteccion-de-software\/\"]}]},{\"@type\":\"BreadcrumbList\",\"@id\":\"https:\/\/beta.fidealis.com\/es\/presentacion-de-modelos\/proteccion-de-software\/#breadcrumb\",\"itemListElement\":[{\"@type\":\"ListItem\",\"position\":1,\"name\":\"Accueil\",\"item\":\"https:\/\/beta.fidealis.com\/es\/\"},{\"@type\":\"ListItem\",\"position\":2,\"name\":\"Presentaci\u00f3n de modelos en l\u00ednea\",\"item\":\"https:\/\/beta.fidealis.com\/es\/presentacion-de-modelos\/\"},{\"@type\":\"ListItem\",\"position\":3,\"name\":\"Protecci\u00f3n de software\"}]},{\"@type\":\"WebSite\",\"@id\":\"https:\/\/beta.fidealis.com\/#website\",\"url\":\"https:\/\/beta.fidealis.com\/\",\"name\":\"Fidealis\",\"description\":\"Fidealis: vous cr\u00e9ez, nous prot\u00e9geons.\",\"publisher\":{\"@id\":\"https:\/\/beta.fidealis.com\/#organization\"},\"potentialAction\":[{\"@type\":\"SearchAction\",\"target\":{\"@type\":\"EntryPoint\",\"urlTemplate\":\"https:\/\/beta.fidealis.com\/?s={search_term_string}\"},\"query-input\":\"required name=search_term_string\"}],\"inLanguage\":\"es\"},{\"@type\":\"Organization\",\"@id\":\"https:\/\/beta.fidealis.com\/#organization\",\"name\":\"Fidealis\",\"url\":\"https:\/\/beta.fidealis.com\/\",\"logo\":{\"@type\":\"ImageObject\",\"inLanguage\":\"es\",\"@id\":\"https:\/\/beta.fidealis.com\/#\/schema\/logo\/image\/\",\"url\":\"https:\/\/www.fidealis.com\/wp-content\/uploads\/2018\/04\/logo-fidealis.png\",\"contentUrl\":\"https:\/\/www.fidealis.com\/wp-content\/uploads\/2018\/04\/logo-fidealis.png\",\"width\":525,\"height\":205,\"caption\":\"Fidealis\"},\"image\":{\"@id\":\"https:\/\/beta.fidealis.com\/#\/schema\/logo\/image\/\"},\"sameAs\":[\"https:\/\/www.facebook.com\/Fidealis-573887362622849\/\"]}]}<\/script>\n<!-- \/ Yoast SEO plugin. -->","yoast_head_json":{"title":"Deposite y proteja el software con dep\u00f3sito de derechos de autor","description":"El software ha sido considerado un trabajo mental desde la votaci\u00f3n de la ley del 3 de julio de 1985, que naturalmente otorga derechos de autor a cualquier dise\u00f1ador de software. Por lo tanto, es importante considerar un dep\u00f3sito de derechos de autor para facilitar la demostraci\u00f3n de la prueba de la t\u00e9cnica anterior","robots":{"index":"noindex","follow":"follow","max-snippet":"max-snippet:-1","max-image-preview":"max-image-preview:large","max-video-preview":"max-video-preview:-1"},"og_locale":"es_ES","og_type":"article","og_title":"Deposite y proteja el software con dep\u00f3sito de derechos de autor","og_description":"El software ha sido considerado un trabajo mental desde la votaci\u00f3n de la ley del 3 de julio de 1985, que naturalmente otorga derechos de autor a cualquier dise\u00f1ador de software. Por lo tanto, es importante considerar un dep\u00f3sito de derechos de autor para facilitar la demostraci\u00f3n de la prueba de la t\u00e9cnica anterior","og_url":"https:\/\/beta.fidealis.com\/es\/presentacion-de-modelos\/proteccion-de-software\/","og_site_name":"Fidealis","article_publisher":"https:\/\/www.facebook.com\/Fidealis-573887362622849\/","article_modified_time":"2020-04-13T15:33:44+00:00","twitter_card":"summary_large_image","schema":{"@context":"https:\/\/schema.org","@graph":[{"@type":"WebPage","@id":"https:\/\/beta.fidealis.com\/es\/presentacion-de-modelos\/proteccion-de-software\/","url":"https:\/\/beta.fidealis.com\/es\/presentacion-de-modelos\/proteccion-de-software\/","name":"Deposite y proteja el software con dep\u00f3sito de derechos de autor","isPartOf":{"@id":"https:\/\/beta.fidealis.com\/#website"},"datePublished":"2018-06-20T22:00:00+00:00","dateModified":"2020-04-13T15:33:44+00:00","description":"El software ha sido considerado un trabajo mental desde la votaci\u00f3n de la ley del 3 de julio de 1985, que naturalmente otorga derechos de autor a cualquier dise\u00f1ador de software. Por lo tanto, es importante considerar un dep\u00f3sito de derechos de autor para facilitar la demostraci\u00f3n de la prueba de la t\u00e9cnica anterior","breadcrumb":{"@id":"https:\/\/beta.fidealis.com\/es\/presentacion-de-modelos\/proteccion-de-software\/#breadcrumb"},"inLanguage":"es","potentialAction":[{"@type":"ReadAction","target":["https:\/\/beta.fidealis.com\/es\/presentacion-de-modelos\/proteccion-de-software\/"]}]},{"@type":"BreadcrumbList","@id":"https:\/\/beta.fidealis.com\/es\/presentacion-de-modelos\/proteccion-de-software\/#breadcrumb","itemListElement":[{"@type":"ListItem","position":1,"name":"Accueil","item":"https:\/\/beta.fidealis.com\/es\/"},{"@type":"ListItem","position":2,"name":"Presentaci\u00f3n de modelos en l\u00ednea","item":"https:\/\/beta.fidealis.com\/es\/presentacion-de-modelos\/"},{"@type":"ListItem","position":3,"name":"Protecci\u00f3n de software"}]},{"@type":"WebSite","@id":"https:\/\/beta.fidealis.com\/#website","url":"https:\/\/beta.fidealis.com\/","name":"Fidealis","description":"Fidealis: vous cr\u00e9ez, nous prot\u00e9geons.","publisher":{"@id":"https:\/\/beta.fidealis.com\/#organization"},"potentialAction":[{"@type":"SearchAction","target":{"@type":"EntryPoint","urlTemplate":"https:\/\/beta.fidealis.com\/?s={search_term_string}"},"query-input":"required name=search_term_string"}],"inLanguage":"es"},{"@type":"Organization","@id":"https:\/\/beta.fidealis.com\/#organization","name":"Fidealis","url":"https:\/\/beta.fidealis.com\/","logo":{"@type":"ImageObject","inLanguage":"es","@id":"https:\/\/beta.fidealis.com\/#\/schema\/logo\/image\/","url":"https:\/\/www.fidealis.com\/wp-content\/uploads\/2018\/04\/logo-fidealis.png","contentUrl":"https:\/\/www.fidealis.com\/wp-content\/uploads\/2018\/04\/logo-fidealis.png","width":525,"height":205,"caption":"Fidealis"},"image":{"@id":"https:\/\/beta.fidealis.com\/#\/schema\/logo\/image\/"},"sameAs":["https:\/\/www.facebook.com\/Fidealis-573887362622849\/"]}]}},"_links":{"self":[{"href":"https:\/\/beta.fidealis.com\/es\/wp-json\/wp\/v2\/pages\/15493"}],"collection":[{"href":"https:\/\/beta.fidealis.com\/es\/wp-json\/wp\/v2\/pages"}],"about":[{"href":"https:\/\/beta.fidealis.com\/es\/wp-json\/wp\/v2\/types\/page"}],"author":[{"embeddable":true,"href":"https:\/\/beta.fidealis.com\/es\/wp-json\/wp\/v2\/users\/1"}],"replies":[{"embeddable":true,"href":"https:\/\/beta.fidealis.com\/es\/wp-json\/wp\/v2\/comments?post=15493"}],"version-history":[{"count":2,"href":"https:\/\/beta.fidealis.com\/es\/wp-json\/wp\/v2\/pages\/15493\/revisions"}],"predecessor-version":[{"id":16002,"href":"https:\/\/beta.fidealis.com\/es\/wp-json\/wp\/v2\/pages\/15493\/revisions\/16002"}],"up":[{"embeddable":true,"href":"https:\/\/beta.fidealis.com\/es\/wp-json\/wp\/v2\/pages\/15501"}],"wp:attachment":[{"href":"https:\/\/beta.fidealis.com\/es\/wp-json\/wp\/v2\/media?parent=15493"}],"curies":[{"name":"wp","href":"https:\/\/api.w.org\/{rel}","templated":true}]}}