{"id":15494,"date":"2018-06-21T00:00:00","date_gmt":"2018-06-20T22:00:00","guid":{"rendered":"https:\/\/www.fidealis.com\/depot-copyright\/proteger-sa-musique"},"modified":"2020-04-13T17:34:14","modified_gmt":"2020-04-13T15:34:14","slug":"proteccion-de-la-musica","status":"publish","type":"page","link":"https:\/\/beta.fidealis.com\/es\/presentacion-de-modelos\/proteccion-de-la-musica\/","title":{"rendered":"Protecci\u00f3n de la m\u00fasica"},"content":{"rendered":"<section class=\"cover imagebg text-center height-60 section--ken-burns\" data-overlay=\"4\">\n        <div class=\"background-image-holder\"><img alt=\"\" src=\"https:\/\/beta.fidealis.com\/wp-content\/uploads\/2018\/06\/copyright-musique.jpg\"><\/div>\n        <div class=\"container pos-vertical-center\">\n            <div class=\"row\">\n                <div class=\"col-sm-8 col-md-9\">\n                    \n                        <h1 style=\"text-align: center;\">Deposite y proteja su m\u00fasica<\/h1>\n                    \n                <\/div>\n            <\/div>\n            <!--end of row-->\n        <\/div>\n        <!--end of container-->\n    <\/section>\n    <section class=\"bg--secondary space--xxs\">\n        <div class=\"container\">\n            <div class=\"row\">\n                <div class=\"cta cta--horizontal text-center-xs\">\n                    <div class=\"col-sm-4\">\n                        <h4>Dep\u00f3sito a partir de 95\u20ac<\/h4>\n                    <\/div>\n                    <div class=\"col-sm-5\">\n                        <p class=\"lead\">Soluci\u00f3n en l\u00ednea para proteger su m\u00fasica&nbsp;<\/p>\n                    <\/div>\n                    <div class=\"col-sm-3 text-right text-center-xs\">\n                        <a title=\"\" class=\"btn btn--primary type--uppercase\" href=\"https:\/\/beta.fidealis.com\/es\/qui-sommes-nous\/contactez-nous\/\" target=\"\" rel=\"\"> <span class=\"btn__text\">solicitud de contacto<\/span> <\/a>\n                    <\/div>\n                <\/div>\n            <\/div>\n            <!--end of row-->\n        <\/div>\n        <!--end of container-->\n    <\/section>\n    <section class=\"switchable feature-large  text-justify space--xxs\">\n        <div class=\"container\">\n            <div class=\"row\">\n                <div class=\"col-sm-6 col-md-6\">\n                    <div class=\"switchable__text\">\n                        <h2 class=\"left\">Proteger su m\u00fasica del plagio<\/h2>\n                        <div class=\"right\">&nbsp;<\/div>\n                        <p class=\"lead\">En Francia, cualquier creaci\u00f3n original est\u00e1 protegida por derechos de autor. Las leyes del 11 de marzo de 1957 y del 3 de julio de 1985 mencionan la propiedad exclusiva de la obra por parte de su creador, su derecho exclusivo de explotaci\u00f3n y su derecho a autorizar o rechazar su uso por un tercero.<\/p>\n                        <p class=\"lead\">Los art\u00edculos L.111-1 y L.123-1 del C\u00f3digo de Propiedad Intelectual especifican que el autor disfruta de su m\u00fasica con derechos de autor durante toda su vida. A su muerte, este derecho se transfiere a sus herederos por un per\u00edodo de 70 a\u00f1os. Por lo tanto, la protecci\u00f3n de la m\u00fasica se otorga desde la creaci\u00f3n de la obra, pero en caso de plagio, es mejor haber demostrado la propiedad de su producci\u00f3n por <a href=\"https:\/\/beta.fidealis.com\/es\/depot-copyright\/\">medios m\u00e1s seguros.<\/a><\/p>\n                    <\/div>\n                <\/div>\n                <div class=\"col-sm-5\">\n                    <div class=\"boxed boxed--lg boxed--border\">\n                        <div class=\"feature feature-2\"> <i class=\"icon color--primary icon-Libra-2\"><\/i>\n                            <div class=\"feature__body\">\n                                <h5>Pruebas reconocidas de los tribunales.<\/h5>\n                                <p>Reconocimiento por tribunales de todo el mundo.<\/p>\n                            <\/div>\n                        <\/div>\n                        <!--end feature-->\n                        <div class=\"feature feature-2\"> <i class=\"icon color--primary icon-Security-Check\"><\/i>\n                            <div class=\"feature__body\">\n                                <h5>Certificados de agente judicial v\u00e1lidos de por vida<\/h5>\n                                <p>Construya pruebas v\u00e1lidas para toda la vida.<\/p>\n                            <\/div>\n                        <\/div>\n                        <div class=\"feature feature-2\"> <i class=\"icon color--primary icon-Font-Window\"><\/i>\n                            <div class=\"feature__body\">\n                                <h5>Sus dep\u00f3sitos son v\u00e1lidos en 11 idiomas.<\/h5>\n                                <p style=\"text-align: left;\">Dispone de sus dep\u00f3sitos en franc\u00e9s, ingl\u00e9s, italiano, chino, alem\u00e1n, portugu\u00e9s, \u00e1rabe, espa\u00f1ol, coreano, japon\u00e9s y ruso.<\/p>\n                            <\/div>\n                        <\/div>\n                        <!--end feature-->\n                        <div class=\"feature feature-2\"> <i class=\"icon color--primary icon-Windows-2\"><\/i>\n                            <div class=\"feature__body\">\n                                <h5>Su evidencia disponible 24\/7<\/h5>\n                                <p>Recibo de dep\u00f3sito disponible en l\u00ednea 24\/7.<\/p>\n                            <\/div>\n                        <\/div>\n                        <!--end feature-->\n                    <\/div>\n                <\/div>\n            <\/div>\n            <!--end of row-->\n        <\/div>\n        <!--end of container-->\n    <\/section>\n    <section class=\"bg--secondary text-center space--xxs\">\n        <div class=\"container\">\n            <div class=\"row\">\n                <div class=\"col-sm-12\">\n                    <h2 class=\"addtoppad\">\u00bfC\u00f3mo proteger mis creaciones musicales?<\/h2>\n                <\/div>\n            <\/div>\n            <!--end of row-->\n        <\/div>\n        <!--end of container-->\n    <\/section>\n    <section class=\"bg--secondary space--xs\">\n        <div class=\"container\">\n            <div class=\"row\">\n                <div class=\"col-sm-4\">\n                    <div class=\"feature feature-2 boxed boxed--border\"> <i class=\"icon color--primary icon-Checked-User\"><\/i>\n                        <div class=\"feature__body\">\n                            <p style=\"text-align: center;\"><span class=\"h1 h1--medium\" style=\"color: #d93d3d;\">1.<\/span><\/p>\n                            <h4 style=\"text-align: center;\">Se inscribe<\/h4>\n                            <p style=\"text-align: center;\">Se inscribe gratuitamente&nbsp;<br>Ning\u00fan pago requerido&nbsp;<\/p>\n                        <\/div>\n                    <\/div>\n                    <!--end feature-->\n                <\/div>\n                <div class=\"col-sm-4\">\n                    <div class=\"feature feature-2 boxed boxed--border\"> <i class=\"icon color--primary icon-Security-Settings\"><\/i>\n                        <div class=\"feature__body\">\n                            <p style=\"text-align: center;\"><span class=\"h1 h1--medium\" style=\"color: #d93d3d;\">2.<\/span><\/p>\n                            <h4 style=\"text-align: center;\">Le guiamos<\/h4>\n                            <p style=\"text-align: center;\">Elija una oferta adaptada a sus necesidades con un consultor.<\/p>\n                        <\/div>\n                    <\/div>\n                    <!--end feature-->\n                <\/div>\n                <div class=\"col-sm-4\">\n                    <div class=\"feature feature-2 boxed boxed--border\"> <i class=\"icon color--primary icon-Security-Check\"><\/i>\n                        <div class=\"feature__body\">\n                            <p style=\"text-align: center;\"><span class=\"h1 h1--medium\" style=\"color: #d93d3d;\">3.<\/span><\/p>\n                            <h4 style=\"text-align: center;\">Le protegemos<\/h4>\n                            <p style=\"text-align: center;\">Descargue sus creaciones en l\u00ednea. <br>\u00a1Est\u00e1 protegido!<\/p>\n                        <\/div>\n                    <\/div>\n                    <!--end feature-->\n                <\/div>\n            <\/div>\n            <!--end of row-->\n        <\/div>\n        <!--end of container-->\n    <\/section>\n    <section class=\"text-center  bg--secondary space--xxs\">\n        <div class=\"container\">\n            <div class=\"row\">\n                <div class=\"col-sm-8 col-md-6\">\n                    <div class=\"cta\"> <a title=\"\" class=\"btn type--uppercase inner-link btn--primary\" href=\"https:\/\/beta.fidealis.com\/es\/inscription\" target=\"_blank\" rel=\"noopener\"><span class=\"btn__text\">inscribirse ahora<\/span>                    <\/a>\n                        \n                            <p class=\"type--fine-print\" style=\"margin-top: 0.03em; margin-bottom: 1.2em;\">No se requiere tarjeta de cr\u00e9dito<\/p>\n                        \n                    <\/div>\n                <\/div>\n            <\/div>\n            <!--end of row-->\n        <\/div>\n        <!--end of container-->\n    <\/section>\n    <section class=\"feature-large switchable  text-justify space--xs\">\n        <div class=\"container\">\n            <div class=\"row\">\n                <div class=\"col-md-6 col-sm-6\"> <img class=\"border--round box-shadow-wide\" alt=\"\" src=\"https:\/\/beta.fidealis.com\/wp-content\/uploads\/2018\/06\/depot-de-creation-en-ligne.jpg\"> <\/div>\n                <div class=\"col-sm-6 col-md-5\">\n                    <div class=\"heading-block\">\n                        <h2>Derechos de autor musical&nbsp;<\/h2>\n                        <div class=\"right\">&nbsp;<\/div>\n                        <p class=\"lead\">Como se explic\u00f3 anteriormente, los derechos de m\u00fasica se obtienen mediante la m\u00fasica con derechos de autor. Sin embargo, para proteger de manera confiable su creaci\u00f3n, es de inter\u00e9s de los autores presentar una solicitud de m\u00fasica o derechos de autor ante organizaciones, funcionarios departamentales o empresas especializadas en la protecci\u00f3n de los derechos de autor de m\u00fasica.<\/p>\n                        <p class=\"lead\">La autenticidad y la propiedad de una obra musical pueden ser protegidas por la <a href=\"https:\/\/www.sacem.fr\/\">SACEM<\/a> (Sociedad de Autores, Compositores y Editores de M\u00fasica) con la condici\u00f3n de depositar al menos 5 obras de las cuales una ya ha sido explotada. El SNAC (Uni\u00f3n Nacional de Autores y Compositores) y el INPI (Instituto Nacional de Protecci\u00f3n Intelectual) tambi\u00e9n brindan protecci\u00f3n musical como agentes judiciales y notarios. Estos pasos tienen un costo para el autor y la protecci\u00f3n de los derechos musicales es m\u00e1s o menos larga y se extiende seg\u00fan el intermediario elegido.<\/p>\n                        <p class=\"lead\">Cabe se\u00f1alar, sin embargo, que SACEM garantiza la autor\u00eda de las obras y la gesti\u00f3n del pago de los derechos (el famoso \"copyright\").<\/p>\n                    <\/div>\n                <\/div>\n            <\/div>\n            <!--end of row-->\n        <\/div>\n        <!--end of container-->\n    <\/section>\n    <section class=\"imagebg\" data-overlay=\"6\">\n        <div class=\"background-image-holder\"> <img alt=\"deposer une chanson par copyright\" src=\"https:\/\/beta.fidealis.com\/wp-content\/uploads\/2018\/08\/deposer-chanson-musique-guitare.jpg\"> <\/div>\n        <div class=\"container\">\n            <div class=\"row\">\n                <div class=\"col-sm-8 col-md-6\">\n                    <div class=\"cta\">\n                        \n                            <h2>Copyright m\u00fasica<\/h2>\n                            <p class=\"lead\">Para simplificar sus procedimientos, Fidealis, una compa\u00f1\u00eda especializada en seguridad, citas en l\u00ednea y protecci\u00f3n de derechos de autor, se encargar\u00e1 de todas las formalidades del registro de derechos de autor. <strong>Protege tus obras de inmediato<\/strong> gracias a medios inviolables:<\/p>\n                            <ul class=\"bullets\">\n                                <li class=\"lead li-blocked\" style=\"color: #fff;\"><span style=\"color: #ffffff;\">La firma num\u00e9rica de las obras<\/span><\/li>\n                                <li class=\"lead li-blocked\" style=\"color: #fff;\"><span style=\"color: #ffffff;\">La marca de tiempo electr\u00f3nica<\/span><\/li>\n                                <li class=\"lead li-blocked\" style=\"color: #fff;\"><span style=\"color: #ffffff;\">El dep\u00f3sito a un agente judicial<\/span><\/li>\n                            <\/ul>\n                            <p class=\"lead\">A partir de la segunda mitad de 2013, FIDEALIS utilizar\u00e1 su sistema de escaneo web \"Pirascan\" para monitorear sus creaciones en Internet con el fin de detectar el uso de sus creaciones en la Web.<\/p>\n                            <p class=\"lead\">La empresa FIDEALIS le ofrece paquetes para proteger sus obras de manera efectiva al mejor precio, desde 95 euros por creaci\u00f3n.<\/p>\n                        \n                    <\/div>\n                <\/div>\n            <\/div>\n            <!--end of row-->\n        <\/div>\n        <!--end of container-->\n    <\/section>\n    <section class=\"unpad--bottom switchable cta cta-3  bg--secondary text-justify switchable--switch\">\n        <div class=\"container\">\n            <div class=\"row\">\n                <div class=\"col-sm-6 col-md-6\">\n                    <div class=\"switchable__text\">\n                        \n                            <h2>Con Fidealis, proteja su m\u00fasica con unos clicks<\/h2>\n                            <p class=\"lead\">La soluci\u00f3n pionera en la protecci\u00f3n de dise\u00f1os y colecciones, que re\u00fane las tecnolog\u00edas de la firma electr\u00f3nica, la marca de tiempo y blockchain. Sus creaciones se certifican instant\u00e1neamente y se archivan en paralelo con el agente judicial.<\/p>\n                        \n                        <a title=\"\" class=\"btn type--uppercase inner-link btn--primary\" href=\"https:\/\/beta.fidealis.com\/es\/inscription\" target=\"_blank\" rel=\"noopener\"> <span class=\"btn__text\">inscribirse gratuitamente<\/span><span class=\"label\">sin tc<\/span> <\/a>\n                    <\/div>\n                <\/div>\n                <div class=\"col-sm-6 col-md-5\"> <img class=\"block\" alt=\"\" src=\"https:\/\/beta.fidealis.com\/wp-content\/uploads\/2017\/04\/avatar-large-2.png\"> <\/div>\n            <\/div>\n            <!--end of row-->\n        <\/div>\n        <!--end of container-->\n    <\/section>","protected":false},"excerpt":{"rendered":"<p>Deposite y proteja su m\u00fasica Dep\u00f3sito a partir de 95\u20ac Soluci\u00f3n en l\u00ednea para proteger su m\u00fasica&nbsp; solicitud de contacto Proteger su&#8230;<\/p>\n","protected":false},"author":1,"featured_media":0,"parent":15501,"menu_order":0,"comment_status":"closed","ping_status":"closed","template":"","meta":{"_joinchat":[]},"yoast_head":"<!-- This site is optimized with the Yoast SEO plugin v20.3 - https:\/\/yoast.com\/wordpress\/plugins\/seo\/ -->\n<title>Deposite y proteja su m\u00fasica con dep\u00f3sito de derechos de autor<\/title>\n<meta name=\"description\" content=\"La protecci\u00f3n de la m\u00fasica se otorga cuando se crea el trabajo, pero en caso de plagio, para defenderse mejor, es mejor poder demostrar la propiedad de su producci\u00f3n. No m\u00e1s preocupaciones con la presentaci\u00f3n en l\u00ednea de Fidealis.\" \/>\n<meta name=\"robots\" content=\"noindex, follow, max-snippet:-1, max-image-preview:large, max-video-preview:-1\" \/>\n<meta property=\"og:locale\" content=\"es_ES\" \/>\n<meta property=\"og:type\" content=\"article\" \/>\n<meta property=\"og:title\" content=\"Deposite y proteja su m\u00fasica con dep\u00f3sito de derechos de autor\" \/>\n<meta property=\"og:description\" content=\"La protecci\u00f3n de la m\u00fasica se otorga cuando se crea el trabajo, pero en caso de plagio, para defenderse mejor, es mejor poder demostrar la propiedad de su producci\u00f3n. No m\u00e1s preocupaciones con la presentaci\u00f3n en l\u00ednea de Fidealis.\" \/>\n<meta property=\"og:url\" content=\"https:\/\/beta.fidealis.com\/es\/presentacion-de-modelos\/proteccion-de-la-musica\/\" \/>\n<meta property=\"og:site_name\" content=\"Fidealis\" \/>\n<meta property=\"article:publisher\" content=\"https:\/\/www.facebook.com\/Fidealis-573887362622849\/\" \/>\n<meta property=\"article:modified_time\" content=\"2020-04-13T15:34:14+00:00\" \/>\n<meta name=\"twitter:card\" content=\"summary_large_image\" \/>\n<script type=\"application\/ld+json\" class=\"yoast-schema-graph\">{\"@context\":\"https:\/\/schema.org\",\"@graph\":[{\"@type\":\"WebPage\",\"@id\":\"https:\/\/beta.fidealis.com\/es\/presentacion-de-modelos\/proteccion-de-la-musica\/\",\"url\":\"https:\/\/beta.fidealis.com\/es\/presentacion-de-modelos\/proteccion-de-la-musica\/\",\"name\":\"Deposite y proteja su m\u00fasica con dep\u00f3sito de derechos de autor\",\"isPartOf\":{\"@id\":\"https:\/\/beta.fidealis.com\/#website\"},\"datePublished\":\"2018-06-20T22:00:00+00:00\",\"dateModified\":\"2020-04-13T15:34:14+00:00\",\"description\":\"La protecci\u00f3n de la m\u00fasica se otorga cuando se crea el trabajo, pero en caso de plagio, para defenderse mejor, es mejor poder demostrar la propiedad de su producci\u00f3n. No m\u00e1s preocupaciones con la presentaci\u00f3n en l\u00ednea de Fidealis.\",\"breadcrumb\":{\"@id\":\"https:\/\/beta.fidealis.com\/es\/presentacion-de-modelos\/proteccion-de-la-musica\/#breadcrumb\"},\"inLanguage\":\"es\",\"potentialAction\":[{\"@type\":\"ReadAction\",\"target\":[\"https:\/\/beta.fidealis.com\/es\/presentacion-de-modelos\/proteccion-de-la-musica\/\"]}]},{\"@type\":\"BreadcrumbList\",\"@id\":\"https:\/\/beta.fidealis.com\/es\/presentacion-de-modelos\/proteccion-de-la-musica\/#breadcrumb\",\"itemListElement\":[{\"@type\":\"ListItem\",\"position\":1,\"name\":\"Accueil\",\"item\":\"https:\/\/beta.fidealis.com\/es\/\"},{\"@type\":\"ListItem\",\"position\":2,\"name\":\"Presentaci\u00f3n de modelos en l\u00ednea\",\"item\":\"https:\/\/beta.fidealis.com\/es\/presentacion-de-modelos\/\"},{\"@type\":\"ListItem\",\"position\":3,\"name\":\"Protecci\u00f3n de la m\u00fasica\"}]},{\"@type\":\"WebSite\",\"@id\":\"https:\/\/beta.fidealis.com\/#website\",\"url\":\"https:\/\/beta.fidealis.com\/\",\"name\":\"Fidealis\",\"description\":\"Fidealis: vous cr\u00e9ez, nous prot\u00e9geons.\",\"publisher\":{\"@id\":\"https:\/\/beta.fidealis.com\/#organization\"},\"potentialAction\":[{\"@type\":\"SearchAction\",\"target\":{\"@type\":\"EntryPoint\",\"urlTemplate\":\"https:\/\/beta.fidealis.com\/?s={search_term_string}\"},\"query-input\":\"required name=search_term_string\"}],\"inLanguage\":\"es\"},{\"@type\":\"Organization\",\"@id\":\"https:\/\/beta.fidealis.com\/#organization\",\"name\":\"Fidealis\",\"url\":\"https:\/\/beta.fidealis.com\/\",\"logo\":{\"@type\":\"ImageObject\",\"inLanguage\":\"es\",\"@id\":\"https:\/\/beta.fidealis.com\/#\/schema\/logo\/image\/\",\"url\":\"https:\/\/www.fidealis.com\/wp-content\/uploads\/2018\/04\/logo-fidealis.png\",\"contentUrl\":\"https:\/\/www.fidealis.com\/wp-content\/uploads\/2018\/04\/logo-fidealis.png\",\"width\":525,\"height\":205,\"caption\":\"Fidealis\"},\"image\":{\"@id\":\"https:\/\/beta.fidealis.com\/#\/schema\/logo\/image\/\"},\"sameAs\":[\"https:\/\/www.facebook.com\/Fidealis-573887362622849\/\"]}]}<\/script>\n<!-- \/ Yoast SEO plugin. -->","yoast_head_json":{"title":"Deposite y proteja su m\u00fasica con dep\u00f3sito de derechos de autor","description":"La protecci\u00f3n de la m\u00fasica se otorga cuando se crea el trabajo, pero en caso de plagio, para defenderse mejor, es mejor poder demostrar la propiedad de su producci\u00f3n. No m\u00e1s preocupaciones con la presentaci\u00f3n en l\u00ednea de Fidealis.","robots":{"index":"noindex","follow":"follow","max-snippet":"max-snippet:-1","max-image-preview":"max-image-preview:large","max-video-preview":"max-video-preview:-1"},"og_locale":"es_ES","og_type":"article","og_title":"Deposite y proteja su m\u00fasica con dep\u00f3sito de derechos de autor","og_description":"La protecci\u00f3n de la m\u00fasica se otorga cuando se crea el trabajo, pero en caso de plagio, para defenderse mejor, es mejor poder demostrar la propiedad de su producci\u00f3n. No m\u00e1s preocupaciones con la presentaci\u00f3n en l\u00ednea de Fidealis.","og_url":"https:\/\/beta.fidealis.com\/es\/presentacion-de-modelos\/proteccion-de-la-musica\/","og_site_name":"Fidealis","article_publisher":"https:\/\/www.facebook.com\/Fidealis-573887362622849\/","article_modified_time":"2020-04-13T15:34:14+00:00","twitter_card":"summary_large_image","schema":{"@context":"https:\/\/schema.org","@graph":[{"@type":"WebPage","@id":"https:\/\/beta.fidealis.com\/es\/presentacion-de-modelos\/proteccion-de-la-musica\/","url":"https:\/\/beta.fidealis.com\/es\/presentacion-de-modelos\/proteccion-de-la-musica\/","name":"Deposite y proteja su m\u00fasica con dep\u00f3sito de derechos de autor","isPartOf":{"@id":"https:\/\/beta.fidealis.com\/#website"},"datePublished":"2018-06-20T22:00:00+00:00","dateModified":"2020-04-13T15:34:14+00:00","description":"La protecci\u00f3n de la m\u00fasica se otorga cuando se crea el trabajo, pero en caso de plagio, para defenderse mejor, es mejor poder demostrar la propiedad de su producci\u00f3n. No m\u00e1s preocupaciones con la presentaci\u00f3n en l\u00ednea de Fidealis.","breadcrumb":{"@id":"https:\/\/beta.fidealis.com\/es\/presentacion-de-modelos\/proteccion-de-la-musica\/#breadcrumb"},"inLanguage":"es","potentialAction":[{"@type":"ReadAction","target":["https:\/\/beta.fidealis.com\/es\/presentacion-de-modelos\/proteccion-de-la-musica\/"]}]},{"@type":"BreadcrumbList","@id":"https:\/\/beta.fidealis.com\/es\/presentacion-de-modelos\/proteccion-de-la-musica\/#breadcrumb","itemListElement":[{"@type":"ListItem","position":1,"name":"Accueil","item":"https:\/\/beta.fidealis.com\/es\/"},{"@type":"ListItem","position":2,"name":"Presentaci\u00f3n de modelos en l\u00ednea","item":"https:\/\/beta.fidealis.com\/es\/presentacion-de-modelos\/"},{"@type":"ListItem","position":3,"name":"Protecci\u00f3n de la m\u00fasica"}]},{"@type":"WebSite","@id":"https:\/\/beta.fidealis.com\/#website","url":"https:\/\/beta.fidealis.com\/","name":"Fidealis","description":"Fidealis: vous cr\u00e9ez, nous prot\u00e9geons.","publisher":{"@id":"https:\/\/beta.fidealis.com\/#organization"},"potentialAction":[{"@type":"SearchAction","target":{"@type":"EntryPoint","urlTemplate":"https:\/\/beta.fidealis.com\/?s={search_term_string}"},"query-input":"required name=search_term_string"}],"inLanguage":"es"},{"@type":"Organization","@id":"https:\/\/beta.fidealis.com\/#organization","name":"Fidealis","url":"https:\/\/beta.fidealis.com\/","logo":{"@type":"ImageObject","inLanguage":"es","@id":"https:\/\/beta.fidealis.com\/#\/schema\/logo\/image\/","url":"https:\/\/www.fidealis.com\/wp-content\/uploads\/2018\/04\/logo-fidealis.png","contentUrl":"https:\/\/www.fidealis.com\/wp-content\/uploads\/2018\/04\/logo-fidealis.png","width":525,"height":205,"caption":"Fidealis"},"image":{"@id":"https:\/\/beta.fidealis.com\/#\/schema\/logo\/image\/"},"sameAs":["https:\/\/www.facebook.com\/Fidealis-573887362622849\/"]}]}},"_links":{"self":[{"href":"https:\/\/beta.fidealis.com\/es\/wp-json\/wp\/v2\/pages\/15494"}],"collection":[{"href":"https:\/\/beta.fidealis.com\/es\/wp-json\/wp\/v2\/pages"}],"about":[{"href":"https:\/\/beta.fidealis.com\/es\/wp-json\/wp\/v2\/types\/page"}],"author":[{"embeddable":true,"href":"https:\/\/beta.fidealis.com\/es\/wp-json\/wp\/v2\/users\/1"}],"replies":[{"embeddable":true,"href":"https:\/\/beta.fidealis.com\/es\/wp-json\/wp\/v2\/comments?post=15494"}],"version-history":[{"count":4,"href":"https:\/\/beta.fidealis.com\/es\/wp-json\/wp\/v2\/pages\/15494\/revisions"}],"predecessor-version":[{"id":16003,"href":"https:\/\/beta.fidealis.com\/es\/wp-json\/wp\/v2\/pages\/15494\/revisions\/16003"}],"up":[{"embeddable":true,"href":"https:\/\/beta.fidealis.com\/es\/wp-json\/wp\/v2\/pages\/15501"}],"wp:attachment":[{"href":"https:\/\/beta.fidealis.com\/es\/wp-json\/wp\/v2\/media?parent=15494"}],"curies":[{"name":"wp","href":"https:\/\/api.w.org\/{rel}","templated":true}]}}