{"id":15495,"date":"2018-06-21T00:00:00","date_gmt":"2018-06-20T22:00:00","guid":{"rendered":"https:\/\/www.fidealis.com\/depot-copyright\/proteger-photos"},"modified":"2020-04-13T17:35:02","modified_gmt":"2020-04-13T15:35:02","slug":"proteccion-de-la-foto","status":"publish","type":"page","link":"https:\/\/beta.fidealis.com\/es\/presentacion-de-modelos\/proteccion-de-la-foto\/","title":{"rendered":"Protecci\u00f3n de la foto"},"content":{"rendered":"<section class=\"cover imagebg text-center height-60 section--ken-burns\" data-overlay=\"5\">\n        <div class=\"background-image-holder\"><img alt=\"\" src=\"https:\/\/beta.fidealis.com\/wp-content\/uploads\/2018\/06\/copyright-photos.jpg\"><\/div>\n        <div class=\"container pos-vertical-center\">\n            <div class=\"row\">\n                <div class=\"col-sm-8 col-md-9\">\n                    \n                        <h1 style=\"text-align: center;\">Deposite sus fotograf\u00edas para protegerlas de robo o plagio&nbsp;<\/h1>\n                    \n                <\/div>\n            <\/div>\n            <!--end of row-->\n        <\/div>\n        <!--end of container-->\n    <\/section>\n    <section class=\"bg--secondary space--xxs\">\n        <div class=\"container\">\n            <div class=\"row\">\n                <div class=\"cta cta--horizontal text-center-xs\">\n                    <div class=\"col-sm-4\">\n                        <h4>Su dep\u00f3sito a partir de 95\u20ac<\/h4>\n                    <\/div>\n                    <div class=\"col-sm-5\">\n                        <p class=\"lead\">La mejor soluci\u00f3n para su protecci\u00f3n en l\u00ednea <\/p>\n                    <\/div>\n                    <div class=\"col-sm-3 text-right text-center-xs\">\n                        <a title=\"\" class=\"btn btn--primary type--uppercase\" href=\"https:\/\/beta.fidealis.com\/es\/qui-sommes-nous\/contactez-nous\/\" target=\"\" rel=\"\"> <span class=\"btn__text\">solicitud de contacto<\/span> <\/a>\n                    <\/div>\n                <\/div>\n            <\/div>\n            <!--end of row-->\n        <\/div>\n        <!--end of container-->\n    <\/section>\n    <section class=\"switchable feature-large  text-justify space--xxs\">\n        <div class=\"container\">\n            <div class=\"row\">\n                <div class=\"col-sm-6 col-md-6\">\n                    <div class=\"switchable__text\">\n                        <h2 class=\"left\">\u00bfExiste un copyright de fotograf\u00edas?<\/h2>\n                        <div class=\"right\">&nbsp;<\/div>\n                        <p class=\"lead\">En un momento en que el uso de Internet se ha vuelto primordial, la infracci\u00f3n de los derechos de autor se ha convertido en algo com\u00fan.<\/p>\n                        <p class=\"lead\">Internet no es un banco de im\u00e1genes en el que se puede usar impunemente. Existen leyes que garantizan los derechos de autor de las fotograf\u00edas.<\/p>\n                        <p class=\"lead\">Esta terminolog\u00eda es el equivalente en ingl\u00e9s de la expresi\u00f3n: copyright de la foto. El derecho de autor se rige por dos leyes: una que data del 11 de marzo de 1957 y la otra del 3 de julio de 1986. Ambas est\u00e1n registradas en el c\u00f3digo de la propiedad intelectual. Un autor es la persona f\u00edsica que crea un El trabajo de la mente, en este caso una fotograf\u00eda.<\/p>\n                        <p class=\"lead\">Las fotos con derechos de autor est\u00e1n marcadas con el s\u00edmbolo \u00a9, con el a\u00f1o de publicaci\u00f3n y el nombre del fot\u00f3grafo.<\/p>\n                        <p class=\"lead\">Estos elementos son indispensables para depositar sus fotograf\u00edas correctamente.&nbsp;<\/p>\n                    <\/div>\n                <\/div>\n                <div class=\"col-sm-5\">\n                    <div class=\"boxed boxed--lg boxed--border\">\n                        <div class=\"feature feature-2\"> <i class=\"icon color--primary icon-Libra-2\"><\/i>\n                            <div class=\"feature__body\">\n                                <h5>Pruebas reconocidas de los tribunales.<\/h5>\n                                <p>Reconocimiento por tribunales de todo el mundo.<\/p>\n                            <\/div>\n                        <\/div>\n                        <!--end feature-->\n                        <div class=\"feature feature-2\"> <i class=\"icon color--primary icon-Security-Check\"><\/i>\n                            <div class=\"feature__body\">\n                                <h5>Certificados de agente judicial v\u00e1lidos de por vida<\/h5>\n                                <p>Construya pruebas v\u00e1lidas para toda la vida.<\/p>\n                            <\/div>\n                        <\/div>\n                        <div class=\"feature feature-2\"> <i class=\"icon color--primary icon-Font-Window\"><\/i>\n                            <div class=\"feature__body\">\n                                <h5>Sus dep\u00f3sitos son v\u00e1lidos en 11 idiomas.<\/h5>\n                                <p style=\"text-align: left;\">Dispone de sus dep\u00f3sitos en franc\u00e9s, ingl\u00e9s, italiano, chino, alem\u00e1n, portugu\u00e9s, \u00e1rabe, espa\u00f1ol, coreano, japon\u00e9s y ruso.<\/p>\n                            <\/div>\n                        <\/div>\n                        <!--end feature-->\n                        <div class=\"feature feature-2\"> <i class=\"icon color--primary icon-Windows-2\"><\/i>\n                            <div class=\"feature__body\">\n                                <h5>Su evidencia disponible 24\/7<\/h5>\n                                <p>Recibo de dep\u00f3sito disponible en l\u00ednea 24\/7.<\/p>\n                            <\/div>\n                        <\/div>\n                        <!--end feature-->\n                    <\/div>\n                <\/div>\n            <\/div>\n            <!--end of row-->\n        <\/div>\n        <!--end of container-->\n    <\/section>\n    <section class=\"bg--secondary text-center space--xxs\">\n        <div class=\"container\">\n            <div class=\"row\">\n                <div class=\"col-sm-12\">\n                    <h2 class=\"addtoppad\">\u00bfDe que manera me ayuda Fidealis a proteger mis fotograf\u00edas?&nbsp;<\/h2>\n                <\/div>\n            <\/div>\n            <!--end of row-->\n        <\/div>\n        <!--end of container-->\n    <\/section>\n    <section class=\"bg--secondary space--xs\">\n        <div class=\"container\">\n            <div class=\"row\">\n                <div class=\"col-sm-4\">\n                    <div class=\"feature feature-2 boxed boxed--border\"> <i class=\"icon color--primary icon-Checked-User\"><\/i>\n                        <div class=\"feature__body\">\n                            <p style=\"text-align: center;\"><span class=\"h1 h1--medium\" style=\"color: #d93d3d;\">1.<\/span><\/p>\n                            <h4 style=\"text-align: center;\">Se inscribe<\/h4>\n                            <p style=\"text-align: center;\">Se inscribe gratuitamente&nbsp;<br>Ning\u00fan pago requerido&nbsp;<\/p>\n                        <\/div>\n                    <\/div>\n                    <!--end feature-->\n                <\/div>\n                <div class=\"col-sm-4\">\n                    <div class=\"feature feature-2 boxed boxed--border\"> <i class=\"icon color--primary icon-Security-Settings\"><\/i>\n                        <div class=\"feature__body\">\n                            <p style=\"text-align: center;\"><span class=\"h1 h1--medium\" style=\"color: #d93d3d;\">2.<\/span><\/p>\n                            <h4 style=\"text-align: center;\">Le guiamos<\/h4>\n                            <p style=\"text-align: center;\">Elija una oferta adaptada a sus necesidades con un consultor.<\/p>\n                        <\/div>\n                    <\/div>\n                    <!--end feature-->\n                <\/div>\n                <div class=\"col-sm-4\">\n                    <div class=\"feature feature-2 boxed boxed--border\"> <i class=\"icon color--primary icon-Security-Check\"><\/i>\n                        <div class=\"feature__body\">\n                            <p style=\"text-align: center;\"><span class=\"h1 h1--medium\" style=\"color: #d93d3d;\">3.<\/span><\/p>\n                            <h4 style=\"text-align: center;\">Le protegemos<\/h4>\n                            <p style=\"text-align: center;\">Descargue sus creaciones en l\u00ednea. <br>\u00a1Est\u00e1 protegido!<\/p>\n                        <\/div>\n                    <\/div>\n                    <!--end feature-->\n                <\/div>\n            <\/div>\n            <!--end of row-->\n        <\/div>\n        <!--end of container-->\n    <\/section>\n    <section class=\"text-center  bg--secondary space--xxs\">\n        <div class=\"container\">\n            <div class=\"row\">\n                <div class=\"col-sm-8 col-md-6\">\n                    <div class=\"cta\"> <a title=\"\" class=\"btn type--uppercase inner-link btn--primary\" href=\"https:\/\/beta.fidealis.com\/es\/inscription\" target=\"_blank\" rel=\"noopener\"><span class=\"btn__text\">inscribirse ahora<\/span>                    <\/a>\n                        \n                            <p class=\"type--fine-print\" style=\"margin-top: 0.03em; margin-bottom: 1.2em;\">No se requiere tarjeta de cr\u00e9dito<\/p>\n                        \n                    <\/div>\n                <\/div>\n            <\/div>\n            <!--end of row-->\n        <\/div>\n        <!--end of container-->\n    <\/section>\n    <section class=\"feature-large switchable  text-justify space--xs\">\n        <div class=\"container\">\n            <div class=\"row\">\n                <div class=\"col-md-6 col-sm-6\"> <img class=\"border--round box-shadow-wide\" alt=\"comment proteger ses photos du plagiat\" src=\"https:\/\/beta.fidealis.com\/wp-content\/uploads\/2018\/08\/Comment-proteger-ses-photos.jpg\"> <\/div>\n                <div class=\"col-sm-6 col-md-5\">\n                    <div class=\"heading-block\">\n                        <h2>\u00bfC\u00f3mo proteger sus fotograf\u00edas?&nbsp;<\/h2>\n                        <div class=\"right\">&nbsp;<\/div>\n                        <p class=\"lead\">El respeto de los derechos de autor de las fotos es posible y el procedimiento es muy simple.<\/p>\n                        <p class=\"lead\">Todo lo que tiene que hacer es cargar sus fotos, es decir, registrar sus trabajos con una organizaci\u00f3n autorizada.<\/p>\n                        <p class=\"lead\">Para esto, nada m\u00e1s simple: hay una estructura llamada FIDEALIS, que permite a los fot\u00f3grafos enviar sus trabajos en unos pocos clics a trav\u00e9s de Internet. Una firma electr\u00f3nica es suficiente, el dep\u00f3sito de un agente judicial es prueba de la fecha de presentaci\u00f3n.<\/p>\n                        <p class=\"lead\">Para proteger sus fotos en Internet, los fot\u00f3grafos tambi\u00e9n practican otros consejos, como la prohibici\u00f3n de guardar la imagen o la degradaci\u00f3n de la resoluci\u00f3n de la foto para que no se use. Pero es mejor utilizar los servicios de una agencia especializada para enviar fotos, especialmente porque el procedimiento en Internet se simplifica.<\/p>\n                        <p class=\"lead\">Adem\u00e1s, la creaci\u00f3n del dise\u00f1o de un objeto confiere a sus creadores los derechos de autor por el mero hecho de la creaci\u00f3n. Por lo tanto, enviar una plantilla es esencial porque el dise\u00f1o de los derechos de autor servir\u00e1 para proteger la creaci\u00f3n del autor.<\/p>\n                    <\/div>\n                <\/div>\n            <\/div>\n            <!--end of row-->\n        <\/div>\n        <!--end of container-->\n    <\/section>\n    <section class=\"imagebg space--md\" data-overlay=\"5\">\n        <div class=\"background-image-holder\"> <img alt=\"prot\u00e9ger ses images et photo du vol\" src=\"https:\/\/beta.fidealis.com\/wp-content\/uploads\/2018\/08\/prote\u0301ger-ses-images-photos.jpg\"> <\/div>\n        <div class=\"container\">\n            <div class=\"row\">\n                <div class=\"col-sm-8 col-md-6\">\n                    <div class=\"cta\">\n                        \n                            <h2><span style=\"color: #ffffff;\"><strong>\u00bfCuales son los recursos en caso de fraude?<\/strong><\/span><\/h2>\n                            <p class=\"lead\">Si un fot\u00f3grafo ha encontrado un fraude despu\u00e9s de presentar una imagen, las demandas son f\u00e1ciles seg\u00fan las leyes que existen.<\/p>\n                            <p class=\"lead\">Si no se han realizado los derechos de autor de la foto, es la palabra del fot\u00f3grafo contra la del estafador. Por lo tanto, debe contener evidencia tangible como negativos, si la foto fue tomada con una c\u00e1mara de pel\u00edcula, o el archivo fuente si las fotos son digitales. Adem\u00e1s, el procedimiento puede ser m\u00e1s largo.<\/p>\n                            <p class=\"lead\"><strong>Para evitar este tipo de problema y precipitarse en una batalla legal interminable, proteja mejor sus fotos.<\/strong><\/p>\n                        \n                    <\/div>\n                <\/div>\n            <\/div>\n            <!--end of row-->\n        <\/div>\n        <!--end of container-->\n    <\/section>\n    <section class=\"unpad--bottom switchable cta cta-3  bg--secondary switchable--switch text-center\">\n        <div class=\"container\">\n            <div class=\"row\">\n                <div class=\"col-sm-6 col-md-6\">\n                    <div class=\"switchable__text\">\n                        \n                            <h2 style=\"text-align: center;\">Fidealis le acompa\u00f1a en la protecci\u00f3n de sus fotograf\u00edas<\/h2>\n                            <p class=\"lead\" style=\"text-align: center;\">La soluci\u00f3n pionera en la protecci\u00f3n de dise\u00f1os y colecciones, que re\u00fane las tecnolog\u00edas de la firma electr\u00f3nica, la marca de tiempo y blockchain. Sus creaciones se certifican instant\u00e1neamente y se archivan en paralelo con el agente judicial.<\/p>\n                        \n                        <a title=\"\" class=\"btn type--uppercase inner-link btn--primary\" href=\"https:\/\/beta.fidealis.com\/es\/inscription\" target=\"_blank\" rel=\"noopener\"> <span class=\"btn__text\">inscribirse gratuitamente<\/span><span class=\"label\">sin tc<\/span> <\/a>\n                    <\/div>\n                <\/div>\n                <div class=\"col-sm-6 col-md-5\"> <img class=\"block\" alt=\"depot copyright photographie\" src=\"https:\/\/beta.fidealis.com\/wp-content\/uploads\/2018\/08\/copyright-photographie.png\"> <\/div>\n            <\/div>\n            <!--end of row-->\n        <\/div>\n        <!--end of container-->\n    <\/section>","protected":false},"excerpt":{"rendered":"<p>Deposite sus fotograf\u00edas para protegerlas de robo o plagio&nbsp; Su dep\u00f3sito a partir de 95\u20ac La mejor soluci\u00f3n para su protecci\u00f3n en&#8230;<\/p>\n","protected":false},"author":1,"featured_media":0,"parent":15501,"menu_order":0,"comment_status":"closed","ping_status":"closed","template":"","meta":{"_joinchat":[]},"yoast_head":"<!-- This site is optimized with the Yoast SEO plugin v20.3 - https:\/\/yoast.com\/wordpress\/plugins\/seo\/ -->\n<title>Deposite y proteja fotos con dep\u00f3sito de derechos de autor<\/title>\n<meta name=\"description\" content=\"En un momento en que el uso de Internet se ha vuelto primordial, la infracci\u00f3n de derechos de autor de fotos se ha convertido en algo com\u00fan. Internet no es un banco de im\u00e1genes donde puedes usarlo con impunidad. Existen leyes que garantizan los derechos de autor de las fotograf\u00edas. Ahora suba sus fotos en l\u00ednea para ayudar a evitar robos.\" \/>\n<meta name=\"robots\" content=\"noindex, follow, max-snippet:-1, max-image-preview:large, max-video-preview:-1\" \/>\n<meta property=\"og:locale\" content=\"es_ES\" \/>\n<meta property=\"og:type\" content=\"article\" \/>\n<meta property=\"og:title\" content=\"Deposite y proteja fotos con dep\u00f3sito de derechos de autor\" \/>\n<meta property=\"og:description\" content=\"En un momento en que el uso de Internet se ha vuelto primordial, la infracci\u00f3n de derechos de autor de fotos se ha convertido en algo com\u00fan. Internet no es un banco de im\u00e1genes donde puedes usarlo con impunidad. Existen leyes que garantizan los derechos de autor de las fotograf\u00edas. Ahora suba sus fotos en l\u00ednea para ayudar a evitar robos.\" \/>\n<meta property=\"og:url\" content=\"https:\/\/beta.fidealis.com\/es\/presentacion-de-modelos\/proteccion-de-la-foto\/\" \/>\n<meta property=\"og:site_name\" content=\"Fidealis\" \/>\n<meta property=\"article:publisher\" content=\"https:\/\/www.facebook.com\/Fidealis-573887362622849\/\" \/>\n<meta property=\"article:modified_time\" content=\"2020-04-13T15:35:02+00:00\" \/>\n<meta name=\"twitter:card\" content=\"summary_large_image\" \/>\n<script type=\"application\/ld+json\" class=\"yoast-schema-graph\">{\"@context\":\"https:\/\/schema.org\",\"@graph\":[{\"@type\":\"WebPage\",\"@id\":\"https:\/\/beta.fidealis.com\/es\/presentacion-de-modelos\/proteccion-de-la-foto\/\",\"url\":\"https:\/\/beta.fidealis.com\/es\/presentacion-de-modelos\/proteccion-de-la-foto\/\",\"name\":\"Deposite y proteja fotos con dep\u00f3sito de derechos de autor\",\"isPartOf\":{\"@id\":\"https:\/\/beta.fidealis.com\/#website\"},\"datePublished\":\"2018-06-20T22:00:00+00:00\",\"dateModified\":\"2020-04-13T15:35:02+00:00\",\"description\":\"En un momento en que el uso de Internet se ha vuelto primordial, la infracci\u00f3n de derechos de autor de fotos se ha convertido en algo com\u00fan. Internet no es un banco de im\u00e1genes donde puedes usarlo con impunidad. Existen leyes que garantizan los derechos de autor de las fotograf\u00edas. Ahora suba sus fotos en l\u00ednea para ayudar a evitar robos.\",\"breadcrumb\":{\"@id\":\"https:\/\/beta.fidealis.com\/es\/presentacion-de-modelos\/proteccion-de-la-foto\/#breadcrumb\"},\"inLanguage\":\"es\",\"potentialAction\":[{\"@type\":\"ReadAction\",\"target\":[\"https:\/\/beta.fidealis.com\/es\/presentacion-de-modelos\/proteccion-de-la-foto\/\"]}]},{\"@type\":\"BreadcrumbList\",\"@id\":\"https:\/\/beta.fidealis.com\/es\/presentacion-de-modelos\/proteccion-de-la-foto\/#breadcrumb\",\"itemListElement\":[{\"@type\":\"ListItem\",\"position\":1,\"name\":\"Accueil\",\"item\":\"https:\/\/beta.fidealis.com\/es\/\"},{\"@type\":\"ListItem\",\"position\":2,\"name\":\"Presentaci\u00f3n de modelos en l\u00ednea\",\"item\":\"https:\/\/beta.fidealis.com\/es\/presentacion-de-modelos\/\"},{\"@type\":\"ListItem\",\"position\":3,\"name\":\"Protecci\u00f3n de la foto\"}]},{\"@type\":\"WebSite\",\"@id\":\"https:\/\/beta.fidealis.com\/#website\",\"url\":\"https:\/\/beta.fidealis.com\/\",\"name\":\"Fidealis\",\"description\":\"Fidealis: vous cr\u00e9ez, nous prot\u00e9geons.\",\"publisher\":{\"@id\":\"https:\/\/beta.fidealis.com\/#organization\"},\"potentialAction\":[{\"@type\":\"SearchAction\",\"target\":{\"@type\":\"EntryPoint\",\"urlTemplate\":\"https:\/\/beta.fidealis.com\/?s={search_term_string}\"},\"query-input\":\"required name=search_term_string\"}],\"inLanguage\":\"es\"},{\"@type\":\"Organization\",\"@id\":\"https:\/\/beta.fidealis.com\/#organization\",\"name\":\"Fidealis\",\"url\":\"https:\/\/beta.fidealis.com\/\",\"logo\":{\"@type\":\"ImageObject\",\"inLanguage\":\"es\",\"@id\":\"https:\/\/beta.fidealis.com\/#\/schema\/logo\/image\/\",\"url\":\"https:\/\/www.fidealis.com\/wp-content\/uploads\/2018\/04\/logo-fidealis.png\",\"contentUrl\":\"https:\/\/www.fidealis.com\/wp-content\/uploads\/2018\/04\/logo-fidealis.png\",\"width\":525,\"height\":205,\"caption\":\"Fidealis\"},\"image\":{\"@id\":\"https:\/\/beta.fidealis.com\/#\/schema\/logo\/image\/\"},\"sameAs\":[\"https:\/\/www.facebook.com\/Fidealis-573887362622849\/\"]}]}<\/script>\n<!-- \/ Yoast SEO plugin. -->","yoast_head_json":{"title":"Deposite y proteja fotos con dep\u00f3sito de derechos de autor","description":"En un momento en que el uso de Internet se ha vuelto primordial, la infracci\u00f3n de derechos de autor de fotos se ha convertido en algo com\u00fan. Internet no es un banco de im\u00e1genes donde puedes usarlo con impunidad. Existen leyes que garantizan los derechos de autor de las fotograf\u00edas. Ahora suba sus fotos en l\u00ednea para ayudar a evitar robos.","robots":{"index":"noindex","follow":"follow","max-snippet":"max-snippet:-1","max-image-preview":"max-image-preview:large","max-video-preview":"max-video-preview:-1"},"og_locale":"es_ES","og_type":"article","og_title":"Deposite y proteja fotos con dep\u00f3sito de derechos de autor","og_description":"En un momento en que el uso de Internet se ha vuelto primordial, la infracci\u00f3n de derechos de autor de fotos se ha convertido en algo com\u00fan. Internet no es un banco de im\u00e1genes donde puedes usarlo con impunidad. Existen leyes que garantizan los derechos de autor de las fotograf\u00edas. Ahora suba sus fotos en l\u00ednea para ayudar a evitar robos.","og_url":"https:\/\/beta.fidealis.com\/es\/presentacion-de-modelos\/proteccion-de-la-foto\/","og_site_name":"Fidealis","article_publisher":"https:\/\/www.facebook.com\/Fidealis-573887362622849\/","article_modified_time":"2020-04-13T15:35:02+00:00","twitter_card":"summary_large_image","schema":{"@context":"https:\/\/schema.org","@graph":[{"@type":"WebPage","@id":"https:\/\/beta.fidealis.com\/es\/presentacion-de-modelos\/proteccion-de-la-foto\/","url":"https:\/\/beta.fidealis.com\/es\/presentacion-de-modelos\/proteccion-de-la-foto\/","name":"Deposite y proteja fotos con dep\u00f3sito de derechos de autor","isPartOf":{"@id":"https:\/\/beta.fidealis.com\/#website"},"datePublished":"2018-06-20T22:00:00+00:00","dateModified":"2020-04-13T15:35:02+00:00","description":"En un momento en que el uso de Internet se ha vuelto primordial, la infracci\u00f3n de derechos de autor de fotos se ha convertido en algo com\u00fan. Internet no es un banco de im\u00e1genes donde puedes usarlo con impunidad. Existen leyes que garantizan los derechos de autor de las fotograf\u00edas. Ahora suba sus fotos en l\u00ednea para ayudar a evitar robos.","breadcrumb":{"@id":"https:\/\/beta.fidealis.com\/es\/presentacion-de-modelos\/proteccion-de-la-foto\/#breadcrumb"},"inLanguage":"es","potentialAction":[{"@type":"ReadAction","target":["https:\/\/beta.fidealis.com\/es\/presentacion-de-modelos\/proteccion-de-la-foto\/"]}]},{"@type":"BreadcrumbList","@id":"https:\/\/beta.fidealis.com\/es\/presentacion-de-modelos\/proteccion-de-la-foto\/#breadcrumb","itemListElement":[{"@type":"ListItem","position":1,"name":"Accueil","item":"https:\/\/beta.fidealis.com\/es\/"},{"@type":"ListItem","position":2,"name":"Presentaci\u00f3n de modelos en l\u00ednea","item":"https:\/\/beta.fidealis.com\/es\/presentacion-de-modelos\/"},{"@type":"ListItem","position":3,"name":"Protecci\u00f3n de la foto"}]},{"@type":"WebSite","@id":"https:\/\/beta.fidealis.com\/#website","url":"https:\/\/beta.fidealis.com\/","name":"Fidealis","description":"Fidealis: vous cr\u00e9ez, nous prot\u00e9geons.","publisher":{"@id":"https:\/\/beta.fidealis.com\/#organization"},"potentialAction":[{"@type":"SearchAction","target":{"@type":"EntryPoint","urlTemplate":"https:\/\/beta.fidealis.com\/?s={search_term_string}"},"query-input":"required name=search_term_string"}],"inLanguage":"es"},{"@type":"Organization","@id":"https:\/\/beta.fidealis.com\/#organization","name":"Fidealis","url":"https:\/\/beta.fidealis.com\/","logo":{"@type":"ImageObject","inLanguage":"es","@id":"https:\/\/beta.fidealis.com\/#\/schema\/logo\/image\/","url":"https:\/\/www.fidealis.com\/wp-content\/uploads\/2018\/04\/logo-fidealis.png","contentUrl":"https:\/\/www.fidealis.com\/wp-content\/uploads\/2018\/04\/logo-fidealis.png","width":525,"height":205,"caption":"Fidealis"},"image":{"@id":"https:\/\/beta.fidealis.com\/#\/schema\/logo\/image\/"},"sameAs":["https:\/\/www.facebook.com\/Fidealis-573887362622849\/"]}]}},"_links":{"self":[{"href":"https:\/\/beta.fidealis.com\/es\/wp-json\/wp\/v2\/pages\/15495"}],"collection":[{"href":"https:\/\/beta.fidealis.com\/es\/wp-json\/wp\/v2\/pages"}],"about":[{"href":"https:\/\/beta.fidealis.com\/es\/wp-json\/wp\/v2\/types\/page"}],"author":[{"embeddable":true,"href":"https:\/\/beta.fidealis.com\/es\/wp-json\/wp\/v2\/users\/1"}],"replies":[{"embeddable":true,"href":"https:\/\/beta.fidealis.com\/es\/wp-json\/wp\/v2\/comments?post=15495"}],"version-history":[{"count":3,"href":"https:\/\/beta.fidealis.com\/es\/wp-json\/wp\/v2\/pages\/15495\/revisions"}],"predecessor-version":[{"id":16005,"href":"https:\/\/beta.fidealis.com\/es\/wp-json\/wp\/v2\/pages\/15495\/revisions\/16005"}],"up":[{"embeddable":true,"href":"https:\/\/beta.fidealis.com\/es\/wp-json\/wp\/v2\/pages\/15501"}],"wp:attachment":[{"href":"https:\/\/beta.fidealis.com\/es\/wp-json\/wp\/v2\/media?parent=15495"}],"curies":[{"name":"wp","href":"https:\/\/api.w.org\/{rel}","templated":true}]}}