{"id":15496,"date":"2018-06-21T00:00:00","date_gmt":"2018-06-20T22:00:00","guid":{"rendered":"https:\/\/www.fidealis.com\/depot-copyright\/deposer-site-internet"},"modified":"2020-04-13T17:35:41","modified_gmt":"2020-04-13T15:35:41","slug":"proteccion-del-sitio-web","status":"publish","type":"page","link":"https:\/\/beta.fidealis.com\/es\/presentacion-de-modelos\/proteccion-del-sitio-web\/","title":{"rendered":"Protecci\u00f3n del sitio web"},"content":{"rendered":"<section class=\"cover imagebg text-center height-60 section--ken-burns\" data-overlay=\"4\">\n        <div class=\"background-image-holder\"><img alt=\"\" src=\"https:\/\/beta.fidealis.com\/wp-content\/uploads\/2018\/06\/copyright-site-internet.jpg\"><\/div>\n        <div class=\"container pos-vertical-center\">\n            <div class=\"row\">\n                <div class=\"col-sm-8 col-md-9\">\n                    \n                        <h1 style=\"text-align: center;\">Proteger su sitio web contra el plagio&nbsp;<\/h1>\n                    \n                <\/div>\n            <\/div>\n            <!--end of row-->\n        <\/div>\n        <!--end of container-->\n    <\/section>\n    <section class=\"bg--secondary space--xxs\">\n        <div class=\"container\">\n            <div class=\"row\">\n                <div class=\"cta cta--horizontal text-center-xs\">\n                    <div class=\"col-sm-4\">\n                        <h4>Su dep\u00f3sito a partir de 95\u20ac<\/h4>\n                    <\/div>\n                    <div class=\"col-sm-5\">\n                        <p class=\"lead\">La mejor soluci\u00f3n en l\u00ednea para protegerse del plagio<\/p>\n                    <\/div>\n                    <div class=\"col-sm-3 text-right text-center-xs\">\n                        <a title=\"\" class=\"btn btn--primary type--uppercase\" href=\"https:\/\/beta.fidealis.com\/es\/qui-sommes-nous\/contactez-nous\/\" target=\"\" rel=\"\"> <span class=\"btn__text\">SOLICITUD DE CONTACTO<\/span> <\/a>\n                    <\/div>\n                <\/div>\n            <\/div>\n            <!--end of row-->\n        <\/div>\n        <!--end of container-->\n    <\/section>\n    <section class=\"switchable feature-large  text-justify space--xxs\">\n        <div class=\"container\">\n            <div class=\"row\">\n                <div class=\"col-sm-6 col-md-6\">\n                    <div class=\"switchable__text\">\n                        <h2 style=\"text-align: left;\">Un punto esencial para los creadores de obras originales.<\/h2>\n                        <div class=\"right\">&nbsp;<\/div>\n                        <p class=\"lead\">Para cualquier empresa o creador de obras originales que utilizan su sitio web como un vector de comunicaci\u00f3n o escaparate de su actividad, es esencial protegerse en caso de plagio, copiar y pegar, o falsificar.<\/p>\n                        <p class=\"lead\">Existen muchos medios legales para defender su propiedad en caso de plagio. El sitio web de derechos de autor puede formalizarse mediante el <a href=\"https:\/\/beta.fidealis.com\/es\/depot-copyright\/\">dep\u00f3sito de un copyright<\/a> que debe mencionarse para disuadir al plagio y que permitir\u00e1, en caso de disputa, demostrar formalmente la anterioridad de sus diferentes contenidos web.<\/p>\n                    <\/div>\n                <\/div>\n                <div class=\"col-sm-5\">\n                    <div class=\"boxed boxed--lg boxed--border\">\n                        <!--end feature-->\n                        <div class=\"feature feature-2\"> <i class=\"icon color--primary icon-Libra-2\"><\/i>\n                            <div class=\"feature__body\">\n                                <h5><span style=\"font-size: 1em;\">Pruebas reconocidas de los tribunales.<\/span><\/h5>\n                                <p>Reconocimiento por tribunales de todo el mundo.<\/p>\n                            <\/div>\n                        <\/div>\n                        <div class=\"feature feature-2\"> <i class=\"icon color--primary icon-Security-Check\"><\/i>\n                            <div class=\"feature__body\">\n                                <h5>Certificados de agente judicial v\u00e1lidos de por vida<\/h5>\n                                <p>Construya pruebas v\u00e1lidas para toda la vida.<\/p>\n                            <\/div>\n                        <\/div>\n                        <div class=\"feature feature-2\"> <i class=\"icon color--primary icon-Font-Window\"><\/i>\n                            <div class=\"feature__body\">\n                                <h5>Sus dep\u00f3sitos son v\u00e1lidos en 11 idiomas.<\/h5>\n                                <p style=\"text-align: left;\">Dispone de sus dep\u00f3sitos en franc\u00e9s, ingl\u00e9s, italiano, chino, alem\u00e1n, portugu\u00e9s, \u00e1rabe, espa\u00f1ol, coreano, japon\u00e9s y ruso.<\/p>\n                            <\/div>\n                        <\/div>\n                        <!--end feature-->\n                        <div class=\"feature feature-2\"> <i class=\"icon color--primary icon-Windows-2\"><\/i>\n                            <div class=\"feature__body\">\n                                <h5>Su evidencia disponible 24\/7<\/h5>\n                                <p>Recibo de dep\u00f3sito disponible en l\u00ednea 24\/7.<\/p>\n                            <\/div>\n                        <\/div>\n                        <!--end feature-->\n                    <\/div>\n                <\/div>\n            <\/div>\n            <!--end of row-->\n        <\/div>\n        <!--end of container-->\n    <\/section>\n    <section class=\"bg--secondary text-center space--xxs\">\n        <div class=\"container\">\n            <div class=\"row\">\n                <div class=\"col-sm-12\">\n                    <h2 class=\"addtoppad\">\u00bfC\u00f3mo proteger mi sitio web de plagio?<\/h2>\n                <\/div>\n            <\/div>\n            <!--end of row-->\n        <\/div>\n        <!--end of container-->\n    <\/section>\n    <section class=\"bg--secondary space--xs\">\n        <div class=\"container\">\n            <div class=\"row\">\n                <div class=\"col-sm-4\">\n                    <div class=\"feature feature-2 boxed boxed--border\"> <i class=\"icon color--primary icon-Checked-User\"><\/i>\n                        <div class=\"feature__body\">\n                            <p style=\"text-align: center;\"><span class=\"h1 h1--medium\" style=\"color: #d93d3d;\">1.<\/span><\/p>\n                            <h4 style=\"text-align: center;\">Se inscribe<\/h4>\n                            <p style=\"text-align: center;\">Se inscribe gratuitamente&nbsp;<br>Ning\u00fan pago requerido<\/p>\n                        <\/div>\n                    <\/div>\n                    <!--end feature-->\n                <\/div>\n                <div class=\"col-sm-4\">\n                    <div class=\"feature feature-2 boxed boxed--border\"> <i class=\"icon color--primary icon-Security-Settings\"><\/i>\n                        <div class=\"feature__body\">\n                            <p style=\"text-align: center;\"><span class=\"h1 h1--medium\" style=\"color: #d93d3d;\">2.<\/span><\/p>\n                            <h4 style=\"text-align: center;\">Le guiamos<\/h4>\n                            <p style=\"text-align: center;\">Elija una oferta adaptada a sus necesidades con un consultor.<\/p>\n                        <\/div>\n                    <\/div>\n                    <!--end feature-->\n                <\/div>\n                <div class=\"col-sm-4\">\n                    <div class=\"feature feature-2 boxed boxed--border\"> <i class=\"icon color--primary icon-Security-Check\"><\/i>\n                        <div class=\"feature__body\">\n                            <p style=\"text-align: center;\"><span class=\"h1 h1--medium\" style=\"color: #d93d3d;\">3.<\/span><\/p>\n                            <h4 style=\"text-align: center;\">Le protegemos<\/h4>\n                            <p style=\"text-align: center;\">Descargue sus creaciones en l\u00ednea. <br>\u00a1Est\u00e1 protegido!<\/p>\n                        <\/div>\n                    <\/div>\n                    <!--end feature-->\n                <\/div>\n            <\/div>\n            <!--end of row-->\n        <\/div>\n        <!--end of container-->\n    <\/section>\n    <section class=\"text-center  bg--secondary space--xxs\">\n        <div class=\"container\">\n            <div class=\"row\">\n                <div class=\"col-sm-8 col-md-6\">\n                    <div class=\"cta\"> <a title=\"\" class=\"btn type--uppercase inner-link btn--primary\" href=\"https:\/\/beta.fidealis.com\/es\/inscription\" target=\"_blank\" rel=\"noopener\"><span class=\"btn__text\">inscribirse ahora<\/span>                    <\/a>\n                        \n                            <p class=\"type--fine-print\" style=\"margin-top: 0.03em; margin-bottom: 1.2em;\">No se requiere tarjeta de cr\u00e9dito<\/p>\n                        \n                    <\/div>\n                <\/div>\n            <\/div>\n            <!--end of row-->\n        <\/div>\n        <!--end of container-->\n    <\/section>\n    <section class=\"feature-large switchable  text-justify\">\n        <div class=\"container\">\n            <div class=\"row\">\n                <div class=\"col-md-6 col-sm-6\"> <img class=\"border--round box-shadow-wide\" alt=\"le droit d'auteur pour un site web\" src=\"https:\/\/beta.fidealis.com\/wp-content\/uploads\/2018\/08\/droit-auteur-site-web.jpg\"> <\/div>\n                <div class=\"col-sm-6 col-md-5\">\n                    <div class=\"heading-block\">\n                        <h2 class=\"left\">Copyright de un sitio web<\/h2>\n                        <div class=\"right\">&nbsp;<\/div>\n                        <div class=\"right\">&nbsp;<\/div>\n                        <p class=\"lead\">Los derechos de autor protegen cualquier trabajo original tan pronto como se crea. Le confiere a su autor los derechos morales a los que pertenece el reconocimiento de la paternidad de la producci\u00f3n y los derechos patrimoniales.<\/p>\n                        <p class=\"lead\">Esto garantiza la protecci\u00f3n de la obra y su autor contra el plagio y la reproducci\u00f3n no autorizada.<\/p>\n                        <p class=\"lead\">Sin embargo, para poder defenderse en caso de disputa, el creador tiene todo el inter\u00e9s en formalizar su sitio web de derechos de autor mediante la presentaci\u00f3n de un sitio web de derechos de autor ante una organizaci\u00f3n especializada.<\/p>\n                    <\/div>\n                <\/div>\n            <\/div>\n            <!--end of row-->\n        <\/div>\n        <!--end of container-->\n    <\/section>\n    <section class=\"feature-large switchable  switchable--switch text-justify space--xs\">\n        <div class=\"container\">\n            <div class=\"row\">\n                <div class=\"col-sm-6 col-md-5\"> <img class=\"border--round box-shadow-wide\" alt=\"\" src=\"https:\/\/beta.fidealis.com\/wp-content\/uploads\/2018\/06\/copyright-site-web-2.jpg\"> <\/div>\n                <div class=\"col-sm-6 col-md-6\">\n                    <div class=\"text-block\">\n                        <h2>Los sitios web y el copyright<\/h2>\n                        <p class=\"lead\">Proteger su sitio web mediante la presentaci\u00f3n de un derecho de autor es esencial hoy en d\u00eda dada la facilidad de copia (clic derecho o guardar como) y la cantidad de competidores que tienen f\u00e1cil acceso a su escaparate en Internet.<\/p>\n                        <p class=\"lead\">Su sitio se destaca de los de sus rivales por su car\u00e1cter original que debe preservarse a toda costa. La mejor soluci\u00f3n para esto es el reconocimiento de su trabajo y la defensa de su propiedad intelectual llamando a una empresa especializada. Proteger su sitio web es posible gracias a los servicios de Fidealis. La presentaci\u00f3n de un sitio web de derechos de autor con el grupo pasa por tres pasos esenciales y perfectamente seguros:<\/p>\n                        <ul class=\"bullets\">\n                            <li class=\"lead li-blocked\" style=\"color: #333333;\"><span style=\"color: #333333;\">La firma num\u00e9rica de las obras<\/span><\/li>\n                            <li class=\"lead li-blocked\" style=\"color: #333333;\"><span style=\"color: #333333;\">La marca de tiempo electr\u00f3nica<\/span><\/li>\n                            <li class=\"lead li-blocked\" style=\"color: #333333;\"><span style=\"color: #333333;\">El dep\u00f3sito en un agente judicial<\/span><\/li>\n                        <\/ul>\n                        <p class=\"lead\">Sus creaciones son protegidas y reconocidas instant\u00e1neamente por las autoridades legales. Para optimizar su sitio web y defenderse contra el plagio, Fidealis ha desarrollado herramientas complementarias para demostrar la visualizaci\u00f3n en l\u00ednea de contenido o im\u00e1genes falsificadas y establecer el posicionamiento de su sitio en los motores de b\u00fasqueda.<\/p>\n                        <p class=\"lead\">El grupo ofrece una soluci\u00f3n integral que ofrece proteger sus creaciones y maximizar el rendimiento de su sitio.<\/p>\n                    <\/div>\n                <\/div>\n            <\/div>\n            <!--end of row-->\n        <\/div>\n        <!--end of container-->\n    <\/section>\n    <section class=\"unpad--bottom switchable cta cta-3  bg--secondary switchable--switch text-center\">\n        <div class=\"container\">\n            <div class=\"row\">\n                <div class=\"col-sm-6 col-md-5\">\n                    <div class=\"switchable__text\">\n                        \n                            <h2>Fidealis, protege su sitio web contra robos y uso fraudulento<\/h2>\n                            <p class=\"lead\">La soluci\u00f3n pionera en la protecci\u00f3n de dise\u00f1os y colecciones, que re\u00fane las tecnolog\u00edas de la firma electr\u00f3nica, la marca de tiempo y blockchain. Sus creaciones se certifican instant\u00e1neamente y se archivan en paralelo con el agente judicial.<\/p>\n                        \n                        <a title=\"\" class=\"btn type--uppercase inner-link btn--primary\" href=\"https:\/\/beta.fidealis.com\/es\/inscription\" target=\"_blank\" rel=\"noopener\"> <span class=\"btn__text\">inscribirse gratuitamente<\/span><span class=\"label\">sin tc<\/span> <\/a>\n                    <\/div>\n                <\/div>\n                <div class=\"col-sm-6 col-md-5\"> <img class=\"block\" alt=\"D\u00e9p\u00f4t et copyright site internet\" src=\"https:\/\/beta.fidealis.com\/wp-content\/uploads\/2018\/08\/protection-site-internet.png\"> <\/div>\n            <\/div>\n            <!--end of row-->\n        <\/div>\n        <!--end of container-->\n    <\/section>","protected":false},"excerpt":{"rendered":"<p>Proteger su sitio web contra el plagio&nbsp; Su dep\u00f3sito a partir de 95\u20ac La mejor soluci\u00f3n en l\u00ednea para protegerse del plagio&#8230;<\/p>\n","protected":false},"author":1,"featured_media":0,"parent":15501,"menu_order":0,"comment_status":"closed","ping_status":"closed","template":"","meta":{"_joinchat":[]},"yoast_head":"<!-- This site is optimized with the Yoast SEO plugin v20.3 - https:\/\/yoast.com\/wordpress\/plugins\/seo\/ -->\n<title>Deposite y proteja su sitio web con dep\u00f3sito de derechos de autor<\/title>\n<meta name=\"description\" content=\"Para cualquier empresa o creador de obras originales que utilicen su sitio web como vector de comunicaci\u00f3n o escaparate de su actividad, es esencial protegerse en caso de plagio, copiado o falsificaci\u00f3n. La presentaci\u00f3n en l\u00ednea lo protege de estas situaciones.\" \/>\n<meta name=\"robots\" content=\"noindex, follow, max-snippet:-1, max-image-preview:large, max-video-preview:-1\" \/>\n<meta property=\"og:locale\" content=\"es_ES\" \/>\n<meta property=\"og:type\" content=\"article\" \/>\n<meta property=\"og:title\" content=\"Deposite y proteja su sitio web con dep\u00f3sito de derechos de autor\" \/>\n<meta property=\"og:description\" content=\"Para cualquier empresa o creador de obras originales que utilicen su sitio web como vector de comunicaci\u00f3n o escaparate de su actividad, es esencial protegerse en caso de plagio, copiado o falsificaci\u00f3n. La presentaci\u00f3n en l\u00ednea lo protege de estas situaciones.\" \/>\n<meta property=\"og:url\" content=\"https:\/\/beta.fidealis.com\/es\/presentacion-de-modelos\/proteccion-del-sitio-web\/\" \/>\n<meta property=\"og:site_name\" content=\"Fidealis\" \/>\n<meta property=\"article:publisher\" content=\"https:\/\/www.facebook.com\/Fidealis-573887362622849\/\" \/>\n<meta property=\"article:modified_time\" content=\"2020-04-13T15:35:41+00:00\" \/>\n<meta name=\"twitter:card\" content=\"summary_large_image\" \/>\n<script type=\"application\/ld+json\" class=\"yoast-schema-graph\">{\"@context\":\"https:\/\/schema.org\",\"@graph\":[{\"@type\":\"WebPage\",\"@id\":\"https:\/\/beta.fidealis.com\/es\/presentacion-de-modelos\/proteccion-del-sitio-web\/\",\"url\":\"https:\/\/beta.fidealis.com\/es\/presentacion-de-modelos\/proteccion-del-sitio-web\/\",\"name\":\"Deposite y proteja su sitio web con dep\u00f3sito de derechos de autor\",\"isPartOf\":{\"@id\":\"https:\/\/beta.fidealis.com\/#website\"},\"datePublished\":\"2018-06-20T22:00:00+00:00\",\"dateModified\":\"2020-04-13T15:35:41+00:00\",\"description\":\"Para cualquier empresa o creador de obras originales que utilicen su sitio web como vector de comunicaci\u00f3n o escaparate de su actividad, es esencial protegerse en caso de plagio, copiado o falsificaci\u00f3n. La presentaci\u00f3n en l\u00ednea lo protege de estas situaciones.\",\"breadcrumb\":{\"@id\":\"https:\/\/beta.fidealis.com\/es\/presentacion-de-modelos\/proteccion-del-sitio-web\/#breadcrumb\"},\"inLanguage\":\"es\",\"potentialAction\":[{\"@type\":\"ReadAction\",\"target\":[\"https:\/\/beta.fidealis.com\/es\/presentacion-de-modelos\/proteccion-del-sitio-web\/\"]}]},{\"@type\":\"BreadcrumbList\",\"@id\":\"https:\/\/beta.fidealis.com\/es\/presentacion-de-modelos\/proteccion-del-sitio-web\/#breadcrumb\",\"itemListElement\":[{\"@type\":\"ListItem\",\"position\":1,\"name\":\"Accueil\",\"item\":\"https:\/\/beta.fidealis.com\/es\/\"},{\"@type\":\"ListItem\",\"position\":2,\"name\":\"Presentaci\u00f3n de modelos en l\u00ednea\",\"item\":\"https:\/\/beta.fidealis.com\/es\/presentacion-de-modelos\/\"},{\"@type\":\"ListItem\",\"position\":3,\"name\":\"Protecci\u00f3n del sitio web\"}]},{\"@type\":\"WebSite\",\"@id\":\"https:\/\/beta.fidealis.com\/#website\",\"url\":\"https:\/\/beta.fidealis.com\/\",\"name\":\"Fidealis\",\"description\":\"Fidealis: vous cr\u00e9ez, nous prot\u00e9geons.\",\"publisher\":{\"@id\":\"https:\/\/beta.fidealis.com\/#organization\"},\"potentialAction\":[{\"@type\":\"SearchAction\",\"target\":{\"@type\":\"EntryPoint\",\"urlTemplate\":\"https:\/\/beta.fidealis.com\/?s={search_term_string}\"},\"query-input\":\"required name=search_term_string\"}],\"inLanguage\":\"es\"},{\"@type\":\"Organization\",\"@id\":\"https:\/\/beta.fidealis.com\/#organization\",\"name\":\"Fidealis\",\"url\":\"https:\/\/beta.fidealis.com\/\",\"logo\":{\"@type\":\"ImageObject\",\"inLanguage\":\"es\",\"@id\":\"https:\/\/beta.fidealis.com\/#\/schema\/logo\/image\/\",\"url\":\"https:\/\/www.fidealis.com\/wp-content\/uploads\/2018\/04\/logo-fidealis.png\",\"contentUrl\":\"https:\/\/www.fidealis.com\/wp-content\/uploads\/2018\/04\/logo-fidealis.png\",\"width\":525,\"height\":205,\"caption\":\"Fidealis\"},\"image\":{\"@id\":\"https:\/\/beta.fidealis.com\/#\/schema\/logo\/image\/\"},\"sameAs\":[\"https:\/\/www.facebook.com\/Fidealis-573887362622849\/\"]}]}<\/script>\n<!-- \/ Yoast SEO plugin. -->","yoast_head_json":{"title":"Deposite y proteja su sitio web con dep\u00f3sito de derechos de autor","description":"Para cualquier empresa o creador de obras originales que utilicen su sitio web como vector de comunicaci\u00f3n o escaparate de su actividad, es esencial protegerse en caso de plagio, copiado o falsificaci\u00f3n. La presentaci\u00f3n en l\u00ednea lo protege de estas situaciones.","robots":{"index":"noindex","follow":"follow","max-snippet":"max-snippet:-1","max-image-preview":"max-image-preview:large","max-video-preview":"max-video-preview:-1"},"og_locale":"es_ES","og_type":"article","og_title":"Deposite y proteja su sitio web con dep\u00f3sito de derechos de autor","og_description":"Para cualquier empresa o creador de obras originales que utilicen su sitio web como vector de comunicaci\u00f3n o escaparate de su actividad, es esencial protegerse en caso de plagio, copiado o falsificaci\u00f3n. La presentaci\u00f3n en l\u00ednea lo protege de estas situaciones.","og_url":"https:\/\/beta.fidealis.com\/es\/presentacion-de-modelos\/proteccion-del-sitio-web\/","og_site_name":"Fidealis","article_publisher":"https:\/\/www.facebook.com\/Fidealis-573887362622849\/","article_modified_time":"2020-04-13T15:35:41+00:00","twitter_card":"summary_large_image","schema":{"@context":"https:\/\/schema.org","@graph":[{"@type":"WebPage","@id":"https:\/\/beta.fidealis.com\/es\/presentacion-de-modelos\/proteccion-del-sitio-web\/","url":"https:\/\/beta.fidealis.com\/es\/presentacion-de-modelos\/proteccion-del-sitio-web\/","name":"Deposite y proteja su sitio web con dep\u00f3sito de derechos de autor","isPartOf":{"@id":"https:\/\/beta.fidealis.com\/#website"},"datePublished":"2018-06-20T22:00:00+00:00","dateModified":"2020-04-13T15:35:41+00:00","description":"Para cualquier empresa o creador de obras originales que utilicen su sitio web como vector de comunicaci\u00f3n o escaparate de su actividad, es esencial protegerse en caso de plagio, copiado o falsificaci\u00f3n. La presentaci\u00f3n en l\u00ednea lo protege de estas situaciones.","breadcrumb":{"@id":"https:\/\/beta.fidealis.com\/es\/presentacion-de-modelos\/proteccion-del-sitio-web\/#breadcrumb"},"inLanguage":"es","potentialAction":[{"@type":"ReadAction","target":["https:\/\/beta.fidealis.com\/es\/presentacion-de-modelos\/proteccion-del-sitio-web\/"]}]},{"@type":"BreadcrumbList","@id":"https:\/\/beta.fidealis.com\/es\/presentacion-de-modelos\/proteccion-del-sitio-web\/#breadcrumb","itemListElement":[{"@type":"ListItem","position":1,"name":"Accueil","item":"https:\/\/beta.fidealis.com\/es\/"},{"@type":"ListItem","position":2,"name":"Presentaci\u00f3n de modelos en l\u00ednea","item":"https:\/\/beta.fidealis.com\/es\/presentacion-de-modelos\/"},{"@type":"ListItem","position":3,"name":"Protecci\u00f3n del sitio web"}]},{"@type":"WebSite","@id":"https:\/\/beta.fidealis.com\/#website","url":"https:\/\/beta.fidealis.com\/","name":"Fidealis","description":"Fidealis: vous cr\u00e9ez, nous prot\u00e9geons.","publisher":{"@id":"https:\/\/beta.fidealis.com\/#organization"},"potentialAction":[{"@type":"SearchAction","target":{"@type":"EntryPoint","urlTemplate":"https:\/\/beta.fidealis.com\/?s={search_term_string}"},"query-input":"required name=search_term_string"}],"inLanguage":"es"},{"@type":"Organization","@id":"https:\/\/beta.fidealis.com\/#organization","name":"Fidealis","url":"https:\/\/beta.fidealis.com\/","logo":{"@type":"ImageObject","inLanguage":"es","@id":"https:\/\/beta.fidealis.com\/#\/schema\/logo\/image\/","url":"https:\/\/www.fidealis.com\/wp-content\/uploads\/2018\/04\/logo-fidealis.png","contentUrl":"https:\/\/www.fidealis.com\/wp-content\/uploads\/2018\/04\/logo-fidealis.png","width":525,"height":205,"caption":"Fidealis"},"image":{"@id":"https:\/\/beta.fidealis.com\/#\/schema\/logo\/image\/"},"sameAs":["https:\/\/www.facebook.com\/Fidealis-573887362622849\/"]}]}},"_links":{"self":[{"href":"https:\/\/beta.fidealis.com\/es\/wp-json\/wp\/v2\/pages\/15496"}],"collection":[{"href":"https:\/\/beta.fidealis.com\/es\/wp-json\/wp\/v2\/pages"}],"about":[{"href":"https:\/\/beta.fidealis.com\/es\/wp-json\/wp\/v2\/types\/page"}],"author":[{"embeddable":true,"href":"https:\/\/beta.fidealis.com\/es\/wp-json\/wp\/v2\/users\/1"}],"replies":[{"embeddable":true,"href":"https:\/\/beta.fidealis.com\/es\/wp-json\/wp\/v2\/comments?post=15496"}],"version-history":[{"count":2,"href":"https:\/\/beta.fidealis.com\/es\/wp-json\/wp\/v2\/pages\/15496\/revisions"}],"predecessor-version":[{"id":16006,"href":"https:\/\/beta.fidealis.com\/es\/wp-json\/wp\/v2\/pages\/15496\/revisions\/16006"}],"up":[{"embeddable":true,"href":"https:\/\/beta.fidealis.com\/es\/wp-json\/wp\/v2\/pages\/15501"}],"wp:attachment":[{"href":"https:\/\/beta.fidealis.com\/es\/wp-json\/wp\/v2\/media?parent=15496"}],"curies":[{"name":"wp","href":"https:\/\/api.w.org\/{rel}","templated":true}]}}