{"id":15497,"date":"2018-06-21T00:00:00","date_gmt":"2018-06-20T22:00:00","guid":{"rendered":"https:\/\/www.fidealis.com\/depot-copyright\/deposer-videos-films"},"modified":"2020-04-13T17:36:10","modified_gmt":"2020-04-13T15:36:10","slug":"proteccion-de-video","status":"publish","type":"page","link":"https:\/\/beta.fidealis.com\/es\/presentacion-de-modelos\/proteccion-de-video\/","title":{"rendered":"Protecci\u00f3n de video y pel\u00edculas"},"content":{"rendered":"<section class=\"cover imagebg text-center height-60 section--ken-burns\" data-overlay=\"5\">\n        <div class=\"background-image-holder\"><img alt=\"\" src=\"https:\/\/beta.fidealis.com\/wp-content\/uploads\/2018\/06\/protection-de-videos-films-2.jpg\"><\/div>\n        <div class=\"container pos-vertical-center\">\n            <div class=\"row\">\n                <div class=\"col-sm-8 col-md-9\">\n                    \n                        <h1 style=\"text-align: center;\">Dep\u00f3sito en l\u00ednea y protecci\u00f3n de v\u00eddeos y pel\u00edculas&nbsp;<\/h1>\n                    \n                <\/div>\n            <\/div>\n            <!--end of row-->\n        <\/div>\n        <!--end of container-->\n    <\/section>\n    <section class=\"bg--secondary space--xxs\">\n        <div class=\"container\">\n            <div class=\"row\">\n                <div class=\"cta cta--horizontal text-center-xs\">\n                    <div class=\"col-sm-4\">\n                        <h4>Su dep\u00f3sito a partir de 95\u20ac<\/h4>\n                    <\/div>\n                    <div class=\"col-sm-5\">\n                        <p class=\"lead\">Soluci\u00f3n en l\u00ednea para proteger sus v\u00eddeos y pel\u00edculas&nbsp;<\/p>\n                    <\/div>\n                    <div class=\"col-sm-3 text-right text-center-xs\">\n                        <a title=\"\" class=\"btn btn--primary type--uppercase\" href=\"https:\/\/beta.fidealis.com\/es\/qui-sommes-nous\/contactez-nous\/\" target=\"\" rel=\"\"> <span class=\"btn__text\">solicitud de contacto<\/span> <\/a>\n                    <\/div>\n                <\/div>\n            <\/div>\n            <!--end of row-->\n        <\/div>\n        <!--end of container-->\n    <\/section>\n    <section class=\"switchable feature-large  text-justify space--xxs\">\n        <div class=\"container\">\n            <div class=\"row\">\n                <div class=\"col-sm-6 col-md-6\">\n                    <div class=\"switchable__text\">\n                        <h2 class=\"left\">Proteger v\u00eddeos y pel\u00edculas&nbsp;<\/h2>\n                        <div class=\"right\">&nbsp;<\/div>\n                        <p class=\"lead\">Los videos y las creaciones filmogr\u00e1ficas est\u00e1n protegidos, como cualquier obra de la mente, por el derecho de autor desde las leyes del 11 de marzo de 1957 y el 3 de julio de 1985.<\/p>\n                        <p class=\"lead\">El c\u00f3digo de propiedad intelectual menciona que el autor de una producci\u00f3n original disfruta de derechos morales y patrimoniales sobre su trabajo desde su creaci\u00f3n. Esto significa que disfruta de la propiedad exclusiva y el uso del trabajo y tiene el poder de autorizar o negar su uso a terceros.<\/p>\n                        <p class=\"lead\">Tras la muerte del creador, los derechos de autor de la pel\u00edcula se transfieren a sus herederos por un per\u00edodo de 70 a\u00f1os, despu\u00e9s de lo cual el trabajo cae en el dominio p\u00fablico. En caso de disputa es necesario demostrar la paternidad del trabajo. Para hacer esto, proceda al dep\u00f3sito de <a href=\"https:\/\/beta.fidealis.com\/es\/depot-copyright\/\">derechos de autor.<\/a><\/p>\n                    <\/div>\n                <\/div>\n                <div class=\"col-sm-5\">\n                    <div class=\"boxed boxed--lg boxed--border\">\n                        <div class=\"feature feature-2\"> <i class=\"icon color--primary icon-Libra-2\"><\/i>\n                            <div class=\"feature__body\">\n                                <h5>Pruebas reconocidas de los tribunales.<\/h5>\n                                <p>Reconocimiento por tribunales de todo el mundo.<\/p>\n                            <\/div>\n                        <\/div>\n                        <!--end feature-->\n                        <div class=\"feature feature-2\"> <i class=\"icon color--primary icon-Security-Check\"><\/i>\n                            <div class=\"feature__body\">\n                                <h5>Certificados de agente judicial v\u00e1lidos de por vida<\/h5>\n                                <p>Construya pruebas v\u00e1lidas para toda la vida.<\/p>\n                            <\/div>\n                        <\/div>\n                        <div class=\"feature feature-2\"> <i class=\"icon color--primary icon-Font-Window\"><\/i>\n                            <div class=\"feature__body\">\n                                <h5>Sus dep\u00f3sitos son v\u00e1lidos en 11 idiomas.<\/h5>\n                                <p style=\"text-align: left;\">Dispone de sus dep\u00f3sitos en franc\u00e9s, ingl\u00e9s, italiano, chino, alem\u00e1n, portugu\u00e9s, \u00e1rabe, espa\u00f1ol, coreano, japon\u00e9s y ruso.<\/p>\n                            <\/div>\n                        <\/div>\n                        <!--end feature-->\n                        <div class=\"feature feature-2\"> <i class=\"icon color--primary icon-Windows-2\"><\/i>\n                            <div class=\"feature__body\">\n                                <h5>Su evidencia disponible 24\/7<\/h5>\n                                <p>Recibo de dep\u00f3sito disponible en l\u00ednea 24\/7.<\/p>\n                            <\/div>\n                        <\/div>\n                        <!--end feature-->\n                    <\/div>\n                <\/div>\n            <\/div>\n            <!--end of row-->\n        <\/div>\n        <!--end of container-->\n    <\/section>\n    <section class=\"bg--secondary text-center space--xxs\">\n        <div class=\"container\">\n            <div class=\"row\">\n                <div class=\"col-sm-12\">\n                    <h2 class=\"addtoppad\">\u00bfC\u00f3mo protege Fidealis mis creaciones y mis v\u00eddeos?<\/h2>\n                <\/div>\n            <\/div>\n            <!--end of row-->\n        <\/div>\n        <!--end of container-->\n    <\/section>\n    <section class=\"bg--secondary space--xs\">\n        <div class=\"container\">\n            <div class=\"row\">\n                <div class=\"col-sm-4\">\n                    <div class=\"feature feature-2 boxed boxed--border\"> <i class=\"icon color--primary icon-Checked-User\"><\/i>\n                        <div class=\"feature__body\">\n                            <p style=\"text-align: center;\"><span class=\"h1 h1--medium\" style=\"color: #d93d3d;\">1.<\/span><\/p>\n                            <h4 style=\"text-align: center;\">Se inscribe<\/h4>\n                            <p style=\"text-align: center;\">Se inscribe gratuitamente&nbsp;<br>Ning\u00fan pago requerido&nbsp;<\/p>\n                        <\/div>\n                    <\/div>\n                    <!--end feature-->\n                <\/div>\n                <div class=\"col-sm-4\">\n                    <div class=\"feature feature-2 boxed boxed--border\"> <i class=\"icon color--primary icon-Security-Settings\"><\/i>\n                        <div class=\"feature__body\">\n                            <p style=\"text-align: center;\"><span class=\"h1 h1--medium\" style=\"color: #d93d3d;\">2.<\/span><\/p>\n                            <h4 style=\"text-align: center;\">Le guiamos<\/h4>\n                            <p style=\"text-align: center;\">Elija una oferta adaptada a sus necesidades con un consultor.<\/p>\n                        <\/div>\n                    <\/div>\n                    <!--end feature-->\n                <\/div>\n                <div class=\"col-sm-4\">\n                    <div class=\"feature feature-2 boxed boxed--border\"> <i class=\"icon color--primary icon-Security-Check\"><\/i>\n                        <div class=\"feature__body\">\n                            <p style=\"text-align: center;\"><span class=\"h1 h1--medium\" style=\"color: #d93d3d;\">3.<\/span><\/p>\n                            <h4 style=\"text-align: center;\">Le protegemos<\/h4>\n                            <p style=\"text-align: center;\">Descargue sus creaciones en l\u00ednea. <br>\u00a1Est\u00e1 protegido!<\/p>\n                        <\/div>\n                    <\/div>\n                    <!--end feature-->\n                <\/div>\n            <\/div>\n            <!--end of row-->\n        <\/div>\n        <!--end of container-->\n    <\/section>\n    <section class=\"text-center  bg--secondary space--xxs\">\n        <div class=\"container\">\n            <div class=\"row\">\n                <div class=\"col-sm-8 col-md-6\">\n                    <div class=\"cta\"> <a title=\"\" class=\"btn type--uppercase inner-link btn--primary\" href=\"https:\/\/beta.fidealis.com\/es\/inscription\" target=\"_blank\" rel=\"noopener\"><span class=\"btn__text\">inscribirse ahora<\/span>                    <\/a>\n                        \n                            <p class=\"type--fine-print\" style=\"margin-top: 0.03em; margin-bottom: 1.2em;\">No se requiere tarjeta de cr\u00e9dito<\/p>\n                        \n                    <\/div>\n                <\/div>\n            <\/div>\n            <!--end of row-->\n        <\/div>\n        <!--end of container-->\n    <\/section>\n    <section class=\"feature-large switchable  text-justify space--xs\">\n        <div class=\"container\">\n            <div class=\"row\">\n                <div class=\"col-md-6 col-sm-6\"> <img class=\"border--round box-shadow-wide\" alt=\"prot\u00e9ger vos films et video du plagiat\" src=\"https:\/\/beta.fidealis.com\/wp-content\/uploads\/2018\/08\/copyright-film-video.jpg\"> <\/div>\n                <div class=\"col-md-5 col-sm-6\">\n                    <div class=\"heading-block\">\n                        <h2>El copyright para proteger sus pel\u00edculas y v\u00eddeos.<\/h2>\n                        <div class=\"right\">&nbsp;<\/div>\n                        <p class=\"lead\">Aunque est\u00e1 protegido por una pel\u00edcula con derechos de autor, un video est\u00e1 sujeto al riesgo de plagio desde el momento en que se revela. A pesar de disposiciones como Hadopi, especialmente para largometrajes, el riesgo tambi\u00e9n est\u00e1 demostrado para videos m\u00e1s cortos, art\u00edsticos e institucionales.<\/p>\n                        <p class=\"lead\">La competencia es importante, la copia o reproducci\u00f3n o el plagio de creaciones no autorizadas es fuertemente \"simple\" y desarrollado, especialmente en Internet. Para garantizar una protecci\u00f3n m\u00e1s efectiva, es aconsejable que el autor presente un copyright de video a profesionales como empresas especializadas en protecci\u00f3n de copyright de pel\u00edculas. La empresa privada Fidealis, con su experiencia en la protecci\u00f3n de obras originales, es responsable de presentar una solicitud de derechos de autor de video para usted.<\/p>\n                    <\/div>\n                <\/div>\n            <\/div>\n            <!--end of row-->\n        <\/div>\n        <!--end of container-->\n    <\/section>\n    <section class=\"imagebg text-justify\" data-overlay=\"6\">\n        <div class=\"background-image-holder\"> <img alt=\"\u00e9viter le plagiat ou le vol de vos videos et films\" src=\"https:\/\/beta.fidealis.com\/wp-content\/uploads\/2018\/08\/prote\u0301ger-ses-films-videos2.jpg\"> <\/div>\n        <div class=\"container\">\n            <div class=\"row\">\n                <div class=\"col-sm-8 col-md-6\">\n                    <div class=\"cta\">\n                        \n                            <h2><span style=\"color: #ffffff;\">Proteja sus v\u00eddeos del plagio con una pel\u00edcula con copyright<\/span><\/h2>\n                            <p class=\"lead\">Demostrar la propiedad de una obra es esencial para la protecci\u00f3n confiable de la creaci\u00f3n y el apoyo a la justicia en caso de plagio. Fidealis crea aplicaciones de copyright de pel\u00edculas para usted utilizando m\u00e9todos seguros y reconocidos, como la firma digital y la marca de tiempo electr\u00f3nica de sus creaciones. Luego se encarga de depositar su trabajo con un alguacil. Trabaja junto a usted para garantizar sus derechos mediante la presentaci\u00f3n de un video con derechos de autor y proteger sus creaciones contra el plagio.<\/p>\n                            <ul class=\"bullets\">\n                                <li class=\"lead li-blocked\" style=\"color: #fff;\"><span style=\"color: #ffffff;\">La firma num\u00e9rica de las obras<\/span><\/li>\n                                <li class=\"lead li-blocked\" style=\"color: #fff;\"><span style=\"color: #ffffff;\">La archivaci\u00f3n con fecha y hora electr\u00f3nica<\/span><\/li>\n                                <li class=\"lead li-blocked\" style=\"color: #fff;\"><span style=\"color: #ffffff;\">El dep\u00f3sito a un agente judicial<\/span><\/li>\n                            <\/ul>\n                        \n                    <\/div>\n                <\/div>\n            <\/div>\n            <!--end of row-->\n        <\/div>\n        <!--end of container-->\n    <\/section>\n    <section class=\"unpad--bottom switchable cta cta-3  bg--secondary switchable--switch\">\n        <div class=\"container\">\n            <div class=\"row\">\n                <div class=\"col-sm-6 col-md-6\">\n                    <div class=\"switchable__text\">\n                        \n                            <h2 style=\"text-align: center;\"><span style=\"color: #e03a2b;\">Fidealis, proteja sus obras de v\u00eddeo<\/span><\/h2>\n                            <p class=\"lead\" style=\"text-align: center;\">La soluci\u00f3n pionera en la protecci\u00f3n de pel\u00edculas y v\u00eddeos, que re\u00fane las tecnolog\u00edas de la firma electr\u00f3nica, la marca de tiempo y blockchain. Sus creaciones se certifican instant\u00e1neamente y se archivan en paralelo con el agente judicial.<\/p>\n                        \n                        <a title=\"\" class=\"btn type--uppercase inner-link btn--primary\" href=\"https:\/\/beta.fidealis.com\/es\/inscription\" target=\"_blank\" rel=\"noopener\"> <span class=\"btn__text\">INSCRIBIRSE GRATUITAMENTE<\/span><span class=\"label\">sIN tc<\/span> <\/a>\n                    <\/div>\n                <\/div>\n                <div class=\"col-sm-6 col-md-5\"> <img class=\"block\" alt=\"d\u00e9pot copyright film et video\" src=\"https:\/\/beta.fidealis.com\/wp-content\/uploads\/2018\/08\/copyright-video-films-entreprise-motion.png\"> <\/div>\n            <\/div>\n            <!--end of row-->\n        <\/div>\n        <!--end of container-->\n    <\/section>","protected":false},"excerpt":{"rendered":"<p>Dep\u00f3sito en l\u00ednea y protecci\u00f3n de v\u00eddeos y pel\u00edculas&nbsp; Su dep\u00f3sito a partir de 95\u20ac Soluci\u00f3n en l\u00ednea para proteger sus v\u00eddeos&#8230;<\/p>\n","protected":false},"author":1,"featured_media":0,"parent":15501,"menu_order":0,"comment_status":"closed","ping_status":"closed","template":"","meta":{"_joinchat":[]},"yoast_head":"<!-- This site is optimized with the Yoast SEO plugin v20.3 - https:\/\/yoast.com\/wordpress\/plugins\/seo\/ -->\n<title>Deposite y proteja videos y pel\u00edculas con dep\u00f3sito de derechos de autor<\/title>\n<meta name=\"description\" content=\"La soluci\u00f3n pionera en la protecci\u00f3n de pel\u00edculas y videos, que re\u00fane tecnolog\u00edas de firma electr\u00f3nica, sellado de tiempo y blockchain. Sus creaciones se certifican y archivan instant\u00e1neamente al mismo tiempo en un agente judicial.\" \/>\n<meta name=\"robots\" content=\"noindex, follow, max-snippet:-1, max-image-preview:large, max-video-preview:-1\" \/>\n<meta property=\"og:locale\" content=\"es_ES\" \/>\n<meta property=\"og:type\" content=\"article\" \/>\n<meta property=\"og:title\" content=\"Deposite y proteja videos y pel\u00edculas con dep\u00f3sito de derechos de autor\" \/>\n<meta property=\"og:description\" content=\"La soluci\u00f3n pionera en la protecci\u00f3n de pel\u00edculas y videos, que re\u00fane tecnolog\u00edas de firma electr\u00f3nica, sellado de tiempo y blockchain. Sus creaciones se certifican y archivan instant\u00e1neamente al mismo tiempo en un agente judicial.\" \/>\n<meta property=\"og:url\" content=\"https:\/\/beta.fidealis.com\/es\/presentacion-de-modelos\/proteccion-de-video\/\" \/>\n<meta property=\"og:site_name\" content=\"Fidealis\" \/>\n<meta property=\"article:publisher\" content=\"https:\/\/www.facebook.com\/Fidealis-573887362622849\/\" \/>\n<meta property=\"article:modified_time\" content=\"2020-04-13T15:36:10+00:00\" \/>\n<meta name=\"twitter:card\" content=\"summary_large_image\" \/>\n<script type=\"application\/ld+json\" class=\"yoast-schema-graph\">{\"@context\":\"https:\/\/schema.org\",\"@graph\":[{\"@type\":\"WebPage\",\"@id\":\"https:\/\/beta.fidealis.com\/es\/presentacion-de-modelos\/proteccion-de-video\/\",\"url\":\"https:\/\/beta.fidealis.com\/es\/presentacion-de-modelos\/proteccion-de-video\/\",\"name\":\"Deposite y proteja videos y pel\u00edculas con dep\u00f3sito de derechos de autor\",\"isPartOf\":{\"@id\":\"https:\/\/beta.fidealis.com\/#website\"},\"datePublished\":\"2018-06-20T22:00:00+00:00\",\"dateModified\":\"2020-04-13T15:36:10+00:00\",\"description\":\"La soluci\u00f3n pionera en la protecci\u00f3n de pel\u00edculas y videos, que re\u00fane tecnolog\u00edas de firma electr\u00f3nica, sellado de tiempo y blockchain. Sus creaciones se certifican y archivan instant\u00e1neamente al mismo tiempo en un agente judicial.\",\"breadcrumb\":{\"@id\":\"https:\/\/beta.fidealis.com\/es\/presentacion-de-modelos\/proteccion-de-video\/#breadcrumb\"},\"inLanguage\":\"es\",\"potentialAction\":[{\"@type\":\"ReadAction\",\"target\":[\"https:\/\/beta.fidealis.com\/es\/presentacion-de-modelos\/proteccion-de-video\/\"]}]},{\"@type\":\"BreadcrumbList\",\"@id\":\"https:\/\/beta.fidealis.com\/es\/presentacion-de-modelos\/proteccion-de-video\/#breadcrumb\",\"itemListElement\":[{\"@type\":\"ListItem\",\"position\":1,\"name\":\"Accueil\",\"item\":\"https:\/\/beta.fidealis.com\/es\/\"},{\"@type\":\"ListItem\",\"position\":2,\"name\":\"Presentaci\u00f3n de modelos en l\u00ednea\",\"item\":\"https:\/\/beta.fidealis.com\/es\/presentacion-de-modelos\/\"},{\"@type\":\"ListItem\",\"position\":3,\"name\":\"Protecci\u00f3n de video y pel\u00edculas\"}]},{\"@type\":\"WebSite\",\"@id\":\"https:\/\/beta.fidealis.com\/#website\",\"url\":\"https:\/\/beta.fidealis.com\/\",\"name\":\"Fidealis\",\"description\":\"Fidealis: vous cr\u00e9ez, nous prot\u00e9geons.\",\"publisher\":{\"@id\":\"https:\/\/beta.fidealis.com\/#organization\"},\"potentialAction\":[{\"@type\":\"SearchAction\",\"target\":{\"@type\":\"EntryPoint\",\"urlTemplate\":\"https:\/\/beta.fidealis.com\/?s={search_term_string}\"},\"query-input\":\"required name=search_term_string\"}],\"inLanguage\":\"es\"},{\"@type\":\"Organization\",\"@id\":\"https:\/\/beta.fidealis.com\/#organization\",\"name\":\"Fidealis\",\"url\":\"https:\/\/beta.fidealis.com\/\",\"logo\":{\"@type\":\"ImageObject\",\"inLanguage\":\"es\",\"@id\":\"https:\/\/beta.fidealis.com\/#\/schema\/logo\/image\/\",\"url\":\"https:\/\/www.fidealis.com\/wp-content\/uploads\/2018\/04\/logo-fidealis.png\",\"contentUrl\":\"https:\/\/www.fidealis.com\/wp-content\/uploads\/2018\/04\/logo-fidealis.png\",\"width\":525,\"height\":205,\"caption\":\"Fidealis\"},\"image\":{\"@id\":\"https:\/\/beta.fidealis.com\/#\/schema\/logo\/image\/\"},\"sameAs\":[\"https:\/\/www.facebook.com\/Fidealis-573887362622849\/\"]}]}<\/script>\n<!-- \/ Yoast SEO plugin. -->","yoast_head_json":{"title":"Deposite y proteja videos y pel\u00edculas con dep\u00f3sito de derechos de autor","description":"La soluci\u00f3n pionera en la protecci\u00f3n de pel\u00edculas y videos, que re\u00fane tecnolog\u00edas de firma electr\u00f3nica, sellado de tiempo y blockchain. Sus creaciones se certifican y archivan instant\u00e1neamente al mismo tiempo en un agente judicial.","robots":{"index":"noindex","follow":"follow","max-snippet":"max-snippet:-1","max-image-preview":"max-image-preview:large","max-video-preview":"max-video-preview:-1"},"og_locale":"es_ES","og_type":"article","og_title":"Deposite y proteja videos y pel\u00edculas con dep\u00f3sito de derechos de autor","og_description":"La soluci\u00f3n pionera en la protecci\u00f3n de pel\u00edculas y videos, que re\u00fane tecnolog\u00edas de firma electr\u00f3nica, sellado de tiempo y blockchain. Sus creaciones se certifican y archivan instant\u00e1neamente al mismo tiempo en un agente judicial.","og_url":"https:\/\/beta.fidealis.com\/es\/presentacion-de-modelos\/proteccion-de-video\/","og_site_name":"Fidealis","article_publisher":"https:\/\/www.facebook.com\/Fidealis-573887362622849\/","article_modified_time":"2020-04-13T15:36:10+00:00","twitter_card":"summary_large_image","schema":{"@context":"https:\/\/schema.org","@graph":[{"@type":"WebPage","@id":"https:\/\/beta.fidealis.com\/es\/presentacion-de-modelos\/proteccion-de-video\/","url":"https:\/\/beta.fidealis.com\/es\/presentacion-de-modelos\/proteccion-de-video\/","name":"Deposite y proteja videos y pel\u00edculas con dep\u00f3sito de derechos de autor","isPartOf":{"@id":"https:\/\/beta.fidealis.com\/#website"},"datePublished":"2018-06-20T22:00:00+00:00","dateModified":"2020-04-13T15:36:10+00:00","description":"La soluci\u00f3n pionera en la protecci\u00f3n de pel\u00edculas y videos, que re\u00fane tecnolog\u00edas de firma electr\u00f3nica, sellado de tiempo y blockchain. Sus creaciones se certifican y archivan instant\u00e1neamente al mismo tiempo en un agente judicial.","breadcrumb":{"@id":"https:\/\/beta.fidealis.com\/es\/presentacion-de-modelos\/proteccion-de-video\/#breadcrumb"},"inLanguage":"es","potentialAction":[{"@type":"ReadAction","target":["https:\/\/beta.fidealis.com\/es\/presentacion-de-modelos\/proteccion-de-video\/"]}]},{"@type":"BreadcrumbList","@id":"https:\/\/beta.fidealis.com\/es\/presentacion-de-modelos\/proteccion-de-video\/#breadcrumb","itemListElement":[{"@type":"ListItem","position":1,"name":"Accueil","item":"https:\/\/beta.fidealis.com\/es\/"},{"@type":"ListItem","position":2,"name":"Presentaci\u00f3n de modelos en l\u00ednea","item":"https:\/\/beta.fidealis.com\/es\/presentacion-de-modelos\/"},{"@type":"ListItem","position":3,"name":"Protecci\u00f3n de video y pel\u00edculas"}]},{"@type":"WebSite","@id":"https:\/\/beta.fidealis.com\/#website","url":"https:\/\/beta.fidealis.com\/","name":"Fidealis","description":"Fidealis: vous cr\u00e9ez, nous prot\u00e9geons.","publisher":{"@id":"https:\/\/beta.fidealis.com\/#organization"},"potentialAction":[{"@type":"SearchAction","target":{"@type":"EntryPoint","urlTemplate":"https:\/\/beta.fidealis.com\/?s={search_term_string}"},"query-input":"required name=search_term_string"}],"inLanguage":"es"},{"@type":"Organization","@id":"https:\/\/beta.fidealis.com\/#organization","name":"Fidealis","url":"https:\/\/beta.fidealis.com\/","logo":{"@type":"ImageObject","inLanguage":"es","@id":"https:\/\/beta.fidealis.com\/#\/schema\/logo\/image\/","url":"https:\/\/www.fidealis.com\/wp-content\/uploads\/2018\/04\/logo-fidealis.png","contentUrl":"https:\/\/www.fidealis.com\/wp-content\/uploads\/2018\/04\/logo-fidealis.png","width":525,"height":205,"caption":"Fidealis"},"image":{"@id":"https:\/\/beta.fidealis.com\/#\/schema\/logo\/image\/"},"sameAs":["https:\/\/www.facebook.com\/Fidealis-573887362622849\/"]}]}},"_links":{"self":[{"href":"https:\/\/beta.fidealis.com\/es\/wp-json\/wp\/v2\/pages\/15497"}],"collection":[{"href":"https:\/\/beta.fidealis.com\/es\/wp-json\/wp\/v2\/pages"}],"about":[{"href":"https:\/\/beta.fidealis.com\/es\/wp-json\/wp\/v2\/types\/page"}],"author":[{"embeddable":true,"href":"https:\/\/beta.fidealis.com\/es\/wp-json\/wp\/v2\/users\/1"}],"replies":[{"embeddable":true,"href":"https:\/\/beta.fidealis.com\/es\/wp-json\/wp\/v2\/comments?post=15497"}],"version-history":[{"count":3,"href":"https:\/\/beta.fidealis.com\/es\/wp-json\/wp\/v2\/pages\/15497\/revisions"}],"predecessor-version":[{"id":16007,"href":"https:\/\/beta.fidealis.com\/es\/wp-json\/wp\/v2\/pages\/15497\/revisions\/16007"}],"up":[{"embeddable":true,"href":"https:\/\/beta.fidealis.com\/es\/wp-json\/wp\/v2\/pages\/15501"}],"wp:attachment":[{"href":"https:\/\/beta.fidealis.com\/es\/wp-json\/wp\/v2\/media?parent=15497"}],"curies":[{"name":"wp","href":"https:\/\/api.w.org\/{rel}","templated":true}]}}