{"id":15498,"date":"2018-06-21T00:00:00","date_gmt":"2018-06-20T22:00:00","guid":{"rendered":"https:\/\/www.fidealis.com\/depot-copyright\/proteger-une-oeuvre"},"modified":"2020-04-13T17:34:36","modified_gmt":"2020-04-13T15:34:36","slug":"trabajo-de-proteccion","status":"publish","type":"page","link":"https:\/\/beta.fidealis.com\/es\/presentacion-de-modelos\/trabajo-de-proteccion\/","title":{"rendered":"Trabajo de protecci\u00f3n"},"content":{"rendered":"<section class=\"cover imagebg text-center height-60 section--ken-burns\" data-overlay=\"5\">\n        <div class=\"background-image-holder\"><img alt=\"\" src=\"https:\/\/beta.fidealis.com\/wp-content\/uploads\/2018\/06\/protection-oeuvre.jpg\"><\/div>\n        <div class=\"container pos-vertical-center\">\n            <div class=\"row\">\n                <div class=\"col-sm-8 col-md-9\">\n                    \n                        <h1>Dep\u00f3sito y protecci\u00f3n de sus obras en l\u00ednea<\/h1>\n                        <p>&nbsp;<\/p>\n                    \n                <\/div>\n            <\/div>\n            <!--end of row-->\n        <\/div>\n        <!--end of container-->\n    <\/section>\n    <section class=\"bg--secondary space--xxs\">\n        <div class=\"container\">\n            <div class=\"row\">\n                <div class=\"cta cta--horizontal text-center-xs\">\n                    <div class=\"col-sm-4\">\n                        <h4>Su dep\u00f3sito a partir de 95\u20ac<\/h4>\n                    <\/div>\n                    <div class=\"col-sm-5\">\n                        <p class=\"lead\">Proteja sus obras con el dep\u00f3sito de copyright&nbsp;<\/p>\n                    <\/div>\n                    <div class=\"col-sm-3 text-right text-center-xs\">\n                        <a title=\"\" class=\"btn btn--primary type--uppercase\" href=\"https:\/\/beta.fidealis.com\/es\/qui-sommes-nous\/contactez-nous\/\" target=\"\" rel=\"\"> <span class=\"btn__text\">Solicitud de contacto<\/span> <\/a>\n                    <\/div>\n                <\/div>\n            <\/div>\n            <!--end of row-->\n        <\/div>\n        <!--end of container-->\n    <\/section>\n    <section class=\"switchable feature-large  text-justify space--xxs\">\n        <div class=\"container\">\n            <div class=\"row\">\n                <div class=\"col-sm-6 col-md-6\">\n                    <div class=\"switchable__text\">\n                        <h2 class=\"left\">Proteger una obra, una cuesti\u00f3n \u00e9tica y econ\u00f3mica para los creadores.<\/h2>\n                        <div class=\"right\">&nbsp;<\/div>\n                        <p class=\"lead\">En caso de litigio, el autor, que reclama la paternidad de una invenci\u00f3n del esp\u00edritu o una obra literaria o art\u00edstica, deber\u00e1 probar la fecha de su creaci\u00f3n. Por lo tanto, es esencial, para protegerse contra las diversas formas de plagio y falsificaci\u00f3n, tener protecci\u00f3n de las obras tan pronto como se creen y antes de cualquier divulgaci\u00f3n, mediante la presentaci\u00f3n y obtenci\u00f3n de una obra con derechos de autor o una invenci\u00f3n de derechos de autor. .<\/p>\n                        <p class=\"lead\"><a href=\"https:\/\/beta.fidealis.com\/es\/depot-copyright\/\">Este copyright<\/a> consiste en establecer una prueba probatoria que combine la fecha de registro (por un tercero, \"testigo\" probante), la identidad del depositante, con dicha creaci\u00f3n.<\/p>\n                        <p class=\"lead\">Los derechos establecidos de protecci\u00f3n de la creaci\u00f3n permitir\u00e1n al autor autorizar o prohibir el uso de sus obras, para oponerse a su difusi\u00f3n, si se han realizado sin su consentimiento, para exigir una contra-parte (realeza, derechos de autor, licencia ..) o para ejercer sus derechos en los tribunales.<\/p>\n                    <\/div>\n                <\/div>\n                <div class=\"col-sm-5\">\n                    <div class=\"boxed boxed--lg boxed--border\">\n                        <div class=\"feature feature-2\"> <i class=\"icon color--primary icon-Libra-2\"><\/i>\n                            <div class=\"feature__body\">\n                                <h5>Pruebas reconocidas de los tribunales.<\/h5>\n                                <p>Reconocimiento por tribunales de todo el mundo.<\/p>\n                            <\/div>\n                        <\/div>\n                        <!--end feature-->\n                        <div class=\"feature feature-2\"> <i class=\"icon color--primary icon-Security-Check\"><\/i>\n                            <div class=\"feature__body\">\n                                <h5>Certificados de agente judicial v\u00e1lidos de por vida<\/h5>\n                                <p>Construya pruebas v\u00e1lidas para toda la vida.<\/p>\n                            <\/div>\n                        <\/div>\n                        <div class=\"feature feature-2\"> <i class=\"icon color--primary icon-Font-Window\"><\/i>\n                            <div class=\"feature__body\">\n                                <h5>Sus dep\u00f3sitos son v\u00e1lidos en 11 idiomas.<\/h5>\n                                <p style=\"text-align: left;\">Dispone de sus dep\u00f3sitos en franc\u00e9s, ingl\u00e9s, italiano, chino, alem\u00e1n, portugu\u00e9s, \u00e1rabe, espa\u00f1ol, coreano, japon\u00e9s y ruso.<\/p>\n                            <\/div>\n                        <\/div>\n                        <!--end feature-->\n                        <div class=\"feature feature-2\"> <i class=\"icon color--primary icon-Windows-2\"><\/i>\n                            <div class=\"feature__body\">\n                                <h5>Su evidencia disponible 24\/7<\/h5>\n                                <p>Recibo de dep\u00f3sito disponible en l\u00ednea 24\/7.<\/p>\n                            <\/div>\n                        <\/div>\n                        <!--end feature-->\n                    <\/div>\n                <\/div>\n            <\/div>\n            <!--end of row-->\n        <\/div>\n        <!--end of container-->\n    <\/section>\n    <section class=\"bg--secondary text-center space--xxs\">\n        <div class=\"container\">\n            <div class=\"row\">\n                <div class=\"col-sm-12\">\n                    <h2 class=\"addtoppad\">\u00bfC\u00f3mo proteger mis creaciones?<\/h2>\n                <\/div>\n            <\/div>\n            <!--end of row-->\n        <\/div>\n        <!--end of container-->\n    <\/section>\n    <section class=\"bg--secondary space--xs\">\n        <div class=\"container\">\n            <div class=\"row\">\n                <div class=\"col-sm-4\">\n                    <div class=\"feature feature-2 boxed boxed--border\"> <i class=\"icon color--primary icon-Checked-User\"><\/i>\n                        <div class=\"feature__body\">\n                            <p style=\"text-align: center;\"><span class=\"h1 h1--medium\" style=\"color: #d93d3d;\">1.<\/span><\/p>\n                            <h4 style=\"text-align: center;\">Se inscribe<\/h4>\n                            <p style=\"text-align: center;\">Se inscribe gratuitamente&nbsp;<br>Ning\u00fan pago requerido&nbsp;<\/p>\n                        <\/div>\n                    <\/div>\n                    <!--end feature-->\n                <\/div>\n                <div class=\"col-sm-4\">\n                    <div class=\"feature feature-2 boxed boxed--border\"> <i class=\"icon color--primary icon-Security-Settings\"><\/i>\n                        <div class=\"feature__body\">\n                            <p style=\"text-align: center;\"><span class=\"h1 h1--medium\" style=\"color: #d93d3d;\">2.<\/span><\/p>\n                            <h4 style=\"text-align: center;\">Le guiamos<\/h4>\n                            <p style=\"text-align: center;\">Elija una oferta adaptada a sus necesidades con un consultor.<\/p>\n                        <\/div>\n                    <\/div>\n                    <!--end feature-->\n                <\/div>\n                <div class=\"col-sm-4\">\n                    <div class=\"feature feature-2 boxed boxed--border\"> <i class=\"icon color--primary icon-Security-Check\"><\/i>\n                        <div class=\"feature__body\">\n                            <p style=\"text-align: center;\"><span class=\"h1 h1--medium\" style=\"color: #d93d3d;\">3.<\/span><\/p>\n                            <h4 style=\"text-align: center;\">Le protegemos<\/h4>\n                            <p style=\"text-align: center;\">Descargue sus creaciones en l\u00ednea. <br>\u00a1Est\u00e1 protegido!<\/p>\n                        <\/div>\n                    <\/div>\n                    <!--end feature-->\n                <\/div>\n            <\/div>\n            <!--end of row-->\n        <\/div>\n        <!--end of container-->\n    <\/section>\n    <section class=\"text-center  bg--secondary space--xxs\">\n        <div class=\"container\">\n            <div class=\"row\">\n                <div class=\"col-sm-8 col-md-6\">\n                    <div class=\"cta\"> <a title=\"\" class=\"btn type--uppercase inner-link btn--primary\" href=\"https:\/\/beta.fidealis.com\/es\/inscription\" target=\"_blank\" rel=\"noopener\"><span class=\"btn__text\">INSCRIBIRSE AHORA<\/span>                    <\/a>\n                        \n                            <p class=\"type--fine-print\" style=\"margin-top: 0.03em; margin-bottom: 1.2em;\">No se requiere tarjeta de cr\u00e9dito&nbsp;<\/p>\n                        \n                    <\/div>\n                <\/div>\n            <\/div>\n            <!--end of row-->\n        <\/div>\n        <!--end of container-->\n    <\/section>\n    <section class=\"feature-large switchable  text-justify space--xs\">\n        <div class=\"container\">\n            <div class=\"row\">\n                <div class=\"col-md-6 col-sm-6\"> <img class=\"border--round box-shadow-wide\" alt=\"\" src=\"https:\/\/beta.fidealis.com\/wp-content\/uploads\/2018\/06\/d\u00e9poser-en-ligne.jpg\"> <\/div>\n                <div class=\"col-sm-6 col-md-5\">\n                    <div class=\"heading-block\">\n                        <h2>Legislaci\u00f3n y protecci\u00f3n de la creaci\u00f3n de obras.<\/h2>\n                        <div class=\"right\">&nbsp;<\/div>\n                        <p class=\"lead\">La protecci\u00f3n de las obras se enmarca:<\/p>\n                        <ul class=\"bullets\">\n                            <li class=\"lead li-blocked\">por el C\u00f3digo de Propiedad Intelectual (Libro 3) que define las reglas y sanciones relacionadas con los derechos de autor (que se denominar\u00eda bajo un t\u00e9rmino anglosaj\u00f3n \"invenci\u00f3n de la mente con derechos de autor\" y \"obra literaria \/ art\u00edstica con derechos de autor\" ;<\/li>\n                            <li class=\"lead li-blocked\">Una jurisprudencia relacionada con los desarrollos culturales y la aparici\u00f3n de nuevas tecnolog\u00edas (derecho y responsabilidad del anfitri\u00f3n, formato de los resultados de Internet, ley de marcas registradas en la red de AdWords ...)<\/li>\n                            <li class=\"lead li-blocked\">El Convenio de Berna y los textos relacionados sobre la protecci\u00f3n de las obras en el extranjero.<\/li>\n                        <\/ul>\n                        <p class=\"lead\">En t\u00e9rminos de territorialidad, la protecci\u00f3n de una obra en el extranjero, antes de su primera divulgaci\u00f3n, est\u00e1 sujeta a la legislaci\u00f3n local. De hecho, podr\u00eda condicionar el reconocimiento de los derechos de autor al cumplimiento de formalidades previas que deber\u00edan respetarse (art\u00edculo 3 del Convenio revisado de Berna).<\/p>\n                    <\/div>\n                <\/div>\n            <\/div>\n            <!--end of row-->\n        <\/div>\n        <!--end of container-->\n    <\/section>\n    <section class=\"imagebg\" data-overlay=\"6\">\n        <div class=\"background-image-holder\"> <img alt=\"prot\u00e9ger vos \u0153uvres et cr\u00e9ations par un copyright\" src=\"https:\/\/beta.fidealis.com\/wp-content\/uploads\/2018\/08\/prote\u0301ger-une-oeuvre-cre\u0301ation.jpg\"> <\/div>\n        <div class=\"container\">\n            <div class=\"row\">\n                <div class=\"col-sm-8 col-md-6\">\n                    <div class=\"cta\">\n                        \n                            <h2><span style=\"color: #ffffff;\"><strong>\u00bfUna soluci\u00f3n confiable y duradera para los derechos de autor?<\/strong><\/span><\/h2>\n                            <p class=\"lead\">Con su experiencia en invenci\u00f3n de derechos de autor y trabajo de derechos de autor, Fidealis, con una presentaci\u00f3n segura en l\u00ednea, ofrece a los autores una forma infalible de proteger una obra en caso de falsificaci\u00f3n, plagio de contenido, parasitismo y competencia desleal, tanto en Francia como en el extranjero. 'al internacional.<\/p>\n                            <p class=\"lead\">Un procedimiento de protecci\u00f3n de la creaci\u00f3n que es simple, r\u00e1pido y eficiente para los autores preocupados por el respeto de sus derechos y posibles disputas futuras:<\/p>\n                            <ul>\n                                <li>- Presentaci\u00f3n en l\u00ednea y registro en tiempo real con un agente judicial para efecto inmediato<\/li>\n                                <li><br>- Marca de tiempo, firma electr\u00f3nica y recibo como prueba de paternidad y anterioridad.<\/li>\n                            <\/ul>\n                        \n                    <\/div>\n                <\/div>\n            <\/div>\n            <!--end of row-->\n        <\/div>\n        <!--end of container-->\n    <\/section>\n    <section class=\"unpad--bottom switchable cta cta-3  bg--secondary switchable--switch text-center\">\n        <div class=\"container\">\n            <div class=\"row\">\n                <div class=\"col-sm-6 col-md-6\">\n                    <div class=\"switchable__text\">\n                        \n                            <h2>Fidealis, la protecci\u00f3n de las obras m\u00e1s tranquila<\/h2>\n                            <p>La soluci\u00f3n pionera en la protecci\u00f3n de dise\u00f1os y colecciones, que re\u00fane las tecnolog\u00edas de la firma electr\u00f3nica, la marca de tiempo y blockchain. Sus creaciones se certifican instant\u00e1neamente y se archivan en paralelo con el agente judicial.<\/p>\n                        \n                        <a title=\"\" class=\"btn type--uppercase inner-link btn--primary\" href=\"https:\/\/beta.fidealis.com\/es\/inscription\" target=\"_blank\" rel=\"noopener\"> <span class=\"btn__text\">inscribirse gratuitamente<\/span><span class=\"label\">sin tc<\/span> <\/a>\n                    <\/div>\n                <\/div>\n                <div class=\"col-sm-6 col-md-5\"> <img class=\"block\" alt=\"d\u00e9p\u00f4t de copyright Fidealis\" src=\"https:\/\/beta.fidealis.com\/wp-content\/uploads\/2018\/08\/droit-dauteur-1.png\"> <\/div>\n            <\/div>\n            <!--end of row-->\n        <\/div>\n        <!--end of container-->\n    <\/section>","protected":false},"excerpt":{"rendered":"<p>Dep\u00f3sito y protecci\u00f3n de sus obras en l\u00ednea &nbsp; Su dep\u00f3sito a partir de 95\u20ac Proteja sus obras con el dep\u00f3sito de&#8230;<\/p>\n","protected":false},"author":1,"featured_media":0,"parent":15501,"menu_order":0,"comment_status":"closed","ping_status":"closed","template":"","meta":{"_joinchat":[]},"yoast_head":"<!-- This site is optimized with the Yoast SEO plugin v20.3 - https:\/\/yoast.com\/wordpress\/plugins\/seo\/ -->\n<title>Depositar y proteger una obra con Copyright Deposit<\/title>\n<meta name=\"description\" content=\"Proteger una obra, un tema \u00e9tico y econ\u00f3mico para los creadores. En caso de litigio, el autor, que reclama la paternidad, debe presentar prueba de la fecha de su creaci\u00f3n. La presentaci\u00f3n en l\u00ednea es la mejor soluci\u00f3n para esto.\" \/>\n<meta name=\"robots\" content=\"noindex, follow, max-snippet:-1, max-image-preview:large, max-video-preview:-1\" \/>\n<meta property=\"og:locale\" content=\"es_ES\" \/>\n<meta property=\"og:type\" content=\"article\" \/>\n<meta property=\"og:title\" content=\"Depositar y proteger una obra con Copyright Deposit\" \/>\n<meta property=\"og:description\" content=\"Proteger una obra, un tema \u00e9tico y econ\u00f3mico para los creadores. En caso de litigio, el autor, que reclama la paternidad, debe presentar prueba de la fecha de su creaci\u00f3n. La presentaci\u00f3n en l\u00ednea es la mejor soluci\u00f3n para esto.\" \/>\n<meta property=\"og:url\" content=\"https:\/\/beta.fidealis.com\/es\/presentacion-de-modelos\/trabajo-de-proteccion\/\" \/>\n<meta property=\"og:site_name\" content=\"Fidealis\" \/>\n<meta property=\"article:publisher\" content=\"https:\/\/www.facebook.com\/Fidealis-573887362622849\/\" \/>\n<meta property=\"article:modified_time\" content=\"2020-04-13T15:34:36+00:00\" \/>\n<meta name=\"twitter:card\" content=\"summary_large_image\" \/>\n<script type=\"application\/ld+json\" class=\"yoast-schema-graph\">{\"@context\":\"https:\/\/schema.org\",\"@graph\":[{\"@type\":\"WebPage\",\"@id\":\"https:\/\/beta.fidealis.com\/es\/presentacion-de-modelos\/trabajo-de-proteccion\/\",\"url\":\"https:\/\/beta.fidealis.com\/es\/presentacion-de-modelos\/trabajo-de-proteccion\/\",\"name\":\"Depositar y proteger una obra con Copyright Deposit\",\"isPartOf\":{\"@id\":\"https:\/\/beta.fidealis.com\/#website\"},\"datePublished\":\"2018-06-20T22:00:00+00:00\",\"dateModified\":\"2020-04-13T15:34:36+00:00\",\"description\":\"Proteger una obra, un tema \u00e9tico y econ\u00f3mico para los creadores. En caso de litigio, el autor, que reclama la paternidad, debe presentar prueba de la fecha de su creaci\u00f3n. La presentaci\u00f3n en l\u00ednea es la mejor soluci\u00f3n para esto.\",\"breadcrumb\":{\"@id\":\"https:\/\/beta.fidealis.com\/es\/presentacion-de-modelos\/trabajo-de-proteccion\/#breadcrumb\"},\"inLanguage\":\"es\",\"potentialAction\":[{\"@type\":\"ReadAction\",\"target\":[\"https:\/\/beta.fidealis.com\/es\/presentacion-de-modelos\/trabajo-de-proteccion\/\"]}]},{\"@type\":\"BreadcrumbList\",\"@id\":\"https:\/\/beta.fidealis.com\/es\/presentacion-de-modelos\/trabajo-de-proteccion\/#breadcrumb\",\"itemListElement\":[{\"@type\":\"ListItem\",\"position\":1,\"name\":\"Accueil\",\"item\":\"https:\/\/beta.fidealis.com\/es\/\"},{\"@type\":\"ListItem\",\"position\":2,\"name\":\"Presentaci\u00f3n de modelos en l\u00ednea\",\"item\":\"https:\/\/beta.fidealis.com\/es\/presentacion-de-modelos\/\"},{\"@type\":\"ListItem\",\"position\":3,\"name\":\"Trabajo de protecci\u00f3n\"}]},{\"@type\":\"WebSite\",\"@id\":\"https:\/\/beta.fidealis.com\/#website\",\"url\":\"https:\/\/beta.fidealis.com\/\",\"name\":\"Fidealis\",\"description\":\"Fidealis: vous cr\u00e9ez, nous prot\u00e9geons.\",\"publisher\":{\"@id\":\"https:\/\/beta.fidealis.com\/#organization\"},\"potentialAction\":[{\"@type\":\"SearchAction\",\"target\":{\"@type\":\"EntryPoint\",\"urlTemplate\":\"https:\/\/beta.fidealis.com\/?s={search_term_string}\"},\"query-input\":\"required name=search_term_string\"}],\"inLanguage\":\"es\"},{\"@type\":\"Organization\",\"@id\":\"https:\/\/beta.fidealis.com\/#organization\",\"name\":\"Fidealis\",\"url\":\"https:\/\/beta.fidealis.com\/\",\"logo\":{\"@type\":\"ImageObject\",\"inLanguage\":\"es\",\"@id\":\"https:\/\/beta.fidealis.com\/#\/schema\/logo\/image\/\",\"url\":\"https:\/\/www.fidealis.com\/wp-content\/uploads\/2018\/04\/logo-fidealis.png\",\"contentUrl\":\"https:\/\/www.fidealis.com\/wp-content\/uploads\/2018\/04\/logo-fidealis.png\",\"width\":525,\"height\":205,\"caption\":\"Fidealis\"},\"image\":{\"@id\":\"https:\/\/beta.fidealis.com\/#\/schema\/logo\/image\/\"},\"sameAs\":[\"https:\/\/www.facebook.com\/Fidealis-573887362622849\/\"]}]}<\/script>\n<!-- \/ Yoast SEO plugin. -->","yoast_head_json":{"title":"Depositar y proteger una obra con Copyright Deposit","description":"Proteger una obra, un tema \u00e9tico y econ\u00f3mico para los creadores. En caso de litigio, el autor, que reclama la paternidad, debe presentar prueba de la fecha de su creaci\u00f3n. La presentaci\u00f3n en l\u00ednea es la mejor soluci\u00f3n para esto.","robots":{"index":"noindex","follow":"follow","max-snippet":"max-snippet:-1","max-image-preview":"max-image-preview:large","max-video-preview":"max-video-preview:-1"},"og_locale":"es_ES","og_type":"article","og_title":"Depositar y proteger una obra con Copyright Deposit","og_description":"Proteger una obra, un tema \u00e9tico y econ\u00f3mico para los creadores. En caso de litigio, el autor, que reclama la paternidad, debe presentar prueba de la fecha de su creaci\u00f3n. La presentaci\u00f3n en l\u00ednea es la mejor soluci\u00f3n para esto.","og_url":"https:\/\/beta.fidealis.com\/es\/presentacion-de-modelos\/trabajo-de-proteccion\/","og_site_name":"Fidealis","article_publisher":"https:\/\/www.facebook.com\/Fidealis-573887362622849\/","article_modified_time":"2020-04-13T15:34:36+00:00","twitter_card":"summary_large_image","schema":{"@context":"https:\/\/schema.org","@graph":[{"@type":"WebPage","@id":"https:\/\/beta.fidealis.com\/es\/presentacion-de-modelos\/trabajo-de-proteccion\/","url":"https:\/\/beta.fidealis.com\/es\/presentacion-de-modelos\/trabajo-de-proteccion\/","name":"Depositar y proteger una obra con Copyright Deposit","isPartOf":{"@id":"https:\/\/beta.fidealis.com\/#website"},"datePublished":"2018-06-20T22:00:00+00:00","dateModified":"2020-04-13T15:34:36+00:00","description":"Proteger una obra, un tema \u00e9tico y econ\u00f3mico para los creadores. En caso de litigio, el autor, que reclama la paternidad, debe presentar prueba de la fecha de su creaci\u00f3n. La presentaci\u00f3n en l\u00ednea es la mejor soluci\u00f3n para esto.","breadcrumb":{"@id":"https:\/\/beta.fidealis.com\/es\/presentacion-de-modelos\/trabajo-de-proteccion\/#breadcrumb"},"inLanguage":"es","potentialAction":[{"@type":"ReadAction","target":["https:\/\/beta.fidealis.com\/es\/presentacion-de-modelos\/trabajo-de-proteccion\/"]}]},{"@type":"BreadcrumbList","@id":"https:\/\/beta.fidealis.com\/es\/presentacion-de-modelos\/trabajo-de-proteccion\/#breadcrumb","itemListElement":[{"@type":"ListItem","position":1,"name":"Accueil","item":"https:\/\/beta.fidealis.com\/es\/"},{"@type":"ListItem","position":2,"name":"Presentaci\u00f3n de modelos en l\u00ednea","item":"https:\/\/beta.fidealis.com\/es\/presentacion-de-modelos\/"},{"@type":"ListItem","position":3,"name":"Trabajo de protecci\u00f3n"}]},{"@type":"WebSite","@id":"https:\/\/beta.fidealis.com\/#website","url":"https:\/\/beta.fidealis.com\/","name":"Fidealis","description":"Fidealis: vous cr\u00e9ez, nous prot\u00e9geons.","publisher":{"@id":"https:\/\/beta.fidealis.com\/#organization"},"potentialAction":[{"@type":"SearchAction","target":{"@type":"EntryPoint","urlTemplate":"https:\/\/beta.fidealis.com\/?s={search_term_string}"},"query-input":"required name=search_term_string"}],"inLanguage":"es"},{"@type":"Organization","@id":"https:\/\/beta.fidealis.com\/#organization","name":"Fidealis","url":"https:\/\/beta.fidealis.com\/","logo":{"@type":"ImageObject","inLanguage":"es","@id":"https:\/\/beta.fidealis.com\/#\/schema\/logo\/image\/","url":"https:\/\/www.fidealis.com\/wp-content\/uploads\/2018\/04\/logo-fidealis.png","contentUrl":"https:\/\/www.fidealis.com\/wp-content\/uploads\/2018\/04\/logo-fidealis.png","width":525,"height":205,"caption":"Fidealis"},"image":{"@id":"https:\/\/beta.fidealis.com\/#\/schema\/logo\/image\/"},"sameAs":["https:\/\/www.facebook.com\/Fidealis-573887362622849\/"]}]}},"_links":{"self":[{"href":"https:\/\/beta.fidealis.com\/es\/wp-json\/wp\/v2\/pages\/15498"}],"collection":[{"href":"https:\/\/beta.fidealis.com\/es\/wp-json\/wp\/v2\/pages"}],"about":[{"href":"https:\/\/beta.fidealis.com\/es\/wp-json\/wp\/v2\/types\/page"}],"author":[{"embeddable":true,"href":"https:\/\/beta.fidealis.com\/es\/wp-json\/wp\/v2\/users\/1"}],"replies":[{"embeddable":true,"href":"https:\/\/beta.fidealis.com\/es\/wp-json\/wp\/v2\/comments?post=15498"}],"version-history":[{"count":2,"href":"https:\/\/beta.fidealis.com\/es\/wp-json\/wp\/v2\/pages\/15498\/revisions"}],"predecessor-version":[{"id":16004,"href":"https:\/\/beta.fidealis.com\/es\/wp-json\/wp\/v2\/pages\/15498\/revisions\/16004"}],"up":[{"embeddable":true,"href":"https:\/\/beta.fidealis.com\/es\/wp-json\/wp\/v2\/pages\/15501"}],"wp:attachment":[{"href":"https:\/\/beta.fidealis.com\/es\/wp-json\/wp\/v2\/media?parent=15498"}],"curies":[{"name":"wp","href":"https:\/\/api.w.org\/{rel}","templated":true}]}}