{"id":15499,"date":"2018-06-25T00:00:00","date_gmt":"2018-06-24T22:00:00","guid":{"rendered":"https:\/\/www.fidealis.com\/propriete-intellectuelle\/le-copyright\/pourquoi-deposer"},"modified":"2020-04-13T15:37:49","modified_gmt":"2020-04-13T13:37:49","slug":"pourquoi-deposer","status":"publish","type":"page","link":"https:\/\/beta.fidealis.com\/es\/propiedad-intelectual\/pourquoi-deposer\/","title":{"rendered":"Por qu\u00e9 depositar"},"content":{"rendered":"<section class=\"cover imagebg text-center section--ken-burns height-60\" data-overlay=\"4\">\n        <div class=\"background-image-holder\"><img alt=\"\" src=\"https:\/\/beta.fidealis.com\/wp-content\/uploads\/2018\/06\/300968-P7HJ8J-521.jpg\"><\/div>\n        <div class=\"container pos-vertical-center\">\n            <div class=\"row\">\n                <div class=\"col-sm-8 col-md-8\">\n                    \n                        <h1>\u00bfPor qu\u00e9 depositar un archivo copyright?<\/h1>\n                    \n                <\/div>\n            <\/div>\n            <!--end of row-->\n        <\/div>\n        <!--end of container-->\n    <\/section>\n    <section class=\"space--xxs bg--secondary\">\n        <div class=\"container\">\n            <div class=\"row\">\n                <div class=\"cta cta--horizontal text-center-xs\">\n                    <div class=\"col-sm-4\">\n                        <h4>Su dep\u00f3sito a partir de 95\u20ac<\/h4>\n                    <\/div>\n                    <div class=\"col-sm-5\">\n                        <p class=\"lead\"> La mejor soluci\u00f3n para su protecci\u00f3n en l\u00ednea&nbsp;<\/p>\n                    <\/div>\n                    <div class=\"col-sm-3 text-right text-center-xs\">\n                        <a title=\"\" class=\"btn btn--primary type--uppercase\" href=\"https:\/\/beta.fidealis.com\/es\/qui-sommes-nous\/contactez-nous\/\" target=\"\" rel=\"\"> <span class=\"btn__text\">SOLICITUD de contACTO<br><\/span> <\/a>\n                    <\/div>\n                <\/div>\n            <\/div>\n            <!--end of row-->\n        <\/div>\n        <!--end of container-->\n    <\/section>\n    <section class=\"text-justify space--xs\">\n        <div class=\"container\">\n            <div class=\"row\">\n                <div class=\"col-sm-12\">\n                    <div class=\"justify font-color-242628 width-100 margin-bottom-60 overflow-hidden\">\n                        <div class=\"float-right porqui-deposer-text overflow-hidden\">\n                            <div class=\"light-14 line-height-24 blackp\">\n                                <p><em>La riqueza de las empresas est\u00e1 constituida principalmente por su capacidad para crear, inventar y avanzar su oferta para destacarse de su competencia. Este capital, estas ideas, documentos confidenciales que posee, deben protegerse.<\/em><\/p>\n                                <h2>\u00bfQu\u00e9 valor agregado aporta un dep\u00f3sito?<\/h2>\n                                <p class=\"lead\">Para proteger sus archivos con un dep\u00f3sito, debe certificar que su idea o documento se ha producido desde una fecha determinada, y demostrar que el m\u00e9todo de registro es:<\/p>\n                            <\/div>\n                        <\/div>\n                    <\/div>\n                <\/div>\n            <\/div>\n            <!--end of row-->\n        <\/div>\n        <!--end of container-->\n    <\/section>\n    <section class=\"feature-large switchable  text-justify space--sm\">\n        <div class=\"container\">\n            <div class=\"row\">\n                <div class=\"col-md-6 col-sm-6\"> <img class=\"border--round box-shadow-wide\" alt=\"\" src=\"https:\/\/beta.fidealis.com\/wp-content\/uploads\/2018\/05\/O70LL00.jpg\"> <\/div>\n                <div class=\"col-sm-6 col-md-5\">\n                    <div class=\"heading-block\"> <\/div>\n                    <div class=\"text-block\">\n                        <h2>1 - Irrefutable<\/h2>\n                        <p>&nbsp;<\/p>\n                    <\/div>\n                    <div class=\"text-block\">\n                        <h2>2 - \u00cdntegra<\/h2>\n                        <p>&nbsp;<\/p>\n                    <\/div>\n                    <div class=\"text-block\">\n                        <h2>3 - Inalterable<\/h2>\n                    <\/div>\n                <\/div>\n            <\/div>\n            <!--end of row-->\n        <\/div>\n        <!--end of container-->\n    <\/section>\n    <section class=\"space--xs\">\n        <div class=\"container\">\n            <div class=\"row\">\n                <div class=\"col-sm-12\">\n                    <p class=\"lead\">Gracias a la ley aplicable en Francia, mediante la aplicaci\u00f3n de firma y certificados electr\u00f3nicos, FIDEALIS le ayuda a producir de forma segura pruebas de la t\u00e9cnica anterior (para sus derechos de autor) de todos sus documentos.<\/p>\n                <\/div>\n            <\/div>\n            <!--end of row-->\n        <\/div>\n        <!--end of container-->\n    <\/section>\n    <section class=\"text-center unpad--bottom switchable cta cta-3  bg--secondary switchable--switch\">\n        <div class=\"container\">\n            <div class=\"row\">\n                <div class=\"col-sm-6 col-md-6\">\n                    <div class=\"switchable__text\">\n                        \n                            <h2>Est\u00e9 tranquilo con la soluci\u00f3n de Fidealis<\/h2>\n                            <p class=\"lead\">La soluci\u00f3n pionera en la protecci\u00f3n de dise\u00f1os y colecciones, que re\u00fane las tecnolog\u00edas de la firma electr\u00f3nica, la marca de tiempo y blockchain. Sus creaciones se certifican instant\u00e1neamente y se archivan en paralelo con el agente judicial.<\/p>\n                        \n                        <a title=\"\" class=\"btn btn--primary type--uppercase inner-link\" href=\"https:\/\/beta.fidealis.com\/es\/inscription\" target=\"_blank\" rel=\"noopener\"> <span class=\"btn__text\">                            Inscribirse gratuitamente<\/span><span class=\"label\">sin tc<\/span> <\/a>\n                    <\/div>\n                <\/div>\n                <div class=\"col-sm-6 col-md-5\"> <img class=\"block\" alt=\"soyez rassur\u00e9 avec Fidealis\" src=\"https:\/\/beta.fidealis.com\/wp-content\/uploads\/2018\/08\/pourquoi-d\u00e9poser-ses-cr\u00e9ations-3.png\"> <\/div>\n            <\/div>\n            <!--end of row-->\n        <\/div>\n        <!--end of container-->\n    <\/section>","protected":false},"excerpt":{"rendered":"<p>\u00bfPor qu\u00e9 depositar un archivo copyright? Su dep\u00f3sito a partir de 95\u20ac La mejor soluci\u00f3n para su protecci\u00f3n en l\u00ednea&nbsp; SOLICITUD de&#8230;<\/p>\n","protected":false},"author":1,"featured_media":0,"parent":15485,"menu_order":0,"comment_status":"closed","ping_status":"closed","template":"","meta":{"_joinchat":[]},"yoast_head":"<!-- This site is optimized with the Yoast SEO plugin v20.3 - https:\/\/yoast.com\/wordpress\/plugins\/seo\/ -->\n<title>\u00bfPor qu\u00e9 presentar un Copyright? Fidealis te responde<\/title>\n<meta name=\"description\" content=\"La riqueza de las empresas se compone principalmente de su capacidad para crear, inventar y avanzar su oferta para destacarse de su competencia. Este capital, estas ideas, documentos confidenciales que posee, deben protegerse.\" \/>\n<meta name=\"robots\" content=\"noindex, follow, max-snippet:-1, max-image-preview:large, max-video-preview:-1\" \/>\n<meta property=\"og:locale\" content=\"es_ES\" \/>\n<meta property=\"og:type\" content=\"article\" \/>\n<meta property=\"og:title\" content=\"\u00bfPor qu\u00e9 presentar un Copyright? Fidealis te responde\" \/>\n<meta property=\"og:description\" content=\"La riqueza de las empresas se compone principalmente de su capacidad para crear, inventar y avanzar su oferta para destacarse de su competencia. Este capital, estas ideas, documentos confidenciales que posee, deben protegerse.\" \/>\n<meta property=\"og:url\" content=\"https:\/\/beta.fidealis.com\/es\/propiedad-intelectual\/pourquoi-deposer\/\" \/>\n<meta property=\"og:site_name\" content=\"Fidealis\" \/>\n<meta property=\"article:publisher\" content=\"https:\/\/www.facebook.com\/Fidealis-573887362622849\/\" \/>\n<meta property=\"article:modified_time\" content=\"2020-04-13T13:37:49+00:00\" \/>\n<meta name=\"twitter:card\" content=\"summary_large_image\" \/>\n<script type=\"application\/ld+json\" class=\"yoast-schema-graph\">{\"@context\":\"https:\/\/schema.org\",\"@graph\":[{\"@type\":\"WebPage\",\"@id\":\"https:\/\/beta.fidealis.com\/es\/propiedad-intelectual\/pourquoi-deposer\/\",\"url\":\"https:\/\/beta.fidealis.com\/es\/propiedad-intelectual\/pourquoi-deposer\/\",\"name\":\"\u00bfPor qu\u00e9 presentar un Copyright? Fidealis te responde\",\"isPartOf\":{\"@id\":\"https:\/\/beta.fidealis.com\/#website\"},\"datePublished\":\"2018-06-24T22:00:00+00:00\",\"dateModified\":\"2020-04-13T13:37:49+00:00\",\"description\":\"La riqueza de las empresas se compone principalmente de su capacidad para crear, inventar y avanzar su oferta para destacarse de su competencia. Este capital, estas ideas, documentos confidenciales que posee, deben protegerse.\",\"breadcrumb\":{\"@id\":\"https:\/\/beta.fidealis.com\/es\/propiedad-intelectual\/pourquoi-deposer\/#breadcrumb\"},\"inLanguage\":\"es\",\"potentialAction\":[{\"@type\":\"ReadAction\",\"target\":[\"https:\/\/beta.fidealis.com\/es\/propiedad-intelectual\/pourquoi-deposer\/\"]}]},{\"@type\":\"BreadcrumbList\",\"@id\":\"https:\/\/beta.fidealis.com\/es\/propiedad-intelectual\/pourquoi-deposer\/#breadcrumb\",\"itemListElement\":[{\"@type\":\"ListItem\",\"position\":1,\"name\":\"Accueil\",\"item\":\"https:\/\/beta.fidealis.com\/es\/\"},{\"@type\":\"ListItem\",\"position\":2,\"name\":\"Propiedad intelectual\",\"item\":\"https:\/\/beta.fidealis.com\/es\/propiedad-intelectual\/\"},{\"@type\":\"ListItem\",\"position\":3,\"name\":\"Por qu\u00e9 depositar\"}]},{\"@type\":\"WebSite\",\"@id\":\"https:\/\/beta.fidealis.com\/#website\",\"url\":\"https:\/\/beta.fidealis.com\/\",\"name\":\"Fidealis\",\"description\":\"Fidealis: vous cr\u00e9ez, nous prot\u00e9geons.\",\"publisher\":{\"@id\":\"https:\/\/beta.fidealis.com\/#organization\"},\"potentialAction\":[{\"@type\":\"SearchAction\",\"target\":{\"@type\":\"EntryPoint\",\"urlTemplate\":\"https:\/\/beta.fidealis.com\/?s={search_term_string}\"},\"query-input\":\"required name=search_term_string\"}],\"inLanguage\":\"es\"},{\"@type\":\"Organization\",\"@id\":\"https:\/\/beta.fidealis.com\/#organization\",\"name\":\"Fidealis\",\"url\":\"https:\/\/beta.fidealis.com\/\",\"logo\":{\"@type\":\"ImageObject\",\"inLanguage\":\"es\",\"@id\":\"https:\/\/beta.fidealis.com\/#\/schema\/logo\/image\/\",\"url\":\"https:\/\/www.fidealis.com\/wp-content\/uploads\/2018\/04\/logo-fidealis.png\",\"contentUrl\":\"https:\/\/www.fidealis.com\/wp-content\/uploads\/2018\/04\/logo-fidealis.png\",\"width\":525,\"height\":205,\"caption\":\"Fidealis\"},\"image\":{\"@id\":\"https:\/\/beta.fidealis.com\/#\/schema\/logo\/image\/\"},\"sameAs\":[\"https:\/\/www.facebook.com\/Fidealis-573887362622849\/\"]}]}<\/script>\n<!-- \/ Yoast SEO plugin. -->","yoast_head_json":{"title":"\u00bfPor qu\u00e9 presentar un Copyright? Fidealis te responde","description":"La riqueza de las empresas se compone principalmente de su capacidad para crear, inventar y avanzar su oferta para destacarse de su competencia. Este capital, estas ideas, documentos confidenciales que posee, deben protegerse.","robots":{"index":"noindex","follow":"follow","max-snippet":"max-snippet:-1","max-image-preview":"max-image-preview:large","max-video-preview":"max-video-preview:-1"},"og_locale":"es_ES","og_type":"article","og_title":"\u00bfPor qu\u00e9 presentar un Copyright? Fidealis te responde","og_description":"La riqueza de las empresas se compone principalmente de su capacidad para crear, inventar y avanzar su oferta para destacarse de su competencia. Este capital, estas ideas, documentos confidenciales que posee, deben protegerse.","og_url":"https:\/\/beta.fidealis.com\/es\/propiedad-intelectual\/pourquoi-deposer\/","og_site_name":"Fidealis","article_publisher":"https:\/\/www.facebook.com\/Fidealis-573887362622849\/","article_modified_time":"2020-04-13T13:37:49+00:00","twitter_card":"summary_large_image","schema":{"@context":"https:\/\/schema.org","@graph":[{"@type":"WebPage","@id":"https:\/\/beta.fidealis.com\/es\/propiedad-intelectual\/pourquoi-deposer\/","url":"https:\/\/beta.fidealis.com\/es\/propiedad-intelectual\/pourquoi-deposer\/","name":"\u00bfPor qu\u00e9 presentar un Copyright? Fidealis te responde","isPartOf":{"@id":"https:\/\/beta.fidealis.com\/#website"},"datePublished":"2018-06-24T22:00:00+00:00","dateModified":"2020-04-13T13:37:49+00:00","description":"La riqueza de las empresas se compone principalmente de su capacidad para crear, inventar y avanzar su oferta para destacarse de su competencia. Este capital, estas ideas, documentos confidenciales que posee, deben protegerse.","breadcrumb":{"@id":"https:\/\/beta.fidealis.com\/es\/propiedad-intelectual\/pourquoi-deposer\/#breadcrumb"},"inLanguage":"es","potentialAction":[{"@type":"ReadAction","target":["https:\/\/beta.fidealis.com\/es\/propiedad-intelectual\/pourquoi-deposer\/"]}]},{"@type":"BreadcrumbList","@id":"https:\/\/beta.fidealis.com\/es\/propiedad-intelectual\/pourquoi-deposer\/#breadcrumb","itemListElement":[{"@type":"ListItem","position":1,"name":"Accueil","item":"https:\/\/beta.fidealis.com\/es\/"},{"@type":"ListItem","position":2,"name":"Propiedad intelectual","item":"https:\/\/beta.fidealis.com\/es\/propiedad-intelectual\/"},{"@type":"ListItem","position":3,"name":"Por qu\u00e9 depositar"}]},{"@type":"WebSite","@id":"https:\/\/beta.fidealis.com\/#website","url":"https:\/\/beta.fidealis.com\/","name":"Fidealis","description":"Fidealis: vous cr\u00e9ez, nous prot\u00e9geons.","publisher":{"@id":"https:\/\/beta.fidealis.com\/#organization"},"potentialAction":[{"@type":"SearchAction","target":{"@type":"EntryPoint","urlTemplate":"https:\/\/beta.fidealis.com\/?s={search_term_string}"},"query-input":"required name=search_term_string"}],"inLanguage":"es"},{"@type":"Organization","@id":"https:\/\/beta.fidealis.com\/#organization","name":"Fidealis","url":"https:\/\/beta.fidealis.com\/","logo":{"@type":"ImageObject","inLanguage":"es","@id":"https:\/\/beta.fidealis.com\/#\/schema\/logo\/image\/","url":"https:\/\/www.fidealis.com\/wp-content\/uploads\/2018\/04\/logo-fidealis.png","contentUrl":"https:\/\/www.fidealis.com\/wp-content\/uploads\/2018\/04\/logo-fidealis.png","width":525,"height":205,"caption":"Fidealis"},"image":{"@id":"https:\/\/beta.fidealis.com\/#\/schema\/logo\/image\/"},"sameAs":["https:\/\/www.facebook.com\/Fidealis-573887362622849\/"]}]}},"_links":{"self":[{"href":"https:\/\/beta.fidealis.com\/es\/wp-json\/wp\/v2\/pages\/15499"}],"collection":[{"href":"https:\/\/beta.fidealis.com\/es\/wp-json\/wp\/v2\/pages"}],"about":[{"href":"https:\/\/beta.fidealis.com\/es\/wp-json\/wp\/v2\/types\/page"}],"author":[{"embeddable":true,"href":"https:\/\/beta.fidealis.com\/es\/wp-json\/wp\/v2\/users\/1"}],"replies":[{"embeddable":true,"href":"https:\/\/beta.fidealis.com\/es\/wp-json\/wp\/v2\/comments?post=15499"}],"version-history":[{"count":1,"href":"https:\/\/beta.fidealis.com\/es\/wp-json\/wp\/v2\/pages\/15499\/revisions"}],"predecessor-version":[{"id":15896,"href":"https:\/\/beta.fidealis.com\/es\/wp-json\/wp\/v2\/pages\/15499\/revisions\/15896"}],"up":[{"embeddable":true,"href":"https:\/\/beta.fidealis.com\/es\/wp-json\/wp\/v2\/pages\/15485"}],"wp:attachment":[{"href":"https:\/\/beta.fidealis.com\/es\/wp-json\/wp\/v2\/media?parent=15499"}],"curies":[{"name":"wp","href":"https:\/\/api.w.org\/{rel}","templated":true}]}}