{"id":15500,"date":"2018-06-25T00:00:00","date_gmt":"2018-06-24T22:00:00","guid":{"rendered":"https:\/\/www.fidealis.com\/propriete-intellectuelle\/le-copyright\/qui-doit-deposer"},"modified":"2020-04-13T16:58:57","modified_gmt":"2020-04-13T14:58:57","slug":"qui-doit-deposer","status":"publish","type":"page","link":"https:\/\/beta.fidealis.com\/es\/propiedad-intelectual\/qui-doit-deposer\/","title":{"rendered":"\u00bfQui\u00e9n debe presentar?"},"content":{"rendered":"<section class=\"cover imagebg text-center section--ken-burns height-60\" data-overlay=\"4\">\n        <div class=\"background-image-holder\"><img alt=\"\" src=\"https:\/\/beta.fidealis.com\/wp-content\/uploads\/2018\/06\/929.jpg\"><\/div>\n        <div class=\"container pos-vertical-center\">\n            <div class=\"row\">\n                <div class=\"col-sm-8 col-md-8\">\n                    \n                        <h1 style=\"text-align: center;\">\u00bfQui\u00e9n debe presentar los derechos de autor ante un agente judicial?<\/h1>\n                    \n                <\/div>\n            <\/div>\n            <!--end of row-->\n        <\/div>\n        <!--end of container-->\n    <\/section>\n    <section class=\"space--xxs\">\n        <div class=\"container\">\n            <div class=\"row\">\n                <div class=\"cta cta--horizontal text-center-xs\">\n                    <div class=\"col-sm-4\">\n                        <h4>Su dep\u00f3sito a partir de 95\u20ac<\/h4>\n                    <\/div>\n                    <div class=\"col-sm-5\">\n                        <p class=\"lead\"> La mejor soluci\u00f3n en l\u00ednea para protegeros<\/p>\n                    <\/div>\n                    <div class=\"col-sm-3 text-right text-center-xs\">\n                        <a title=\"\" class=\"btn btn--primary type--uppercase\" href=\"https:\/\/beta.fidealis.com\/es\/qui-sommes-nous\/contactez-nous\/\" target=\"\" rel=\"\"> <span class=\"btn__text\">SOLICITUD DE CONTACTO<\/span> <\/a>\n                    <\/div>\n                <\/div>\n            <\/div>\n            <!--end of row-->\n        <\/div>\n        <!--end of container-->\n    <\/section>\n    <section class=\"space--sm bg--secondary\">\n        <div class=\"container\">\n            <div class=\"row\">\n                <div class=\"col-sm-12\">\n                    <p class=\"lead\">Todas las personas jur\u00eddicas o f\u00edsicas que producen documentos, creaciones, de los cuales deben marcar la anterioridad, demostrar sus derechos de autor y as\u00ed proteger su propiedad intelectual:<\/p>\n                <\/div>\n            <\/div>\n            <!--end of row-->\n        <\/div>\n        <!--end of container-->\n    <\/section>\n    <section class=\"text-center  bg--secondary\">\n        <div class=\"container\">\n            <div class=\"row\">\n                <div class=\"col-sm-6 col-md-3\">\n                    <div class=\"text-block\"> <i class=\"icon icon-Digital-Drawing icon--lg\"><\/i>\n                        \n                            <h4>Arquitectos<\/h4>\n                            <p>Planos, proyectos, ofertas<\/p>\n                        \n                    <\/div>\n                    <div class=\"text-block\"> <i class=\"icon icon-Folder-Network icon--lg\"><\/i>\n                        \n                            <h4>Audiencias<\/h4>\n                            <p>An\u00e1lisis,&nbsp;presentaciones, informes<\/p>\n                        \n                    <\/div>\n                    <div class=\"text-block\"> <i class=\"icon icon-Calculator-2 icon--lg\"><\/i>\n                        \n                            <h4>Contables&nbsp;<\/h4>\n                            <p>B\u00fasqueda y descubrimiento antes de la publicaci\u00f3n<\/p>\n                        \n                    <\/div>\n                    <div class=\"text-block\"> <i class=\"icon icon-Pen-6 icon--lg\"><\/i>\n                        \n                            <h4>Gr\u00e1ficos<\/h4>\n                            <p>Logotipos, cuadros gr\u00e1ficos&nbsp;<\/p>\n                        \n                    <\/div>\n                    <!--end feature-->\n                <\/div>\n                <div class=\"col-sm-6 col-md-3\">\n                    <div class=\"text-block\"> <i class=\"icon icon-Idea-4 icon--lg\"><\/i>\n                        \n                            <h4>Inventores<\/h4>\n                            <p>Invenciones antes de presentar una patente<\/p>\n                        \n                    <\/div>\n                    <div class=\"text-block\"> <i class=\"icon icon-Code-Window icon--lg\"><\/i>\n                        \n                            <h4>Programadores<\/h4>\n                            <p>Fuentes de programas, c\u00f3digos, scripts y software<\/p>\n                        \n                    <\/div>\n                    <div class=\"text-block\"> <i class=\"icon icon-File-Music icon--lg\"><\/i>\n                        \n                            <h4>M\u00fasicos&nbsp;<\/h4>\n                            <p>Melod\u00edas, acordes, particiones, concatenaci\u00f3n&nbsp;<\/p>\n                        \n                    <\/div>\n                    <!--end feature-->\n                <\/div>\n                <div class=\"col-sm-6 col-md-3\">\n                    <div class=\"text-block\"> <i class=\"icon icon-Pantheon icon--lg\"><\/i>\n                        \n                            <h4>Abogados<\/h4>\n                            <p>Intercambios, conclusiones, s\u00edntesis.<\/p>\n                        \n                    <\/div>\n                    <div class=\"text-block\"> <i class=\"icon icon-Microscope icon--lg\"><\/i>\n                        \n                            <h4>Investigadores<\/h4>\n                            <p>B\u00fasqueda y descubrimiento antes de la publicaci\u00f3n<\/p>\n                        \n                    <\/div>\n                    <div class=\"text-block\"> <i class=\"icon icon-Notepad icon--lg\"><\/i>\n                        \n                            <h4>Publicidad<\/h4>\n                            <p>Plan de marketing, plan de media, eslogan, proyectos de marca<\/p>\n                        \n                    <\/div>\n                    <!--end feature-->\n                <\/div>\n                <div class=\"col-sm-6 col-md-3\">\n                    <div class=\"text-block\"> <i class=\"icon icon-Pencil-Ruler icon--lg\"><\/i>\n                        \n                            <h4>Dise\u00f1adores<\/h4>\n                            <p>Dise\u00f1os, PAO, CAO, Copyright<\/p>\n                        \n                    <\/div>\n                    <div class=\"text-block\"> <i class=\"icon icon-Clothing-Store icon--lg\"><\/i>\n                        \n                            <h4>Estilistas&nbsp;&nbsp;<\/h4>\n                            <p>Dibujos, dise\u00f1os, modelos, bocetos, patrones<\/p>\n                        \n                    <\/div>\n                    <div class=\"text-block\"> <i class=\"icon icon-Camera-5 icon--lg\"><\/i>\n                        \n                            <h4>Fot\u00f3grafos&nbsp;<\/h4>\n                            <p>Fotograf\u00edas num\u00e9ricas o numeradas, negativos.&nbsp;<\/p>\n                        \n                    <\/div>\n                    <!--end feature-->\n                <\/div>\n            <\/div>\n            <!--end of row-->\n        <\/div>\n        <!--end of container-->\n    <\/section>\n    <section>\n        <div class=\"container\">\n            <div class=\"row\">\n                <div class=\"col-md-4\">\n                    <div class=\"text-block\">\n                        <h4>\u00bfQu\u00e9 formatos se aceptan?<\/h4>\n                    <\/div>\n                <\/div>\n                <div class=\"col-md-4\">\n                    <div class=\"text-block\">\n                        <h5>Textos<\/h5>\n                        <p>Word\u00ae ( .doc), pdf(Adobe\u00ae) .rtf, .txt, .asc, .mcw (Mac\u00ae),.wps (Works\u00ae)<\/p>\n                    <\/div>\n                    <div class=\"text-block\">\n                        <h5>Ejecutables<\/h5>\n                        <p>.exe, Zip o Rar<\/p>\n                    <\/div>\n                    <div class=\"text-block\">\n                        <h5>P\u00e1ginas web<\/h5>\n                        <p>PHP, HTML, Zip o Rar<\/p>\n                    <\/div>\n                <\/div>\n                <div class=\"col-md-4\">\n                    <div class=\"text-block\">\n                        <h5>Im\u00e1genes&nbsp;<\/h5>\n                        <p>jpeg, jpg, gif, tiff, eps, dcx, pcx, wif, xif, bmp, png, art..<\/p>\n                    <\/div>\n                    <div class=\"text-block\">\n                        <h5>Multim\u00e9dia<\/h5>\n                        <p>Todos los clips , v\u00eddeos y :sons wav. (quicktime\u00ae ), mp3, midi, ra (real Player\u00ae), Swf ( Flash ), mpeg4<\/p>\n                    <\/div>\n                <\/div>\n            <\/div>\n            <!--end of row-->\n        <\/div>\n        <!--end of container-->\n    <\/section>\n    <section class=\"space--xs\">\n        <div class=\"container\">\n            <div class=\"row\">\n                <div class=\"col-sm-6\">\n                    <h4>\u00bfQu\u00e9 tama\u00f1o de documento es posible?<\/h4>\n                    <p class=\"lead\">Para el procesamiento en l\u00ednea, encontramos que solo los archivos de menos de 1 MB se procesan en un per\u00edodo de tiempo razonable<\/p>\n                    <p>Para archivos muy grandes, nuestros clientes tienen la costumbre de enviarnos un CD grabado por correo y lo tratamos en la sede, sin costo adicional.<\/p>\n                <\/div>\n                <div class=\"col-sm-6\">\n                    <div class=\"boxed boxed--lg boxed--border bg--secondary\">\n                        <h5>Bueno saber<\/h5>\n                        <p>Para archivos muy grandes, nuestros clientes tienen la costumbre de enviarnos un CD grabado por correo y lo tratamos en la sede, sin costo adicional.<\/p>\n                    <\/div>\n                <\/div>\n            <\/div>\n            <!--end of row-->\n        <\/div>\n        <!--end of container-->\n    <\/section>\n    <section class=\"text-center unpad--bottom switchable cta cta-3  switchable--switch bg--secondary\">\n        <div class=\"container\">\n            <div class=\"row\">\n                <div class=\"col-sm-6 col-md-6\">\n                    <div class=\"switchable__text\">\n                        \n                            <h2>Est\u00e9 tranquilo con la soluci\u00f3n de Fidealis<\/h2>\n                            <p class=\"lead\">La soluci\u00f3n pionera en la protecci\u00f3n de dise\u00f1os y colecciones, que re\u00fane las tecnolog\u00edas de la firma electr\u00f3nica, la marca de tiempo y blockchain. Sus creaciones se certifican instant\u00e1neamente y se archivan en paralelo con el agente judicial.<\/p>\n                        \n                        <a title=\"\" class=\"btn btn--primary type--uppercase inner-link\" href=\"https:\/\/beta.fidealis.com\/es\/inscription\" target=\"_blank\" rel=\"noopener\"> <span class=\"btn__text\">                            INSCRIBIRSE GRATUITAMENTE<\/span><span class=\"label\">sIN tc<\/span> <\/a>\n                    <\/div>\n                <\/div>\n                <div class=\"col-sm-6 col-md-5\"> <img class=\"block\" alt=\"solution de d\u00e9p\u00f4t et copyright qui doit d\u00e9poser ?\" src=\"https:\/\/beta.fidealis.com\/wp-content\/uploads\/2018\/08\/qui-doit-deposer-en-ligne.png\"> <\/div>\n            <\/div>\n            <!--end of row-->\n        <\/div>\n        <!--end of container-->\n    <\/section>","protected":false},"excerpt":{"rendered":"<p>\u00bfQui\u00e9n debe presentar los derechos de autor ante un agente judicial? Su dep\u00f3sito a partir de 95\u20ac La mejor soluci\u00f3n en l\u00ednea&#8230;<\/p>\n","protected":false},"author":1,"featured_media":0,"parent":15485,"menu_order":0,"comment_status":"closed","ping_status":"closed","template":"","meta":{"_joinchat":[]},"yoast_head":"<!-- This site is optimized with the Yoast SEO plugin v20.3 - https:\/\/yoast.com\/wordpress\/plugins\/seo\/ -->\n<title>Propiedad intelectual: \u00bfQui\u00e9n debe depositar un Copyright?<\/title>\n<meta name=\"description\" content=\"Todas las personas jur\u00eddicas o f\u00edsicas que producen documentos, creaciones, de los cuales deben marcar la precedencia, demostrar sus derechos de autor y, por lo tanto, proteger su propiedad intelectual:\" \/>\n<meta name=\"robots\" content=\"noindex, follow, max-snippet:-1, max-image-preview:large, max-video-preview:-1\" \/>\n<meta property=\"og:locale\" content=\"es_ES\" \/>\n<meta property=\"og:type\" content=\"article\" \/>\n<meta property=\"og:title\" content=\"Propiedad intelectual: \u00bfQui\u00e9n debe depositar un Copyright?\" \/>\n<meta property=\"og:description\" content=\"Todas las personas jur\u00eddicas o f\u00edsicas que producen documentos, creaciones, de los cuales deben marcar la precedencia, demostrar sus derechos de autor y, por lo tanto, proteger su propiedad intelectual:\" \/>\n<meta property=\"og:url\" content=\"https:\/\/beta.fidealis.com\/es\/propiedad-intelectual\/qui-doit-deposer\/\" \/>\n<meta property=\"og:site_name\" content=\"Fidealis\" \/>\n<meta property=\"article:publisher\" content=\"https:\/\/www.facebook.com\/Fidealis-573887362622849\/\" \/>\n<meta property=\"article:modified_time\" content=\"2020-04-13T14:58:57+00:00\" \/>\n<meta name=\"twitter:card\" content=\"summary_large_image\" \/>\n<script type=\"application\/ld+json\" class=\"yoast-schema-graph\">{\"@context\":\"https:\/\/schema.org\",\"@graph\":[{\"@type\":\"WebPage\",\"@id\":\"https:\/\/beta.fidealis.com\/es\/propiedad-intelectual\/qui-doit-deposer\/\",\"url\":\"https:\/\/beta.fidealis.com\/es\/propiedad-intelectual\/qui-doit-deposer\/\",\"name\":\"Propiedad intelectual: \u00bfQui\u00e9n debe depositar un Copyright?\",\"isPartOf\":{\"@id\":\"https:\/\/beta.fidealis.com\/#website\"},\"datePublished\":\"2018-06-24T22:00:00+00:00\",\"dateModified\":\"2020-04-13T14:58:57+00:00\",\"description\":\"Todas las personas jur\u00eddicas o f\u00edsicas que producen documentos, creaciones, de los cuales deben marcar la precedencia, demostrar sus derechos de autor y, por lo tanto, proteger su propiedad intelectual:\",\"breadcrumb\":{\"@id\":\"https:\/\/beta.fidealis.com\/es\/propiedad-intelectual\/qui-doit-deposer\/#breadcrumb\"},\"inLanguage\":\"es\",\"potentialAction\":[{\"@type\":\"ReadAction\",\"target\":[\"https:\/\/beta.fidealis.com\/es\/propiedad-intelectual\/qui-doit-deposer\/\"]}]},{\"@type\":\"BreadcrumbList\",\"@id\":\"https:\/\/beta.fidealis.com\/es\/propiedad-intelectual\/qui-doit-deposer\/#breadcrumb\",\"itemListElement\":[{\"@type\":\"ListItem\",\"position\":1,\"name\":\"Accueil\",\"item\":\"https:\/\/beta.fidealis.com\/es\/\"},{\"@type\":\"ListItem\",\"position\":2,\"name\":\"Propiedad intelectual\",\"item\":\"https:\/\/beta.fidealis.com\/es\/propiedad-intelectual\/\"},{\"@type\":\"ListItem\",\"position\":3,\"name\":\"\u00bfQui\u00e9n debe presentar?\"}]},{\"@type\":\"WebSite\",\"@id\":\"https:\/\/beta.fidealis.com\/#website\",\"url\":\"https:\/\/beta.fidealis.com\/\",\"name\":\"Fidealis\",\"description\":\"Fidealis: vous cr\u00e9ez, nous prot\u00e9geons.\",\"publisher\":{\"@id\":\"https:\/\/beta.fidealis.com\/#organization\"},\"potentialAction\":[{\"@type\":\"SearchAction\",\"target\":{\"@type\":\"EntryPoint\",\"urlTemplate\":\"https:\/\/beta.fidealis.com\/?s={search_term_string}\"},\"query-input\":\"required name=search_term_string\"}],\"inLanguage\":\"es\"},{\"@type\":\"Organization\",\"@id\":\"https:\/\/beta.fidealis.com\/#organization\",\"name\":\"Fidealis\",\"url\":\"https:\/\/beta.fidealis.com\/\",\"logo\":{\"@type\":\"ImageObject\",\"inLanguage\":\"es\",\"@id\":\"https:\/\/beta.fidealis.com\/#\/schema\/logo\/image\/\",\"url\":\"https:\/\/www.fidealis.com\/wp-content\/uploads\/2018\/04\/logo-fidealis.png\",\"contentUrl\":\"https:\/\/www.fidealis.com\/wp-content\/uploads\/2018\/04\/logo-fidealis.png\",\"width\":525,\"height\":205,\"caption\":\"Fidealis\"},\"image\":{\"@id\":\"https:\/\/beta.fidealis.com\/#\/schema\/logo\/image\/\"},\"sameAs\":[\"https:\/\/www.facebook.com\/Fidealis-573887362622849\/\"]}]}<\/script>\n<!-- \/ Yoast SEO plugin. -->","yoast_head_json":{"title":"Propiedad intelectual: \u00bfQui\u00e9n debe depositar un Copyright?","description":"Todas las personas jur\u00eddicas o f\u00edsicas que producen documentos, creaciones, de los cuales deben marcar la precedencia, demostrar sus derechos de autor y, por lo tanto, proteger su propiedad intelectual:","robots":{"index":"noindex","follow":"follow","max-snippet":"max-snippet:-1","max-image-preview":"max-image-preview:large","max-video-preview":"max-video-preview:-1"},"og_locale":"es_ES","og_type":"article","og_title":"Propiedad intelectual: \u00bfQui\u00e9n debe depositar un Copyright?","og_description":"Todas las personas jur\u00eddicas o f\u00edsicas que producen documentos, creaciones, de los cuales deben marcar la precedencia, demostrar sus derechos de autor y, por lo tanto, proteger su propiedad intelectual:","og_url":"https:\/\/beta.fidealis.com\/es\/propiedad-intelectual\/qui-doit-deposer\/","og_site_name":"Fidealis","article_publisher":"https:\/\/www.facebook.com\/Fidealis-573887362622849\/","article_modified_time":"2020-04-13T14:58:57+00:00","twitter_card":"summary_large_image","schema":{"@context":"https:\/\/schema.org","@graph":[{"@type":"WebPage","@id":"https:\/\/beta.fidealis.com\/es\/propiedad-intelectual\/qui-doit-deposer\/","url":"https:\/\/beta.fidealis.com\/es\/propiedad-intelectual\/qui-doit-deposer\/","name":"Propiedad intelectual: \u00bfQui\u00e9n debe depositar un Copyright?","isPartOf":{"@id":"https:\/\/beta.fidealis.com\/#website"},"datePublished":"2018-06-24T22:00:00+00:00","dateModified":"2020-04-13T14:58:57+00:00","description":"Todas las personas jur\u00eddicas o f\u00edsicas que producen documentos, creaciones, de los cuales deben marcar la precedencia, demostrar sus derechos de autor y, por lo tanto, proteger su propiedad intelectual:","breadcrumb":{"@id":"https:\/\/beta.fidealis.com\/es\/propiedad-intelectual\/qui-doit-deposer\/#breadcrumb"},"inLanguage":"es","potentialAction":[{"@type":"ReadAction","target":["https:\/\/beta.fidealis.com\/es\/propiedad-intelectual\/qui-doit-deposer\/"]}]},{"@type":"BreadcrumbList","@id":"https:\/\/beta.fidealis.com\/es\/propiedad-intelectual\/qui-doit-deposer\/#breadcrumb","itemListElement":[{"@type":"ListItem","position":1,"name":"Accueil","item":"https:\/\/beta.fidealis.com\/es\/"},{"@type":"ListItem","position":2,"name":"Propiedad intelectual","item":"https:\/\/beta.fidealis.com\/es\/propiedad-intelectual\/"},{"@type":"ListItem","position":3,"name":"\u00bfQui\u00e9n debe presentar?"}]},{"@type":"WebSite","@id":"https:\/\/beta.fidealis.com\/#website","url":"https:\/\/beta.fidealis.com\/","name":"Fidealis","description":"Fidealis: vous cr\u00e9ez, nous prot\u00e9geons.","publisher":{"@id":"https:\/\/beta.fidealis.com\/#organization"},"potentialAction":[{"@type":"SearchAction","target":{"@type":"EntryPoint","urlTemplate":"https:\/\/beta.fidealis.com\/?s={search_term_string}"},"query-input":"required name=search_term_string"}],"inLanguage":"es"},{"@type":"Organization","@id":"https:\/\/beta.fidealis.com\/#organization","name":"Fidealis","url":"https:\/\/beta.fidealis.com\/","logo":{"@type":"ImageObject","inLanguage":"es","@id":"https:\/\/beta.fidealis.com\/#\/schema\/logo\/image\/","url":"https:\/\/www.fidealis.com\/wp-content\/uploads\/2018\/04\/logo-fidealis.png","contentUrl":"https:\/\/www.fidealis.com\/wp-content\/uploads\/2018\/04\/logo-fidealis.png","width":525,"height":205,"caption":"Fidealis"},"image":{"@id":"https:\/\/beta.fidealis.com\/#\/schema\/logo\/image\/"},"sameAs":["https:\/\/www.facebook.com\/Fidealis-573887362622849\/"]}]}},"_links":{"self":[{"href":"https:\/\/beta.fidealis.com\/es\/wp-json\/wp\/v2\/pages\/15500"}],"collection":[{"href":"https:\/\/beta.fidealis.com\/es\/wp-json\/wp\/v2\/pages"}],"about":[{"href":"https:\/\/beta.fidealis.com\/es\/wp-json\/wp\/v2\/types\/page"}],"author":[{"embeddable":true,"href":"https:\/\/beta.fidealis.com\/es\/wp-json\/wp\/v2\/users\/1"}],"replies":[{"embeddable":true,"href":"https:\/\/beta.fidealis.com\/es\/wp-json\/wp\/v2\/comments?post=15500"}],"version-history":[{"count":2,"href":"https:\/\/beta.fidealis.com\/es\/wp-json\/wp\/v2\/pages\/15500\/revisions"}],"predecessor-version":[{"id":15983,"href":"https:\/\/beta.fidealis.com\/es\/wp-json\/wp\/v2\/pages\/15500\/revisions\/15983"}],"up":[{"embeddable":true,"href":"https:\/\/beta.fidealis.com\/es\/wp-json\/wp\/v2\/pages\/15485"}],"wp:attachment":[{"href":"https:\/\/beta.fidealis.com\/es\/wp-json\/wp\/v2\/media?parent=15500"}],"curies":[{"name":"wp","href":"https:\/\/api.w.org\/{rel}","templated":true}]}}