{"id":15503,"date":"2019-01-28T00:00:00","date_gmt":"2019-01-27T23:00:00","guid":{"rendered":"https:\/\/www.fidealis.com\/mentions-legales"},"modified":"2020-04-13T17:36:44","modified_gmt":"2020-04-13T15:36:44","slug":"notas-legales","status":"publish","type":"page","link":"https:\/\/beta.fidealis.com\/es\/notas-legales\/","title":{"rendered":"notas legales"},"content":{"rendered":"<section class=\"imagebg text-center\" data-overlay=\"4\">\n        <div class=\"background-image-holder\"> <img alt=\"\" src=\"https:\/\/beta.fidealis.com\/wp-content\/uploads\/2018\/05\/650.jpg\"> <\/div>\n        <div class=\"container\">\n            <div class=\"row\">\n                <div class=\"col-sm-8 col-md-6\">\n                    <div class=\"cta\">\n                        \n                            <h1>Notas legales<\/h1>\n                        \n                    <\/div>\n                <\/div>\n            <\/div>\n            <!--end of row-->\n        <\/div>\n        <!--end of container-->\n    <\/section>\n    <section class=\"text-justify space--xs\">\n        <div class=\"container\">\n            <div class=\"row\">\n                <div class=\"col-sm-12\">\n                    <p>Conforme con lo dispuesto en los art\u00edculos 6-III y 19 de la Ley N \u00b0 2004-575 de 21 de junio de 2004 para la confianza en la econom\u00eda digital, conocida como LCEN, se se\u00f1ala a la atenci\u00f3n de los usuarios y visitantes del sitio fidealis.com el presente avisos legales.<br>Se puede acceder al sitio fidealis.com en la siguiente direcci\u00f3n: www.fidealis.com (en adelante \"el Sitio\"). El acceso y uso del Sitio est\u00e1n sujetos a los siguientes \"Avisos legales\" detallados a continuaci\u00f3n y a las leyes y \/ o regulaciones aplicables.<br>La conexi\u00f3n, el uso y el acceso a este Sitio implican la aceptaci\u00f3n plena y sin reservas del usuario de todas las disposiciones de estos T\u00e9rminos legales.<\/p>\n                    <h2>ART\u00cdCULO 1 - INFORMACI\u00d3N LEGAL<\/h2>\n                    <p>En virtud del art\u00edculo 6 de la Ley N\u00ba 2004-575, de 21 de junio de 2004, sobre la confianza en la econom\u00eda digital, se especifica en este art\u00edculo la identidad de los diversos interesados como parte de su implementaci\u00f3n y monitoreo .<\/p>\n                    <p>El sitio web www.fidealis.com es publicado por:<br>\u2022 FIDEALIS SAS<br>\u2022 Sede: 320 rue Saint HONORE 75001 PARIS<br>\u2022 Registro: RCS PARIS 439177144.<br>\u2022 Direcci\u00f3n de correo electr\u00f3nico: contact@fidealis.com<\/p>\n                    <p>El sitio web www.fidealis.com est\u00e1 alojado por: OVH<br>Con sede en la siguiente direcci\u00f3n: 2 rue Kellermann 59100 Roubaix<br>Tel\u00e9fono: +33 (0) 3 20 830 866<\/p>\n                    <p>Todos los usuarios que navegan, leen, ven y usan el sitio web fidealis.com se consideran usuarios.<\/p>\n                    <h2>ART\u00cdCULO 2 - ACCESIBILIDAD<\/h2>\n                    <p>El sitio es en principio accesible para los usuarios 24 \/ 24h y 7 \/ 7d, excepto la interrupci\u00f3n, programada o no, por necesidades de mantenimiento o en caso de fuerza mayor.<br>En caso de imposibilidad de acceso al Sitio, este se compromete a hacer todo lo posible para restablecer el acceso. El Sitio no se hace responsable de ning\u00fan da\u00f1o, sea cual sea su naturaleza, resultante de su no disponibilidad.<\/p>\n                    <h2>ART\u00cdCULO 3 - RECOPILACI\u00d3N DE DATOS Y LEY Y LIBERTADES DE LA COMPUTADORA<\/h2>\n                    <p>El sitio fidealis.com est\u00e1 de acuerdo con las disposiciones de la Ley 78-17 del 6 de enero de 1978 sobre datos, archivos y libertades. Seg\u00fan este acuerdo, el Usuario se beneficia del derecho a oponerse (Art\u00edculos 32 y 38), acceso (Art\u00edculos 38 y 39) y rectificaci\u00f3n (Art\u00edculo 40) de sus datos.<br>Para usarlo, el Usuario debe contactar al Editor contact\u00e1ndolo en la siguiente direcci\u00f3n: contact@fidealis.com, o por correo dirigido a la casa del Editor especificando su nombre, nombre (s), direcci\u00f3n y direcci\u00f3n (es) de correo electr\u00f3nico.<\/p>\n                    <h2>ART\u00cdCULO 4 - POL\u00cdTICA DE COOKIES<\/h2>\n                    <p>El sitio web www.fidealis.com puede utilizar t\u00e9cnicas de \"cookies\" para procesar estad\u00edsticas de tr\u00e1fico e informaci\u00f3n, facilitar la navegaci\u00f3n y mejorar el servicio para la conveniencia del Usuario.<br>De acuerdo con la legislaci\u00f3n europea, fidealis.com ha actualizado su pol\u00edtica de privacidad de cookies. El usuario es libre de aceptar o rechazar cookies de cualquier sitio de internet modificando los par\u00e1metros de su navegador de internet.<\/p>\n                    <h2>ART\u00cdCULO 5 - LEY APLICABLE Y JURISDICCI\u00d3N<\/h2>\n                    <p>Estas menciones legales se rigen por la ley francesa. En caso de disputa y en ausencia de un acuerdo amistoso, la disputa ser\u00e1 llevada ante los tribunales franceses de conformidad con las normas de jurisdicci\u00f3n vigentes.<\/p>\n                    <h2>ART\u00cdCULO 6 - CONTACTO<\/h2>\n                    <p>Para cualquier informe de contenido o actividades ilegales, el Usuario puede contactar al Editor en la siguiente direcci\u00f3n: webmaster@fidealis.com, o por correo certificado con acuse de recibo dirigido al Editor en las coordenadas especificadas en el presente notas legales.<\/p>\n                    <p>\u00a1El sitio web www.fidealis.com le desea una excelente navegaci\u00f3n!<\/p>\n                <\/div>\n            <\/div>\n            <!--end of row-->\n        <\/div>\n        <!--end of container-->\n    <\/section>","protected":false},"excerpt":{"rendered":"<p>Notas legales Conforme con lo dispuesto en los art\u00edculos 6-III y 19 de la Ley N \u00b0 2004-575 de 21 de junio&#8230;<\/p>\n","protected":false},"author":1,"featured_media":0,"parent":0,"menu_order":0,"comment_status":"closed","ping_status":"closed","template":"","meta":{"_joinchat":[]},"yoast_head":"<!-- This site is optimized with the Yoast SEO plugin v20.3 - https:\/\/yoast.com\/wordpress\/plugins\/seo\/ -->\n<title>notas legales - Fidealis<\/title>\n<meta name=\"robots\" content=\"noindex, follow, max-snippet:-1, max-image-preview:large, max-video-preview:-1\" \/>\n<meta property=\"og:locale\" content=\"es_ES\" \/>\n<meta property=\"og:type\" content=\"article\" \/>\n<meta property=\"og:title\" content=\"notas legales - Fidealis\" \/>\n<meta property=\"og:description\" content=\"Notas legales Conforme con lo dispuesto en los art\u00edculos 6-III y 19 de la Ley N \u00b0 2004-575 de 21 de junio...\" \/>\n<meta property=\"og:url\" content=\"https:\/\/beta.fidealis.com\/es\/notas-legales\/\" \/>\n<meta property=\"og:site_name\" content=\"Fidealis\" \/>\n<meta property=\"article:publisher\" content=\"https:\/\/www.facebook.com\/Fidealis-573887362622849\/\" \/>\n<meta property=\"article:modified_time\" content=\"2020-04-13T15:36:44+00:00\" \/>\n<meta name=\"twitter:card\" content=\"summary_large_image\" \/>\n<script type=\"application\/ld+json\" class=\"yoast-schema-graph\">{\"@context\":\"https:\/\/schema.org\",\"@graph\":[{\"@type\":\"WebPage\",\"@id\":\"https:\/\/beta.fidealis.com\/es\/notas-legales\/\",\"url\":\"https:\/\/beta.fidealis.com\/es\/notas-legales\/\",\"name\":\"notas legales - Fidealis\",\"isPartOf\":{\"@id\":\"https:\/\/beta.fidealis.com\/#website\"},\"datePublished\":\"2019-01-27T23:00:00+00:00\",\"dateModified\":\"2020-04-13T15:36:44+00:00\",\"breadcrumb\":{\"@id\":\"https:\/\/beta.fidealis.com\/es\/notas-legales\/#breadcrumb\"},\"inLanguage\":\"es\",\"potentialAction\":[{\"@type\":\"ReadAction\",\"target\":[\"https:\/\/beta.fidealis.com\/es\/notas-legales\/\"]}]},{\"@type\":\"BreadcrumbList\",\"@id\":\"https:\/\/beta.fidealis.com\/es\/notas-legales\/#breadcrumb\",\"itemListElement\":[{\"@type\":\"ListItem\",\"position\":1,\"name\":\"Accueil\",\"item\":\"https:\/\/beta.fidealis.com\/es\/\"},{\"@type\":\"ListItem\",\"position\":2,\"name\":\"notas legales\"}]},{\"@type\":\"WebSite\",\"@id\":\"https:\/\/beta.fidealis.com\/#website\",\"url\":\"https:\/\/beta.fidealis.com\/\",\"name\":\"Fidealis\",\"description\":\"Fidealis: vous cr\u00e9ez, nous prot\u00e9geons.\",\"publisher\":{\"@id\":\"https:\/\/beta.fidealis.com\/#organization\"},\"potentialAction\":[{\"@type\":\"SearchAction\",\"target\":{\"@type\":\"EntryPoint\",\"urlTemplate\":\"https:\/\/beta.fidealis.com\/?s={search_term_string}\"},\"query-input\":\"required name=search_term_string\"}],\"inLanguage\":\"es\"},{\"@type\":\"Organization\",\"@id\":\"https:\/\/beta.fidealis.com\/#organization\",\"name\":\"Fidealis\",\"url\":\"https:\/\/beta.fidealis.com\/\",\"logo\":{\"@type\":\"ImageObject\",\"inLanguage\":\"es\",\"@id\":\"https:\/\/beta.fidealis.com\/#\/schema\/logo\/image\/\",\"url\":\"https:\/\/www.fidealis.com\/wp-content\/uploads\/2018\/04\/logo-fidealis.png\",\"contentUrl\":\"https:\/\/www.fidealis.com\/wp-content\/uploads\/2018\/04\/logo-fidealis.png\",\"width\":525,\"height\":205,\"caption\":\"Fidealis\"},\"image\":{\"@id\":\"https:\/\/beta.fidealis.com\/#\/schema\/logo\/image\/\"},\"sameAs\":[\"https:\/\/www.facebook.com\/Fidealis-573887362622849\/\"]}]}<\/script>\n<!-- \/ Yoast SEO plugin. -->","yoast_head_json":{"title":"notas legales - Fidealis","robots":{"index":"noindex","follow":"follow","max-snippet":"max-snippet:-1","max-image-preview":"max-image-preview:large","max-video-preview":"max-video-preview:-1"},"og_locale":"es_ES","og_type":"article","og_title":"notas legales - Fidealis","og_description":"Notas legales Conforme con lo dispuesto en los art\u00edculos 6-III y 19 de la Ley N \u00b0 2004-575 de 21 de junio...","og_url":"https:\/\/beta.fidealis.com\/es\/notas-legales\/","og_site_name":"Fidealis","article_publisher":"https:\/\/www.facebook.com\/Fidealis-573887362622849\/","article_modified_time":"2020-04-13T15:36:44+00:00","twitter_card":"summary_large_image","schema":{"@context":"https:\/\/schema.org","@graph":[{"@type":"WebPage","@id":"https:\/\/beta.fidealis.com\/es\/notas-legales\/","url":"https:\/\/beta.fidealis.com\/es\/notas-legales\/","name":"notas legales - Fidealis","isPartOf":{"@id":"https:\/\/beta.fidealis.com\/#website"},"datePublished":"2019-01-27T23:00:00+00:00","dateModified":"2020-04-13T15:36:44+00:00","breadcrumb":{"@id":"https:\/\/beta.fidealis.com\/es\/notas-legales\/#breadcrumb"},"inLanguage":"es","potentialAction":[{"@type":"ReadAction","target":["https:\/\/beta.fidealis.com\/es\/notas-legales\/"]}]},{"@type":"BreadcrumbList","@id":"https:\/\/beta.fidealis.com\/es\/notas-legales\/#breadcrumb","itemListElement":[{"@type":"ListItem","position":1,"name":"Accueil","item":"https:\/\/beta.fidealis.com\/es\/"},{"@type":"ListItem","position":2,"name":"notas legales"}]},{"@type":"WebSite","@id":"https:\/\/beta.fidealis.com\/#website","url":"https:\/\/beta.fidealis.com\/","name":"Fidealis","description":"Fidealis: vous cr\u00e9ez, nous prot\u00e9geons.","publisher":{"@id":"https:\/\/beta.fidealis.com\/#organization"},"potentialAction":[{"@type":"SearchAction","target":{"@type":"EntryPoint","urlTemplate":"https:\/\/beta.fidealis.com\/?s={search_term_string}"},"query-input":"required name=search_term_string"}],"inLanguage":"es"},{"@type":"Organization","@id":"https:\/\/beta.fidealis.com\/#organization","name":"Fidealis","url":"https:\/\/beta.fidealis.com\/","logo":{"@type":"ImageObject","inLanguage":"es","@id":"https:\/\/beta.fidealis.com\/#\/schema\/logo\/image\/","url":"https:\/\/www.fidealis.com\/wp-content\/uploads\/2018\/04\/logo-fidealis.png","contentUrl":"https:\/\/www.fidealis.com\/wp-content\/uploads\/2018\/04\/logo-fidealis.png","width":525,"height":205,"caption":"Fidealis"},"image":{"@id":"https:\/\/beta.fidealis.com\/#\/schema\/logo\/image\/"},"sameAs":["https:\/\/www.facebook.com\/Fidealis-573887362622849\/"]}]}},"_links":{"self":[{"href":"https:\/\/beta.fidealis.com\/es\/wp-json\/wp\/v2\/pages\/15503"}],"collection":[{"href":"https:\/\/beta.fidealis.com\/es\/wp-json\/wp\/v2\/pages"}],"about":[{"href":"https:\/\/beta.fidealis.com\/es\/wp-json\/wp\/v2\/types\/page"}],"author":[{"embeddable":true,"href":"https:\/\/beta.fidealis.com\/es\/wp-json\/wp\/v2\/users\/1"}],"replies":[{"embeddable":true,"href":"https:\/\/beta.fidealis.com\/es\/wp-json\/wp\/v2\/comments?post=15503"}],"version-history":[{"count":3,"href":"https:\/\/beta.fidealis.com\/es\/wp-json\/wp\/v2\/pages\/15503\/revisions"}],"predecessor-version":[{"id":16009,"href":"https:\/\/beta.fidealis.com\/es\/wp-json\/wp\/v2\/pages\/15503\/revisions\/16009"}],"wp:attachment":[{"href":"https:\/\/beta.fidealis.com\/es\/wp-json\/wp\/v2\/media?parent=15503"}],"curies":[{"name":"wp","href":"https:\/\/api.w.org\/{rel}","templated":true}]}}