{"id":15504,"date":"2019-01-28T00:00:00","date_gmt":"2019-01-27T23:00:00","guid":{"rendered":"https:\/\/www.fidealis.com\/conditions-generales-de-vente"},"modified":"2020-04-13T16:45:26","modified_gmt":"2020-04-13T14:45:26","slug":"conditions-generales-de-vente","status":"publish","type":"page","link":"https:\/\/beta.fidealis.com\/es\/conditions-generales-de-vente\/","title":{"rendered":"condiciones generales de venta"},"content":{"rendered":"<section class=\"text-center imagebg\" data-overlay=\"4\">\n        <div class=\"background-image-holder\"> <img alt=\"entrepreneurs apprenez \u00e0 bien planifier votre temps\" src=\"https:\/\/beta.fidealis.com\/wp-content\/uploads\/2015\/07\/bien-planifier-son-temps.png\"> <\/div>\n        <div class=\"container\">\n            <div class=\"row\">\n                <div class=\"col-sm-8 col-md-6\">\n                    <div class=\"cta\">\n                        \n                            <h1>Condiciones generales de venta<\/h1>\n                        \n                    <\/div>\n                <\/div>\n            <\/div>\n            <!--end of row-->\n        <\/div>\n        <!--end of container-->\n    <\/section>\n    <section class=\"space--xs text-justify\">\n        <div class=\"container\">\n            <div class=\"row\">\n                <div class=\"col-sm-12\">\n                    <p>FIDEALIS ES UN TERCERO DE SELLADO DE TIEMPO QUE PERMITE PROPORCIONAR A SUS USUARIOS UNA EVIDENCIA DIGITAL INFALIFICABLE, ARCHIVADO 30 A\u00d1OS EN LA OFICINA DE JUSTICIA. ESTOS T\u00c9RMINOS SE ESTABLECEN PARA TODOS LOS SITIOS WEB Y SERVICIOS DEL GRUPO FIDEALIS.<\/p>\n                    <h2>ART\u00cdCULO 1: OBJETO<\/h2>\n                    <p>Cualquier pedido o compra de cualquiera de los servicios ofrecidos por SAS FIDEALIS registrado en el RCS de Par\u00eds con el n\u00famero 439 117 144 implica la aceptaci\u00f3n, sin reservas, por parte del cliente, y su total y total adhesi\u00f3n a las presentes condiciones generales de venta que prevalece sobre cualquier otro documento del comprador. Cualquier otro documento que no sea estas condiciones generales de venta, incluidos cat\u00e1logos, folletos, anuncios, avisos, es solo informativo e indicativo, no contractual.<\/p>\n                    <h2>ART\u00cdCULO 2 - DESCRIPCI\u00d3N DE LOS SERVICIOS DE DEP\u00d3SITO<\/h2>\n                    <p>La empresa FIDEALIS opera un sistema de sellado de tiempo electr\u00f3nico que permite conferir a cualquier archivo digital, cierta fecha, que tambi\u00e9n est\u00e1 certificada por un dep\u00f3sito completo, unitario y en tiempo real con un solo estudio de agente judicial.<\/p>\n                    <p>1- Desde el sitio www.fidealis.com, la empresa FIDEALIS ofrece un servicio de dep\u00f3sito digital certificado por un agente judicial de cualquier trabajo (dise\u00f1os, modelos, alegatos, textos, historias, palabras, fotograf\u00edas,), que constituye un medio de prueba de paternidad y el establecimiento de la fecha determinada para esta creaci\u00f3n. FIDEALIS.com es, por lo tanto, un servicio que permite establecer un medio de prueba de anterioridad relacionado con la existencia cierta en un momento dado de un archivo digital.<\/p>\n                    <p>2- Desde el sitio web www.depotjeux.com, la empresa FIDEALIS ofrece diversos servicios relacionados con juegos y competiciones.<br>Dependiendo de la oferta elegida, FIDEALIS ser\u00e1 responsable del dep\u00f3sito del agente judicial y la publicaci\u00f3n de las reglas de la competencia (DJC-AP) o la redacci\u00f3n, presentaci\u00f3n y publicaci\u00f3n de las reglas de la competencia (RDJC-AP).<\/p>\n                    <p>3- Desde el sitio web www.registrergpd.com, la empresa FIDEALIS ofrece un servicio de dep\u00f3sito digital certificado por el agente judicial un registro de tratamientos, que constituye un medio de prueba para todos los elementos, eventos y tratamientos con respecto a obligaciones de cumplimiento del Reglamento General de Protecci\u00f3n de Datos (GDPR) y el establecimiento de la fecha determinada y un sello digital. Registrergpd.com es un servicio cuyos usos, accesos y extracciones est\u00e1n dedicados a las personas interesadas, dentro de la empresa u organizaci\u00f3n, en el procesamiento o acceso a datos personales.<\/p>\n                    <h2>ART\u00cdCULO 3 - SUSCRIPCI\u00d3N A LOS SERVICIOS DE DEP\u00d3SITO DE FIDEALIS<\/h2>\n                    <p>Los servicios de dep\u00f3sito ofrecidos por la empresa FIDEALIS se comercializan en forma de paquetes vinculados a unidades llamados \"tokens\", anuales o unitarios. Cada token le da derecho al dep\u00f3sito (registro sellado certificado) de un archivo digital o informaci\u00f3n que se insertar\u00e1 directamente en la interfaz del sitio al que se ha suscrito el cliente (Fidealis.com o depotjeux.com o RDGPD.com).<\/p>\n                    <p>Los paquetes anuales son v\u00e1lidos por un a\u00f1o a partir de la fecha de firma del contrato. Los tokens no utilizados durante el a\u00f1o de suscripci\u00f3n se pierden permanentemente y no se pueden transferir al a\u00f1o siguiente, ya sea que el contrato se renueve o no.<br>Los paquetes de unidades, a menos que se estipule lo contrario en el contrato, en particular para el dep\u00f3sito del juego y los dep\u00f3sitos del concurso, son v\u00e1lidos por un per\u00edodo de tiempo ilimitado y hasta que se agoten las fichas compradas.<br>En caso de no uso de los tokens comprados por el cliente, ya sea como parte de un paquete anual o unitario, no se aceptar\u00e1 ninguna solicitud de reembolso parcial o total. La firma de un contrato es irrevocable, y los importes adeudados en virtud de cualquier contrato firmado deber\u00e1n pagarse a la empresa FIDEALIS, ya sea que el cliente utilice los servicios adquiridos o no.<\/p>\n                    <p>El acceso al dep\u00f3sito est\u00e1 sujeto al pago previo del precio total del contrato. El cliente es el \u00fanico responsable del pago de todas las cantidades facturadas en virtud de este contrato. Este contrato no es transferible y es para uso exclusivo del cliente cuya identidad aparece en el contrato.<\/p>\n                    <h2>ART\u00cdCULO 4 - T\u00c9RMINOS DE LOS SERVICIOS DE DEP\u00d3SITO DE FIDEALIS<\/h2>\n                    <p>Tras el pago del precio total del contrato, FIDEALIS activa, en el nombre de usuario elegido por el cliente, una cuenta directamente accesible a este \u00faltimo, desde el \u00e1rea de miembros ubicada en el sitio www.fidealis.com depotjeux. com o registrergpd.com. Esta cuenta le permite al cliente hacer los registros y dep\u00f3sitos que desea hacer, por un lado, y ver el historial de sus dep\u00f3sitos y el saldo de los tokens disponibles, por otro lado.<\/p>\n                    <p>Los dep\u00f3sitos se realizan directamente en l\u00ednea por el cliente, que recibe mediante devoluci\u00f3n un correo electr\u00f3nico con el recibo de la marca de tiempo del archivo depositado, o por FIDEALIS, el cliente ha regresado previamente a las obras para ser depositado, preferiblemente bajo el forma de un archivo digital. Por razones de confidencialidad, solo el registro por parte del cliente o su controlador es posible en el sitio web www.RegistreRGPD.com.<\/p>\n                    <p>Todos los documentos, CD, piezas, copias, reproducciones de la obra que se depositar\u00e1n ser\u00e1n destruidos, despu\u00e9s de su dep\u00f3sito, por FIDEALIS, a menos que el cliente indique expresamente lo contrario cuando se env\u00ede.<br>Para los clientes ubicados en Par\u00eds y en los suburbios de Par\u00eds, FIDEALIS ofrece una opci\u00f3n de \"cita\", que le permite al cliente solicitar que un miembro del personal de FIDEALIS visite su casa y fotograf\u00ede sus modelos, y en general los trabajos para Register. FIDEALIS puede otorgar un m\u00e1ximo de tres citas por a\u00f1o. En caso de disputa entre un cliente y un tercero, FIDEALIS proporciona, a solicitud del cliente y a su cargo, el segundo original del dep\u00f3sito realizado con el agente judicial.<\/p>\n                    <h2>ART\u00cdCULO 5 - TARIFAS<\/h2>\n                    <p>Las tarifas de los diversos paquetes se presentan en el sitio fidealis.com depotjeux.com o registrergpd.com en la p\u00e1gina \"tarifas\", y se indican en euros, sin incluir impuestos, a los que es aconsejable agregar el impuesto sobre el valor agregado a la tarifa en vigor. FIDEALIS se reserva el derecho de modificar sus tarifas en cualquier momento, de modo que los paquetes se basen en las tarifas vigentes al momento de la suscripci\u00f3n o renovaci\u00f3n.<\/p>\n                    <h2>ART\u00cdCULO 6 - OBLIGACIONES DE FIDEALIS<\/h2>\n                    <p>FIDEALIS se compromete a:<\/p>\n                    <p>- Satisfacer las solicitudes de sus clientes dentro del l\u00edmite de la capacidad de los sistemas que explota y las limitaciones de calidad de sus servicios,<br><br>- Implementar todos los medios a su alcance para permitir el desempe\u00f1o de su servicio de dep\u00f3sito, pero sigue sujeto a una obligaci\u00f3n de medios, teniendo en cuenta en particular las particularidades de la herramienta electr\u00f3nica y el uso de proveedores de servicios externos.<\/p>\n                    <p>- Tomar las medidas apropiadas para garantizar la protecci\u00f3n y confidencialidad de la informaci\u00f3n personal que posee y procesa de conformidad con las disposiciones de la Ley N \u00b0 78-17 de 6 de enero de 1978, relativas al procesamiento de datos, archivos y libertades<\/p>\n                    <p><strong>Importante<\/strong>: Como parte del servicio de dep\u00f3sito de liquidaci\u00f3n del juego, FIDEALIS proporciona los datos de contacto del custodio del agente judicial con fines informativos antes del dep\u00f3sito de las reglas, y no puede comprometerse a depositar las reglas del juego con el estudio de un agente judicial en particular dentro de un per\u00edodo de 7 d\u00edas antes (a menos que se mencione expresamente por correo o correo) el dep\u00f3sito efectivo de la versi\u00f3n final de las reglas del juego. la mec\u00e1nica del juego a expensas del cliente) permite presentar un acuerdo proporcionado por el cliente que se presenta tal como est\u00e1 al agente judicial para su verificaci\u00f3n. Se incluye un viaje redondo para cambios menores. Si el acuerdo no es en esencia admisible por el agente judicial, ya su discreci\u00f3n, se adquieren las cantidades pagadas a FIDEALIS.<\/p>\n                    <h2>ART\u00cdCULO 7 - OBLIGACIONES DEL CLIENTE<\/h2>\n                    <p><strong>El cliente acepta:<\/strong><\/p>\n                    <p>- comunicar una direcci\u00f3n de correo electr\u00f3nico v\u00e1lida destinada a recibir recibos de dep\u00f3sito,<br>- enviar, a su cargo, por cualquier medio a su conveniencia, los documentos o archivos digitales que se depositar\u00e1n,<br>- para notificar inmediatamente a FIDEALIS sobre cualquier cambio de nombre, forma u otro, bajo pena de inaplicabilidad.<br>- para utilizar nuestros servicios de manera justa, en particular para depositar solo documentos de los cuales tiene todos los derechos de autor para el dep\u00f3sito.<br>- Para el servicio de registro RegistryRGPD en l\u00ednea, el cliente, que es el \u00fanico responsable de la precisi\u00f3n de las inserciones y registros, se compromete a alimentar el registro de acuerdo con las instrucciones de su Oficial de Protecci\u00f3n de Datos (DPO) o su Gerente de Procesamiento.<\/p>\n                    <h2>ART\u00cdCULO 8 - LIMITACI\u00d3N DE GARANT\u00cdAS<\/h2>\n                    <p>FIDEALIS no es responsable del contenido del dep\u00f3sito, y depende del cliente, ya sea que presente sus propios archivos o de FIDEALIS, garantizar la calidad de los documentos transmitidos, como la legibilidad de los textos, la visibilidad de las fotograf\u00edas, el resaltado de las caracter\u00edsticas originales de la obra. FIDEALIS es un parqu\u00edmetro de terceros que no garantiza la ausencia de anterioridad o la originalidad del trabajo depositado, es el \u00fanico cliente que garantiza la ausencia de derechos sobre las creaciones y archivos que archiva.<br>El cliente reconoce que FIDEALIS no se hace responsable de ning\u00fan da\u00f1o directo o indirecto que pueda resultar de este contrato, la oportunidad, incluso si FIDEALIS ha sido informado de la existencia de un riesgo.<\/p>\n                    <p>El cliente reconoce que el dep\u00f3sito no es la creaci\u00f3n de derechos de propiedad intelectual y que constituye un modo de prueba.<br>Los clientes que conf\u00edan el registro a nuestros t\u00e9cnicos deben verificar que toda la informaci\u00f3n provista se encuentre realmente en el recibo de dep\u00f3sito y tengan 8 (OCHO) d\u00edas para hacer un reclamo.<br>Como parte del servicio RegistryRGPD.com, para el cual se proporciona una herramienta de centralizaci\u00f3n (el registro RGPD), cada inserci\u00f3n de la cual est\u00e1 sellada y sellada, es apropiado que cada cliente (organizaci\u00f3n, empresa, etc.) complete las categor\u00edas de actividades. o eventos, y cree un procesamiento en l\u00ednea espec\u00edfico para su actividad, sus flujos de datos internos o externos, m\u00e1s all\u00e1 de las opciones est\u00e1ndar propuestas en el \u00e1rea de usuario RegistryRGPD.com.<\/p>\n                    <p>El servicio est\u00e1 destinado a centralizar las actividades de procesamiento y garantiza el archivo, el sello digital certificado. Sin embargo, corresponde al cliente producir informaci\u00f3n, l\u00ednea por l\u00ednea, que respete la legislaci\u00f3n vigente. RDGPD no ser\u00e1 responsable de declaraciones o contenidos incompletos o falsos.<\/p>\n                    <h2>ART\u00cdCULO 9 - RENOVACI\u00d3N Y TERMINACI\u00d3N DEL CONTRATO<\/h2>\n                    <p>Los contratos con FIDEALIS tienen una duraci\u00f3n de un a\u00f1o a partir de la fecha de su firma. Se renuevan, por acuerdo t\u00e1cito, al final del a\u00f1o de suscripci\u00f3n, en defecto de env\u00edo por parte del cliente de una carta certificada con acuse de recibo recibido por FIDEALIS en los 30 d\u00edas anteriores a la fecha de aniversario del contrato .<br>Cualquier cancelaci\u00f3n realizada durante el a\u00f1o no tiene efecto inmediato en la suscripci\u00f3n actual que contin\u00faa hasta su t\u00e9rmino, y no abre el derecho al reembolso de tokens no utilizados, y tiene el efecto de evitar la renovaci\u00f3n t\u00e1cita del contrato. Solo se tendr\u00e1n en cuenta las cancelaciones realizadas por carta certificada con AR.<\/p>\n                    <h2>ART\u00cdCULO 10 - JURISDICCI\u00d3N<\/h2>\n                    <p>Cuando el cliente es un comerciante, cualquier disputa que surja de la interpretaci\u00f3n, conclusi\u00f3n y ejecuci\u00f3n de este contrato se presentar\u00e1 ante el Tribunal Comercial de Par\u00eds. Estos T\u00e9rminos y condiciones completan las versiones anteriores. Estos regalos son v\u00e1lidos desde el 31 de julio de 2018.<br>Los presentes han sido depositados en SCP FRADIN, agentes judiciales asociados cuyo estudio se encuentra en Lyon, 1 muelle Jules COURMONT 69002 Lyon. Para cualquier contrato anterior a esta fecha, los t\u00e9rminos y condiciones v\u00e1lidos son los vigentes al momento de firmar el contrato. Las condiciones generales de venta est\u00e1n impresas en el reverso de su contrato inicial, adjuntas al correo electr\u00f3nico de apertura de la cuenta y enviadas por correo electr\u00f3nico con el contrato a pedido.<\/p>\n                <\/div>\n            <\/div>\n            <!--end of row-->\n        <\/div>\n        <!--end of container-->\n    <\/section>","protected":false},"excerpt":{"rendered":"<p>Condiciones generales de venta FIDEALIS ES UN TERCERO DE SELLADO DE TIEMPO QUE PERMITE PROPORCIONAR A SUS USUARIOS UNA EVIDENCIA DIGITAL INFALIFICABLE,&#8230;<\/p>\n","protected":false},"author":1,"featured_media":0,"parent":0,"menu_order":0,"comment_status":"closed","ping_status":"closed","template":"","meta":{"_joinchat":[]},"yoast_head":"<!-- This site is optimized with the Yoast SEO plugin v20.3 - https:\/\/yoast.com\/wordpress\/plugins\/seo\/ -->\n<title>condiciones generales de venta - Fidealis<\/title>\n<meta name=\"robots\" content=\"noindex, follow, max-snippet:-1, max-image-preview:large, max-video-preview:-1\" \/>\n<meta property=\"og:locale\" content=\"es_ES\" \/>\n<meta property=\"og:type\" content=\"article\" \/>\n<meta property=\"og:title\" content=\"condiciones generales de venta - Fidealis\" \/>\n<meta property=\"og:description\" content=\"Condiciones generales de venta FIDEALIS ES UN TERCERO DE SELLADO DE TIEMPO QUE PERMITE PROPORCIONAR A SUS USUARIOS UNA EVIDENCIA DIGITAL INFALIFICABLE,...\" \/>\n<meta property=\"og:url\" content=\"https:\/\/beta.fidealis.com\/es\/conditions-generales-de-vente\/\" \/>\n<meta property=\"og:site_name\" content=\"Fidealis\" \/>\n<meta property=\"article:publisher\" content=\"https:\/\/www.facebook.com\/Fidealis-573887362622849\/\" \/>\n<meta property=\"article:modified_time\" content=\"2020-04-13T14:45:26+00:00\" \/>\n<meta name=\"twitter:card\" content=\"summary_large_image\" \/>\n<script type=\"application\/ld+json\" class=\"yoast-schema-graph\">{\"@context\":\"https:\/\/schema.org\",\"@graph\":[{\"@type\":\"WebPage\",\"@id\":\"https:\/\/beta.fidealis.com\/es\/conditions-generales-de-vente\/\",\"url\":\"https:\/\/beta.fidealis.com\/es\/conditions-generales-de-vente\/\",\"name\":\"condiciones generales de venta - Fidealis\",\"isPartOf\":{\"@id\":\"https:\/\/beta.fidealis.com\/#website\"},\"datePublished\":\"2019-01-27T23:00:00+00:00\",\"dateModified\":\"2020-04-13T14:45:26+00:00\",\"breadcrumb\":{\"@id\":\"https:\/\/beta.fidealis.com\/es\/conditions-generales-de-vente\/#breadcrumb\"},\"inLanguage\":\"es\",\"potentialAction\":[{\"@type\":\"ReadAction\",\"target\":[\"https:\/\/beta.fidealis.com\/es\/conditions-generales-de-vente\/\"]}]},{\"@type\":\"BreadcrumbList\",\"@id\":\"https:\/\/beta.fidealis.com\/es\/conditions-generales-de-vente\/#breadcrumb\",\"itemListElement\":[{\"@type\":\"ListItem\",\"position\":1,\"name\":\"Accueil\",\"item\":\"https:\/\/beta.fidealis.com\/es\/\"},{\"@type\":\"ListItem\",\"position\":2,\"name\":\"condiciones generales de venta\"}]},{\"@type\":\"WebSite\",\"@id\":\"https:\/\/beta.fidealis.com\/#website\",\"url\":\"https:\/\/beta.fidealis.com\/\",\"name\":\"Fidealis\",\"description\":\"Fidealis: vous cr\u00e9ez, nous prot\u00e9geons.\",\"publisher\":{\"@id\":\"https:\/\/beta.fidealis.com\/#organization\"},\"potentialAction\":[{\"@type\":\"SearchAction\",\"target\":{\"@type\":\"EntryPoint\",\"urlTemplate\":\"https:\/\/beta.fidealis.com\/?s={search_term_string}\"},\"query-input\":\"required name=search_term_string\"}],\"inLanguage\":\"es\"},{\"@type\":\"Organization\",\"@id\":\"https:\/\/beta.fidealis.com\/#organization\",\"name\":\"Fidealis\",\"url\":\"https:\/\/beta.fidealis.com\/\",\"logo\":{\"@type\":\"ImageObject\",\"inLanguage\":\"es\",\"@id\":\"https:\/\/beta.fidealis.com\/#\/schema\/logo\/image\/\",\"url\":\"https:\/\/www.fidealis.com\/wp-content\/uploads\/2018\/04\/logo-fidealis.png\",\"contentUrl\":\"https:\/\/www.fidealis.com\/wp-content\/uploads\/2018\/04\/logo-fidealis.png\",\"width\":525,\"height\":205,\"caption\":\"Fidealis\"},\"image\":{\"@id\":\"https:\/\/beta.fidealis.com\/#\/schema\/logo\/image\/\"},\"sameAs\":[\"https:\/\/www.facebook.com\/Fidealis-573887362622849\/\"]}]}<\/script>\n<!-- \/ Yoast SEO plugin. -->","yoast_head_json":{"title":"condiciones generales de venta - Fidealis","robots":{"index":"noindex","follow":"follow","max-snippet":"max-snippet:-1","max-image-preview":"max-image-preview:large","max-video-preview":"max-video-preview:-1"},"og_locale":"es_ES","og_type":"article","og_title":"condiciones generales de venta - Fidealis","og_description":"Condiciones generales de venta FIDEALIS ES UN TERCERO DE SELLADO DE TIEMPO QUE PERMITE PROPORCIONAR A SUS USUARIOS UNA EVIDENCIA DIGITAL INFALIFICABLE,...","og_url":"https:\/\/beta.fidealis.com\/es\/conditions-generales-de-vente\/","og_site_name":"Fidealis","article_publisher":"https:\/\/www.facebook.com\/Fidealis-573887362622849\/","article_modified_time":"2020-04-13T14:45:26+00:00","twitter_card":"summary_large_image","schema":{"@context":"https:\/\/schema.org","@graph":[{"@type":"WebPage","@id":"https:\/\/beta.fidealis.com\/es\/conditions-generales-de-vente\/","url":"https:\/\/beta.fidealis.com\/es\/conditions-generales-de-vente\/","name":"condiciones generales de venta - Fidealis","isPartOf":{"@id":"https:\/\/beta.fidealis.com\/#website"},"datePublished":"2019-01-27T23:00:00+00:00","dateModified":"2020-04-13T14:45:26+00:00","breadcrumb":{"@id":"https:\/\/beta.fidealis.com\/es\/conditions-generales-de-vente\/#breadcrumb"},"inLanguage":"es","potentialAction":[{"@type":"ReadAction","target":["https:\/\/beta.fidealis.com\/es\/conditions-generales-de-vente\/"]}]},{"@type":"BreadcrumbList","@id":"https:\/\/beta.fidealis.com\/es\/conditions-generales-de-vente\/#breadcrumb","itemListElement":[{"@type":"ListItem","position":1,"name":"Accueil","item":"https:\/\/beta.fidealis.com\/es\/"},{"@type":"ListItem","position":2,"name":"condiciones generales de venta"}]},{"@type":"WebSite","@id":"https:\/\/beta.fidealis.com\/#website","url":"https:\/\/beta.fidealis.com\/","name":"Fidealis","description":"Fidealis: vous cr\u00e9ez, nous prot\u00e9geons.","publisher":{"@id":"https:\/\/beta.fidealis.com\/#organization"},"potentialAction":[{"@type":"SearchAction","target":{"@type":"EntryPoint","urlTemplate":"https:\/\/beta.fidealis.com\/?s={search_term_string}"},"query-input":"required name=search_term_string"}],"inLanguage":"es"},{"@type":"Organization","@id":"https:\/\/beta.fidealis.com\/#organization","name":"Fidealis","url":"https:\/\/beta.fidealis.com\/","logo":{"@type":"ImageObject","inLanguage":"es","@id":"https:\/\/beta.fidealis.com\/#\/schema\/logo\/image\/","url":"https:\/\/www.fidealis.com\/wp-content\/uploads\/2018\/04\/logo-fidealis.png","contentUrl":"https:\/\/www.fidealis.com\/wp-content\/uploads\/2018\/04\/logo-fidealis.png","width":525,"height":205,"caption":"Fidealis"},"image":{"@id":"https:\/\/beta.fidealis.com\/#\/schema\/logo\/image\/"},"sameAs":["https:\/\/www.facebook.com\/Fidealis-573887362622849\/"]}]}},"_links":{"self":[{"href":"https:\/\/beta.fidealis.com\/es\/wp-json\/wp\/v2\/pages\/15504"}],"collection":[{"href":"https:\/\/beta.fidealis.com\/es\/wp-json\/wp\/v2\/pages"}],"about":[{"href":"https:\/\/beta.fidealis.com\/es\/wp-json\/wp\/v2\/types\/page"}],"author":[{"embeddable":true,"href":"https:\/\/beta.fidealis.com\/es\/wp-json\/wp\/v2\/users\/1"}],"replies":[{"embeddable":true,"href":"https:\/\/beta.fidealis.com\/es\/wp-json\/wp\/v2\/comments?post=15504"}],"version-history":[{"count":1,"href":"https:\/\/beta.fidealis.com\/es\/wp-json\/wp\/v2\/pages\/15504\/revisions"}],"predecessor-version":[{"id":15972,"href":"https:\/\/beta.fidealis.com\/es\/wp-json\/wp\/v2\/pages\/15504\/revisions\/15972"}],"wp:attachment":[{"href":"https:\/\/beta.fidealis.com\/es\/wp-json\/wp\/v2\/media?parent=15504"}],"curies":[{"name":"wp","href":"https:\/\/api.w.org\/{rel}","templated":true}]}}