{"id":15505,"date":"2019-01-28T00:00:00","date_gmt":"2019-01-27T23:00:00","guid":{"rendered":"https:\/\/www.fidealis.com\/politique-de-confidentialite"},"modified":"2020-04-13T17:42:12","modified_gmt":"2020-04-13T15:42:12","slug":"politica-de-confidencialidad","status":"publish","type":"page","link":"https:\/\/beta.fidealis.com\/es\/politica-de-confidencialidad\/","title":{"rendered":"pol\u00edtica de confidencialidad"},"content":{"rendered":"<section class=\"text-center imagebg\" data-overlay=\"4\">\n        <div class=\"background-image-holder\"> <img alt=\"\" src=\"https:\/\/beta.fidealis.com\/wp-content\/uploads\/2018\/04\/corporate3.jpg\"> <\/div>\n        <div class=\"container\">\n            <div class=\"row\">\n                <div class=\"col-sm-8 col-md-6\">\n                    <div class=\"cta\">\n                        \n                            <h1>Pol\u00edtica de confidencialidad<\/h1>\n                        \n                    <\/div>\n                <\/div>\n            <\/div>\n            <!--end of row-->\n        <\/div>\n        <!--end of container-->\n    <\/section>\n    <section class=\"space--xs text-justify\">\n        <div class=\"container\">\n            <div class=\"row\">\n                <div class=\"col-sm-12\">\n                    <h2>ART\u00cdCULO 1: PRE\u00c1MBULO<\/h2>\n                    <p>Esta pol\u00edtica de privacidad se aplica al sitio web: www.fidealis.com.<\/p>\n                    <p>Esta Pol\u00edtica de privacidad est\u00e1 destinada a exponer a los usuarios del sitio a:<br>La forma en que se recopilan y procesan sus datos personales. Todos los datos que puedan identificar a un usuario deben considerarse datos personales. Estos incluyen el nombre y apellido, edad, direcci\u00f3n postal, direcci\u00f3n de correo electr\u00f3nico, ubicaci\u00f3n del usuario o su direcci\u00f3n IP;<br>\u00bfCu\u00e1les son los derechos de los usuarios con respecto a estos datos?<br>\u00bfQui\u00e9n es responsable del procesamiento de los datos personales recopilados y procesados?<br>\u00bfA qui\u00e9n se transmiten estos datos?<br>Finalmente, la pol\u00edtica del sitio con respecto a los archivos de \"cookies\".<\/p>\n                    <p>Esta pol\u00edtica de privacidad complementa los avisos legales y las Condiciones generales de uso que los usuarios pueden consultar en la siguiente direcci\u00f3n:<br>https: \/\/www\/fidealis.com<\/p>\n                    <h2>ART\u00cdCULO 2: PRINCIPIOS GENERALES PARA LA RECOPILACI\u00d3N Y EL PROCESAMIENTO DE DATOS<\/h2>\n                    <p>Conforme a las disposiciones del art\u00edculo 5 del Reglamento Europeo 2016\/679, la recopilaci\u00f3n y el procesamiento de los datos de los usuarios del sitio cumplen los siguientes principios:<br>Legalidad, lealtad y transparencia: los datos solo pueden recopilarse y procesarse con el consentimiento del usuario propietario de los datos. Siempre que se recopilen datos personales, se informar\u00e1 al usuario que se est\u00e1n recopilando sus datos y por qu\u00e9 razones se recopilan sus datos;<br>Fines limitados: la recopilaci\u00f3n y el procesamiento de datos se realizan para cumplir con uno o m\u00e1s de los objetivos establecidos en estos T\u00e9rminos de uso;<br>Minimizar la recopilaci\u00f3n y el procesamiento de datos: solo se recopilan los datos necesarios para la correcta ejecuci\u00f3n de los objetivos perseguidos por el sitio;<br>Conservaci\u00f3n de datos reducida en el tiempo: los datos se guardan por un tiempo limitado, del cual se informa al usuario. Si la vida \u00fatil no se puede comunicar al usuario;<br>Integridad y confidencialidad de los datos recopilados y procesados: el controlador de datos se compromete a garantizar la integridad y confidencialidad de los datos recopilados.<\/p>\n                    <p>Con el fin de ser legal, y de la conformidad con los requisitos del art\u00edculo 6 del Reglamento Europeo 2016\/679, la recopilaci\u00f3n y el procesamiento de datos personales solo pueden tener lugar si cumplen al menos una de las condiciones establecidas anteriormente. despu\u00e9s de la lista:<br>El usuario ha consentido expresamente el procedimiento ;<br>El procedimiento es necesario para el buen desempe\u00f1o de un contrato;<br>El procedimiento cumple con una obligaci\u00f3n legal;<br>El procedimiento se debe a la necesidad de salvaguardar los intereses vitales del interesado o de otra persona f\u00edsica;<br>El procedimiento puede explicarse por una necesidad relacionada con el desempe\u00f1o de una misi\u00f3n de inter\u00e9s p\u00fablico o que est\u00e9 bajo el ejercicio de la autoridad p\u00fablica;<br>El procesamiento y la recopilaci\u00f3n de datos personales son necesarios para los intereses leg\u00edtimos y privados que persigue el controlador o un tercero.<\/p>\n                    <h2>3: DATOS PERSONALES RECOGIDOS Y PROCESADOS EN EL CONTEXTO DE NAVEGACI\u00d3N EN EL SITIO<\/h2>\n                    <p><strong>A. DATOS RECOGIDOS Y PROCESADOS Y M\u00c9TODO DE RECOPILACI\u00d3N<\/strong><br>Los datos personales recopilados en el sitio de Fidealis, la prueba de la anterioridad y los derechos de autor son los siguientes:<br>Apellido y nombre,<br>- Nombre de la sociedad,<br>- Correo electr\u00f3nico<br>- Direcci\u00f3n profesional<br>- Tel\u00e9fono<br>Estos datos se recopilan cuando el usuario realiza una de las siguientes operaciones en el sitio:<br>Cuando el usuario se registra para recibir informaci\u00f3n sobre los servicios de este sitio<br>Cuando el usuario se convierte en cliente<br>Cuando el usuario hace una solicitud de presupuesto en l\u00ednea<br>Adem\u00e1s, durante un pago en el sitio, se guardar\u00e1 en los sistemas inform\u00e1ticos del editor del sitio una prueba de la transacci\u00f3n, incluida la orden de compra y la factura.<br>El controlador de datos mantendr\u00e1 todos los datos recopilados durante un per\u00edodo de: 3 a\u00f1os en sus sistemas inform\u00e1ticos y bajo condiciones razonables de seguridad.<br>La recopilaci\u00f3n y el procesamiento de datos tienen los siguientes prop\u00f3sitos:<br>optimizaci\u00f3n de la orientaci\u00f3n publicitaria<br>mejora de la relaci\u00f3n previa al compromiso comercial<br>monitoreo de la relaci\u00f3n con el cliente<br>personalizaci\u00f3n esencial de las grabaciones realizadas en nombre y en nombre del cliente cuando utiliza el servicio FIDEALIS en particular<\/p>\n                    <p><strong>B. TRANSMISI\u00d3N DE DATOS A TERCEROS<\/strong><br>Los datos personales recopilados por el sitio no se transmiten a ning\u00fan tercero y solo los procesa el editor del sitio.<\/p>\n                    <p><strong>C. ALOJAMIENTO DE DATOS<\/strong><br>El sitio web de Fidealis, prueba de la anterioridad y Copyright est\u00e1 alojado por: OVH, cuya oficina central se encuentra en la direcci\u00f3n a continuaci\u00f3n:<br>2 rue Kellermann 59100 ROUBAIX<br>Se puede contactar al anfitri\u00f3n en el siguiente n\u00famero: 08 203 203 63 - Sitio web: www.ovh.com - L\u00ednea directa: http:\/\/ovh.com\/fr\/contact\/support\/<br>Los datos recopilados y procesados por el sitio se alojan y procesan exclusivamente en Francia.<\/p>\n                    <h2>ART\u00cdCULO 4: RESPONSABLE DEL PROCESAMIENTO DE DATOS Y DELEGADO PARA LA PROTECCI\u00d3N DE DATOS<\/h2>\n                    <p><strong>A. EL RESPONSABLE DE LA GESTI\u00d3N DE DATOS<\/strong><br>El controlador del procesamiento de datos personales es: Philippe OBADIA. Se le puede contactar de la siguiente manera:<br>por correo electr\u00f3nico a: rgpd@fidealis.com<br>La persona responsable del procesamiento de datos es responsable de determinar los prop\u00f3sitos y los medios utilizados para el procesamiento de datos personales.<\/p>\n                    <p><strong>B. OBLIGACIONES DEL GERENTE DE PROCESAMIENTO DE DATOS<\/strong><br>El controlador de datos se compromete a proteger los datos personales recopilados, no a transmitirlos a terceros sin que el usuario haya sido informado y a respetar los fines para los que se recopilaron los datos.<br>El sitio web tiene un certificado SSL para garantizar que la transferencia de informaci\u00f3n y datos a trav\u00e9s del sitio sea segura.<br>Un certificado SSL (Certificado de \"Secure Socket Layer\") tiene como objetivo asegurar los datos intercambiados entre el usuario y el sitio.<br>Adem\u00e1s, el controlador de datos se compromete a notificar al usuario en caso de rectificaci\u00f3n o eliminaci\u00f3n de los datos, a menos que esto implique formalidades, costos y procedimientos desproporcionados.<br>En caso de que se comprometa la integridad, confidencialidad o seguridad de los datos personales del usuario, el controlador se compromete a informar al usuario por cualquier medio.<\/p>\n                    <p><strong>C. EL DELEGADO DE PROTECCI\u00d3N DE DATOS<\/strong><br>Adem\u00e1s, se informa al usuario que la siguiente persona ha sido nombrada Oficial de Protecci\u00f3n de Datos: Philippe OBADIA.<br>El papel del Oficial de Protecci\u00f3n de Datos y garantizar la correcta utilizaci\u00f3n de las disposiciones nacionales y supranacionales relacionadas con la recopilaci\u00f3n y el procesamiento de datos personales. Tambi\u00e9n puede llamarse DPO (para el Data Protection Officer).<br>Puede comunicarse con el oficial de protecci\u00f3n de datos de la siguiente manera:<br>Por correo electr\u00f3nico: rgpd@fidealis.com<\/p>\n                    <h2>ART\u00cdCULO 5: DERECHOS DEL USUARIO<\/h2>\n                    <p>De acuerdo con las regulaciones sobre el procesamiento de datos personales, el usuario tiene los derechos que se enumeran a continuaci\u00f3n.<br>Para que el controlador de datos cumpla con su solicitud, el usuario debe proporcionarle: su nombre y apellido y direcci\u00f3n de correo electr\u00f3nico y, si corresponde, su n\u00famero de cuenta o espacio personal o suscriptor<br>El controlador de datos es responsable de responder al usuario en un plazo m\u00e1ximo de 30 (treinta) d\u00edas.<\/p>\n                    <p><strong>PRESENTACI\u00d3N DE LOS DERECHOS DEL USUARIO EN LA RECOPILACI\u00d3N Y EL PROCESAMIENTO DE DATOS<\/strong><\/p>\n                    <p>a. Derecho de acceso, rectificaci\u00f3n y derecho de borrado.<br>El usuario puede leer, actualizar, modificar o solicitar la eliminaci\u00f3n de los datos que le conciernen, respetando el siguiente procedimiento:<br>El usuario registrado puede agregar, desde su interfaz de cliente, modificar o eliminar su informaci\u00f3n personal.<br>Adem\u00e1s, para cualquier solicitud de portabilidad o eliminaci\u00f3n de cuenta, es necesario enviar un correo electr\u00f3nico a la siguiente direcci\u00f3n de correo electr\u00f3nico: rgpd@fidealis.com<br>En caso de cantidades impagas por parte del cliente m\u00e1s all\u00e1 del plazo legal, el editor del sitio podr\u00eda rechazar cualquier solicitud de acceso, modificaci\u00f3n, eliminaci\u00f3n o portabilidad.<br>Si tiene uno, el usuario tiene derecho a solicitar la eliminaci\u00f3n de su espacio personal siguiendo el siguiente procedimiento:<br>Simplemente env\u00ede una solicitud para eliminar su espacio personal enviando un correo electr\u00f3nico a: rgpd@fidealis.com. El servicio al cliente tendr\u00e1 en cuenta la solicitud dentro del tiempo permitido por la ley y de conformidad con las obligaciones y obligaciones mutuas de las partes (el usuario y el editor).<\/p>\n                    <p>b. Derecho a la portabilidad de datos<br>El usuario tiene derecho a solicitar la portabilidad de sus datos personales, mantenidos por el sitio, a otro sitio, siguiendo el siguiente procedimiento:<br>- traiga su n\u00famero de cliente<br>- enviar por correo electr\u00f3nico a la direcci\u00f3n: rgpd@fidealis.com la solicitud de portabilidad indicando en el objeto \"portabilidad\"<br>- espere a que el servicio t\u00e9cnico reciba el enlace de descarga de datos que responder\u00e1 a la direcci\u00f3n de correo electr\u00f3nico del remitente.<\/p>\n                    <p>c. Derecho a la limitaci\u00f3n y oposici\u00f3n del procesamiento de datos.<br>El usuario tiene derecho a solicitar la limitaci\u00f3n u oponerse al tratamiento de sus datos por parte del sitio, sin que el sitio pueda negarse, excepto para demostrar la existencia de razones leg\u00edtimas y convincentes, que pueden prevalecer sobre los intereses y Los derechos y libertades del usuario.<br>Para solicitar la limitaci\u00f3n del procesamiento de sus datos o para oponerse al procesamiento de sus datos, el usuario debe seguir el siguiente procedimiento:<br>- traiga su n\u00famero de cliente<br>- enviar por correo electr\u00f3nico a la direcci\u00f3n: rgpd@fidealis.com la solicitud de portabilidad indicando en el objeto \"limitaci\u00f3n de tratamiento\"<br>- espere a que el servicio t\u00e9cnico reciba el enlace de descarga de datos que responder\u00e1 a la direcci\u00f3n de correo electr\u00f3nico del remitente.<\/p>\n                    <p>d. Derecho a no ser objeto de una decisi\u00f3n basada exclusivamente en un proceso automatizado<br>De conformidad con las disposiciones del Reglamento 2016\/679, el usuario tiene derecho a no ser sujeto de una decisi\u00f3n basada exclusivamente en un proceso automatizado si la decisi\u00f3n tiene efectos legales o la afecta significativamente. De manera similar.<\/p>\n                    <p>e. Derecho a determinar el destino de los datos despu\u00e9s de la muerte.<br>Se recuerda al usuario que puede organizar lo que deber\u00eda ser el futuro de sus datos recopilados y procesados si muere, de conformidad con la ley n \u00b0 2016-1321 del 7 de octubre de 2016.<\/p>\n                    <p>f. Derecho a apoderarse de la autoridad supervisora competente<br>Si el controlador de datos decide no responder a la solicitud del usuario, y el usuario desea impugnar esta decisi\u00f3n, o si cree que uno de los derechos enumerados anteriormente, tiene derecho a referirse a la CNIL (Comisi\u00f3n Nacional de Computaci\u00f3n y Libertades, https:\/\/www.cnil.fr) o cualquier juez competente.<\/p>\n                    <h2>ART\u00cdCULO 6: CONDICIONES DE ENMIENDA DE LA POL\u00cdTICA DE PRIVACIDAD<\/h2>\n                    <p>Esta pol\u00edtica de privacidad se puede consultar en cualquier momento en la siguiente direcci\u00f3n:<br>www.fidealis.com<br>El editor del sitio se reserva el derecho de modificarlo para garantizar su conformidad con la ley vigente.<br>Por lo tanto, se invita al usuario a consultar peri\u00f3dicamente esta pol\u00edtica de privacidad para mantenerse al tanto de los \u00faltimos cambios que se le realizar\u00e1n.<br>Se informa al usuario que la \u00faltima actualizaci\u00f3n de esta pol\u00edtica de privacidad fue el: 01\/08\/2019.<\/p>\n                    <h2>ART\u00cdCULO 7: ACEPTACI\u00d3N DEL USUARIO DE LA POL\u00cdTICA DE PRIVACIDAD<\/h2>\n                    <p>Al navegar por el sitio, el usuario certifica que ha le\u00eddo y entendido esta pol\u00edtica de privacidad y acepta las condiciones, especialmente en relaci\u00f3n con la recopilaci\u00f3n y el procesamiento de sus datos personales.<\/p>\n                <\/div>\n            <\/div>\n            <!--end of row-->\n        <\/div>\n        <!--end of container-->\n    <\/section>","protected":false},"excerpt":{"rendered":"<p>Pol\u00edtica de confidencialidad ART\u00cdCULO 1: PRE\u00c1MBULO Esta pol\u00edtica de privacidad se aplica al sitio web: www.fidealis.com. Esta Pol\u00edtica de privacidad est\u00e1 destinada&#8230;<\/p>\n","protected":false},"author":1,"featured_media":0,"parent":0,"menu_order":0,"comment_status":"closed","ping_status":"closed","template":"","meta":{"_joinchat":[]},"yoast_head":"<!-- This site is optimized with the Yoast SEO plugin v20.3 - https:\/\/yoast.com\/wordpress\/plugins\/seo\/ -->\n<title>pol\u00edtica de confidencialidad - Fidealis<\/title>\n<meta name=\"robots\" content=\"noindex, follow, max-snippet:-1, max-image-preview:large, max-video-preview:-1\" \/>\n<meta property=\"og:locale\" content=\"es_ES\" \/>\n<meta property=\"og:type\" content=\"article\" \/>\n<meta property=\"og:title\" content=\"pol\u00edtica de confidencialidad - Fidealis\" \/>\n<meta property=\"og:description\" content=\"Pol\u00edtica de confidencialidad ART\u00cdCULO 1: PRE\u00c1MBULO Esta pol\u00edtica de privacidad se aplica al sitio web: www.fidealis.com. Esta Pol\u00edtica de privacidad est\u00e1 destinada...\" \/>\n<meta property=\"og:url\" content=\"https:\/\/beta.fidealis.com\/es\/politica-de-confidencialidad\/\" \/>\n<meta property=\"og:site_name\" content=\"Fidealis\" \/>\n<meta property=\"article:publisher\" content=\"https:\/\/www.facebook.com\/Fidealis-573887362622849\/\" \/>\n<meta property=\"article:modified_time\" content=\"2020-04-13T15:42:12+00:00\" \/>\n<meta name=\"twitter:card\" content=\"summary_large_image\" \/>\n<script type=\"application\/ld+json\" class=\"yoast-schema-graph\">{\"@context\":\"https:\/\/schema.org\",\"@graph\":[{\"@type\":\"WebPage\",\"@id\":\"https:\/\/beta.fidealis.com\/es\/politica-de-confidencialidad\/\",\"url\":\"https:\/\/beta.fidealis.com\/es\/politica-de-confidencialidad\/\",\"name\":\"pol\u00edtica de confidencialidad - Fidealis\",\"isPartOf\":{\"@id\":\"https:\/\/beta.fidealis.com\/#website\"},\"datePublished\":\"2019-01-27T23:00:00+00:00\",\"dateModified\":\"2020-04-13T15:42:12+00:00\",\"breadcrumb\":{\"@id\":\"https:\/\/beta.fidealis.com\/es\/politica-de-confidencialidad\/#breadcrumb\"},\"inLanguage\":\"es\",\"potentialAction\":[{\"@type\":\"ReadAction\",\"target\":[\"https:\/\/beta.fidealis.com\/es\/politica-de-confidencialidad\/\"]}]},{\"@type\":\"BreadcrumbList\",\"@id\":\"https:\/\/beta.fidealis.com\/es\/politica-de-confidencialidad\/#breadcrumb\",\"itemListElement\":[{\"@type\":\"ListItem\",\"position\":1,\"name\":\"Accueil\",\"item\":\"https:\/\/beta.fidealis.com\/es\/\"},{\"@type\":\"ListItem\",\"position\":2,\"name\":\"pol\u00edtica de confidencialidad\"}]},{\"@type\":\"WebSite\",\"@id\":\"https:\/\/beta.fidealis.com\/#website\",\"url\":\"https:\/\/beta.fidealis.com\/\",\"name\":\"Fidealis\",\"description\":\"Fidealis: vous cr\u00e9ez, nous prot\u00e9geons.\",\"publisher\":{\"@id\":\"https:\/\/beta.fidealis.com\/#organization\"},\"potentialAction\":[{\"@type\":\"SearchAction\",\"target\":{\"@type\":\"EntryPoint\",\"urlTemplate\":\"https:\/\/beta.fidealis.com\/?s={search_term_string}\"},\"query-input\":\"required name=search_term_string\"}],\"inLanguage\":\"es\"},{\"@type\":\"Organization\",\"@id\":\"https:\/\/beta.fidealis.com\/#organization\",\"name\":\"Fidealis\",\"url\":\"https:\/\/beta.fidealis.com\/\",\"logo\":{\"@type\":\"ImageObject\",\"inLanguage\":\"es\",\"@id\":\"https:\/\/beta.fidealis.com\/#\/schema\/logo\/image\/\",\"url\":\"https:\/\/www.fidealis.com\/wp-content\/uploads\/2018\/04\/logo-fidealis.png\",\"contentUrl\":\"https:\/\/www.fidealis.com\/wp-content\/uploads\/2018\/04\/logo-fidealis.png\",\"width\":525,\"height\":205,\"caption\":\"Fidealis\"},\"image\":{\"@id\":\"https:\/\/beta.fidealis.com\/#\/schema\/logo\/image\/\"},\"sameAs\":[\"https:\/\/www.facebook.com\/Fidealis-573887362622849\/\"]}]}<\/script>\n<!-- \/ Yoast SEO plugin. -->","yoast_head_json":{"title":"pol\u00edtica de confidencialidad - Fidealis","robots":{"index":"noindex","follow":"follow","max-snippet":"max-snippet:-1","max-image-preview":"max-image-preview:large","max-video-preview":"max-video-preview:-1"},"og_locale":"es_ES","og_type":"article","og_title":"pol\u00edtica de confidencialidad - Fidealis","og_description":"Pol\u00edtica de confidencialidad ART\u00cdCULO 1: PRE\u00c1MBULO Esta pol\u00edtica de privacidad se aplica al sitio web: www.fidealis.com. Esta Pol\u00edtica de privacidad est\u00e1 destinada...","og_url":"https:\/\/beta.fidealis.com\/es\/politica-de-confidencialidad\/","og_site_name":"Fidealis","article_publisher":"https:\/\/www.facebook.com\/Fidealis-573887362622849\/","article_modified_time":"2020-04-13T15:42:12+00:00","twitter_card":"summary_large_image","schema":{"@context":"https:\/\/schema.org","@graph":[{"@type":"WebPage","@id":"https:\/\/beta.fidealis.com\/es\/politica-de-confidencialidad\/","url":"https:\/\/beta.fidealis.com\/es\/politica-de-confidencialidad\/","name":"pol\u00edtica de confidencialidad - Fidealis","isPartOf":{"@id":"https:\/\/beta.fidealis.com\/#website"},"datePublished":"2019-01-27T23:00:00+00:00","dateModified":"2020-04-13T15:42:12+00:00","breadcrumb":{"@id":"https:\/\/beta.fidealis.com\/es\/politica-de-confidencialidad\/#breadcrumb"},"inLanguage":"es","potentialAction":[{"@type":"ReadAction","target":["https:\/\/beta.fidealis.com\/es\/politica-de-confidencialidad\/"]}]},{"@type":"BreadcrumbList","@id":"https:\/\/beta.fidealis.com\/es\/politica-de-confidencialidad\/#breadcrumb","itemListElement":[{"@type":"ListItem","position":1,"name":"Accueil","item":"https:\/\/beta.fidealis.com\/es\/"},{"@type":"ListItem","position":2,"name":"pol\u00edtica de confidencialidad"}]},{"@type":"WebSite","@id":"https:\/\/beta.fidealis.com\/#website","url":"https:\/\/beta.fidealis.com\/","name":"Fidealis","description":"Fidealis: vous cr\u00e9ez, nous prot\u00e9geons.","publisher":{"@id":"https:\/\/beta.fidealis.com\/#organization"},"potentialAction":[{"@type":"SearchAction","target":{"@type":"EntryPoint","urlTemplate":"https:\/\/beta.fidealis.com\/?s={search_term_string}"},"query-input":"required name=search_term_string"}],"inLanguage":"es"},{"@type":"Organization","@id":"https:\/\/beta.fidealis.com\/#organization","name":"Fidealis","url":"https:\/\/beta.fidealis.com\/","logo":{"@type":"ImageObject","inLanguage":"es","@id":"https:\/\/beta.fidealis.com\/#\/schema\/logo\/image\/","url":"https:\/\/www.fidealis.com\/wp-content\/uploads\/2018\/04\/logo-fidealis.png","contentUrl":"https:\/\/www.fidealis.com\/wp-content\/uploads\/2018\/04\/logo-fidealis.png","width":525,"height":205,"caption":"Fidealis"},"image":{"@id":"https:\/\/beta.fidealis.com\/#\/schema\/logo\/image\/"},"sameAs":["https:\/\/www.facebook.com\/Fidealis-573887362622849\/"]}]}},"_links":{"self":[{"href":"https:\/\/beta.fidealis.com\/es\/wp-json\/wp\/v2\/pages\/15505"}],"collection":[{"href":"https:\/\/beta.fidealis.com\/es\/wp-json\/wp\/v2\/pages"}],"about":[{"href":"https:\/\/beta.fidealis.com\/es\/wp-json\/wp\/v2\/types\/page"}],"author":[{"embeddable":true,"href":"https:\/\/beta.fidealis.com\/es\/wp-json\/wp\/v2\/users\/1"}],"replies":[{"embeddable":true,"href":"https:\/\/beta.fidealis.com\/es\/wp-json\/wp\/v2\/comments?post=15505"}],"version-history":[{"count":2,"href":"https:\/\/beta.fidealis.com\/es\/wp-json\/wp\/v2\/pages\/15505\/revisions"}],"predecessor-version":[{"id":16022,"href":"https:\/\/beta.fidealis.com\/es\/wp-json\/wp\/v2\/pages\/15505\/revisions\/16022"}],"wp:attachment":[{"href":"https:\/\/beta.fidealis.com\/es\/wp-json\/wp\/v2\/media?parent=15505"}],"curies":[{"name":"wp","href":"https:\/\/api.w.org\/{rel}","templated":true}]}}