{"id":15526,"date":"2019-06-26T00:00:00","date_gmt":"2019-06-25T22:00:00","guid":{"rendered":"https:\/\/www.fidealis.com\/propriete-intellectuelle\/le-copyright\/symbole-image-copyright"},"modified":"2020-04-13T17:00:06","modified_gmt":"2020-04-13T15:00:06","slug":"simbolo-de-copyright","status":"publish","type":"page","link":"https:\/\/beta.fidealis.com\/es\/propiedad-intelectual\/simbolo-de-copyright\/","title":{"rendered":"S\u00edmbolo de copyright, letrero, logotipo en el teclado e imagen"},"content":{"rendered":"<section class=\"cover imagebg text-center section--ken-burns height-60\" data-overlay=\"4\">\n        <div class=\"background-image-holder\"><img alt=\"symbole copyright clavier et image\" src=\"https:\/\/beta.fidealis.com\/wp-content\/uploads\/2019\/06\/symbole-signe-copyright.jpg\"><\/div>\n        <div class=\"container pos-vertical-center\">\n            <div class=\"row\">\n                <div class=\"col-sm-8 col-md-8\">\n                    \n                        <h1>S\u00edmbolo de copyright, letrero, logotipo en el teclado y en la imagen<\/h1>\n                    \n                <\/div>\n            <\/div>\n            <!--end of row-->\n        <\/div>\n        <!--end of container-->\n    <\/section>\n    <section class=\"space--xxs bg--secondary\">\n        <div class=\"container\">\n            <div class=\"row\">\n                <div class=\"cta cta--horizontal text-center-xs\">\n                    <div class=\"col-sm-4\">\n                        <h4>Su dep\u00f3sito a partir de 95\u20ac<\/h4>\n                    <\/div>\n                    <div class=\"col-sm-5\">\n                        <p class=\"lead\">La mejor soluci\u00f3n en l\u00ednea para su protecci\u00f3n<\/p>\n                    <\/div>\n                    <div class=\"col-sm-3 text-right text-center-xs\">\n                        <a title=\"\" class=\"btn btn--primary type--uppercase\" href=\"https:\/\/beta.fidealis.com\/es\/qui-sommes-nous\/contactez-nous\/\" target=\"\" rel=\"\"> <span class=\"btn__text\">Solucitud de contacto<\/span> <\/a>\n                    <\/div>\n                <\/div>\n            <\/div>\n            <!--end of row-->\n        <\/div>\n        <!--end of container-->\n    <\/section>\n    <section class=\"text-justify space--xs\">\n        <div class=\"container\">\n            <div class=\"row\">\n                <div class=\"col-sm-12\">\n                    <div class=\"justify font-color-242628 width-100 margin-bottom-60 overflow-hidden\">\n                        <div class=\"float-right porqui-deposer-text overflow-hidden\">\n                            <div class=\"light-14 line-height-24 blackp\">\n                                <p><strong>El copytight es un concepto anglosaj\u00f3n<\/strong>. Es un sistema de protecci\u00f3n para obras literarias o art\u00edsticas que se aplica en pa\u00edses de derecho \"common law\" consuetudinario (Estados Unidos, Reino Unido, Australia). Los derechos de autor requieren un dep\u00f3sito. Esto se comprueba gracias al acr\u00f3nimo \u00a9 que lo representa. Pegado a una obra, la protege, pero no reconoce los derechos patrimoniales o morales del autor, a diferencia del derecho de autor franc\u00e9s.<\/p>\n                                <p>Es la persona que permite que se transmita el trabajo que se considera el propietario de los derechos y no la persona que cre\u00f3. Por lo tanto, existe una diferencia entre los derechos de autor y los derechos de autor aplicados en un pa\u00eds de derecho civil como Francia. Hay que recordar que <strong>el copyright protege a la obra ante todo<\/strong>, independientemente de su autor. Este puede ser relegado. Por otro lado, la obra esta protegida por copyright, y se beneficia naturalmente de un reconocimiento jur\u00eddico en pa\u00edses que reconocen su valor.<\/p>\n                            <\/div>\n                        <\/div>\n                    <\/div>\n                <\/div>\n            <\/div>\n            <!--end of row-->\n        <\/div>\n        <!--end of container-->\n    <\/section>\n    <section class=\"space--xs\">\n        <div class=\"container\">\n            <div class=\"row\">\n                <div class=\"col-sm-6\">\n                    <h2>Uso del s\u00edmbolo de copyright: \u00a9<\/h2>\n                    <p>En los pa\u00edses de derecho com\u00fan \"common law\", este acr\u00f3nimo puede tener importancia legal. Este no es el caso en los pa\u00edses de derecho civil. Su uso en un pa\u00eds como Francia es, por lo tanto, bastante opcional. Sin embargo, hay inter\u00e9s en usarlo. Este s\u00edmbolo es m\u00e1s o menos conocido, pero para la mayor\u00eda de las personas, se refiere a la idea de propiedad intelectual. Por lo tanto, tiene un valor informativo real para todos los usuarios. Indica al p\u00fablico que el producto o marca que usa pertenece a alguien e identifica a esa persona. Es una advertencia contra el mal uso de copias y posibles competidores que desean adoptar la misma marca. Permite exponer al autor y tiene un efecto disuasorio.<\/p>\n                    <p>Cualquiera que lo perciba debe temer&nbsp;<strong>incurrir en riesgos<\/strong> si abusa de la copia o viola los derechos de autor de la obra. Por lo tanto, el \u00a9 es atractivo como un signo notable.<\/p>\n                <\/div>\n                <div class=\"col-sm-6\">\n                    <div class=\"boxed boxed--lg boxed--border bg--secondary\">\n                        <p><img class=\"alignnone size-full wp-image-15054\" src=\"https:\/\/beta.fidealis.com\/wp-content\/uploads\/2019\/06\/illustration-copyright.jpg\" alt=\"illustration du logo copyright\" width=\"800\" height=\"533\"><\/p>\n                    <\/div>\n                <\/div>\n            <\/div>\n            <!--end of row-->\n        <\/div>\n        <!--end of container-->\n    <\/section>\n    <section class=\"space--xs\">\n        <div class=\"container\">\n            <div class=\"row\">\n                <div class=\"col-sm-12\">\n                    <h2>\u00bfC\u00f3mo hacer el s\u00edmbolo de copyright en el ordenador y en un Mac?<\/h2>\n                    <p>\u00bfC\u00f3mo <strong>insertar el s\u00edmbolo de copyright o el logo de copyright \u00a9<\/strong> en su contenido y texto o incluso en sus objetos gr\u00e1ficos? Es muy simple, el acr\u00f3nimo \u00a9 es un car\u00e1cter especial integrado en todos los ordenadores. Lo obtenemos muy a menudo gracias a un atajo de teclado.<\/p>\n                    <p><strong>En PC:<\/strong> Presione la tecla [Alt], presione simult\u00e1neamente 0169 y suelte la tecla [Alt].<br><br><strong>En Mac:<\/strong>&nbsp;Presione la tecla de opci\u00f3n y simult\u00e1neamente la tecla C.&nbsp;<\/p>\n                    <p>Si no puede hacerlo desde su teclado, no dude en copiar \/ pegar uno de los s\u00edmbolos de derechos de autor en esta p\u00e1gina.<\/p>\n                    <p><strong>Es bueno saberlo<\/strong>: cuando se usa el s\u00edmbolo de copyright, generalmente agrega el a\u00f1o de creaci\u00f3n de la obra, el nombre del autor o ambos. Aqu\u00ed hay algunos ejemplos de su uso:<\/p>\n                    <ul>\n                        <li>\u00a9 2016<\/li>\n                        <li>\u00a9 L.Durand<\/li>\n                        <li>\u00a9 2016L.Durand<\/li>\n                        <li>\u00a9 Copyright 2016L.Durand<\/li>\n                    <\/ul>\n                    <h2>\u00bfC\u00f3mo insertar el signo de copyright en sus documentos o creaciones gr\u00e1ficas?<\/h2>\n                    <p>Con todos los software que permiten la inserci\u00f3n de una imagen, le recomendamos que utilice la funcionalidad \"agregar una imagen\". Para hacer esto, descargue una de las versiones que ofrecemos a continuaci\u00f3n para agregarla f\u00e1cilmente a sus documentos.<\/p>\n                <\/div>\n            <\/div>\n            <!--end of row-->\n        <\/div>\n        <!--end of container-->\n    <\/section>\n    <section class=\"imagebg image--light space--xxs\" data-overlay=\"5\">\n        <div class=\"background-image-holder\"> <img alt=\"\" src=\"https:\/\/beta.fidealis.com\/wp-content\/uploads\/2019\/01\/logo-fidealis-blanc2.png\"> <\/div>\n        <div class=\"container\">\n            <div class=\"row\">\n                <div class=\"col-sm-4\">\n                    <div class=\"feature\">\n                        <div id=\"attachment_15062\" class=\"wp-caption aligncenter\" style=\"width: 810px;\"><img class=\"size-full wp-image-15062\" src=\"https:\/\/beta.fidealis.com\/wp-content\/uploads\/2019\/06\/copyright-tous-droits-reserves.jpg\" alt=\"copyright tous droits r\u00e9serv\u00e9s\" width=\"800\" height=\"343\">\n                            <p class=\"wp-caption-text\">&nbsp;<\/p>\n                        <\/div>\n                    <\/div>\n                <\/div>\n                <div class=\"col-sm-4\">\n                    <div class=\"feature\">\n                        <p><img class=\"wp-image-15063 aligncenter\" style=\"max-height: 155px; width: auto;\" src=\"https:\/\/beta.fidealis.com\/wp-content\/uploads\/2019\/06\/copyright-simple-248x300.jpg\" alt=\"copyright symbole simple\" width=\"248\" height=\"300\"><\/p>\n                    <\/div>\n                <\/div>\n                <div class=\"col-sm-4\">\n                    <div class=\"feature\">\n                        <div id=\"attachment_15061\" class=\"wp-caption alignnone\" style=\"width: 810px;\"><img class=\"size-full wp-image-15061\" src=\"https:\/\/beta.fidealis.com\/wp-content\/uploads\/2019\/06\/copyright-reproduction-interdite.jpg\" alt=\"Copyright toute reproduction interdite\" width=\"800\" height=\"306\">\n                            <p class=\"wp-caption-text\">&nbsp;<\/p>\n                        <\/div>\n                    <\/div>\n                <\/div>\n            <\/div>\n            <!--end of row-->\n        <\/div>\n        <!--end of container-->\n    <\/section>\n    <section class=\"text-center unpad--bottom switchable cta cta-3  bg--secondary switchable--switch\">\n        <div class=\"container\">\n            <div class=\"row\">\n                <div class=\"col-sm-6 col-md-6\">\n                    <div class=\"switchable__text\">\n                        \n                            <h2>Est\u00e9 tranquilo con la soluci\u00f3n de Fidealis<\/h2>\n                            <p class=\"lead\">La soluci\u00f3n pionera en la protecci\u00f3n de dise\u00f1os y colecciones, que re\u00fane las tecnolog\u00edas de la firma electr\u00f3nica, la marca de tiempo y la blockchain. Sus creaciones se certifican instant\u00e1neamente y se archivan en paralelo con el agente judicial.<\/p>\n                        \n                        <a title=\"\" class=\"btn btn--primary type--uppercase inner-link\" href=\"https:\/\/beta.fidealis.com\/es\/inscription\" target=\"_blank\" rel=\"noopener\"> <span class=\"btn__text\">Inscribirse gratuitamente<\/span><span class=\"label\">sin tc<\/span> <\/a>\n                    <\/div>\n                <\/div>\n                <div class=\"col-sm-6 col-md-5\"> <img class=\"block\" alt=\"soyez rassur\u00e9 avec Fidealis\" src=\"https:\/\/beta.fidealis.com\/wp-content\/uploads\/2018\/08\/pourquoi-d\u00e9poser-ses-cr\u00e9ations-3.png\"> <\/div>\n            <\/div>\n            <!--end of row-->\n        <\/div>\n        <!--end of container-->\n    <\/section>","protected":false},"excerpt":{"rendered":"<p>S\u00edmbolo de copyright, letrero, logotipo en el teclado y en la imagen Su dep\u00f3sito a partir de 95\u20ac La mejor soluci\u00f3n en&#8230;<\/p>\n","protected":false},"author":1,"featured_media":0,"parent":15485,"menu_order":0,"comment_status":"closed","ping_status":"closed","template":"","meta":{"_joinchat":[]},"yoast_head":"<!-- This site is optimized with the Yoast SEO plugin v20.3 - https:\/\/yoast.com\/wordpress\/plugins\/seo\/ -->\n<title>S\u00edmbolo de copyright, letrero, logotipo en el teclado e imagen<\/title>\n<meta name=\"description\" content=\"\u00bfC\u00f3mo escribir en el teclado el s\u00edmbolo de Copyright? En Mac o PC te contamos todo. Tambi\u00e9n algunas versiones de im\u00e1genes para sus documentos y PDF\" \/>\n<meta name=\"robots\" content=\"noindex, follow, max-snippet:-1, max-image-preview:large, max-video-preview:-1\" \/>\n<meta property=\"og:locale\" content=\"es_ES\" \/>\n<meta property=\"og:type\" content=\"article\" \/>\n<meta property=\"og:title\" content=\"S\u00edmbolo de copyright, letrero, logotipo en el teclado e imagen\" \/>\n<meta property=\"og:description\" content=\"\u00bfC\u00f3mo escribir en el teclado el s\u00edmbolo de Copyright? En Mac o PC te contamos todo. Tambi\u00e9n algunas versiones de im\u00e1genes para sus documentos y PDF\" \/>\n<meta property=\"og:url\" content=\"https:\/\/beta.fidealis.com\/es\/propiedad-intelectual\/simbolo-de-copyright\/\" \/>\n<meta property=\"og:site_name\" content=\"Fidealis\" \/>\n<meta property=\"article:publisher\" content=\"https:\/\/www.facebook.com\/Fidealis-573887362622849\/\" \/>\n<meta property=\"article:modified_time\" content=\"2020-04-13T15:00:06+00:00\" \/>\n<meta name=\"twitter:card\" content=\"summary_large_image\" \/>\n<script type=\"application\/ld+json\" class=\"yoast-schema-graph\">{\"@context\":\"https:\/\/schema.org\",\"@graph\":[{\"@type\":\"WebPage\",\"@id\":\"https:\/\/beta.fidealis.com\/es\/propiedad-intelectual\/simbolo-de-copyright\/\",\"url\":\"https:\/\/beta.fidealis.com\/es\/propiedad-intelectual\/simbolo-de-copyright\/\",\"name\":\"S\u00edmbolo de copyright, letrero, logotipo en el teclado e imagen\",\"isPartOf\":{\"@id\":\"https:\/\/beta.fidealis.com\/#website\"},\"datePublished\":\"2019-06-25T22:00:00+00:00\",\"dateModified\":\"2020-04-13T15:00:06+00:00\",\"description\":\"\u00bfC\u00f3mo escribir en el teclado el s\u00edmbolo de Copyright? En Mac o PC te contamos todo. Tambi\u00e9n algunas versiones de im\u00e1genes para sus documentos y PDF\",\"breadcrumb\":{\"@id\":\"https:\/\/beta.fidealis.com\/es\/propiedad-intelectual\/simbolo-de-copyright\/#breadcrumb\"},\"inLanguage\":\"es\",\"potentialAction\":[{\"@type\":\"ReadAction\",\"target\":[\"https:\/\/beta.fidealis.com\/es\/propiedad-intelectual\/simbolo-de-copyright\/\"]}]},{\"@type\":\"BreadcrumbList\",\"@id\":\"https:\/\/beta.fidealis.com\/es\/propiedad-intelectual\/simbolo-de-copyright\/#breadcrumb\",\"itemListElement\":[{\"@type\":\"ListItem\",\"position\":1,\"name\":\"Accueil\",\"item\":\"https:\/\/beta.fidealis.com\/es\/\"},{\"@type\":\"ListItem\",\"position\":2,\"name\":\"Propiedad intelectual\",\"item\":\"https:\/\/beta.fidealis.com\/es\/propiedad-intelectual\/\"},{\"@type\":\"ListItem\",\"position\":3,\"name\":\"S\u00edmbolo de copyright, letrero, logotipo en el teclado e imagen\"}]},{\"@type\":\"WebSite\",\"@id\":\"https:\/\/beta.fidealis.com\/#website\",\"url\":\"https:\/\/beta.fidealis.com\/\",\"name\":\"Fidealis\",\"description\":\"Fidealis: vous cr\u00e9ez, nous prot\u00e9geons.\",\"publisher\":{\"@id\":\"https:\/\/beta.fidealis.com\/#organization\"},\"potentialAction\":[{\"@type\":\"SearchAction\",\"target\":{\"@type\":\"EntryPoint\",\"urlTemplate\":\"https:\/\/beta.fidealis.com\/?s={search_term_string}\"},\"query-input\":\"required name=search_term_string\"}],\"inLanguage\":\"es\"},{\"@type\":\"Organization\",\"@id\":\"https:\/\/beta.fidealis.com\/#organization\",\"name\":\"Fidealis\",\"url\":\"https:\/\/beta.fidealis.com\/\",\"logo\":{\"@type\":\"ImageObject\",\"inLanguage\":\"es\",\"@id\":\"https:\/\/beta.fidealis.com\/#\/schema\/logo\/image\/\",\"url\":\"https:\/\/www.fidealis.com\/wp-content\/uploads\/2018\/04\/logo-fidealis.png\",\"contentUrl\":\"https:\/\/www.fidealis.com\/wp-content\/uploads\/2018\/04\/logo-fidealis.png\",\"width\":525,\"height\":205,\"caption\":\"Fidealis\"},\"image\":{\"@id\":\"https:\/\/beta.fidealis.com\/#\/schema\/logo\/image\/\"},\"sameAs\":[\"https:\/\/www.facebook.com\/Fidealis-573887362622849\/\"]}]}<\/script>\n<!-- \/ Yoast SEO plugin. -->","yoast_head_json":{"title":"S\u00edmbolo de copyright, letrero, logotipo en el teclado e imagen","description":"\u00bfC\u00f3mo escribir en el teclado el s\u00edmbolo de Copyright? En Mac o PC te contamos todo. Tambi\u00e9n algunas versiones de im\u00e1genes para sus documentos y PDF","robots":{"index":"noindex","follow":"follow","max-snippet":"max-snippet:-1","max-image-preview":"max-image-preview:large","max-video-preview":"max-video-preview:-1"},"og_locale":"es_ES","og_type":"article","og_title":"S\u00edmbolo de copyright, letrero, logotipo en el teclado e imagen","og_description":"\u00bfC\u00f3mo escribir en el teclado el s\u00edmbolo de Copyright? En Mac o PC te contamos todo. Tambi\u00e9n algunas versiones de im\u00e1genes para sus documentos y PDF","og_url":"https:\/\/beta.fidealis.com\/es\/propiedad-intelectual\/simbolo-de-copyright\/","og_site_name":"Fidealis","article_publisher":"https:\/\/www.facebook.com\/Fidealis-573887362622849\/","article_modified_time":"2020-04-13T15:00:06+00:00","twitter_card":"summary_large_image","schema":{"@context":"https:\/\/schema.org","@graph":[{"@type":"WebPage","@id":"https:\/\/beta.fidealis.com\/es\/propiedad-intelectual\/simbolo-de-copyright\/","url":"https:\/\/beta.fidealis.com\/es\/propiedad-intelectual\/simbolo-de-copyright\/","name":"S\u00edmbolo de copyright, letrero, logotipo en el teclado e imagen","isPartOf":{"@id":"https:\/\/beta.fidealis.com\/#website"},"datePublished":"2019-06-25T22:00:00+00:00","dateModified":"2020-04-13T15:00:06+00:00","description":"\u00bfC\u00f3mo escribir en el teclado el s\u00edmbolo de Copyright? En Mac o PC te contamos todo. Tambi\u00e9n algunas versiones de im\u00e1genes para sus documentos y PDF","breadcrumb":{"@id":"https:\/\/beta.fidealis.com\/es\/propiedad-intelectual\/simbolo-de-copyright\/#breadcrumb"},"inLanguage":"es","potentialAction":[{"@type":"ReadAction","target":["https:\/\/beta.fidealis.com\/es\/propiedad-intelectual\/simbolo-de-copyright\/"]}]},{"@type":"BreadcrumbList","@id":"https:\/\/beta.fidealis.com\/es\/propiedad-intelectual\/simbolo-de-copyright\/#breadcrumb","itemListElement":[{"@type":"ListItem","position":1,"name":"Accueil","item":"https:\/\/beta.fidealis.com\/es\/"},{"@type":"ListItem","position":2,"name":"Propiedad intelectual","item":"https:\/\/beta.fidealis.com\/es\/propiedad-intelectual\/"},{"@type":"ListItem","position":3,"name":"S\u00edmbolo de copyright, letrero, logotipo en el teclado e imagen"}]},{"@type":"WebSite","@id":"https:\/\/beta.fidealis.com\/#website","url":"https:\/\/beta.fidealis.com\/","name":"Fidealis","description":"Fidealis: vous cr\u00e9ez, nous prot\u00e9geons.","publisher":{"@id":"https:\/\/beta.fidealis.com\/#organization"},"potentialAction":[{"@type":"SearchAction","target":{"@type":"EntryPoint","urlTemplate":"https:\/\/beta.fidealis.com\/?s={search_term_string}"},"query-input":"required name=search_term_string"}],"inLanguage":"es"},{"@type":"Organization","@id":"https:\/\/beta.fidealis.com\/#organization","name":"Fidealis","url":"https:\/\/beta.fidealis.com\/","logo":{"@type":"ImageObject","inLanguage":"es","@id":"https:\/\/beta.fidealis.com\/#\/schema\/logo\/image\/","url":"https:\/\/www.fidealis.com\/wp-content\/uploads\/2018\/04\/logo-fidealis.png","contentUrl":"https:\/\/www.fidealis.com\/wp-content\/uploads\/2018\/04\/logo-fidealis.png","width":525,"height":205,"caption":"Fidealis"},"image":{"@id":"https:\/\/beta.fidealis.com\/#\/schema\/logo\/image\/"},"sameAs":["https:\/\/www.facebook.com\/Fidealis-573887362622849\/"]}]}},"_links":{"self":[{"href":"https:\/\/beta.fidealis.com\/es\/wp-json\/wp\/v2\/pages\/15526"}],"collection":[{"href":"https:\/\/beta.fidealis.com\/es\/wp-json\/wp\/v2\/pages"}],"about":[{"href":"https:\/\/beta.fidealis.com\/es\/wp-json\/wp\/v2\/types\/page"}],"author":[{"embeddable":true,"href":"https:\/\/beta.fidealis.com\/es\/wp-json\/wp\/v2\/users\/1"}],"replies":[{"embeddable":true,"href":"https:\/\/beta.fidealis.com\/es\/wp-json\/wp\/v2\/comments?post=15526"}],"version-history":[{"count":3,"href":"https:\/\/beta.fidealis.com\/es\/wp-json\/wp\/v2\/pages\/15526\/revisions"}],"predecessor-version":[{"id":15987,"href":"https:\/\/beta.fidealis.com\/es\/wp-json\/wp\/v2\/pages\/15526\/revisions\/15987"}],"up":[{"embeddable":true,"href":"https:\/\/beta.fidealis.com\/es\/wp-json\/wp\/v2\/pages\/15485"}],"wp:attachment":[{"href":"https:\/\/beta.fidealis.com\/es\/wp-json\/wp\/v2\/media?parent=15526"}],"curies":[{"name":"wp","href":"https:\/\/api.w.org\/{rel}","templated":true}]}}