{"id":16691,"date":"2021-07-24T14:16:10","date_gmt":"2021-07-24T12:16:10","guid":{"rendered":"https:\/\/www.fidealis.com\/condizioni-generali-di-vendita\/"},"modified":"2021-07-24T14:16:10","modified_gmt":"2021-07-24T12:16:10","slug":"condizioni-generali-di-vendita","status":"publish","type":"page","link":"https:\/\/beta.fidealis.com\/it\/condizioni-generali-di-vendita\/","title":{"rendered":"Condizioni Generali di Vendita"},"content":{"rendered":"<section class=\"text-center imagebg\" data-overlay=\"4\">\r\n<div class=\"background-image-holder\"><img src=\"https:\/\/beta.fidealis.com\/wp-content\/uploads\/2015\/07\/bien-planifier-son-temps.png\" alt=\"entrepreneurs apprenez \u00e0 bien planifier votre temps\" \/><\/div>\r\n<div class=\"container\">\r\n<div class=\"row\">\r\n<div class=\"col-sm-8 col-md-6\">\r\n<div class=\"cta\">\r\n<h1>Condizioni Generali di Vendita<\/h1>\r\n<\/div>\r\n<\/div>\r\n<\/div>\r\n<!--end of row-->\r\n\r\n<\/div>\r\n<!--end of container-->\r\n\r\n<\/section><section class=\"space--xs text-justify\">\r\n<div class=\"container\">\r\n<div class=\"row\">\r\n<div class=\"col-sm-12\">\r\n\r\n    <p>FIDEALIS \u00c8 UN SERVIZIO DI MARCATURA TEMPORALE CHE FORNISCE AI SUOI UTENTI PROVE DIGITALI NON FALSIFICABILI, ARCHIVIATE PER 30 ANNI DA UN UFFICIALE GIUDIZIARIO. LE PRESENTI CONDIZIONI SONO STABILITE PER TUTTI I SITI WEB E SERVIZI DEL GRUPPO FIDEALIS.<\/p>\r\n<h2>ARTICOLO 1 : OGGETTO<\/h2>\r\n <p>Qualsiasi ordine o acquisto di uno dei servizi offerti da SAS FIDEALIS registrato nel RCS di Parigi con il numero 439 117 144 implica l'accettazione, senza riserve, da parte del cliente, e la sua piena e completa adesione alle presenti condizioni di vendita che prevalgono su qualsiasi altro documento dell'acquirente. Qualsiasi altro documento diverso dalle presenti condizioni generali di vendita, in particolare cataloghi, prospetti, annunci, avvisi, ha solo un valore informativo e indicativo, non contrattuale.<\/p>\r\n<h2>ARTICOLO 2 - DESCRIZIONE DEL SERVIZIO DI DEPOSITO<\/h2>\r\n <p>La societ\u00e0 FIDEALIS gestisce un sistema di marcatura temporale elettronica per dare a qualsiasi file digitale, data certa, che \u00e8 anche certificata da un deposito completo, unitario e in tempo reale presso un unico ufficio di un ufficiale giudiziario.<\/p>\r\n\r\n <p>1- Dal sito fidealis.com, la societ\u00e0 FIDEALIS offre un servizio di deposito digitale certificato da ufficiale giudiziario di qualsiasi opera (disegni, modelli, memorie, testi, storie, parole, fotografie,) costituendo un mezzo di prova di paternit\u00e0 e stabilendo la data certa della medesima creazione. FIDEALIS.com \u00e8 quindi un servizio per stabilire una prova di anteriorit\u00e0 sull'esistenza certa in un dato momento di un file digitale.<\/p>\r\n\r\n <p>2- Dal sito www.depotjeux.com, la societ\u00e0 FIDEALIS propone diversi servizi legati ai giochi e ai concorsi. A seconda dell'offerta scelta, FIDEALIS \u00e8 responsabile del deposito e della pubblicazione del regolamento dei concorsi (DJC-AP) o della redazione, deposito e pubblicazione del regolamento dei concorsi (RDJC-AP).<\/p>\r\n\r\n <p>3- Dal sito www.registrergpd.com, la societ\u00e0 FIDEALIS offre un servizio di archiviazione digitale certificata da ufficiale giudiziario di un registro di elaborazioni, che costituisce un mezzo di prova per tutti gli elementi, episodi e le elaborazioni per quanto riguarda gli obblighi di rispetto del regolamento generale sulla protezione dei dati (GDPR) e che stabilisce la data certa e un sigillo digitale. Registrergpd.com \u00e8 un servizio i cui usi, accessi ed estrazioni sono dedicati alle persone interessate, all'interno della societ\u00e0 o organizzazione, al trattamento o all'accesso ai dati personali.<\/p>\r\n<h2>ARTICOLO 3 - ADESIONE AL SERVIZIO DI DEPOSITO DI FIDEALIS<\/h2>\r\n <p>I servizi di deposito offerti dalla societ\u00e0 FIDEALIS sono commercializzati sotto forma di pacchetti di unit\u00e0 di conto chiamati \"gettoni\". Ogni gettone d\u00e0 diritto al deposito (certificato sigillato) di un file digitale o di un'informazione da inserire direttamente nell'interfaccia del sito al quale il cliente si \u00e8 iscritto (Fidealis.com o depotjeux.com o registreRGPD.com). I pacchetti annuali sono validi per un anno a partire dalla data della firma del contratto. I gettoni non utilizzati durante l'anno, sono definitivamente persi e non possono essere ripristinati all'anno successivo. In caso di mancato utilizzo dei gettoni acquistati dal cliente, nessuna richiesta di rimborso parziale o totale sar\u00e0 accettato. La firma di un contratto \u00e8 irrevocabile, e le somme dovute in base a qualsiasi contratto firmato devono essere pagate alla societ\u00e0 FIDEALIS, sia che il cliente utilizzi o meno i servizi acquistati.<\/p>\r\n\r\n <p> L'accesso al deposito \u00e8 soggetto al pagamento anticipato dell'intero prezzo del contratto. Il cliente \u00e8 l'unico responsabile del pagamento di tutte le somme fatturate nell'ambito del presente contratto. Questo contratto non \u00e8 n\u00e9 trasferibile n\u00e9 cedibile ed \u00e8 stabilito per l'uso esclusivo del cliente la cui identit\u00e0 appare sul contratto.\r\n<h2>SEZIONE 4 - TERMINI E CONDIZIONI DEI SERVIZI DI DEPOSITO DI FIDEALIS<\/h2>\r\n <p>Al momento del pagamento dell'intero prezzo del contratto, FIDEALIS attiva, con il nome utente scelto dal cliente, un account direttamente accessibile da quest'ultimo, nell'area utente situata sul sito scelto. Questo account permette al cliente di procedere con le registrazioni e i depositi che desidera fare, di visualizzare lo storico dei suoi depositi e il saldo dei gettoni disponibili.<\/p>\r\n\r\n <p>I depositi sono effettuati o direttamente online dal cliente, che riceve a sua volta una mail accompagnata dalla ricevuta di marcatura temporale del file depositato da FIDEALIS, il cliente avendolo precedentemente reso destinatario delle opere da depositare, preferibilmente sotto forma di file digitale. Per ragioni di riservatezza, solo la registrazione da parte del cliente o del suo responsabile \u00e8 possibile sul sito www.RegistreRGPD.com.<\/p>\r\n\r\n <p>Tutti i documenti, CD, parti, copie, riproduzioni dell'opera da depositare saranno, dopo il loro deposito, distrutti da FIDEALIS, a meno che il cliente non dichiari espressamente il contrario al momento del loro invio. Per i clienti situati a Parigi e nella periferia interna di Parigi, FIDEALIS offre un'opzione \"appuntamento\", permettendo al cliente di richiedere che un membro dello staff di FIDEALIS si rechi al suo domicilio e fotografi i suoi modelli, e pi\u00f9 in generale le opere da registrare. La FIDEALIS pu\u00f2 concedere un massimo di tre appuntamenti all'anno. In caso di controversia tra un cliente e un terzo, FIDEALIS fornisce, su richiesta del cliente e a sue spese, il secondo originale del deposito effettuato presso l'ufficiale giudiziario.<\/p>\r\n<h2>ARTICOLO 5 - TARIFFE<\/h2>\r\n <p>Le tariffe dei vari pacchetti sono presentate sul sito FIDEALIS.com depotjeux.com o registrergpd.com alla pagina \"tariffe\", e sono indicate in euro, tasse escluse, alle quali va aggiunta l'imposta sul valore aggiunto al tasso corrente. FIDEALIS si riserva il diritto di modificare le sue tariffe in qualsiasi momento, in modo che i pacchetti saranno basati sulle tariffe in vigore al momento della loro sottoscrizione.<\/p>\r\n<h2>ARTICOLO 6 - OBBLIGHI DI FIDEALIS<\/h2>\r\n<strong>FIDEALIS si impegna a :<\/strong>\r\n<ul>\r\n \t<li> Soddisfare le richieste dei suoi clienti nei limiti della capacit\u00e0 dei sistemi che gestisce e dei vincoli di qualit\u00e0 dei propri servizi.<\/li>\r\n \t<li>Utilizzare tutti i mezzi a sua disposizione per permettere l'esecuzione del suo servizio di deposito, ma rimane tenuto con un obbligo di mezzi tenendo conto in particolare delle caratteristiche dello strumento elettronico<\/li>\r\n \t<li>Adottare le misure appropriate per garantire la protezione e la riservatezza delle informazioni personali che detiene e tratta nel rispetto delle disposizioni della legge n. 78-17 del 6 gennaio 1978, relativa all'informatica, ai file e alle libert\u00e0. <strong style=\"font-size: 1rem;\">Importante:<\/strong><span style=\"font-size: 1rem;\"> Nell'ambito del servizio di deposito delle regole di gioco, FIDEALIS fornisce i dati di contatto dell'ufficiale giudiziario depositario a titolo indicativo prima del deposito delle regole, e non pu\u00f2 impegnarsi a depositare le regole di gioco presso un ufficio dell'ufficiale giudiziario in particolare entro un periodo di 7 giorni che precede (se non espressamente indicato diversamente per posta o e-mail) il deposito effettivo della versione finale delle regole di gioco. Il servizio di deposito di regole di gioco senza assistenza redazionale (tranne per la parte meccanica del gioco a spese del cliente) permette il deposito di una regola fornita dal cliente che viene presentata cos\u00ec com'\u00e8 all'ufficiale giudiziario per la verifica. In caso le regole non verranno considerate valide dall'ufficiale giudiziario, a sua discrezione, le somme versate a FIDEALIS non saranno rimborsate.<\/span><\/li>\r\n<\/ul>\r\n<h2>ARTICOLO 7 - OBBLIGHI DEL CLIENTE<\/h2>\r\n<strong>Il cliente si impegna a :<\/strong>\r\n<ul>\r\n \t<li>Fornire un indirizzo e-mail valido per ricevere le ricevute dei depositi.<\/li>\r\n \t<li>Inviare, a sue spese, con qualsiasi mezzo di sua convenienza, i documenti o i file digitali da depositare.<\/li>\r\n \t<li>Notificare senza indugio a FIDEALIS qualsiasi cambiamento di nome, forma o altro, a pena di inopponibilit\u00e0.<\/li>\r\n \t<li>Utilizzare i nostri servizi in modo corretto, in particolare che disponga di tutti i diritti d'autore per il deposito.<\/li>\r\n \t<li>Per il servizio di registro certificato online RGPD Register, il cliente, unico responsabile dell'esattezza degli inserimenti e delle registrazioni, si impegna ad alimentare il registro secondo le istruzioni del suo DPO (Data Protection Officer) o del suo Data Controller.<\/li>\r\n<\/ul>\r\n<h2>ARTICOLO 8 - LIMITAZIONI DI GARANZIA<\/h2>\r\n <p>FIDEALIS non \u00e8 responsabile del contenuto del deposito, e spetta al cliente, sia che depositi lui stesso i suoi file o che li trasmetta a terzi per il deposito a FIDEALIS, assicurare la qualit\u00e0 dei documenti trasmessi, come la leggibilit\u00e0 dei testi, la visibilit\u00e0 delle fotografie, la messa in evidenza delle caratteristiche originali dell'opera. FIDEALIS \u00e8 una marcatura temporale terza che non garantisce l'assenza di opere precedenti o l'originalit\u00e0 del lavoro depositato, \u00e8 responsabilit\u00e0 del cliente garantire l'assenza di diritti sulle creazioni e i file che deposita. Il cliente prende atto che FIDEALIS non pu\u00f2 essere ritenuta responsabile in caso di danni diretti o indiretti di cui il presente contratto potrebbe essere causa o occasione, anche nel caso in cui FIDEALIS sia stata informata dell'esistenza di un rischio.<\/p>\r\n\r\n <p>Il cliente prende atto che il deposito non crea diritti di propriet\u00e0 intellettuale e che costituisce una forma di prova. I clienti che affidano la registrazione ai nostri tecnici devono verificare che tutte le informazioni fornite siano effettivamente presenti nella ricevuta di deposito e disporre di 8 (OTTO) giorni per presentare un reclamo. Nell'ambito del servizio Registro RGPD.com, per il quale \u00e8 previsto uno strumento di centralizzazione (il registro RGPD), ogni cui inserimento \u00e8 sigillato e timbrato, \u00e8 opportuno, per ogni cliente (organizzazione, societ\u00e0, ecc.) compilare le categorie di attivit\u00e0 o eventi, e creare elaborazioni online specifiche per la loro attivit\u00e0, i loro flussi di dati interni o esterni, oltre le opzioni standard offerte nell'area utenti del Registro clienti RGPD.com.<\/p>\r\n\r\n <p>Il servizio ha lo scopo di centralizzare le attivit\u00e0 di elaborazione e garantisce l'archiviazione, il sigillo digitale certificato. \u00c8 comunque responsabilit\u00e0 del cliente produrre le informazioni, linea per linea, nel rispetto della normativa vigente. Il Registro GDPR non pu\u00f2 essere ritenuto responsabile per dichiarazioni o contenuti incompleti, falsi o non conformi.<\/p>\r\n\r\n <p>Il cliente \u00e8 consapevole che Fidealis non \u00e8 uno studio legale e quindi non fornisce consulenza legale o consultazione con avvocati. I clienti sono consapevoli che l'azienda non pu\u00f2 essere ritenuta responsabile di eventuali errori di carattere giuridico e hanno il dovere di informarsi.\r\nFIDEALIS non \u00e8 responsabile dell'uso improprio o l'interpretazione errata dei contratti redatti e modificati da Fidealis e ordinati dal cliente, n\u00e9 la societ\u00e0 pu\u00f2 essere ritenuta responsabile per l'inefficacia o il mancato adattamento di un contratto a situazioni o condizioni particolari.<\/p>\r\n<h2>ARTICOLO 9 - GIURISDIZIONE<\/h2>\r\n <p>Quando il cliente \u00e8 un commerciante, qualsiasi controversia derivante dall'interpretazione, dalla conclusione o dall'esecuzione del presente contratto sar\u00e0 portata davanti al Tribunale Commerciale di Parigi. Le presenti condizioni generali di vendita completano le versioni precedenti. Questi termini e condizioni sono validi dal 31 luglio 2018 e sono stati depositati presso SCP FRADIN, ufficiali giudiziari associati il cui ufficio si trova a Lione, 1 quai Jules COURMONT 69002 Lione. Per qualsiasi contratto anteriore a questa data, le condizioni generali valide sono quelle in vigore al momento della firma del contratto. Le condizioni generali di vendita sono stampate sul retro del vostro contratto iniziale, allegate all'e-mail di apertura del conto e inviate via e-mail con il contratto su richiesta.<\/p>\r\n\r\n<\/div>\r\n<\/div>\r\n<!--end of row-->\r\n\r\n<\/div>\r\n<!--end of container-->\r\n\r\n<\/section>","protected":false},"excerpt":{"rendered":"<p>Condizioni Generali di Vendita FIDEALIS \u00c8 UN SERVIZIO DI MARCATURA TEMPORALE CHE FORNISCE AI SUOI UTENTI PROVE DIGITALI NON FALSIFICABILI, ARCHIVIATE PER&#8230;<\/p>\n","protected":false},"author":1,"featured_media":0,"parent":0,"menu_order":0,"comment_status":"closed","ping_status":"closed","template":"","meta":{"_joinchat":[]},"yoast_head":"<!-- This site is optimized with the Yoast SEO plugin v20.3 - https:\/\/yoast.com\/wordpress\/plugins\/seo\/ -->\n<title>Condizioni Generali di Vendita - Fidealis<\/title>\n<meta name=\"robots\" content=\"noindex, follow, max-snippet:-1, max-image-preview:large, max-video-preview:-1\" \/>\n<meta property=\"og:locale\" content=\"it_IT\" \/>\n<meta property=\"og:type\" content=\"article\" \/>\n<meta property=\"og:title\" content=\"Condizioni Generali di Vendita - Fidealis\" \/>\n<meta property=\"og:description\" content=\"Condizioni Generali di Vendita FIDEALIS \u00c8 UN SERVIZIO DI MARCATURA TEMPORALE CHE FORNISCE AI SUOI UTENTI PROVE DIGITALI NON FALSIFICABILI, ARCHIVIATE PER...\" \/>\n<meta property=\"og:url\" content=\"https:\/\/beta.fidealis.com\/it\/condizioni-generali-di-vendita\/\" \/>\n<meta property=\"og:site_name\" content=\"Fidealis\" \/>\n<meta property=\"article:publisher\" content=\"https:\/\/www.facebook.com\/Fidealis-573887362622849\/\" \/>\n<meta name=\"twitter:card\" content=\"summary_large_image\" \/>\n<script type=\"application\/ld+json\" class=\"yoast-schema-graph\">{\"@context\":\"https:\/\/schema.org\",\"@graph\":[{\"@type\":\"WebPage\",\"@id\":\"https:\/\/beta.fidealis.com\/it\/condizioni-generali-di-vendita\/\",\"url\":\"https:\/\/beta.fidealis.com\/it\/condizioni-generali-di-vendita\/\",\"name\":\"Condizioni Generali di Vendita - Fidealis\",\"isPartOf\":{\"@id\":\"https:\/\/beta.fidealis.com\/#website\"},\"datePublished\":\"2021-07-24T12:16:10+00:00\",\"dateModified\":\"2021-07-24T12:16:10+00:00\",\"breadcrumb\":{\"@id\":\"https:\/\/beta.fidealis.com\/it\/condizioni-generali-di-vendita\/#breadcrumb\"},\"inLanguage\":\"it-IT\",\"potentialAction\":[{\"@type\":\"ReadAction\",\"target\":[\"https:\/\/beta.fidealis.com\/it\/condizioni-generali-di-vendita\/\"]}]},{\"@type\":\"BreadcrumbList\",\"@id\":\"https:\/\/beta.fidealis.com\/it\/condizioni-generali-di-vendita\/#breadcrumb\",\"itemListElement\":[{\"@type\":\"ListItem\",\"position\":1,\"name\":\"Accueil\",\"item\":\"https:\/\/beta.fidealis.com\/it\/\"},{\"@type\":\"ListItem\",\"position\":2,\"name\":\"Condizioni Generali di Vendita\"}]},{\"@type\":\"WebSite\",\"@id\":\"https:\/\/beta.fidealis.com\/#website\",\"url\":\"https:\/\/beta.fidealis.com\/\",\"name\":\"Fidealis\",\"description\":\"Fidealis: vous cr\u00e9ez, nous prot\u00e9geons.\",\"publisher\":{\"@id\":\"https:\/\/beta.fidealis.com\/#organization\"},\"potentialAction\":[{\"@type\":\"SearchAction\",\"target\":{\"@type\":\"EntryPoint\",\"urlTemplate\":\"https:\/\/beta.fidealis.com\/?s={search_term_string}\"},\"query-input\":\"required name=search_term_string\"}],\"inLanguage\":\"it-IT\"},{\"@type\":\"Organization\",\"@id\":\"https:\/\/beta.fidealis.com\/#organization\",\"name\":\"Fidealis\",\"url\":\"https:\/\/beta.fidealis.com\/\",\"logo\":{\"@type\":\"ImageObject\",\"inLanguage\":\"it-IT\",\"@id\":\"https:\/\/beta.fidealis.com\/#\/schema\/logo\/image\/\",\"url\":\"https:\/\/www.fidealis.com\/wp-content\/uploads\/2018\/04\/logo-fidealis.png\",\"contentUrl\":\"https:\/\/www.fidealis.com\/wp-content\/uploads\/2018\/04\/logo-fidealis.png\",\"width\":525,\"height\":205,\"caption\":\"Fidealis\"},\"image\":{\"@id\":\"https:\/\/beta.fidealis.com\/#\/schema\/logo\/image\/\"},\"sameAs\":[\"https:\/\/www.facebook.com\/Fidealis-573887362622849\/\"]}]}<\/script>\n<!-- \/ Yoast SEO plugin. -->","yoast_head_json":{"title":"Condizioni Generali di Vendita - Fidealis","robots":{"index":"noindex","follow":"follow","max-snippet":"max-snippet:-1","max-image-preview":"max-image-preview:large","max-video-preview":"max-video-preview:-1"},"og_locale":"it_IT","og_type":"article","og_title":"Condizioni Generali di Vendita - Fidealis","og_description":"Condizioni Generali di Vendita FIDEALIS \u00c8 UN SERVIZIO DI MARCATURA TEMPORALE CHE FORNISCE AI SUOI UTENTI PROVE DIGITALI NON FALSIFICABILI, ARCHIVIATE PER...","og_url":"https:\/\/beta.fidealis.com\/it\/condizioni-generali-di-vendita\/","og_site_name":"Fidealis","article_publisher":"https:\/\/www.facebook.com\/Fidealis-573887362622849\/","twitter_card":"summary_large_image","schema":{"@context":"https:\/\/schema.org","@graph":[{"@type":"WebPage","@id":"https:\/\/beta.fidealis.com\/it\/condizioni-generali-di-vendita\/","url":"https:\/\/beta.fidealis.com\/it\/condizioni-generali-di-vendita\/","name":"Condizioni Generali di Vendita - Fidealis","isPartOf":{"@id":"https:\/\/beta.fidealis.com\/#website"},"datePublished":"2021-07-24T12:16:10+00:00","dateModified":"2021-07-24T12:16:10+00:00","breadcrumb":{"@id":"https:\/\/beta.fidealis.com\/it\/condizioni-generali-di-vendita\/#breadcrumb"},"inLanguage":"it-IT","potentialAction":[{"@type":"ReadAction","target":["https:\/\/beta.fidealis.com\/it\/condizioni-generali-di-vendita\/"]}]},{"@type":"BreadcrumbList","@id":"https:\/\/beta.fidealis.com\/it\/condizioni-generali-di-vendita\/#breadcrumb","itemListElement":[{"@type":"ListItem","position":1,"name":"Accueil","item":"https:\/\/beta.fidealis.com\/it\/"},{"@type":"ListItem","position":2,"name":"Condizioni Generali di Vendita"}]},{"@type":"WebSite","@id":"https:\/\/beta.fidealis.com\/#website","url":"https:\/\/beta.fidealis.com\/","name":"Fidealis","description":"Fidealis: vous cr\u00e9ez, nous prot\u00e9geons.","publisher":{"@id":"https:\/\/beta.fidealis.com\/#organization"},"potentialAction":[{"@type":"SearchAction","target":{"@type":"EntryPoint","urlTemplate":"https:\/\/beta.fidealis.com\/?s={search_term_string}"},"query-input":"required name=search_term_string"}],"inLanguage":"it-IT"},{"@type":"Organization","@id":"https:\/\/beta.fidealis.com\/#organization","name":"Fidealis","url":"https:\/\/beta.fidealis.com\/","logo":{"@type":"ImageObject","inLanguage":"it-IT","@id":"https:\/\/beta.fidealis.com\/#\/schema\/logo\/image\/","url":"https:\/\/www.fidealis.com\/wp-content\/uploads\/2018\/04\/logo-fidealis.png","contentUrl":"https:\/\/www.fidealis.com\/wp-content\/uploads\/2018\/04\/logo-fidealis.png","width":525,"height":205,"caption":"Fidealis"},"image":{"@id":"https:\/\/beta.fidealis.com\/#\/schema\/logo\/image\/"},"sameAs":["https:\/\/www.facebook.com\/Fidealis-573887362622849\/"]}]}},"_links":{"self":[{"href":"https:\/\/beta.fidealis.com\/it\/wp-json\/wp\/v2\/pages\/16691"}],"collection":[{"href":"https:\/\/beta.fidealis.com\/it\/wp-json\/wp\/v2\/pages"}],"about":[{"href":"https:\/\/beta.fidealis.com\/it\/wp-json\/wp\/v2\/types\/page"}],"author":[{"embeddable":true,"href":"https:\/\/beta.fidealis.com\/it\/wp-json\/wp\/v2\/users\/1"}],"replies":[{"embeddable":true,"href":"https:\/\/beta.fidealis.com\/it\/wp-json\/wp\/v2\/comments?post=16691"}],"version-history":[{"count":0,"href":"https:\/\/beta.fidealis.com\/it\/wp-json\/wp\/v2\/pages\/16691\/revisions"}],"wp:attachment":[{"href":"https:\/\/beta.fidealis.com\/it\/wp-json\/wp\/v2\/media?parent=16691"}],"curies":[{"name":"wp","href":"https:\/\/api.w.org\/{rel}","templated":true}]}}