{"id":16710,"date":"2021-07-24T15:06:46","date_gmt":"2021-07-24T13:06:46","guid":{"rendered":"https:\/\/www.fidealis.com\/la-proprieta-intellettuale\/"},"modified":"2021-08-10T08:54:35","modified_gmt":"2021-08-10T06:54:35","slug":"la-proprieta-intellettuale","status":"publish","type":"page","link":"https:\/\/beta.fidealis.com\/it\/la-proprieta-intellettuale\/","title":{"rendered":"La propriet\u00e0 intellettuale"},"content":{"rendered":"<section class=\"cover imagebg text-center height-60 section--ken-burns\" data-overlay=\"4\">\r\n<div class=\"background-image-holder\"><img src=\"https:\/\/beta.fidealis.com\/wp-content\/uploads\/2018\/06\/OCD8BX0.jpg\" alt=\"\" \/><\/div>\r\n<div class=\"container pos-vertical-center\">\r\n<div class=\"row\">\r\n<div class=\"col-sm-8 col-md-9\">\r\n<h1>La propriet\u00e0 intellettuale.<\/h1>\r\n<\/div>\r\n<\/div>\r\n<!--end of row-->\r\n\r\n<\/div>\r\n<!--end of container-->\r\n\r\n<\/section><section class=\"bg--secondary space--xxs\">\r\n<div class=\"container\">\r\n<div class=\"row\">\r\n<div class=\"cta cta--horizontal text-center-xs\">\r\n<div class=\"col-sm-4\">\r\n<h4>Il vostro deposito a partire da 95\u20ac<\/h4>\r\n<\/div>\r\n<div class=\"col-sm-5\">\r\n<p class=\"lead\">Soluzione di protezione della propriet\u00e0 intellettuale<\/p>\r\n\r\n<\/div>\r\n<div class=\"col-sm-3 text-right text-center-xs\"><a class=\"btn btn--primary type--uppercase\" title=\"\" href=\"https:\/\/beta.fidealis.com\/it\/chi-siamo\/contattaci\/\" target=\"\" rel=\"\"> <span class=\"btn__text\"> Richiesta di contatto<\/span> <\/a><\/div>\r\n<\/div>\r\n<\/div>\r\n<!--end of row-->\r\n\r\n<\/div>\r\n<!--end of container-->\r\n\r\n<\/section><section class=\"switchable feature-large space--xxs text-justify\">\r\n<div class=\"container\">\r\n<div class=\"row\">\r\n<div class=\"col-sm-6 col-md-6\">\r\n<div class=\"switchable__text\">\r\n<p class=\"lead\"><span style=\"font-weight: 400;\">La propriet\u00e0 intellettuale \u00e8 un ambito giuridico che d\u00e0 ai creatori diritti esclusivi sulle loro creazioni intellettuali. Il termine propriet\u00e0 intellettuale sembra apparire nel diritto solo nel 1967 con la creazione dell'Organizzazione Mondiale della Propriet\u00e0 Intellettuale (WIPO). La concezione francese della propriet\u00e0 intellettuale consiste allora in un arbitrato tra, misure di protezione volte a incoraggiare la creazione e misure che permettono la divulgazione delle opere.<\/span><\/p>\r\n\r\n<h2 style=\"text-align: left;\">La propriet\u00e0 industriale<\/h2>\r\n<p class=\"lead\"><span style=\"font-weight: 400;\">Il diritto <a href=\"https:\/\/beta.fidealis.com\/it\/it\/la-proprieta-intellettuale\/diritto-della-proprieta-industriale\/\">della propriet\u00e0 industriale<\/a> protegge le invenzioni e le creazioni industriali o commerciali concedendo al loro creatore il monopolio dello sfruttamento. La propriet\u00e0 industriale protegge cos\u00ec le invenzioni tecniche con la registrazione dei brevetti, le creazioni estetiche con il sistema dei disegni e dei modelli e infine i segni distintivi con la registrazione dei marchi e delle menzioni territoriali.<\/span><\/p>\r\n\r\n<\/div>\r\n<\/div>\r\n<div class=\"col-sm-5\">\r\n<div class=\"boxed boxed--lg boxed--border\">\r\n<div class=\"feature feature-2\"><i class=\"icon color--primary icon-Libra-2\"><\/i>\r\n<div class=\"feature__body\">\r\n<h5>Prova riconosciuta in tribunale<\/h5>\r\n<p>Riconosciuti dai tribunali del mondo<\/p>\r\n\r\n<\/div>\r\n<\/div>\r\n<!--end feature-->\r\n<div class=\"feature feature-2\"><i class=\"icon color--primary icon-Security-Check\"><\/i>\r\n<div class=\"feature__body\">\r\n<h5>Certificato dell'ufficiale giudiziario valido a vita<\/h5>\r\n<p>Costituisce in una prova valida a vita<\/p>\r\n\r\n<\/div>\r\n<\/div>\r\n<div class=\"feature feature-2\"><i class=\"icon color--primary icon-Font-Window\"><\/i>\r\n<div class=\"feature__body\">\r\n<h5>Il vostro certificato disponibile in 11 lingue<\/h5>\r\n<p style=\"text-align: left;\">Avrete i vostri depositi in inglese, francese, italiano, cinese, tedesco, portoghese, arabo, spagnolo, coreano, giapponese e russo.<\/p>\r\n\r\n<\/div>\r\n<\/div>\r\n<!--end feature-->\r\n<div class=\"feature feature-2\"><i class=\"icon color--primary icon-Windows-2\"><\/i>\r\n<div class=\"feature__body\">\r\n<h5>Le tue prove disponibili 24\/7<\/h5>\r\n<p>Ricevuta di deposito disponibile online 24\/7.<\/p>\r\n\r\n<\/div>\r\n<\/div>\r\n<!--end feature-->\r\n\r\n<\/div>\r\n<\/div>\r\n<\/div>\r\n<!--end of row-->\r\n\r\n<\/div>\r\n<!--end of container-->\r\n\r\n<\/section><section class=\"bg--secondary text-center space--xxs\">\r\n<div class=\"container\">\r\n<div class=\"row\">\r\n<div class=\"col-sm-12\">\r\n<h2 class=\"addtoppad\">Come registrare e proteggere i miei disegni con Fidealis?<\/h2>\r\n<\/div>\r\n<\/div>\r\n<!--end of row-->\r\n\r\n<\/div>\r\n<!--end of container-->\r\n\r\n<\/section><section class=\"bg--secondary space--xs\">\r\n<div class=\"container\">\r\n<div class=\"row\">\r\n<div class=\"col-sm-4\">\r\n<div class=\"feature feature-2 boxed boxed--border\"><i class=\"icon color--primary icon-Checked-User\"><\/i>\r\n<div class=\"feature__body\">\r\n<p style=\"text-align: center;\"><span class=\"h1 h1--medium\" style=\"color: #d93d3d;\">1.<\/span><\/p>\r\n\r\n<h4 style=\"text-align: center;\">Registrazione<\/h4>\r\n<p style=\"text-align: center;\">Iscriviti gratuitamente.<br>\r\nNessun pagamento verr\u00e0 richiesto.<\/p>\r\n\r\n<\/div>\r\n<\/div>\r\n<!--end feature-->\r\n\r\n<\/div>\r\n<div class=\"col-sm-4\">\r\n<div class=\"feature feature-2 boxed boxed--border\"><i class=\"icon color--primary icon-Security-Settings\"><\/i>\r\n<div class=\"feature__body\">\r\n<p style=\"text-align: center;\"><span class=\"h1 h1--medium\" style=\"color: #d93d3d;\">2.<\/span><\/p>\r\n\r\n<h4 style=\"text-align: center;\">Assistenza<\/h4>\r\n<p style=\"text-align: center;\">Scegli un'offerta adatta alle tue esigenze con l'aiuto di uno dei nostri consulenti.<\/p>\r\n\r\n<\/div>\r\n<\/div>\r\n<!--end feature-->\r\n\r\n<\/div>\r\n<div class=\"col-sm-4\">\r\n<div class=\"feature feature-2 boxed boxed--border\"><i class=\"icon color--primary icon-Security-Check\"><\/i>\r\n<div class=\"feature__body\">\r\n<p style=\"text-align: center;\"><span class=\"h1 h1--medium\" style=\"color: #d93d3d;\">3.<\/span><\/p>\r\n\r\n<h4 style=\"text-align: center;\">Tutela<\/h4>\r\n<p style=\"text-align: center;\">Deposita le tue creazioni online.<br>\r\nSei protetto!<\/p>\r\n\r\n<\/div>\r\n<\/div>\r\n<!--end feature-->\r\n\r\n<\/div>\r\n<\/div>\r\n<!--end of row-->\r\n\r\n<\/div>\r\n<!--end of container-->\r\n\r\n<\/section><section class=\"text-center bg--secondary space--xxs\">\r\n<div class=\"container\">\r\n<div class=\"row\">\r\n<div class=\"col-sm-8 col-md-6\">\r\n<div class=\"cta\">\r\n\r\n<a class=\"btn type--uppercase inner-link btn--primary\" title=\"\" href=\"https:\/\/beta.fidealis.com\/it\/it\/iscrizione\" target=\"_blank\" rel=\"noopener\"><span class=\"btn__text\">Registrati subito<\/span> <\/a>\r\n<p class=\"type--fine-print\" style=\"margin-top: 0.03em; margin-bottom: 1.2em;\">Nessuna carta di credito richiesta.<\/p>\r\n\r\n<\/div>\r\n<\/div>\r\n<\/div>\r\n<!--end of row-->\r\n\r\n<\/div>\r\n<!--end of container-->\r\n\r\n<\/section><section class=\"text-justify space--xxs\">\r\n<div class=\"container\">\r\n<div class=\"row\">\r\n<div class=\"col-sm-6\">\r\n<div class=\"col-left-custom\">\r\n<h2 style=\"text-align: left;\">La propriet\u00e0 letteraria ed artistica<\/h2>\r\n<p class=\"lead\"><span style=\"font-weight: 400;\">La <a href=\"https:\/\/beta.fidealis.com\/it\/it\/la-proprieta-intellettuale\/la-proprieta-letteraria-ed-artistica\/\">propriet\u00e0 letteraria e artistica<\/a> protegge le opere della mente. In Francia, la propriet\u00e0 letteraria e artistica si riferisce al diritto d'autore, ma anche ai diritti connessi. Questi diritti di contiguit\u00e0 proteggono le persone che, pur non essendo <\/span><i><span style=\"font-weight: 400;\">autori<\/span><\/i><span style=\"font-weight: 400;\">, hanno un legame particolare con un'opera.<\/span><\/p>\r\n\r\n<h2 style=\"text-align: left;\">Il diritto d'autore<\/h2>\r\n<p class=\"lead\"><span style=\"font-weight: 400;\">In Francia, quando viene creata un'opera dell'ingegno, <a href=\"https:\/\/beta.fidealis.com\/it\/it\/la-proprieta-intellettuale\/copyright\/\">il diritto d'autore<\/a> conferisce un monopolio di sfruttamento all'autore o ai suoi aventi diritto su un'opera originale dell'ingegno. Questa protezione \u00e8 concessa dal momento in cui l'opera viene creata senza che sia necessaria alcuna formalit\u00e0 di registrazione. Tuttavia, questa protezione \u00e8 limitata in caso di contenzioso e deve essere completata.<\/span><\/p>\r\n\r\n<h2 style=\"text-align: left;\">Il Copyright<\/h2>\r\n<p class=\"lead\"><span style=\"font-weight: 400;\">Come gi\u00e0 detto, quando si crea un'opera originale della mente, le viene concesso il monopolio dello sfruttamento. D'altra parte, questa protezione \u00e8 limitata in caso di contenzioso perch\u00e9 dovrete provare la sua anteriorit\u00e0. \u00c8 quindi necessario completare il diritto d'autore con <a href=\"https:\/\/beta.fidealis.com\/it\/it\/la-proprieta-intellettuale\/il-diritto-dautore-in-francia-e-nel-mondo\/\">un modello o una registrazione di copyright<\/a>.<\/span><\/p>\r\n\r\n<\/div>\r\n<\/div>\r\n<div class=\"col-sm-6\">\r\n<div class=\"col-right-custom\">\r\n<h2 style=\"text-align: left;\">La contraffazione<\/h2>\r\n<p class=\"lead\"><span style=\"font-weight: 400;\">Il rischio maggiore per un creatore \u00e8 che il suo prodotto sia falsificato. Questa contraffazione pu\u00f2 essere una riproduzione, un'imitazione o l'uso totale o parziale del suo diritto di propriet\u00e0 intellettuale. La legge francese protegge i creatori dalla contraffazione. \u00c8 tuttavia necessario essere in grado di provare i propri diritti sulla creazione contestata.<\/span><\/p>\r\n\r\n<h2 style=\"text-align: left;\">Il segreto<\/h2>\r\n<p class=\"lead\"><span style=\"font-weight: 400;\">La segretezza \u00e8 usata dalle aziende per proteggere certe informazioni che non vogliono rivelare alla concorrenza. Il pi\u00f9 delle volte si esprime attraverso accordi di riservatezza. In assenza di una legge specifica che protegga queste informazioni riservate, la protezione offerta dal <a href=\"https:\/\/beta.fidealis.com\/it\/it\/la-proprieta-intellettuale\/la-protezione-garantita-per-i-segreti-aziendali\/\">segreto rimane<\/a> limitata in caso di contenzioso.<\/span><\/p>\r\n\r\n<h2 style=\"text-align: left;\">La propriet\u00e0 intellettuale sulla scena internazionale<\/h2>\r\n<p class=\"lead\"><span style=\"font-weight: 400;\">Il commercio internazionale rende necessaria l'unificazione dei vari regimi nazionali di protezione. Questo \u00e8 il motivo per cui la <a href=\"http:\/\/www.wipo.int\/portal\/fr\/\" target=\"_blank\" rel=\"noopener\">WIPO<\/a> \u00e8 stata creata nel 1967. Questa organizzazione ha 191 membri e promuove lo sviluppo di un sistema internazionale di propriet\u00e0 intellettuale equilibrato ed efficiente. Questo sistema incoraggia l'innovazione e la creativit\u00e0 in un mondo globalizzato.<\/span><\/p>\r\n\r\n<\/div>\r\n<\/div>\r\n<div class=\"col-sm-6\"><\/div>\r\n<\/div>\r\n<!--end of row-->\r\n\r\n<\/div>\r\n<!--end of container-->\r\n\r\n<\/section><section class=\"unpad--bottom switchable cta cta-3 bg--secondary text-center\">\r\n<div class=\"container\">\r\n<div class=\"row\">\r\n<div class=\"col-sm-6 col-md-6\">\r\n<div class=\"switchable__text\">\r\n<h2>Fidealis, tutelate la vostra propriet\u00e0 intellettuale<\/h2>\r\n<p class=\"lead\">La soluzione rivoluzionaria per la protezione dei disegni e delle collezioni, che combina firma elettronica, marcatura temporale e tecnologie blockchain. Le vostre creazioni sono istantaneamente certificate e archiviate in parallelo con l'ufficiale giudiziario.<\/p>\r\n<a class=\"btn type--uppercase inner-link btn--primary\" title=\"\" href=\"https:\/\/beta.fidealis.com\/it\/it\/iscrizione\" target=\"_blank\" rel=\"noopener\"> <span class=\"btn__text\"> Iscriviti grauitamente<\/span><span class=\"label\">senza cdc<\/span> <\/a>\r\n\r\n<\/div>\r\n<\/div>\r\n<div class=\"col-sm-6 col-md-5\"><img class=\"block\" src=\"https:\/\/beta.fidealis.com\/wp-content\/uploads\/2017\/04\/avatar-large-1.png\" alt=\"\" \/><\/div>\r\n<\/div>\r\n<!--end of row-->\r\n\r\n<\/div>\r\n<!--end of container-->\r\n\r\n<\/section>","protected":false},"excerpt":{"rendered":"<p>La propriet\u00e0 intellettuale. Il vostro deposito a partire da 95\u20ac Soluzione di protezione della propriet\u00e0 intellettuale Richiesta di contatto La propriet\u00e0 intellettuale&#8230;<\/p>\n","protected":false},"author":1,"featured_media":0,"parent":0,"menu_order":0,"comment_status":"closed","ping_status":"closed","template":"","meta":{"_joinchat":[]},"yoast_head":"<!-- This site is optimized with the Yoast SEO plugin v20.3 - https:\/\/yoast.com\/wordpress\/plugins\/seo\/ -->\n<title>Fidealis decifra il mondo della Propriet\u00e0 Intellettuale per voi<\/title>\n<meta name=\"description\" content=\"La propriet\u00e0 intellettuale \u00e8 un settore giuridico che conferisce ai creatori diritti esclusivi sulle loro creazioni intellettuali. Fidealis vi spiega tutto sulla Propriet\u00e0 Intellettuale e i suoi limiti.\" \/>\n<meta name=\"robots\" content=\"noindex, follow, max-snippet:-1, max-image-preview:large, max-video-preview:-1\" \/>\n<meta property=\"og:locale\" content=\"it_IT\" \/>\n<meta property=\"og:type\" content=\"article\" \/>\n<meta property=\"og:title\" content=\"Fidealis decifra il mondo della Propriet\u00e0 Intellettuale per voi\" \/>\n<meta property=\"og:description\" content=\"La propriet\u00e0 intellettuale \u00e8 un settore giuridico che conferisce ai creatori diritti esclusivi sulle loro creazioni intellettuali. Fidealis vi spiega tutto sulla Propriet\u00e0 Intellettuale e i suoi limiti.\" \/>\n<meta property=\"og:url\" content=\"https:\/\/beta.fidealis.com\/it\/la-proprieta-intellettuale\/\" \/>\n<meta property=\"og:site_name\" content=\"Fidealis\" \/>\n<meta property=\"article:publisher\" content=\"https:\/\/www.facebook.com\/Fidealis-573887362622849\/\" \/>\n<meta property=\"article:modified_time\" content=\"2021-08-10T06:54:35+00:00\" \/>\n<meta name=\"twitter:card\" content=\"summary_large_image\" \/>\n<script type=\"application\/ld+json\" class=\"yoast-schema-graph\">{\"@context\":\"https:\/\/schema.org\",\"@graph\":[{\"@type\":\"WebPage\",\"@id\":\"https:\/\/beta.fidealis.com\/it\/la-proprieta-intellettuale\/\",\"url\":\"https:\/\/beta.fidealis.com\/it\/la-proprieta-intellettuale\/\",\"name\":\"Fidealis decifra il mondo della Propriet\u00e0 Intellettuale per voi\",\"isPartOf\":{\"@id\":\"https:\/\/beta.fidealis.com\/#website\"},\"datePublished\":\"2021-07-24T13:06:46+00:00\",\"dateModified\":\"2021-08-10T06:54:35+00:00\",\"description\":\"La propriet\u00e0 intellettuale \u00e8 un settore giuridico che conferisce ai creatori diritti esclusivi sulle loro creazioni intellettuali. Fidealis vi spiega tutto sulla Propriet\u00e0 Intellettuale e i suoi limiti.\",\"breadcrumb\":{\"@id\":\"https:\/\/beta.fidealis.com\/it\/la-proprieta-intellettuale\/#breadcrumb\"},\"inLanguage\":\"it-IT\",\"potentialAction\":[{\"@type\":\"ReadAction\",\"target\":[\"https:\/\/beta.fidealis.com\/it\/la-proprieta-intellettuale\/\"]}]},{\"@type\":\"BreadcrumbList\",\"@id\":\"https:\/\/beta.fidealis.com\/it\/la-proprieta-intellettuale\/#breadcrumb\",\"itemListElement\":[{\"@type\":\"ListItem\",\"position\":1,\"name\":\"Accueil\",\"item\":\"https:\/\/beta.fidealis.com\/it\/\"},{\"@type\":\"ListItem\",\"position\":2,\"name\":\"La propriet\u00e0 intellettuale\"}]},{\"@type\":\"WebSite\",\"@id\":\"https:\/\/beta.fidealis.com\/#website\",\"url\":\"https:\/\/beta.fidealis.com\/\",\"name\":\"Fidealis\",\"description\":\"Fidealis: vous cr\u00e9ez, nous prot\u00e9geons.\",\"publisher\":{\"@id\":\"https:\/\/beta.fidealis.com\/#organization\"},\"potentialAction\":[{\"@type\":\"SearchAction\",\"target\":{\"@type\":\"EntryPoint\",\"urlTemplate\":\"https:\/\/beta.fidealis.com\/?s={search_term_string}\"},\"query-input\":\"required name=search_term_string\"}],\"inLanguage\":\"it-IT\"},{\"@type\":\"Organization\",\"@id\":\"https:\/\/beta.fidealis.com\/#organization\",\"name\":\"Fidealis\",\"url\":\"https:\/\/beta.fidealis.com\/\",\"logo\":{\"@type\":\"ImageObject\",\"inLanguage\":\"it-IT\",\"@id\":\"https:\/\/beta.fidealis.com\/#\/schema\/logo\/image\/\",\"url\":\"https:\/\/www.fidealis.com\/wp-content\/uploads\/2018\/04\/logo-fidealis.png\",\"contentUrl\":\"https:\/\/www.fidealis.com\/wp-content\/uploads\/2018\/04\/logo-fidealis.png\",\"width\":525,\"height\":205,\"caption\":\"Fidealis\"},\"image\":{\"@id\":\"https:\/\/beta.fidealis.com\/#\/schema\/logo\/image\/\"},\"sameAs\":[\"https:\/\/www.facebook.com\/Fidealis-573887362622849\/\"]}]}<\/script>\n<!-- \/ Yoast SEO plugin. -->","yoast_head_json":{"title":"Fidealis decifra il mondo della Propriet\u00e0 Intellettuale per voi","description":"La propriet\u00e0 intellettuale \u00e8 un settore giuridico che conferisce ai creatori diritti esclusivi sulle loro creazioni intellettuali. Fidealis vi spiega tutto sulla Propriet\u00e0 Intellettuale e i suoi limiti.","robots":{"index":"noindex","follow":"follow","max-snippet":"max-snippet:-1","max-image-preview":"max-image-preview:large","max-video-preview":"max-video-preview:-1"},"og_locale":"it_IT","og_type":"article","og_title":"Fidealis decifra il mondo della Propriet\u00e0 Intellettuale per voi","og_description":"La propriet\u00e0 intellettuale \u00e8 un settore giuridico che conferisce ai creatori diritti esclusivi sulle loro creazioni intellettuali. Fidealis vi spiega tutto sulla Propriet\u00e0 Intellettuale e i suoi limiti.","og_url":"https:\/\/beta.fidealis.com\/it\/la-proprieta-intellettuale\/","og_site_name":"Fidealis","article_publisher":"https:\/\/www.facebook.com\/Fidealis-573887362622849\/","article_modified_time":"2021-08-10T06:54:35+00:00","twitter_card":"summary_large_image","schema":{"@context":"https:\/\/schema.org","@graph":[{"@type":"WebPage","@id":"https:\/\/beta.fidealis.com\/it\/la-proprieta-intellettuale\/","url":"https:\/\/beta.fidealis.com\/it\/la-proprieta-intellettuale\/","name":"Fidealis decifra il mondo della Propriet\u00e0 Intellettuale per voi","isPartOf":{"@id":"https:\/\/beta.fidealis.com\/#website"},"datePublished":"2021-07-24T13:06:46+00:00","dateModified":"2021-08-10T06:54:35+00:00","description":"La propriet\u00e0 intellettuale \u00e8 un settore giuridico che conferisce ai creatori diritti esclusivi sulle loro creazioni intellettuali. Fidealis vi spiega tutto sulla Propriet\u00e0 Intellettuale e i suoi limiti.","breadcrumb":{"@id":"https:\/\/beta.fidealis.com\/it\/la-proprieta-intellettuale\/#breadcrumb"},"inLanguage":"it-IT","potentialAction":[{"@type":"ReadAction","target":["https:\/\/beta.fidealis.com\/it\/la-proprieta-intellettuale\/"]}]},{"@type":"BreadcrumbList","@id":"https:\/\/beta.fidealis.com\/it\/la-proprieta-intellettuale\/#breadcrumb","itemListElement":[{"@type":"ListItem","position":1,"name":"Accueil","item":"https:\/\/beta.fidealis.com\/it\/"},{"@type":"ListItem","position":2,"name":"La propriet\u00e0 intellettuale"}]},{"@type":"WebSite","@id":"https:\/\/beta.fidealis.com\/#website","url":"https:\/\/beta.fidealis.com\/","name":"Fidealis","description":"Fidealis: vous cr\u00e9ez, nous prot\u00e9geons.","publisher":{"@id":"https:\/\/beta.fidealis.com\/#organization"},"potentialAction":[{"@type":"SearchAction","target":{"@type":"EntryPoint","urlTemplate":"https:\/\/beta.fidealis.com\/?s={search_term_string}"},"query-input":"required name=search_term_string"}],"inLanguage":"it-IT"},{"@type":"Organization","@id":"https:\/\/beta.fidealis.com\/#organization","name":"Fidealis","url":"https:\/\/beta.fidealis.com\/","logo":{"@type":"ImageObject","inLanguage":"it-IT","@id":"https:\/\/beta.fidealis.com\/#\/schema\/logo\/image\/","url":"https:\/\/www.fidealis.com\/wp-content\/uploads\/2018\/04\/logo-fidealis.png","contentUrl":"https:\/\/www.fidealis.com\/wp-content\/uploads\/2018\/04\/logo-fidealis.png","width":525,"height":205,"caption":"Fidealis"},"image":{"@id":"https:\/\/beta.fidealis.com\/#\/schema\/logo\/image\/"},"sameAs":["https:\/\/www.facebook.com\/Fidealis-573887362622849\/"]}]}},"_links":{"self":[{"href":"https:\/\/beta.fidealis.com\/it\/wp-json\/wp\/v2\/pages\/16710"}],"collection":[{"href":"https:\/\/beta.fidealis.com\/it\/wp-json\/wp\/v2\/pages"}],"about":[{"href":"https:\/\/beta.fidealis.com\/it\/wp-json\/wp\/v2\/types\/page"}],"author":[{"embeddable":true,"href":"https:\/\/beta.fidealis.com\/it\/wp-json\/wp\/v2\/users\/1"}],"replies":[{"embeddable":true,"href":"https:\/\/beta.fidealis.com\/it\/wp-json\/wp\/v2\/comments?post=16710"}],"version-history":[{"count":3,"href":"https:\/\/beta.fidealis.com\/it\/wp-json\/wp\/v2\/pages\/16710\/revisions"}],"predecessor-version":[{"id":16932,"href":"https:\/\/beta.fidealis.com\/it\/wp-json\/wp\/v2\/pages\/16710\/revisions\/16932"}],"wp:attachment":[{"href":"https:\/\/beta.fidealis.com\/it\/wp-json\/wp\/v2\/media?parent=16710"}],"curies":[{"name":"wp","href":"https:\/\/api.w.org\/{rel}","templated":true}]}}