{"id":16713,"date":"2021-07-24T15:17:40","date_gmt":"2021-07-24T13:17:40","guid":{"rendered":"https:\/\/www.fidealis.com\/la-proprieta-intellettuale\/come-evitare-la-contraffazione\/"},"modified":"2021-08-10T08:56:34","modified_gmt":"2021-08-10T06:56:34","slug":"come-evitare-la-contraffazione","status":"publish","type":"page","link":"https:\/\/beta.fidealis.com\/it\/la-proprieta-intellettuale\/come-evitare-la-contraffazione\/","title":{"rendered":"Come evitare la contraffazione?"},"content":{"rendered":"<section class=\"cover imagebg text-center height-60 section--ken-burns\" data-overlay=\"4\">\r\n<div class=\"background-image-holder\"><img src=\"https:\/\/beta.fidealis.com\/wp-content\/uploads\/2018\/06\/\u00e9viter-la-contrefa\u00e7on.jpg\" alt=\"\" \/><\/div>\r\n<div class=\"container pos-vertical-center\">\r\n<div class=\"row\">\r\n<div class=\"col-sm-8 col-md-9\">\r\n<h1>Come evitare la contraffazione?<\/h1>\r\n<\/div>\r\n<\/div>\r\n<!--end of row-->\r\n\r\n<\/div>\r\n<!--end of container-->\r\n\r\n<\/section><section class=\"bg--secondary space--xxs\">\r\n<div class=\"container\">\r\n<div class=\"row\">\r\n<div class=\"cta cta--horizontal text-center-xs\">\r\n<div class=\"col-sm-4\">\r\n<h4>Il vostro deposito a partire da 95\u20ac<\/h4>\r\n<\/div>\r\n<div class=\"col-sm-5\">\r\n<p class=\"lead\">Soluzione di protezione contro il furto e la falsificazione<\/p>\r\n\r\n<\/div>\r\n<div class=\"col-sm-3 text-right text-center-xs\"><a class=\"btn btn--primary type--uppercase\" title=\"\" href=\"https:\/\/beta.fidealis.com\/it\/chi-siamo\/contattaci\/\" target=\"\" rel=\"\"> <span class=\"btn__text\"> Richiesta di contatto<\/span> <\/a><\/div>\r\n<\/div>\r\n<\/div>\r\n<!--end of row-->\r\n\r\n<\/div>\r\n<!--end of container-->\r\n\r\n<\/section><section class=\"switchable feature-large space--xxs text-justify\">\r\n<div class=\"container\">\r\n<div class=\"row\">\r\n<div class=\"col-sm-6 col-md-5\">\r\n<div class=\"switchable__text\">\r\n<p class=\"lead\"><span style=\"font-weight: 400;\">La contraffazione \u00e8 definita come la riproduzione totale o parziale, l'imitazione o l'uso di un <a href=\"https:\/\/beta.fidealis.com\/it\/it\/la-proprieta-intellettuale\/\">diritto di propriet\u00e0 intellettuale<\/a> senza l'autorizzazione del suo proprietario.<\/span><\/p>\r\n<p class=\"lead\"><strong>Si stima che la contraffazione<\/strong> rappresenta dal 5 al 10% del commercio mondiale. Minaccia sia il creatore violando il suo monopolio di sfruttamento, che il consumatore creando confusione tra il prodotto originale e quello imitato.<\/p>\r\n<p class=\"lead\">Ecco perch\u00e9, nel contesto della propriet\u00e0 intellettuale e come creatore, \u00e8 importante agire per evitarne la violazione.<\/p>\r\n\r\n<\/div>\r\n<\/div>\r\n<div class=\"col-sm-6\">\r\n<div class=\"boxed boxed--lg boxed--border\">\r\n<div class=\"feature feature-2\"><i class=\"icon color--primary icon-Libra-2\"><\/i>\r\n<div class=\"feature__body\">\r\n<h5>Prova riconosciuta in tribunale<\/h5>\r\n<p>Riconosciuti dai tribunali del mondo<\/p>\r\n\r\n<\/div>\r\n<\/div>\r\n<!--end feature-->\r\n<div class=\"feature feature-2\"><i class=\"icon color--primary icon-Security-Check\"><\/i>\r\n<div class=\"feature__body\">\r\n<h5>Certificato dell'ufficiale giudiziario valido a vita<\/h5>\r\n<p>Costituisce in una prova valida a vita<\/p>\r\n\r\n<\/div>\r\n<\/div>\r\n<div class=\"feature feature-2\"><i class=\"icon color--primary icon-Font-Window\"><\/i>\r\n<div class=\"feature__body\">\r\n<h5>Il vostro certificato disponibile in 11 lingue<\/h5>\r\n<p style=\"text-align: left;\">Avrete i vostri depositi in inglese, francese, italiano, cinese, tedesco, portoghese, arabo, spagnolo, coreano, giapponese e russo.<\/p>\r\n\r\n<\/div>\r\n<\/div>\r\n<!--end feature-->\r\n<div class=\"feature feature-2\"><i class=\"icon color--primary icon-Windows-2\"><\/i>\r\n<div class=\"feature__body\">\r\n<h5>Le tue prove disponibili 24\/7<\/h5>\r\n<p>Fidealis ti tutela dalla contraffazione!<\/p>\r\n\r\n<\/div>\r\n<\/div>\r\n<!--end feature-->\r\n\r\n<\/div>\r\n<\/div>\r\n<\/div>\r\n<!--end of row-->\r\n\r\n<\/div>\r\n<!--end of container-->\r\n\r\n<\/section><section class=\"bg--secondary text-center space--xxs\">\r\n<div class=\"container\">\r\n<div class=\"row\">\r\n<div class=\"col-sm-12\">\r\n<h2 class=\"addtoppad\">Fidealis vi protegge dalla contraffazione!<\/h2>\r\n<\/div>\r\n<\/div>\r\n<!--end of row-->\r\n\r\n<\/div>\r\n<!--end of container-->\r\n\r\n<\/section><section class=\"bg--secondary space--xs\">\r\n<div class=\"container\">\r\n<div class=\"row\">\r\n<div class=\"col-sm-4\">\r\n<div class=\"feature feature-2 boxed boxed--border\"><i class=\"icon color--primary icon-Checked-User\"><\/i>\r\n<div class=\"feature__body\">\r\n<p style=\"text-align: center;\"><span class=\"h1 h1--medium\" style=\"color: #d93d3d;\">1.<\/span><\/p>\r\n\r\n<h4 style=\"text-align: center;\">Registrazione<\/h4>\r\n<p style=\"text-align: center;\">Iscriviti gratuitamente.<br>\r\nNessun pagamento verr\u00e0 richiesto.<\/p>\r\n\r\n<\/div>\r\n<\/div>\r\n<!--end feature-->\r\n\r\n<\/div>\r\n<div class=\"col-sm-4\">\r\n<div class=\"feature feature-2 boxed boxed--border\"><i class=\"icon color--primary icon-Security-Settings\"><\/i>\r\n<div class=\"feature__body\">\r\n<p style=\"text-align: center;\"><span class=\"h1 h1--medium\" style=\"color: #d93d3d;\">2.<\/span><\/p>\r\n\r\n<h4 style=\"text-align: center;\">Assistenza<\/h4>\r\n<p style=\"text-align: center;\">Scegli un'offerta adatta alle tue esigenze con l'aiuto di uno dei nostri consulenti.<\/p>\r\n\r\n<\/div>\r\n<\/div>\r\n<!--end feature-->\r\n\r\n<\/div>\r\n<div class=\"col-sm-4\">\r\n<div class=\"feature feature-2 boxed boxed--border\"><i class=\"icon color--primary icon-Security-Check\"><\/i>\r\n<div class=\"feature__body\">\r\n<p style=\"text-align: center;\"><span class=\"h1 h1--medium\" style=\"color: #d93d3d;\">3.<\/span><\/p>\r\n\r\n<h4 style=\"text-align: center;\">Tutela<\/h4>\r\n<p style=\"text-align: center;\">Deposita le tue creazioni online.<br>\r\nSei protetto!<\/p>\r\n\r\n<\/div>\r\n<\/div>\r\n<!--end feature-->\r\n\r\n<\/div>\r\n<\/div>\r\n<!--end of row-->\r\n\r\n<\/div>\r\n<!--end of container-->\r\n\r\n<\/section><section class=\"text-center bg--secondary space--xxs\">\r\n<div class=\"container\">\r\n<div class=\"row\">\r\n<div class=\"col-sm-8 col-md-6\">\r\n<div class=\"cta\">\r\n\r\n<a class=\"btn type--uppercase inner-link btn--primary\" title=\"\" href=\"https:\/\/beta.fidealis.com\/it\/it\/iscrizione\" target=\"_blank\" rel=\"noopener\"><span class=\"btn__text\">Registrati subito<\/span> <\/a>\r\n<p class=\"type--fine-print\" style=\"margin-top: 0.03em; margin-bottom: 1.2em;\">Nessuna carta di credito richiesta.<\/p>\r\n\r\n<\/div>\r\n<\/div>\r\n<\/div>\r\n<!--end of row-->\r\n\r\n<\/div>\r\n<!--end of container-->\r\n\r\n<\/section><section class=\"text-justify space--xxs\">\r\n<div class=\"container\">\r\n<div class=\"row\">\r\n<div class=\"col-sm-6\">\r\n<div class=\"col-left-custom\">\r\n<h2 style=\"text-align: left;\">Requisiti per intentare un'azione in caso di infrazione<\/h2>\r\n<p class=\"lead\"><span style=\"font-weight: 400;\">Credete di essere una vittima della contraffazione? Prima di intraprendere qualsiasi azione, assicuratevi che i vostri diritti siano riconosciuti: <\/span><\/p>\r\n\r\n<ul class=\"bullets\">\r\n \t<li class=\"lead li-blocked\"><b>Anteriorit\u00e0<\/b><span style=\"font-weight: 400;\">: Il deposito o la creazione della vostra opera deve essere precedente a quella del presunto trasgressore.<\/span><\/li>\r\n \t<li class=\"lead li-blocked\"><b>In vigore<\/b><span style=\"font-weight: 400;\">: assicuratevi che i diritti sulla vostra opera, marchio o brevetto siano ancora in vigore.<\/span><\/li>\r\n \t<li class=\"lead li-blocked\"><b>Protetto sul territorio interessato<\/b><span style=\"font-weight: 400;\">: per esempio, non potrete agire per violazione in Spagna se i diritti sono validi solo in Francia.<\/span><\/li>\r\n \t<li class=\"lead li-blocked\"><b>Regolare<\/b><span style=\"font-weight: 400;\">: se i suoi diritti derivano da una cessione, si assicuri che sia regolare.<\/span><\/li>\r\n \t<li class=\"lead li-blocked\"><b>Tangibile<\/b><span style=\"font-weight: 400;\">: \u00e8 richiesta la prova del deposito, della registrazione o della creazione.<\/span><\/li>\r\n<\/ul>\r\n<h2 style=\"text-align: left;\">Come agire in caso di contraffazione?<\/h2>\r\n<p class=\"lead\"><span style=\"font-weight: 400;\">Potrete agire attraverso procedimenti penali o civili. Deve essere rappresentato da un avvocato. La procedura civile \u00e8 semplice da attuare e dura da 2 a 3 anni. La procedura penale \u00e8 pi\u00f9 macchinosa e spesso molto lunga.<\/span><\/p>\r\n\r\n<\/div>\r\n<\/div>\r\n<div class=\"col-sm-6\">\r\n<p class=\"lead\"><span style=\"font-weight: 400;\">\u00c8 raccomandato per le contraffazioni da alto importo. <\/span><\/p>\r\n\r\n<div class=\"col-right-custom\">\r\n<p class=\"lead\">In entrambi i casi, civile e penale, il trasgressore pu\u00f2 essere condannato:<\/p>\r\n\r\n<ul class=\"bullets\">\r\n \t<li class=\"lead li-blocked\"><span style=\"font-weight: 400;\">Al pagamento del <\/span><b>risarcimento<\/b><span style=\"font-weight: 400;\"> calcolato in base al <strong>danno<\/strong> subito dalla vittima.<\/span><\/li>\r\n \t<li class=\"lead li-blocked\"><span style=\"font-weight: 400;\">A <\/span><b>Cessare le azioni di falsificazione<\/b><span style=\"font-weight: 400;\"> e procedere al ritiro delle copie da tutti i canali commerciali.<\/span><\/li>\r\n<\/ul>\r\n<p class=\"lead\">In caso di sanzione penale, il contraffattore \u00e8 passibile di una pena di 7 anni di prigione e di una multa fino a 750.000 \u20ac.<\/p>\r\n\r\n<h2 style=\"text-align: left;\">Tutelatevi contro la contraffazione<\/h2>\r\n<p class=\"lead\"><span style=\"font-weight: 400;\">Per lottare contro la contraffazione, \u00e8 necessario dimostrare di essere il proprietario dei diritti sulle creazioni falsificate. Questo pu\u00f2 essere fatto registrando o depositando le vostre creazioni intellettuali. A Fidealis, vi offriamo la possibilit\u00e0 di <\/span><a href=\"https:\/\/beta.fidealis.com\/it\/it\/la-proprieta-intellettuale\/il-diritto-dautore-in-francia-e-nel-mondo\/\"><b>registrare un copyright sulle vostre creazioni.<\/b><\/a><span style=\"font-weight: 400;\">\u00a0Le vostre creazioni sono poi depositate presso un ufficiale giudiziario, firmate e timbrate.<\/span><\/p>\r\n<p class=\"lead\">Questa registrazione vi permette di far valere immediatamente i vostri diritti in caso di violazione.<\/p>\r\n\r\n<\/div>\r\n<\/div>\r\n<div class=\"col-sm-6\"><\/div>\r\n<\/div>\r\n<!--end of row-->\r\n\r\n<\/div>\r\n<!--end of container-->\r\n\r\n<\/section><section class=\"unpad--bottom switchable cta cta-3 bg--secondary text-center\">\r\n<div class=\"container\">\r\n<div class=\"row\">\r\n<div class=\"col-sm-6 col-md-5\">\r\n<div class=\"switchable__text\">\r\n<h3><span style=\"color: #db3b29;\">Proteggetevi dalle frodi con Fidealis<\/span><\/h3>\r\n<p class=\"lead\">La soluzione rivoluzionaria per la protezione dei disegni e delle collezioni, che combina firma elettronica, marcatura temporale e tecnologie blockchain. Le vostre creazioni sono istantaneamente certificate e archiviate in simultanea presso l'ufficiale giudiziario.<\/p>\r\n<a class=\"btn type--uppercase inner-link btn--primary\" title=\"\" href=\"https:\/\/beta.fidealis.com\/it\/it\/iscrizione\" target=\"_blank\" rel=\"noopener\"> <span class=\"btn__text\"> Iscriviti gratuitamente<\/span><span class=\"label\">senza cdc<\/span> <\/a>\r\n\r\n<\/div>\r\n<\/div>\r\n<div class=\"col-sm-6 col-md-5\"><img class=\"block\" src=\"https:\/\/beta.fidealis.com\/wp-content\/uploads\/2018\/08\/Eviter-la-contrefa\u00e7on.png\" alt=\"soyez rassur\u00e9 avec le d\u00e9p\u00f4t Fidealis\" \/><\/div>\r\n<\/div>\r\n<!--end of row-->\r\n\r\n<\/div>\r\n<!--end of container-->\r\n\r\n<\/section>","protected":false},"excerpt":{"rendered":"<p>Come evitare la contraffazione? Il vostro deposito a partire da 95\u20ac Soluzione di protezione contro il furto e la falsificazione Richiesta di&#8230;<\/p>\n","protected":false},"author":1,"featured_media":0,"parent":16710,"menu_order":0,"comment_status":"closed","ping_status":"closed","template":"","meta":{"_joinchat":[]},"yoast_head":"<!-- This site is optimized with the Yoast SEO plugin v20.3 - https:\/\/yoast.com\/wordpress\/plugins\/seo\/ -->\n<title>Propriet\u00e0 intellettuale: Come evitare la contraffazione.<\/title>\n<meta name=\"description\" content=\"Si stima che la contraffazione rappresenti dal 5 al 10% del commercio mondiale. Minaccia sia il creatore violando il suo monopolio di sfruttamento, che il consumatore creando confusione. Scopri come combattere la contraffazione.\" \/>\n<meta name=\"robots\" content=\"noindex, follow, max-snippet:-1, max-image-preview:large, max-video-preview:-1\" \/>\n<meta property=\"og:locale\" content=\"it_IT\" \/>\n<meta property=\"og:type\" content=\"article\" \/>\n<meta property=\"og:title\" content=\"Propriet\u00e0 intellettuale: Come evitare la contraffazione.\" \/>\n<meta property=\"og:description\" content=\"Si stima che la contraffazione rappresenti dal 5 al 10% del commercio mondiale. Minaccia sia il creatore violando il suo monopolio di sfruttamento, che il consumatore creando confusione. Scopri come combattere la contraffazione.\" \/>\n<meta property=\"og:url\" content=\"https:\/\/beta.fidealis.com\/it\/la-proprieta-intellettuale\/come-evitare-la-contraffazione\/\" \/>\n<meta property=\"og:site_name\" content=\"Fidealis\" \/>\n<meta property=\"article:publisher\" content=\"https:\/\/www.facebook.com\/Fidealis-573887362622849\/\" \/>\n<meta property=\"article:modified_time\" content=\"2021-08-10T06:56:34+00:00\" \/>\n<meta name=\"twitter:card\" content=\"summary_large_image\" \/>\n<script type=\"application\/ld+json\" class=\"yoast-schema-graph\">{\"@context\":\"https:\/\/schema.org\",\"@graph\":[{\"@type\":\"WebPage\",\"@id\":\"https:\/\/beta.fidealis.com\/it\/la-proprieta-intellettuale\/come-evitare-la-contraffazione\/\",\"url\":\"https:\/\/beta.fidealis.com\/it\/la-proprieta-intellettuale\/come-evitare-la-contraffazione\/\",\"name\":\"Propriet\u00e0 intellettuale: Come evitare la contraffazione.\",\"isPartOf\":{\"@id\":\"https:\/\/beta.fidealis.com\/#website\"},\"datePublished\":\"2021-07-24T13:17:40+00:00\",\"dateModified\":\"2021-08-10T06:56:34+00:00\",\"description\":\"Si stima che la contraffazione rappresenti dal 5 al 10% del commercio mondiale. Minaccia sia il creatore violando il suo monopolio di sfruttamento, che il consumatore creando confusione. Scopri come combattere la contraffazione.\",\"breadcrumb\":{\"@id\":\"https:\/\/beta.fidealis.com\/it\/la-proprieta-intellettuale\/come-evitare-la-contraffazione\/#breadcrumb\"},\"inLanguage\":\"it-IT\",\"potentialAction\":[{\"@type\":\"ReadAction\",\"target\":[\"https:\/\/beta.fidealis.com\/it\/la-proprieta-intellettuale\/come-evitare-la-contraffazione\/\"]}]},{\"@type\":\"BreadcrumbList\",\"@id\":\"https:\/\/beta.fidealis.com\/it\/la-proprieta-intellettuale\/come-evitare-la-contraffazione\/#breadcrumb\",\"itemListElement\":[{\"@type\":\"ListItem\",\"position\":1,\"name\":\"Accueil\",\"item\":\"https:\/\/beta.fidealis.com\/it\/\"},{\"@type\":\"ListItem\",\"position\":2,\"name\":\"La propriet\u00e0 intellettuale\",\"item\":\"https:\/\/beta.fidealis.com\/it\/la-proprieta-intellettuale\/\"},{\"@type\":\"ListItem\",\"position\":3,\"name\":\"Come evitare la contraffazione?\"}]},{\"@type\":\"WebSite\",\"@id\":\"https:\/\/beta.fidealis.com\/#website\",\"url\":\"https:\/\/beta.fidealis.com\/\",\"name\":\"Fidealis\",\"description\":\"Fidealis: vous cr\u00e9ez, nous prot\u00e9geons.\",\"publisher\":{\"@id\":\"https:\/\/beta.fidealis.com\/#organization\"},\"potentialAction\":[{\"@type\":\"SearchAction\",\"target\":{\"@type\":\"EntryPoint\",\"urlTemplate\":\"https:\/\/beta.fidealis.com\/?s={search_term_string}\"},\"query-input\":\"required name=search_term_string\"}],\"inLanguage\":\"it-IT\"},{\"@type\":\"Organization\",\"@id\":\"https:\/\/beta.fidealis.com\/#organization\",\"name\":\"Fidealis\",\"url\":\"https:\/\/beta.fidealis.com\/\",\"logo\":{\"@type\":\"ImageObject\",\"inLanguage\":\"it-IT\",\"@id\":\"https:\/\/beta.fidealis.com\/#\/schema\/logo\/image\/\",\"url\":\"https:\/\/www.fidealis.com\/wp-content\/uploads\/2018\/04\/logo-fidealis.png\",\"contentUrl\":\"https:\/\/www.fidealis.com\/wp-content\/uploads\/2018\/04\/logo-fidealis.png\",\"width\":525,\"height\":205,\"caption\":\"Fidealis\"},\"image\":{\"@id\":\"https:\/\/beta.fidealis.com\/#\/schema\/logo\/image\/\"},\"sameAs\":[\"https:\/\/www.facebook.com\/Fidealis-573887362622849\/\"]}]}<\/script>\n<!-- \/ Yoast SEO plugin. -->","yoast_head_json":{"title":"Propriet\u00e0 intellettuale: Come evitare la contraffazione.","description":"Si stima che la contraffazione rappresenti dal 5 al 10% del commercio mondiale. Minaccia sia il creatore violando il suo monopolio di sfruttamento, che il consumatore creando confusione. Scopri come combattere la contraffazione.","robots":{"index":"noindex","follow":"follow","max-snippet":"max-snippet:-1","max-image-preview":"max-image-preview:large","max-video-preview":"max-video-preview:-1"},"og_locale":"it_IT","og_type":"article","og_title":"Propriet\u00e0 intellettuale: Come evitare la contraffazione.","og_description":"Si stima che la contraffazione rappresenti dal 5 al 10% del commercio mondiale. Minaccia sia il creatore violando il suo monopolio di sfruttamento, che il consumatore creando confusione. Scopri come combattere la contraffazione.","og_url":"https:\/\/beta.fidealis.com\/it\/la-proprieta-intellettuale\/come-evitare-la-contraffazione\/","og_site_name":"Fidealis","article_publisher":"https:\/\/www.facebook.com\/Fidealis-573887362622849\/","article_modified_time":"2021-08-10T06:56:34+00:00","twitter_card":"summary_large_image","schema":{"@context":"https:\/\/schema.org","@graph":[{"@type":"WebPage","@id":"https:\/\/beta.fidealis.com\/it\/la-proprieta-intellettuale\/come-evitare-la-contraffazione\/","url":"https:\/\/beta.fidealis.com\/it\/la-proprieta-intellettuale\/come-evitare-la-contraffazione\/","name":"Propriet\u00e0 intellettuale: Come evitare la contraffazione.","isPartOf":{"@id":"https:\/\/beta.fidealis.com\/#website"},"datePublished":"2021-07-24T13:17:40+00:00","dateModified":"2021-08-10T06:56:34+00:00","description":"Si stima che la contraffazione rappresenti dal 5 al 10% del commercio mondiale. Minaccia sia il creatore violando il suo monopolio di sfruttamento, che il consumatore creando confusione. Scopri come combattere la contraffazione.","breadcrumb":{"@id":"https:\/\/beta.fidealis.com\/it\/la-proprieta-intellettuale\/come-evitare-la-contraffazione\/#breadcrumb"},"inLanguage":"it-IT","potentialAction":[{"@type":"ReadAction","target":["https:\/\/beta.fidealis.com\/it\/la-proprieta-intellettuale\/come-evitare-la-contraffazione\/"]}]},{"@type":"BreadcrumbList","@id":"https:\/\/beta.fidealis.com\/it\/la-proprieta-intellettuale\/come-evitare-la-contraffazione\/#breadcrumb","itemListElement":[{"@type":"ListItem","position":1,"name":"Accueil","item":"https:\/\/beta.fidealis.com\/it\/"},{"@type":"ListItem","position":2,"name":"La propriet\u00e0 intellettuale","item":"https:\/\/beta.fidealis.com\/it\/la-proprieta-intellettuale\/"},{"@type":"ListItem","position":3,"name":"Come evitare la contraffazione?"}]},{"@type":"WebSite","@id":"https:\/\/beta.fidealis.com\/#website","url":"https:\/\/beta.fidealis.com\/","name":"Fidealis","description":"Fidealis: vous cr\u00e9ez, nous prot\u00e9geons.","publisher":{"@id":"https:\/\/beta.fidealis.com\/#organization"},"potentialAction":[{"@type":"SearchAction","target":{"@type":"EntryPoint","urlTemplate":"https:\/\/beta.fidealis.com\/?s={search_term_string}"},"query-input":"required name=search_term_string"}],"inLanguage":"it-IT"},{"@type":"Organization","@id":"https:\/\/beta.fidealis.com\/#organization","name":"Fidealis","url":"https:\/\/beta.fidealis.com\/","logo":{"@type":"ImageObject","inLanguage":"it-IT","@id":"https:\/\/beta.fidealis.com\/#\/schema\/logo\/image\/","url":"https:\/\/www.fidealis.com\/wp-content\/uploads\/2018\/04\/logo-fidealis.png","contentUrl":"https:\/\/www.fidealis.com\/wp-content\/uploads\/2018\/04\/logo-fidealis.png","width":525,"height":205,"caption":"Fidealis"},"image":{"@id":"https:\/\/beta.fidealis.com\/#\/schema\/logo\/image\/"},"sameAs":["https:\/\/www.facebook.com\/Fidealis-573887362622849\/"]}]}},"_links":{"self":[{"href":"https:\/\/beta.fidealis.com\/it\/wp-json\/wp\/v2\/pages\/16713"}],"collection":[{"href":"https:\/\/beta.fidealis.com\/it\/wp-json\/wp\/v2\/pages"}],"about":[{"href":"https:\/\/beta.fidealis.com\/it\/wp-json\/wp\/v2\/types\/page"}],"author":[{"embeddable":true,"href":"https:\/\/beta.fidealis.com\/it\/wp-json\/wp\/v2\/users\/1"}],"replies":[{"embeddable":true,"href":"https:\/\/beta.fidealis.com\/it\/wp-json\/wp\/v2\/comments?post=16713"}],"version-history":[{"count":4,"href":"https:\/\/beta.fidealis.com\/it\/wp-json\/wp\/v2\/pages\/16713\/revisions"}],"predecessor-version":[{"id":16933,"href":"https:\/\/beta.fidealis.com\/it\/wp-json\/wp\/v2\/pages\/16713\/revisions\/16933"}],"up":[{"embeddable":true,"href":"https:\/\/beta.fidealis.com\/it\/wp-json\/wp\/v2\/pages\/16710"}],"wp:attachment":[{"href":"https:\/\/beta.fidealis.com\/it\/wp-json\/wp\/v2\/media?parent=16713"}],"curies":[{"name":"wp","href":"https:\/\/api.w.org\/{rel}","templated":true}]}}