{"id":16715,"date":"2021-07-24T15:34:26","date_gmt":"2021-07-24T13:34:26","guid":{"rendered":"https:\/\/www.fidealis.com\/protection-oeuvre\/"},"modified":"2021-08-17T11:56:00","modified_gmt":"2021-08-17T09:56:00","slug":"protection-oeuvre","status":"publish","type":"page","link":"https:\/\/beta.fidealis.com\/it\/il-deposito-online-di-modelli\/protection-oeuvre\/","title":{"rendered":"Protection \u0153uvre"},"content":{"rendered":"    <section class=\"cover imagebg text-center height-60 section--ken-burns\" data-overlay=\"5\">\r\n        <div class=\"background-image-holder\"><img alt=\"\" src=\"https:\/\/beta.fidealis.com\/wp-content\/uploads\/2018\/06\/protection-oeuvre.jpg\"><\/div>\r\n        <div class=\"container pos-vertical-center\">\r\n            <div class=\"row\">\r\n                <div class=\"col-sm-8 col-md-9\">\r\n                    \r\n                        <h1>Registrare e proteggere un lavoro creativo online<\/h1>\r\n                    \r\n                <\/div>\r\n            <\/div>\r\n            <!--end of row-->\r\n        <\/div>\r\n        <!--end of container-->\r\n    <\/section>\r\n    <section class=\"bg--secondary space--xxs\">\r\n        <div class=\"container\">\r\n            <div class=\"row\">\r\n                <div class=\"cta cta--horizontal text-center-xs\">\r\n                    <div class=\"col-sm-4\">\r\n                        <h4>Registrazione a partire da 95\u20ac<\/h4>\r\n                    <\/div>\r\n                    <div class=\"col-sm-5\">\r\n                        <p class=\"lead\"> Proteggere il proprio lavoro creativo registrandone il copyright<\/p>\r\n                    <\/div>\r\n                    <div class=\"col-sm-3 text-right text-center-xs\">\r\n                        <a title=\"\" class=\"btn btn--primary type--uppercase\" href=\"https:\/\/beta.fidealis.com\/it\/chi-siamo\/contattaci\/\" target=\"\" rel=\"\"> <span class=\"btn__text\">                            Richiesta di contatto<\/span> <\/a>\r\n                    <\/div>\r\n                <\/div>\r\n            <\/div>\r\n            <!--end of row-->\r\n        <\/div>\r\n        <!--end of container-->\r\n    <\/section>\r\n    <section class=\"switchable feature-large  text-justify space--xxs\">\r\n        <div class=\"container\">\r\n            <div class=\"row\">\r\n                <div class=\"col-sm-6 col-md-6\">\r\n                    <div class=\"switchable__text\">\r\n                        <h2 class=\"left\">Proteggere il lavoro creativo \u00e8 una questione etica ed economica per i creatori<\/h2>\r\n                        <div class=\"right\">\u00a0<\/div>\r\n                        <p class=\"lead\">In caso di controversia, un autore che vuole rivendicare la propriet\u00e0 di un'opera dell'ingegno o di un'opera letteraria o artistica deve fornire la prova della data della sua creazione. \u00c8 quindi essenziale, per proteggersi contro le diverse forme di plagio e di violazione, registrare e ottenere il diritto d'autore o il brevetto di quest'opera creativa non appena viene creata e prima di qualsiasi divulgazione.<\/p>\r\n                        <p class=\"lead\"><a href=\"https:\/\/beta.fidealis.com\/it\/it\/il-deposito-online-di-modelli\/\">Il diritto d'autore<\/a> consiste nello stabilire una prova probatoria del legame tra la data di registrazione (da parte di un terzo, un \"testimone\" probatorio), l'identit\u00e0 della persona che ha <\/p>\r\n                        <p class=\"lead\">I diritti di protezione creativa stabiliti permetteranno all'autore di autorizzare o proibire l'uso della sua opera, di opporsi alla sua distribuzione, se \u00e8 stata fatta senza consenso, di chiedere un compenso (royalty, copyright, licenza...) o di esercitare i suoi diritti in tribunale.<\/p>\r\n                    <\/div>\r\n                <\/div>\r\n                <div class=\"col-sm-5\">\r\n                    <div class=\"boxed boxed--lg boxed--border\">\r\n                        <div class=\"feature feature-2\"> <i class=\"icon color--primary icon-Libra-2\"><\/i>\r\n                            <div class=\"feature__body\">\r\n                                <h5>Prova riconosciuta in tribunale<\/h5>\r\n                                <p>Riconosciuti dai tribunali del mondo<\/p>\r\n                            <\/div>\r\n                        <\/div>\r\n                        <!--end feature-->\r\n                        <div class=\"feature feature-2\"> <i class=\"icon color--primary icon-Security-Check\"><\/i>\r\n                            <div class=\"feature__body\">\r\n                                <h5>Certificato dell'ufficiale giudiziario valido a vita<\/h5>\r\n                                <p>Costituisce in una prova valida a vita<\/p>\r\n                            <\/div>\r\n                        <\/div>\r\n                        <div class=\"feature feature-2\"> <i class=\"icon color--primary icon-Font-Window\"><\/i>\r\n                            <div class=\"feature__body\">\r\n                                <h5>Il vostro certificato disponibile in 11 lingue<\/h5>\r\n                                <p style=\"text-align: left;\">Avrete i vostri depositi in inglese, francese, italiano, cinese, tedesco, portoghese, arabo, spagnolo, coreano, giapponese e russo.<\/p>\r\n                            <\/div>\r\n                        <\/div>\r\n                        <!--end feature-->\r\n                        <div class=\"feature feature-2\"> <i class=\"icon color--primary icon-Windows-2\"><\/i>\r\n                            <div class=\"feature__body\">\r\n                                <h5>Le tue prove disponibili 24\/7<\/h5>\r\n                                <p>Ricevuta di deposito disponibile online 24\/7.<\/p>\r\n                            <\/div>\r\n                        <\/div>\r\n                        <!--end feature-->\r\n                    <\/div>\r\n                <\/div>\r\n            <\/div>\r\n            <!--end of row-->\r\n        <\/div>\r\n        <!--end of container-->\r\n    <\/section>\r\n    <section class=\"bg--secondary text-center space--xxs\">\r\n        <div class=\"container\">\r\n            <div class=\"row\">\r\n                <div class=\"col-sm-12\">\r\n                    <h2 class=\"addtoppad\">Come posso proteggere il mio lavoro creativo?<\/h2>\r\n                <\/div>\r\n            <\/div>\r\n            <!--end of row-->\r\n        <\/div>\r\n        <!--end of container-->\r\n    <\/section>\r\n    <section class=\"bg--secondary space--xs\">\r\n        <div class=\"container\">\r\n            <div class=\"row\">\r\n                <div class=\"col-sm-4\">\r\n                    <div class=\"feature feature-2 boxed boxed--border\"> <i class=\"icon color--primary icon-Checked-User\"><\/i>\r\n                        <div class=\"feature__body\">\r\n                            <p style=\"text-align: center;\"><span class=\"h1 h1--medium\" style=\"color: #d93d3d;\">1.<\/span><\/p>\r\n                            <h4 style=\"text-align: center;\">Registrazione<\/h4>\r\n                            <p style=\"text-align: center;\">Iscriviti gratuitamente.<br>Nessun pagamento verr\u00e0 richiesto.<\/p>\r\n                        <\/div>\r\n                    <\/div>\r\n                    <!--end feature-->\r\n                <\/div>\r\n                <div class=\"col-sm-4\">\r\n                    <div class=\"feature feature-2 boxed boxed--border\"> <i class=\"icon color--primary icon-Security-Settings\"><\/i>\r\n                        <div class=\"feature__body\">\r\n                            <p style=\"text-align: center;\"><span class=\"h1 h1--medium\" style=\"color: #d93d3d;\">2.<\/span><\/p>\r\n                            <h4 style=\"text-align: center;\">Assistenza<\/h4>\r\n                            <p style=\"text-align: center;\">Scegli un'offerta adatta alle tue esigenze con l'aiuto di uno dei nostri consulenti.<\/p>\r\n                        <\/div>\r\n                    <\/div>\r\n                    <!--end feature-->\r\n                <\/div>\r\n                <div class=\"col-sm-4\">\r\n                    <div class=\"feature feature-2 boxed boxed--border\"> <i class=\"icon color--primary icon-Security-Check\"><\/i>\r\n                        <div class=\"feature__body\">\r\n                            <p style=\"text-align: center;\"><span class=\"h1 h1--medium\" style=\"color: #d93d3d;\">3.<\/span><\/p>\r\n                            <h4 style=\"text-align: center;\">Tutela<\/h4>\r\n                            <p style=\"text-align: center;\">Deposita le tue creazioni online.<br> Sei protetto!<\/p>\r\n                        <\/div>\r\n                    <\/div>\r\n                    <!--end feature-->\r\n                <\/div>\r\n            <\/div>\r\n            <!--end of row-->\r\n        <\/div>\r\n        <!--end of container-->\r\n    <\/section>\r\n    <section class=\"text-center  bg--secondary space--xxs\">\r\n        <div class=\"container\">\r\n            <div class=\"row\">\r\n                <div class=\"col-sm-8 col-md-6\">\r\n                    <div class=\"cta\"> <a title=\"\" class=\"btn type--uppercase inner-link btn--primary\" href=\"https:\/\/beta.fidealis.com\/it\/it\/iscrizione\" target=\"_blank\" rel=\"noopener\"><span class=\"btn__text\">Registrati subito<\/span>                    <\/a>\r\n                        \r\n                            <p class=\"type--fine-print\" style=\"margin-top: 0.03em;margin-bottom:1.2em;\">Nessuna carta di credito richiesta.<\/p>\r\n                        \r\n                    <\/div>\r\n                <\/div>\r\n            <\/div>\r\n            <!--end of row-->\r\n        <\/div>\r\n        <!--end of container-->\r\n    <\/section>\r\n    <section class=\"feature-large switchable  text-justify space--xs\">\r\n        <div class=\"container\">\r\n            <div class=\"row\">\r\n                <div class=\"col-md-6 col-sm-6\"> <img class=\"border--round box-shadow-wide\" alt=\"\" src=\"https:\/\/beta.fidealis.com\/wp-content\/uploads\/2018\/06\/d\u00e9poser-en-ligne.jpg\"> <\/div>\r\n                <div class=\"col-sm-6 col-md-5\">\r\n                    <div class=\"heading-block\">\r\n                        <h2>Legislazione e protezione del lavoro creativo<\/h2>\r\n                        <div class=\"right\"><\/div>\r\n                        <p class=\"lead\">La protezione del lavoro \u00e8 regolata:<\/p>\r\n                        <ul class=\"bullets\">\r\n                            <li class=\"lead li-blocked\">dal Codice della Propriet\u00e0 Intellettuale (Libro III) che definisce le regole e le sanzioni relative al diritto d'autore (\"diritto d'autore invenzione della mente\" e \"diritto d'autore opera letteraria\/artistica\") <\/li>\r\n                            <li class=\"lead li-blocked\">dalla giurisprudenza legata agli sviluppi culturali e all'emergere delle nuove tecnologie (diritti e responsabilit\u00e0 dell'host, formalizzazione delle osservazioni su Internet, diritto dei marchi sulla rete Adwords, ecc.)<\/li>\r\n                            <li class=\"lead li-blocked\">dalla Convenzione di Berna e i suoi testi correlati, per quanto riguarda la protezione dell'opera creativa a livello internazionale. <\/li>\r\n                        <\/ul>\r\n                        <p class=\"lead\">Per quanto riguarda lo statuto territoriale, la protezione dell'opera creativa all'estero prima della sua prima divulgazione \u00e8 una questione di diritto locale. Ci\u00f2 potrebbe subordinare il riconoscimento del diritto d'autore all'espletamento di formalit\u00e0 preliminari che dovrebbero poi essere rispettate (Convenzione di Berna, riveduta, articolo 3).<\/p>\r\n                    <\/div>\r\n                <\/div>\r\n            <\/div>\r\n            <!--end of row-->\r\n        <\/div>\r\n        <!--end of container-->\r\n    <\/section>\r\n    <section class=\"imagebg\" data-overlay=\"6\">\r\n        <div class=\"background-image-holder\"> <img alt=\"prot\u00e9ger vos \u0153uvres et cr\u00e9ations par un copyright\" src=\"https:\/\/beta.fidealis.com\/wp-content\/uploads\/2018\/08\/prote\u0301ger-une-oeuvre-cre\u0301ation.jpg\"> <\/div>\r\n        <div class=\"container\">\r\n            <div class=\"row\">\r\n                <div class=\"col-sm-8 col-md-6\">\r\n                    <div class=\"cta\">\r\n                        \r\n                            <h2><span style=\"color: #ffffff;\"><strong>Dove si pu\u00f2 trovare una soluzione di copyright affidabile e duratura?<\/strong><\/span><\/h2>\r\n                            <p class=\"lead\">Con la sua esperienza nell'invenzione del diritto d'autore e nel lavoro creativo, Fidealis assicura la registrazione online, fornisce agli autori mezzi a prova di falsificazione per proteggere la loro opera in caso di contraffazione, plagio di contenuti, parassitismo o concorrenza sleale, sia in Francia che all'estero.<\/p>\r\n                            <p class=\"lead\">Una procedura semplice, rapida ed efficace per gli autori preoccupati di far rispettare i loro diritti e di eventuali controversie future:<\/p>\r\n                            <ul class=\"bullets\">\r\n                                <li class=\"lead li-blocked\" style=\"color: #fff;\">Registrazione ufficiale online e in tempo reale con effetto immediato<\/li>\r\n                                <li class=\"lead li-blocked\" style=\"color: #fff;\">Timestamp, firma elettronica e ricevuta di registrazione per la prova della propriet\u00e0 e della data di creazione.<\/li>\r\n                            <\/ul>\r\n                        \r\n                    <\/div>\r\n                <\/div>\r\n            <\/div>\r\n            <!--end of row-->\r\n        <\/div>\r\n        <!--end of container-->\r\n    <\/section>\r\n    <section class=\"unpad--bottom switchable cta cta-3  bg--secondary switchable--switch text-center\">\r\n        <div class=\"container\">\r\n            <div class=\"row\">\r\n                <div class=\"col-sm-6 col-md-6\">\r\n                    <div class=\"switchable__text\">\r\n                        \r\n                            <h2>Abbiate totale fiducia in Fidealis per la protezione delle opere creative<\/h2>\r\n                            <p class=\"lead\">Una soluzione innovativa nella protezione di opere creative, disegni e progetti che combina tecnologie di firma elettronica, timestamping e blockchain. Il tuo lavoro creativo \u00e8 immediatamente certificato ufficialmente e archiviato.<\/p>\r\n                        \r\n                        <a title=\"\" class=\"btn type--uppercase inner-link btn--primary\" href=\"https:\/\/beta.fidealis.com\/it\/it\/iscrizione\" target=\"_blank\" rel=\"noopener\"> <span class=\"btn__text\">                            iscriviti gratuitamente<\/span><span class=\"label\">senza cdc<\/span> <\/a>\r\n                    <\/div>\r\n                <\/div>\r\n                <div class=\"col-sm-6 col-md-5\"> <img class=\"block\" alt=\"d\u00e9p\u00f4t de copyright Fidealis\" src=\"https:\/\/beta.fidealis.com\/wp-content\/uploads\/2018\/08\/droit-dauteur-1.png\"> <\/div>\r\n            <\/div>\r\n            <!--end of row-->\r\n        <\/div>\r\n        <!--end of container-->\r\n    <\/section>\r\n    \r\n","protected":false},"excerpt":{"rendered":"<p>Registrare e proteggere un lavoro creativo online Registrazione a partire da 95\u20ac Proteggere il proprio lavoro creativo registrandone il copyright Richiesta di&#8230;<\/p>\n","protected":false},"author":1,"featured_media":0,"parent":16752,"menu_order":0,"comment_status":"closed","ping_status":"closed","template":"","meta":{"_joinchat":[]},"yoast_head":"<!-- This site is optimized with the Yoast SEO plugin v20.3 - https:\/\/yoast.com\/wordpress\/plugins\/seo\/ -->\n<title>D\u00e9poser et Prot\u00e9ger une \u0152uvre avec le d\u00e9p\u00f4t de Copyright<\/title>\n<meta name=\"description\" content=\"Prot\u00e9ger une oeuvre, un enjeu \u00e9thique et \u00e9conomique pour les cr\u00e9ateurs. En cas de contentieux, l\u2019auteur, qui en revendique la paternit\u00e9 devra rapporter la preuve de la date de sa cr\u00e9ation. Le d\u00e9p\u00f4t en ligne est la meilleur solution pour cela.\" \/>\n<meta name=\"robots\" content=\"noindex, follow, max-snippet:-1, max-image-preview:large, max-video-preview:-1\" \/>\n<meta property=\"og:locale\" content=\"it_IT\" \/>\n<meta property=\"og:type\" content=\"article\" \/>\n<meta property=\"og:title\" content=\"D\u00e9poser et Prot\u00e9ger une \u0152uvre avec le d\u00e9p\u00f4t de Copyright\" \/>\n<meta property=\"og:description\" content=\"Prot\u00e9ger une oeuvre, un enjeu \u00e9thique et \u00e9conomique pour les cr\u00e9ateurs. En cas de contentieux, l\u2019auteur, qui en revendique la paternit\u00e9 devra rapporter la preuve de la date de sa cr\u00e9ation. Le d\u00e9p\u00f4t en ligne est la meilleur solution pour cela.\" \/>\n<meta property=\"og:url\" content=\"https:\/\/beta.fidealis.com\/it\/il-deposito-online-di-modelli\/protection-oeuvre\/\" \/>\n<meta property=\"og:site_name\" content=\"Fidealis\" \/>\n<meta property=\"article:publisher\" content=\"https:\/\/www.facebook.com\/Fidealis-573887362622849\/\" \/>\n<meta property=\"article:modified_time\" content=\"2021-08-17T09:56:00+00:00\" \/>\n<meta name=\"twitter:card\" content=\"summary_large_image\" \/>\n<script type=\"application\/ld+json\" class=\"yoast-schema-graph\">{\"@context\":\"https:\/\/schema.org\",\"@graph\":[{\"@type\":\"WebPage\",\"@id\":\"https:\/\/beta.fidealis.com\/it\/il-deposito-online-di-modelli\/protection-oeuvre\/\",\"url\":\"https:\/\/beta.fidealis.com\/it\/il-deposito-online-di-modelli\/protection-oeuvre\/\",\"name\":\"D\u00e9poser et Prot\u00e9ger une \u0152uvre avec le d\u00e9p\u00f4t de Copyright\",\"isPartOf\":{\"@id\":\"https:\/\/beta.fidealis.com\/#website\"},\"datePublished\":\"2021-07-24T13:34:26+00:00\",\"dateModified\":\"2021-08-17T09:56:00+00:00\",\"description\":\"Prot\u00e9ger une oeuvre, un enjeu \u00e9thique et \u00e9conomique pour les cr\u00e9ateurs. En cas de contentieux, l\u2019auteur, qui en revendique la paternit\u00e9 devra rapporter la preuve de la date de sa cr\u00e9ation. Le d\u00e9p\u00f4t en ligne est la meilleur solution pour cela.\",\"breadcrumb\":{\"@id\":\"https:\/\/beta.fidealis.com\/it\/il-deposito-online-di-modelli\/protection-oeuvre\/#breadcrumb\"},\"inLanguage\":\"it-IT\",\"potentialAction\":[{\"@type\":\"ReadAction\",\"target\":[\"https:\/\/beta.fidealis.com\/it\/il-deposito-online-di-modelli\/protection-oeuvre\/\"]}]},{\"@type\":\"BreadcrumbList\",\"@id\":\"https:\/\/beta.fidealis.com\/it\/il-deposito-online-di-modelli\/protection-oeuvre\/#breadcrumb\",\"itemListElement\":[{\"@type\":\"ListItem\",\"position\":1,\"name\":\"Accueil\",\"item\":\"https:\/\/beta.fidealis.com\/it\/\"},{\"@type\":\"ListItem\",\"position\":2,\"name\":\"Il deposito online di modelli\",\"item\":\"https:\/\/beta.fidealis.com\/it\/il-deposito-online-di-modelli\/\"},{\"@type\":\"ListItem\",\"position\":3,\"name\":\"Protection \u0153uvre\"}]},{\"@type\":\"WebSite\",\"@id\":\"https:\/\/beta.fidealis.com\/#website\",\"url\":\"https:\/\/beta.fidealis.com\/\",\"name\":\"Fidealis\",\"description\":\"Fidealis: vous cr\u00e9ez, nous prot\u00e9geons.\",\"publisher\":{\"@id\":\"https:\/\/beta.fidealis.com\/#organization\"},\"potentialAction\":[{\"@type\":\"SearchAction\",\"target\":{\"@type\":\"EntryPoint\",\"urlTemplate\":\"https:\/\/beta.fidealis.com\/?s={search_term_string}\"},\"query-input\":\"required name=search_term_string\"}],\"inLanguage\":\"it-IT\"},{\"@type\":\"Organization\",\"@id\":\"https:\/\/beta.fidealis.com\/#organization\",\"name\":\"Fidealis\",\"url\":\"https:\/\/beta.fidealis.com\/\",\"logo\":{\"@type\":\"ImageObject\",\"inLanguage\":\"it-IT\",\"@id\":\"https:\/\/beta.fidealis.com\/#\/schema\/logo\/image\/\",\"url\":\"https:\/\/www.fidealis.com\/wp-content\/uploads\/2018\/04\/logo-fidealis.png\",\"contentUrl\":\"https:\/\/www.fidealis.com\/wp-content\/uploads\/2018\/04\/logo-fidealis.png\",\"width\":525,\"height\":205,\"caption\":\"Fidealis\"},\"image\":{\"@id\":\"https:\/\/beta.fidealis.com\/#\/schema\/logo\/image\/\"},\"sameAs\":[\"https:\/\/www.facebook.com\/Fidealis-573887362622849\/\"]}]}<\/script>\n<!-- \/ Yoast SEO plugin. -->","yoast_head_json":{"title":"D\u00e9poser et Prot\u00e9ger une \u0152uvre avec le d\u00e9p\u00f4t de Copyright","description":"Prot\u00e9ger une oeuvre, un enjeu \u00e9thique et \u00e9conomique pour les cr\u00e9ateurs. En cas de contentieux, l\u2019auteur, qui en revendique la paternit\u00e9 devra rapporter la preuve de la date de sa cr\u00e9ation. Le d\u00e9p\u00f4t en ligne est la meilleur solution pour cela.","robots":{"index":"noindex","follow":"follow","max-snippet":"max-snippet:-1","max-image-preview":"max-image-preview:large","max-video-preview":"max-video-preview:-1"},"og_locale":"it_IT","og_type":"article","og_title":"D\u00e9poser et Prot\u00e9ger une \u0152uvre avec le d\u00e9p\u00f4t de Copyright","og_description":"Prot\u00e9ger une oeuvre, un enjeu \u00e9thique et \u00e9conomique pour les cr\u00e9ateurs. En cas de contentieux, l\u2019auteur, qui en revendique la paternit\u00e9 devra rapporter la preuve de la date de sa cr\u00e9ation. Le d\u00e9p\u00f4t en ligne est la meilleur solution pour cela.","og_url":"https:\/\/beta.fidealis.com\/it\/il-deposito-online-di-modelli\/protection-oeuvre\/","og_site_name":"Fidealis","article_publisher":"https:\/\/www.facebook.com\/Fidealis-573887362622849\/","article_modified_time":"2021-08-17T09:56:00+00:00","twitter_card":"summary_large_image","schema":{"@context":"https:\/\/schema.org","@graph":[{"@type":"WebPage","@id":"https:\/\/beta.fidealis.com\/it\/il-deposito-online-di-modelli\/protection-oeuvre\/","url":"https:\/\/beta.fidealis.com\/it\/il-deposito-online-di-modelli\/protection-oeuvre\/","name":"D\u00e9poser et Prot\u00e9ger une \u0152uvre avec le d\u00e9p\u00f4t de Copyright","isPartOf":{"@id":"https:\/\/beta.fidealis.com\/#website"},"datePublished":"2021-07-24T13:34:26+00:00","dateModified":"2021-08-17T09:56:00+00:00","description":"Prot\u00e9ger une oeuvre, un enjeu \u00e9thique et \u00e9conomique pour les cr\u00e9ateurs. En cas de contentieux, l\u2019auteur, qui en revendique la paternit\u00e9 devra rapporter la preuve de la date de sa cr\u00e9ation. Le d\u00e9p\u00f4t en ligne est la meilleur solution pour cela.","breadcrumb":{"@id":"https:\/\/beta.fidealis.com\/it\/il-deposito-online-di-modelli\/protection-oeuvre\/#breadcrumb"},"inLanguage":"it-IT","potentialAction":[{"@type":"ReadAction","target":["https:\/\/beta.fidealis.com\/it\/il-deposito-online-di-modelli\/protection-oeuvre\/"]}]},{"@type":"BreadcrumbList","@id":"https:\/\/beta.fidealis.com\/it\/il-deposito-online-di-modelli\/protection-oeuvre\/#breadcrumb","itemListElement":[{"@type":"ListItem","position":1,"name":"Accueil","item":"https:\/\/beta.fidealis.com\/it\/"},{"@type":"ListItem","position":2,"name":"Il deposito online di modelli","item":"https:\/\/beta.fidealis.com\/it\/il-deposito-online-di-modelli\/"},{"@type":"ListItem","position":3,"name":"Protection \u0153uvre"}]},{"@type":"WebSite","@id":"https:\/\/beta.fidealis.com\/#website","url":"https:\/\/beta.fidealis.com\/","name":"Fidealis","description":"Fidealis: vous cr\u00e9ez, nous prot\u00e9geons.","publisher":{"@id":"https:\/\/beta.fidealis.com\/#organization"},"potentialAction":[{"@type":"SearchAction","target":{"@type":"EntryPoint","urlTemplate":"https:\/\/beta.fidealis.com\/?s={search_term_string}"},"query-input":"required name=search_term_string"}],"inLanguage":"it-IT"},{"@type":"Organization","@id":"https:\/\/beta.fidealis.com\/#organization","name":"Fidealis","url":"https:\/\/beta.fidealis.com\/","logo":{"@type":"ImageObject","inLanguage":"it-IT","@id":"https:\/\/beta.fidealis.com\/#\/schema\/logo\/image\/","url":"https:\/\/www.fidealis.com\/wp-content\/uploads\/2018\/04\/logo-fidealis.png","contentUrl":"https:\/\/www.fidealis.com\/wp-content\/uploads\/2018\/04\/logo-fidealis.png","width":525,"height":205,"caption":"Fidealis"},"image":{"@id":"https:\/\/beta.fidealis.com\/#\/schema\/logo\/image\/"},"sameAs":["https:\/\/www.facebook.com\/Fidealis-573887362622849\/"]}]}},"_links":{"self":[{"href":"https:\/\/beta.fidealis.com\/it\/wp-json\/wp\/v2\/pages\/16715"}],"collection":[{"href":"https:\/\/beta.fidealis.com\/it\/wp-json\/wp\/v2\/pages"}],"about":[{"href":"https:\/\/beta.fidealis.com\/it\/wp-json\/wp\/v2\/types\/page"}],"author":[{"embeddable":true,"href":"https:\/\/beta.fidealis.com\/it\/wp-json\/wp\/v2\/users\/1"}],"replies":[{"embeddable":true,"href":"https:\/\/beta.fidealis.com\/it\/wp-json\/wp\/v2\/comments?post=16715"}],"version-history":[{"count":5,"href":"https:\/\/beta.fidealis.com\/it\/wp-json\/wp\/v2\/pages\/16715\/revisions"}],"predecessor-version":[{"id":17009,"href":"https:\/\/beta.fidealis.com\/it\/wp-json\/wp\/v2\/pages\/16715\/revisions\/17009"}],"up":[{"embeddable":true,"href":"https:\/\/beta.fidealis.com\/it\/wp-json\/wp\/v2\/pages\/16752"}],"wp:attachment":[{"href":"https:\/\/beta.fidealis.com\/it\/wp-json\/wp\/v2\/media?parent=16715"}],"curies":[{"name":"wp","href":"https:\/\/api.w.org\/{rel}","templated":true}]}}