{"id":16718,"date":"2021-07-24T15:53:53","date_gmt":"2021-07-24T13:53:53","guid":{"rendered":"https:\/\/www.fidealis.com\/la-proprieta-intellettuale\/la-proprieta-letteraria-ed-artistica\/"},"modified":"2021-08-12T16:28:31","modified_gmt":"2021-08-12T14:28:31","slug":"la-proprieta-letteraria-ed-artistica","status":"publish","type":"page","link":"https:\/\/beta.fidealis.com\/it\/la-proprieta-intellettuale\/la-proprieta-letteraria-ed-artistica\/","title":{"rendered":"La propriet\u00e0 letteraria ed artistica"},"content":{"rendered":"<section class=\"cover imagebg text-center height-60 section--ken-burns\" data-overlay=\"4\">\r\n<div class=\"background-image-holder\"><img src=\"https:\/\/beta.fidealis.com\/wp-content\/uploads\/2018\/07\/copyrright-litteraire.jpg\" alt=\"\" \/><\/div>\r\n<div class=\"container pos-vertical-center\">\r\n<div class=\"row\">\r\n<div class=\"col-sm-8 col-md-9\">\r\n<h1>La propriet\u00e0 letteraria ed artistica<\/h1>\r\n<\/div>\r\n<\/div>\r\n<!--end of row-->\r\n\r\n<\/div>\r\n<!--end of container-->\r\n\r\n<\/section><section class=\"bg--secondary space--xxs\">\r\n<div class=\"container\">\r\n<div class=\"row\">\r\n<div class=\"cta cta--horizontal text-center-xs\">\r\n<div class=\"col-sm-4\">\r\n<h4>Il vostro deposito a partire da 95\u20ac<\/h4>\r\n<\/div>\r\n<div class=\"col-sm-5\">\r\n<p class=\"lead\">Deposito nella propriet\u00e0 letteraria e artistica<\/p>\r\n\r\n<\/div>\r\n<div class=\"col-sm-3 text-right text-center-xs\"><a class=\"btn btn--primary type--uppercase\" title=\"\" href=\"https:\/\/beta.fidealis.com\/it\/chi-siamo\/contattaci\/\" target=\"\" rel=\"\"> <span class=\"btn__text\"> Richiesta di contatto<\/span> <\/a><\/div>\r\n<\/div>\r\n<\/div>\r\n<!--end of row-->\r\n\r\n<\/div>\r\n<!--end of container-->\r\n\r\n<\/section><section class=\"switchable feature-large space--xxs text-justify\">\r\n<div class=\"container\">\r\n<div class=\"row\">\r\n<div class=\"col-sm-6 col-md-5\">\r\n<div class=\"switchable__text\">\r\n<p class=\"lead\"><span style=\"color: #000000;\"><span style=\"font-weight: 400;\">Il diritto della propriet\u00e0 letteraria e artistica \u00e8, insieme alla propriet\u00e0 industriale, una delle <a href=\"https:\/\/beta.fidealis.com\/it\/it\/la-proprieta-intellettuale\/\">componenti della propriet\u00e0 intellettuale<\/a>. <\/span><\/span><\/p>\r\n<p class=\"lead\">Essa permette di proteggere un'opera della mente. Riprenderemo le caratteristiche della propriet\u00e0 letteraria e artistica e le condizioni di questa protezione.<\/p>\r\n\r\n<div class=\"col-left-custom\">\r\n<h2 style=\"text-align: left;\">Definizione e caratteristiche della propriet\u00e0 letteraria e artistica<\/h2>\r\n<p class=\"lead\">In Francia, la propriet\u00e0 letteraria e artistica comprende sia <strong>il diritto d'autore<\/strong> che i diritti connessi.<\/p>\r\n\r\n<\/div>\r\n<\/div>\r\n<\/div>\r\n<div class=\"col-sm-6\">\r\n<div class=\"boxed boxed--lg boxed--border\">\r\n<div class=\"feature feature-2\"><i class=\"icon color--primary icon-Libra-2\"><\/i>\r\n<div class=\"feature__body\">\r\n<h5>Prova riconosciuta in tribunale<\/h5>\r\n<p>Riconosciuti dai tribunali del mondo<\/p>\r\n\r\n<\/div>\r\n<\/div>\r\n<!--end feature-->\r\n<div class=\"feature feature-2\"><i class=\"icon color--primary icon-Security-Check\"><\/i>\r\n<div class=\"feature__body\">\r\n<h5>Certificato dell'ufficiale giudiziario valido a vita<\/h5>\r\n<p>Costituisce in una prova valida a vita<\/p>\r\n\r\n<\/div>\r\n<\/div>\r\n<div class=\"feature feature-2\"><i class=\"icon color--primary icon-Font-Window\"><\/i>\r\n<div class=\"feature__body\">\r\n<h5>Il vostro certificato disponibile in 11 lingue<\/h5>\r\n<p style=\"text-align: left;\">Avrete i vostri depositi in inglese, francese, italiano, cinese, tedesco, portoghese, arabo, spagnolo, coreano, giapponese e russo.<\/p>\r\n\r\n<\/div>\r\n<\/div>\r\n<!--end feature-->\r\n<div class=\"feature feature-2\"><i class=\"icon color--primary icon-Windows-2\"><\/i>\r\n<div class=\"feature__body\">\r\n<h5>Le tue prove disponibili 24\/7<\/h5>\r\nRicevuta di deposito disponibile online 24\/7.\r\n\r\n<\/div>\r\n<\/div>\r\n<!--end feature-->\r\n\r\n<\/div>\r\n<\/div>\r\n<\/div>\r\n<!--end of row-->\r\n\r\n<\/div>\r\n<!--end of container-->\r\n\r\n<\/section><section class=\"bg--secondary text-center space--xxs\">\r\n<div class=\"container\">\r\n<div class=\"row\">\r\n<div class=\"col-sm-12\">\r\n<h2 class=\"addtoppad\">Fidealis, tuteliamo le vostre opere letterarie ed artistiche<\/h2>\r\n<\/div>\r\n<\/div>\r\n<!--end of row-->\r\n\r\n<\/div>\r\n<!--end of container-->\r\n\r\n<\/section><section class=\"bg--secondary space--xs\">\r\n<div class=\"container\">\r\n<div class=\"row\">\r\n<div class=\"col-sm-4\">\r\n<div class=\"feature feature-2 boxed boxed--border\"><i class=\"icon color--primary icon-Checked-User\"><\/i>\r\n<div class=\"feature__body\">\r\n<p style=\"text-align: center;\"><span class=\"h1 h1--medium\" style=\"color: #d93d3d;\">1.<\/span><\/p>\r\n\r\n<h4 style=\"text-align: center;\">Registrazione<\/h4>\r\n<p style=\"text-align: center;\">Iscriviti gratuitamente.<br>\r\nNessun pagamento verr\u00e0 richiesto.<\/p>\r\n\r\n<\/div>\r\n<\/div>\r\n<!--end feature-->\r\n\r\n<\/div>\r\n<div class=\"col-sm-4\">\r\n<div class=\"feature feature-2 boxed boxed--border\"><i class=\"icon color--primary icon-Security-Settings\"><\/i>\r\n<div class=\"feature__body\">\r\n<p style=\"text-align: center;\"><span class=\"h1 h1--medium\" style=\"color: #d93d3d;\">2.<\/span><\/p>\r\n\r\n<h4 style=\"text-align: center;\">Assistenza<\/h4>\r\n<p style=\"text-align: center;\">Scegli un'offerta adatta alle tue esigenze con l'aiuto di uno dei nostri consulenti.<\/p>\r\n\r\n<\/div>\r\n<\/div>\r\n<!--end feature-->\r\n\r\n<\/div>\r\n<div class=\"col-sm-4\">\r\n<div class=\"feature feature-2 boxed boxed--border\"><i class=\"icon color--primary icon-Security-Check\"><\/i>\r\n<div class=\"feature__body\">\r\n<p style=\"text-align: center;\"><span class=\"h1 h1--medium\" style=\"color: #d93d3d;\">3.<\/span><\/p>\r\n\r\n<h4 style=\"text-align: center;\">Tutela<\/h4>\r\n<p style=\"text-align: center;\">Deposita le tue creazioni online.<br>\r\nSei protetto!<\/p>\r\n\r\n<\/div>\r\n<\/div>\r\n<!--end feature-->\r\n\r\n<\/div>\r\n<\/div>\r\n<!--end of row-->\r\n\r\n<\/div>\r\n<!--end of container-->\r\n\r\n<\/section><section class=\"text-center bg--secondary space--xxs\">\r\n<div class=\"container\">\r\n<div class=\"row\">\r\n<div class=\"col-sm-8 col-md-6\">\r\n<div class=\"cta\">\r\n\r\n<a class=\"btn type--uppercase inner-link btn--primary\" title=\"\" href=\"https:\/\/beta.fidealis.com\/it\/it\/iscrizione\" target=\"_blank\" rel=\"noopener\"><span class=\"btn__text\">Registrati subito<\/span> <\/a>\r\n<p class=\"type--fine-print\" style=\"margin-top: 0.03em; margin-bottom: 1.2em;\">Nessuna carta di credito richiesta.<\/p>\r\n\r\n<\/div>\r\n<\/div>\r\n<\/div>\r\n<!--end of row-->\r\n\r\n<\/div>\r\n<!--end of container-->\r\n\r\n<\/section><section class=\"text-justify space--xxs\">\r\n<div class=\"container\">\r\n<div class=\"row\">\r\n<div class=\"col-sm-6\">\r\n<p class=\"lead\"><a href=\"https:\/\/beta.fidealis.com\/it\/la-proprieta-intellettuale\/copyright\/\">Il copyright<\/a> pu\u00f2 essere definito come l'insieme delle prerogative esclusive che un creatore ha sulla sua opera.<\/p>\r\n<p class=\"lead\">Il copyright consiste in:<\/p>\r\n\r\n<ul class=\"bullets\">\r\n \t<li class=\"lead li-blocked\"><strong>Il diritto patrimoniale<\/strong> sono legati all'opera e che permettono all'autore di decidere le condizioni di sfruttamento della sua opera.<\/li>\r\n \t<li class=\"lead li-blocked\">I diritti extra-patrimoniali o <strong>diritti morali<\/strong> sono legati alla personalit\u00e0 dell'autore e gli danno il diritto di divulgare la sua opera, di chiederne il ritiro, di rivendicare la paternit\u00e0 e infine il diritto al rispetto della sua opera.<\/li>\r\n<\/ul>\r\n<p class=\"lead\">Mentre i diritti economici dell'autore sulla sua opera sono limitati nel tempo, in Francia 70 anni dopo la morte dell'autore, i suoi diritti morali sono perpetui, inalienabili e imprescrittibili.<\/p>\r\n<p class=\"lead\">I <strong>diritti di<\/strong> connessione si riferiscono a tutti i diritti morali ed economici concessi a persone che non sono autori dell'opera, ma che hanno un legame con essa.<\/p>\r\n<p class=\"lead\">Si tratta di artisti, produttori di fonogrammi o videogrammi e imprese di comunicazione audiovisiva.<\/p>\r\n\r\n<\/div>\r\n<div class=\"col-sm-6\">\r\n<p class=\"lead\">I beneficiari dei diritti connessi godono del diritto esclusivo di autorizzare o vietare lo sfruttamento della loro prestazione e di ricevere una retribuzione.<\/p>\r\n\r\n<h2 style=\"text-align: left;\">La tutela di <span style=\"color: #e03a2b;\">creazioni estetiche<\/span><\/h2>\r\n<p class=\"lead\"><span style=\"font-weight: 400;\">Non tutte le opere possono essere protette dal diritto d'autore. Perch\u00e9 il codice della propriet\u00e0 letteraria e artistica protegga un'opera, questa deve essere originale, cio\u00e8 deve esprimere la personalit\u00e0 del suo autore. Una volta provata questa originalit\u00e0, l'opera pu\u00f2 essere protetta fin dalla sua creazione e solo per l'articolo <a href=\"https:\/\/www.legifrance.gouv.fr\/affichCodeArticle.do?idArticle=LEGIARTI000020625532&cidTexte=LEGITEXT000006069565\" target=\"_blank\" rel=\"noopener\">L 111-1<\/a> del codice della propriet\u00e0 intellettuale.<\/span><\/p>\r\n\r\n<h2>Come proteggere le vostre opere letterarie e artistiche?<\/h2>\r\n<p class=\"lead\"><span style=\"font-weight: 400;\">Per proteggere la sua opera da terzi, l'autore deve anche poter provare la data di questa creazione artistica. Per questo motivo consigliamo di registrare i lavori con il nostro sistema di registrazione, al fine <a href=\"https:\/\/beta.fidealis.com\/it\/it\/la-proprieta-intellettuale\/come-evitare-la-contraffazione\/\">di proteggerlo in caso di contraffazione<\/a>, plagio di contenuti, parassitismo o concorrenza sleale.<\/span><\/p>\r\n\r\n<\/div>\r\n<div class=\"col-sm-6\"><\/div>\r\n<\/div>\r\n<!--end of row-->\r\n\r\n<\/div>\r\n<!--end of container-->\r\n\r\n<\/section><section class=\"unpad--bottom switchable cta cta-3 bg--secondary text-center\">\r\n<div class=\"container\">\r\n<div class=\"row\">\r\n<div class=\"col-sm-6 col-md-6\">\r\n<div class=\"switchable__text\">\r\n<h3><span style=\"color: #db3b29;\">Fidealis, proteggi le tue opere in tutta serenit\u00e0<\/span><\/h3>\r\n<p class=\"lead\">La soluzione innovativa per la protezione dei disegni e delle collezioni, che combina firma elettronica, marcatura temporale e tecnologia blockchain. Le vostre creazioni sono istantaneamente certificate e archiviate in simultanea presso l'ufficiale giudiziario.<\/p>\r\n<a class=\"btn type--uppercase inner-link btn--primary\" title=\"\" href=\"https:\/\/beta.fidealis.com\/it\/it\/iscrizione\" target=\"_blank\" rel=\"noopener\"> <span class=\"btn__text\"> Registrati subito<\/span><span class=\"label\">senza cdc<\/span> <\/a>\r\n\r\n<\/div>\r\n<\/div>\r\n<div class=\"col-sm-6 col-md-5\"><img class=\"block\" src=\"https:\/\/beta.fidealis.com\/wp-content\/uploads\/2018\/08\/La-propri\u00e9t\u00e9-litt\u00e9raire-et-artistique.png\" alt=\"soyez rassur\u00e9 avec Fidealis\" \/><\/div>\r\n<\/div>\r\n<!--end of row-->\r\n\r\n<\/div>\r\n<!--end of container-->\r\n\r\n<\/section>","protected":false},"excerpt":{"rendered":"<p>La propriet\u00e0 letteraria ed artistica Il vostro deposito a partire da 95\u20ac Deposito nella propriet\u00e0 letteraria e artistica Richiesta di contatto Il&#8230;<\/p>\n","protected":false},"author":1,"featured_media":0,"parent":16710,"menu_order":0,"comment_status":"closed","ping_status":"closed","template":"","meta":{"_joinchat":[]},"yoast_head":"<!-- This site is optimized with the Yoast SEO plugin v20.3 - https:\/\/yoast.com\/wordpress\/plugins\/seo\/ -->\n<title>Propriet\u00e0 intellettuale: Propriet\u00e0 Letteraria ed Artistica<\/title>\n<meta name=\"description\" content=\"La ricchezza di un&#039;azienda \u00e8 costituita principalmente dalla sua capacit\u00e0 di creare, inventare e migliorare la sua offerta per distinguersi dalla concorrenza. Questo capitale, queste idee, documenti sensibili di cui siete proprietari, devono essere protetti.\" \/>\n<meta name=\"robots\" content=\"noindex, follow, max-snippet:-1, max-image-preview:large, max-video-preview:-1\" \/>\n<meta property=\"og:locale\" content=\"it_IT\" \/>\n<meta property=\"og:type\" content=\"article\" \/>\n<meta property=\"og:title\" content=\"Propriet\u00e0 intellettuale: Propriet\u00e0 Letteraria ed Artistica\" \/>\n<meta property=\"og:description\" content=\"La ricchezza di un&#039;azienda \u00e8 costituita principalmente dalla sua capacit\u00e0 di creare, inventare e migliorare la sua offerta per distinguersi dalla concorrenza. Questo capitale, queste idee, documenti sensibili di cui siete proprietari, devono essere protetti.\" \/>\n<meta property=\"og:url\" content=\"https:\/\/beta.fidealis.com\/it\/la-proprieta-intellettuale\/la-proprieta-letteraria-ed-artistica\/\" \/>\n<meta property=\"og:site_name\" content=\"Fidealis\" \/>\n<meta property=\"article:publisher\" content=\"https:\/\/www.facebook.com\/Fidealis-573887362622849\/\" \/>\n<meta property=\"article:modified_time\" content=\"2021-08-12T14:28:31+00:00\" \/>\n<meta name=\"twitter:card\" content=\"summary_large_image\" \/>\n<script type=\"application\/ld+json\" class=\"yoast-schema-graph\">{\"@context\":\"https:\/\/schema.org\",\"@graph\":[{\"@type\":\"WebPage\",\"@id\":\"https:\/\/beta.fidealis.com\/it\/la-proprieta-intellettuale\/la-proprieta-letteraria-ed-artistica\/\",\"url\":\"https:\/\/beta.fidealis.com\/it\/la-proprieta-intellettuale\/la-proprieta-letteraria-ed-artistica\/\",\"name\":\"Propriet\u00e0 intellettuale: Propriet\u00e0 Letteraria ed Artistica\",\"isPartOf\":{\"@id\":\"https:\/\/beta.fidealis.com\/#website\"},\"datePublished\":\"2021-07-24T13:53:53+00:00\",\"dateModified\":\"2021-08-12T14:28:31+00:00\",\"description\":\"La ricchezza di un'azienda \u00e8 costituita principalmente dalla sua capacit\u00e0 di creare, inventare e migliorare la sua offerta per distinguersi dalla concorrenza. Questo capitale, queste idee, documenti sensibili di cui siete proprietari, devono essere protetti.\",\"breadcrumb\":{\"@id\":\"https:\/\/beta.fidealis.com\/it\/la-proprieta-intellettuale\/la-proprieta-letteraria-ed-artistica\/#breadcrumb\"},\"inLanguage\":\"it-IT\",\"potentialAction\":[{\"@type\":\"ReadAction\",\"target\":[\"https:\/\/beta.fidealis.com\/it\/la-proprieta-intellettuale\/la-proprieta-letteraria-ed-artistica\/\"]}]},{\"@type\":\"BreadcrumbList\",\"@id\":\"https:\/\/beta.fidealis.com\/it\/la-proprieta-intellettuale\/la-proprieta-letteraria-ed-artistica\/#breadcrumb\",\"itemListElement\":[{\"@type\":\"ListItem\",\"position\":1,\"name\":\"Accueil\",\"item\":\"https:\/\/beta.fidealis.com\/it\/\"},{\"@type\":\"ListItem\",\"position\":2,\"name\":\"La propriet\u00e0 intellettuale\",\"item\":\"https:\/\/beta.fidealis.com\/it\/la-proprieta-intellettuale\/\"},{\"@type\":\"ListItem\",\"position\":3,\"name\":\"La propriet\u00e0 letteraria ed artistica\"}]},{\"@type\":\"WebSite\",\"@id\":\"https:\/\/beta.fidealis.com\/#website\",\"url\":\"https:\/\/beta.fidealis.com\/\",\"name\":\"Fidealis\",\"description\":\"Fidealis: vous cr\u00e9ez, nous prot\u00e9geons.\",\"publisher\":{\"@id\":\"https:\/\/beta.fidealis.com\/#organization\"},\"potentialAction\":[{\"@type\":\"SearchAction\",\"target\":{\"@type\":\"EntryPoint\",\"urlTemplate\":\"https:\/\/beta.fidealis.com\/?s={search_term_string}\"},\"query-input\":\"required name=search_term_string\"}],\"inLanguage\":\"it-IT\"},{\"@type\":\"Organization\",\"@id\":\"https:\/\/beta.fidealis.com\/#organization\",\"name\":\"Fidealis\",\"url\":\"https:\/\/beta.fidealis.com\/\",\"logo\":{\"@type\":\"ImageObject\",\"inLanguage\":\"it-IT\",\"@id\":\"https:\/\/beta.fidealis.com\/#\/schema\/logo\/image\/\",\"url\":\"https:\/\/www.fidealis.com\/wp-content\/uploads\/2018\/04\/logo-fidealis.png\",\"contentUrl\":\"https:\/\/www.fidealis.com\/wp-content\/uploads\/2018\/04\/logo-fidealis.png\",\"width\":525,\"height\":205,\"caption\":\"Fidealis\"},\"image\":{\"@id\":\"https:\/\/beta.fidealis.com\/#\/schema\/logo\/image\/\"},\"sameAs\":[\"https:\/\/www.facebook.com\/Fidealis-573887362622849\/\"]}]}<\/script>\n<!-- \/ Yoast SEO plugin. -->","yoast_head_json":{"title":"Propriet\u00e0 intellettuale: Propriet\u00e0 Letteraria ed Artistica","description":"La ricchezza di un'azienda \u00e8 costituita principalmente dalla sua capacit\u00e0 di creare, inventare e migliorare la sua offerta per distinguersi dalla concorrenza. Questo capitale, queste idee, documenti sensibili di cui siete proprietari, devono essere protetti.","robots":{"index":"noindex","follow":"follow","max-snippet":"max-snippet:-1","max-image-preview":"max-image-preview:large","max-video-preview":"max-video-preview:-1"},"og_locale":"it_IT","og_type":"article","og_title":"Propriet\u00e0 intellettuale: Propriet\u00e0 Letteraria ed Artistica","og_description":"La ricchezza di un'azienda \u00e8 costituita principalmente dalla sua capacit\u00e0 di creare, inventare e migliorare la sua offerta per distinguersi dalla concorrenza. Questo capitale, queste idee, documenti sensibili di cui siete proprietari, devono essere protetti.","og_url":"https:\/\/beta.fidealis.com\/it\/la-proprieta-intellettuale\/la-proprieta-letteraria-ed-artistica\/","og_site_name":"Fidealis","article_publisher":"https:\/\/www.facebook.com\/Fidealis-573887362622849\/","article_modified_time":"2021-08-12T14:28:31+00:00","twitter_card":"summary_large_image","schema":{"@context":"https:\/\/schema.org","@graph":[{"@type":"WebPage","@id":"https:\/\/beta.fidealis.com\/it\/la-proprieta-intellettuale\/la-proprieta-letteraria-ed-artistica\/","url":"https:\/\/beta.fidealis.com\/it\/la-proprieta-intellettuale\/la-proprieta-letteraria-ed-artistica\/","name":"Propriet\u00e0 intellettuale: Propriet\u00e0 Letteraria ed Artistica","isPartOf":{"@id":"https:\/\/beta.fidealis.com\/#website"},"datePublished":"2021-07-24T13:53:53+00:00","dateModified":"2021-08-12T14:28:31+00:00","description":"La ricchezza di un'azienda \u00e8 costituita principalmente dalla sua capacit\u00e0 di creare, inventare e migliorare la sua offerta per distinguersi dalla concorrenza. Questo capitale, queste idee, documenti sensibili di cui siete proprietari, devono essere protetti.","breadcrumb":{"@id":"https:\/\/beta.fidealis.com\/it\/la-proprieta-intellettuale\/la-proprieta-letteraria-ed-artistica\/#breadcrumb"},"inLanguage":"it-IT","potentialAction":[{"@type":"ReadAction","target":["https:\/\/beta.fidealis.com\/it\/la-proprieta-intellettuale\/la-proprieta-letteraria-ed-artistica\/"]}]},{"@type":"BreadcrumbList","@id":"https:\/\/beta.fidealis.com\/it\/la-proprieta-intellettuale\/la-proprieta-letteraria-ed-artistica\/#breadcrumb","itemListElement":[{"@type":"ListItem","position":1,"name":"Accueil","item":"https:\/\/beta.fidealis.com\/it\/"},{"@type":"ListItem","position":2,"name":"La propriet\u00e0 intellettuale","item":"https:\/\/beta.fidealis.com\/it\/la-proprieta-intellettuale\/"},{"@type":"ListItem","position":3,"name":"La propriet\u00e0 letteraria ed artistica"}]},{"@type":"WebSite","@id":"https:\/\/beta.fidealis.com\/#website","url":"https:\/\/beta.fidealis.com\/","name":"Fidealis","description":"Fidealis: vous cr\u00e9ez, nous prot\u00e9geons.","publisher":{"@id":"https:\/\/beta.fidealis.com\/#organization"},"potentialAction":[{"@type":"SearchAction","target":{"@type":"EntryPoint","urlTemplate":"https:\/\/beta.fidealis.com\/?s={search_term_string}"},"query-input":"required name=search_term_string"}],"inLanguage":"it-IT"},{"@type":"Organization","@id":"https:\/\/beta.fidealis.com\/#organization","name":"Fidealis","url":"https:\/\/beta.fidealis.com\/","logo":{"@type":"ImageObject","inLanguage":"it-IT","@id":"https:\/\/beta.fidealis.com\/#\/schema\/logo\/image\/","url":"https:\/\/www.fidealis.com\/wp-content\/uploads\/2018\/04\/logo-fidealis.png","contentUrl":"https:\/\/www.fidealis.com\/wp-content\/uploads\/2018\/04\/logo-fidealis.png","width":525,"height":205,"caption":"Fidealis"},"image":{"@id":"https:\/\/beta.fidealis.com\/#\/schema\/logo\/image\/"},"sameAs":["https:\/\/www.facebook.com\/Fidealis-573887362622849\/"]}]}},"_links":{"self":[{"href":"https:\/\/beta.fidealis.com\/it\/wp-json\/wp\/v2\/pages\/16718"}],"collection":[{"href":"https:\/\/beta.fidealis.com\/it\/wp-json\/wp\/v2\/pages"}],"about":[{"href":"https:\/\/beta.fidealis.com\/it\/wp-json\/wp\/v2\/types\/page"}],"author":[{"embeddable":true,"href":"https:\/\/beta.fidealis.com\/it\/wp-json\/wp\/v2\/users\/1"}],"replies":[{"embeddable":true,"href":"https:\/\/beta.fidealis.com\/it\/wp-json\/wp\/v2\/comments?post=16718"}],"version-history":[{"count":5,"href":"https:\/\/beta.fidealis.com\/it\/wp-json\/wp\/v2\/pages\/16718\/revisions"}],"predecessor-version":[{"id":17000,"href":"https:\/\/beta.fidealis.com\/it\/wp-json\/wp\/v2\/pages\/16718\/revisions\/17000"}],"up":[{"embeddable":true,"href":"https:\/\/beta.fidealis.com\/it\/wp-json\/wp\/v2\/pages\/16710"}],"wp:attachment":[{"href":"https:\/\/beta.fidealis.com\/it\/wp-json\/wp\/v2\/media?parent=16718"}],"curies":[{"name":"wp","href":"https:\/\/api.w.org\/{rel}","templated":true}]}}