{"id":16719,"date":"2021-07-24T16:02:06","date_gmt":"2021-07-24T14:02:06","guid":{"rendered":"https:\/\/www.fidealis.com\/la-proprieta-intellettuale\/la-protezione-garantita-per-i-segreti-aziendali\/"},"modified":"2021-08-10T09:01:09","modified_gmt":"2021-08-10T07:01:09","slug":"la-protezione-garantita-per-i-segreti-aziendali","status":"publish","type":"page","link":"https:\/\/beta.fidealis.com\/it\/la-proprieta-intellettuale\/la-protezione-garantita-per-i-segreti-aziendali\/","title":{"rendered":"La protezione garantita per i segreti aziendali"},"content":{"rendered":"<section class=\"cover imagebg text-center height-60 section--ken-burns\" data-overlay=\"4\">\r\n<div class=\"background-image-holder\"><img src=\"https:\/\/beta.fidealis.com\/wp-content\/uploads\/2018\/06\/536.jpg\" alt=\"\" \/><\/div>\r\n<div class=\"container pos-vertical-center\">\r\n<div class=\"row\">\r\n<div class=\"col-sm-8 col-md-9\">\r\n<h1>La protezione garantita per i segreti aziendali<\/h1>\r\n<\/div>\r\n<\/div>\r\n<!--end of row-->\r\n\r\n<\/div>\r\n<!--end of container-->\r\n\r\n<\/section><section class=\"bg--secondary space--xxs\">\r\n<div class=\"container\">\r\n<div class=\"row\">\r\n<div class=\"cta cta--horizontal text-center-xs\">\r\n<div class=\"col-sm-4\">\r\n<h4>Il vostro deposito a partire da 95\u20ac<\/h4>\r\n<\/div>\r\n<div class=\"col-sm-5\">\r\n<p class=\"lead\">La soluzione per custodire i vostri segreti aziendali<\/p>\r\n\r\n<\/div>\r\n<div class=\"col-sm-3 text-right text-center-xs\"><a class=\"btn btn--primary type--uppercase\" title=\"\" href=\"https:\/\/beta.fidealis.com\/it\/chi-siamo\/contattaci\/\" target=\"\" rel=\"\"> <span class=\"btn__text\"> Richiesta di contatto<\/span> <\/a><\/div>\r\n<\/div>\r\n<\/div>\r\n<!--end of row-->\r\n\r\n<\/div>\r\n<!--end of container-->\r\n\r\n<\/section><section class=\"switchable feature-large space--xxs text-justify\">\r\n<div class=\"container\">\r\n<div class=\"row\">\r\n<div class=\"col-sm-6 col-md-6\">\r\n<div class=\"switchable__text\">\r\n<p class=\"lead\"><span style=\"font-weight: 400;\">In un mercato competitivo, le aziende hanno bisogno di proteggere determinate informazioni.<\/span><\/p>\r\n<p class=\"lead\">Per fare questo, non usano i classici strumenti <a href=\"https:\/\/beta.fidealis.com\/it\/it\/la-proprieta-intellettuale\/\">di protezione della propriet\u00e0 intellettuale,<\/a> ma piuttosto il segreto aziendale. Tuttavia, mentre l'uso del segreto aziendale sembra avere alcuni vantaggi, la protezione che fornisce rimane limitata.<\/p>\r\n\r\n<div class=\"col-left-custom\">\r\n<h2 style=\"text-align: left;\">Definizione di un segreto aziendale<\/h2>\r\n<p class=\"lead\"><span style=\"font-weight: 400;\">Il segreto professionale non ha una definizione giuridica in Francia. Tuttavia, possiamo definirlo come <\/span><b>un insieme di informazioni che un'azienda non vuole rivelare ai suoi concorrenti<\/b><span style=\"font-weight: 400;\">. Queste informazioni possono essere processi, formule di fabbricazione o altri elementi tecnici non brevettati.<\/span><\/p>\r\n\r\n<\/div>\r\n<\/div>\r\n<\/div>\r\n<div class=\"col-sm-5\">\r\n<div class=\"boxed boxed--lg boxed--border\">\r\n<div class=\"feature feature-2\"><i class=\"icon color--primary icon-Libra-2\"><\/i>\r\n<div class=\"feature__body\">\r\n<h5>Prova riconosciuta in tribunale<\/h5>\r\n<p>Riconosciuti dai tribunali del mondo<\/p>\r\n\r\n<\/div>\r\n<\/div>\r\n<!--end feature-->\r\n<div class=\"feature feature-2\"><i class=\"icon color--primary icon-Security-Check\"><\/i>\r\n<div class=\"feature__body\">\r\n<h5>Certificato dell'ufficiale giudiziario valido a vita<\/h5>\r\n<p>Costituisce in una prova valida a vita<\/p>\r\n\r\n<\/div>\r\n<\/div>\r\n<div class=\"feature feature-2\"><i class=\"icon color--primary icon-Font-Window\"><\/i>\r\n<div class=\"feature__body\">\r\n<h5>Il vostro certificato disponibile in 11 lingue<\/h5>\r\n<p style=\"text-align: left;\">Avrete i vostri depositi in inglese, francese, italiano, cinese, tedesco, portoghese, arabo, spagnolo, coreano, giapponese e russo.<\/p>\r\n\r\n<\/div>\r\n<\/div>\r\n<!--end feature-->\r\n<div class=\"feature feature-2\"><i class=\"icon color--primary icon-Windows-2\"><\/i>\r\n<div class=\"feature__body\">\r\n<h5>Le tue prove disponibili 24\/7<\/h5>\r\n<p>Ricevuta di deposito disponibile online 24\/7.<\/p>\r\n\r\n<\/div>\r\n<\/div>\r\n<!--end feature-->\r\n\r\n<\/div>\r\n<\/div>\r\n<\/div>\r\n<!--end of row-->\r\n\r\n<\/div>\r\n<!--end of container-->\r\n\r\n<\/section><section class=\"bg--secondary text-center space--xxs\">\r\n<div class=\"container\">\r\n<div class=\"row\">\r\n<div class=\"col-sm-12\">\r\n<h2 class=\"addtoppad\">Con Fidealis mettete al sicuro i vostri segreti aziendali<\/h2>\r\n<\/div>\r\n<\/div>\r\n<!--end of row-->\r\n\r\n<\/div>\r\n<!--end of container-->\r\n\r\n<\/section><section class=\"bg--secondary space--xs\">\r\n<div class=\"container\">\r\n<div class=\"row\">\r\n<div class=\"col-sm-4\">\r\n<div class=\"feature feature-2 boxed boxed--border\"><i class=\"icon color--primary icon-Checked-User\"><\/i>\r\n<div class=\"feature__body\">\r\n<p style=\"text-align: center;\"><span class=\"h1 h1--medium\" style=\"color: #d93d3d;\">1.<\/span><\/p>\r\n\r\n<h4 style=\"text-align: center;\">Registrazione<\/h4>\r\n<p style=\"text-align: center;\">Iscriviti gratuitamente.<br>\r\nNessun pagamento verr\u00e0 richiesto.<\/p>\r\n\r\n<\/div>\r\n<\/div>\r\n<!--end feature-->\r\n\r\n<\/div>\r\n<div class=\"col-sm-4\">\r\n<div class=\"feature feature-2 boxed boxed--border\"><i class=\"icon color--primary icon-Security-Settings\"><\/i>\r\n<div class=\"feature__body\">\r\n<p style=\"text-align: center;\"><span class=\"h1 h1--medium\" style=\"color: #d93d3d;\">2.<\/span><\/p>\r\n\r\n<h4 style=\"text-align: center;\">Assistenza<\/h4>\r\n<p style=\"text-align: center;\">Scegli un'offerta adatta alle tue esigenze con l'aiuto di uno dei nostri consulenti.<\/p>\r\n\r\n<\/div>\r\n<\/div>\r\n<!--end feature-->\r\n\r\n<\/div>\r\n<div class=\"col-sm-4\">\r\n<div class=\"feature feature-2 boxed boxed--border\"><i class=\"icon color--primary icon-Security-Check\"><\/i>\r\n<div class=\"feature__body\">\r\n<p style=\"text-align: center;\"><span class=\"h1 h1--medium\" style=\"color: #d93d3d;\">3.<\/span><\/p>\r\n\r\n<h4 style=\"text-align: center;\">Tutela<\/h4>\r\n<p style=\"text-align: center;\">Deposita le tue creazioni online.<br>\r\nSei protetto!<\/p>\r\n\r\n<\/div>\r\n<\/div>\r\n<!--end feature-->\r\n\r\n<\/div>\r\n<\/div>\r\n<!--end of row-->\r\n\r\n<\/div>\r\n<!--end of container-->\r\n\r\n<\/section><section class=\"text-center bg--secondary space--xxs\">\r\n<div class=\"container\">\r\n<div class=\"row\">\r\n<div class=\"col-sm-8 col-md-6\">\r\n<div class=\"cta\">\r\n\r\n<a class=\"btn type--uppercase inner-link btn--primary\" title=\"\" href=\"https:\/\/beta.fidealis.com\/it\/it\/iscrizione\" target=\"_blank\" rel=\"noopener\"><span class=\"btn__text\">Registrati subito<\/span> <\/a>\r\n<p class=\"type--fine-print\" style=\"margin-top: 0.03em; margin-bottom: 1.2em;\">Nessuna carta di credito richiesta.<\/p>\r\n\r\n<\/div>\r\n<\/div>\r\n<\/div>\r\n<!--end of row-->\r\n\r\n<\/div>\r\n<!--end of container-->\r\n\r\n<\/section><section class=\"text-justify space--xxs\">\r\n<div class=\"container\">\r\n<div class=\"row\">\r\n<div class=\"col-sm-6\">\r\n<p class=\"lead\"><span style=\"font-weight: 400;\">Per un'azienda, il segreto aziendale prende pi\u00f9 spesso la forma di <\/span><b>accordi di riservatezza<\/b><span style=\"font-weight: 400;\"> con i fornitori e con i propri dipendenti.<\/span><\/p>\r\n<p class=\"lead\"><span style=\"font-weight: 400;\">L'uso del segreto commerciale ha alcuni vantaggi: <\/span><\/p>\r\n\r\n<ul class=\"bullets\">\r\n \t<li class=\"lead li-blocked\"><b>Pu\u00f2 completare o estendere un'invenzione brevettata<\/b><span style=\"font-weight: 400;\"> : la durata della protezione \u00e8 illimitata finch\u00e9 dura la segretezza e permette di proteggere un volume di informazioni maggiore del brevetto.<\/span><\/li>\r\n \t<li class=\"lead li-blocked\"><span style=\"font-weight: 400;\">Il segreto aziendale <\/span><b>non richiede una procedura di registrazione<\/b><span style=\"font-weight: 400;\"> ed \u00e8 quindi meno costoso di altre procedure.<\/span><\/li>\r\n<\/ul>\r\n<h2 style=\"text-align: left;\">La protezione fornita dal segreto aziendale<\/h2>\r\n<p class=\"lead\"><span style=\"font-weight: 400;\"><a href=\"https:\/\/fr.wikipedia.org\/wiki\/Aspects_des_droits_de_propri%C3%A9t%C3%A9_intellectuelle_qui_touchent_au_commerce\" target=\"_blank\" rel=\"noopener\">L\u2019Accordo dell' ADPIC<\/a> ( Aspetti dei diritti di propriet\u00e0 intellettuale attinenti al commercio), che incorpora i diritti di propriet\u00e0 intellettuale nell'OMC, protegge nel suo articolo 39 <\/span><\/p>\r\n<p class=\"lead\"><i><span style=\"font-weight: 400;\">\"informazioni non divulgate\"<\/span><\/i><span style=\"font-weight: 400;\"> dall'uso non autorizzato <\/span><i><span style=\"font-weight: 400;\">\"in modo incompatibile con le pratiche commerciali oneste.\"<\/span><\/i><span style=\"font-weight: 400;\"> Questa protezione, tuttavia, \u00e8 di competenza dei tribunali nazionali<\/span><\/p>\r\n\r\n<\/div>\r\n<div class=\"col-sm-6\">\r\n<p class=\"lead\"><span style=\"font-weight: 400;\">In assenza di una legge specifica in Francia che protegga i segreti commerciali, la protezione concessa dipende dal modo in cui il terzo ha ottenuto le informazioni contestate.<\/span><\/p>\r\n<p class=\"lead\">La divulgazione o il tentativo di divulgazione di informazioni segrete pu\u00f2, per esempio, essere punibile come violazione di <b>informazioni confidentali,<\/b><span style=\"font-weight: 400;\"> furto <\/span><b>di dati immateriali<\/b><span style=\"font-weight: 400;\"> o <\/span><b>violazione dei sistemi informatici.<\/b><\/p>\r\n\r\n<h2 style=\"text-align: left;\">Limiti alla protezione offerta dai segreti commerciali<\/h2>\r\n<p class=\"lead\"><span style=\"font-weight: 400;\">La protezione del segreto commerciale rimane limitata perch\u00e9 <\/span><b>non conferisce alcun diritto esclusivo<\/b><span style=\"font-weight: 400;\">. Se un terzo scopre il vostro segreto senza frode, pu\u00f2 sfruttarlo e persino registrarlo senza che sia possibile alcun ricorso. Per le innovazioni tecniche, \u00e8 rischioso accontentarsi della protezione garantita dal segreto commerciale perch\u00e9 nulla impedisce a un concorrente di <a href=\"https:\/\/beta.fidealis.com\/it\/propriete-intellectuelle\/propriete-industrielle\/depot-de-brevet\/\">brevettare la vostra invenzione<\/a>.<\/span><\/p>\r\n<p class=\"lead\">\u00c8 per questo che \u00e8 necessario, per evitare qualsiasi contenzioso, fornire la <a href=\"https:\/\/beta.fidealis.com\/it\/it\/la-proprieta-intellettuale\/il-diritto-dautore-in-francia-e-nel-mondo\/\"><b>prova dell'anteriorit\u00e0<\/b><\/a><span style=\"font-weight: 400;\"> della vostra invenzione depositando un \u200bCopyright.<\/span><\/p>\r\n\r\n<\/div>\r\n<div class=\"col-sm-6\"><\/div>\r\n<\/div>\r\n<!--end of row-->\r\n\r\n<\/div>\r\n<!--end of container-->\r\n\r\n<\/section><section class=\"unpad--bottom switchable cta cta-3 bg--secondary text-center\">\r\n<div class=\"container\">\r\n<div class=\"row\">\r\n<div class=\"col-sm-6 col-md-6\">\r\n<div class=\"switchable__text\">\r\n<h3><span style=\"color: #db3b29;\">Fidealis, proteggete le vostre opere in tutta serenit\u00e0<\/span><\/h3>\r\n<p class=\"lead\">La soluzione innovativa per la protezione dei disegni e delle collezioni, che combina firma elettronica, marcatura temporale e tecnologia blockchain. Le vostre creazioni sono istantaneamente certificate e archiviate in simultanea presso l'ufficiale giudiziario.<\/p>\r\n<a class=\"btn type--uppercase inner-link btn--primary\" title=\"\" href=\"https:\/\/beta.fidealis.com\/it\/it\/iscrizione\" target=\"_blank\" rel=\"noopener\"> <span class=\"btn__text\"> Registrati subito<\/span><span class=\"label\">senza cdc<\/span> <\/a>\r\n\r\n<\/div>\r\n<\/div>\r\n<div class=\"col-sm-6 col-md-5\"><img class=\"block\" src=\"https:\/\/beta.fidealis.com\/wp-content\/uploads\/2018\/08\/le-secret-d_afaires.png\" alt=\"D\u00e9p\u00f4t et copyright mieux que le secret d'affaire\" \/><\/div>\r\n<\/div>\r\n<!--end of row-->\r\n\r\n<\/div>\r\n<!--end of container-->\r\n\r\n<\/section>","protected":false},"excerpt":{"rendered":"<p>La protezione garantita per i segreti aziendali Il vostro deposito a partire da 95\u20ac La soluzione per custodire i vostri segreti aziendali&#8230;<\/p>\n","protected":false},"author":1,"featured_media":0,"parent":16710,"menu_order":0,"comment_status":"closed","ping_status":"closed","template":"","meta":{"_joinchat":[]},"yoast_head":"<!-- This site is optimized with the Yoast SEO plugin v20.3 - https:\/\/yoast.com\/wordpress\/plugins\/seo\/ -->\n<title>Propriet\u00e0 intellettuale: il segreto aziendale \u00e8 sufficiente?<\/title>\n<meta name=\"description\" content=\"In un mercato competitivo, le aziende devono proteggere determinate informazioni. Per fare questo, non ricorrono ai tradizionali strumenti di protezione della propriet\u00e0 intellettuale, ma il segreto aziendale.\" \/>\n<meta name=\"robots\" content=\"noindex, follow, max-snippet:-1, max-image-preview:large, max-video-preview:-1\" \/>\n<meta property=\"og:locale\" content=\"it_IT\" \/>\n<meta property=\"og:type\" content=\"article\" \/>\n<meta property=\"og:title\" content=\"Propriet\u00e0 intellettuale: il segreto aziendale \u00e8 sufficiente?\" \/>\n<meta property=\"og:description\" content=\"In un mercato competitivo, le aziende devono proteggere determinate informazioni. Per fare questo, non ricorrono ai tradizionali strumenti di protezione della propriet\u00e0 intellettuale, ma il segreto aziendale.\" \/>\n<meta property=\"og:url\" content=\"https:\/\/beta.fidealis.com\/it\/la-proprieta-intellettuale\/la-protezione-garantita-per-i-segreti-aziendali\/\" \/>\n<meta property=\"og:site_name\" content=\"Fidealis\" \/>\n<meta property=\"article:publisher\" content=\"https:\/\/www.facebook.com\/Fidealis-573887362622849\/\" \/>\n<meta property=\"article:modified_time\" content=\"2021-08-10T07:01:09+00:00\" \/>\n<meta name=\"twitter:card\" content=\"summary_large_image\" \/>\n<script type=\"application\/ld+json\" class=\"yoast-schema-graph\">{\"@context\":\"https:\/\/schema.org\",\"@graph\":[{\"@type\":\"WebPage\",\"@id\":\"https:\/\/beta.fidealis.com\/it\/la-proprieta-intellettuale\/la-protezione-garantita-per-i-segreti-aziendali\/\",\"url\":\"https:\/\/beta.fidealis.com\/it\/la-proprieta-intellettuale\/la-protezione-garantita-per-i-segreti-aziendali\/\",\"name\":\"Propriet\u00e0 intellettuale: il segreto aziendale \u00e8 sufficiente?\",\"isPartOf\":{\"@id\":\"https:\/\/beta.fidealis.com\/#website\"},\"datePublished\":\"2021-07-24T14:02:06+00:00\",\"dateModified\":\"2021-08-10T07:01:09+00:00\",\"description\":\"In un mercato competitivo, le aziende devono proteggere determinate informazioni. Per fare questo, non ricorrono ai tradizionali strumenti di protezione della propriet\u00e0 intellettuale, ma il segreto aziendale.\",\"breadcrumb\":{\"@id\":\"https:\/\/beta.fidealis.com\/it\/la-proprieta-intellettuale\/la-protezione-garantita-per-i-segreti-aziendali\/#breadcrumb\"},\"inLanguage\":\"it-IT\",\"potentialAction\":[{\"@type\":\"ReadAction\",\"target\":[\"https:\/\/beta.fidealis.com\/it\/la-proprieta-intellettuale\/la-protezione-garantita-per-i-segreti-aziendali\/\"]}]},{\"@type\":\"BreadcrumbList\",\"@id\":\"https:\/\/beta.fidealis.com\/it\/la-proprieta-intellettuale\/la-protezione-garantita-per-i-segreti-aziendali\/#breadcrumb\",\"itemListElement\":[{\"@type\":\"ListItem\",\"position\":1,\"name\":\"Accueil\",\"item\":\"https:\/\/beta.fidealis.com\/it\/\"},{\"@type\":\"ListItem\",\"position\":2,\"name\":\"La propriet\u00e0 intellettuale\",\"item\":\"https:\/\/beta.fidealis.com\/it\/la-proprieta-intellettuale\/\"},{\"@type\":\"ListItem\",\"position\":3,\"name\":\"La protezione garantita per i segreti aziendali\"}]},{\"@type\":\"WebSite\",\"@id\":\"https:\/\/beta.fidealis.com\/#website\",\"url\":\"https:\/\/beta.fidealis.com\/\",\"name\":\"Fidealis\",\"description\":\"Fidealis: vous cr\u00e9ez, nous prot\u00e9geons.\",\"publisher\":{\"@id\":\"https:\/\/beta.fidealis.com\/#organization\"},\"potentialAction\":[{\"@type\":\"SearchAction\",\"target\":{\"@type\":\"EntryPoint\",\"urlTemplate\":\"https:\/\/beta.fidealis.com\/?s={search_term_string}\"},\"query-input\":\"required name=search_term_string\"}],\"inLanguage\":\"it-IT\"},{\"@type\":\"Organization\",\"@id\":\"https:\/\/beta.fidealis.com\/#organization\",\"name\":\"Fidealis\",\"url\":\"https:\/\/beta.fidealis.com\/\",\"logo\":{\"@type\":\"ImageObject\",\"inLanguage\":\"it-IT\",\"@id\":\"https:\/\/beta.fidealis.com\/#\/schema\/logo\/image\/\",\"url\":\"https:\/\/www.fidealis.com\/wp-content\/uploads\/2018\/04\/logo-fidealis.png\",\"contentUrl\":\"https:\/\/www.fidealis.com\/wp-content\/uploads\/2018\/04\/logo-fidealis.png\",\"width\":525,\"height\":205,\"caption\":\"Fidealis\"},\"image\":{\"@id\":\"https:\/\/beta.fidealis.com\/#\/schema\/logo\/image\/\"},\"sameAs\":[\"https:\/\/www.facebook.com\/Fidealis-573887362622849\/\"]}]}<\/script>\n<!-- \/ Yoast SEO plugin. -->","yoast_head_json":{"title":"Propriet\u00e0 intellettuale: il segreto aziendale \u00e8 sufficiente?","description":"In un mercato competitivo, le aziende devono proteggere determinate informazioni. Per fare questo, non ricorrono ai tradizionali strumenti di protezione della propriet\u00e0 intellettuale, ma il segreto aziendale.","robots":{"index":"noindex","follow":"follow","max-snippet":"max-snippet:-1","max-image-preview":"max-image-preview:large","max-video-preview":"max-video-preview:-1"},"og_locale":"it_IT","og_type":"article","og_title":"Propriet\u00e0 intellettuale: il segreto aziendale \u00e8 sufficiente?","og_description":"In un mercato competitivo, le aziende devono proteggere determinate informazioni. Per fare questo, non ricorrono ai tradizionali strumenti di protezione della propriet\u00e0 intellettuale, ma il segreto aziendale.","og_url":"https:\/\/beta.fidealis.com\/it\/la-proprieta-intellettuale\/la-protezione-garantita-per-i-segreti-aziendali\/","og_site_name":"Fidealis","article_publisher":"https:\/\/www.facebook.com\/Fidealis-573887362622849\/","article_modified_time":"2021-08-10T07:01:09+00:00","twitter_card":"summary_large_image","schema":{"@context":"https:\/\/schema.org","@graph":[{"@type":"WebPage","@id":"https:\/\/beta.fidealis.com\/it\/la-proprieta-intellettuale\/la-protezione-garantita-per-i-segreti-aziendali\/","url":"https:\/\/beta.fidealis.com\/it\/la-proprieta-intellettuale\/la-protezione-garantita-per-i-segreti-aziendali\/","name":"Propriet\u00e0 intellettuale: il segreto aziendale \u00e8 sufficiente?","isPartOf":{"@id":"https:\/\/beta.fidealis.com\/#website"},"datePublished":"2021-07-24T14:02:06+00:00","dateModified":"2021-08-10T07:01:09+00:00","description":"In un mercato competitivo, le aziende devono proteggere determinate informazioni. Per fare questo, non ricorrono ai tradizionali strumenti di protezione della propriet\u00e0 intellettuale, ma il segreto aziendale.","breadcrumb":{"@id":"https:\/\/beta.fidealis.com\/it\/la-proprieta-intellettuale\/la-protezione-garantita-per-i-segreti-aziendali\/#breadcrumb"},"inLanguage":"it-IT","potentialAction":[{"@type":"ReadAction","target":["https:\/\/beta.fidealis.com\/it\/la-proprieta-intellettuale\/la-protezione-garantita-per-i-segreti-aziendali\/"]}]},{"@type":"BreadcrumbList","@id":"https:\/\/beta.fidealis.com\/it\/la-proprieta-intellettuale\/la-protezione-garantita-per-i-segreti-aziendali\/#breadcrumb","itemListElement":[{"@type":"ListItem","position":1,"name":"Accueil","item":"https:\/\/beta.fidealis.com\/it\/"},{"@type":"ListItem","position":2,"name":"La propriet\u00e0 intellettuale","item":"https:\/\/beta.fidealis.com\/it\/la-proprieta-intellettuale\/"},{"@type":"ListItem","position":3,"name":"La protezione garantita per i segreti aziendali"}]},{"@type":"WebSite","@id":"https:\/\/beta.fidealis.com\/#website","url":"https:\/\/beta.fidealis.com\/","name":"Fidealis","description":"Fidealis: vous cr\u00e9ez, nous prot\u00e9geons.","publisher":{"@id":"https:\/\/beta.fidealis.com\/#organization"},"potentialAction":[{"@type":"SearchAction","target":{"@type":"EntryPoint","urlTemplate":"https:\/\/beta.fidealis.com\/?s={search_term_string}"},"query-input":"required name=search_term_string"}],"inLanguage":"it-IT"},{"@type":"Organization","@id":"https:\/\/beta.fidealis.com\/#organization","name":"Fidealis","url":"https:\/\/beta.fidealis.com\/","logo":{"@type":"ImageObject","inLanguage":"it-IT","@id":"https:\/\/beta.fidealis.com\/#\/schema\/logo\/image\/","url":"https:\/\/www.fidealis.com\/wp-content\/uploads\/2018\/04\/logo-fidealis.png","contentUrl":"https:\/\/www.fidealis.com\/wp-content\/uploads\/2018\/04\/logo-fidealis.png","width":525,"height":205,"caption":"Fidealis"},"image":{"@id":"https:\/\/beta.fidealis.com\/#\/schema\/logo\/image\/"},"sameAs":["https:\/\/www.facebook.com\/Fidealis-573887362622849\/"]}]}},"_links":{"self":[{"href":"https:\/\/beta.fidealis.com\/it\/wp-json\/wp\/v2\/pages\/16719"}],"collection":[{"href":"https:\/\/beta.fidealis.com\/it\/wp-json\/wp\/v2\/pages"}],"about":[{"href":"https:\/\/beta.fidealis.com\/it\/wp-json\/wp\/v2\/types\/page"}],"author":[{"embeddable":true,"href":"https:\/\/beta.fidealis.com\/it\/wp-json\/wp\/v2\/users\/1"}],"replies":[{"embeddable":true,"href":"https:\/\/beta.fidealis.com\/it\/wp-json\/wp\/v2\/comments?post=16719"}],"version-history":[{"count":4,"href":"https:\/\/beta.fidealis.com\/it\/wp-json\/wp\/v2\/pages\/16719\/revisions"}],"predecessor-version":[{"id":16935,"href":"https:\/\/beta.fidealis.com\/it\/wp-json\/wp\/v2\/pages\/16719\/revisions\/16935"}],"up":[{"embeddable":true,"href":"https:\/\/beta.fidealis.com\/it\/wp-json\/wp\/v2\/pages\/16710"}],"wp:attachment":[{"href":"https:\/\/beta.fidealis.com\/it\/wp-json\/wp\/v2\/media?parent=16719"}],"curies":[{"name":"wp","href":"https:\/\/api.w.org\/{rel}","templated":true}]}}