{"id":16722,"date":"2021-07-26T08:52:42","date_gmt":"2021-07-26T06:52:42","guid":{"rendered":"https:\/\/www.fidealis.com\/note-legali\/"},"modified":"2021-07-26T08:52:42","modified_gmt":"2021-07-26T06:52:42","slug":"note-legali","status":"publish","type":"page","link":"https:\/\/beta.fidealis.com\/it\/note-legali\/","title":{"rendered":"Note Legali"},"content":{"rendered":"<section class=\"imagebg text-center\" data-overlay=\"4\">\r\n<div class=\"background-image-holder\"><img src=\"https:\/\/beta.fidealis.com\/wp-content\/uploads\/2018\/05\/650.jpg\" alt=\"\" \/><\/div>\r\n<div class=\"container\">\r\n<div class=\"row\">\r\n<div class=\"col-sm-8 col-md-6\">\r\n<div class=\"cta\">\r\n<h1>Note legali<\/h1>\r\n<\/div>\r\n<\/div>\r\n<\/div>\r\n<!--end of row-->\r\n\r\n<\/div>\r\n<!--end of container-->\r\n\r\n<\/section><section class=\"text-justify space--xs\">\r\n<div class=\"container\">\r\n<div class=\"row\">\r\n<div class=\"col-sm-12\">\r\n\r\n<p>In conformit\u00e0 con le disposizioni degli articoli 6-III e 19 della Legge N\u00ba 2004-575 del 21 giugno 2004 per la Fiducia nell'Economia Digitale, conosciuta come L.C.E.N., gli utenti e i visitatori del sito fidealis.com sono informati delle presenti menzioni legali.\r\nIl sito web fidealis.com \u00e8 accessibile al seguente indirizzo: www.fidealis.com (di seguito denominato \"il sito web\"). L'accesso e l'uso del Sito sono soggetti al presente \"Avviso legale\" dettagliato qui di seguito, nonch\u00e9 alle leggi e\/o regolamenti applicabili.\r\nLa connessione, l'uso e l'accesso a questo sito implicano l'accettazione piena e senza riserve da parte dell'utente di Internet di tutte le disposizioni di queste note legali.<\/p>\r\n<h2>ARTICOLO 1 - INFORMAZIONI LEGALI<\/h2>\r\n<p>In conformit\u00e0 con l'articolo 6 della legge n. 2004-575 del 21 giugno 2004 sulla fiducia nell'economia digitale, questo articolo specifica l'identit\u00e0 delle varie parti coinvolte nella sua realizzazione e supervisione.<\/p>\r\n\r\n<p>Il sito web fidealis.com \u00e8 pubblicato da :<br>\u2022 FIDEALIS SAS<br>\u2022 Sede legale : 320 rue Saint HONORE 75001 PARIS<br>\r\n\u2022 Immatricolazione : RCS PARIS 439177144<br>\r\n\u2022 Indirizzo e-mail : <span>contact@fidealis.com<\/span><\/p>\r\n\r\n<p>Il sito web www.fidealis.com \u00e8 ospitato da : OVH<br>\r\nla cui sede si trova al seguente indirizzo : 2 rue Kellermann 59100 Roubaix\r\n<br>Telefono : +33 (0)3 20 830 866<\/p>\r\n\r\n<p>Sono considerati come utenti tutti gli coloro che navigano, leggono, visualizzano e utilizzano il sito fidealis.com<\/p>\r\n<h2>ARTICOLO 2 - ACCESSIBILIT\u00c0<\/h2>\r\n<p>In linea di principio, il Sito \u00e8 accessibile agli utenti 24 ore su 24, 7 giorni su 7, salvo in caso di interruzione, programmata o meno, per motivi di manutenzione o in casi di forza maggiore.<br>\r\nIn caso di impossibilit\u00e0 di accesso al Sito, quest'ultimo si impegna a fare il possibile per ripristinare l'accesso. Il Sito non pu\u00f2 essere ritenuto responsabile di qualsiasi danno, qualunque sia la sua natura, derivante dalla sua indisponibilit\u00e0.<\/p>\r\n<h2>ARTICOLO 3 - RACCOLTA E PROTEZIONE DEI DATI<\/h2>\r\n<p>Il sito web fidealis.com \u00e8 conforme alle disposizioni della legge 78-17 del 6 gennaio 1978 relativa all'informatica, ai file e alle libert\u00e0. In base a questa legge, l'Utente ha il diritto di opporsi (art. 32 e 38), accedere (art. 38 e 39) e rettificare (art. 40) i dati che lo riguardano.<br>\r\nPer esercitare tale diritto, l'Utente deve contattare l'Editore al seguente indirizzo: contact@fidealis.com, o tramite posta indirizzata all'indirizzo dell'Editore, specificando cognome, nome\/i, indirizzo e indirizzo\/i e-mail dell'Utente.<\/p>\r\n<h2>ARTICOLO 4 - POLITICA DEI COOKIES<\/h2>\r\n<p>Il Sito web pu\u00f2 utilizzare tecnologie \"cookies\" per elaborare statistiche e informazioni sul traffico, per facilitare la navigazione e migliorare il servizio per la comodit\u00e0 dell'Utente.<br>\r\nIn conformit\u00e0 con la legislazione europea, il sito web fidealis.com ha aggiornato la sua politica sulla privacy per quanto riguarda i cookie. L'utente \u00e8 libero di accettare o rifiutare i cookie di tutti i siti web modificando le impostazioni del suo browser Internet.<\/p>\r\n<h2>ARTICOLO 5 - LEGGE APPLICABILE E GIURISDIZIONE<\/h2>\r\n<p>Le presenti note legali sono regolate dalla legge francese. In caso di controversia e in assenza di un accordo amichevole, la controversia sar\u00e0 portata davanti ai tribunali francesi secondo le regole di giurisdizione in vigore.<\/p>\r\n<h2>ARTICOLO 6 - CONTATTI<\/h2>\r\n<p>Se l'utente desidera segnalare contenuti o attivit\u00e0 illegali, pu\u00f2 contattare l'Editore all'indirizzo webmaster@fidealis.com, o tramite posta raccomandata con ricevuta di ritorno all'Editore all'indirizzo specificato in queste note legali.<\/p>\r\n\r\n<p>Il sito fidealis.com vi augura un'ottima navigazione!<\/p>\r\n\r\n<\/div>\r\n<\/div>\r\n<!--end of row-->\r\n\r\n<\/div>\r\n<!--end of container-->\r\n\r\n<\/section>","protected":false},"excerpt":{"rendered":"<p>Note legali In conformit\u00e0 con le disposizioni degli articoli 6-III e 19 della Legge N\u00ba 2004-575 del 21 giugno 2004 per la&#8230;<\/p>\n","protected":false},"author":1,"featured_media":0,"parent":0,"menu_order":0,"comment_status":"closed","ping_status":"closed","template":"","meta":{"_joinchat":[]},"yoast_head":"<!-- This site is optimized with the Yoast SEO plugin v20.3 - https:\/\/yoast.com\/wordpress\/plugins\/seo\/ -->\n<title>Note Legali - Fidealis<\/title>\n<meta name=\"robots\" content=\"noindex, follow, max-snippet:-1, max-image-preview:large, max-video-preview:-1\" \/>\n<meta property=\"og:locale\" content=\"it_IT\" \/>\n<meta property=\"og:type\" content=\"article\" \/>\n<meta property=\"og:title\" content=\"Note Legali - Fidealis\" \/>\n<meta property=\"og:description\" content=\"Note legali In conformit\u00e0 con le disposizioni degli articoli 6-III e 19 della Legge N\u00ba 2004-575 del 21 giugno 2004 per la...\" \/>\n<meta property=\"og:url\" content=\"https:\/\/beta.fidealis.com\/it\/note-legali\/\" \/>\n<meta property=\"og:site_name\" content=\"Fidealis\" \/>\n<meta property=\"article:publisher\" content=\"https:\/\/www.facebook.com\/Fidealis-573887362622849\/\" \/>\n<meta name=\"twitter:card\" content=\"summary_large_image\" \/>\n<script type=\"application\/ld+json\" class=\"yoast-schema-graph\">{\"@context\":\"https:\/\/schema.org\",\"@graph\":[{\"@type\":\"WebPage\",\"@id\":\"https:\/\/beta.fidealis.com\/it\/note-legali\/\",\"url\":\"https:\/\/beta.fidealis.com\/it\/note-legali\/\",\"name\":\"Note Legali - Fidealis\",\"isPartOf\":{\"@id\":\"https:\/\/beta.fidealis.com\/#website\"},\"datePublished\":\"2021-07-26T06:52:42+00:00\",\"dateModified\":\"2021-07-26T06:52:42+00:00\",\"breadcrumb\":{\"@id\":\"https:\/\/beta.fidealis.com\/it\/note-legali\/#breadcrumb\"},\"inLanguage\":\"it-IT\",\"potentialAction\":[{\"@type\":\"ReadAction\",\"target\":[\"https:\/\/beta.fidealis.com\/it\/note-legali\/\"]}]},{\"@type\":\"BreadcrumbList\",\"@id\":\"https:\/\/beta.fidealis.com\/it\/note-legali\/#breadcrumb\",\"itemListElement\":[{\"@type\":\"ListItem\",\"position\":1,\"name\":\"Accueil\",\"item\":\"https:\/\/beta.fidealis.com\/it\/\"},{\"@type\":\"ListItem\",\"position\":2,\"name\":\"Note Legali\"}]},{\"@type\":\"WebSite\",\"@id\":\"https:\/\/beta.fidealis.com\/#website\",\"url\":\"https:\/\/beta.fidealis.com\/\",\"name\":\"Fidealis\",\"description\":\"Fidealis: vous cr\u00e9ez, nous prot\u00e9geons.\",\"publisher\":{\"@id\":\"https:\/\/beta.fidealis.com\/#organization\"},\"potentialAction\":[{\"@type\":\"SearchAction\",\"target\":{\"@type\":\"EntryPoint\",\"urlTemplate\":\"https:\/\/beta.fidealis.com\/?s={search_term_string}\"},\"query-input\":\"required name=search_term_string\"}],\"inLanguage\":\"it-IT\"},{\"@type\":\"Organization\",\"@id\":\"https:\/\/beta.fidealis.com\/#organization\",\"name\":\"Fidealis\",\"url\":\"https:\/\/beta.fidealis.com\/\",\"logo\":{\"@type\":\"ImageObject\",\"inLanguage\":\"it-IT\",\"@id\":\"https:\/\/beta.fidealis.com\/#\/schema\/logo\/image\/\",\"url\":\"https:\/\/www.fidealis.com\/wp-content\/uploads\/2018\/04\/logo-fidealis.png\",\"contentUrl\":\"https:\/\/www.fidealis.com\/wp-content\/uploads\/2018\/04\/logo-fidealis.png\",\"width\":525,\"height\":205,\"caption\":\"Fidealis\"},\"image\":{\"@id\":\"https:\/\/beta.fidealis.com\/#\/schema\/logo\/image\/\"},\"sameAs\":[\"https:\/\/www.facebook.com\/Fidealis-573887362622849\/\"]}]}<\/script>\n<!-- \/ Yoast SEO plugin. -->","yoast_head_json":{"title":"Note Legali - Fidealis","robots":{"index":"noindex","follow":"follow","max-snippet":"max-snippet:-1","max-image-preview":"max-image-preview:large","max-video-preview":"max-video-preview:-1"},"og_locale":"it_IT","og_type":"article","og_title":"Note Legali - Fidealis","og_description":"Note legali In conformit\u00e0 con le disposizioni degli articoli 6-III e 19 della Legge N\u00ba 2004-575 del 21 giugno 2004 per la...","og_url":"https:\/\/beta.fidealis.com\/it\/note-legali\/","og_site_name":"Fidealis","article_publisher":"https:\/\/www.facebook.com\/Fidealis-573887362622849\/","twitter_card":"summary_large_image","schema":{"@context":"https:\/\/schema.org","@graph":[{"@type":"WebPage","@id":"https:\/\/beta.fidealis.com\/it\/note-legali\/","url":"https:\/\/beta.fidealis.com\/it\/note-legali\/","name":"Note Legali - Fidealis","isPartOf":{"@id":"https:\/\/beta.fidealis.com\/#website"},"datePublished":"2021-07-26T06:52:42+00:00","dateModified":"2021-07-26T06:52:42+00:00","breadcrumb":{"@id":"https:\/\/beta.fidealis.com\/it\/note-legali\/#breadcrumb"},"inLanguage":"it-IT","potentialAction":[{"@type":"ReadAction","target":["https:\/\/beta.fidealis.com\/it\/note-legali\/"]}]},{"@type":"BreadcrumbList","@id":"https:\/\/beta.fidealis.com\/it\/note-legali\/#breadcrumb","itemListElement":[{"@type":"ListItem","position":1,"name":"Accueil","item":"https:\/\/beta.fidealis.com\/it\/"},{"@type":"ListItem","position":2,"name":"Note Legali"}]},{"@type":"WebSite","@id":"https:\/\/beta.fidealis.com\/#website","url":"https:\/\/beta.fidealis.com\/","name":"Fidealis","description":"Fidealis: vous cr\u00e9ez, nous prot\u00e9geons.","publisher":{"@id":"https:\/\/beta.fidealis.com\/#organization"},"potentialAction":[{"@type":"SearchAction","target":{"@type":"EntryPoint","urlTemplate":"https:\/\/beta.fidealis.com\/?s={search_term_string}"},"query-input":"required name=search_term_string"}],"inLanguage":"it-IT"},{"@type":"Organization","@id":"https:\/\/beta.fidealis.com\/#organization","name":"Fidealis","url":"https:\/\/beta.fidealis.com\/","logo":{"@type":"ImageObject","inLanguage":"it-IT","@id":"https:\/\/beta.fidealis.com\/#\/schema\/logo\/image\/","url":"https:\/\/www.fidealis.com\/wp-content\/uploads\/2018\/04\/logo-fidealis.png","contentUrl":"https:\/\/www.fidealis.com\/wp-content\/uploads\/2018\/04\/logo-fidealis.png","width":525,"height":205,"caption":"Fidealis"},"image":{"@id":"https:\/\/beta.fidealis.com\/#\/schema\/logo\/image\/"},"sameAs":["https:\/\/www.facebook.com\/Fidealis-573887362622849\/"]}]}},"_links":{"self":[{"href":"https:\/\/beta.fidealis.com\/it\/wp-json\/wp\/v2\/pages\/16722"}],"collection":[{"href":"https:\/\/beta.fidealis.com\/it\/wp-json\/wp\/v2\/pages"}],"about":[{"href":"https:\/\/beta.fidealis.com\/it\/wp-json\/wp\/v2\/types\/page"}],"author":[{"embeddable":true,"href":"https:\/\/beta.fidealis.com\/it\/wp-json\/wp\/v2\/users\/1"}],"replies":[{"embeddable":true,"href":"https:\/\/beta.fidealis.com\/it\/wp-json\/wp\/v2\/comments?post=16722"}],"version-history":[{"count":0,"href":"https:\/\/beta.fidealis.com\/it\/wp-json\/wp\/v2\/pages\/16722\/revisions"}],"wp:attachment":[{"href":"https:\/\/beta.fidealis.com\/it\/wp-json\/wp\/v2\/media?parent=16722"}],"curies":[{"name":"wp","href":"https:\/\/api.w.org\/{rel}","templated":true}]}}