{"id":16725,"date":"2021-07-26T08:58:09","date_gmt":"2021-07-26T06:58:09","guid":{"rendered":"https:\/\/www.fidealis.com\/le-nostre-soluzioni-di-deposito-per-le-aziende\/"},"modified":"2021-08-10T10:39:00","modified_gmt":"2021-08-10T08:39:00","slug":"le-nostre-soluzioni-di-deposito-per-le-aziende","status":"publish","type":"page","link":"https:\/\/beta.fidealis.com\/it\/le-nostre-soluzioni-di-deposito-per-le-aziende\/","title":{"rendered":"Le nostre soluzioni di deposito per le aziende"},"content":{"rendered":"<section class=\"cover imagebg text-center height-60 section--ken-burns\" data-overlay=\"4\">\r\n<div class=\"background-image-holder\"><img src=\"https:\/\/beta.fidealis.com\/wp-content\/uploads\/2018\/07\/copyright-entreprise-soci\u00e9t\u00e9.jpg\" alt=\"\" \/><\/div>\r\n<div class=\"container pos-vertical-center\">\r\n<div class=\"row\">\r\n<div class=\"col-sm-8 col-md-9\">\r\n<h1><span style=\"font-weight: 400;\">Le nostre soluzioni di deposito per le aziende<\/span><\/h1>\r\n<\/div>\r\n<\/div>\r\n<!--end of row-->\r\n\r\n<\/div>\r\n<!--end of container-->\r\n\r\n<\/section><section class=\"bg--secondary space--xxs\">\r\n<div class=\"container\">\r\n<div class=\"row\">\r\n<div class=\"cta cta--horizontal text-center-xs\">\r\n<div class=\"col-sm-4\">\r\n<h4>Il vostro deposito Aziendale a partire da 95\u20ac<\/h4>\r\n<\/div>\r\n<div class=\"col-sm-5\">\r\n<p class=\"lead\">Soluzione di archiviazione e protezione online per le aziende<\/p>\r\n\r\n<\/div>\r\n<div class=\"col-sm-3 text-right text-center-xs\"><a class=\"btn btn--primary type--uppercase\" title=\"\" href=\"https:\/\/beta.fidealis.com\/it\/chi-siamo\/contattaci\/\" target=\"\" rel=\"\"> <span class=\"btn__text\"> Richiesta di contatto<\/span> <\/a><\/div>\r\n<\/div>\r\n<\/div>\r\n<!--end of row-->\r\n\r\n<\/div>\r\n<!--end of container-->\r\n\r\n<\/section><section class=\"switchable feature-large space--xxs text-justify\">\r\n<div class=\"container\">\r\n<div class=\"row\">\r\n<div class=\"col-sm-6 col-md-6\">\r\n<div class=\"switchable__text\">\r\n<p class=\"lead\"><span style=\"font-weight: 400;\">Le creazioni intellettuali costituiscono i beni immateriali delle aziende. \u00c8 ci\u00f2 che permette loro di innovare e distinguersi in un ambiente competitivo. Per evitare la copia delle loro innovazioni, le aziende devono ricorrere alla registrazione. La registrazione dei modelli o dei diritti d'autore \u00e8 la soluzione giusta perch\u00e9 permette alle aziende di proteggersi dai rischi di contraffazione. Fidealis offre questo servizio alle aziende di tutti i settori.<\/span><\/p>\r\n\r\n<h2 style=\"text-align: left;\">La protezione delle creazioni informatiche<\/h2>\r\n<p class=\"lead\"><span style=\"font-weight: 400;\">\u00c8 necessario per qualsiasi azienda innovativa <a href=\"https:\/\/beta.fidealis.com\/it\/it\/le-nostre-soluzioni-di-deposito-per-le-aziende\/la-protezione-delle-creazioni-informatiche\/\">proteggere le sue creazioni informatiche<\/a> come software, algoritmi e siti web. Tra queste creazioni, solo il software \u00e8 protetto da copyright. \u00c8 quindi utile procedere a una registrazione del Copyright sulle vostre creazioni informatiche per proteggervi da qualsiasi plagio e per tutelarvi in caso di azione di contraffazione.<\/span><\/p>\r\n\r\n<\/div>\r\n<\/div>\r\n<div class=\"col-sm-5\">\r\n<div class=\"boxed boxed--lg boxed--border\">\r\n<div class=\"feature feature-2\"><i class=\"icon color--primary icon-Libra-2\"><\/i>\r\n<div class=\"feature__body\">\r\n<h5>Prova riconosciuta in tribunale<\/h5>\r\n<p>Riconosciuti dai tribunali del mondo<\/p>\r\n\r\n<\/div>\r\n<\/div>\r\n<!--end feature-->\r\n<div class=\"feature feature-2\"><i class=\"icon color--primary icon-Security-Check\"><\/i>\r\n<div class=\"feature__body\">\r\n<h5>Certificato dell'ufficiale giudiziario valido a vita<\/h5>\r\n<p>Costituisce in una prova valida a vita<\/p>\r\n\r\n<\/div>\r\n<\/div>\r\n<div class=\"feature feature-2\"> <i class=\"icon color--primary icon-Font-Window\"><\/i>\r\n<div class=\"feature__body\">\r\n<h5>Il vostro certificato disponibile in 11 lingue<\/h5>\r\n<p style=\"text-align: left;\">Avrete i vostri depositi in inglese, francese, italiano, cinese, tedesco, portoghese, arabo, spagnolo, coreano, giapponese e russo.<\/p>\r\n\r\n<\/div>\r\n<\/div>\r\n<!--end feature-->\r\n<div class=\"feature feature-2\"><i class=\"icon color--primary icon-Windows-2\"><\/i>\r\n<div class=\"feature__body\">\r\n<h5>Le tue prove disponibili 24\/7<\/h5>\r\n<p>Ricevuta di deposito disponibile online 24\/7.<\/p>\r\n\r\n<\/div>\r\n<\/div>\r\n<!--end feature-->\r\n\r\n<\/div>\r\n<\/div>\r\n<\/div>\r\n<!--end of row-->\r\n\r\n<\/div>\r\n<!--end of container-->\r\n\r\n<\/section><section class=\"bg--secondary text-center space--xxs\">\r\n<div class=\"container\">\r\n<div class=\"row\">\r\n<div class=\"col-sm-12\">\r\n<h2 class=\"addtoppad\">Come beneficiare della copertura del diritto d'autore di Fidealis?<\/h2>\r\n<\/div>\r\n<\/div>\r\n<!--end of row-->\r\n\r\n<\/div>\r\n<!--end of container-->\r\n\r\n<\/section><section class=\"bg--secondary space--xs\">\r\n<div class=\"container\">\r\n<div class=\"row\">\r\n<div class=\"col-sm-4\">\r\n<div class=\"feature feature-2 boxed boxed--border\"><i class=\"icon color--primary icon-Checked-User\"><\/i>\r\n<div class=\"feature__body\">\r\n<p style=\"text-align: center;\"><span class=\"h1 h1--medium\" style=\"color: #d93d3d;\">1.<\/span><\/p>\r\n\r\n<h4 style=\"text-align: center;\">Registrazione<\/h4>\r\n<p style=\"text-align: center;\">Iscriviti gratuitamente.<br>\r\nNessun pagamento verr\u00e0 richiesto.<\/p>\r\n\r\n<\/div>\r\n<\/div>\r\n<!--end feature-->\r\n\r\n<\/div>\r\n<div class=\"col-sm-4\">\r\n<div class=\"feature feature-2 boxed boxed--border\">\r\n<i class=\"icon color--primary icon-Security-Settings\"><\/i>\r\n<div class=\"feature__body\">\r\n<p style=\"text-align: center;\"><span class=\"h1 h1--medium\" style=\"color: #d93d3d;\">2.<\/span><\/p>\r\n\r\n<h4 style=\"text-align: center;\">Assistenza<\/h4>\r\n<p style=\"text-align: center;\">Scegli un'offerta adatta alle tue esigenze con l'aiuto di uno dei nostri consulenti.<\/p>\r\n\r\n<\/div>\r\n<\/div>\r\n<!--end feature-->\r\n\r\n<\/div>\r\n<div class=\"col-sm-4\">\r\n<div class=\"feature feature-2 boxed boxed--border\"><i class=\"icon color--primary icon-Security-Check\"><\/i>\r\n<div class=\"feature__body\">\r\n<p style=\"text-align: center;\"><span class=\"h1 h1--medium\" style=\"color: #d93d3d;\">3.<\/span><\/p>\r\n\r\n<h4 style=\"text-align: center;\">Tutela<\/h4>\r\n<p style=\"text-align: center;\">Deposita le tue creazioni online.<br>\r\nSei protetto!<\/p>\r\n\r\n<\/div>\r\n<\/div>\r\n<!--end feature-->\r\n\r\n<\/div>\r\n<\/div>\r\n<!--end of row-->\r\n\r\n<\/div>\r\n<!--end of container-->\r\n\r\n<\/section><section class=\"text-center bg--secondary space--xxs\">\r\n<div class=\"container\">\r\n<div class=\"row\">\r\n<div class=\"col-sm-8 col-md-6\">\r\n<div class=\"cta\">\r\n\r\n<a class=\"btn type--uppercase inner-link btn--primary\" title=\"\" href=\"https:\/\/beta.fidealis.com\/it\/it\/iscrizione\" target=\"_blank\" rel=\"noopener\"><span class=\"btn__text\">Registrati subito<\/span> <\/a>\r\n<p class=\"type--fine-print\" style=\"margin-top: 0.03em; margin-bottom: 1.2em;\">Nessuna carta di credito richiesta.<\/p>\r\n\r\n<\/div>\r\n<\/div>\r\n<\/div>\r\n<!--end of row-->\r\n\r\n<\/div>\r\n<!--end of container-->\r\n\r\n<\/section><section class=\"text-justify space--xxs\">\r\n<div class=\"container\">\r\n<div class=\"row\">\r\n<div class=\"col-sm-6\">\r\n<div class=\"col-left-custom\">\r\n<h2 style=\"text-align: left;\">Il mondo della moda<\/h2>\r\n<p class=\"lead\"><span style=\"font-weight: 400;\">L'industria della moda \u00e8 competitiva e incline alla contraffazione. Ecco perch\u00e9, come professionista dell'industria della moda, \u00e8 necessario <a href=\"https:\/\/beta.fidealis.com\/it\/it\/le-nostre-soluzioni-di-deposito-per-le-aziende\/il-mondo-della-moda\/\">proteggere i propri modelli, prototipi, disegni e collezioni<\/a>. Questa protezione si ottiene attraverso la registrazione dei modelli e dei diritti d'autore.<\/span><\/p>\r\n<p class=\"lead\">Fidealis assiste i designer con le loro pratiche di progettazione.<\/p>\r\n\r\n<h2 style=\"text-align: left;\">Agenzie di comunicazione<\/h2>\r\n<p class=\"lead\"><span style=\"font-weight: 400;\">Come <a href=\"https:\/\/beta.fidealis.com\/it\/it\/le-nostre-soluzioni-di-deposito-per-le-aziende\/agenzie-di-comunicazione\/\">professionisti della comunicazione<\/a> o del web, siete portati a proporre creazioni intellettuali ai vostri clienti. Queste creazioni possono essere disegni, sistemi di riferimento o software.<\/span><\/p>\r\n<p class=\"lead\">Per rimanere competitive, le agenzie di comunicazione devono proteggere le loro creazioni fin dalla fase di redazione. Fidealis vi offre gli strumenti giusti per proteggere le vostre creazioni.<\/p>\r\n\r\n<h2 style=\"text-align: left;\">Avvocati e CPI<\/h2>\r\n<p class=\"lead\"><span style=\"font-weight: 400;\">Siete un <a href=\"https:\/\/beta.fidealis.com\/it\/it\/le-nostre-soluzioni-di-deposito-per-le-aziende\/avvocati-e-ipc\/\">avvocato o un consulente in materia di propriet\u00e0 industriale<\/a> ? Fidealis vi aiuta a proteggere le creazioni intellettuali dei vostri clienti. Questa protezione si ottiene attraverso la registrazione dei disegni o dei copyright sulla nostra piattaforma.<\/span><\/p>\r\n<p class=\"lead\">Grazie al nostro sistema di archiviazione, avrete dei mezzi di prova e potrete gestire pi\u00f9 facilmente un'eventuale controversia.<\/p>\r\n\r\n<\/div>\r\n<\/div>\r\n<div class=\"col-sm-6\">\r\n<div class=\"col-right-custom\">\r\n<h2 style=\"text-align: left;\">La protezione industriale<\/h2>\r\n<p class=\"lead\"><span style=\"font-weight: 400;\">Le industrie operano in un settore competitivo. L'innovazione industriale richiede misure di protezione. Fidealis vi assiste nell'archiviazione e <a href=\"https:\/\/beta.fidealis.com\/it\/it\/le-nostre-soluzioni-di-deposito-per-le-aziende\/industrie\/\">protezione delle vostre ricerche industriali,<\/a>, quaderni di laboratorio, progetti tecnici, cos\u00ec come nelle vostre strategie industriali. Questo deposito vi permette di proteggere le vostre innovazioni anche quando non sono brevettabili.<\/span><\/p>\r\n\r\n<h2 style=\"text-align: left;\">Le fiere<\/h2>\r\n<p class=\"lead\"><span style=\"font-weight: 400;\">Il dipartimento fiere di Fidealis vi aiuter\u00e0 ad organizzare le vostre fiere. Sono disponibili diversi servizi a seconda della formula scelta. Possiamo assistere i vostri <a href=\"https:\/\/beta.fidealis.com\/it\/it\/le-nostre-soluzioni-di-deposito-per-le-aziende\/fiere-commerciali\/\">espositori nella protezione delle loro creazioni intellettuali<\/a>. Possiamo anche allestire uno stand dedicato alla protezione delle creazioni per fornire consigli e assistenza legale.<\/span><\/p>\r\n\r\n<h2 style=\"text-align: left;\">L'agroalimentare<\/h2>\r\n<p class=\"lead\"><span style=\"font-weight: 400;\">L'innovazione nel settore agroalimentare \u00e8 ci\u00f2 che permette alle aziende di rimanere competitive e distinguersi dalla concorrenza. Queste innovazioni agroalimentari possono essere ricette, cocktail, processi culinari o elementi visivi. <a href=\"https:\/\/beta.fidealis.com\/it\/it\/le-nostre-soluzioni-di-deposito-per-le-aziende\/fiere-commerciali\/\">Le aziende agroalimentari<\/a> spesso non registrano le loro innovazioni, pur essendo essenziale.<\/span><\/p>\r\n<p class=\"lead\">La Fidealis vi aiuta a proteggere le vostre varie creazioni agroalimentari.<\/p>\r\n\r\n<\/div>\r\n<\/div>\r\n<div class=\"col-sm-6\"><\/div>\r\n<\/div>\r\n<!--end of row-->\r\n\r\n<\/div>\r\n<!--end of container-->\r\n\r\n<\/section><section class=\"unpad--bottom switchable cta cta-3 bg--secondary text-center\">\r\n<div class=\"container\">\r\n<div class=\"row\">\r\n<div class=\"col-sm-6 col-md-6\">\r\n<div class=\"switchable__text\">\r\n<h2>Fidealis, soluzioni di protezione contro il plagio e il furto per tutte le imprese<\/h2>\r\n<p class=\"lead\">La soluzione rivoluzionaria per la protezione dei disegni e delle collezioni, che combina firma elettronica, marcatura temporale e tecnologie blockchain. Le vostre creazioni sono istantaneamente certificate e archiviate in simultanea presso l'ufficiale giudiziario.<\/p>\r\n<a class=\"btn type--uppercase inner-link btn--primary\" title=\"\" href=\"https:\/\/beta.fidealis.com\/it\/it\/iscrizione\" target=\"_blank\" rel=\"noopener\"> <span class=\"btn__text\"> Iscriviti gratuitamente<\/span><span class=\"label\">senza cdc<\/span> <\/a>\r\n\r\n<\/div>\r\n<\/div>\r\n<div class=\"col-sm-6 col-md-5\"><img class=\"block\" src=\"https:\/\/beta.fidealis.com\/wp-content\/uploads\/2018\/08\/solutions-copyright-entreprises.png\" alt=\"solution de d\u00e9p\u00f4t et copyright pour entreprises\" \/><\/div>\r\n<\/div>\r\n<!--end of row-->\r\n\r\n<\/div>\r\n<!--end of container-->\r\n\r\n<\/section>","protected":false},"excerpt":{"rendered":"<p>Le nostre soluzioni di deposito per le aziende Il vostro deposito Aziendale a partire da 95\u20ac Soluzione di archiviazione e protezione online&#8230;<\/p>\n","protected":false},"author":1,"featured_media":0,"parent":0,"menu_order":0,"comment_status":"closed","ping_status":"closed","template":"","meta":{"_joinchat":[]},"yoast_head":"<!-- This site is optimized with the Yoast SEO plugin v20.3 - https:\/\/yoast.com\/wordpress\/plugins\/seo\/ -->\n<title>Le nostre soluzioni di deposito per le aziende - Fidealis<\/title>\n<meta name=\"description\" content=\"Le creazioni intellettuali costituiscono i beni immateriali delle aziende. \u00c8 ci\u00f2 che consente loro di innovare e di distinguersi in un ambiente competitivo. Per evitare la copia delle loro idee, le aziende devono registrare le loro creazioni.\" \/>\n<meta name=\"robots\" content=\"noindex, follow, max-snippet:-1, max-image-preview:large, max-video-preview:-1\" \/>\n<meta property=\"og:locale\" content=\"it_IT\" \/>\n<meta property=\"og:type\" content=\"article\" \/>\n<meta property=\"og:title\" content=\"Le nostre soluzioni di deposito per le aziende - Fidealis\" \/>\n<meta property=\"og:description\" content=\"Le creazioni intellettuali costituiscono i beni immateriali delle aziende. \u00c8 ci\u00f2 che consente loro di innovare e di distinguersi in un ambiente competitivo. Per evitare la copia delle loro idee, le aziende devono registrare le loro creazioni.\" \/>\n<meta property=\"og:url\" content=\"https:\/\/beta.fidealis.com\/it\/le-nostre-soluzioni-di-deposito-per-le-aziende\/\" \/>\n<meta property=\"og:site_name\" content=\"Fidealis\" \/>\n<meta property=\"article:publisher\" content=\"https:\/\/www.facebook.com\/Fidealis-573887362622849\/\" \/>\n<meta property=\"article:modified_time\" content=\"2021-08-10T08:39:00+00:00\" \/>\n<meta name=\"twitter:card\" content=\"summary_large_image\" \/>\n<script type=\"application\/ld+json\" class=\"yoast-schema-graph\">{\"@context\":\"https:\/\/schema.org\",\"@graph\":[{\"@type\":\"WebPage\",\"@id\":\"https:\/\/beta.fidealis.com\/it\/le-nostre-soluzioni-di-deposito-per-le-aziende\/\",\"url\":\"https:\/\/beta.fidealis.com\/it\/le-nostre-soluzioni-di-deposito-per-le-aziende\/\",\"name\":\"Le nostre soluzioni di deposito per le aziende - Fidealis\",\"isPartOf\":{\"@id\":\"https:\/\/beta.fidealis.com\/#website\"},\"datePublished\":\"2021-07-26T06:58:09+00:00\",\"dateModified\":\"2021-08-10T08:39:00+00:00\",\"description\":\"Le creazioni intellettuali costituiscono i beni immateriali delle aziende. \u00c8 ci\u00f2 che consente loro di innovare e di distinguersi in un ambiente competitivo. Per evitare la copia delle loro idee, le aziende devono registrare le loro creazioni.\",\"breadcrumb\":{\"@id\":\"https:\/\/beta.fidealis.com\/it\/le-nostre-soluzioni-di-deposito-per-le-aziende\/#breadcrumb\"},\"inLanguage\":\"it-IT\",\"potentialAction\":[{\"@type\":\"ReadAction\",\"target\":[\"https:\/\/beta.fidealis.com\/it\/le-nostre-soluzioni-di-deposito-per-le-aziende\/\"]}]},{\"@type\":\"BreadcrumbList\",\"@id\":\"https:\/\/beta.fidealis.com\/it\/le-nostre-soluzioni-di-deposito-per-le-aziende\/#breadcrumb\",\"itemListElement\":[{\"@type\":\"ListItem\",\"position\":1,\"name\":\"Accueil\",\"item\":\"https:\/\/beta.fidealis.com\/it\/\"},{\"@type\":\"ListItem\",\"position\":2,\"name\":\"Le nostre soluzioni di deposito per le aziende\"}]},{\"@type\":\"WebSite\",\"@id\":\"https:\/\/beta.fidealis.com\/#website\",\"url\":\"https:\/\/beta.fidealis.com\/\",\"name\":\"Fidealis\",\"description\":\"Fidealis: vous cr\u00e9ez, nous prot\u00e9geons.\",\"publisher\":{\"@id\":\"https:\/\/beta.fidealis.com\/#organization\"},\"potentialAction\":[{\"@type\":\"SearchAction\",\"target\":{\"@type\":\"EntryPoint\",\"urlTemplate\":\"https:\/\/beta.fidealis.com\/?s={search_term_string}\"},\"query-input\":\"required name=search_term_string\"}],\"inLanguage\":\"it-IT\"},{\"@type\":\"Organization\",\"@id\":\"https:\/\/beta.fidealis.com\/#organization\",\"name\":\"Fidealis\",\"url\":\"https:\/\/beta.fidealis.com\/\",\"logo\":{\"@type\":\"ImageObject\",\"inLanguage\":\"it-IT\",\"@id\":\"https:\/\/beta.fidealis.com\/#\/schema\/logo\/image\/\",\"url\":\"https:\/\/www.fidealis.com\/wp-content\/uploads\/2018\/04\/logo-fidealis.png\",\"contentUrl\":\"https:\/\/www.fidealis.com\/wp-content\/uploads\/2018\/04\/logo-fidealis.png\",\"width\":525,\"height\":205,\"caption\":\"Fidealis\"},\"image\":{\"@id\":\"https:\/\/beta.fidealis.com\/#\/schema\/logo\/image\/\"},\"sameAs\":[\"https:\/\/www.facebook.com\/Fidealis-573887362622849\/\"]}]}<\/script>\n<!-- \/ Yoast SEO plugin. -->","yoast_head_json":{"title":"Le nostre soluzioni di deposito per le aziende - Fidealis","description":"Le creazioni intellettuali costituiscono i beni immateriali delle aziende. \u00c8 ci\u00f2 che consente loro di innovare e di distinguersi in un ambiente competitivo. Per evitare la copia delle loro idee, le aziende devono registrare le loro creazioni.","robots":{"index":"noindex","follow":"follow","max-snippet":"max-snippet:-1","max-image-preview":"max-image-preview:large","max-video-preview":"max-video-preview:-1"},"og_locale":"it_IT","og_type":"article","og_title":"Le nostre soluzioni di deposito per le aziende - Fidealis","og_description":"Le creazioni intellettuali costituiscono i beni immateriali delle aziende. \u00c8 ci\u00f2 che consente loro di innovare e di distinguersi in un ambiente competitivo. Per evitare la copia delle loro idee, le aziende devono registrare le loro creazioni.","og_url":"https:\/\/beta.fidealis.com\/it\/le-nostre-soluzioni-di-deposito-per-le-aziende\/","og_site_name":"Fidealis","article_publisher":"https:\/\/www.facebook.com\/Fidealis-573887362622849\/","article_modified_time":"2021-08-10T08:39:00+00:00","twitter_card":"summary_large_image","schema":{"@context":"https:\/\/schema.org","@graph":[{"@type":"WebPage","@id":"https:\/\/beta.fidealis.com\/it\/le-nostre-soluzioni-di-deposito-per-le-aziende\/","url":"https:\/\/beta.fidealis.com\/it\/le-nostre-soluzioni-di-deposito-per-le-aziende\/","name":"Le nostre soluzioni di deposito per le aziende - Fidealis","isPartOf":{"@id":"https:\/\/beta.fidealis.com\/#website"},"datePublished":"2021-07-26T06:58:09+00:00","dateModified":"2021-08-10T08:39:00+00:00","description":"Le creazioni intellettuali costituiscono i beni immateriali delle aziende. \u00c8 ci\u00f2 che consente loro di innovare e di distinguersi in un ambiente competitivo. Per evitare la copia delle loro idee, le aziende devono registrare le loro creazioni.","breadcrumb":{"@id":"https:\/\/beta.fidealis.com\/it\/le-nostre-soluzioni-di-deposito-per-le-aziende\/#breadcrumb"},"inLanguage":"it-IT","potentialAction":[{"@type":"ReadAction","target":["https:\/\/beta.fidealis.com\/it\/le-nostre-soluzioni-di-deposito-per-le-aziende\/"]}]},{"@type":"BreadcrumbList","@id":"https:\/\/beta.fidealis.com\/it\/le-nostre-soluzioni-di-deposito-per-le-aziende\/#breadcrumb","itemListElement":[{"@type":"ListItem","position":1,"name":"Accueil","item":"https:\/\/beta.fidealis.com\/it\/"},{"@type":"ListItem","position":2,"name":"Le nostre soluzioni di deposito per le aziende"}]},{"@type":"WebSite","@id":"https:\/\/beta.fidealis.com\/#website","url":"https:\/\/beta.fidealis.com\/","name":"Fidealis","description":"Fidealis: vous cr\u00e9ez, nous prot\u00e9geons.","publisher":{"@id":"https:\/\/beta.fidealis.com\/#organization"},"potentialAction":[{"@type":"SearchAction","target":{"@type":"EntryPoint","urlTemplate":"https:\/\/beta.fidealis.com\/?s={search_term_string}"},"query-input":"required name=search_term_string"}],"inLanguage":"it-IT"},{"@type":"Organization","@id":"https:\/\/beta.fidealis.com\/#organization","name":"Fidealis","url":"https:\/\/beta.fidealis.com\/","logo":{"@type":"ImageObject","inLanguage":"it-IT","@id":"https:\/\/beta.fidealis.com\/#\/schema\/logo\/image\/","url":"https:\/\/www.fidealis.com\/wp-content\/uploads\/2018\/04\/logo-fidealis.png","contentUrl":"https:\/\/www.fidealis.com\/wp-content\/uploads\/2018\/04\/logo-fidealis.png","width":525,"height":205,"caption":"Fidealis"},"image":{"@id":"https:\/\/beta.fidealis.com\/#\/schema\/logo\/image\/"},"sameAs":["https:\/\/www.facebook.com\/Fidealis-573887362622849\/"]}]}},"_links":{"self":[{"href":"https:\/\/beta.fidealis.com\/it\/wp-json\/wp\/v2\/pages\/16725"}],"collection":[{"href":"https:\/\/beta.fidealis.com\/it\/wp-json\/wp\/v2\/pages"}],"about":[{"href":"https:\/\/beta.fidealis.com\/it\/wp-json\/wp\/v2\/types\/page"}],"author":[{"embeddable":true,"href":"https:\/\/beta.fidealis.com\/it\/wp-json\/wp\/v2\/users\/1"}],"replies":[{"embeddable":true,"href":"https:\/\/beta.fidealis.com\/it\/wp-json\/wp\/v2\/comments?post=16725"}],"version-history":[{"count":3,"href":"https:\/\/beta.fidealis.com\/it\/wp-json\/wp\/v2\/pages\/16725\/revisions"}],"predecessor-version":[{"id":16955,"href":"https:\/\/beta.fidealis.com\/it\/wp-json\/wp\/v2\/pages\/16725\/revisions\/16955"}],"wp:attachment":[{"href":"https:\/\/beta.fidealis.com\/it\/wp-json\/wp\/v2\/media?parent=16725"}],"curies":[{"name":"wp","href":"https:\/\/api.w.org\/{rel}","templated":true}]}}