{"id":16729,"date":"2021-07-26T09:08:09","date_gmt":"2021-07-26T07:08:09","guid":{"rendered":"https:\/\/www.fidealis.com\/le-nostre-soluzioni-di-deposito-per-le-aziende\/cedere-i-tuoi-diritti-dautore\/"},"modified":"2021-08-09T14:06:36","modified_gmt":"2021-08-09T12:06:36","slug":"cedere-i-tuoi-diritti-dautore","status":"publish","type":"page","link":"https:\/\/beta.fidealis.com\/it\/le-nostre-soluzioni-di-deposito-per-le-aziende\/cedere-i-tuoi-diritti-dautore\/","title":{"rendered":"Cedere i tuoi diritti d&#8217;autore"},"content":{"rendered":"<section class=\"cover imagebg text-center height-60 section--ken-burns\" data-overlay=\"4\">\r\n<div class=\"background-image-holder\"><img src=\"https:\/\/beta.fidealis.com\/wp-content\/uploads\/2018\/06\/prot\u00e9ger-id\u00e9e-sur-internet.jpg\" alt=\"Prot\u00e9ger le nom de votre entreprise\" \/><\/div>\r\n<div class=\"container pos-vertical-center\">\r\n<div class=\"row\">\r\n<div class=\"col-sm-8 col-md-9\">\r\n<h1>Gestire i vostri diritti d'autore con Fidealis<\/h1>\r\n<\/div>\r\n<\/div>\r\n<!--end of row-->\r\n\r\n<\/div>\r\n<!--end of container-->\r\n\r\n<\/section><section class=\"bg--secondary space--xxs\">\r\n<div class=\"container\">\r\n<div class=\"row\">\r\n<div class=\"cta cta--horizontal text-center-xs\">\r\n<div class=\"col-sm-4\">\r\n<h4>Il vostro deposito a partire da 95\u20ac<\/h4>\r\n<\/div>\r\n<div class=\"col-sm-5\">\r\n<p class=\"lead\">Il modo migliore per cedere i vostri diritti d'autore<\/p>\r\n\r\n<\/div>\r\n<div class=\"col-sm-3 text-right text-center-xs\"><a class=\"btn btn--primary type--uppercase\" title=\"\" href=\"https:\/\/beta.fidealis.com\/it\/chi-siamo\/contattaci\/\" target=\"\" rel=\"\"> <span class=\"btn__text\"> Richiesta di contatto<\/span> <\/a><\/div>\r\n<\/div>\r\n<\/div>\r\n<!--end of row-->\r\n\r\n<\/div>\r\n<!--end of container-->\r\n\r\n<\/section><section class=\"switchable feature-large text-justify space--xxs\">\r\n<div class=\"container\">\r\n<div class=\"row\">\r\n<div class=\"col-sm-6 col-md-5\">\r\n<div class=\"switchable__text\">\r\n\r\n<span>La persona che crea un'opera dell'ingegno detiene, per il solo fatto della sua creazione, di un diritto esclusivo di propriet\u00e0 immateriale opponibile a tutti. Questo diritto comprende un diritto morale e un diritto economico.<\/span>\r\n\r\n<span>Questo<\/span><b> diritto morale <\/b><span>legato alla <\/span><span>personalit\u00e0 dell'autore, gli d\u00e0 il diritto di opporsi alla divulgazione della sua opera senza il suo consenso, di chiederne il ritiro, di rivendicare la paternit\u00e0, e pi\u00f9 in generale il diritto al rispetto della sua opera. \u00c8 perpetuo, inalienabile e imprescrittibile. Il diritto economico consiste nell'essere remunerato per lo sfruttamento del proprio lavoro (CPI art. L 111-1, paragrafi 1 e 2).<\/span><span>\u00a0<\/span>\r\n\r\n<\/div>\r\n<\/div>\r\n<div class=\"col-sm-6\">\r\n<div class=\"boxed boxed--lg boxed--border\">\r\n<div class=\"feature feature-2\"><i class=\"icon color--primary icon-Libra-2\"><\/i>\r\n<div class=\"feature__body\">\r\n<h5>Prova riconosciuta in tribunale<\/h5>\r\n<p>Riconosciuti dai tribunali del mondo<\/p>\r\n\r\n<\/div>\r\n<\/div>\r\n<!--end feature-->\r\n<div class=\"feature feature-2\"><i class=\"icon color--primary icon-Security-Check\"><\/i>\r\n<div class=\"feature__body\">\r\n<h5>Certificato dell'ufficiale giudiziario valido a vita<\/h5>\r\n<p>Costituisce in una prova valida a vita<\/p>\r\n\r\n<\/div>\r\n<\/div>\r\n<div class=\"feature feature-2\"><i class=\"icon color--primary icon-Font-Window\"><\/i>\r\n<div class=\"feature__body\">\r\n<h5>Il vostro certificato disponibile in 11 lingue<\/h5>\r\n<p style=\"text-align: left;\">Avrete i vostri depositi in inglese, francese, italiano, cinese, tedesco, portoghese, arabo, spagnolo, coreano, giapponese e russo.<\/p>\r\n\r\n<\/div>\r\n<\/div>\r\n<!--end feature-->\r\n<div class=\"feature feature-2\"><i class=\"icon color--primary icon-Windows-2\"><\/i>\r\n<div class=\"feature__body\">\r\n<h5>Le tue prove disponibili 24\/7<\/h5>\r\n<p>Ricevuta di deposito disponibile online 24\/7.<\/p>\r\n\r\n<\/div>\r\n<\/div>\r\n<!--end feature-->\r\n\r\n<\/div>\r\n<\/div>\r\n<\/div>\r\n<!--end of row-->\r\n\r\n<\/div>\r\n<!--end of container-->\r\n\r\n<\/section><section class=\"bg--secondary text-center space--xxs\">\r\n<div class=\"container\">\r\n<div class=\"row\">\r\n<div class=\"col-sm-12\">\r\n<h2 class=\"addtoppad\">In caso desideriate trasferire i vostri diritti d'autore, Fidealis pu\u00f2 aiutarvi.<\/h2>\r\n<\/div>\r\n<\/div>\r\n<!--end of row-->\r\n\r\n<\/div>\r\n<!--end of container-->\r\n\r\n<\/section><section class=\"bg--secondary space--xs\">\r\n<div class=\"container\">\r\n<div class=\"row\">\r\n<div class=\"col-sm-4\">\r\n<div class=\"feature feature-2 boxed boxed--border\"><i class=\"icon color--primary icon-Checked-User\"><\/i>\r\n<div class=\"feature__body\">\r\n<p style=\"text-align: center;\"><span class=\"h1 h1--medium\" style=\"color: #d93d3d;\">1.<\/span><\/p>\r\n\r\n<h4 style=\"text-align: center;\">Stesura del contratto<\/h4>\r\n<p style=\"text-align: center;\">In pochi clic, il contratto di cessione del copyright \u00e8 redatto, personalizzato e pubblicato.<\/p>\r\n\r\n<\/div>\r\n<\/div>\r\n<!--end feature-->\r\n\r\n<\/div>\r\n<div class=\"col-sm-4\">\r\n<div class=\"feature feature-2 boxed boxed--border\"><i class=\"icon color--primary icon-Security-Settings\"><\/i>\r\n<div class=\"feature__body\">\r\n<p style=\"text-align: center;\"><span class=\"h1 h1--medium\" style=\"color: #d93d3d;\">2.<\/span><\/p>\r\n\r\n<h4 style=\"text-align: center;\">Rapporti con i clienti<\/h4>\r\n<p style=\"text-align: center;\">Organizziamo la firma del contratto e la consegna delle creazioni trasferite al cliente.<\/p>\r\n\r\n<\/div>\r\n<\/div>\r\n<!--end feature-->\r\n\r\n<\/div>\r\n<div class=\"col-sm-4\">\r\n<div class=\"feature feature-2 boxed boxed--border\"><i class=\"icon color--primary icon-Security-Check\"><\/i>\r\n<div class=\"feature__body\">\r\n<p style=\"text-align: center;\"><span class=\"h1 h1--medium\" style=\"color: #d93d3d;\">3.<\/span><\/p>\r\n\r\n<h4 style=\"text-align: center;\">Archiviazione dei contratti<\/h4>\r\n<p style=\"text-align: center;\">I contratti d'incarico firmati sono archiviati e possono essere consultati in qualsiasi momento nella area clienti personale.<\/p>\r\n\r\n<\/div>\r\n<\/div>\r\n<!--end feature-->\r\n\r\n<\/div>\r\n<\/div>\r\n<!--end of row-->\r\n\r\n<\/div>\r\n<!--end of container-->\r\n\r\n<\/section><section class=\"text-center bg--secondary space--xxs\">\r\n<div class=\"container\">\r\n<div class=\"row\">\r\n<div class=\"col-sm-8 col-md-6\">\r\n<div class=\"cta\">\r\n\r\n<a class=\"btn type--uppercase inner-link btn--primary\" title=\"\" href=\"https:\/\/beta.fidealis.com\/it\/it\/iscrizione\" target=\"_blank\" rel=\"noopener\"><span class=\"btn__text\">Registrati subito<\/span> <\/a>\r\n<p class=\"type--fine-print\" style=\"margin-top: 0.03em; margin-bottom: 1.2em;\">Nessuna carta di credito richiesta.<\/p>\r\n\r\n<\/div>\r\n<\/div>\r\n<\/div>\r\n<!--end of row-->\r\n\r\n<\/div>\r\n<!--end of container-->\r\n\r\n<\/section><section class=\"feature-large switchable text-justify space--sm\">\r\n<div class=\"container\">\r\n<div class=\"row\">\r\n<div class=\"col-sm-6 col-md-6\"><img class=\"border--round box-shadow-wide\" src=\"https:\/\/beta.fidealis.com\/wp-content\/uploads\/2020\/03\/dev-logiciel.jpeg\" alt=\"ameliorer gestion projet logiciel dev\" \/><\/div>\r\n<div class=\"col-sm-6 col-md-5\">\r\n<div class=\"heading-block\">\r\n<h2 style=\"text-align: left;\">Cessione del diritto d'autore: quale procedura bisogna seguire?<\/h2>\r\n<span>Il creatore di un'opera pu\u00f2 <\/span><b>trasferire il suo copyright (diritti di riproduzione e rappresentazione)<\/b><span>. In questo caso, il <\/span><b>creatore conclude un contratto <\/b><span>di cessione del <\/span><b>diritto d'autore con il quale trasferisce i suoi diritti economici a un'altra persona, chiamata cessionario.<\/b>\r\n\r\n<span>Il trasferimento dei diritti d'autore deve essere verbalizzato per iscritto.<\/span>\r\n\r\n<span>La cessione pu\u00f2 riguardare <\/span><b>una parte o la totalit\u00e0 dei diritti (diritto di riproduzione e\/o di esecuzione) <\/b><span>\u00a0e pu\u00f2 <\/span><b>riguardare l'intero periodo di validit\u00e0 del diritto d'autore o solo una parte di esso.<\/b>\r\n\r\n<span>Nel caso di un trasferimento di diritti, il cedente decide le condizioni di sfruttamento della creazione.<\/span>\r\n\r\n<\/div>\r\n<\/div>\r\n<\/div>\r\n<!--end of row-->\r\n\r\n<\/div>\r\n<!--end of container-->\r\n\r\n<\/section><section class=\"feature-large switchable switchable--switch space--xxs\">\r\n<div class=\"container\">\r\n<div class=\"row\">\r\n<div class=\"col-md-6 col-sm-6\"><img class=\"border--round box-shadow-wide\" src=\"https:\/\/beta.fidealis.com\/wp-content\/uploads\/2018\/06\/depot-de-creation-en-ligne.jpg\" alt=\"\" \/><\/div>\r\n<div class=\"col-md-5 col-sm-6\">\r\n<div class=\"heading-block\"><\/div>\r\n<div class=\"text-block\">\r\n<h2><span>Pertanto, il contratto di cessione del copyright deve specificare:<\/span><\/h2>\r\n<ol>\r\n \t<li><span>Il <\/span><b>tipo di diritto ceduto<\/b><span><strong>:<\/strong> diritti di riproduzione e rappresentazione, etc.\r\n<\/span><\/li>\r\n \t<li><strong>La portata del trasferimento: <\/strong>i mezzi di sfruttamento, i processi di diffusione<\/li>\r\n \t<li>Il <strong>luogo<\/strong> e la <strong>durata di sfruttamento<\/strong> del diritto assegnato<\/li>\r\n \t<li><span>La <\/span><b>remunerazione del cedente:<\/b><span> in linea di principio, la retribuzione deve essere proporzionale <\/span><span>alle entrate della vendita e dello sfruttamento, tranne in alcuni casi eccezionali (cessione di diritti relativi al software, o quando \u00e8 impossibile applicare una remunerazione proporzionale).<\/span><\/li>\r\n<\/ol>\r\n<strong><span>Volete passare i vostri diritti d'autore ad altri? Fidealis vi assister\u00e0 nella stesura del vostro contratto e durante tutto il processo di trasferimento.<\/span><\/strong>\r\n\r\n<\/div>\r\n<\/div>\r\n<\/div>\r\n<!--end of row-->\r\n\r\n<\/div>\r\n<!--end of container-->\r\n\r\n<\/section><section class=\"unpad--bottom switchable cta cta-3 bg--secondary switchable--switch text-center\">\r\n<div class=\"container\">\r\n<div class=\"row\">\r\n<div class=\"col-sm-6 col-md-6\">\r\n<div class=\"switchable__text\">\r\n<h2>Assegnate i vostri diritti d'autore con facilit\u00e0 con Fidealis.<\/h2>\r\n<p class=\"lead\" style=\"text-align: left;\">Fidealis si occuper\u00e0 della registrazione, protezione e trasferimento del vostro copyright.<\/p>\r\n<p class=\"lead\" style=\"text-align: left;\">Grazie a metodi affidabili, proteggeremo immediatamente la vostra creazione. Dopo una firma digitale del vostro deposito e un timestamp elettronico, la vostra creazione verr\u00e0 depositata presso un ufficiale giudiziario.<\/p>\r\n<a class=\"btn type--uppercase inner-link btn--primary\" title=\"\" href=\"https:\/\/beta.fidealis.com\/it\/it\/iscrizione\" target=\"_blank\" rel=\"noopener\"> <span class=\"btn__text\"> Iscriviti gratuitamente<\/span><span class=\"label\">senza cdc<\/span><\/a>\r\n\r\n<\/div>\r\n<\/div>\r\n<div class=\"col-sm-6 col-md-5\"><img class=\"block\" src=\"https:\/\/beta.fidealis.com\/wp-content\/uploads\/2018\/08\/protection-nom-marque.png\" alt=\"D\u00e9p\u00f4t et copyright pour sa marque\" \/><\/div>\r\n<\/div>\r\n<!--end of row-->\r\n\r\n<\/div>\r\n<!--end of container-->\r\n\r\n<\/section>","protected":false},"excerpt":{"rendered":"<p>Gestire i vostri diritti d&#8217;autore con Fidealis Il vostro deposito a partire da 95\u20ac Il modo migliore per cedere i vostri diritti&#8230;<\/p>\n","protected":false},"author":1,"featured_media":0,"parent":16725,"menu_order":0,"comment_status":"closed","ping_status":"closed","template":"","meta":{"_joinchat":[]},"yoast_head":"<!-- This site is optimized with the Yoast SEO plugin v20.3 - https:\/\/yoast.com\/wordpress\/plugins\/seo\/ -->\n<title>Cessione del diritto d&#039;autore per i professionisti con Fidealis<\/title>\n<meta name=\"description\" content=\"Il creatore di un&#039;opera pu\u00f2 cedere il suo copyright (diritti di riproduzione ed esecuzione). In questo caso, il creatore stipula un contratto di cessione del copyright con il quale trasferisce i suoi diritti economici ad un&#039;altra persona, chiamata cessionario.\" \/>\n<meta name=\"robots\" content=\"noindex, follow, max-snippet:-1, max-image-preview:large, max-video-preview:-1\" \/>\n<meta property=\"og:locale\" content=\"it_IT\" \/>\n<meta property=\"og:type\" content=\"article\" \/>\n<meta property=\"og:title\" content=\"Cessione del diritto d&#039;autore per i professionisti con Fidealis\" \/>\n<meta property=\"og:description\" content=\"Il creatore di un&#039;opera pu\u00f2 cedere il suo copyright (diritti di riproduzione ed esecuzione). In questo caso, il creatore stipula un contratto di cessione del copyright con il quale trasferisce i suoi diritti economici ad un&#039;altra persona, chiamata cessionario.\" \/>\n<meta property=\"og:url\" content=\"https:\/\/beta.fidealis.com\/it\/le-nostre-soluzioni-di-deposito-per-le-aziende\/cedere-i-tuoi-diritti-dautore\/\" \/>\n<meta property=\"og:site_name\" content=\"Fidealis\" \/>\n<meta property=\"article:publisher\" content=\"https:\/\/www.facebook.com\/Fidealis-573887362622849\/\" \/>\n<meta property=\"article:modified_time\" content=\"2021-08-09T12:06:36+00:00\" \/>\n<meta name=\"twitter:card\" content=\"summary_large_image\" \/>\n<script type=\"application\/ld+json\" class=\"yoast-schema-graph\">{\"@context\":\"https:\/\/schema.org\",\"@graph\":[{\"@type\":\"WebPage\",\"@id\":\"https:\/\/beta.fidealis.com\/it\/le-nostre-soluzioni-di-deposito-per-le-aziende\/cedere-i-tuoi-diritti-dautore\/\",\"url\":\"https:\/\/beta.fidealis.com\/it\/le-nostre-soluzioni-di-deposito-per-le-aziende\/cedere-i-tuoi-diritti-dautore\/\",\"name\":\"Cessione del diritto d'autore per i professionisti con Fidealis\",\"isPartOf\":{\"@id\":\"https:\/\/beta.fidealis.com\/#website\"},\"datePublished\":\"2021-07-26T07:08:09+00:00\",\"dateModified\":\"2021-08-09T12:06:36+00:00\",\"description\":\"Il creatore di un'opera pu\u00f2 cedere il suo copyright (diritti di riproduzione ed esecuzione). In questo caso, il creatore stipula un contratto di cessione del copyright con il quale trasferisce i suoi diritti economici ad un'altra persona, chiamata cessionario.\",\"breadcrumb\":{\"@id\":\"https:\/\/beta.fidealis.com\/it\/le-nostre-soluzioni-di-deposito-per-le-aziende\/cedere-i-tuoi-diritti-dautore\/#breadcrumb\"},\"inLanguage\":\"it-IT\",\"potentialAction\":[{\"@type\":\"ReadAction\",\"target\":[\"https:\/\/beta.fidealis.com\/it\/le-nostre-soluzioni-di-deposito-per-le-aziende\/cedere-i-tuoi-diritti-dautore\/\"]}]},{\"@type\":\"BreadcrumbList\",\"@id\":\"https:\/\/beta.fidealis.com\/it\/le-nostre-soluzioni-di-deposito-per-le-aziende\/cedere-i-tuoi-diritti-dautore\/#breadcrumb\",\"itemListElement\":[{\"@type\":\"ListItem\",\"position\":1,\"name\":\"Accueil\",\"item\":\"https:\/\/beta.fidealis.com\/it\/\"},{\"@type\":\"ListItem\",\"position\":2,\"name\":\"Le nostre soluzioni di deposito per le aziende\",\"item\":\"https:\/\/beta.fidealis.com\/it\/le-nostre-soluzioni-di-deposito-per-le-aziende\/\"},{\"@type\":\"ListItem\",\"position\":3,\"name\":\"Cedere i tuoi diritti d&#8217;autore\"}]},{\"@type\":\"WebSite\",\"@id\":\"https:\/\/beta.fidealis.com\/#website\",\"url\":\"https:\/\/beta.fidealis.com\/\",\"name\":\"Fidealis\",\"description\":\"Fidealis: vous cr\u00e9ez, nous prot\u00e9geons.\",\"publisher\":{\"@id\":\"https:\/\/beta.fidealis.com\/#organization\"},\"potentialAction\":[{\"@type\":\"SearchAction\",\"target\":{\"@type\":\"EntryPoint\",\"urlTemplate\":\"https:\/\/beta.fidealis.com\/?s={search_term_string}\"},\"query-input\":\"required name=search_term_string\"}],\"inLanguage\":\"it-IT\"},{\"@type\":\"Organization\",\"@id\":\"https:\/\/beta.fidealis.com\/#organization\",\"name\":\"Fidealis\",\"url\":\"https:\/\/beta.fidealis.com\/\",\"logo\":{\"@type\":\"ImageObject\",\"inLanguage\":\"it-IT\",\"@id\":\"https:\/\/beta.fidealis.com\/#\/schema\/logo\/image\/\",\"url\":\"https:\/\/www.fidealis.com\/wp-content\/uploads\/2018\/04\/logo-fidealis.png\",\"contentUrl\":\"https:\/\/www.fidealis.com\/wp-content\/uploads\/2018\/04\/logo-fidealis.png\",\"width\":525,\"height\":205,\"caption\":\"Fidealis\"},\"image\":{\"@id\":\"https:\/\/beta.fidealis.com\/#\/schema\/logo\/image\/\"},\"sameAs\":[\"https:\/\/www.facebook.com\/Fidealis-573887362622849\/\"]}]}<\/script>\n<!-- \/ Yoast SEO plugin. -->","yoast_head_json":{"title":"Cessione del diritto d'autore per i professionisti con Fidealis","description":"Il creatore di un'opera pu\u00f2 cedere il suo copyright (diritti di riproduzione ed esecuzione). In questo caso, il creatore stipula un contratto di cessione del copyright con il quale trasferisce i suoi diritti economici ad un'altra persona, chiamata cessionario.","robots":{"index":"noindex","follow":"follow","max-snippet":"max-snippet:-1","max-image-preview":"max-image-preview:large","max-video-preview":"max-video-preview:-1"},"og_locale":"it_IT","og_type":"article","og_title":"Cessione del diritto d'autore per i professionisti con Fidealis","og_description":"Il creatore di un'opera pu\u00f2 cedere il suo copyright (diritti di riproduzione ed esecuzione). In questo caso, il creatore stipula un contratto di cessione del copyright con il quale trasferisce i suoi diritti economici ad un'altra persona, chiamata cessionario.","og_url":"https:\/\/beta.fidealis.com\/it\/le-nostre-soluzioni-di-deposito-per-le-aziende\/cedere-i-tuoi-diritti-dautore\/","og_site_name":"Fidealis","article_publisher":"https:\/\/www.facebook.com\/Fidealis-573887362622849\/","article_modified_time":"2021-08-09T12:06:36+00:00","twitter_card":"summary_large_image","schema":{"@context":"https:\/\/schema.org","@graph":[{"@type":"WebPage","@id":"https:\/\/beta.fidealis.com\/it\/le-nostre-soluzioni-di-deposito-per-le-aziende\/cedere-i-tuoi-diritti-dautore\/","url":"https:\/\/beta.fidealis.com\/it\/le-nostre-soluzioni-di-deposito-per-le-aziende\/cedere-i-tuoi-diritti-dautore\/","name":"Cessione del diritto d'autore per i professionisti con Fidealis","isPartOf":{"@id":"https:\/\/beta.fidealis.com\/#website"},"datePublished":"2021-07-26T07:08:09+00:00","dateModified":"2021-08-09T12:06:36+00:00","description":"Il creatore di un'opera pu\u00f2 cedere il suo copyright (diritti di riproduzione ed esecuzione). In questo caso, il creatore stipula un contratto di cessione del copyright con il quale trasferisce i suoi diritti economici ad un'altra persona, chiamata cessionario.","breadcrumb":{"@id":"https:\/\/beta.fidealis.com\/it\/le-nostre-soluzioni-di-deposito-per-le-aziende\/cedere-i-tuoi-diritti-dautore\/#breadcrumb"},"inLanguage":"it-IT","potentialAction":[{"@type":"ReadAction","target":["https:\/\/beta.fidealis.com\/it\/le-nostre-soluzioni-di-deposito-per-le-aziende\/cedere-i-tuoi-diritti-dautore\/"]}]},{"@type":"BreadcrumbList","@id":"https:\/\/beta.fidealis.com\/it\/le-nostre-soluzioni-di-deposito-per-le-aziende\/cedere-i-tuoi-diritti-dautore\/#breadcrumb","itemListElement":[{"@type":"ListItem","position":1,"name":"Accueil","item":"https:\/\/beta.fidealis.com\/it\/"},{"@type":"ListItem","position":2,"name":"Le nostre soluzioni di deposito per le aziende","item":"https:\/\/beta.fidealis.com\/it\/le-nostre-soluzioni-di-deposito-per-le-aziende\/"},{"@type":"ListItem","position":3,"name":"Cedere i tuoi diritti d&#8217;autore"}]},{"@type":"WebSite","@id":"https:\/\/beta.fidealis.com\/#website","url":"https:\/\/beta.fidealis.com\/","name":"Fidealis","description":"Fidealis: vous cr\u00e9ez, nous prot\u00e9geons.","publisher":{"@id":"https:\/\/beta.fidealis.com\/#organization"},"potentialAction":[{"@type":"SearchAction","target":{"@type":"EntryPoint","urlTemplate":"https:\/\/beta.fidealis.com\/?s={search_term_string}"},"query-input":"required name=search_term_string"}],"inLanguage":"it-IT"},{"@type":"Organization","@id":"https:\/\/beta.fidealis.com\/#organization","name":"Fidealis","url":"https:\/\/beta.fidealis.com\/","logo":{"@type":"ImageObject","inLanguage":"it-IT","@id":"https:\/\/beta.fidealis.com\/#\/schema\/logo\/image\/","url":"https:\/\/www.fidealis.com\/wp-content\/uploads\/2018\/04\/logo-fidealis.png","contentUrl":"https:\/\/www.fidealis.com\/wp-content\/uploads\/2018\/04\/logo-fidealis.png","width":525,"height":205,"caption":"Fidealis"},"image":{"@id":"https:\/\/beta.fidealis.com\/#\/schema\/logo\/image\/"},"sameAs":["https:\/\/www.facebook.com\/Fidealis-573887362622849\/"]}]}},"_links":{"self":[{"href":"https:\/\/beta.fidealis.com\/it\/wp-json\/wp\/v2\/pages\/16729"}],"collection":[{"href":"https:\/\/beta.fidealis.com\/it\/wp-json\/wp\/v2\/pages"}],"about":[{"href":"https:\/\/beta.fidealis.com\/it\/wp-json\/wp\/v2\/types\/page"}],"author":[{"embeddable":true,"href":"https:\/\/beta.fidealis.com\/it\/wp-json\/wp\/v2\/users\/1"}],"replies":[{"embeddable":true,"href":"https:\/\/beta.fidealis.com\/it\/wp-json\/wp\/v2\/comments?post=16729"}],"version-history":[{"count":2,"href":"https:\/\/beta.fidealis.com\/it\/wp-json\/wp\/v2\/pages\/16729\/revisions"}],"predecessor-version":[{"id":16921,"href":"https:\/\/beta.fidealis.com\/it\/wp-json\/wp\/v2\/pages\/16729\/revisions\/16921"}],"up":[{"embeddable":true,"href":"https:\/\/beta.fidealis.com\/it\/wp-json\/wp\/v2\/pages\/16725"}],"wp:attachment":[{"href":"https:\/\/beta.fidealis.com\/it\/wp-json\/wp\/v2\/media?parent=16729"}],"curies":[{"name":"wp","href":"https:\/\/api.w.org\/{rel}","templated":true}]}}