{"id":16732,"date":"2021-07-26T09:13:12","date_gmt":"2021-07-26T07:13:12","guid":{"rendered":"https:\/\/www.fidealis.com\/le-nostre-soluzioni-di-deposito-per-le-aziende\/protezione-di-uninnovazione-agroalimentare\/"},"modified":"2021-08-10T10:43:56","modified_gmt":"2021-08-10T08:43:56","slug":"protezione-di-uninnovazione-agroalimentare","status":"publish","type":"page","link":"https:\/\/beta.fidealis.com\/it\/le-nostre-soluzioni-di-deposito-per-le-aziende\/protezione-di-uninnovazione-agroalimentare\/","title":{"rendered":"Protezione di un&#8217;innovazione agroalimentare"},"content":{"rendered":"<section class=\"cover imagebg text-center height-60 section--ken-burns\" data-overlay=\"4\">\r\n<div class=\"background-image-holder\"><img src=\"https:\/\/beta.fidealis.com\/wp-content\/uploads\/2018\/07\/protection-agroalimentaire.jpg\" alt=\"\" \/><\/div>\r\n<div class=\"container pos-vertical-center\">\r\n<div class=\"row\">\r\n<div class=\"col-sm-8 col-md-9\">\r\n<h1>Protezione delle innovazioni agroalimentari<\/h1>\r\n<\/div>\r\n<\/div>\r\n<!--end of row-->\r\n\r\n<\/div>\r\n<!--end of container-->\r\n\r\n<\/section><section class=\"bg--secondary space--xxs\">\r\n<div class=\"container\">\r\n<div class=\"row\">\r\n<div class=\"cta cta--horizontal text-center-xs\">\r\n<div class=\"col-sm-4\">\r\n<h4>Il vostro deposito a partire da 95\u20ac<\/h4>\r\n<\/div>\r\n<div class=\"col-sm-5\">\r\n<p class=\"lead\">Soluzione di tutela per le innovazioni agroalimentari<\/p>\r\n\r\n<\/div>\r\n<div class=\"col-sm-3 text-right text-center-xs\"><a class=\"btn btn--primary type--uppercase\" title=\"\" href=\"https:\/\/beta.fidealis.com\/it\/chi-siamo\/contattaci\/\" target=\"\" rel=\"\"> <span class=\"btn__text\"> Richiesta di contatto<\/span> <\/a><\/div>\r\n<\/div>\r\n<\/div>\r\n<!--end of row-->\r\n\r\n<\/div>\r\n<!--end of container-->\r\n\r\n<\/section><section class=\"switchable feature-large space--xxs text-justify\">\r\n<div class=\"container\">\r\n<div class=\"row\">\r\n<div class=\"col-sm-6 col-md-6\">\r\n<div class=\"switchable__text\">\r\n<p class=\"lead\"><span style=\"font-weight: 400;\">La protezione di un'innovazione agroalimentare rappresenta una <\/span><b>posta in gioco<\/b><span style=\"font-weight: 400;\"> importante per la <a href=\"it\/le-nostre-soluzioni-di-deposito-per-le-aziende\/\">competitivit\u00e0 delle imprese<\/a> di questo settore. Tuttavia, le aziende agroalimentari non registrano spesso le loro innovazioni.<\/span><\/p>\r\n<p class=\"lead\"><span style=\"font-weight: 400;\">La registrazione delle vostre innovazioni come azienda agroalimentare \u00e8 comunque essenziale. Queste innovazioni possono essere ricette, cocktail, processi culinari o vari elementi visivi. Il deposito vi permette <\/span><b>di proteggere le vostre innovazioni e di evitare qualsiasi contraffazione.<\/b><\/p>\r\n<p class=\"lead\">La registrazione del brevetto non \u00e8 sempre adatta a proteggere le innovazioni nell'industria alimentare. Perch\u00e9 un'innovazione sia brevettabile, deve consistere in una nuova innovazione tecnica. Tuttavia, una ricetta \u00e8 essenzialmente una questione di know-how. Brevettare \u00e8 anche un processo lungo e costoso per le aziende.<\/p>\r\n\r\n<\/div>\r\n<\/div>\r\n<div class=\"col-sm-5\">\r\n<div class=\"boxed boxed--lg boxed--border\">\r\n<div class=\"feature feature-2\"><i class=\"icon color--primary icon-Libra-2\"><\/i>\r\n<div class=\"feature__body\">\r\n<h5>Prova riconosciuta in tribunale<\/h5>\r\n<p>Riconosciuti dai tribunali del mondo<\/p>\r\n\r\n<\/div>\r\n<\/div>\r\n<!--end feature-->\r\n<div class=\"feature feature-2\"><i class=\"icon color--primary icon-Security-Check\"><\/i>\r\n<div class=\"feature__body\">\r\n<h5>Certificato dell'ufficiale giudiziario valido a vita<\/h5>\r\n<p>Costituisce in una prova valida a vita<\/p>\r\n\r\n<\/div>\r\n<\/div>\r\n<div class=\"feature feature-2\"><i class=\"icon color--primary icon-Font-Window\"><\/i>\r\n<div class=\"feature__body\">\r\n<h5>Il vostro certificato disponibile in 11 lingue<\/h5>\r\n<p style=\"text-align: left;\">Avrete i vostri depositi in inglese, francese, italiano, cinese, tedesco, portoghese, arabo, spagnolo, coreano, giapponese e russo.<\/p>\r\n\r\n<\/div>\r\n<\/div>\r\n<!--end feature-->\r\n<div class=\"feature feature-2\"><i class=\"icon color--primary icon-Windows-2\"><\/i>\r\n<div class=\"feature__body\">\r\n<h5>Le tue prove disponibili 24\/7<\/h5>\r\n<p>Ricevuta di deposito disponibile online 24\/7.<\/p>\r\n\r\n<\/div>\r\n<\/div>\r\n<!--end feature-->\r\n\r\n<\/div>\r\n<\/div>\r\n<\/div>\r\n<!--end of row-->\r\n\r\n<\/div>\r\n<!--end of container-->\r\n\r\n<\/section><section class=\"bg--secondary text-center space--xxs\">\r\n<div class=\"container\">\r\n<div class=\"row\">\r\n<div class=\"col-sm-12\">\r\n<h2 class=\"addtoppad\">Fidealis vi aiuta a proteggere le vostre invenzioni<\/h2>\r\n<\/div>\r\n<\/div>\r\n<!--end of row-->\r\n\r\n<\/div>\r\n<!--end of container-->\r\n\r\n<\/section><section class=\"bg--secondary space--xs\">\r\n<div class=\"container\">\r\n<div class=\"row\">\r\n<div class=\"col-sm-4\">\r\n<div class=\"feature feature-2 boxed boxed--border\"><i class=\"icon color--primary icon-Checked-User\"><\/i>\r\n<div class=\"feature__body\">\r\n<p style=\"text-align: center;\"><span class=\"h1 h1--medium\" style=\"color: #d93d3d;\">1.<\/span><\/p>\r\n\r\n<h4 style=\"text-align: center;\">Registrazione<\/h4>\r\n<p style=\"text-align: center;\">Iscriviti gratuitamente.<br>\r\nNessun pagamento verr\u00e0 richiesto.<\/p>\r\n\r\n<\/div>\r\n<\/div>\r\n<!--end feature-->\r\n\r\n<\/div>\r\n<div class=\"col-sm-4\">\r\n<div class=\"feature feature-2 boxed boxed--border\"><i class=\"icon color--primary icon-Security-Settings\"><\/i>\r\n<div class=\"feature__body\">\r\n<p style=\"text-align: center;\"><span class=\"h1 h1--medium\" style=\"color: #d93d3d;\">2.<\/span><\/p>\r\n\r\n<h4 style=\"text-align: center;\">Assistenza<\/h4>\r\n<p style=\"text-align: center;\">Scegli un'offerta adatta alle tue esigenze con l'aiuto di uno dei nostri consulenti.<\/p>\r\n\r\n<\/div>\r\n<\/div>\r\n<!--end feature-->\r\n\r\n<\/div>\r\n<div class=\"col-sm-4\">\r\n<div class=\"feature feature-2 boxed boxed--border\"><i class=\"icon color--primary icon-Security-Check\"><\/i>\r\n<div class=\"feature__body\">\r\n<p style=\"text-align: center;\"><span class=\"h1 h1--medium\" style=\"color: #d93d3d;\">3.<\/span><\/p>\r\n\r\n<h4 style=\"text-align: center;\">Tutela<\/h4>\r\n<p style=\"text-align: center;\">Deposita le tue creazioni online.<br>\r\nSei protetto!<\/p>\r\n\r\n<\/div>\r\n<\/div>\r\n<!--end feature-->\r\n\r\n<\/div>\r\n<\/div>\r\n<!--end of row-->\r\n\r\n<\/div>\r\n<!--end of container-->\r\n\r\n<\/section><section class=\"text-center bg--secondary space--xxs\">\r\n<div class=\"container\">\r\n<div class=\"row\">\r\n<div class=\"col-sm-8 col-md-6\">\r\n<div class=\"cta\">\r\n\r\n<a class=\"btn type--uppercase inner-link btn--primary\" title=\"\" href=\"https:\/\/beta.fidealis.com\/it\/it\/iscrizione\" target=\"_blank\" rel=\"noopener\"><span class=\"btn__text\">Registrati subito<\/span> <\/a>\r\n<p class=\"type--fine-print\" style=\"margin-top: 0.03em; margin-bottom: 1.2em;\">Nessuna carta di credito richiesta.<\/p>\r\n\r\n<\/div>\r\n<\/div>\r\n<\/div>\r\n<!--end of row-->\r\n\r\n<\/div>\r\n<!--end of container-->\r\n\r\n<\/section><section class=\"text-justify space--xxs\">\r\n<div class=\"container\">\r\n<div class=\"row\">\r\n<div class=\"col-sm-6\">\r\n<div class=\"col-left-custom\">\r\n<p class=\"lead\"><span style=\"font-weight: 400;\">Per depositare un brevetto, ci vogliono 36 mesi dalla data di deposito al suo rilascio, e un minimo di 4000\u20ac per un semplice deposito sul territorio francese.<\/span><\/p>\r\n<p class=\"lead\"><span style=\"font-weight: 400;\">Ecco perch\u00e9 noi di <\/span><b>Fidealis<\/b><span style=\"font-weight: 400;\">, aiutiamo le aziende alimentari a proteggere le loro creazioni. La registrazione del copyright o del design presso Fidealis \u00e8 un'<b>alternativa meno costosa e pi\u00f9 accessibile alla registrazione del brevetto<\/b>. <\/span><\/p>\r\n<p class=\"lead\"><span style=\"font-weight: 400;\">Permette anche di proteggere ricette che non sarebbero brevettabili.<\/span><\/p>\r\n\r\n<\/div>\r\n<\/div>\r\n<div class=\"col-sm-6\">\r\n<div class=\"col-right-custom\">\r\n<p class=\"lead\"><span style=\"font-weight: 400;\">Registrare le vostre innovazioni alimentari con Fidealis significa stabilire la prova della vostra creazione. Le vostre innovazioni sono, appena depositate, firmate elettronicamente e registrate presso un ufficiale giudiziario che d\u00e0 loro una data certa. <\/span><b>La prova del vostro diritto d'autore \u00e8 infalsificabile<\/b><span style=\"font-weight: 400;\"> e vi permette di proteggervi contro qualsiasi violazione delle vostre creazioni e di difendervi in tribunale in caso di violazione.<\/span><\/p>\r\n<p class=\"lead\"><span style=\"font-weight: 400;\">Fidealis \u00e8 al servizio della protezione delle vostre innovazioni agroalimentari.<\/span><\/p>\r\n\r\n<\/div>\r\n<\/div>\r\n<div class=\"col-sm-6\"><\/div>\r\n<\/div>\r\n<!--end of row-->\r\n\r\n<\/div>\r\n<!--end of container-->\r\n\r\n<\/section><section class=\"unpad--bottom switchable cta cta-3 bg--secondary text-center\">\r\n<div class=\"container\">\r\n<div class=\"row\">\r\n<div class=\"col-sm-6 col-md-6\">\r\n<div class=\"switchable__text\">\r\n<h2>Fidealis, il deposito di produzione agroalimentare in tutta serenit\u00e0<\/h2>\r\n<p class=\"lead\">La soluzione rivoluzionaria per la protezione dei disegni e delle collezioni, che combina firma elettronica, marcatura temporale e tecnologie blockchain. Le vostre creazioni sono istantaneamente certificate e archiviate in simultanea presso l'ufficiale giudiziario.<\/p>\r\n<a class=\"btn type--uppercase inner-link btn--primary\" title=\"\" href=\"https:\/\/beta.fidealis.com\/it\/it\/iscrizione\" target=\"_blank\" rel=\"noopener\"> <span class=\"btn__text\"> Iscriviti gratuitamente<\/span><span class=\"label\">senza cdc<\/span> <\/a>\r\n\r\n<\/div>\r\n<\/div>\r\n<div class=\"col-sm-6 col-md-5\"><img class=\"block\" src=\"https:\/\/beta.fidealis.com\/wp-content\/uploads\/2018\/08\/protection-agroalimentaire.png\" alt=\"solution de d\u00e9p\u00f4t et copyright dans l'agroalimentaire\" \/><\/div>\r\n<\/div>\r\n<!--end of row-->\r\n\r\n<\/div>\r\n<!--end of container-->\r\n\r\n<\/section>","protected":false},"excerpt":{"rendered":"<p>Protezione delle innovazioni agroalimentari Il vostro deposito a partire da 95\u20ac Soluzione di tutela per le innovazioni agroalimentari Richiesta di contatto La&#8230;<\/p>\n","protected":false},"author":1,"featured_media":0,"parent":16725,"menu_order":0,"comment_status":"closed","ping_status":"closed","template":"","meta":{"_joinchat":[]},"yoast_head":"<!-- This site is optimized with the Yoast SEO plugin v20.3 - https:\/\/yoast.com\/wordpress\/plugins\/seo\/ -->\n<title>Fidealis Soluzioni Aziendali: Innovazioni Agroalimentari<\/title>\n<meta name=\"description\" content=\"La protezione di un&#039;innovazione agroalimentare rappresenta una sfida importante per la competitivit\u00e0 delle imprese di questo settore. Tuttavia, le aziende agroalimentari non registrano spesso le loro innovazioni. Registrare le vostre realizzazioni come azienda alimentare \u00e8 comunque essenziale. Fidealis vi aiuta.\" \/>\n<meta name=\"robots\" content=\"noindex, follow, max-snippet:-1, max-image-preview:large, max-video-preview:-1\" \/>\n<meta property=\"og:locale\" content=\"it_IT\" \/>\n<meta property=\"og:type\" content=\"article\" \/>\n<meta property=\"og:title\" content=\"Fidealis Soluzioni Aziendali: Innovazioni Agroalimentari\" \/>\n<meta property=\"og:description\" content=\"La protezione di un&#039;innovazione agroalimentare rappresenta una sfida importante per la competitivit\u00e0 delle imprese di questo settore. Tuttavia, le aziende agroalimentari non registrano spesso le loro innovazioni. Registrare le vostre realizzazioni come azienda alimentare \u00e8 comunque essenziale. Fidealis vi aiuta.\" \/>\n<meta property=\"og:url\" content=\"https:\/\/beta.fidealis.com\/it\/le-nostre-soluzioni-di-deposito-per-le-aziende\/protezione-di-uninnovazione-agroalimentare\/\" \/>\n<meta property=\"og:site_name\" content=\"Fidealis\" \/>\n<meta property=\"article:publisher\" content=\"https:\/\/www.facebook.com\/Fidealis-573887362622849\/\" \/>\n<meta property=\"article:modified_time\" content=\"2021-08-10T08:43:56+00:00\" \/>\n<meta name=\"twitter:card\" content=\"summary_large_image\" \/>\n<script type=\"application\/ld+json\" class=\"yoast-schema-graph\">{\"@context\":\"https:\/\/schema.org\",\"@graph\":[{\"@type\":\"WebPage\",\"@id\":\"https:\/\/beta.fidealis.com\/it\/le-nostre-soluzioni-di-deposito-per-le-aziende\/protezione-di-uninnovazione-agroalimentare\/\",\"url\":\"https:\/\/beta.fidealis.com\/it\/le-nostre-soluzioni-di-deposito-per-le-aziende\/protezione-di-uninnovazione-agroalimentare\/\",\"name\":\"Fidealis Soluzioni Aziendali: Innovazioni Agroalimentari\",\"isPartOf\":{\"@id\":\"https:\/\/beta.fidealis.com\/#website\"},\"datePublished\":\"2021-07-26T07:13:12+00:00\",\"dateModified\":\"2021-08-10T08:43:56+00:00\",\"description\":\"La protezione di un'innovazione agroalimentare rappresenta una sfida importante per la competitivit\u00e0 delle imprese di questo settore. Tuttavia, le aziende agroalimentari non registrano spesso le loro innovazioni. Registrare le vostre realizzazioni come azienda alimentare \u00e8 comunque essenziale. Fidealis vi aiuta.\",\"breadcrumb\":{\"@id\":\"https:\/\/beta.fidealis.com\/it\/le-nostre-soluzioni-di-deposito-per-le-aziende\/protezione-di-uninnovazione-agroalimentare\/#breadcrumb\"},\"inLanguage\":\"it-IT\",\"potentialAction\":[{\"@type\":\"ReadAction\",\"target\":[\"https:\/\/beta.fidealis.com\/it\/le-nostre-soluzioni-di-deposito-per-le-aziende\/protezione-di-uninnovazione-agroalimentare\/\"]}]},{\"@type\":\"BreadcrumbList\",\"@id\":\"https:\/\/beta.fidealis.com\/it\/le-nostre-soluzioni-di-deposito-per-le-aziende\/protezione-di-uninnovazione-agroalimentare\/#breadcrumb\",\"itemListElement\":[{\"@type\":\"ListItem\",\"position\":1,\"name\":\"Accueil\",\"item\":\"https:\/\/beta.fidealis.com\/it\/\"},{\"@type\":\"ListItem\",\"position\":2,\"name\":\"Le nostre soluzioni di deposito per le aziende\",\"item\":\"https:\/\/beta.fidealis.com\/it\/le-nostre-soluzioni-di-deposito-per-le-aziende\/\"},{\"@type\":\"ListItem\",\"position\":3,\"name\":\"Protezione di un&#8217;innovazione agroalimentare\"}]},{\"@type\":\"WebSite\",\"@id\":\"https:\/\/beta.fidealis.com\/#website\",\"url\":\"https:\/\/beta.fidealis.com\/\",\"name\":\"Fidealis\",\"description\":\"Fidealis: vous cr\u00e9ez, nous prot\u00e9geons.\",\"publisher\":{\"@id\":\"https:\/\/beta.fidealis.com\/#organization\"},\"potentialAction\":[{\"@type\":\"SearchAction\",\"target\":{\"@type\":\"EntryPoint\",\"urlTemplate\":\"https:\/\/beta.fidealis.com\/?s={search_term_string}\"},\"query-input\":\"required name=search_term_string\"}],\"inLanguage\":\"it-IT\"},{\"@type\":\"Organization\",\"@id\":\"https:\/\/beta.fidealis.com\/#organization\",\"name\":\"Fidealis\",\"url\":\"https:\/\/beta.fidealis.com\/\",\"logo\":{\"@type\":\"ImageObject\",\"inLanguage\":\"it-IT\",\"@id\":\"https:\/\/beta.fidealis.com\/#\/schema\/logo\/image\/\",\"url\":\"https:\/\/www.fidealis.com\/wp-content\/uploads\/2018\/04\/logo-fidealis.png\",\"contentUrl\":\"https:\/\/www.fidealis.com\/wp-content\/uploads\/2018\/04\/logo-fidealis.png\",\"width\":525,\"height\":205,\"caption\":\"Fidealis\"},\"image\":{\"@id\":\"https:\/\/beta.fidealis.com\/#\/schema\/logo\/image\/\"},\"sameAs\":[\"https:\/\/www.facebook.com\/Fidealis-573887362622849\/\"]}]}<\/script>\n<!-- \/ Yoast SEO plugin. -->","yoast_head_json":{"title":"Fidealis Soluzioni Aziendali: Innovazioni Agroalimentari","description":"La protezione di un'innovazione agroalimentare rappresenta una sfida importante per la competitivit\u00e0 delle imprese di questo settore. Tuttavia, le aziende agroalimentari non registrano spesso le loro innovazioni. Registrare le vostre realizzazioni come azienda alimentare \u00e8 comunque essenziale. Fidealis vi aiuta.","robots":{"index":"noindex","follow":"follow","max-snippet":"max-snippet:-1","max-image-preview":"max-image-preview:large","max-video-preview":"max-video-preview:-1"},"og_locale":"it_IT","og_type":"article","og_title":"Fidealis Soluzioni Aziendali: Innovazioni Agroalimentari","og_description":"La protezione di un'innovazione agroalimentare rappresenta una sfida importante per la competitivit\u00e0 delle imprese di questo settore. Tuttavia, le aziende agroalimentari non registrano spesso le loro innovazioni. Registrare le vostre realizzazioni come azienda alimentare \u00e8 comunque essenziale. Fidealis vi aiuta.","og_url":"https:\/\/beta.fidealis.com\/it\/le-nostre-soluzioni-di-deposito-per-le-aziende\/protezione-di-uninnovazione-agroalimentare\/","og_site_name":"Fidealis","article_publisher":"https:\/\/www.facebook.com\/Fidealis-573887362622849\/","article_modified_time":"2021-08-10T08:43:56+00:00","twitter_card":"summary_large_image","schema":{"@context":"https:\/\/schema.org","@graph":[{"@type":"WebPage","@id":"https:\/\/beta.fidealis.com\/it\/le-nostre-soluzioni-di-deposito-per-le-aziende\/protezione-di-uninnovazione-agroalimentare\/","url":"https:\/\/beta.fidealis.com\/it\/le-nostre-soluzioni-di-deposito-per-le-aziende\/protezione-di-uninnovazione-agroalimentare\/","name":"Fidealis Soluzioni Aziendali: Innovazioni Agroalimentari","isPartOf":{"@id":"https:\/\/beta.fidealis.com\/#website"},"datePublished":"2021-07-26T07:13:12+00:00","dateModified":"2021-08-10T08:43:56+00:00","description":"La protezione di un'innovazione agroalimentare rappresenta una sfida importante per la competitivit\u00e0 delle imprese di questo settore. Tuttavia, le aziende agroalimentari non registrano spesso le loro innovazioni. Registrare le vostre realizzazioni come azienda alimentare \u00e8 comunque essenziale. Fidealis vi aiuta.","breadcrumb":{"@id":"https:\/\/beta.fidealis.com\/it\/le-nostre-soluzioni-di-deposito-per-le-aziende\/protezione-di-uninnovazione-agroalimentare\/#breadcrumb"},"inLanguage":"it-IT","potentialAction":[{"@type":"ReadAction","target":["https:\/\/beta.fidealis.com\/it\/le-nostre-soluzioni-di-deposito-per-le-aziende\/protezione-di-uninnovazione-agroalimentare\/"]}]},{"@type":"BreadcrumbList","@id":"https:\/\/beta.fidealis.com\/it\/le-nostre-soluzioni-di-deposito-per-le-aziende\/protezione-di-uninnovazione-agroalimentare\/#breadcrumb","itemListElement":[{"@type":"ListItem","position":1,"name":"Accueil","item":"https:\/\/beta.fidealis.com\/it\/"},{"@type":"ListItem","position":2,"name":"Le nostre soluzioni di deposito per le aziende","item":"https:\/\/beta.fidealis.com\/it\/le-nostre-soluzioni-di-deposito-per-le-aziende\/"},{"@type":"ListItem","position":3,"name":"Protezione di un&#8217;innovazione agroalimentare"}]},{"@type":"WebSite","@id":"https:\/\/beta.fidealis.com\/#website","url":"https:\/\/beta.fidealis.com\/","name":"Fidealis","description":"Fidealis: vous cr\u00e9ez, nous prot\u00e9geons.","publisher":{"@id":"https:\/\/beta.fidealis.com\/#organization"},"potentialAction":[{"@type":"SearchAction","target":{"@type":"EntryPoint","urlTemplate":"https:\/\/beta.fidealis.com\/?s={search_term_string}"},"query-input":"required name=search_term_string"}],"inLanguage":"it-IT"},{"@type":"Organization","@id":"https:\/\/beta.fidealis.com\/#organization","name":"Fidealis","url":"https:\/\/beta.fidealis.com\/","logo":{"@type":"ImageObject","inLanguage":"it-IT","@id":"https:\/\/beta.fidealis.com\/#\/schema\/logo\/image\/","url":"https:\/\/www.fidealis.com\/wp-content\/uploads\/2018\/04\/logo-fidealis.png","contentUrl":"https:\/\/www.fidealis.com\/wp-content\/uploads\/2018\/04\/logo-fidealis.png","width":525,"height":205,"caption":"Fidealis"},"image":{"@id":"https:\/\/beta.fidealis.com\/#\/schema\/logo\/image\/"},"sameAs":["https:\/\/www.facebook.com\/Fidealis-573887362622849\/"]}]}},"_links":{"self":[{"href":"https:\/\/beta.fidealis.com\/it\/wp-json\/wp\/v2\/pages\/16732"}],"collection":[{"href":"https:\/\/beta.fidealis.com\/it\/wp-json\/wp\/v2\/pages"}],"about":[{"href":"https:\/\/beta.fidealis.com\/it\/wp-json\/wp\/v2\/types\/page"}],"author":[{"embeddable":true,"href":"https:\/\/beta.fidealis.com\/it\/wp-json\/wp\/v2\/users\/1"}],"replies":[{"embeddable":true,"href":"https:\/\/beta.fidealis.com\/it\/wp-json\/wp\/v2\/comments?post=16732"}],"version-history":[{"count":3,"href":"https:\/\/beta.fidealis.com\/it\/wp-json\/wp\/v2\/pages\/16732\/revisions"}],"predecessor-version":[{"id":16960,"href":"https:\/\/beta.fidealis.com\/it\/wp-json\/wp\/v2\/pages\/16732\/revisions\/16960"}],"up":[{"embeddable":true,"href":"https:\/\/beta.fidealis.com\/it\/wp-json\/wp\/v2\/pages\/16725"}],"wp:attachment":[{"href":"https:\/\/beta.fidealis.com\/it\/wp-json\/wp\/v2\/media?parent=16732"}],"curies":[{"name":"wp","href":"https:\/\/api.w.org\/{rel}","templated":true}]}}