{"id":16737,"date":"2021-07-26T09:51:34","date_gmt":"2021-07-26T07:51:34","guid":{"rendered":"https:\/\/www.fidealis.com\/informativa-sulla-privacy\/"},"modified":"2021-07-26T09:51:34","modified_gmt":"2021-07-26T07:51:34","slug":"informativa-sulla-privacy","status":"publish","type":"page","link":"https:\/\/beta.fidealis.com\/it\/informativa-sulla-privacy\/","title":{"rendered":"informativa sulla privacy"},"content":{"rendered":"<section class=\"text-center imagebg\" data-overlay=\"4\">\r\n<div class=\"background-image-holder\"><img src=\"https:\/\/beta.fidealis.com\/wp-content\/uploads\/2018\/04\/corporate3.jpg\" alt=\"\" \/><\/div>\r\n<div class=\"container\">\r\n<div class=\"row\">\r\n<div class=\"col-sm-8 col-md-6\">\r\n<div class=\"cta\">\r\n<h1>Politica sulla privacy<\/h1>\r\n<\/div>\r\n<\/div>\r\n<\/div>\r\n<!--end of row-->\r\n\r\n<\/div>\r\n<!--end of container-->\r\n\r\n<\/section><section class=\"space--xs text-justify\">\r\n<div class=\"container\">\r\n<div class=\"row\">\r\n<div class=\"col-sm-12\">\r\n<h2>ARTICOLO 1: PREMESSA<\/h2>\r\n<p>Questa politica sulla privacy si applica al sito: fidealis.com.<\/p>\r\n\r\n<p>Lo scopo \u00e8 quello di spiegare agli utenti del sito:\r\nCome vengono raccolti e trattati i loro dati personali. Tutti i dati che possono identificare un utente sono considerati dati personali. Questo include il nome e il cognome, l'et\u00e0, l'indirizzo postale, l'indirizzo e-mail, la posizione dell'utente o il suo indirizzo IP;<br>\r\nQuali sono i diritti degli utenti su questi dati.<br>\r\nChi \u00e8 responsabile del trattamento dei dati personali raccolti e trattati.<br>\r\nA chi vengono trasmessi questi dati;<br>\r\nPossibilmente, la politica del sito riguardo ai file \"cookies\".<\/p>\r\n\r\n<p>Questa politica sulla privacy completa l'avviso legale e le Condizioni Generali d'Uso che gli utenti possono consultare al seguente indirizzo:<br>\r\nhttps:\/\/beta.fidealis.com<\/p>\r\n<h2>ARTICOLO 2: PRINCIPI GENERALI SULLA RACCOLTA E IL TRATTAMENTO DEI DATI<\/h2>\r\n<p>In conformit\u00e0 alle disposizioni dell'articolo 5 del regolamento europeo 2016\/679, la raccolta e il trattamento dei dati degli utenti del sito rispettano i seguenti principi:<br>\r\nLiceit\u00e0, equit\u00e0 e trasparenza: i dati possono essere raccolti e trattati solo con il consenso dell'utente proprietario dei dati. Ogni volta che vengono raccolti dati personali, l'utente sar\u00e0 informato che i suoi dati vengono raccolti e per quale scopo vengono raccolti;<br>\r\nFinalit\u00e0 limitate: la raccolta e il trattamento dei dati sono effettuati per soddisfare una o pi\u00f9 delle finalit\u00e0 indicate nelle presenti condizioni generali di utilizzo;<br>\r\nMinimizzazione della raccolta e del trattamento dei dati: vengono raccolti solo i dati necessari alla corretta esecuzione delle finalit\u00e0 perseguite dal sito;<br>\r\nConservazione dei dati ridotta nel tempo: i dati sono conservati per un periodo limitato, di cui l'utente \u00e8 informato. Se la durata della conservazione non pu\u00f2 essere comunicata all'utente;<br>\r\nIntegrit\u00e0 e riservatezza dei dati raccolti e trattati: il responsabile si impegna a garantire l'integrit\u00e0 e la riservatezza dei dati raccolti.<\/p>\r\n\r\n<p>Per essere leciti, e in conformit\u00e0 con i requisiti dell'articolo 6 del regolamento europeo 2016\/679, la raccolta e il trattamento dei dati personali possono avere luogo solo se rispettano almeno una delle condizioni elencate di seguito:<br>\r\nL'utente ha espressamente acconsentito al trattamento; ;<br>\r\nIl trattamento \u00e8 necessario per la corretta esecuzione di un contratto;<br>\r\nIl trattamento \u00e8 richiesto dalla legge;<br>\r\nIl trattamento \u00e8 necessario per proteggere gli interessi vitali della persona interessata o di un'altra persona fisica;<br>\r\nIl trattamento pu\u00f2 essere necessario per l'esecuzione di un compito svolto nell'interesse pubblico o nell'esercizio dei poteri pubblici;<br>\r\nIl trattamento e la raccolta dei dati personali sono necessari ai fini degli interessi legittimi e privati perseguiti dal controllore o da un terzo.<\/p>\r\n<h2>ARTICOLO 3: DATI PERSONALI RACCOLTI E TRATTATI DURANTE LA NAVIGAZIONE DEL SITO<\/h2>\r\n<p><strong>A. DATI RACCOLTI ED ELABORATI E METODO DI RACCOLTA<\/strong>\r\nI dati personali raccolti sul sito web di Fidealis, prova d'autore e copyright sono i seguenti:<br>\r\nCognome, Nome<br>\r\n- Nome dell'azienda,<br>\r\n- Indirizzo e-mail<br>\r\n- Indirizzo commerciale<br>\r\n- Numero di telefono<br>\r\nQuesti dati vengono raccolti quando l'utente esegue una delle seguenti operazioni sul sito:<br>\r\nQuando l'utente si registra per ricevere informazioni sui servizi di questo sito<br>\r\nQuando l'utente diventa cliente<br>\r\nQuando l'utente richiede un preventivo online<br>\r\nInoltre, quando viene effettuato un pagamento sul sito, la prova della transazione, compreso il modulo d'ordine e la fattura, sar\u00e0 conservata nei sistemi informatici dell'editore del sito.<br>\r\nIl responsabile del trattamento conserver\u00e0 nei suoi sistemi di elaborazione dati del sito e in condizioni ragionevoli di sicurezza l'insieme dei dati raccolti per una durata di : 3 anni (tre anni).<br>\r\nLa raccolta e il trattamento dei dati soddisfano i seguenti scopi:<br>\r\nottimizzazione del targeting pubblicitario<br>\r\nmiglioramento della relazione prima dell'impegno commerciale<br>\r\nfollow-up della relazione con il cliente<br>\r\npersonalizzazione essenziale delle registrazioni effettuate in nome e per conto del cliente quando si utilizza il servizio FIDEALIS in particolare<\/p>\r\n\r\n<p><strong>B. TRASMISSIONE DI DATI A TERZI<\/strong>\r\n<br>I dati personali raccolti dal sito non sono trasmessi a terzi e sono trattati solo dall'editore del sito.<\/p>\r\n\r\n<strong>C. HOSTING DATI<\/strong>\r\n<br>Il sito web di Fidealis, la prova di precedenza e il Copyright \u00e8 ospitato da : OVH, la cui sede centrale si trova al seguente indirizzo<br>\r\n2 rue Kellermann 59100 ROUBAIX<br>\r\nL'Host pu\u00f2 essere contattato al seguente numero di telefono: 08 203 203 63 - Sito web: www.ovh.com - Hotline: http:\/\/ovh.com\/fr\/contact\/support\/<br>\r\nI dati raccolti e trattati dal sito sono esclusivamente ospitati e trattati in Francia.<\/p>\r\n<h2>ARTICOLO 4: TITOLARE E RESPONSABILE DELLA PROTEZIONE DEI DATI<\/h2>\r\n<p><strong>A. IL RESPONSABILE DEL TRATTAMENTO DEI DATI<\/strong>\r\n<br>Il responsabile del trattamento dei dati personali \u00e8: Philippe OBADIA, che pu\u00f2 essere contattato nel seguente modo:<br>\r\nvia e-mail all'indirizzo: rgpd@fidealis.com<br>\r\nIl responsabile del trattamento dei dati \u00e8 responsabile della determinazione degli scopi e dei mezzi del trattamento dei dati personali.<\/p>\r\n\r\n<p><strong>B. OBBLIGHI DEL RESPONSABILE DEL TRATTAMENTO DEI DATI<\/strong>\r\n<br>Il responsabile del trattamento si impegna a proteggere i dati personali raccolti, a non trasmetterli a terzi all'insaputa dell'utente e a rispettare le finalit\u00e0 per cui i dati sono stati raccolti.<br>\r\nIl sito ha un certificato SSL per garantire che le informazioni e i dati trasferiti attraverso il sito siano sicuri.<br>\r\nLo scopo di un certificato SSL (certificato \"Secure Socket Layer\") \u00e8 di rendere sicuri i dati scambiati tra l'utente e il sito.<br>\r\nInoltre, il responsabile del trattamento si impegna a notificare l'utente in caso di rettifica o cancellazione dei dati, a meno che ci\u00f2 non comporti formalit\u00e0, costi e passi sproporzionati per l'utente.<br>\r\nNel caso in cui l'integrit\u00e0, la riservatezza o la sicurezza dei dati personali dell'utente siano compromesse, il responsabile del trattamento si impegna a informare l'utente con qualsiasi mezzo.<\/p>\r\n\r\n<p><strong>C. IL RESPONSABILE DELLA PROTEZIONE DEI DATI<\/strong>\r\nInoltre, l'utente \u00e8 informato che la seguente persona \u00e8 stata nominata responsabile della protezione dei dati: Philippe OBADIA.<br>\r\nIl ruolo del responsabile della protezione dei dati \u00e8 quello di garantire la corretta applicazione delle disposizioni nazionali e sovranazionali relative alla raccolta e al trattamento dei dati personali. Lui o lei pu\u00f2 anche essere nominato come DPO (Data Protection Officer).<br>\r\nIl responsabile della protezione dei dati pu\u00f2 essere contattato come segue<br>\r\nPar e-mail: rgpd@fidealis.com<\/p>\r\n<h2>ARTICOLO 5: DIRITTI DELL'UTENTE<\/h2>\r\n<p>In conformit\u00e0 con la normativa sul trattamento dei dati personali, l'utente ha i seguenti diritti.<br>\r\nAffinch\u00e9 il responsabile del trattamento dei dati possa soddisfare la richiesta dell'utente, quest'ultimo \u00e8 tenuto a fornire le seguenti informazioni: nome e cognome, indirizzo e-mail e, se pertinente, numero di conto o area personale o di abbonamento.\r\n<br>Il responsabile del trattamento \u00e8 obbligato a rispondere all'utente entro un massimo di 30 (trenta) giorni.<\/p>\r\n\r\n<p><strong>PRESENTAZIONE DEI DIRITTI DELL'UTENTE IN MATERIA DI RACCOLTA E TRATTAMENTO DEI DATI<\/strong><\/p>\r\n\r\n<p>a. Diritto di accesso, rettifica e cancellazione\r\nL'utente pu\u00f2 accedere, aggiornare, modificare o richiedere la cancellazione dei dati che lo riguardano, seguendo la procedura indicata di seguito:<br>\r\nL'utente registrato pu\u00f2 dalla sua interfaccia cliente aggiungere, modificare o cancellare le sue informazioni personali.<br>\r\nInoltre, per qualsiasi richiesta di portabilit\u00e0 o cancellazione dell'account, \u00e8 necessario inviare una mail al seguente indirizzo: rgpd@fidealis.com<br>\r\nIn caso di somme non pagate dal cliente oltre il termine legale, qualsiasi richiesta di accesso, modifica, cancellazione o portabilit\u00e0 potrebbe essere rifiutata dall'editore del sito.<br>\r\nSe ne ha uno, l'utente ha il diritto di richiedere la cancellazione del suo spazio personale seguendo la seguente procedura:<br>\r\nBasta inviare una richiesta di cancellazione del suo spazio personale inviando una mail all'indirizzo: rgpd@fidealis.com. Il servizio clienti prender\u00e0 quindi in considerazione la richiesta entro i termini stabiliti dalla legge e in conformit\u00e0 con gli obblighi e i doveri reciproci delle parti (l'utente e l'editore).<\/p>\r\n\r\n<p>b. Diritto alla trasferibilit\u00e0 dei dati\r\nL'utente ha il diritto di richiedere la trasferibilit\u00e0 dei suoi dati personali, detenuti dal sito, ad un altro sito, rispettando la seguente procedura:\r\n<br>- fornire il suo numero di cliente\r\n<br>- inviare un'e-mail all'indirizzo: rgpd@fidealis.com richiedendo la trasferibilit\u00e0, indicando \"trasferibilit\u00e0\" nell'oggetto\r\n<br>- attendere che il link per scaricare i dati sia ricevuto dal dipartimento tecnico, che risponder\u00e0 all'indirizzo e-mail del mittente.<\/p>\r\n\r\n<p>c. Diritto di limitare e opporsi al trattamento dei dati<br>\r\nL'utente ha il diritto di chiedere la limitazione o di opporsi al trattamento dei suoi dati da parte del sito, senza che il sito possa rifiutarsi, a meno che non si possa dimostrare l'esistenza di motivi legittimi e imperativi, che possono prevalere sugli interessi e i diritti e le libert\u00e0 dell'utente.<br>\r\nPer richiedere la limitazione del trattamento dei suoi dati o per formulare un'opposizione al trattamento dei suoi dati, l'utente deve seguire la seguente procedura:<br>\r\n<br>- fornire il suo numero di cliente\r\n<br>- inviare un'e-mail all'indirizzo: rgpd@fidealis.com richiedendo la portabilit\u00e0, indicando nell'oggetto \"limitazione del trattamento\".\r\n<br>- attendere che il link per scaricare i dati sia ricevuto dal dipartimento tecnico, che risponder\u00e0 all'indirizzo e-mail del mittente.<\/p>\r\n\r\n<p>d. Diritto a non essere sottoposto a una decisione basata esclusivamente su un processo automatizzato<br>\r\nConformemente alle disposizioni del regolamento 2016\/679, l'utente ha il diritto di non essere sottoposto a una decisione basata esclusivamente su un processo automatizzato se la decisione produce effetti giuridici che lo riguardano, o lo colpisce in modo significativo in modo simile.<\/p>\r\n\r\n<p>e. Diritto di determinare il destino dei dati dopo la morte<br>\r\nSi ricorda all'utente che pu\u00f2 decidere quale debba essere il trattamento dei suoi dati raccolti e trattati in caso di morte, in conformit\u00e0 con la legge n\u00b02016-1321 del 7 ottobre 2016.<\/p>\r\n\r\n<p>f. Diritto di rivolgersi all'autorit\u00e0 di vigilanza competente<br>\r\nNel caso in cui il responsabile del trattamento decida di non rispondere alla richiesta dell'utente, e l'utente desideri contestare questa decisione, o, se ritiene che uno dei diritti sopra elencati sia stato violato, ha il diritto di rivolgersi alla CNIL (Commission Nationale de l'Informatique et des Libert\u00e9s, https:\/\/www.cnil.fr) o a qualsiasi giudice competente.<\/p>\r\n<h2>ARTICOLO 6: CONDIZIONI DI MODIFICA DELL'INFORMATIVA SULLA PRIVACY<\/h2>\r\n<p>Questa politica sulla privacy pu\u00f2 essere consultata in qualsiasi momento al seguente indirizzo :<br>\r\nfidealis.com<br>\r\nL'editore del sito si riserva il diritto di modificarlo al fine di garantire la sua conformit\u00e0 con la legge in vigore.<br>\r\nDi conseguenza, l'utente \u00e8 invitato a consultare regolarmente questa politica sulla privacy per essere informato delle ultime modifiche.<br>\r\nL'utente \u00e8 informato che questa politica sulla privacy \u00e8 stata aggiornata l'ultima volta il: 08 \/ 01 \/ 2019<\/p>\r\n<h2>ARTICOLO 7: ACCETTAZIONE DELL'INFORMATIVA SULLA PRIVACY DA PARTE DELL'UTENTE<\/h2>\r\n<p>Navigando sul sito, l'utente certifica di aver letto e compreso la presente politica sulla privacy e di accettarne le condizioni, in particolare per quanto riguarda la raccolta e il trattamento dei propri dati personali.<\/p>\r\n\r\n<\/div>\r\n<\/div>\r\n<!--end of row-->\r\n\r\n<\/div>\r\n<!--end of container-->\r\n\r\n<\/section>","protected":false},"excerpt":{"rendered":"<p>Politica sulla privacy ARTICOLO 1: PREMESSA Questa politica sulla privacy si applica al sito: fidealis.com. Lo scopo \u00e8 quello di spiegare agli&#8230;<\/p>\n","protected":false},"author":1,"featured_media":0,"parent":0,"menu_order":0,"comment_status":"closed","ping_status":"closed","template":"","meta":{"_joinchat":[]},"yoast_head":"<!-- This site is optimized with the Yoast SEO plugin v20.3 - https:\/\/yoast.com\/wordpress\/plugins\/seo\/ -->\n<title>informativa sulla privacy - Fidealis<\/title>\n<meta name=\"robots\" content=\"noindex, follow, max-snippet:-1, max-image-preview:large, max-video-preview:-1\" \/>\n<meta property=\"og:locale\" content=\"it_IT\" \/>\n<meta property=\"og:type\" content=\"article\" \/>\n<meta property=\"og:title\" content=\"informativa sulla privacy - Fidealis\" \/>\n<meta property=\"og:description\" content=\"Politica sulla privacy ARTICOLO 1: PREMESSA Questa politica sulla privacy si applica al sito: fidealis.com. Lo scopo \u00e8 quello di spiegare agli...\" \/>\n<meta property=\"og:url\" content=\"https:\/\/beta.fidealis.com\/it\/informativa-sulla-privacy\/\" \/>\n<meta property=\"og:site_name\" content=\"Fidealis\" \/>\n<meta property=\"article:publisher\" content=\"https:\/\/www.facebook.com\/Fidealis-573887362622849\/\" \/>\n<meta name=\"twitter:card\" content=\"summary_large_image\" \/>\n<script type=\"application\/ld+json\" class=\"yoast-schema-graph\">{\"@context\":\"https:\/\/schema.org\",\"@graph\":[{\"@type\":\"WebPage\",\"@id\":\"https:\/\/beta.fidealis.com\/it\/informativa-sulla-privacy\/\",\"url\":\"https:\/\/beta.fidealis.com\/it\/informativa-sulla-privacy\/\",\"name\":\"informativa sulla privacy - Fidealis\",\"isPartOf\":{\"@id\":\"https:\/\/beta.fidealis.com\/#website\"},\"datePublished\":\"2021-07-26T07:51:34+00:00\",\"dateModified\":\"2021-07-26T07:51:34+00:00\",\"breadcrumb\":{\"@id\":\"https:\/\/beta.fidealis.com\/it\/informativa-sulla-privacy\/#breadcrumb\"},\"inLanguage\":\"it-IT\",\"potentialAction\":[{\"@type\":\"ReadAction\",\"target\":[\"https:\/\/beta.fidealis.com\/it\/informativa-sulla-privacy\/\"]}]},{\"@type\":\"BreadcrumbList\",\"@id\":\"https:\/\/beta.fidealis.com\/it\/informativa-sulla-privacy\/#breadcrumb\",\"itemListElement\":[{\"@type\":\"ListItem\",\"position\":1,\"name\":\"Accueil\",\"item\":\"https:\/\/beta.fidealis.com\/it\/\"},{\"@type\":\"ListItem\",\"position\":2,\"name\":\"informativa sulla privacy\"}]},{\"@type\":\"WebSite\",\"@id\":\"https:\/\/beta.fidealis.com\/#website\",\"url\":\"https:\/\/beta.fidealis.com\/\",\"name\":\"Fidealis\",\"description\":\"Fidealis: vous cr\u00e9ez, nous prot\u00e9geons.\",\"publisher\":{\"@id\":\"https:\/\/beta.fidealis.com\/#organization\"},\"potentialAction\":[{\"@type\":\"SearchAction\",\"target\":{\"@type\":\"EntryPoint\",\"urlTemplate\":\"https:\/\/beta.fidealis.com\/?s={search_term_string}\"},\"query-input\":\"required name=search_term_string\"}],\"inLanguage\":\"it-IT\"},{\"@type\":\"Organization\",\"@id\":\"https:\/\/beta.fidealis.com\/#organization\",\"name\":\"Fidealis\",\"url\":\"https:\/\/beta.fidealis.com\/\",\"logo\":{\"@type\":\"ImageObject\",\"inLanguage\":\"it-IT\",\"@id\":\"https:\/\/beta.fidealis.com\/#\/schema\/logo\/image\/\",\"url\":\"https:\/\/www.fidealis.com\/wp-content\/uploads\/2018\/04\/logo-fidealis.png\",\"contentUrl\":\"https:\/\/www.fidealis.com\/wp-content\/uploads\/2018\/04\/logo-fidealis.png\",\"width\":525,\"height\":205,\"caption\":\"Fidealis\"},\"image\":{\"@id\":\"https:\/\/beta.fidealis.com\/#\/schema\/logo\/image\/\"},\"sameAs\":[\"https:\/\/www.facebook.com\/Fidealis-573887362622849\/\"]}]}<\/script>\n<!-- \/ Yoast SEO plugin. -->","yoast_head_json":{"title":"informativa sulla privacy - Fidealis","robots":{"index":"noindex","follow":"follow","max-snippet":"max-snippet:-1","max-image-preview":"max-image-preview:large","max-video-preview":"max-video-preview:-1"},"og_locale":"it_IT","og_type":"article","og_title":"informativa sulla privacy - Fidealis","og_description":"Politica sulla privacy ARTICOLO 1: PREMESSA Questa politica sulla privacy si applica al sito: fidealis.com. Lo scopo \u00e8 quello di spiegare agli...","og_url":"https:\/\/beta.fidealis.com\/it\/informativa-sulla-privacy\/","og_site_name":"Fidealis","article_publisher":"https:\/\/www.facebook.com\/Fidealis-573887362622849\/","twitter_card":"summary_large_image","schema":{"@context":"https:\/\/schema.org","@graph":[{"@type":"WebPage","@id":"https:\/\/beta.fidealis.com\/it\/informativa-sulla-privacy\/","url":"https:\/\/beta.fidealis.com\/it\/informativa-sulla-privacy\/","name":"informativa sulla privacy - Fidealis","isPartOf":{"@id":"https:\/\/beta.fidealis.com\/#website"},"datePublished":"2021-07-26T07:51:34+00:00","dateModified":"2021-07-26T07:51:34+00:00","breadcrumb":{"@id":"https:\/\/beta.fidealis.com\/it\/informativa-sulla-privacy\/#breadcrumb"},"inLanguage":"it-IT","potentialAction":[{"@type":"ReadAction","target":["https:\/\/beta.fidealis.com\/it\/informativa-sulla-privacy\/"]}]},{"@type":"BreadcrumbList","@id":"https:\/\/beta.fidealis.com\/it\/informativa-sulla-privacy\/#breadcrumb","itemListElement":[{"@type":"ListItem","position":1,"name":"Accueil","item":"https:\/\/beta.fidealis.com\/it\/"},{"@type":"ListItem","position":2,"name":"informativa sulla privacy"}]},{"@type":"WebSite","@id":"https:\/\/beta.fidealis.com\/#website","url":"https:\/\/beta.fidealis.com\/","name":"Fidealis","description":"Fidealis: vous cr\u00e9ez, nous prot\u00e9geons.","publisher":{"@id":"https:\/\/beta.fidealis.com\/#organization"},"potentialAction":[{"@type":"SearchAction","target":{"@type":"EntryPoint","urlTemplate":"https:\/\/beta.fidealis.com\/?s={search_term_string}"},"query-input":"required name=search_term_string"}],"inLanguage":"it-IT"},{"@type":"Organization","@id":"https:\/\/beta.fidealis.com\/#organization","name":"Fidealis","url":"https:\/\/beta.fidealis.com\/","logo":{"@type":"ImageObject","inLanguage":"it-IT","@id":"https:\/\/beta.fidealis.com\/#\/schema\/logo\/image\/","url":"https:\/\/www.fidealis.com\/wp-content\/uploads\/2018\/04\/logo-fidealis.png","contentUrl":"https:\/\/www.fidealis.com\/wp-content\/uploads\/2018\/04\/logo-fidealis.png","width":525,"height":205,"caption":"Fidealis"},"image":{"@id":"https:\/\/beta.fidealis.com\/#\/schema\/logo\/image\/"},"sameAs":["https:\/\/www.facebook.com\/Fidealis-573887362622849\/"]}]}},"_links":{"self":[{"href":"https:\/\/beta.fidealis.com\/it\/wp-json\/wp\/v2\/pages\/16737"}],"collection":[{"href":"https:\/\/beta.fidealis.com\/it\/wp-json\/wp\/v2\/pages"}],"about":[{"href":"https:\/\/beta.fidealis.com\/it\/wp-json\/wp\/v2\/types\/page"}],"author":[{"embeddable":true,"href":"https:\/\/beta.fidealis.com\/it\/wp-json\/wp\/v2\/users\/1"}],"replies":[{"embeddable":true,"href":"https:\/\/beta.fidealis.com\/it\/wp-json\/wp\/v2\/comments?post=16737"}],"version-history":[{"count":0,"href":"https:\/\/beta.fidealis.com\/it\/wp-json\/wp\/v2\/pages\/16737\/revisions"}],"wp:attachment":[{"href":"https:\/\/beta.fidealis.com\/it\/wp-json\/wp\/v2\/media?parent=16737"}],"curies":[{"name":"wp","href":"https:\/\/api.w.org\/{rel}","templated":true}]}}