{"id":16738,"date":"2021-07-26T09:53:34","date_gmt":"2021-07-26T07:53:34","guid":{"rendered":"https:\/\/www.fidealis.com\/chi-siamo\/"},"modified":"2021-08-09T14:11:11","modified_gmt":"2021-08-09T12:11:11","slug":"chi-siamo","status":"publish","type":"page","link":"https:\/\/beta.fidealis.com\/it\/chi-siamo\/","title":{"rendered":"Chi siamo?"},"content":{"rendered":"<section class=\"cover imagebg text-center section--ken-burns height-60\" data-overlay=\"4\">\r\n<div class=\"background-image-holder\"><img src=\"https:\/\/beta.fidealis.com\/wp-content\/uploads\/2018\/05\/fidealis-blog-des-createurs-3.jpeg\" alt=\"\" \/><\/div>\r\n<div class=\"container pos-vertical-center\">\r\n<div class=\"row\">\r\n<div class=\"col-sm-8 col-md-8\">\r\n<h1>Chi siamo?<\/h1>\r\n<\/div>\r\n<\/div>\r\n<!--end of row-->\r\n\r\n<\/div>\r\n<!--end of container-->\r\n\r\n<\/section><section class=\"space--xxs bg--secondary\">\r\n<div class=\"container\">\r\n<div class=\"row\">\r\n<div class=\"cta cta--horizontal text-center-xs\">\r\n<div class=\"col-sm-4\">\r\n<h4>Il vostro deposito a partire da 95\u20ac<\/h4>\r\n<\/div>\r\n<div class=\"col-sm-5\">\r\n<p class=\"lead\">La migliore soluzione online per proteggervi<\/p>\r\n\r\n<\/div>\r\n<div class=\"col-sm-3 text-right text-center-xs\"><a class=\"btn btn--primary type--uppercase\" title=\"\" href=\"https:\/\/beta.fidealis.com\/it\/chi-siamo\/contattaci\/\" target=\"\" rel=\"\"> <span class=\"btn__text\">Richiesta di contatto<\/span> <\/a><\/div>\r\n<\/div>\r\n<\/div>\r\n<!--end of row-->\r\n\r\n<\/div>\r\n<!--end of container-->\r\n\r\n<\/section><section class=\"text-justify space--xs\">\r\n<div class=\"container\">\r\n<div class=\"row\">\r\n<div class=\"col-sm-12\">\r\n<h2>Da dove viene il nostro nome?<\/h2>\r\n<p class=\"lead\">Il nome della societ\u00e0 \u00e8 composto dalle parole fiducia (FIDES in latino), creazione (IDEA in inglese) e scambio (DEAL in inglese). E anche un po' di IDEALE.<\/p>\r\n<p>FIDEALIS.COM raccoglie professionisti ed esperti del mondo imprenditoriale: avvocati, commercialisti, informatici, consulenti aziendali, imprenditori, che hanno messo insieme le loro conoscenze ed esperienze per offrire un servizio sicuro, semplice ed economico a tutti coloro che hanno bisogno di provare e proteggere il loro commercio e\/o i loro diritti d'autore.<br>\r\nIl nostro servizio \u00e8 stato verificato da diversi team di esperti in materia di diritto della propriet\u00e0 intellettuale e artistica, diritto commerciale, cos\u00ec come da esperti tecnici.\r\n<br>FIDEALIS.COM punta ad assistere, in ogni momento, i suoi clienti per i quali il capitale intellettuale \u00e8 vitale.<\/p>\r\n\r\n<\/div>\r\n<\/div>\r\n<!--end of row-->\r\n\r\n<\/div>\r\n<!--end of container-->\r\n\r\n<\/section><section class=\"feature-large switchable text-justify\">\r\n<div class=\"container\">\r\n<div class=\"row\">\r\n<div class=\"col-md-6 col-sm-6\"><img class=\"border--round box-shadow-wide\" src=\"https:\/\/beta.fidealis.com\/wp-content\/uploads\/2018\/05\/fidealis-depot-de-creation.jpg\" alt=\"\" \/><\/div>\r\n<div class=\"col-sm-6 col-md-5\">\r\n<div class=\"heading-block\"><\/div>\r\n<div class=\"text-block\">\r\n<h3><span style=\"color: #db3b29;\">Il nostro mercato<\/span><\/h3>\r\n<p>FIDEALIS.COM, guidato dalle norme giuridiche che promuovono la commercializzazione di tutte le applicazioni basate sulla firma elettronica. Fidealis \u00e8 presente sul mercato francese, belga e svizzero, e offre attraverso il suo sito web, la possibilit\u00e0 di accedere ai suoi servizi ovunque vi troviate.<\/p>\r\n\r\n<\/div>\r\n<div class=\"text-block\">\r\n<h3><span style=\"color: #db3b29;\">I nostri servizi<\/span><\/h3>\r\n<p>I clienti di FIDEALIS.COM sono principalmente professionisti che hanno adottato il nostro servizio al centro della loro catena di creazione o di scambio con terzi. I servizi di FIDEALIS.COM sono gi\u00e0 utilizzati in Francia, Belgio, Svizzera, Germania, Canada, USA, Seychelles, Italia e Spagna.<\/p>\r\n\r\n<\/div>\r\n<\/div>\r\n<\/div>\r\n<!--end of row-->\r\n\r\n<\/div>\r\n<!--end of container-->\r\n\r\n<\/section><section class=\"text-center unpad--bottom switchable cta cta-3 bg--secondary switchable--switch\">\r\n<div class=\"container\">\r\n<div class=\"row\">\r\n<div class=\"col-sm-6 col-md-5\">\r\n<div class=\"switchable__text\">\r\n<h2>State tranquilli con la soluzione Fidealis<\/h2>\r\n<p class=\"lead\">Una soluzione reale che combina la tecnologia della firma elettronica, la marcatura temporale e la blockchain. Le vostre creazioni sono immediatamente archiviate e certificate da un ufficiale giudiziario.<\/p>\r\n<a class=\"btn btn--primary type--uppercase inner-link\" title=\"\" href=\"https:\/\/beta.fidealis.com\/it\/it\/iscrizione\" target=\"_blank\" rel=\"noopener\"> <span class=\"btn__text\"> Iscriviti gratuitamente<\/span><span class=\"label\">senza cdc<\/span> <\/a>\r\n\r\n<\/div>\r\n<\/div>\r\n<div class=\"col-sm-6 col-md-5\"><img class=\"block\" src=\"https:\/\/beta.fidealis.com\/wp-content\/uploads\/2018\/08\/la-soci\u00e9t\u00e9-fidealis.png\" alt=\"fidealis qui sommes nous\" \/><\/div>\r\n<\/div>\r\n<!--end of row-->\r\n\r\n<\/div>\r\n<!--end of container-->\r\n\r\n<\/section>","protected":false},"excerpt":{"rendered":"<p>Chi siamo? Il vostro deposito a partire da 95\u20ac La migliore soluzione online per proteggervi Richiesta di contatto Da dove viene il&#8230;<\/p>\n","protected":false},"author":1,"featured_media":0,"parent":0,"menu_order":0,"comment_status":"closed","ping_status":"closed","template":"","meta":{"_joinchat":[]},"yoast_head":"<!-- This site is optimized with the Yoast SEO plugin v20.3 - https:\/\/yoast.com\/wordpress\/plugins\/seo\/ -->\n<title>Chi siamo? Tutto su Fidealis<\/title>\n<meta name=\"description\" content=\"Il nome della societ\u00e0 \u00e8 composto dalle parole fiducia (FIDES in latino), creazione (IDEA in inglese) e scambio (DEAL in inglese). E anche un po&#039; di IDEALE. Per saperne di pi\u00f9 su di noi.\" \/>\n<meta name=\"robots\" content=\"noindex, follow, max-snippet:-1, max-image-preview:large, max-video-preview:-1\" \/>\n<meta property=\"og:locale\" content=\"it_IT\" \/>\n<meta property=\"og:type\" content=\"article\" \/>\n<meta property=\"og:title\" content=\"Chi siamo? Tutto su Fidealis\" \/>\n<meta property=\"og:description\" content=\"Il nome della societ\u00e0 \u00e8 composto dalle parole fiducia (FIDES in latino), creazione (IDEA in inglese) e scambio (DEAL in inglese). E anche un po&#039; di IDEALE. Per saperne di pi\u00f9 su di noi.\" \/>\n<meta property=\"og:url\" content=\"https:\/\/beta.fidealis.com\/it\/chi-siamo\/\" \/>\n<meta property=\"og:site_name\" content=\"Fidealis\" \/>\n<meta property=\"article:publisher\" content=\"https:\/\/www.facebook.com\/Fidealis-573887362622849\/\" \/>\n<meta property=\"article:modified_time\" content=\"2021-08-09T12:11:11+00:00\" \/>\n<meta name=\"twitter:card\" content=\"summary_large_image\" \/>\n<script type=\"application\/ld+json\" class=\"yoast-schema-graph\">{\"@context\":\"https:\/\/schema.org\",\"@graph\":[{\"@type\":\"WebPage\",\"@id\":\"https:\/\/beta.fidealis.com\/it\/chi-siamo\/\",\"url\":\"https:\/\/beta.fidealis.com\/it\/chi-siamo\/\",\"name\":\"Chi siamo? Tutto su Fidealis\",\"isPartOf\":{\"@id\":\"https:\/\/beta.fidealis.com\/#website\"},\"datePublished\":\"2021-07-26T07:53:34+00:00\",\"dateModified\":\"2021-08-09T12:11:11+00:00\",\"description\":\"Il nome della societ\u00e0 \u00e8 composto dalle parole fiducia (FIDES in latino), creazione (IDEA in inglese) e scambio (DEAL in inglese). E anche un po' di IDEALE. Per saperne di pi\u00f9 su di noi.\",\"breadcrumb\":{\"@id\":\"https:\/\/beta.fidealis.com\/it\/chi-siamo\/#breadcrumb\"},\"inLanguage\":\"it-IT\",\"potentialAction\":[{\"@type\":\"ReadAction\",\"target\":[\"https:\/\/beta.fidealis.com\/it\/chi-siamo\/\"]}]},{\"@type\":\"BreadcrumbList\",\"@id\":\"https:\/\/beta.fidealis.com\/it\/chi-siamo\/#breadcrumb\",\"itemListElement\":[{\"@type\":\"ListItem\",\"position\":1,\"name\":\"Accueil\",\"item\":\"https:\/\/beta.fidealis.com\/it\/\"},{\"@type\":\"ListItem\",\"position\":2,\"name\":\"Chi siamo?\"}]},{\"@type\":\"WebSite\",\"@id\":\"https:\/\/beta.fidealis.com\/#website\",\"url\":\"https:\/\/beta.fidealis.com\/\",\"name\":\"Fidealis\",\"description\":\"Fidealis: vous cr\u00e9ez, nous prot\u00e9geons.\",\"publisher\":{\"@id\":\"https:\/\/beta.fidealis.com\/#organization\"},\"potentialAction\":[{\"@type\":\"SearchAction\",\"target\":{\"@type\":\"EntryPoint\",\"urlTemplate\":\"https:\/\/beta.fidealis.com\/?s={search_term_string}\"},\"query-input\":\"required name=search_term_string\"}],\"inLanguage\":\"it-IT\"},{\"@type\":\"Organization\",\"@id\":\"https:\/\/beta.fidealis.com\/#organization\",\"name\":\"Fidealis\",\"url\":\"https:\/\/beta.fidealis.com\/\",\"logo\":{\"@type\":\"ImageObject\",\"inLanguage\":\"it-IT\",\"@id\":\"https:\/\/beta.fidealis.com\/#\/schema\/logo\/image\/\",\"url\":\"https:\/\/www.fidealis.com\/wp-content\/uploads\/2018\/04\/logo-fidealis.png\",\"contentUrl\":\"https:\/\/www.fidealis.com\/wp-content\/uploads\/2018\/04\/logo-fidealis.png\",\"width\":525,\"height\":205,\"caption\":\"Fidealis\"},\"image\":{\"@id\":\"https:\/\/beta.fidealis.com\/#\/schema\/logo\/image\/\"},\"sameAs\":[\"https:\/\/www.facebook.com\/Fidealis-573887362622849\/\"]}]}<\/script>\n<!-- \/ Yoast SEO plugin. -->","yoast_head_json":{"title":"Chi siamo? Tutto su Fidealis","description":"Il nome della societ\u00e0 \u00e8 composto dalle parole fiducia (FIDES in latino), creazione (IDEA in inglese) e scambio (DEAL in inglese). E anche un po' di IDEALE. Per saperne di pi\u00f9 su di noi.","robots":{"index":"noindex","follow":"follow","max-snippet":"max-snippet:-1","max-image-preview":"max-image-preview:large","max-video-preview":"max-video-preview:-1"},"og_locale":"it_IT","og_type":"article","og_title":"Chi siamo? Tutto su Fidealis","og_description":"Il nome della societ\u00e0 \u00e8 composto dalle parole fiducia (FIDES in latino), creazione (IDEA in inglese) e scambio (DEAL in inglese). E anche un po' di IDEALE. Per saperne di pi\u00f9 su di noi.","og_url":"https:\/\/beta.fidealis.com\/it\/chi-siamo\/","og_site_name":"Fidealis","article_publisher":"https:\/\/www.facebook.com\/Fidealis-573887362622849\/","article_modified_time":"2021-08-09T12:11:11+00:00","twitter_card":"summary_large_image","schema":{"@context":"https:\/\/schema.org","@graph":[{"@type":"WebPage","@id":"https:\/\/beta.fidealis.com\/it\/chi-siamo\/","url":"https:\/\/beta.fidealis.com\/it\/chi-siamo\/","name":"Chi siamo? Tutto su Fidealis","isPartOf":{"@id":"https:\/\/beta.fidealis.com\/#website"},"datePublished":"2021-07-26T07:53:34+00:00","dateModified":"2021-08-09T12:11:11+00:00","description":"Il nome della societ\u00e0 \u00e8 composto dalle parole fiducia (FIDES in latino), creazione (IDEA in inglese) e scambio (DEAL in inglese). E anche un po' di IDEALE. Per saperne di pi\u00f9 su di noi.","breadcrumb":{"@id":"https:\/\/beta.fidealis.com\/it\/chi-siamo\/#breadcrumb"},"inLanguage":"it-IT","potentialAction":[{"@type":"ReadAction","target":["https:\/\/beta.fidealis.com\/it\/chi-siamo\/"]}]},{"@type":"BreadcrumbList","@id":"https:\/\/beta.fidealis.com\/it\/chi-siamo\/#breadcrumb","itemListElement":[{"@type":"ListItem","position":1,"name":"Accueil","item":"https:\/\/beta.fidealis.com\/it\/"},{"@type":"ListItem","position":2,"name":"Chi siamo?"}]},{"@type":"WebSite","@id":"https:\/\/beta.fidealis.com\/#website","url":"https:\/\/beta.fidealis.com\/","name":"Fidealis","description":"Fidealis: vous cr\u00e9ez, nous prot\u00e9geons.","publisher":{"@id":"https:\/\/beta.fidealis.com\/#organization"},"potentialAction":[{"@type":"SearchAction","target":{"@type":"EntryPoint","urlTemplate":"https:\/\/beta.fidealis.com\/?s={search_term_string}"},"query-input":"required name=search_term_string"}],"inLanguage":"it-IT"},{"@type":"Organization","@id":"https:\/\/beta.fidealis.com\/#organization","name":"Fidealis","url":"https:\/\/beta.fidealis.com\/","logo":{"@type":"ImageObject","inLanguage":"it-IT","@id":"https:\/\/beta.fidealis.com\/#\/schema\/logo\/image\/","url":"https:\/\/www.fidealis.com\/wp-content\/uploads\/2018\/04\/logo-fidealis.png","contentUrl":"https:\/\/www.fidealis.com\/wp-content\/uploads\/2018\/04\/logo-fidealis.png","width":525,"height":205,"caption":"Fidealis"},"image":{"@id":"https:\/\/beta.fidealis.com\/#\/schema\/logo\/image\/"},"sameAs":["https:\/\/www.facebook.com\/Fidealis-573887362622849\/"]}]}},"_links":{"self":[{"href":"https:\/\/beta.fidealis.com\/it\/wp-json\/wp\/v2\/pages\/16738"}],"collection":[{"href":"https:\/\/beta.fidealis.com\/it\/wp-json\/wp\/v2\/pages"}],"about":[{"href":"https:\/\/beta.fidealis.com\/it\/wp-json\/wp\/v2\/types\/page"}],"author":[{"embeddable":true,"href":"https:\/\/beta.fidealis.com\/it\/wp-json\/wp\/v2\/users\/1"}],"replies":[{"embeddable":true,"href":"https:\/\/beta.fidealis.com\/it\/wp-json\/wp\/v2\/comments?post=16738"}],"version-history":[{"count":2,"href":"https:\/\/beta.fidealis.com\/it\/wp-json\/wp\/v2\/pages\/16738\/revisions"}],"predecessor-version":[{"id":16928,"href":"https:\/\/beta.fidealis.com\/it\/wp-json\/wp\/v2\/pages\/16738\/revisions\/16928"}],"wp:attachment":[{"href":"https:\/\/beta.fidealis.com\/it\/wp-json\/wp\/v2\/media?parent=16738"}],"curies":[{"name":"wp","href":"https:\/\/api.w.org\/{rel}","templated":true}]}}